{"id":9586,"date":"2025-05-13T07:45:58","date_gmt":"2025-05-13T07:45:58","guid":{"rendered":"https:\/\/grupobraco.com.br\/conteudo\/onde-comprar-vergalhao-em-anapolis-a-escolha-certa-para-sua-obra\/"},"modified":"2025-05-13T07:45:58","modified_gmt":"2025-05-13T07:45:58","slug":"onde-comprar-vergalhao-em-anapolis-a-escolha-certa-para-sua-obra","status":"publish","type":"page","link":"https:\/\/grupobraco.com.br\/conteudo\/onde-comprar-vergalhao-em-anapolis-a-escolha-certa-para-sua-obra\/","title":{"rendered":"Onde Comprar Vergalh\u00e3o em An\u00e1polis: A Escolha Certa para Sua Obra"},"content":{"rendered":"<p>Se voc\u00ea est\u00e1 se perguntando onde comprar vergalh\u00e3o em An\u00e1polis, saiba que a BR A\u00e7o \u00e9 a resposta ideal. O vergalh\u00e3o, essencial para a constru\u00e7\u00e3o civil, proporciona resist\u00eancia e seguran\u00e7a a suas estruturas. Na BR A\u00e7o, disponibilizamos uma variedade de produtos de a\u00e7o, garantindo que voc\u00ea tenha o que precisa para o seu projeto. Nossa experi\u00eancia no setor e compromisso com a qualidade nos torna a escolha certa para quem deseja um fornecimento confi\u00e1vel e eficiente. Al\u00e9m disso, nossos pre\u00e7os competitivos e prazos de entrega \u00e1geis consolidam nossa posi\u00e7\u00e3o como a maior ind\u00fastria de a\u00e7o em Goi\u00e1s. Comprar vergalh\u00e3o em An\u00e1polis nunca foi t\u00e3o f\u00e1cil e r\u00e1pido. Com um atendimento personalizado, nossa equipe est\u00e1 sempre pronta para ajudar voc\u00ea a encontrar a melhor solu\u00e7\u00e3o para suas necessidades, fazendo com que sua obra avance de forma \u00e1gil e sem contratempos. Ao optar pela BR A\u00e7o, voc\u00ea n\u00e3o apenas compra produtos de qualidade, mas tamb\u00e9m conta com o suporte de especialistas que entendem do assunto e est\u00e3o prontos para oferecer todo o aux\u00edlio necess\u00e1rio. Acreditamos que cada projeto merece uma base s\u00f3lida e \u00e9 por isso que o vergalh\u00e3o \u00e9 uma escolha que voc\u00ea deve fazer com cuidado, e estamos aqui para garantir que voc\u00ea acerte na escolha. N\u00e3o se esque\u00e7a: quando precisar de vergalh\u00e3o em An\u00e1polis, a BR A\u00e7o \u00e9 a refer\u00eancia que voc\u00ea pode confiar. A melhor qualidade, a entrega mais r\u00e1pida e um atendimento excepcional tamb\u00e9m est\u00e3o ao seu alcance. Afinal, estamos comprometidos em fazer seus projetos acontecerem na velocidade m\u00e1xima.<\/p>\n","protected":false},"excerpt":{"rendered":"<p>Se voc\u00ea est\u00e1 se perguntando onde comprar vergalh\u00e3o em An\u00e1polis, saiba que a BR A\u00e7o \u00e9 a resposta ideal. O vergalh\u00e3o, essencial para a constru\u00e7\u00e3o civil, proporciona resist\u00eancia e seguran\u00e7a a suas estruturas. Na BR A\u00e7o, disponibilizamos uma variedade de produtos de a\u00e7o, garantindo que voc\u00ea tenha o que precisa para o seu projeto. Nossa&hellip;&nbsp;<a href=\"https:\/\/grupobraco.com.br\/conteudo\/onde-comprar-vergalhao-em-anapolis-a-escolha-certa-para-sua-obra\/\" class=\"\" rel=\"bookmark\">Continue a ler &raquo;<span class=\"screen-reader-text\">Onde Comprar Vergalh\u00e3o em An\u00e1polis: A Escolha Certa para Sua Obra<\/span><\/a><\/p>\n","protected":false},"author":3,"featured_media":0,"parent":0,"menu_order":0,"comment_status":"closed","ping_status":"closed","template":"","meta":{"_acf_changed":false,"_yoast_wpseo_focuskw":"onde comprar vergalh\u00e3o em An\u00e1polis","_yoast_wpseo_title":"Onde Comprar Vergalh\u00e3o em An\u00e1polis - BR A\u00e7o","_yoast_wpseo_metadesc":"Saiba onde comprar vergalh\u00e3o em An\u00e1polis com qualidade e agilidade. A BR A\u00e7o \u00e9 a escolha certa para sua constru\u00e7\u00e3o, com atendimento excepcional.","neve_meta_sidebar":"","neve_meta_container":"","neve_meta_enable_content_width":"","neve_meta_content_width":0,"neve_meta_title_alignment":"","neve_meta_author_avatar":"","neve_post_elements_order":"","neve_meta_disable_header":"","neve_meta_disable_footer":"","neve_meta_disable_title":"","footnotes":""},"class_list":["post-9586","page","type-page","status-publish","hentry"],"acf":{"introducao":"","conceitos_fundamentais":"","como_funciona":"","como_aplicar_no_dia_a_dia":"","principais_utilizacoes_e_beneficios":"","tipos_e_classificacoes":"","tecnologias_e_ferramentas_relacionadas":"","exemplos_e_casos_de_sucesso":"","mitos_e_verdades":"","perguntas_frequentes_faq":"","erros_comuns_e_como_evita-los":"","futuro_e_tendencias":"","conclusao":"","bloco1title":"Qualidade Superior","bloco1text":"Na BR A\u00e7o, oferecemos vergalh\u00f5es de alta qualidade, estudados para garantir resist\u00eancia e seguran\u00e7a \u00e0s suas obras.","bloco2title":"Atendimento Personalizado","bloco2text":"Nossa equipe especializada est\u00e1 pronta para atender suas necessidades e esclarecer d\u00favidas sobre o que comprar.","bloco3title":"Compromisso com a Entrega","bloco3text":"Asseguramos prazos de entrega r\u00e1pidos, porque sabemos que a agilidade \u00e9 crucial para o sucesso de qualquer constru\u00e7\u00e3o.","insightwidtitle":"Curiosidades sobre o Vergalh\u00e3o","insightwidcontent":"Sabia que o vergalh\u00e3o, al\u00e9m de ser fundamental na constru\u00e7\u00e3o civil, foi desenvolvido pela primeira vez no s\u00e9culo XIX? Sua utiliza\u00e7\u00e3o revolucionou a forma como as estruturas s\u00e3o constru\u00eddas, pois proporciona maior seguran\u00e7a e suporta grandes cargas. Hoje, com as inova\u00e7\u00f5es tecnol\u00f3gicas, o vergalh\u00e3o \u00e9 produzido com materiais mais resistentes e leves, otimizando ainda mais sua aplica\u00e7\u00e3o nas obras."},"yoast_head":"<!-- This site is optimized with the Yoast SEO plugin v23.4 - https:\/\/yoast.com\/wordpress\/plugins\/seo\/ -->\n<title>Onde Comprar Vergalh\u00e3o em An\u00e1polis - BR A\u00e7o<\/title>\n<meta name=\"description\" content=\"Saiba onde comprar vergalh\u00e3o em An\u00e1polis com qualidade e agilidade. A BR A\u00e7o \u00e9 a escolha certa para sua constru\u00e7\u00e3o, com atendimento excepcional.\" \/>\n<meta name=\"robots\" content=\"index, follow, max-snippet:-1, max-image-preview:large, max-video-preview:-1\" \/>\n<link rel=\"canonical\" href=\"https:\/\/grupobraco.com.br\/conteudo\/onde-comprar-vergalhao-em-anapolis-a-escolha-certa-para-sua-obra\/\" \/>\n<meta property=\"og:locale\" content=\"pt_BR\" \/>\n<meta property=\"og:type\" content=\"article\" \/>\n<meta property=\"og:title\" content=\"Onde Comprar Vergalh\u00e3o em An\u00e1polis - BR A\u00e7o\" \/>\n<meta property=\"og:description\" content=\"Saiba onde comprar vergalh\u00e3o em An\u00e1polis com qualidade e agilidade. A BR A\u00e7o \u00e9 a escolha certa para sua constru\u00e7\u00e3o, com atendimento excepcional.\" \/>\n<meta property=\"og:url\" content=\"https:\/\/grupobraco.com.br\/conteudo\/onde-comprar-vergalhao-em-anapolis-a-escolha-certa-para-sua-obra\/\" \/>\n<meta property=\"og:site_name\" content=\"Br A\u00e7o\" \/>\n<meta name=\"twitter:card\" content=\"summary_large_image\" \/>\n<meta name=\"twitter:label1\" content=\"Est. tempo de leitura\" \/>\n\t<meta name=\"twitter:data1\" content=\"1 minuto\" \/>\n<script type=\"application\/ld+json\" class=\"yoast-schema-graph\">{\"@context\":\"https:\/\/schema.org\",\"@graph\":[{\"@type\":\"WebPage\",\"@id\":\"https:\/\/grupobraco.com.br\/conteudo\/onde-comprar-vergalhao-em-anapolis-a-escolha-certa-para-sua-obra\/\",\"url\":\"https:\/\/grupobraco.com.br\/conteudo\/onde-comprar-vergalhao-em-anapolis-a-escolha-certa-para-sua-obra\/\",\"name\":\"Onde Comprar Vergalh\u00e3o em An\u00e1polis - BR A\u00e7o\",\"isPartOf\":{\"@id\":\"https:\/\/grupobraco.com.br\/conteudo\/#website\"},\"datePublished\":\"2025-05-13T07:45:58+00:00\",\"dateModified\":\"2025-05-13T07:45:58+00:00\",\"description\":\"Saiba onde comprar vergalh\u00e3o em An\u00e1polis com qualidade e agilidade. A BR A\u00e7o \u00e9 a escolha certa para sua constru\u00e7\u00e3o, com atendimento excepcional.\",\"breadcrumb\":{\"@id\":\"https:\/\/grupobraco.com.br\/conteudo\/onde-comprar-vergalhao-em-anapolis-a-escolha-certa-para-sua-obra\/#breadcrumb\"},\"inLanguage\":\"pt-BR\",\"potentialAction\":[{\"@type\":\"ReadAction\",\"target\":[\"https:\/\/grupobraco.com.br\/conteudo\/onde-comprar-vergalhao-em-anapolis-a-escolha-certa-para-sua-obra\/\"]}]},{\"@type\":\"BreadcrumbList\",\"@id\":\"https:\/\/grupobraco.com.br\/conteudo\/onde-comprar-vergalhao-em-anapolis-a-escolha-certa-para-sua-obra\/#breadcrumb\",\"itemListElement\":[{\"@type\":\"ListItem\",\"position\":1,\"name\":\"Home\",\"item\":\"https:\/\/grupobraco.com.br\/conteudo\/\"},{\"@type\":\"ListItem\",\"position\":2,\"name\":\"Onde Comprar Vergalh\u00e3o em An\u00e1polis: A Escolha Certa para Sua Obra\"}]},{\"@type\":\"WebSite\",\"@id\":\"https:\/\/grupobraco.com.br\/conteudo\/#website\",\"url\":\"https:\/\/grupobraco.com.br\/conteudo\/\",\"name\":\"Br A\u00e7o\",\"description\":\"Seus projetos na velocidade m\u00e1xima\",\"publisher\":{\"@id\":\"https:\/\/grupobraco.com.br\/conteudo\/#organization\"},\"potentialAction\":[{\"@type\":\"SearchAction\",\"target\":{\"@type\":\"EntryPoint\",\"urlTemplate\":\"https:\/\/grupobraco.com.br\/conteudo\/?s={search_term_string}\"},\"query-input\":{\"@type\":\"PropertyValueSpecification\",\"valueRequired\":true,\"valueName\":\"search_term_string\"}}],\"inLanguage\":\"pt-BR\"},{\"@type\":\"Organization\",\"@id\":\"https:\/\/grupobraco.com.br\/conteudo\/#organization\",\"name\":\"Br A\u00e7o\",\"url\":\"https:\/\/grupobraco.com.br\/conteudo\/\",\"logo\":{\"@type\":\"ImageObject\",\"inLanguage\":\"pt-BR\",\"@id\":\"https:\/\/grupobraco.com.br\/conteudo\/#\/schema\/logo\/image\/\",\"url\":\"https:\/\/grupobraco.com.br\/conteudo\/wp-content\/uploads\/2025\/04\/Z340-Logotipia-Reestruturacao-do-Branding.png\",\"contentUrl\":\"https:\/\/grupobraco.com.br\/conteudo\/wp-content\/uploads\/2025\/04\/Z340-Logotipia-Reestruturacao-do-Branding.png\",\"width\":1530,\"height\":1080,\"caption\":\"Br A\u00e7o\"},\"image\":{\"@id\":\"https:\/\/grupobraco.com.br\/conteudo\/#\/schema\/logo\/image\/\"}}]}<\/script>\n<!-- \/ Yoast SEO plugin. -->","yoast_head_json":{"title":"Onde Comprar Vergalh\u00e3o em An\u00e1polis - BR A\u00e7o","description":"Saiba onde comprar vergalh\u00e3o em An\u00e1polis com qualidade e agilidade. A BR A\u00e7o \u00e9 a escolha certa para sua constru\u00e7\u00e3o, com atendimento excepcional.","robots":{"index":"index","follow":"follow","max-snippet":"max-snippet:-1","max-image-preview":"max-image-preview:large","max-video-preview":"max-video-preview:-1"},"canonical":"https:\/\/grupobraco.com.br\/conteudo\/onde-comprar-vergalhao-em-anapolis-a-escolha-certa-para-sua-obra\/","og_locale":"pt_BR","og_type":"article","og_title":"Onde Comprar Vergalh\u00e3o em An\u00e1polis - BR A\u00e7o","og_description":"Saiba onde comprar vergalh\u00e3o em An\u00e1polis com qualidade e agilidade. A BR A\u00e7o \u00e9 a escolha certa para sua constru\u00e7\u00e3o, com atendimento excepcional.","og_url":"https:\/\/grupobraco.com.br\/conteudo\/onde-comprar-vergalhao-em-anapolis-a-escolha-certa-para-sua-obra\/","og_site_name":"Br A\u00e7o","twitter_card":"summary_large_image","twitter_misc":{"Est. tempo de leitura":"1 minuto"},"schema":{"@context":"https:\/\/schema.org","@graph":[{"@type":"WebPage","@id":"https:\/\/grupobraco.com.br\/conteudo\/onde-comprar-vergalhao-em-anapolis-a-escolha-certa-para-sua-obra\/","url":"https:\/\/grupobraco.com.br\/conteudo\/onde-comprar-vergalhao-em-anapolis-a-escolha-certa-para-sua-obra\/","name":"Onde Comprar Vergalh\u00e3o em An\u00e1polis - BR A\u00e7o","isPartOf":{"@id":"https:\/\/grupobraco.com.br\/conteudo\/#website"},"datePublished":"2025-05-13T07:45:58+00:00","dateModified":"2025-05-13T07:45:58+00:00","description":"Saiba onde comprar vergalh\u00e3o em An\u00e1polis com qualidade e agilidade. A BR A\u00e7o \u00e9 a escolha certa para sua constru\u00e7\u00e3o, com atendimento excepcional.","breadcrumb":{"@id":"https:\/\/grupobraco.com.br\/conteudo\/onde-comprar-vergalhao-em-anapolis-a-escolha-certa-para-sua-obra\/#breadcrumb"},"inLanguage":"pt-BR","potentialAction":[{"@type":"ReadAction","target":["https:\/\/grupobraco.com.br\/conteudo\/onde-comprar-vergalhao-em-anapolis-a-escolha-certa-para-sua-obra\/"]}]},{"@type":"BreadcrumbList","@id":"https:\/\/grupobraco.com.br\/conteudo\/onde-comprar-vergalhao-em-anapolis-a-escolha-certa-para-sua-obra\/#breadcrumb","itemListElement":[{"@type":"ListItem","position":1,"name":"Home","item":"https:\/\/grupobraco.com.br\/conteudo\/"},{"@type":"ListItem","position":2,"name":"Onde Comprar Vergalh\u00e3o em An\u00e1polis: A Escolha Certa para Sua Obra"}]},{"@type":"WebSite","@id":"https:\/\/grupobraco.com.br\/conteudo\/#website","url":"https:\/\/grupobraco.com.br\/conteudo\/","name":"Br A\u00e7o","description":"Seus projetos na velocidade m\u00e1xima","publisher":{"@id":"https:\/\/grupobraco.com.br\/conteudo\/#organization"},"potentialAction":[{"@type":"SearchAction","target":{"@type":"EntryPoint","urlTemplate":"https:\/\/grupobraco.com.br\/conteudo\/?s={search_term_string}"},"query-input":{"@type":"PropertyValueSpecification","valueRequired":true,"valueName":"search_term_string"}}],"inLanguage":"pt-BR"},{"@type":"Organization","@id":"https:\/\/grupobraco.com.br\/conteudo\/#organization","name":"Br A\u00e7o","url":"https:\/\/grupobraco.com.br\/conteudo\/","logo":{"@type":"ImageObject","inLanguage":"pt-BR","@id":"https:\/\/grupobraco.com.br\/conteudo\/#\/schema\/logo\/image\/","url":"https:\/\/grupobraco.com.br\/conteudo\/wp-content\/uploads\/2025\/04\/Z340-Logotipia-Reestruturacao-do-Branding.png","contentUrl":"https:\/\/grupobraco.com.br\/conteudo\/wp-content\/uploads\/2025\/04\/Z340-Logotipia-Reestruturacao-do-Branding.png","width":1530,"height":1080,"caption":"Br A\u00e7o"},"image":{"@id":"https:\/\/grupobraco.com.br\/conteudo\/#\/schema\/logo\/image\/"}}]}},"_links":{"self":[{"href":"https:\/\/grupobraco.com.br\/conteudo\/wp-json\/wp\/v2\/pages\/9586","targetHints":{"allow":["GET"]}}],"collection":[{"href":"https:\/\/grupobraco.com.br\/conteudo\/wp-json\/wp\/v2\/pages"}],"about":[{"href":"https:\/\/grupobraco.com.br\/conteudo\/wp-json\/wp\/v2\/types\/page"}],"author":[{"embeddable":true,"href":"https:\/\/grupobraco.com.br\/conteudo\/wp-json\/wp\/v2\/users\/3"}],"replies":[{"embeddable":true,"href":"https:\/\/grupobraco.com.br\/conteudo\/wp-json\/wp\/v2\/comments?post=9586"}],"version-history":[{"count":0,"href":"https:\/\/grupobraco.com.br\/conteudo\/wp-json\/wp\/v2\/pages\/9586\/revisions"}],"wp:attachment":[{"href":"https:\/\/grupobraco.com.br\/conteudo\/wp-json\/wp\/v2\/media?parent=9586"}],"curies":[{"name":"wp","href":"https:\/\/api.w.org\/{rel}","templated":true}]}}