{"id":9565,"date":"2025-05-13T05:01:04","date_gmt":"2025-05-13T05:01:04","guid":{"rendered":"https:\/\/grupobraco.com.br\/conteudo\/vergalhao-direto-da-fabrica-em-anapolis-a-revolucao-na-construcao-civil\/"},"modified":"2025-05-13T05:01:04","modified_gmt":"2025-05-13T05:01:04","slug":"vergalhao-direto-da-fabrica-em-anapolis-a-revolucao-na-construcao-civil","status":"publish","type":"page","link":"https:\/\/grupobraco.com.br\/conteudo\/vergalhao-direto-da-fabrica-em-anapolis-a-revolucao-na-construcao-civil\/","title":{"rendered":"Vergalh\u00e3o Direto da F\u00e1brica em An\u00e1polis: A Revolu\u00e7\u00e3o na Constru\u00e7\u00e3o Civil"},"content":{"rendered":"<p>O mercado da constru\u00e7\u00e3o civil exige materiais de qualidade e agilidade na entrega, e a BR A\u00e7o se destaca por fornecer vergalh\u00e3o direto da f\u00e1brica em An\u00e1polis. Com uma equipe experiente e uma log\u00edstica otimizada, garantimos que nossos clientes tenham acesso ao que h\u00e1 de melhor e mais eficiente no setor. Atrav\u00e9s da compra direta na fonte, \u00e9 poss\u00edvel n\u00e3o apenas economizar, mas tamb\u00e9m obter produtos frescos e de melhor qualidade. O vergalh\u00e3o, por sua vez, \u00e9 um elemento vital para a estrutura\u00e7\u00e3o de obras, oferecendo a resist\u00eancia necess\u00e1ria para suportar as mais variadas condi\u00e7\u00f5es. Nossa f\u00e1brica em An\u00e1polis foi projetada com tecnologia de ponta para atender essa demanda crescente, permitindo-nos oferecer uma variedade de dimens\u00f5es e especifica\u00e7\u00f5es. O vergalh\u00e3o direto da f\u00e1brica em An\u00e1polis representa uma escolha inteligente para construtores que buscam qualidade aliada \u00e0 economia. Al\u00e9m disso, estamos sempre prontos para oferecer assist\u00eancia t\u00e9cnica, garantindo que cada projeto tenha o suporte que precisa para ser um sucesso. Desde a elabora\u00e7\u00e3o do pedido at\u00e9 a entrega na obra, a experi\u00eancia de comprar vergalh\u00e3o diretamente da f\u00e1brica se torna muito mais simplificada e eficaz. A BR A\u00e7o compreende as necessidades de seus clientes e trabalha incansavelmente para oferecer um relacionamento de confian\u00e7a e excel\u00eancia. Em um per\u00edodo em que cada dia conta, ter o fornecimento direto de vergalh\u00e3o em An\u00e1polis garante que seus prazos sejam respeitados e seus custos controlados. Desse modo, n\u00e3o \u00e9 apenas uma quest\u00e3o de fornecimento de material, mas de prestar um servi\u00e7o que favore\u00e7a o desenvolvimento sustent\u00e1vel das constru\u00e7\u00f5es em nossa regi\u00e3o. Venha conhecer tudo o que a BR A\u00e7o pode fazer por voc\u00ea e seus projetos, e descubra como o vergalh\u00e3o direto da f\u00e1brica em An\u00e1polis faz toda a diferen\u00e7a na sua obra.<\/p>\n","protected":false},"excerpt":{"rendered":"<p>O mercado da constru\u00e7\u00e3o civil exige materiais de qualidade e agilidade na entrega, e a BR A\u00e7o se destaca por fornecer vergalh\u00e3o direto da f\u00e1brica em An\u00e1polis. Com uma equipe experiente e uma log\u00edstica otimizada, garantimos que nossos clientes tenham acesso ao que h\u00e1 de melhor e mais eficiente no setor. Atrav\u00e9s da compra direta&hellip;&nbsp;<a href=\"https:\/\/grupobraco.com.br\/conteudo\/vergalhao-direto-da-fabrica-em-anapolis-a-revolucao-na-construcao-civil\/\" class=\"\" rel=\"bookmark\">Continue a ler &raquo;<span class=\"screen-reader-text\">Vergalh\u00e3o Direto da F\u00e1brica em An\u00e1polis: A Revolu\u00e7\u00e3o na Constru\u00e7\u00e3o Civil<\/span><\/a><\/p>\n","protected":false},"author":3,"featured_media":0,"parent":0,"menu_order":0,"comment_status":"closed","ping_status":"closed","template":"","meta":{"_acf_changed":false,"_yoast_wpseo_focuskw":"Vergalh\u00e3o direto da f\u00e1brica em An\u00e1polis","_yoast_wpseo_title":"Vergalh\u00e3o Direto da F\u00e1brica em An\u00e1polis: Qualidade e Agilidade em Cada Projeto","_yoast_wpseo_metadesc":"Descubra como o vergalh\u00e3o direto da f\u00e1brica em An\u00e1polis pode revolucionar sua obra com qualidade e entrega r\u00e1pida. A BR A\u00e7o \u00e9 a escolha certa!","neve_meta_sidebar":"","neve_meta_container":"","neve_meta_enable_content_width":"","neve_meta_content_width":0,"neve_meta_title_alignment":"","neve_meta_author_avatar":"","neve_post_elements_order":"","neve_meta_disable_header":"","neve_meta_disable_footer":"","neve_meta_disable_title":"","footnotes":""},"class_list":["post-9565","page","type-page","status-publish","hentry"],"acf":{"introducao":"","conceitos_fundamentais":"","como_funciona":"","como_aplicar_no_dia_a_dia":"","principais_utilizacoes_e_beneficios":"","tipos_e_classificacoes":"","tecnologias_e_ferramentas_relacionadas":"","exemplos_e_casos_de_sucesso":"","mitos_e_verdades":"","perguntas_frequentes_faq":"","erros_comuns_e_como_evita-los":"","futuro_e_tendencias":"","conclusao":"","bloco1title":"Qualidade Garantida","bloco1text":"O vergalh\u00e3o direto da f\u00e1brica em An\u00e1polis assegura qualidade superior e controle rigoroso do processo produtivo.","bloco2title":"Entrega R\u00e1pida","bloco2text":"Nossa log\u00edstica eficiente possibilita entregas r\u00e1pidas, essenciais para o sucesso do seu projeto.","bloco3title":"Solu\u00e7\u00f5es Personalizadas","bloco3text":"Na BR A\u00e7o, oferecemos solu\u00e7\u00f5es sob medida para atender \u00e0s necessidades espec\u00edficas de cada cliente e projeto.","insightwidtitle":"Curiosidades sobre Vergalh\u00f5es","insightwidcontent":"Sabia que o uso de vergalh\u00f5es data da antiguidade? Estruturas como o Coliseu em Roma j\u00e1 utilizavam tecnologia similar para garantir sua resist\u00eancia. Hoje, o vergalh\u00e3o \u00e9 essencial em obras modernas, oferecendo n\u00e3o apenas resist\u00eancia, mas tamb\u00e9m flexibilidade. Este material evoluiu significativamente ao longo dos anos e hoje passa por testes rigorosos de qualidade antes de ser disponibilizado no mercado. A BR A\u00e7o garante que cada lote de vergalh\u00e3o, produzido em nossa f\u00e1brica em An\u00e1polis, atenda a altas normas de qualidade e seguran\u00e7a."},"yoast_head":"<!-- This site is optimized with the Yoast SEO plugin v23.4 - https:\/\/yoast.com\/wordpress\/plugins\/seo\/ -->\n<title>Vergalh\u00e3o Direto da F\u00e1brica em An\u00e1polis: Qualidade e Agilidade em Cada Projeto<\/title>\n<meta name=\"description\" content=\"Descubra como o vergalh\u00e3o direto da f\u00e1brica em An\u00e1polis pode revolucionar sua obra com qualidade e entrega r\u00e1pida. A BR A\u00e7o \u00e9 a escolha certa!\" \/>\n<meta name=\"robots\" content=\"index, follow, max-snippet:-1, max-image-preview:large, max-video-preview:-1\" \/>\n<link rel=\"canonical\" href=\"https:\/\/grupobraco.com.br\/conteudo\/vergalhao-direto-da-fabrica-em-anapolis-a-revolucao-na-construcao-civil\/\" \/>\n<meta property=\"og:locale\" content=\"pt_BR\" \/>\n<meta property=\"og:type\" content=\"article\" \/>\n<meta property=\"og:title\" content=\"Vergalh\u00e3o Direto da F\u00e1brica em An\u00e1polis: Qualidade e Agilidade em Cada Projeto\" \/>\n<meta property=\"og:description\" content=\"Descubra como o vergalh\u00e3o direto da f\u00e1brica em An\u00e1polis pode revolucionar sua obra com qualidade e entrega r\u00e1pida. A BR A\u00e7o \u00e9 a escolha certa!\" \/>\n<meta property=\"og:url\" content=\"https:\/\/grupobraco.com.br\/conteudo\/vergalhao-direto-da-fabrica-em-anapolis-a-revolucao-na-construcao-civil\/\" \/>\n<meta property=\"og:site_name\" content=\"Br A\u00e7o\" \/>\n<meta name=\"twitter:card\" content=\"summary_large_image\" \/>\n<meta name=\"twitter:label1\" content=\"Est. tempo de leitura\" \/>\n\t<meta name=\"twitter:data1\" content=\"2 minutos\" \/>\n<script type=\"application\/ld+json\" class=\"yoast-schema-graph\">{\"@context\":\"https:\/\/schema.org\",\"@graph\":[{\"@type\":\"WebPage\",\"@id\":\"https:\/\/grupobraco.com.br\/conteudo\/vergalhao-direto-da-fabrica-em-anapolis-a-revolucao-na-construcao-civil\/\",\"url\":\"https:\/\/grupobraco.com.br\/conteudo\/vergalhao-direto-da-fabrica-em-anapolis-a-revolucao-na-construcao-civil\/\",\"name\":\"Vergalh\u00e3o Direto da F\u00e1brica em An\u00e1polis: Qualidade e Agilidade em Cada Projeto\",\"isPartOf\":{\"@id\":\"https:\/\/grupobraco.com.br\/conteudo\/#website\"},\"datePublished\":\"2025-05-13T05:01:04+00:00\",\"dateModified\":\"2025-05-13T05:01:04+00:00\",\"description\":\"Descubra como o vergalh\u00e3o direto da f\u00e1brica em An\u00e1polis pode revolucionar sua obra com qualidade e entrega r\u00e1pida. A BR A\u00e7o \u00e9 a escolha certa!\",\"breadcrumb\":{\"@id\":\"https:\/\/grupobraco.com.br\/conteudo\/vergalhao-direto-da-fabrica-em-anapolis-a-revolucao-na-construcao-civil\/#breadcrumb\"},\"inLanguage\":\"pt-BR\",\"potentialAction\":[{\"@type\":\"ReadAction\",\"target\":[\"https:\/\/grupobraco.com.br\/conteudo\/vergalhao-direto-da-fabrica-em-anapolis-a-revolucao-na-construcao-civil\/\"]}]},{\"@type\":\"BreadcrumbList\",\"@id\":\"https:\/\/grupobraco.com.br\/conteudo\/vergalhao-direto-da-fabrica-em-anapolis-a-revolucao-na-construcao-civil\/#breadcrumb\",\"itemListElement\":[{\"@type\":\"ListItem\",\"position\":1,\"name\":\"Home\",\"item\":\"https:\/\/grupobraco.com.br\/conteudo\/\"},{\"@type\":\"ListItem\",\"position\":2,\"name\":\"Vergalh\u00e3o Direto da F\u00e1brica em An\u00e1polis: A Revolu\u00e7\u00e3o na Constru\u00e7\u00e3o Civil\"}]},{\"@type\":\"WebSite\",\"@id\":\"https:\/\/grupobraco.com.br\/conteudo\/#website\",\"url\":\"https:\/\/grupobraco.com.br\/conteudo\/\",\"name\":\"Br A\u00e7o\",\"description\":\"Seus projetos na velocidade m\u00e1xima\",\"publisher\":{\"@id\":\"https:\/\/grupobraco.com.br\/conteudo\/#organization\"},\"potentialAction\":[{\"@type\":\"SearchAction\",\"target\":{\"@type\":\"EntryPoint\",\"urlTemplate\":\"https:\/\/grupobraco.com.br\/conteudo\/?s={search_term_string}\"},\"query-input\":{\"@type\":\"PropertyValueSpecification\",\"valueRequired\":true,\"valueName\":\"search_term_string\"}}],\"inLanguage\":\"pt-BR\"},{\"@type\":\"Organization\",\"@id\":\"https:\/\/grupobraco.com.br\/conteudo\/#organization\",\"name\":\"Br A\u00e7o\",\"url\":\"https:\/\/grupobraco.com.br\/conteudo\/\",\"logo\":{\"@type\":\"ImageObject\",\"inLanguage\":\"pt-BR\",\"@id\":\"https:\/\/grupobraco.com.br\/conteudo\/#\/schema\/logo\/image\/\",\"url\":\"https:\/\/grupobraco.com.br\/conteudo\/wp-content\/uploads\/2025\/04\/Z340-Logotipia-Reestruturacao-do-Branding.png\",\"contentUrl\":\"https:\/\/grupobraco.com.br\/conteudo\/wp-content\/uploads\/2025\/04\/Z340-Logotipia-Reestruturacao-do-Branding.png\",\"width\":1530,\"height\":1080,\"caption\":\"Br A\u00e7o\"},\"image\":{\"@id\":\"https:\/\/grupobraco.com.br\/conteudo\/#\/schema\/logo\/image\/\"}}]}<\/script>\n<!-- \/ Yoast SEO plugin. -->","yoast_head_json":{"title":"Vergalh\u00e3o Direto da F\u00e1brica em An\u00e1polis: Qualidade e Agilidade em Cada Projeto","description":"Descubra como o vergalh\u00e3o direto da f\u00e1brica em An\u00e1polis pode revolucionar sua obra com qualidade e entrega r\u00e1pida. A BR A\u00e7o \u00e9 a escolha certa!","robots":{"index":"index","follow":"follow","max-snippet":"max-snippet:-1","max-image-preview":"max-image-preview:large","max-video-preview":"max-video-preview:-1"},"canonical":"https:\/\/grupobraco.com.br\/conteudo\/vergalhao-direto-da-fabrica-em-anapolis-a-revolucao-na-construcao-civil\/","og_locale":"pt_BR","og_type":"article","og_title":"Vergalh\u00e3o Direto da F\u00e1brica em An\u00e1polis: Qualidade e Agilidade em Cada Projeto","og_description":"Descubra como o vergalh\u00e3o direto da f\u00e1brica em An\u00e1polis pode revolucionar sua obra com qualidade e entrega r\u00e1pida. A BR A\u00e7o \u00e9 a escolha certa!","og_url":"https:\/\/grupobraco.com.br\/conteudo\/vergalhao-direto-da-fabrica-em-anapolis-a-revolucao-na-construcao-civil\/","og_site_name":"Br A\u00e7o","twitter_card":"summary_large_image","twitter_misc":{"Est. tempo de leitura":"2 minutos"},"schema":{"@context":"https:\/\/schema.org","@graph":[{"@type":"WebPage","@id":"https:\/\/grupobraco.com.br\/conteudo\/vergalhao-direto-da-fabrica-em-anapolis-a-revolucao-na-construcao-civil\/","url":"https:\/\/grupobraco.com.br\/conteudo\/vergalhao-direto-da-fabrica-em-anapolis-a-revolucao-na-construcao-civil\/","name":"Vergalh\u00e3o Direto da F\u00e1brica em An\u00e1polis: Qualidade e Agilidade em Cada Projeto","isPartOf":{"@id":"https:\/\/grupobraco.com.br\/conteudo\/#website"},"datePublished":"2025-05-13T05:01:04+00:00","dateModified":"2025-05-13T05:01:04+00:00","description":"Descubra como o vergalh\u00e3o direto da f\u00e1brica em An\u00e1polis pode revolucionar sua obra com qualidade e entrega r\u00e1pida. A BR A\u00e7o \u00e9 a escolha certa!","breadcrumb":{"@id":"https:\/\/grupobraco.com.br\/conteudo\/vergalhao-direto-da-fabrica-em-anapolis-a-revolucao-na-construcao-civil\/#breadcrumb"},"inLanguage":"pt-BR","potentialAction":[{"@type":"ReadAction","target":["https:\/\/grupobraco.com.br\/conteudo\/vergalhao-direto-da-fabrica-em-anapolis-a-revolucao-na-construcao-civil\/"]}]},{"@type":"BreadcrumbList","@id":"https:\/\/grupobraco.com.br\/conteudo\/vergalhao-direto-da-fabrica-em-anapolis-a-revolucao-na-construcao-civil\/#breadcrumb","itemListElement":[{"@type":"ListItem","position":1,"name":"Home","item":"https:\/\/grupobraco.com.br\/conteudo\/"},{"@type":"ListItem","position":2,"name":"Vergalh\u00e3o Direto da F\u00e1brica em An\u00e1polis: A Revolu\u00e7\u00e3o na Constru\u00e7\u00e3o Civil"}]},{"@type":"WebSite","@id":"https:\/\/grupobraco.com.br\/conteudo\/#website","url":"https:\/\/grupobraco.com.br\/conteudo\/","name":"Br A\u00e7o","description":"Seus projetos na velocidade m\u00e1xima","publisher":{"@id":"https:\/\/grupobraco.com.br\/conteudo\/#organization"},"potentialAction":[{"@type":"SearchAction","target":{"@type":"EntryPoint","urlTemplate":"https:\/\/grupobraco.com.br\/conteudo\/?s={search_term_string}"},"query-input":{"@type":"PropertyValueSpecification","valueRequired":true,"valueName":"search_term_string"}}],"inLanguage":"pt-BR"},{"@type":"Organization","@id":"https:\/\/grupobraco.com.br\/conteudo\/#organization","name":"Br A\u00e7o","url":"https:\/\/grupobraco.com.br\/conteudo\/","logo":{"@type":"ImageObject","inLanguage":"pt-BR","@id":"https:\/\/grupobraco.com.br\/conteudo\/#\/schema\/logo\/image\/","url":"https:\/\/grupobraco.com.br\/conteudo\/wp-content\/uploads\/2025\/04\/Z340-Logotipia-Reestruturacao-do-Branding.png","contentUrl":"https:\/\/grupobraco.com.br\/conteudo\/wp-content\/uploads\/2025\/04\/Z340-Logotipia-Reestruturacao-do-Branding.png","width":1530,"height":1080,"caption":"Br A\u00e7o"},"image":{"@id":"https:\/\/grupobraco.com.br\/conteudo\/#\/schema\/logo\/image\/"}}]}},"_links":{"self":[{"href":"https:\/\/grupobraco.com.br\/conteudo\/wp-json\/wp\/v2\/pages\/9565","targetHints":{"allow":["GET"]}}],"collection":[{"href":"https:\/\/grupobraco.com.br\/conteudo\/wp-json\/wp\/v2\/pages"}],"about":[{"href":"https:\/\/grupobraco.com.br\/conteudo\/wp-json\/wp\/v2\/types\/page"}],"author":[{"embeddable":true,"href":"https:\/\/grupobraco.com.br\/conteudo\/wp-json\/wp\/v2\/users\/3"}],"replies":[{"embeddable":true,"href":"https:\/\/grupobraco.com.br\/conteudo\/wp-json\/wp\/v2\/comments?post=9565"}],"version-history":[{"count":0,"href":"https:\/\/grupobraco.com.br\/conteudo\/wp-json\/wp\/v2\/pages\/9565\/revisions"}],"wp:attachment":[{"href":"https:\/\/grupobraco.com.br\/conteudo\/wp-json\/wp\/v2\/media?parent=9565"}],"curies":[{"name":"wp","href":"https:\/\/api.w.org\/{rel}","templated":true}]}}