{"id":9493,"date":"2025-05-12T20:00:54","date_gmt":"2025-05-12T20:00:54","guid":{"rendered":"https:\/\/grupobraco.com.br\/conteudo\/vergalhao-em-luziania-a-solucao-perfeita-para-sua-construcao\/"},"modified":"2025-05-12T20:00:54","modified_gmt":"2025-05-12T20:00:54","slug":"vergalhao-em-luziania-a-solucao-perfeita-para-sua-construcao","status":"publish","type":"page","link":"https:\/\/grupobraco.com.br\/conteudo\/vergalhao-em-luziania-a-solucao-perfeita-para-sua-construcao\/","title":{"rendered":"Vergalh\u00e3o em Luzi\u00e2nia: A Solu\u00e7\u00e3o Perfeita para sua Constru\u00e7\u00e3o"},"content":{"rendered":"<p>Em Luzi\u00e2nia, a procura por materiais de constru\u00e7\u00e3o de qualidade \u00e9 crescente. Nesse cen\u00e1rio, o vergalh\u00e3o se destaca como um dos principais componentes nas obras, garantindo resist\u00eancia e durabilidade \u00e0s estruturas. A BR A\u00e7o, uma refer\u00eancia no fornecimento de vergalh\u00e3o em Luzi\u00e2nia, oferece produtos que atendem aos mais rigorosos padr\u00f5es de qualidade, permitindo que projetos de constru\u00e7\u00e3o sejam realizados com seguran\u00e7a e confiabilidade. Neste artigo, vamos explorar as caracter\u00edsticas do vergalh\u00e3o, sua import\u00e2ncia nas obras e por que escolher a BR A\u00e7o como fornecedora \u00e9 a melhor decis\u00e3o para sua constru\u00e7\u00e3o. Com um olhar atento \u00e0s pr\u00e1ticas e tend\u00eancias do mercado, apresentaremos insights valiosos para voc\u00ea que est\u00e1 pensando em iniciar uma obra ou reformar uma edifica\u00e7\u00e3o. O vergalh\u00e3o n\u00e3o apenas suporta as cargas estruturais, mas tamb\u00e9m \u00e9 fundamental na previs\u00e3o de deforma\u00e7\u00f5es e garantir a boa performance do concreto, uma vez que ele se expande e contrai em fun\u00e7\u00e3o das varia\u00e7\u00f5es de temperatura. Portanto, ao planejar uma obra em Luzi\u00e2nia, opte pelo vergalh\u00e3o da BR A\u00e7o, que j\u00e1 se consolidou como sin\u00f4nimo de confian\u00e7a e excel\u00eancia na regi\u00e3o. Ao longo deste texto, voc\u00ea encontrar\u00e1 informa\u00e7\u00f5es pertinentes sobre a import\u00e2ncia do vergalh\u00e3o e detalhes que far\u00e3o voc\u00ea compreender por que a BR A\u00e7o \u00e9 a melhor escolha para a sua constru\u00e7\u00e3o.<\/p>\n","protected":false},"excerpt":{"rendered":"<p>Em Luzi\u00e2nia, a procura por materiais de constru\u00e7\u00e3o de qualidade \u00e9 crescente. Nesse cen\u00e1rio, o vergalh\u00e3o se destaca como um dos principais componentes nas obras, garantindo resist\u00eancia e durabilidade \u00e0s estruturas. A BR A\u00e7o, uma refer\u00eancia no fornecimento de vergalh\u00e3o em Luzi\u00e2nia, oferece produtos que atendem aos mais rigorosos padr\u00f5es de qualidade, permitindo que projetos&hellip;&nbsp;<a href=\"https:\/\/grupobraco.com.br\/conteudo\/vergalhao-em-luziania-a-solucao-perfeita-para-sua-construcao\/\" class=\"\" rel=\"bookmark\">Continue a ler &raquo;<span class=\"screen-reader-text\">Vergalh\u00e3o em Luzi\u00e2nia: A Solu\u00e7\u00e3o Perfeita para sua Constru\u00e7\u00e3o<\/span><\/a><\/p>\n","protected":false},"author":3,"featured_media":0,"parent":0,"menu_order":0,"comment_status":"closed","ping_status":"closed","template":"","meta":{"_acf_changed":false,"_yoast_wpseo_focuskw":"Vergalh\u00e3o em Luzi\u00e2nia","_yoast_wpseo_title":"Vergalh\u00e3o em Luzi\u00e2nia: Qualidade e Efici\u00eancia com a BR A\u00e7o","_yoast_wpseo_metadesc":"Conhe\u00e7a os benef\u00edcios do vergalh\u00e3o em Luzi\u00e2nia com a BR A\u00e7o, empresa l\u00edder em fornecimento de materiais para constru\u00e7\u00e3o civil.","neve_meta_sidebar":"","neve_meta_container":"","neve_meta_enable_content_width":"","neve_meta_content_width":0,"neve_meta_title_alignment":"","neve_meta_author_avatar":"","neve_post_elements_order":"","neve_meta_disable_header":"","neve_meta_disable_footer":"","neve_meta_disable_title":"","footnotes":""},"class_list":["post-9493","page","type-page","status-publish","hentry"],"acf":{"introducao":"","conceitos_fundamentais":"","como_funciona":"","como_aplicar_no_dia_a_dia":"","principais_utilizacoes_e_beneficios":"","tipos_e_classificacoes":"","tecnologias_e_ferramentas_relacionadas":"","exemplos_e_casos_de_sucesso":"","mitos_e_verdades":"","perguntas_frequentes_faq":"","erros_comuns_e_como_evita-los":"","futuro_e_tendencias":"","conclusao":"","bloco1title":"Qualidade Superior","bloco1text":"O vergalh\u00e3o da BR A\u00e7o \u00e9 produzido com os melhores insumos, garantindo resist\u00eancia ao seu projeto em Luzi\u00e2nia.","bloco2title":"Atendimento \u00c1gil","bloco2text":"A BR A\u00e7o se destaca pelo seu atendimento r\u00e1pido e eficiente no fornecimento de vergalh\u00e3o em Luzi\u00e2nia.","bloco3title":"Solu\u00e7\u00f5es Inovadoras","bloco3text":"Na BR A\u00e7o, voc\u00ea encontra solu\u00e7\u00f5es inovadoras que otimizam o uso do vergalh\u00e3o em suas obras, aumentando a performance estrutural.","insightwidtitle":"Curiosidades sobre o Vergalh\u00e3o","insightwidcontent":"Voc\u00ea sabia que o vergalh\u00e3o \u00e9 essencial para evitar fissuras em estruturas de concreto? Ele trabalha em conjunto com o concreto, permitindo que a estrutura se expanda e contraia sem comprometer sua integridade. Essa integra\u00e7\u00e3o \u00e9 crucial em regi\u00f5es com alta varia\u00e7\u00e3o de temperatura, como em Luzi\u00e2nia, garantindo seguran\u00e7a e durabilidade abrangente nas constru\u00e7\u00f5es. Al\u00e9m disso, na BR A\u00e7o, nosso vergalh\u00e3o passa por rigorosos testes de qualidade para assegurar que ele atende a todas as normas do setor."},"yoast_head":"<!-- This site is optimized with the Yoast SEO plugin v23.4 - https:\/\/yoast.com\/wordpress\/plugins\/seo\/ -->\n<title>Vergalh\u00e3o em Luzi\u00e2nia: Qualidade e Efici\u00eancia com a BR A\u00e7o<\/title>\n<meta name=\"description\" content=\"Conhe\u00e7a os benef\u00edcios do vergalh\u00e3o em Luzi\u00e2nia com a BR A\u00e7o, empresa l\u00edder em fornecimento de materiais para constru\u00e7\u00e3o civil.\" \/>\n<meta name=\"robots\" content=\"index, follow, max-snippet:-1, max-image-preview:large, max-video-preview:-1\" \/>\n<link rel=\"canonical\" href=\"https:\/\/grupobraco.com.br\/conteudo\/vergalhao-em-luziania-a-solucao-perfeita-para-sua-construcao\/\" \/>\n<meta property=\"og:locale\" content=\"pt_BR\" \/>\n<meta property=\"og:type\" content=\"article\" \/>\n<meta property=\"og:title\" content=\"Vergalh\u00e3o em Luzi\u00e2nia: Qualidade e Efici\u00eancia com a BR A\u00e7o\" \/>\n<meta property=\"og:description\" content=\"Conhe\u00e7a os benef\u00edcios do vergalh\u00e3o em Luzi\u00e2nia com a BR A\u00e7o, empresa l\u00edder em fornecimento de materiais para constru\u00e7\u00e3o civil.\" \/>\n<meta property=\"og:url\" content=\"https:\/\/grupobraco.com.br\/conteudo\/vergalhao-em-luziania-a-solucao-perfeita-para-sua-construcao\/\" \/>\n<meta property=\"og:site_name\" content=\"Br A\u00e7o\" \/>\n<meta name=\"twitter:card\" content=\"summary_large_image\" \/>\n<meta name=\"twitter:label1\" content=\"Est. tempo de leitura\" \/>\n\t<meta name=\"twitter:data1\" content=\"1 minuto\" \/>\n<script type=\"application\/ld+json\" class=\"yoast-schema-graph\">{\"@context\":\"https:\/\/schema.org\",\"@graph\":[{\"@type\":\"WebPage\",\"@id\":\"https:\/\/grupobraco.com.br\/conteudo\/vergalhao-em-luziania-a-solucao-perfeita-para-sua-construcao\/\",\"url\":\"https:\/\/grupobraco.com.br\/conteudo\/vergalhao-em-luziania-a-solucao-perfeita-para-sua-construcao\/\",\"name\":\"Vergalh\u00e3o em Luzi\u00e2nia: Qualidade e Efici\u00eancia com a BR A\u00e7o\",\"isPartOf\":{\"@id\":\"https:\/\/grupobraco.com.br\/conteudo\/#website\"},\"datePublished\":\"2025-05-12T20:00:54+00:00\",\"dateModified\":\"2025-05-12T20:00:54+00:00\",\"description\":\"Conhe\u00e7a os benef\u00edcios do vergalh\u00e3o em Luzi\u00e2nia com a BR A\u00e7o, empresa l\u00edder em fornecimento de materiais para constru\u00e7\u00e3o civil.\",\"breadcrumb\":{\"@id\":\"https:\/\/grupobraco.com.br\/conteudo\/vergalhao-em-luziania-a-solucao-perfeita-para-sua-construcao\/#breadcrumb\"},\"inLanguage\":\"pt-BR\",\"potentialAction\":[{\"@type\":\"ReadAction\",\"target\":[\"https:\/\/grupobraco.com.br\/conteudo\/vergalhao-em-luziania-a-solucao-perfeita-para-sua-construcao\/\"]}]},{\"@type\":\"BreadcrumbList\",\"@id\":\"https:\/\/grupobraco.com.br\/conteudo\/vergalhao-em-luziania-a-solucao-perfeita-para-sua-construcao\/#breadcrumb\",\"itemListElement\":[{\"@type\":\"ListItem\",\"position\":1,\"name\":\"Home\",\"item\":\"https:\/\/grupobraco.com.br\/conteudo\/\"},{\"@type\":\"ListItem\",\"position\":2,\"name\":\"Vergalh\u00e3o em Luzi\u00e2nia: A Solu\u00e7\u00e3o Perfeita para sua Constru\u00e7\u00e3o\"}]},{\"@type\":\"WebSite\",\"@id\":\"https:\/\/grupobraco.com.br\/conteudo\/#website\",\"url\":\"https:\/\/grupobraco.com.br\/conteudo\/\",\"name\":\"Br A\u00e7o\",\"description\":\"Seus projetos na velocidade m\u00e1xima\",\"publisher\":{\"@id\":\"https:\/\/grupobraco.com.br\/conteudo\/#organization\"},\"potentialAction\":[{\"@type\":\"SearchAction\",\"target\":{\"@type\":\"EntryPoint\",\"urlTemplate\":\"https:\/\/grupobraco.com.br\/conteudo\/?s={search_term_string}\"},\"query-input\":{\"@type\":\"PropertyValueSpecification\",\"valueRequired\":true,\"valueName\":\"search_term_string\"}}],\"inLanguage\":\"pt-BR\"},{\"@type\":\"Organization\",\"@id\":\"https:\/\/grupobraco.com.br\/conteudo\/#organization\",\"name\":\"Br A\u00e7o\",\"url\":\"https:\/\/grupobraco.com.br\/conteudo\/\",\"logo\":{\"@type\":\"ImageObject\",\"inLanguage\":\"pt-BR\",\"@id\":\"https:\/\/grupobraco.com.br\/conteudo\/#\/schema\/logo\/image\/\",\"url\":\"https:\/\/grupobraco.com.br\/conteudo\/wp-content\/uploads\/2025\/04\/Z340-Logotipia-Reestruturacao-do-Branding.png\",\"contentUrl\":\"https:\/\/grupobraco.com.br\/conteudo\/wp-content\/uploads\/2025\/04\/Z340-Logotipia-Reestruturacao-do-Branding.png\",\"width\":1530,\"height\":1080,\"caption\":\"Br A\u00e7o\"},\"image\":{\"@id\":\"https:\/\/grupobraco.com.br\/conteudo\/#\/schema\/logo\/image\/\"}}]}<\/script>\n<!-- \/ Yoast SEO plugin. -->","yoast_head_json":{"title":"Vergalh\u00e3o em Luzi\u00e2nia: Qualidade e Efici\u00eancia com a BR A\u00e7o","description":"Conhe\u00e7a os benef\u00edcios do vergalh\u00e3o em Luzi\u00e2nia com a BR A\u00e7o, empresa l\u00edder em fornecimento de materiais para constru\u00e7\u00e3o civil.","robots":{"index":"index","follow":"follow","max-snippet":"max-snippet:-1","max-image-preview":"max-image-preview:large","max-video-preview":"max-video-preview:-1"},"canonical":"https:\/\/grupobraco.com.br\/conteudo\/vergalhao-em-luziania-a-solucao-perfeita-para-sua-construcao\/","og_locale":"pt_BR","og_type":"article","og_title":"Vergalh\u00e3o em Luzi\u00e2nia: Qualidade e Efici\u00eancia com a BR A\u00e7o","og_description":"Conhe\u00e7a os benef\u00edcios do vergalh\u00e3o em Luzi\u00e2nia com a BR A\u00e7o, empresa l\u00edder em fornecimento de materiais para constru\u00e7\u00e3o civil.","og_url":"https:\/\/grupobraco.com.br\/conteudo\/vergalhao-em-luziania-a-solucao-perfeita-para-sua-construcao\/","og_site_name":"Br A\u00e7o","twitter_card":"summary_large_image","twitter_misc":{"Est. tempo de leitura":"1 minuto"},"schema":{"@context":"https:\/\/schema.org","@graph":[{"@type":"WebPage","@id":"https:\/\/grupobraco.com.br\/conteudo\/vergalhao-em-luziania-a-solucao-perfeita-para-sua-construcao\/","url":"https:\/\/grupobraco.com.br\/conteudo\/vergalhao-em-luziania-a-solucao-perfeita-para-sua-construcao\/","name":"Vergalh\u00e3o em Luzi\u00e2nia: Qualidade e Efici\u00eancia com a BR A\u00e7o","isPartOf":{"@id":"https:\/\/grupobraco.com.br\/conteudo\/#website"},"datePublished":"2025-05-12T20:00:54+00:00","dateModified":"2025-05-12T20:00:54+00:00","description":"Conhe\u00e7a os benef\u00edcios do vergalh\u00e3o em Luzi\u00e2nia com a BR A\u00e7o, empresa l\u00edder em fornecimento de materiais para constru\u00e7\u00e3o civil.","breadcrumb":{"@id":"https:\/\/grupobraco.com.br\/conteudo\/vergalhao-em-luziania-a-solucao-perfeita-para-sua-construcao\/#breadcrumb"},"inLanguage":"pt-BR","potentialAction":[{"@type":"ReadAction","target":["https:\/\/grupobraco.com.br\/conteudo\/vergalhao-em-luziania-a-solucao-perfeita-para-sua-construcao\/"]}]},{"@type":"BreadcrumbList","@id":"https:\/\/grupobraco.com.br\/conteudo\/vergalhao-em-luziania-a-solucao-perfeita-para-sua-construcao\/#breadcrumb","itemListElement":[{"@type":"ListItem","position":1,"name":"Home","item":"https:\/\/grupobraco.com.br\/conteudo\/"},{"@type":"ListItem","position":2,"name":"Vergalh\u00e3o em Luzi\u00e2nia: A Solu\u00e7\u00e3o Perfeita para sua Constru\u00e7\u00e3o"}]},{"@type":"WebSite","@id":"https:\/\/grupobraco.com.br\/conteudo\/#website","url":"https:\/\/grupobraco.com.br\/conteudo\/","name":"Br A\u00e7o","description":"Seus projetos na velocidade m\u00e1xima","publisher":{"@id":"https:\/\/grupobraco.com.br\/conteudo\/#organization"},"potentialAction":[{"@type":"SearchAction","target":{"@type":"EntryPoint","urlTemplate":"https:\/\/grupobraco.com.br\/conteudo\/?s={search_term_string}"},"query-input":{"@type":"PropertyValueSpecification","valueRequired":true,"valueName":"search_term_string"}}],"inLanguage":"pt-BR"},{"@type":"Organization","@id":"https:\/\/grupobraco.com.br\/conteudo\/#organization","name":"Br A\u00e7o","url":"https:\/\/grupobraco.com.br\/conteudo\/","logo":{"@type":"ImageObject","inLanguage":"pt-BR","@id":"https:\/\/grupobraco.com.br\/conteudo\/#\/schema\/logo\/image\/","url":"https:\/\/grupobraco.com.br\/conteudo\/wp-content\/uploads\/2025\/04\/Z340-Logotipia-Reestruturacao-do-Branding.png","contentUrl":"https:\/\/grupobraco.com.br\/conteudo\/wp-content\/uploads\/2025\/04\/Z340-Logotipia-Reestruturacao-do-Branding.png","width":1530,"height":1080,"caption":"Br A\u00e7o"},"image":{"@id":"https:\/\/grupobraco.com.br\/conteudo\/#\/schema\/logo\/image\/"}}]}},"_links":{"self":[{"href":"https:\/\/grupobraco.com.br\/conteudo\/wp-json\/wp\/v2\/pages\/9493","targetHints":{"allow":["GET"]}}],"collection":[{"href":"https:\/\/grupobraco.com.br\/conteudo\/wp-json\/wp\/v2\/pages"}],"about":[{"href":"https:\/\/grupobraco.com.br\/conteudo\/wp-json\/wp\/v2\/types\/page"}],"author":[{"embeddable":true,"href":"https:\/\/grupobraco.com.br\/conteudo\/wp-json\/wp\/v2\/users\/3"}],"replies":[{"embeddable":true,"href":"https:\/\/grupobraco.com.br\/conteudo\/wp-json\/wp\/v2\/comments?post=9493"}],"version-history":[{"count":0,"href":"https:\/\/grupobraco.com.br\/conteudo\/wp-json\/wp\/v2\/pages\/9493\/revisions"}],"wp:attachment":[{"href":"https:\/\/grupobraco.com.br\/conteudo\/wp-json\/wp\/v2\/media?parent=9493"}],"curies":[{"name":"wp","href":"https:\/\/api.w.org\/{rel}","templated":true}]}}