{"id":928,"date":"2025-03-26T11:00:55","date_gmt":"2025-03-26T11:00:55","guid":{"rendered":"https:\/\/grupobraco.com.br\/conteudo\/vergalhao-em-rio-verde-a-escolha-certa-para-sua-construcao\/"},"modified":"2025-03-26T11:00:55","modified_gmt":"2025-03-26T11:00:55","slug":"vergalhao-em-rio-verde-a-escolha-certa-para-sua-construcao","status":"publish","type":"page","link":"https:\/\/grupobraco.com.br\/conteudo\/vergalhao-em-rio-verde-a-escolha-certa-para-sua-construcao\/","title":{"rendered":"Vergalh\u00e3o em Rio Verde: A Escolha Certa para sua Constru\u00e7\u00e3o"},"content":{"rendered":"<p>Quando se trata de constru\u00e7\u00e3o civil, a qualidade do material utilizado \u00e9 um dos fatores mais importantes para garantir a seguran\u00e7a e a durabilidade das estruturas. O vergalh\u00e3o \u00e9 um dos elementos fundamentais nesse cen\u00e1rio, especialmente em Rio Verde, onde o crescimento urbano exige solu\u00e7\u00f5es para tornado projetos cada vez mais robustos e confi\u00e1veis. Na BR A\u00e7o, nos especializamos na produ\u00e7\u00e3o e fornecimento de vergalh\u00f5es de alta qualidade, adaptados \u00e0s necessidades espec\u00edficas de nossos clientes. Com processos modernos e uma equipe altamente qualificada, somos a escolha ideal para quem busca qualidade e agilidade na entrega. Seja para obras comerciais ou residenciais, o nosso vergalh\u00e3o \u00e9 sin\u00f4nimo de resist\u00eancia e durabilidade, atendendo as normativas de qualidade e seguran\u00e7a. Em Rio Verde, a demanda por esse material tem crescido, impulsionada pela constru\u00e7\u00e3o de novos edif\u00edcios e pelas obras de infraestrutura. Por isso, contar com um fornecedor confi\u00e1vel \u00e9 essencial para garantir a integridade das obras. Na BR A\u00e7o, colocamos a experi\u00eancia e a expertise de nosso time \u00e0 disposi\u00e7\u00e3o, proporcionando n\u00e3o apenas produtos, mas tamb\u00e9m suporte t\u00e9cnico para que voc\u00ea tome a melhor decis\u00e3o na hora de escolher o vergalh\u00e3o ideal para o seu projeto. Se voc\u00ea est\u00e1 em busca de solu\u00e7\u00f5es em vergalh\u00e3o em Rio Verde, conhe\u00e7a os benef\u00edcios que a BR A\u00e7o tem a oferecer, como rapidez na entrega e qualidade imbat\u00edvel. Com o compromisso de levar inova\u00e7\u00e3o e tecnologia para o setor, garantimos que nossos vergalh\u00f5es sejam produzidos com precis\u00e3o, assegurando que suas constru\u00e7\u00f5es sejam t\u00e3o s\u00f3lidas quanto os nossos produtos. Quer saber mais sobre as especificidades do vergalh\u00e3o? O que ele pode oferecer \u00e0 sua obra em Rio Verde? Este artigo \u00e9 a sua oportunidade de se aprofundar nesse tema e entender por que somos a ind\u00fastria de a\u00e7o que voc\u00ea pode confiar.<\/p>\n","protected":false},"excerpt":{"rendered":"<p>Quando se trata de constru\u00e7\u00e3o civil, a qualidade do material utilizado \u00e9 um dos fatores mais importantes para garantir a seguran\u00e7a e a durabilidade das estruturas. O vergalh\u00e3o \u00e9 um dos elementos fundamentais nesse cen\u00e1rio, especialmente em Rio Verde, onde o crescimento urbano exige solu\u00e7\u00f5es para tornado projetos cada vez mais robustos e confi\u00e1veis. Na&hellip;&nbsp;<a href=\"https:\/\/grupobraco.com.br\/conteudo\/vergalhao-em-rio-verde-a-escolha-certa-para-sua-construcao\/\" class=\"\" rel=\"bookmark\">Continue a ler &raquo;<span class=\"screen-reader-text\">Vergalh\u00e3o em Rio Verde: A Escolha Certa para sua Constru\u00e7\u00e3o<\/span><\/a><\/p>\n","protected":false},"author":3,"featured_media":0,"parent":0,"menu_order":0,"comment_status":"closed","ping_status":"closed","template":"","meta":{"_acf_changed":false,"_yoast_wpseo_focuskw":"Vergalh\u00e3o em Rio Verde","_yoast_wpseo_title":"Vergalh\u00e3o em Rio Verde: Qualidade e Agilidade com a BR A\u00e7o","_yoast_wpseo_metadesc":"Descubra porque o vergalh\u00e3o da BR A\u00e7o \u00e9 a escolha ideal para suas constru\u00e7\u00f5es em Rio Verde. Agilidade e qualidade em um s\u00f3 lugar.","neve_meta_sidebar":"","neve_meta_container":"","neve_meta_enable_content_width":"","neve_meta_content_width":0,"neve_meta_title_alignment":"","neve_meta_author_avatar":"","neve_post_elements_order":"","neve_meta_disable_header":"","neve_meta_disable_footer":"","neve_meta_disable_title":"","footnotes":""},"class_list":["post-928","page","type-page","status-publish","hentry"],"acf":{"introducao":"","conceitos_fundamentais":"","como_funciona":"","como_aplicar_no_dia_a_dia":"","principais_utilizacoes_e_beneficios":"","tipos_e_classificacoes":"","tecnologias_e_ferramentas_relacionadas":"","exemplos_e_casos_de_sucesso":"","mitos_e_verdades":"","perguntas_frequentes_faq":"","erros_comuns_e_como_evita-los":"","futuro_e_tendencias":"","conclusao":"","bloco1title":"Qualidade Superior","bloco1text":"Nossos vergalh\u00f5es s\u00e3o testados rigorosamente para garantir resist\u00eancia e durabilidade em qualquer obra.","bloco2title":"Agilidade na Entrega","bloco2text":"Comprometemo-nos a entregar seu vergalh\u00e3o em Rio Verde com rapidez, para que seu projeto siga no cronograma.","bloco3title":"Constru\u00e7\u00e3o Segura","bloco3text":"Utilizar vergalh\u00e3o de qualidade \u00e9 garantir a seguran\u00e7a estrutural de qualquer constru\u00e7\u00e3o, evitando riscos futuros.","insightwidtitle":"Curiosidades sobre Vergalh\u00e3o","insightwidcontent":"Os vergalh\u00f5es utilizados nas constru\u00e7\u00f5es modernas s\u00e3o resultados de avan\u00e7os tecnol\u00f3gicos no campo da metalurgia. Sabia que o uso de vergalh\u00e3o de a\u00e7o data desde a Antiguidade, mas as t\u00e9cnicas atuais garantem produ\u00e7\u00f5es  at\u00e9 60% mais resistentes do que antigamente? Isso demonstra a evolu\u00e7\u00e3o da constru\u00e7\u00e3o civil e a import\u00e2ncia de utilizar materiais adequados."},"yoast_head":"<!-- This site is optimized with the Yoast SEO plugin v23.4 - https:\/\/yoast.com\/wordpress\/plugins\/seo\/ -->\n<title>Vergalh\u00e3o em Rio Verde: Qualidade e Agilidade com a BR A\u00e7o<\/title>\n<meta name=\"description\" content=\"Descubra porque o vergalh\u00e3o da BR A\u00e7o \u00e9 a escolha ideal para suas constru\u00e7\u00f5es em Rio Verde. Agilidade e qualidade em um s\u00f3 lugar.\" \/>\n<meta name=\"robots\" content=\"index, follow, max-snippet:-1, max-image-preview:large, max-video-preview:-1\" \/>\n<link rel=\"canonical\" href=\"https:\/\/grupobraco.com.br\/conteudo\/vergalhao-em-rio-verde-a-escolha-certa-para-sua-construcao\/\" \/>\n<meta property=\"og:locale\" content=\"pt_BR\" \/>\n<meta property=\"og:type\" content=\"article\" \/>\n<meta property=\"og:title\" content=\"Vergalh\u00e3o em Rio Verde: Qualidade e Agilidade com a BR A\u00e7o\" \/>\n<meta property=\"og:description\" content=\"Descubra porque o vergalh\u00e3o da BR A\u00e7o \u00e9 a escolha ideal para suas constru\u00e7\u00f5es em Rio Verde. Agilidade e qualidade em um s\u00f3 lugar.\" \/>\n<meta property=\"og:url\" content=\"https:\/\/grupobraco.com.br\/conteudo\/vergalhao-em-rio-verde-a-escolha-certa-para-sua-construcao\/\" \/>\n<meta property=\"og:site_name\" content=\"Br A\u00e7o\" \/>\n<meta name=\"twitter:card\" content=\"summary_large_image\" \/>\n<meta name=\"twitter:label1\" content=\"Est. tempo de leitura\" \/>\n\t<meta name=\"twitter:data1\" content=\"2 minutos\" \/>\n<script type=\"application\/ld+json\" class=\"yoast-schema-graph\">{\"@context\":\"https:\/\/schema.org\",\"@graph\":[{\"@type\":\"WebPage\",\"@id\":\"https:\/\/grupobraco.com.br\/conteudo\/vergalhao-em-rio-verde-a-escolha-certa-para-sua-construcao\/\",\"url\":\"https:\/\/grupobraco.com.br\/conteudo\/vergalhao-em-rio-verde-a-escolha-certa-para-sua-construcao\/\",\"name\":\"Vergalh\u00e3o em Rio Verde: Qualidade e Agilidade com a BR A\u00e7o\",\"isPartOf\":{\"@id\":\"https:\/\/grupobraco.com.br\/conteudo\/#website\"},\"datePublished\":\"2025-03-26T11:00:55+00:00\",\"dateModified\":\"2025-03-26T11:00:55+00:00\",\"description\":\"Descubra porque o vergalh\u00e3o da BR A\u00e7o \u00e9 a escolha ideal para suas constru\u00e7\u00f5es em Rio Verde. Agilidade e qualidade em um s\u00f3 lugar.\",\"breadcrumb\":{\"@id\":\"https:\/\/grupobraco.com.br\/conteudo\/vergalhao-em-rio-verde-a-escolha-certa-para-sua-construcao\/#breadcrumb\"},\"inLanguage\":\"pt-BR\",\"potentialAction\":[{\"@type\":\"ReadAction\",\"target\":[\"https:\/\/grupobraco.com.br\/conteudo\/vergalhao-em-rio-verde-a-escolha-certa-para-sua-construcao\/\"]}]},{\"@type\":\"BreadcrumbList\",\"@id\":\"https:\/\/grupobraco.com.br\/conteudo\/vergalhao-em-rio-verde-a-escolha-certa-para-sua-construcao\/#breadcrumb\",\"itemListElement\":[{\"@type\":\"ListItem\",\"position\":1,\"name\":\"Home\",\"item\":\"https:\/\/grupobraco.com.br\/conteudo\/\"},{\"@type\":\"ListItem\",\"position\":2,\"name\":\"Vergalh\u00e3o em Rio Verde: A Escolha Certa para sua Constru\u00e7\u00e3o\"}]},{\"@type\":\"WebSite\",\"@id\":\"https:\/\/grupobraco.com.br\/conteudo\/#website\",\"url\":\"https:\/\/grupobraco.com.br\/conteudo\/\",\"name\":\"Br A\u00e7o\",\"description\":\"Seus projetos na velocidade m\u00e1xima\",\"publisher\":{\"@id\":\"https:\/\/grupobraco.com.br\/conteudo\/#organization\"},\"potentialAction\":[{\"@type\":\"SearchAction\",\"target\":{\"@type\":\"EntryPoint\",\"urlTemplate\":\"https:\/\/grupobraco.com.br\/conteudo\/?s={search_term_string}\"},\"query-input\":{\"@type\":\"PropertyValueSpecification\",\"valueRequired\":true,\"valueName\":\"search_term_string\"}}],\"inLanguage\":\"pt-BR\"},{\"@type\":\"Organization\",\"@id\":\"https:\/\/grupobraco.com.br\/conteudo\/#organization\",\"name\":\"Br A\u00e7o\",\"url\":\"https:\/\/grupobraco.com.br\/conteudo\/\",\"logo\":{\"@type\":\"ImageObject\",\"inLanguage\":\"pt-BR\",\"@id\":\"https:\/\/grupobraco.com.br\/conteudo\/#\/schema\/logo\/image\/\",\"url\":\"https:\/\/grupobraco.com.br\/conteudo\/wp-content\/uploads\/2025\/04\/Z340-Logotipia-Reestruturacao-do-Branding.png\",\"contentUrl\":\"https:\/\/grupobraco.com.br\/conteudo\/wp-content\/uploads\/2025\/04\/Z340-Logotipia-Reestruturacao-do-Branding.png\",\"width\":1530,\"height\":1080,\"caption\":\"Br A\u00e7o\"},\"image\":{\"@id\":\"https:\/\/grupobraco.com.br\/conteudo\/#\/schema\/logo\/image\/\"}}]}<\/script>\n<!-- \/ Yoast SEO plugin. -->","yoast_head_json":{"title":"Vergalh\u00e3o em Rio Verde: Qualidade e Agilidade com a BR A\u00e7o","description":"Descubra porque o vergalh\u00e3o da BR A\u00e7o \u00e9 a escolha ideal para suas constru\u00e7\u00f5es em Rio Verde. Agilidade e qualidade em um s\u00f3 lugar.","robots":{"index":"index","follow":"follow","max-snippet":"max-snippet:-1","max-image-preview":"max-image-preview:large","max-video-preview":"max-video-preview:-1"},"canonical":"https:\/\/grupobraco.com.br\/conteudo\/vergalhao-em-rio-verde-a-escolha-certa-para-sua-construcao\/","og_locale":"pt_BR","og_type":"article","og_title":"Vergalh\u00e3o em Rio Verde: Qualidade e Agilidade com a BR A\u00e7o","og_description":"Descubra porque o vergalh\u00e3o da BR A\u00e7o \u00e9 a escolha ideal para suas constru\u00e7\u00f5es em Rio Verde. Agilidade e qualidade em um s\u00f3 lugar.","og_url":"https:\/\/grupobraco.com.br\/conteudo\/vergalhao-em-rio-verde-a-escolha-certa-para-sua-construcao\/","og_site_name":"Br A\u00e7o","twitter_card":"summary_large_image","twitter_misc":{"Est. tempo de leitura":"2 minutos"},"schema":{"@context":"https:\/\/schema.org","@graph":[{"@type":"WebPage","@id":"https:\/\/grupobraco.com.br\/conteudo\/vergalhao-em-rio-verde-a-escolha-certa-para-sua-construcao\/","url":"https:\/\/grupobraco.com.br\/conteudo\/vergalhao-em-rio-verde-a-escolha-certa-para-sua-construcao\/","name":"Vergalh\u00e3o em Rio Verde: Qualidade e Agilidade com a BR A\u00e7o","isPartOf":{"@id":"https:\/\/grupobraco.com.br\/conteudo\/#website"},"datePublished":"2025-03-26T11:00:55+00:00","dateModified":"2025-03-26T11:00:55+00:00","description":"Descubra porque o vergalh\u00e3o da BR A\u00e7o \u00e9 a escolha ideal para suas constru\u00e7\u00f5es em Rio Verde. Agilidade e qualidade em um s\u00f3 lugar.","breadcrumb":{"@id":"https:\/\/grupobraco.com.br\/conteudo\/vergalhao-em-rio-verde-a-escolha-certa-para-sua-construcao\/#breadcrumb"},"inLanguage":"pt-BR","potentialAction":[{"@type":"ReadAction","target":["https:\/\/grupobraco.com.br\/conteudo\/vergalhao-em-rio-verde-a-escolha-certa-para-sua-construcao\/"]}]},{"@type":"BreadcrumbList","@id":"https:\/\/grupobraco.com.br\/conteudo\/vergalhao-em-rio-verde-a-escolha-certa-para-sua-construcao\/#breadcrumb","itemListElement":[{"@type":"ListItem","position":1,"name":"Home","item":"https:\/\/grupobraco.com.br\/conteudo\/"},{"@type":"ListItem","position":2,"name":"Vergalh\u00e3o em Rio Verde: A Escolha Certa para sua Constru\u00e7\u00e3o"}]},{"@type":"WebSite","@id":"https:\/\/grupobraco.com.br\/conteudo\/#website","url":"https:\/\/grupobraco.com.br\/conteudo\/","name":"Br A\u00e7o","description":"Seus projetos na velocidade m\u00e1xima","publisher":{"@id":"https:\/\/grupobraco.com.br\/conteudo\/#organization"},"potentialAction":[{"@type":"SearchAction","target":{"@type":"EntryPoint","urlTemplate":"https:\/\/grupobraco.com.br\/conteudo\/?s={search_term_string}"},"query-input":{"@type":"PropertyValueSpecification","valueRequired":true,"valueName":"search_term_string"}}],"inLanguage":"pt-BR"},{"@type":"Organization","@id":"https:\/\/grupobraco.com.br\/conteudo\/#organization","name":"Br A\u00e7o","url":"https:\/\/grupobraco.com.br\/conteudo\/","logo":{"@type":"ImageObject","inLanguage":"pt-BR","@id":"https:\/\/grupobraco.com.br\/conteudo\/#\/schema\/logo\/image\/","url":"https:\/\/grupobraco.com.br\/conteudo\/wp-content\/uploads\/2025\/04\/Z340-Logotipia-Reestruturacao-do-Branding.png","contentUrl":"https:\/\/grupobraco.com.br\/conteudo\/wp-content\/uploads\/2025\/04\/Z340-Logotipia-Reestruturacao-do-Branding.png","width":1530,"height":1080,"caption":"Br A\u00e7o"},"image":{"@id":"https:\/\/grupobraco.com.br\/conteudo\/#\/schema\/logo\/image\/"}}]}},"_links":{"self":[{"href":"https:\/\/grupobraco.com.br\/conteudo\/wp-json\/wp\/v2\/pages\/928","targetHints":{"allow":["GET"]}}],"collection":[{"href":"https:\/\/grupobraco.com.br\/conteudo\/wp-json\/wp\/v2\/pages"}],"about":[{"href":"https:\/\/grupobraco.com.br\/conteudo\/wp-json\/wp\/v2\/types\/page"}],"author":[{"embeddable":true,"href":"https:\/\/grupobraco.com.br\/conteudo\/wp-json\/wp\/v2\/users\/3"}],"replies":[{"embeddable":true,"href":"https:\/\/grupobraco.com.br\/conteudo\/wp-json\/wp\/v2\/comments?post=928"}],"version-history":[{"count":0,"href":"https:\/\/grupobraco.com.br\/conteudo\/wp-json\/wp\/v2\/pages\/928\/revisions"}],"wp:attachment":[{"href":"https:\/\/grupobraco.com.br\/conteudo\/wp-json\/wp\/v2\/media?parent=928"}],"curies":[{"name":"wp","href":"https:\/\/api.w.org\/{rel}","templated":true}]}}