{"id":9269,"date":"2025-05-11T15:45:53","date_gmt":"2025-05-11T15:45:53","guid":{"rendered":"https:\/\/grupobraco.com.br\/conteudo\/vergalhao-em-aparecida-de-goiania-a-escolha-certa-para-sua-construcao-3\/"},"modified":"2025-05-11T15:45:53","modified_gmt":"2025-05-11T15:45:53","slug":"vergalhao-em-aparecida-de-goiania-a-escolha-certa-para-sua-construcao-3","status":"publish","type":"page","link":"https:\/\/grupobraco.com.br\/conteudo\/vergalhao-em-aparecida-de-goiania-a-escolha-certa-para-sua-construcao-3\/","title":{"rendered":"Vergalh\u00e3o em Aparecida de Goi\u00e2nia: A Escolha Certa para Sua Constru\u00e7\u00e3o"},"content":{"rendered":"<p>O vergalh\u00e3o em Aparecida de Goi\u00e2nia torna-se uma op\u00e7\u00e3o primordial quando falamos de constru\u00e7\u00e3o civil. Este material, essencial para a estrutura de qualquer obra, \u00e9 um dos principais componentes que garante a seguran\u00e7a e a integridade das estruturas de concreto. Optar pelo vergalh\u00e3o certo pode fazer toda a diferen\u00e7a no sucesso de seu projeto. A escolha do fornecedor \u00e9 outro ponto crucial neste processo, pois a qualidade do vergalh\u00e3o est\u00e1 diretamente relacionada \u00e0 seguran\u00e7a dos edif\u00edcios e das obras. Nas obras de grande porte, o uso de vergalh\u00e3o \u00e9 ainda mais acentuado, sendo ele respons\u00e1vel por distribuir a carga de forma eficiente e garantir que as estruturas suportem qualquer tipo de estresse. Al\u00e9m disso, a quantidade e o tipo de vergalh\u00e3o a ser utilizado variam conforme as especifica\u00e7\u00f5es de cada projeto. Portanto, conhecer bem as caracter\u00edsticas do vergalh\u00e3o, como a resist\u00eancia e o di\u00e2metro, \u00e9 fundamental. E \u00e9 aqui que a BR A\u00e7o se destaca, oferecendo aos seus clientes o que h\u00e1 de melhor em vergalh\u00e3o em Aparecida de Goi\u00e2nia, aliado a uma entrega r\u00e1pida e um atendimento excepcional que visa atender todas as necessidades de seus clientes.<\/p>\n","protected":false},"excerpt":{"rendered":"<p>O vergalh\u00e3o em Aparecida de Goi\u00e2nia torna-se uma op\u00e7\u00e3o primordial quando falamos de constru\u00e7\u00e3o civil. Este material, essencial para a estrutura de qualquer obra, \u00e9 um dos principais componentes que garante a seguran\u00e7a e a integridade das estruturas de concreto. Optar pelo vergalh\u00e3o certo pode fazer toda a diferen\u00e7a no sucesso de seu projeto. A&hellip;&nbsp;<a href=\"https:\/\/grupobraco.com.br\/conteudo\/vergalhao-em-aparecida-de-goiania-a-escolha-certa-para-sua-construcao-3\/\" class=\"\" rel=\"bookmark\">Continue a ler &raquo;<span class=\"screen-reader-text\">Vergalh\u00e3o em Aparecida de Goi\u00e2nia: A Escolha Certa para Sua Constru\u00e7\u00e3o<\/span><\/a><\/p>\n","protected":false},"author":3,"featured_media":0,"parent":0,"menu_order":0,"comment_status":"closed","ping_status":"closed","template":"","meta":{"_acf_changed":false,"_yoast_wpseo_focuskw":"Vergalh\u00e3o em Aparecida de Goi\u00e2nia","_yoast_wpseo_title":"Vergalh\u00e3o em Aparecida de Goi\u00e2nia: Qualidade e Seguran\u00e7a na Constru\u00e7\u00e3o","_yoast_wpseo_metadesc":"Descubra tudo sobre vergalh\u00e3o em Aparecida de Goi\u00e2nia. Conhe\u00e7a os benef\u00edcios, especifica\u00e7\u00f5es e por que escolher a BR A\u00e7o para suas obras.","neve_meta_sidebar":"","neve_meta_container":"","neve_meta_enable_content_width":"","neve_meta_content_width":0,"neve_meta_title_alignment":"","neve_meta_author_avatar":"","neve_post_elements_order":"","neve_meta_disable_header":"","neve_meta_disable_footer":"","neve_meta_disable_title":"","footnotes":""},"class_list":["post-9269","page","type-page","status-publish","hentry"],"acf":{"introducao":"","conceitos_fundamentais":"","como_funciona":"","como_aplicar_no_dia_a_dia":"","principais_utilizacoes_e_beneficios":"","tipos_e_classificacoes":"","tecnologias_e_ferramentas_relacionadas":"","exemplos_e_casos_de_sucesso":"","mitos_e_verdades":"","perguntas_frequentes_faq":"","erros_comuns_e_como_evita-los":"","futuro_e_tendencias":"","conclusao":"","bloco1title":"Qualidade Superior","bloco1text":"Na BR A\u00e7o, garantimos a melhor qualidade de vergalh\u00e3o em Aparecida de Goi\u00e2nia, assegurando a resist\u00eancia e seguran\u00e7a necess\u00e1rias para sua obra.","bloco2title":"Entrega \u00c1gil","bloco2text":"Priorizamos entregas r\u00e1pidas, permitindo que sua obra n\u00e3o sofra atrasos por falta de materiais.","bloco3title":"Tend\u00eancias em Constru\u00e7\u00e3o","bloco3text":"O mercado da constru\u00e7\u00e3o civil em Aparecida de Goi\u00e2nia est\u00e1 crescendo. Assim, a demanda por vergalh\u00e3o de qualidade tamb\u00e9m aumenta, evidenciando a import\u00e2ncia de fornecedores confi\u00e1veis como a BR A\u00e7o.","insightwidtitle":"Curiosidades sobre Vergalh\u00e3o","insightwidcontent":"Voc\u00ea sabia que o vergalh\u00e3o \u00e9 um dos materiais mais recicl\u00e1veis do mundo? Aproveitar vergalh\u00f5es reciclados diminui a necessidade de extra\u00e7\u00e3o de novas mat\u00e9rias-primas e reduz a pegada de carbono da constru\u00e7\u00e3o civil. Al\u00e9m disso, os vergalh\u00f5es reciclados mant\u00eam a mesma resist\u00eancia e qualidade, sendo uma escolha sustent\u00e1vel e econ\u00f4mica para suas obras."},"yoast_head":"<!-- This site is optimized with the Yoast SEO plugin v23.4 - https:\/\/yoast.com\/wordpress\/plugins\/seo\/ -->\n<title>Vergalh\u00e3o em Aparecida de Goi\u00e2nia: Qualidade e Seguran\u00e7a na Constru\u00e7\u00e3o<\/title>\n<meta name=\"description\" content=\"Descubra tudo sobre vergalh\u00e3o em Aparecida de Goi\u00e2nia. Conhe\u00e7a os benef\u00edcios, especifica\u00e7\u00f5es e por que escolher a BR A\u00e7o para suas obras.\" \/>\n<meta name=\"robots\" content=\"index, follow, max-snippet:-1, max-image-preview:large, max-video-preview:-1\" \/>\n<link rel=\"canonical\" href=\"https:\/\/grupobraco.com.br\/conteudo\/vergalhao-em-aparecida-de-goiania-a-escolha-certa-para-sua-construcao-3\/\" \/>\n<meta property=\"og:locale\" content=\"pt_BR\" \/>\n<meta property=\"og:type\" content=\"article\" \/>\n<meta property=\"og:title\" content=\"Vergalh\u00e3o em Aparecida de Goi\u00e2nia: Qualidade e Seguran\u00e7a na Constru\u00e7\u00e3o\" \/>\n<meta property=\"og:description\" content=\"Descubra tudo sobre vergalh\u00e3o em Aparecida de Goi\u00e2nia. Conhe\u00e7a os benef\u00edcios, especifica\u00e7\u00f5es e por que escolher a BR A\u00e7o para suas obras.\" \/>\n<meta property=\"og:url\" content=\"https:\/\/grupobraco.com.br\/conteudo\/vergalhao-em-aparecida-de-goiania-a-escolha-certa-para-sua-construcao-3\/\" \/>\n<meta property=\"og:site_name\" content=\"Br A\u00e7o\" \/>\n<meta name=\"twitter:card\" content=\"summary_large_image\" \/>\n<meta name=\"twitter:label1\" content=\"Est. tempo de leitura\" \/>\n\t<meta name=\"twitter:data1\" content=\"1 minuto\" \/>\n<script type=\"application\/ld+json\" class=\"yoast-schema-graph\">{\"@context\":\"https:\/\/schema.org\",\"@graph\":[{\"@type\":\"WebPage\",\"@id\":\"https:\/\/grupobraco.com.br\/conteudo\/vergalhao-em-aparecida-de-goiania-a-escolha-certa-para-sua-construcao-3\/\",\"url\":\"https:\/\/grupobraco.com.br\/conteudo\/vergalhao-em-aparecida-de-goiania-a-escolha-certa-para-sua-construcao-3\/\",\"name\":\"Vergalh\u00e3o em Aparecida de Goi\u00e2nia: Qualidade e Seguran\u00e7a na Constru\u00e7\u00e3o\",\"isPartOf\":{\"@id\":\"https:\/\/grupobraco.com.br\/conteudo\/#website\"},\"datePublished\":\"2025-05-11T15:45:53+00:00\",\"dateModified\":\"2025-05-11T15:45:53+00:00\",\"description\":\"Descubra tudo sobre vergalh\u00e3o em Aparecida de Goi\u00e2nia. Conhe\u00e7a os benef\u00edcios, especifica\u00e7\u00f5es e por que escolher a BR A\u00e7o para suas obras.\",\"breadcrumb\":{\"@id\":\"https:\/\/grupobraco.com.br\/conteudo\/vergalhao-em-aparecida-de-goiania-a-escolha-certa-para-sua-construcao-3\/#breadcrumb\"},\"inLanguage\":\"pt-BR\",\"potentialAction\":[{\"@type\":\"ReadAction\",\"target\":[\"https:\/\/grupobraco.com.br\/conteudo\/vergalhao-em-aparecida-de-goiania-a-escolha-certa-para-sua-construcao-3\/\"]}]},{\"@type\":\"BreadcrumbList\",\"@id\":\"https:\/\/grupobraco.com.br\/conteudo\/vergalhao-em-aparecida-de-goiania-a-escolha-certa-para-sua-construcao-3\/#breadcrumb\",\"itemListElement\":[{\"@type\":\"ListItem\",\"position\":1,\"name\":\"Home\",\"item\":\"https:\/\/grupobraco.com.br\/conteudo\/\"},{\"@type\":\"ListItem\",\"position\":2,\"name\":\"Vergalh\u00e3o em Aparecida de Goi\u00e2nia: A Escolha Certa para Sua Constru\u00e7\u00e3o\"}]},{\"@type\":\"WebSite\",\"@id\":\"https:\/\/grupobraco.com.br\/conteudo\/#website\",\"url\":\"https:\/\/grupobraco.com.br\/conteudo\/\",\"name\":\"Br A\u00e7o\",\"description\":\"Seus projetos na velocidade m\u00e1xima\",\"publisher\":{\"@id\":\"https:\/\/grupobraco.com.br\/conteudo\/#organization\"},\"potentialAction\":[{\"@type\":\"SearchAction\",\"target\":{\"@type\":\"EntryPoint\",\"urlTemplate\":\"https:\/\/grupobraco.com.br\/conteudo\/?s={search_term_string}\"},\"query-input\":{\"@type\":\"PropertyValueSpecification\",\"valueRequired\":true,\"valueName\":\"search_term_string\"}}],\"inLanguage\":\"pt-BR\"},{\"@type\":\"Organization\",\"@id\":\"https:\/\/grupobraco.com.br\/conteudo\/#organization\",\"name\":\"Br A\u00e7o\",\"url\":\"https:\/\/grupobraco.com.br\/conteudo\/\",\"logo\":{\"@type\":\"ImageObject\",\"inLanguage\":\"pt-BR\",\"@id\":\"https:\/\/grupobraco.com.br\/conteudo\/#\/schema\/logo\/image\/\",\"url\":\"https:\/\/grupobraco.com.br\/conteudo\/wp-content\/uploads\/2025\/04\/Z340-Logotipia-Reestruturacao-do-Branding.png\",\"contentUrl\":\"https:\/\/grupobraco.com.br\/conteudo\/wp-content\/uploads\/2025\/04\/Z340-Logotipia-Reestruturacao-do-Branding.png\",\"width\":1530,\"height\":1080,\"caption\":\"Br A\u00e7o\"},\"image\":{\"@id\":\"https:\/\/grupobraco.com.br\/conteudo\/#\/schema\/logo\/image\/\"}}]}<\/script>\n<!-- \/ Yoast SEO plugin. -->","yoast_head_json":{"title":"Vergalh\u00e3o em Aparecida de Goi\u00e2nia: Qualidade e Seguran\u00e7a na Constru\u00e7\u00e3o","description":"Descubra tudo sobre vergalh\u00e3o em Aparecida de Goi\u00e2nia. Conhe\u00e7a os benef\u00edcios, especifica\u00e7\u00f5es e por que escolher a BR A\u00e7o para suas obras.","robots":{"index":"index","follow":"follow","max-snippet":"max-snippet:-1","max-image-preview":"max-image-preview:large","max-video-preview":"max-video-preview:-1"},"canonical":"https:\/\/grupobraco.com.br\/conteudo\/vergalhao-em-aparecida-de-goiania-a-escolha-certa-para-sua-construcao-3\/","og_locale":"pt_BR","og_type":"article","og_title":"Vergalh\u00e3o em Aparecida de Goi\u00e2nia: Qualidade e Seguran\u00e7a na Constru\u00e7\u00e3o","og_description":"Descubra tudo sobre vergalh\u00e3o em Aparecida de Goi\u00e2nia. Conhe\u00e7a os benef\u00edcios, especifica\u00e7\u00f5es e por que escolher a BR A\u00e7o para suas obras.","og_url":"https:\/\/grupobraco.com.br\/conteudo\/vergalhao-em-aparecida-de-goiania-a-escolha-certa-para-sua-construcao-3\/","og_site_name":"Br A\u00e7o","twitter_card":"summary_large_image","twitter_misc":{"Est. tempo de leitura":"1 minuto"},"schema":{"@context":"https:\/\/schema.org","@graph":[{"@type":"WebPage","@id":"https:\/\/grupobraco.com.br\/conteudo\/vergalhao-em-aparecida-de-goiania-a-escolha-certa-para-sua-construcao-3\/","url":"https:\/\/grupobraco.com.br\/conteudo\/vergalhao-em-aparecida-de-goiania-a-escolha-certa-para-sua-construcao-3\/","name":"Vergalh\u00e3o em Aparecida de Goi\u00e2nia: Qualidade e Seguran\u00e7a na Constru\u00e7\u00e3o","isPartOf":{"@id":"https:\/\/grupobraco.com.br\/conteudo\/#website"},"datePublished":"2025-05-11T15:45:53+00:00","dateModified":"2025-05-11T15:45:53+00:00","description":"Descubra tudo sobre vergalh\u00e3o em Aparecida de Goi\u00e2nia. Conhe\u00e7a os benef\u00edcios, especifica\u00e7\u00f5es e por que escolher a BR A\u00e7o para suas obras.","breadcrumb":{"@id":"https:\/\/grupobraco.com.br\/conteudo\/vergalhao-em-aparecida-de-goiania-a-escolha-certa-para-sua-construcao-3\/#breadcrumb"},"inLanguage":"pt-BR","potentialAction":[{"@type":"ReadAction","target":["https:\/\/grupobraco.com.br\/conteudo\/vergalhao-em-aparecida-de-goiania-a-escolha-certa-para-sua-construcao-3\/"]}]},{"@type":"BreadcrumbList","@id":"https:\/\/grupobraco.com.br\/conteudo\/vergalhao-em-aparecida-de-goiania-a-escolha-certa-para-sua-construcao-3\/#breadcrumb","itemListElement":[{"@type":"ListItem","position":1,"name":"Home","item":"https:\/\/grupobraco.com.br\/conteudo\/"},{"@type":"ListItem","position":2,"name":"Vergalh\u00e3o em Aparecida de Goi\u00e2nia: A Escolha Certa para Sua Constru\u00e7\u00e3o"}]},{"@type":"WebSite","@id":"https:\/\/grupobraco.com.br\/conteudo\/#website","url":"https:\/\/grupobraco.com.br\/conteudo\/","name":"Br A\u00e7o","description":"Seus projetos na velocidade m\u00e1xima","publisher":{"@id":"https:\/\/grupobraco.com.br\/conteudo\/#organization"},"potentialAction":[{"@type":"SearchAction","target":{"@type":"EntryPoint","urlTemplate":"https:\/\/grupobraco.com.br\/conteudo\/?s={search_term_string}"},"query-input":{"@type":"PropertyValueSpecification","valueRequired":true,"valueName":"search_term_string"}}],"inLanguage":"pt-BR"},{"@type":"Organization","@id":"https:\/\/grupobraco.com.br\/conteudo\/#organization","name":"Br A\u00e7o","url":"https:\/\/grupobraco.com.br\/conteudo\/","logo":{"@type":"ImageObject","inLanguage":"pt-BR","@id":"https:\/\/grupobraco.com.br\/conteudo\/#\/schema\/logo\/image\/","url":"https:\/\/grupobraco.com.br\/conteudo\/wp-content\/uploads\/2025\/04\/Z340-Logotipia-Reestruturacao-do-Branding.png","contentUrl":"https:\/\/grupobraco.com.br\/conteudo\/wp-content\/uploads\/2025\/04\/Z340-Logotipia-Reestruturacao-do-Branding.png","width":1530,"height":1080,"caption":"Br A\u00e7o"},"image":{"@id":"https:\/\/grupobraco.com.br\/conteudo\/#\/schema\/logo\/image\/"}}]}},"_links":{"self":[{"href":"https:\/\/grupobraco.com.br\/conteudo\/wp-json\/wp\/v2\/pages\/9269","targetHints":{"allow":["GET"]}}],"collection":[{"href":"https:\/\/grupobraco.com.br\/conteudo\/wp-json\/wp\/v2\/pages"}],"about":[{"href":"https:\/\/grupobraco.com.br\/conteudo\/wp-json\/wp\/v2\/types\/page"}],"author":[{"embeddable":true,"href":"https:\/\/grupobraco.com.br\/conteudo\/wp-json\/wp\/v2\/users\/3"}],"replies":[{"embeddable":true,"href":"https:\/\/grupobraco.com.br\/conteudo\/wp-json\/wp\/v2\/comments?post=9269"}],"version-history":[{"count":0,"href":"https:\/\/grupobraco.com.br\/conteudo\/wp-json\/wp\/v2\/pages\/9269\/revisions"}],"wp:attachment":[{"href":"https:\/\/grupobraco.com.br\/conteudo\/wp-json\/wp\/v2\/media?parent=9269"}],"curies":[{"name":"wp","href":"https:\/\/api.w.org\/{rel}","templated":true}]}}