{"id":9141,"date":"2025-05-10T23:45:51","date_gmt":"2025-05-10T23:45:51","guid":{"rendered":"https:\/\/grupobraco.com.br\/conteudo\/onde-comprar-vergalhao-em-catalao-a-melhor-opcao-e-a-br-aco-2\/"},"modified":"2025-05-10T23:45:51","modified_gmt":"2025-05-10T23:45:51","slug":"onde-comprar-vergalhao-em-catalao-a-melhor-opcao-e-a-br-aco-2","status":"publish","type":"page","link":"https:\/\/grupobraco.com.br\/conteudo\/onde-comprar-vergalhao-em-catalao-a-melhor-opcao-e-a-br-aco-2\/","title":{"rendered":"Onde Comprar Vergalh\u00e3o em Catal\u00e3o: A Melhor Op\u00e7\u00e3o \u00e9 a BR A\u00e7o"},"content":{"rendered":"<p>Se voc\u00ea est\u00e1 em busca de onde comprar vergalh\u00e3o em Catal\u00e3o, a BR A\u00e7o \u00e9 a escolha ideal. Nossa empresa se destaca na fabrica\u00e7\u00e3o e fornecimento de a\u00e7o para constru\u00e7\u00e3o civil, oferecendo produtos de alt\u00edssima qualidade e um atendimento excepcional. Em Catal\u00e3o, a demanda por vergalh\u00f5es cresceu consideravelmente, e sabemos que qualidade e confiabilidade s\u00e3o cruciais para o sucesso de qualquer projeto de constru\u00e7\u00e3o. Com a BR A\u00e7o, voc\u00ea n\u00e3o apenas compra vergalh\u00e3o, mas investe em um material que garantir\u00e1 a solidez e a seguran\u00e7a da sua obra. Vamos explorar as melhores op\u00e7\u00f5es para comprar vergalh\u00e3o em Catal\u00e3o e como a BR A\u00e7o se destaca nesse cen\u00e1rio. Ao longo deste artigo, abordaremos desde as especifica\u00e7\u00f5es t\u00e9cnicas do vergalh\u00e3o at\u00e9 a import\u00e2ncia de comprar de um fornecedor confi\u00e1vel. Fique por aqui e descubra tudo sobre onde comprar vergalh\u00e3o em Catal\u00e3o e por que a BR A\u00e7o deve ser sua escolha n\u00famero um. Garantimos que, ao final deste texto, voc\u00ea estar\u00e1 mais informado e preparado para fazer a melhor decis\u00e3o para o seu projeto, com a certeza de que com a BR A\u00e7o, seus projetos v\u00e3o ganhar velocidade m\u00e1xima.<\/p>\n","protected":false},"excerpt":{"rendered":"<p>Se voc\u00ea est\u00e1 em busca de onde comprar vergalh\u00e3o em Catal\u00e3o, a BR A\u00e7o \u00e9 a escolha ideal. Nossa empresa se destaca na fabrica\u00e7\u00e3o e fornecimento de a\u00e7o para constru\u00e7\u00e3o civil, oferecendo produtos de alt\u00edssima qualidade e um atendimento excepcional. Em Catal\u00e3o, a demanda por vergalh\u00f5es cresceu consideravelmente, e sabemos que qualidade e confiabilidade s\u00e3o&hellip;&nbsp;<a href=\"https:\/\/grupobraco.com.br\/conteudo\/onde-comprar-vergalhao-em-catalao-a-melhor-opcao-e-a-br-aco-2\/\" class=\"\" rel=\"bookmark\">Continue a ler &raquo;<span class=\"screen-reader-text\">Onde Comprar Vergalh\u00e3o em Catal\u00e3o: A Melhor Op\u00e7\u00e3o \u00e9 a BR A\u00e7o<\/span><\/a><\/p>\n","protected":false},"author":3,"featured_media":0,"parent":0,"menu_order":0,"comment_status":"closed","ping_status":"closed","template":"","meta":{"_acf_changed":false,"_yoast_wpseo_focuskw":"onde comprar vergalh\u00e3o em Catal\u00e3o","_yoast_wpseo_title":"Onde Comprar Vergalh\u00e3o em Catal\u00e3o - BR A\u00e7o","_yoast_wpseo_metadesc":"Descubra onde comprar vergalh\u00e3o em Catal\u00e3o com a BR A\u00e7o, a melhor op\u00e7\u00e3o em qualidade e atendimento.","neve_meta_sidebar":"","neve_meta_container":"","neve_meta_enable_content_width":"","neve_meta_content_width":0,"neve_meta_title_alignment":"","neve_meta_author_avatar":"","neve_post_elements_order":"","neve_meta_disable_header":"","neve_meta_disable_footer":"","neve_meta_disable_title":"","footnotes":""},"class_list":["post-9141","page","type-page","status-publish","hentry"],"acf":{"introducao":"","conceitos_fundamentais":"","como_funciona":"","como_aplicar_no_dia_a_dia":"","principais_utilizacoes_e_beneficios":"","tipos_e_classificacoes":"","tecnologias_e_ferramentas_relacionadas":"","exemplos_e_casos_de_sucesso":"","mitos_e_verdades":"","perguntas_frequentes_faq":"","erros_comuns_e_como_evita-los":"","futuro_e_tendencias":"","conclusao":"","bloco1title":"Qualidade Superior","bloco1text":"A BR A\u00e7o oferece vergalh\u00e3o de a\u00e7o com qualidade superior, ideal para constru\u00e7\u00e3o civil, garantindo seguran\u00e7a e durabilidade em seus projetos.","bloco2title":"Atendimento Personalizado","bloco2text":"Contamos com uma equipe preparada para ajud\u00e1-lo em todas as etapas da compra de vergalh\u00e3o, oferecendo suporte antes, durante e ap\u00f3s a compra.","bloco3title":"Rapidez na Entrega","bloco3text":"Entendemos que a pontualidade \u00e9 chave em obras, por isso, garantimos entrega r\u00e1pida e eficiente de vergalh\u00e3o em toda a regi\u00e3o de Catal\u00e3o.","insightwidtitle":"Curiosidades sobre Vergalh\u00e3o","insightwidcontent":"Voc\u00ea sabia que o vergalh\u00e3o \u00e9 essencial para a constru\u00e7\u00e3o de estruturas em concreto armado? Ele atua como refor\u00e7o, garantindo que a estrutura suporte tens\u00f5es e esfor\u00e7os. Escolher um vergalh\u00e3o de qualidade n\u00e3o \u00e9 apenas uma quest\u00e3o de seguran\u00e7a, mas tamb\u00e9m de durabilidade da sua obra. Com a BR A\u00e7o, voc\u00ea tem \u00e0 disposi\u00e7\u00e3o o melhor no fornecimento desse material fundamental."},"yoast_head":"<!-- This site is optimized with the Yoast SEO plugin v23.4 - https:\/\/yoast.com\/wordpress\/plugins\/seo\/ -->\n<title>Onde Comprar Vergalh\u00e3o em Catal\u00e3o - BR A\u00e7o<\/title>\n<meta name=\"description\" content=\"Descubra onde comprar vergalh\u00e3o em Catal\u00e3o com a BR A\u00e7o, a melhor op\u00e7\u00e3o em qualidade e atendimento.\" \/>\n<meta name=\"robots\" content=\"index, follow, max-snippet:-1, max-image-preview:large, max-video-preview:-1\" \/>\n<link rel=\"canonical\" href=\"https:\/\/grupobraco.com.br\/conteudo\/onde-comprar-vergalhao-em-catalao-a-melhor-opcao-e-a-br-aco-2\/\" \/>\n<meta property=\"og:locale\" content=\"pt_BR\" \/>\n<meta property=\"og:type\" content=\"article\" \/>\n<meta property=\"og:title\" content=\"Onde Comprar Vergalh\u00e3o em Catal\u00e3o - BR A\u00e7o\" \/>\n<meta property=\"og:description\" content=\"Descubra onde comprar vergalh\u00e3o em Catal\u00e3o com a BR A\u00e7o, a melhor op\u00e7\u00e3o em qualidade e atendimento.\" \/>\n<meta property=\"og:url\" content=\"https:\/\/grupobraco.com.br\/conteudo\/onde-comprar-vergalhao-em-catalao-a-melhor-opcao-e-a-br-aco-2\/\" \/>\n<meta property=\"og:site_name\" content=\"Br A\u00e7o\" \/>\n<meta name=\"twitter:card\" content=\"summary_large_image\" \/>\n<meta name=\"twitter:label1\" content=\"Est. tempo de leitura\" \/>\n\t<meta name=\"twitter:data1\" content=\"1 minuto\" \/>\n<script type=\"application\/ld+json\" class=\"yoast-schema-graph\">{\"@context\":\"https:\/\/schema.org\",\"@graph\":[{\"@type\":\"WebPage\",\"@id\":\"https:\/\/grupobraco.com.br\/conteudo\/onde-comprar-vergalhao-em-catalao-a-melhor-opcao-e-a-br-aco-2\/\",\"url\":\"https:\/\/grupobraco.com.br\/conteudo\/onde-comprar-vergalhao-em-catalao-a-melhor-opcao-e-a-br-aco-2\/\",\"name\":\"Onde Comprar Vergalh\u00e3o em Catal\u00e3o - BR A\u00e7o\",\"isPartOf\":{\"@id\":\"https:\/\/grupobraco.com.br\/conteudo\/#website\"},\"datePublished\":\"2025-05-10T23:45:51+00:00\",\"dateModified\":\"2025-05-10T23:45:51+00:00\",\"description\":\"Descubra onde comprar vergalh\u00e3o em Catal\u00e3o com a BR A\u00e7o, a melhor op\u00e7\u00e3o em qualidade e atendimento.\",\"breadcrumb\":{\"@id\":\"https:\/\/grupobraco.com.br\/conteudo\/onde-comprar-vergalhao-em-catalao-a-melhor-opcao-e-a-br-aco-2\/#breadcrumb\"},\"inLanguage\":\"pt-BR\",\"potentialAction\":[{\"@type\":\"ReadAction\",\"target\":[\"https:\/\/grupobraco.com.br\/conteudo\/onde-comprar-vergalhao-em-catalao-a-melhor-opcao-e-a-br-aco-2\/\"]}]},{\"@type\":\"BreadcrumbList\",\"@id\":\"https:\/\/grupobraco.com.br\/conteudo\/onde-comprar-vergalhao-em-catalao-a-melhor-opcao-e-a-br-aco-2\/#breadcrumb\",\"itemListElement\":[{\"@type\":\"ListItem\",\"position\":1,\"name\":\"Home\",\"item\":\"https:\/\/grupobraco.com.br\/conteudo\/\"},{\"@type\":\"ListItem\",\"position\":2,\"name\":\"Onde Comprar Vergalh\u00e3o em Catal\u00e3o: A Melhor Op\u00e7\u00e3o \u00e9 a BR A\u00e7o\"}]},{\"@type\":\"WebSite\",\"@id\":\"https:\/\/grupobraco.com.br\/conteudo\/#website\",\"url\":\"https:\/\/grupobraco.com.br\/conteudo\/\",\"name\":\"Br A\u00e7o\",\"description\":\"Seus projetos na velocidade m\u00e1xima\",\"publisher\":{\"@id\":\"https:\/\/grupobraco.com.br\/conteudo\/#organization\"},\"potentialAction\":[{\"@type\":\"SearchAction\",\"target\":{\"@type\":\"EntryPoint\",\"urlTemplate\":\"https:\/\/grupobraco.com.br\/conteudo\/?s={search_term_string}\"},\"query-input\":{\"@type\":\"PropertyValueSpecification\",\"valueRequired\":true,\"valueName\":\"search_term_string\"}}],\"inLanguage\":\"pt-BR\"},{\"@type\":\"Organization\",\"@id\":\"https:\/\/grupobraco.com.br\/conteudo\/#organization\",\"name\":\"Br A\u00e7o\",\"url\":\"https:\/\/grupobraco.com.br\/conteudo\/\",\"logo\":{\"@type\":\"ImageObject\",\"inLanguage\":\"pt-BR\",\"@id\":\"https:\/\/grupobraco.com.br\/conteudo\/#\/schema\/logo\/image\/\",\"url\":\"https:\/\/grupobraco.com.br\/conteudo\/wp-content\/uploads\/2025\/04\/Z340-Logotipia-Reestruturacao-do-Branding.png\",\"contentUrl\":\"https:\/\/grupobraco.com.br\/conteudo\/wp-content\/uploads\/2025\/04\/Z340-Logotipia-Reestruturacao-do-Branding.png\",\"width\":1530,\"height\":1080,\"caption\":\"Br A\u00e7o\"},\"image\":{\"@id\":\"https:\/\/grupobraco.com.br\/conteudo\/#\/schema\/logo\/image\/\"}}]}<\/script>\n<!-- \/ Yoast SEO plugin. -->","yoast_head_json":{"title":"Onde Comprar Vergalh\u00e3o em Catal\u00e3o - BR A\u00e7o","description":"Descubra onde comprar vergalh\u00e3o em Catal\u00e3o com a BR A\u00e7o, a melhor op\u00e7\u00e3o em qualidade e atendimento.","robots":{"index":"index","follow":"follow","max-snippet":"max-snippet:-1","max-image-preview":"max-image-preview:large","max-video-preview":"max-video-preview:-1"},"canonical":"https:\/\/grupobraco.com.br\/conteudo\/onde-comprar-vergalhao-em-catalao-a-melhor-opcao-e-a-br-aco-2\/","og_locale":"pt_BR","og_type":"article","og_title":"Onde Comprar Vergalh\u00e3o em Catal\u00e3o - BR A\u00e7o","og_description":"Descubra onde comprar vergalh\u00e3o em Catal\u00e3o com a BR A\u00e7o, a melhor op\u00e7\u00e3o em qualidade e atendimento.","og_url":"https:\/\/grupobraco.com.br\/conteudo\/onde-comprar-vergalhao-em-catalao-a-melhor-opcao-e-a-br-aco-2\/","og_site_name":"Br A\u00e7o","twitter_card":"summary_large_image","twitter_misc":{"Est. tempo de leitura":"1 minuto"},"schema":{"@context":"https:\/\/schema.org","@graph":[{"@type":"WebPage","@id":"https:\/\/grupobraco.com.br\/conteudo\/onde-comprar-vergalhao-em-catalao-a-melhor-opcao-e-a-br-aco-2\/","url":"https:\/\/grupobraco.com.br\/conteudo\/onde-comprar-vergalhao-em-catalao-a-melhor-opcao-e-a-br-aco-2\/","name":"Onde Comprar Vergalh\u00e3o em Catal\u00e3o - BR A\u00e7o","isPartOf":{"@id":"https:\/\/grupobraco.com.br\/conteudo\/#website"},"datePublished":"2025-05-10T23:45:51+00:00","dateModified":"2025-05-10T23:45:51+00:00","description":"Descubra onde comprar vergalh\u00e3o em Catal\u00e3o com a BR A\u00e7o, a melhor op\u00e7\u00e3o em qualidade e atendimento.","breadcrumb":{"@id":"https:\/\/grupobraco.com.br\/conteudo\/onde-comprar-vergalhao-em-catalao-a-melhor-opcao-e-a-br-aco-2\/#breadcrumb"},"inLanguage":"pt-BR","potentialAction":[{"@type":"ReadAction","target":["https:\/\/grupobraco.com.br\/conteudo\/onde-comprar-vergalhao-em-catalao-a-melhor-opcao-e-a-br-aco-2\/"]}]},{"@type":"BreadcrumbList","@id":"https:\/\/grupobraco.com.br\/conteudo\/onde-comprar-vergalhao-em-catalao-a-melhor-opcao-e-a-br-aco-2\/#breadcrumb","itemListElement":[{"@type":"ListItem","position":1,"name":"Home","item":"https:\/\/grupobraco.com.br\/conteudo\/"},{"@type":"ListItem","position":2,"name":"Onde Comprar Vergalh\u00e3o em Catal\u00e3o: A Melhor Op\u00e7\u00e3o \u00e9 a BR A\u00e7o"}]},{"@type":"WebSite","@id":"https:\/\/grupobraco.com.br\/conteudo\/#website","url":"https:\/\/grupobraco.com.br\/conteudo\/","name":"Br A\u00e7o","description":"Seus projetos na velocidade m\u00e1xima","publisher":{"@id":"https:\/\/grupobraco.com.br\/conteudo\/#organization"},"potentialAction":[{"@type":"SearchAction","target":{"@type":"EntryPoint","urlTemplate":"https:\/\/grupobraco.com.br\/conteudo\/?s={search_term_string}"},"query-input":{"@type":"PropertyValueSpecification","valueRequired":true,"valueName":"search_term_string"}}],"inLanguage":"pt-BR"},{"@type":"Organization","@id":"https:\/\/grupobraco.com.br\/conteudo\/#organization","name":"Br A\u00e7o","url":"https:\/\/grupobraco.com.br\/conteudo\/","logo":{"@type":"ImageObject","inLanguage":"pt-BR","@id":"https:\/\/grupobraco.com.br\/conteudo\/#\/schema\/logo\/image\/","url":"https:\/\/grupobraco.com.br\/conteudo\/wp-content\/uploads\/2025\/04\/Z340-Logotipia-Reestruturacao-do-Branding.png","contentUrl":"https:\/\/grupobraco.com.br\/conteudo\/wp-content\/uploads\/2025\/04\/Z340-Logotipia-Reestruturacao-do-Branding.png","width":1530,"height":1080,"caption":"Br A\u00e7o"},"image":{"@id":"https:\/\/grupobraco.com.br\/conteudo\/#\/schema\/logo\/image\/"}}]}},"_links":{"self":[{"href":"https:\/\/grupobraco.com.br\/conteudo\/wp-json\/wp\/v2\/pages\/9141","targetHints":{"allow":["GET"]}}],"collection":[{"href":"https:\/\/grupobraco.com.br\/conteudo\/wp-json\/wp\/v2\/pages"}],"about":[{"href":"https:\/\/grupobraco.com.br\/conteudo\/wp-json\/wp\/v2\/types\/page"}],"author":[{"embeddable":true,"href":"https:\/\/grupobraco.com.br\/conteudo\/wp-json\/wp\/v2\/users\/3"}],"replies":[{"embeddable":true,"href":"https:\/\/grupobraco.com.br\/conteudo\/wp-json\/wp\/v2\/comments?post=9141"}],"version-history":[{"count":0,"href":"https:\/\/grupobraco.com.br\/conteudo\/wp-json\/wp\/v2\/pages\/9141\/revisions"}],"wp:attachment":[{"href":"https:\/\/grupobraco.com.br\/conteudo\/wp-json\/wp\/v2\/media?parent=9141"}],"curies":[{"name":"wp","href":"https:\/\/api.w.org\/{rel}","templated":true}]}}