{"id":894,"date":"2025-03-26T06:45:53","date_gmt":"2025-03-26T06:45:53","guid":{"rendered":"https:\/\/grupobraco.com.br\/conteudo\/vergalhao-direto-da-fabrica-em-anapolis-a-solucao-ideal-para-sua-obra\/"},"modified":"2025-03-26T06:45:53","modified_gmt":"2025-03-26T06:45:53","slug":"vergalhao-direto-da-fabrica-em-anapolis-a-solucao-ideal-para-sua-obra","status":"publish","type":"page","link":"https:\/\/grupobraco.com.br\/conteudo\/vergalhao-direto-da-fabrica-em-anapolis-a-solucao-ideal-para-sua-obra\/","title":{"rendered":"Vergalh\u00e3o Direto da F\u00e1brica em An\u00e1polis: A Solu\u00e7\u00e3o Ideal para sua Obra"},"content":{"rendered":"<p>A BR A\u00e7o \u00e9 a refer\u00eancia no fornecimento de vergalh\u00e3o direto da f\u00e1brica em An\u00e1polis. Com um compromisso inabal\u00e1vel com a qualidade, estamos prontos para atender todas as suas necessidades na constru\u00e7\u00e3o civil. O vergalh\u00e3o produzido em nossa unidade \u00e9 elaborado com a mais alta tecnologia e rigorosos padr\u00f5es de qualidade, garantindo que cada barra de a\u00e7o atenda \u00e0s especifica\u00e7\u00f5es exigidas para estruturas resistentes e seguras. Com a BR A\u00e7o, voc\u00ea tem a certeza de que cada projeto receber\u00e1 o material ideal, contribuindo para a efici\u00eancia e seguran\u00e7a de sua obra. Nossa localiza\u00e7\u00e3o estrat\u00e9gica em An\u00e1polis facilita a log\u00edstica de entrega, permitindo que voc\u00ea receba seu pedido rapidamente, sem comprometer o cronograma da sua constru\u00e7\u00e3o. Ao escolher o vergalh\u00e3o direto da f\u00e1brica em An\u00e1polis, voc\u00ea n\u00e3o s\u00f3 investe em qualidade, mas tamb\u00e9m em economia, pois eliminamos intermedi\u00e1rios e oferecemos pre\u00e7os justos e competitivos. Aqui, a excel\u00eancia est\u00e1 sempre acompanhada de um atendimento personalizado, porque entendemos que cada cliente \u00e9 \u00fanico e merece solu\u00e7\u00f5es feitas sob medida. Quando falamos de vergalh\u00e3o, falamos de mais do que apenas a\u00e7o; falamos de um compromisso com a constru\u00e7\u00e3o civil e com o futuro do nosso estado. Na BR A\u00e7o, buscamos sempre inova\u00e7\u00f5es que possam trazer mais benef\u00edcios para voc\u00ea e seu projeto. Venha conhecer o que \u00e9 o vergalh\u00e3o direto da f\u00e1brica em An\u00e1polis e compreenda como nossa expertise pode transformar sua constru\u00e7\u00e3o. Nossas equipes est\u00e3o sempre dispostas a ajudar voc\u00ea a encontrar a melhor op\u00e7\u00e3o para as suas necessidades espec\u00edficas, pois acreditamos que a melhor constru\u00e7\u00e3o come\u00e7a com os melhores materiais. Escolha a qualidade e a confian\u00e7a que s\u00f3 a BR A\u00e7o pode oferecer, onde sua obra recebe a aten\u00e7\u00e3o que merece.<\/p>\n","protected":false},"excerpt":{"rendered":"<p>A BR A\u00e7o \u00e9 a refer\u00eancia no fornecimento de vergalh\u00e3o direto da f\u00e1brica em An\u00e1polis. Com um compromisso inabal\u00e1vel com a qualidade, estamos prontos para atender todas as suas necessidades na constru\u00e7\u00e3o civil. O vergalh\u00e3o produzido em nossa unidade \u00e9 elaborado com a mais alta tecnologia e rigorosos padr\u00f5es de qualidade, garantindo que cada barra&hellip;&nbsp;<a href=\"https:\/\/grupobraco.com.br\/conteudo\/vergalhao-direto-da-fabrica-em-anapolis-a-solucao-ideal-para-sua-obra\/\" class=\"\" rel=\"bookmark\">Continue a ler &raquo;<span class=\"screen-reader-text\">Vergalh\u00e3o Direto da F\u00e1brica em An\u00e1polis: A Solu\u00e7\u00e3o Ideal para sua Obra<\/span><\/a><\/p>\n","protected":false},"author":3,"featured_media":0,"parent":0,"menu_order":0,"comment_status":"closed","ping_status":"closed","template":"","meta":{"_acf_changed":false,"_yoast_wpseo_focuskw":"Vergalh\u00e3o direto da f\u00e1brica em An\u00e1polis","_yoast_wpseo_title":"Vergalh\u00e3o Direto da F\u00e1brica em An\u00e1polis: Qualidade e Agilidade na sua Constru\u00e7\u00e3o","_yoast_wpseo_metadesc":"A BR A\u00e7o oferece o melhor vergalh\u00e3o direto da f\u00e1brica em An\u00e1polis, com qualidade garantida e entrega r\u00e1pida. Confira!","neve_meta_sidebar":"","neve_meta_container":"","neve_meta_enable_content_width":"","neve_meta_content_width":0,"neve_meta_title_alignment":"","neve_meta_author_avatar":"","neve_post_elements_order":"","neve_meta_disable_header":"","neve_meta_disable_footer":"","neve_meta_disable_title":"","footnotes":""},"class_list":["post-894","page","type-page","status-publish","hentry"],"acf":{"introducao":"","conceitos_fundamentais":"","como_funciona":"","como_aplicar_no_dia_a_dia":"","principais_utilizacoes_e_beneficios":"","tipos_e_classificacoes":"","tecnologias_e_ferramentas_relacionadas":"","exemplos_e_casos_de_sucesso":"","mitos_e_verdades":"","perguntas_frequentes_faq":"","erros_comuns_e_como_evita-los":"","futuro_e_tendencias":"","conclusao":"","bloco1title":"Qualidade Assegurada","bloco1text":"Produzimos vergalh\u00e3o direto da f\u00e1brica em An\u00e1polis com rigorosos controles de qualidade, garantindo durabilidade e resist\u00eancia.","bloco2title":"Entrega R\u00e1pida","bloco2text":"Com localiza\u00e7\u00e3o estrat\u00e9gica, garantimos prazos de entrega \u00e1geis e pontuais.","bloco3title":"Solu\u00e7\u00f5es Personalizadas","bloco3text":"Atendemos projetos de diferentes tamanhos com op\u00e7\u00f5es de corte e dobra que se adaptam \u00e0s suas necessidades espec\u00edficas.","insightwidtitle":"Curiosidades sobre Vergalh\u00e3o","insightwidcontent":"Voc\u00ea sabia que o vergalh\u00e3o \u00e9 essencial para garantir a integridade estrutural de qualquer constru\u00e7\u00e3o? Feito de a\u00e7o de alta resist\u00eancia, ele previne fissuras e danos em estruturas de concreto. Gra\u00e7as a sua maleabilidade, o vergalh\u00e3o pode ser moldado de v\u00e1rias formas, tornando-o ideal para diversas aplica\u00e7\u00f5es na constru\u00e7\u00e3o civil. Al\u00e9m disso, a utiliza\u00e7\u00e3o do vergalh\u00e3o direto da f\u00e1brica em An\u00e1polis ajuda a reduzir o desperd\u00edcio, uma vez que o material \u00e9   cortado na medida certa para cada projeto."},"yoast_head":"<!-- This site is optimized with the Yoast SEO plugin v23.4 - https:\/\/yoast.com\/wordpress\/plugins\/seo\/ -->\n<title>Vergalh\u00e3o Direto da F\u00e1brica em An\u00e1polis: Qualidade e Agilidade na sua Constru\u00e7\u00e3o<\/title>\n<meta name=\"description\" content=\"A BR A\u00e7o oferece o melhor vergalh\u00e3o direto da f\u00e1brica em An\u00e1polis, com qualidade garantida e entrega r\u00e1pida. Confira!\" \/>\n<meta name=\"robots\" content=\"index, follow, max-snippet:-1, max-image-preview:large, max-video-preview:-1\" \/>\n<link rel=\"canonical\" href=\"https:\/\/grupobraco.com.br\/conteudo\/vergalhao-direto-da-fabrica-em-anapolis-a-solucao-ideal-para-sua-obra\/\" \/>\n<meta property=\"og:locale\" content=\"pt_BR\" \/>\n<meta property=\"og:type\" content=\"article\" \/>\n<meta property=\"og:title\" content=\"Vergalh\u00e3o Direto da F\u00e1brica em An\u00e1polis: Qualidade e Agilidade na sua Constru\u00e7\u00e3o\" \/>\n<meta property=\"og:description\" content=\"A BR A\u00e7o oferece o melhor vergalh\u00e3o direto da f\u00e1brica em An\u00e1polis, com qualidade garantida e entrega r\u00e1pida. Confira!\" \/>\n<meta property=\"og:url\" content=\"https:\/\/grupobraco.com.br\/conteudo\/vergalhao-direto-da-fabrica-em-anapolis-a-solucao-ideal-para-sua-obra\/\" \/>\n<meta property=\"og:site_name\" content=\"Br A\u00e7o\" \/>\n<meta name=\"twitter:card\" content=\"summary_large_image\" \/>\n<meta name=\"twitter:label1\" content=\"Est. tempo de leitura\" \/>\n\t<meta name=\"twitter:data1\" content=\"2 minutos\" \/>\n<script type=\"application\/ld+json\" class=\"yoast-schema-graph\">{\"@context\":\"https:\/\/schema.org\",\"@graph\":[{\"@type\":\"WebPage\",\"@id\":\"https:\/\/grupobraco.com.br\/conteudo\/vergalhao-direto-da-fabrica-em-anapolis-a-solucao-ideal-para-sua-obra\/\",\"url\":\"https:\/\/grupobraco.com.br\/conteudo\/vergalhao-direto-da-fabrica-em-anapolis-a-solucao-ideal-para-sua-obra\/\",\"name\":\"Vergalh\u00e3o Direto da F\u00e1brica em An\u00e1polis: Qualidade e Agilidade na sua Constru\u00e7\u00e3o\",\"isPartOf\":{\"@id\":\"https:\/\/grupobraco.com.br\/conteudo\/#website\"},\"datePublished\":\"2025-03-26T06:45:53+00:00\",\"dateModified\":\"2025-03-26T06:45:53+00:00\",\"description\":\"A BR A\u00e7o oferece o melhor vergalh\u00e3o direto da f\u00e1brica em An\u00e1polis, com qualidade garantida e entrega r\u00e1pida. Confira!\",\"breadcrumb\":{\"@id\":\"https:\/\/grupobraco.com.br\/conteudo\/vergalhao-direto-da-fabrica-em-anapolis-a-solucao-ideal-para-sua-obra\/#breadcrumb\"},\"inLanguage\":\"pt-BR\",\"potentialAction\":[{\"@type\":\"ReadAction\",\"target\":[\"https:\/\/grupobraco.com.br\/conteudo\/vergalhao-direto-da-fabrica-em-anapolis-a-solucao-ideal-para-sua-obra\/\"]}]},{\"@type\":\"BreadcrumbList\",\"@id\":\"https:\/\/grupobraco.com.br\/conteudo\/vergalhao-direto-da-fabrica-em-anapolis-a-solucao-ideal-para-sua-obra\/#breadcrumb\",\"itemListElement\":[{\"@type\":\"ListItem\",\"position\":1,\"name\":\"Home\",\"item\":\"https:\/\/grupobraco.com.br\/conteudo\/\"},{\"@type\":\"ListItem\",\"position\":2,\"name\":\"Vergalh\u00e3o Direto da F\u00e1brica em An\u00e1polis: A Solu\u00e7\u00e3o Ideal para sua Obra\"}]},{\"@type\":\"WebSite\",\"@id\":\"https:\/\/grupobraco.com.br\/conteudo\/#website\",\"url\":\"https:\/\/grupobraco.com.br\/conteudo\/\",\"name\":\"Br A\u00e7o\",\"description\":\"Seus projetos na velocidade m\u00e1xima\",\"publisher\":{\"@id\":\"https:\/\/grupobraco.com.br\/conteudo\/#organization\"},\"potentialAction\":[{\"@type\":\"SearchAction\",\"target\":{\"@type\":\"EntryPoint\",\"urlTemplate\":\"https:\/\/grupobraco.com.br\/conteudo\/?s={search_term_string}\"},\"query-input\":{\"@type\":\"PropertyValueSpecification\",\"valueRequired\":true,\"valueName\":\"search_term_string\"}}],\"inLanguage\":\"pt-BR\"},{\"@type\":\"Organization\",\"@id\":\"https:\/\/grupobraco.com.br\/conteudo\/#organization\",\"name\":\"Br A\u00e7o\",\"url\":\"https:\/\/grupobraco.com.br\/conteudo\/\",\"logo\":{\"@type\":\"ImageObject\",\"inLanguage\":\"pt-BR\",\"@id\":\"https:\/\/grupobraco.com.br\/conteudo\/#\/schema\/logo\/image\/\",\"url\":\"https:\/\/grupobraco.com.br\/conteudo\/wp-content\/uploads\/2025\/04\/Z340-Logotipia-Reestruturacao-do-Branding.png\",\"contentUrl\":\"https:\/\/grupobraco.com.br\/conteudo\/wp-content\/uploads\/2025\/04\/Z340-Logotipia-Reestruturacao-do-Branding.png\",\"width\":1530,\"height\":1080,\"caption\":\"Br A\u00e7o\"},\"image\":{\"@id\":\"https:\/\/grupobraco.com.br\/conteudo\/#\/schema\/logo\/image\/\"}}]}<\/script>\n<!-- \/ Yoast SEO plugin. -->","yoast_head_json":{"title":"Vergalh\u00e3o Direto da F\u00e1brica em An\u00e1polis: Qualidade e Agilidade na sua Constru\u00e7\u00e3o","description":"A BR A\u00e7o oferece o melhor vergalh\u00e3o direto da f\u00e1brica em An\u00e1polis, com qualidade garantida e entrega r\u00e1pida. Confira!","robots":{"index":"index","follow":"follow","max-snippet":"max-snippet:-1","max-image-preview":"max-image-preview:large","max-video-preview":"max-video-preview:-1"},"canonical":"https:\/\/grupobraco.com.br\/conteudo\/vergalhao-direto-da-fabrica-em-anapolis-a-solucao-ideal-para-sua-obra\/","og_locale":"pt_BR","og_type":"article","og_title":"Vergalh\u00e3o Direto da F\u00e1brica em An\u00e1polis: Qualidade e Agilidade na sua Constru\u00e7\u00e3o","og_description":"A BR A\u00e7o oferece o melhor vergalh\u00e3o direto da f\u00e1brica em An\u00e1polis, com qualidade garantida e entrega r\u00e1pida. Confira!","og_url":"https:\/\/grupobraco.com.br\/conteudo\/vergalhao-direto-da-fabrica-em-anapolis-a-solucao-ideal-para-sua-obra\/","og_site_name":"Br A\u00e7o","twitter_card":"summary_large_image","twitter_misc":{"Est. tempo de leitura":"2 minutos"},"schema":{"@context":"https:\/\/schema.org","@graph":[{"@type":"WebPage","@id":"https:\/\/grupobraco.com.br\/conteudo\/vergalhao-direto-da-fabrica-em-anapolis-a-solucao-ideal-para-sua-obra\/","url":"https:\/\/grupobraco.com.br\/conteudo\/vergalhao-direto-da-fabrica-em-anapolis-a-solucao-ideal-para-sua-obra\/","name":"Vergalh\u00e3o Direto da F\u00e1brica em An\u00e1polis: Qualidade e Agilidade na sua Constru\u00e7\u00e3o","isPartOf":{"@id":"https:\/\/grupobraco.com.br\/conteudo\/#website"},"datePublished":"2025-03-26T06:45:53+00:00","dateModified":"2025-03-26T06:45:53+00:00","description":"A BR A\u00e7o oferece o melhor vergalh\u00e3o direto da f\u00e1brica em An\u00e1polis, com qualidade garantida e entrega r\u00e1pida. Confira!","breadcrumb":{"@id":"https:\/\/grupobraco.com.br\/conteudo\/vergalhao-direto-da-fabrica-em-anapolis-a-solucao-ideal-para-sua-obra\/#breadcrumb"},"inLanguage":"pt-BR","potentialAction":[{"@type":"ReadAction","target":["https:\/\/grupobraco.com.br\/conteudo\/vergalhao-direto-da-fabrica-em-anapolis-a-solucao-ideal-para-sua-obra\/"]}]},{"@type":"BreadcrumbList","@id":"https:\/\/grupobraco.com.br\/conteudo\/vergalhao-direto-da-fabrica-em-anapolis-a-solucao-ideal-para-sua-obra\/#breadcrumb","itemListElement":[{"@type":"ListItem","position":1,"name":"Home","item":"https:\/\/grupobraco.com.br\/conteudo\/"},{"@type":"ListItem","position":2,"name":"Vergalh\u00e3o Direto da F\u00e1brica em An\u00e1polis: A Solu\u00e7\u00e3o Ideal para sua Obra"}]},{"@type":"WebSite","@id":"https:\/\/grupobraco.com.br\/conteudo\/#website","url":"https:\/\/grupobraco.com.br\/conteudo\/","name":"Br A\u00e7o","description":"Seus projetos na velocidade m\u00e1xima","publisher":{"@id":"https:\/\/grupobraco.com.br\/conteudo\/#organization"},"potentialAction":[{"@type":"SearchAction","target":{"@type":"EntryPoint","urlTemplate":"https:\/\/grupobraco.com.br\/conteudo\/?s={search_term_string}"},"query-input":{"@type":"PropertyValueSpecification","valueRequired":true,"valueName":"search_term_string"}}],"inLanguage":"pt-BR"},{"@type":"Organization","@id":"https:\/\/grupobraco.com.br\/conteudo\/#organization","name":"Br A\u00e7o","url":"https:\/\/grupobraco.com.br\/conteudo\/","logo":{"@type":"ImageObject","inLanguage":"pt-BR","@id":"https:\/\/grupobraco.com.br\/conteudo\/#\/schema\/logo\/image\/","url":"https:\/\/grupobraco.com.br\/conteudo\/wp-content\/uploads\/2025\/04\/Z340-Logotipia-Reestruturacao-do-Branding.png","contentUrl":"https:\/\/grupobraco.com.br\/conteudo\/wp-content\/uploads\/2025\/04\/Z340-Logotipia-Reestruturacao-do-Branding.png","width":1530,"height":1080,"caption":"Br A\u00e7o"},"image":{"@id":"https:\/\/grupobraco.com.br\/conteudo\/#\/schema\/logo\/image\/"}}]}},"_links":{"self":[{"href":"https:\/\/grupobraco.com.br\/conteudo\/wp-json\/wp\/v2\/pages\/894","targetHints":{"allow":["GET"]}}],"collection":[{"href":"https:\/\/grupobraco.com.br\/conteudo\/wp-json\/wp\/v2\/pages"}],"about":[{"href":"https:\/\/grupobraco.com.br\/conteudo\/wp-json\/wp\/v2\/types\/page"}],"author":[{"embeddable":true,"href":"https:\/\/grupobraco.com.br\/conteudo\/wp-json\/wp\/v2\/users\/3"}],"replies":[{"embeddable":true,"href":"https:\/\/grupobraco.com.br\/conteudo\/wp-json\/wp\/v2\/comments?post=894"}],"version-history":[{"count":0,"href":"https:\/\/grupobraco.com.br\/conteudo\/wp-json\/wp\/v2\/pages\/894\/revisions"}],"wp:attachment":[{"href":"https:\/\/grupobraco.com.br\/conteudo\/wp-json\/wp\/v2\/media?parent=894"}],"curies":[{"name":"wp","href":"https:\/\/api.w.org\/{rel}","templated":true}]}}