{"id":8673,"date":"2025-05-08T13:00:56","date_gmt":"2025-05-08T13:00:56","guid":{"rendered":"https:\/\/grupobraco.com.br\/conteudo\/a-revolucao-do-vergalhao-em-formosa-conheca-a-br-aco\/"},"modified":"2025-05-08T13:00:56","modified_gmt":"2025-05-08T13:00:56","slug":"a-revolucao-do-vergalhao-em-formosa-conheca-a-br-aco","status":"publish","type":"page","link":"https:\/\/grupobraco.com.br\/conteudo\/a-revolucao-do-vergalhao-em-formosa-conheca-a-br-aco\/","title":{"rendered":"A Revolu\u00e7\u00e3o do Vergalh\u00e3o em Formosa: Conhe\u00e7a a BR A\u00e7o"},"content":{"rendered":"<p>Se voc\u00ea est\u00e1 em busca de uma f\u00e1brica de vergalh\u00e3o em Formosa, a BR A\u00e7o \u00e9 a escolha ideal. Com um compromisso inabal\u00e1vel com a qualidade e efici\u00eancia na produ\u00e7\u00e3o de a\u00e7o, nossa empresa se destaca como l\u00edder no setor. Localizada no cora\u00e7\u00e3o de Goi\u00e1s, a BR A\u00e7o oferece uma vasta gama de produtos de vergalh\u00e3o, destinados a atender tanto constru\u00e7\u00f5es residenciais quanto grandes obras de infraestrutura. Nossos produtos s\u00e3o fabricados com as mais modernas t\u00e9cnicas e tecnologias, garantindo n\u00e3o s\u00f3 a resist\u00eancia necess\u00e1ria, mas tamb\u00e9m uma entrega r\u00e1pida e eficaz, que \u00e9 essencial para o sucesso de qualquer projeto. Com uma equipe de profissionais altamente especializados, a BR A\u00e7o n\u00e3o apenas fornece a\u00e7o, mas tamb\u00e9m oferece experi\u00eancia e consultoria, ajudando nossos clientes a escolher as melhores solu\u00e7\u00f5es para suas necessidades espec\u00edficas. Na BR A\u00e7o, qualidade, efici\u00eancia e a velocidade na entrega fazem parte da nossa identidade. Portanto, ao escolher a nossa f\u00e1brica de vergalh\u00e3o em Formosa, voc\u00ea est\u00e1 garantindo que seus projetos sejam realizados com os melhores materiais e na velocidade que eles precisam. Al\u00e9m disso, todos os nossos processos s\u00e3o rigorosamente controlados, assegurando a conformidade com as normativas de seguran\u00e7a e as melhores pr\u00e1ticas do setor, o que refor\u00e7a nossa autoridade e confiabilidade no mercado. Seja para constru\u00e7\u00f5es pequenas ou grandes empreendimentos, na BR A\u00e7o voc\u00ea encontra o suporte e a qualidade que merece para o sucesso do seu projeto.<\/p>\n","protected":false},"excerpt":{"rendered":"<p>Se voc\u00ea est\u00e1 em busca de uma f\u00e1brica de vergalh\u00e3o em Formosa, a BR A\u00e7o \u00e9 a escolha ideal. Com um compromisso inabal\u00e1vel com a qualidade e efici\u00eancia na produ\u00e7\u00e3o de a\u00e7o, nossa empresa se destaca como l\u00edder no setor. Localizada no cora\u00e7\u00e3o de Goi\u00e1s, a BR A\u00e7o oferece uma vasta gama de produtos de&hellip;&nbsp;<a href=\"https:\/\/grupobraco.com.br\/conteudo\/a-revolucao-do-vergalhao-em-formosa-conheca-a-br-aco\/\" class=\"\" rel=\"bookmark\">Continue a ler &raquo;<span class=\"screen-reader-text\">A Revolu\u00e7\u00e3o do Vergalh\u00e3o em Formosa: Conhe\u00e7a a BR A\u00e7o<\/span><\/a><\/p>\n","protected":false},"author":3,"featured_media":0,"parent":0,"menu_order":0,"comment_status":"closed","ping_status":"closed","template":"","meta":{"_acf_changed":false,"_yoast_wpseo_focuskw":"F\u00e1brica de vergalh\u00e3o em Formosa","_yoast_wpseo_title":"F\u00e1brica de Vergalh\u00e3o em Formosa: BR A\u00e7o na Sua Obra","_yoast_wpseo_metadesc":"Descubra a melhor f\u00e1brica de vergalh\u00e3o em Formosa. A BR A\u00e7o oferece produtos de alta qualidade e entrega eficiente para sua constru\u00e7\u00e3o.","neve_meta_sidebar":"","neve_meta_container":"","neve_meta_enable_content_width":"","neve_meta_content_width":0,"neve_meta_title_alignment":"","neve_meta_author_avatar":"","neve_post_elements_order":"","neve_meta_disable_header":"","neve_meta_disable_footer":"","neve_meta_disable_title":"","footnotes":""},"class_list":["post-8673","page","type-page","status-publish","hentry"],"acf":{"introducao":"","conceitos_fundamentais":"","como_funciona":"","como_aplicar_no_dia_a_dia":"","principais_utilizacoes_e_beneficios":"","tipos_e_classificacoes":"","tecnologias_e_ferramentas_relacionadas":"","exemplos_e_casos_de_sucesso":"","mitos_e_verdades":"","perguntas_frequentes_faq":"","erros_comuns_e_como_evita-los":"","futuro_e_tendencias":"","conclusao":"","bloco1title":"Qualidade Superior","bloco1text":"Na BR A\u00e7o, nossa f\u00e1brica de vergalh\u00e3o em Formosa prioriza a qualidade em todas as etapas da produ\u00e7\u00e3o.","bloco2title":"Entrega R\u00e1pida","bloco2text":"Garantimos um servi\u00e7o de entrega pontual e eficiente, fundamental para o sucesso de qualquer obra.","bloco3title":"Inova\u00e7\u00e3o Constante","bloco3text":"Estamos sempre em busca de novas tecnologias e pr\u00e1ticas para melhorar nossos produtos e servi\u00e7os.","insightwidtitle":"Curiosidades sobre Vergalh\u00e3o","insightwidcontent":"Voc\u00ea sabia que o vergalh\u00e3o \u00e9 essencial em praticamente todas as constru\u00e7\u00f5es? Ele proporciona a resist\u00eancia necess\u00e1ria para suportar tens\u00f5es e garantir a durabilidade das estruturas. Al\u00e9m disso, a qualidade do vergalh\u00e3o pode impactar drasticamente a seguran\u00e7a da constru\u00e7\u00e3o, tornando a escolha de um bom fornecedor, como a BR A\u00e7o, ainda mais crucial no processo construtivo."},"yoast_head":"<!-- This site is optimized with the Yoast SEO plugin v23.4 - https:\/\/yoast.com\/wordpress\/plugins\/seo\/ -->\n<title>F\u00e1brica de Vergalh\u00e3o em Formosa: BR A\u00e7o na Sua Obra<\/title>\n<meta name=\"description\" content=\"Descubra a melhor f\u00e1brica de vergalh\u00e3o em Formosa. A BR A\u00e7o oferece produtos de alta qualidade e entrega eficiente para sua constru\u00e7\u00e3o.\" \/>\n<meta name=\"robots\" content=\"index, follow, max-snippet:-1, max-image-preview:large, max-video-preview:-1\" \/>\n<link rel=\"canonical\" href=\"https:\/\/grupobraco.com.br\/conteudo\/a-revolucao-do-vergalhao-em-formosa-conheca-a-br-aco\/\" \/>\n<meta property=\"og:locale\" content=\"pt_BR\" \/>\n<meta property=\"og:type\" content=\"article\" \/>\n<meta property=\"og:title\" content=\"F\u00e1brica de Vergalh\u00e3o em Formosa: BR A\u00e7o na Sua Obra\" \/>\n<meta property=\"og:description\" content=\"Descubra a melhor f\u00e1brica de vergalh\u00e3o em Formosa. A BR A\u00e7o oferece produtos de alta qualidade e entrega eficiente para sua constru\u00e7\u00e3o.\" \/>\n<meta property=\"og:url\" content=\"https:\/\/grupobraco.com.br\/conteudo\/a-revolucao-do-vergalhao-em-formosa-conheca-a-br-aco\/\" \/>\n<meta property=\"og:site_name\" content=\"Br A\u00e7o\" \/>\n<meta name=\"twitter:card\" content=\"summary_large_image\" \/>\n<meta name=\"twitter:label1\" content=\"Est. tempo de leitura\" \/>\n\t<meta name=\"twitter:data1\" content=\"1 minuto\" \/>\n<script type=\"application\/ld+json\" class=\"yoast-schema-graph\">{\"@context\":\"https:\/\/schema.org\",\"@graph\":[{\"@type\":\"WebPage\",\"@id\":\"https:\/\/grupobraco.com.br\/conteudo\/a-revolucao-do-vergalhao-em-formosa-conheca-a-br-aco\/\",\"url\":\"https:\/\/grupobraco.com.br\/conteudo\/a-revolucao-do-vergalhao-em-formosa-conheca-a-br-aco\/\",\"name\":\"F\u00e1brica de Vergalh\u00e3o em Formosa: BR A\u00e7o na Sua Obra\",\"isPartOf\":{\"@id\":\"https:\/\/grupobraco.com.br\/conteudo\/#website\"},\"datePublished\":\"2025-05-08T13:00:56+00:00\",\"dateModified\":\"2025-05-08T13:00:56+00:00\",\"description\":\"Descubra a melhor f\u00e1brica de vergalh\u00e3o em Formosa. A BR A\u00e7o oferece produtos de alta qualidade e entrega eficiente para sua constru\u00e7\u00e3o.\",\"breadcrumb\":{\"@id\":\"https:\/\/grupobraco.com.br\/conteudo\/a-revolucao-do-vergalhao-em-formosa-conheca-a-br-aco\/#breadcrumb\"},\"inLanguage\":\"pt-BR\",\"potentialAction\":[{\"@type\":\"ReadAction\",\"target\":[\"https:\/\/grupobraco.com.br\/conteudo\/a-revolucao-do-vergalhao-em-formosa-conheca-a-br-aco\/\"]}]},{\"@type\":\"BreadcrumbList\",\"@id\":\"https:\/\/grupobraco.com.br\/conteudo\/a-revolucao-do-vergalhao-em-formosa-conheca-a-br-aco\/#breadcrumb\",\"itemListElement\":[{\"@type\":\"ListItem\",\"position\":1,\"name\":\"Home\",\"item\":\"https:\/\/grupobraco.com.br\/conteudo\/\"},{\"@type\":\"ListItem\",\"position\":2,\"name\":\"A Revolu\u00e7\u00e3o do Vergalh\u00e3o em Formosa: Conhe\u00e7a a BR A\u00e7o\"}]},{\"@type\":\"WebSite\",\"@id\":\"https:\/\/grupobraco.com.br\/conteudo\/#website\",\"url\":\"https:\/\/grupobraco.com.br\/conteudo\/\",\"name\":\"Br A\u00e7o\",\"description\":\"Seus projetos na velocidade m\u00e1xima\",\"publisher\":{\"@id\":\"https:\/\/grupobraco.com.br\/conteudo\/#organization\"},\"potentialAction\":[{\"@type\":\"SearchAction\",\"target\":{\"@type\":\"EntryPoint\",\"urlTemplate\":\"https:\/\/grupobraco.com.br\/conteudo\/?s={search_term_string}\"},\"query-input\":{\"@type\":\"PropertyValueSpecification\",\"valueRequired\":true,\"valueName\":\"search_term_string\"}}],\"inLanguage\":\"pt-BR\"},{\"@type\":\"Organization\",\"@id\":\"https:\/\/grupobraco.com.br\/conteudo\/#organization\",\"name\":\"Br A\u00e7o\",\"url\":\"https:\/\/grupobraco.com.br\/conteudo\/\",\"logo\":{\"@type\":\"ImageObject\",\"inLanguage\":\"pt-BR\",\"@id\":\"https:\/\/grupobraco.com.br\/conteudo\/#\/schema\/logo\/image\/\",\"url\":\"https:\/\/grupobraco.com.br\/conteudo\/wp-content\/uploads\/2025\/04\/Z340-Logotipia-Reestruturacao-do-Branding.png\",\"contentUrl\":\"https:\/\/grupobraco.com.br\/conteudo\/wp-content\/uploads\/2025\/04\/Z340-Logotipia-Reestruturacao-do-Branding.png\",\"width\":1530,\"height\":1080,\"caption\":\"Br A\u00e7o\"},\"image\":{\"@id\":\"https:\/\/grupobraco.com.br\/conteudo\/#\/schema\/logo\/image\/\"}}]}<\/script>\n<!-- \/ Yoast SEO plugin. -->","yoast_head_json":{"title":"F\u00e1brica de Vergalh\u00e3o em Formosa: BR A\u00e7o na Sua Obra","description":"Descubra a melhor f\u00e1brica de vergalh\u00e3o em Formosa. A BR A\u00e7o oferece produtos de alta qualidade e entrega eficiente para sua constru\u00e7\u00e3o.","robots":{"index":"index","follow":"follow","max-snippet":"max-snippet:-1","max-image-preview":"max-image-preview:large","max-video-preview":"max-video-preview:-1"},"canonical":"https:\/\/grupobraco.com.br\/conteudo\/a-revolucao-do-vergalhao-em-formosa-conheca-a-br-aco\/","og_locale":"pt_BR","og_type":"article","og_title":"F\u00e1brica de Vergalh\u00e3o em Formosa: BR A\u00e7o na Sua Obra","og_description":"Descubra a melhor f\u00e1brica de vergalh\u00e3o em Formosa. A BR A\u00e7o oferece produtos de alta qualidade e entrega eficiente para sua constru\u00e7\u00e3o.","og_url":"https:\/\/grupobraco.com.br\/conteudo\/a-revolucao-do-vergalhao-em-formosa-conheca-a-br-aco\/","og_site_name":"Br A\u00e7o","twitter_card":"summary_large_image","twitter_misc":{"Est. tempo de leitura":"1 minuto"},"schema":{"@context":"https:\/\/schema.org","@graph":[{"@type":"WebPage","@id":"https:\/\/grupobraco.com.br\/conteudo\/a-revolucao-do-vergalhao-em-formosa-conheca-a-br-aco\/","url":"https:\/\/grupobraco.com.br\/conteudo\/a-revolucao-do-vergalhao-em-formosa-conheca-a-br-aco\/","name":"F\u00e1brica de Vergalh\u00e3o em Formosa: BR A\u00e7o na Sua Obra","isPartOf":{"@id":"https:\/\/grupobraco.com.br\/conteudo\/#website"},"datePublished":"2025-05-08T13:00:56+00:00","dateModified":"2025-05-08T13:00:56+00:00","description":"Descubra a melhor f\u00e1brica de vergalh\u00e3o em Formosa. A BR A\u00e7o oferece produtos de alta qualidade e entrega eficiente para sua constru\u00e7\u00e3o.","breadcrumb":{"@id":"https:\/\/grupobraco.com.br\/conteudo\/a-revolucao-do-vergalhao-em-formosa-conheca-a-br-aco\/#breadcrumb"},"inLanguage":"pt-BR","potentialAction":[{"@type":"ReadAction","target":["https:\/\/grupobraco.com.br\/conteudo\/a-revolucao-do-vergalhao-em-formosa-conheca-a-br-aco\/"]}]},{"@type":"BreadcrumbList","@id":"https:\/\/grupobraco.com.br\/conteudo\/a-revolucao-do-vergalhao-em-formosa-conheca-a-br-aco\/#breadcrumb","itemListElement":[{"@type":"ListItem","position":1,"name":"Home","item":"https:\/\/grupobraco.com.br\/conteudo\/"},{"@type":"ListItem","position":2,"name":"A Revolu\u00e7\u00e3o do Vergalh\u00e3o em Formosa: Conhe\u00e7a a BR A\u00e7o"}]},{"@type":"WebSite","@id":"https:\/\/grupobraco.com.br\/conteudo\/#website","url":"https:\/\/grupobraco.com.br\/conteudo\/","name":"Br A\u00e7o","description":"Seus projetos na velocidade m\u00e1xima","publisher":{"@id":"https:\/\/grupobraco.com.br\/conteudo\/#organization"},"potentialAction":[{"@type":"SearchAction","target":{"@type":"EntryPoint","urlTemplate":"https:\/\/grupobraco.com.br\/conteudo\/?s={search_term_string}"},"query-input":{"@type":"PropertyValueSpecification","valueRequired":true,"valueName":"search_term_string"}}],"inLanguage":"pt-BR"},{"@type":"Organization","@id":"https:\/\/grupobraco.com.br\/conteudo\/#organization","name":"Br A\u00e7o","url":"https:\/\/grupobraco.com.br\/conteudo\/","logo":{"@type":"ImageObject","inLanguage":"pt-BR","@id":"https:\/\/grupobraco.com.br\/conteudo\/#\/schema\/logo\/image\/","url":"https:\/\/grupobraco.com.br\/conteudo\/wp-content\/uploads\/2025\/04\/Z340-Logotipia-Reestruturacao-do-Branding.png","contentUrl":"https:\/\/grupobraco.com.br\/conteudo\/wp-content\/uploads\/2025\/04\/Z340-Logotipia-Reestruturacao-do-Branding.png","width":1530,"height":1080,"caption":"Br A\u00e7o"},"image":{"@id":"https:\/\/grupobraco.com.br\/conteudo\/#\/schema\/logo\/image\/"}}]}},"_links":{"self":[{"href":"https:\/\/grupobraco.com.br\/conteudo\/wp-json\/wp\/v2\/pages\/8673","targetHints":{"allow":["GET"]}}],"collection":[{"href":"https:\/\/grupobraco.com.br\/conteudo\/wp-json\/wp\/v2\/pages"}],"about":[{"href":"https:\/\/grupobraco.com.br\/conteudo\/wp-json\/wp\/v2\/types\/page"}],"author":[{"embeddable":true,"href":"https:\/\/grupobraco.com.br\/conteudo\/wp-json\/wp\/v2\/users\/3"}],"replies":[{"embeddable":true,"href":"https:\/\/grupobraco.com.br\/conteudo\/wp-json\/wp\/v2\/comments?post=8673"}],"version-history":[{"count":0,"href":"https:\/\/grupobraco.com.br\/conteudo\/wp-json\/wp\/v2\/pages\/8673\/revisions"}],"wp:attachment":[{"href":"https:\/\/grupobraco.com.br\/conteudo\/wp-json\/wp\/v2\/media?parent=8673"}],"curies":[{"name":"wp","href":"https:\/\/api.w.org\/{rel}","templated":true}]}}