{"id":8638,"date":"2025-05-08T08:45:55","date_gmt":"2025-05-08T08:45:55","guid":{"rendered":"https:\/\/grupobraco.com.br\/conteudo\/vergalhao-direto-da-fabrica-em-itumbiara-a-solucao-perfeita-para-sua-construcao\/"},"modified":"2025-05-08T08:45:55","modified_gmt":"2025-05-08T08:45:55","slug":"vergalhao-direto-da-fabrica-em-itumbiara-a-solucao-perfeita-para-sua-construcao","status":"publish","type":"page","link":"https:\/\/grupobraco.com.br\/conteudo\/vergalhao-direto-da-fabrica-em-itumbiara-a-solucao-perfeita-para-sua-construcao\/","title":{"rendered":"Vergalh\u00e3o Direto da F\u00e1brica em Itumbiara: A Solu\u00e7\u00e3o Perfeita para Sua Constru\u00e7\u00e3o"},"content":{"rendered":"<p>Se voc\u00ea est\u00e1 em busca de vergalh\u00e3o direto da f\u00e1brica em Itumbiara, a BR A\u00e7o \u00e9 a sua melhor escolha. Estamos diretamente ligados ao processo de produ\u00e7\u00e3o do a\u00e7o, garantindo a qualidade e a efici\u00eancia que seus projetos exigem. Desde a funda\u00e7\u00e3o da BR A\u00e7o, nosso compromisso com a excel\u00eancia tem sido a base do nosso sucesso. Nos destacamos como a maior refer\u00eancia na ind\u00fastria de a\u00e7o para constru\u00e7\u00e3o civil em Goi\u00e1s, e isso n\u00e3o \u00e9 por acaso. Nossa linha de produtos entrega n\u00e3o s\u00f3 resist\u00eancia, mas tamb\u00e9m agilidade na entrega. Com um foco completo no cliente, superamos desafios e fornecemos apenas o melhor. Seus projetos merecem o que h\u00e1 de melhor, e o vergalh\u00e3o direto da f\u00e1brica em Itumbiara \u00e9 exatamente o que voc\u00ea precisa para garantir durabilidade e resist\u00eancia em suas obras. Nossa fabrica\u00e7\u00e3o em Itumbiara permite abranger todo o estado de Goi\u00e1s, tornando a BR A\u00e7o a sua op\u00e7\u00e3o mais vi\u00e1vel e confi\u00e1vel. Al\u00e9m disso, temos um compromisso com a inova\u00e7\u00e3o cont\u00ednua, garantindo que nossos processos sejam os mais modernos e eficientes. Ao optar pelo nosso vergalh\u00e3o, voc\u00ea tem a certeza de que est\u00e1 adquirindo um produto que passou por rigorosos testes de qualidade, assegurando resultados superiores em cada projeto. Seja na constru\u00e7\u00e3o de pr\u00e9dios, casas ou grandes estruturas, o vergalh\u00e3o direto da f\u00e1brica em Itumbiara \u00e9 um produto essencial. Nosso time de especialistas est\u00e1 sempre pronto para oferecer suporte e consultoria, ajudando voc\u00ea na escolha do material mais adequado para suas necessidades. S\u00e3o anos de experi\u00eancia que nos tornam refer\u00eancia no mercado e oferecem a voc\u00ea a confian\u00e7a que precisa para investir em sua obra. A BR A\u00e7o entende que cada segundo conta no prazo de entrega de obras, por isso, estamos comprometidos a realizar a entrega do vergalh\u00e3o em tempo recorde, alinhando qualidade e agilidade. Al\u00e9m disso, estamos sempre atualizados com as exig\u00eancias do setor e prontos para atender todas as necessidades dos nossos clientes. Quando voc\u00ea escolhe a BR A\u00e7o, est\u00e1 escolhendo uma empresa que prioriza sua satisfa\u00e7\u00e3o e que est\u00e1 sempre em busca de melhorias e inova\u00e7\u00f5es. Nossos vergalh\u00f5es t\u00eam sido amplamente utilizados em diversos projetos de sucesso, e temos orgulho de fazer parte das suas conquistas. N\u00e3o deixe de considerar o vergalh\u00e3o direto da f\u00e1brica em Itumbiara para os seus pr\u00f3ximos projetos; ele \u00e9 a solu\u00e7\u00e3o que faltava para garantir efici\u00eancia e seguran\u00e7a na sua obra. Entre em contato agora mesmo e venha saber mais sobre como a BR A\u00e7o pode fazer a diferen\u00e7a na constru\u00e7\u00e3o do seu futuro. Estamos aqui para transformar suas ideias em realidade e entregar resultados excepcionais. A rapidez, qualidade e confiabilidade da nossa equipe s\u00e3o os diferenciais que fazem da BR A\u00e7o a escolha certa para o seu projeto. Com vergalh\u00e3o direto da f\u00e1brica em Itumbiara, os seus planos ganham agilidade e seguran\u00e7a, permitindo que voc\u00ea avance com confian\u00e7a no que mais importa: a constru\u00e7\u00e3o do seu lar, obra ou empreendimento. Lembre-se: na BR A\u00e7o, seus projetos andam na velocidade m\u00e1xima.<\/p>\n","protected":false},"excerpt":{"rendered":"<p>Se voc\u00ea est\u00e1 em busca de vergalh\u00e3o direto da f\u00e1brica em Itumbiara, a BR A\u00e7o \u00e9 a sua melhor escolha. Estamos diretamente ligados ao processo de produ\u00e7\u00e3o do a\u00e7o, garantindo a qualidade e a efici\u00eancia que seus projetos exigem. Desde a funda\u00e7\u00e3o da BR A\u00e7o, nosso compromisso com a excel\u00eancia tem sido a base do&hellip;&nbsp;<a href=\"https:\/\/grupobraco.com.br\/conteudo\/vergalhao-direto-da-fabrica-em-itumbiara-a-solucao-perfeita-para-sua-construcao\/\" class=\"\" rel=\"bookmark\">Continue a ler &raquo;<span class=\"screen-reader-text\">Vergalh\u00e3o Direto da F\u00e1brica em Itumbiara: A Solu\u00e7\u00e3o Perfeita para Sua Constru\u00e7\u00e3o<\/span><\/a><\/p>\n","protected":false},"author":3,"featured_media":0,"parent":0,"menu_order":0,"comment_status":"closed","ping_status":"closed","template":"","meta":{"_acf_changed":false,"_yoast_wpseo_focuskw":"vergalh\u00e3o direto da f\u00e1brica em Itumbiara","_yoast_wpseo_title":"Vergalh\u00e3o Direto da F\u00e1brica em Itumbiara - BR A\u00e7o: Qualidade e Velocidade","_yoast_wpseo_metadesc":"Descubra o vergalh\u00e3o direto da f\u00e1brica em Itumbiara com a BR A\u00e7o. Qualidade, rapidez e efici\u00eancia para suas obras.","neve_meta_sidebar":"","neve_meta_container":"","neve_meta_enable_content_width":"","neve_meta_content_width":0,"neve_meta_title_alignment":"","neve_meta_author_avatar":"","neve_post_elements_order":"","neve_meta_disable_header":"","neve_meta_disable_footer":"","neve_meta_disable_title":"","footnotes":""},"class_list":["post-8638","page","type-page","status-publish","hentry"],"acf":{"introducao":"","conceitos_fundamentais":"","como_funciona":"","como_aplicar_no_dia_a_dia":"","principais_utilizacoes_e_beneficios":"","tipos_e_classificacoes":"","tecnologias_e_ferramentas_relacionadas":"","exemplos_e_casos_de_sucesso":"","mitos_e_verdades":"","perguntas_frequentes_faq":"","erros_comuns_e_como_evita-los":"","futuro_e_tendencias":"","conclusao":"","bloco1title":"Qualidade Superior","bloco1text":"O vergalh\u00e3o da BR A\u00e7o \u00e9 produzido com altos padr\u00f5es de qualidade, garantindo resist\u00eancia e durabilidade para suas obras.","bloco2title":"Entrega R\u00e1pida","bloco2text":"Com log\u00edstica eficiente, seu vergalh\u00e3o chega rapidamente \u00e0 sua obra, sem comprometer a qualidade.","bloco3title":"A Import\u00e2ncia do A\u00e7o","bloco3text":"O vergalh\u00e3o desempenha um papel crucial na estrutura\u00e7\u00e3o de edifica\u00e7\u00f5es, oferecendo suporte e seguran\u00e7a \u00e0s constru\u00e7\u00f5es.","insightwidtitle":"Curiosidades sobre A\u00e7o","insightwidcontent":"Voc\u00ea sabia que o a\u00e7o \u00e9 um dos materiais mais recicl\u00e1veis do mundo? Praticamente 100% do a\u00e7o pode ser reciclado, tornando-o uma escolha sustent\u00e1vel para a constru\u00e7\u00e3o civil. Al\u00e9m disso, o a\u00e7o \u00e9 30 vezes mais forte que madeira, o que o torna ideal para estruturas robustas."},"yoast_head":"<!-- This site is optimized with the Yoast SEO plugin v23.4 - https:\/\/yoast.com\/wordpress\/plugins\/seo\/ -->\n<title>Vergalh\u00e3o Direto da F\u00e1brica em Itumbiara - BR A\u00e7o: Qualidade e Velocidade<\/title>\n<meta name=\"description\" content=\"Descubra o vergalh\u00e3o direto da f\u00e1brica em Itumbiara com a BR A\u00e7o. Qualidade, rapidez e efici\u00eancia para suas obras.\" \/>\n<meta name=\"robots\" content=\"index, follow, max-snippet:-1, max-image-preview:large, max-video-preview:-1\" \/>\n<link rel=\"canonical\" href=\"https:\/\/grupobraco.com.br\/conteudo\/vergalhao-direto-da-fabrica-em-itumbiara-a-solucao-perfeita-para-sua-construcao\/\" \/>\n<meta property=\"og:locale\" content=\"pt_BR\" \/>\n<meta property=\"og:type\" content=\"article\" \/>\n<meta property=\"og:title\" content=\"Vergalh\u00e3o Direto da F\u00e1brica em Itumbiara - BR A\u00e7o: Qualidade e Velocidade\" \/>\n<meta property=\"og:description\" content=\"Descubra o vergalh\u00e3o direto da f\u00e1brica em Itumbiara com a BR A\u00e7o. Qualidade, rapidez e efici\u00eancia para suas obras.\" \/>\n<meta property=\"og:url\" content=\"https:\/\/grupobraco.com.br\/conteudo\/vergalhao-direto-da-fabrica-em-itumbiara-a-solucao-perfeita-para-sua-construcao\/\" \/>\n<meta property=\"og:site_name\" content=\"Br A\u00e7o\" \/>\n<meta name=\"twitter:card\" content=\"summary_large_image\" \/>\n<meta name=\"twitter:label1\" content=\"Est. tempo de leitura\" \/>\n\t<meta name=\"twitter:data1\" content=\"3 minutos\" \/>\n<script type=\"application\/ld+json\" class=\"yoast-schema-graph\">{\"@context\":\"https:\/\/schema.org\",\"@graph\":[{\"@type\":\"WebPage\",\"@id\":\"https:\/\/grupobraco.com.br\/conteudo\/vergalhao-direto-da-fabrica-em-itumbiara-a-solucao-perfeita-para-sua-construcao\/\",\"url\":\"https:\/\/grupobraco.com.br\/conteudo\/vergalhao-direto-da-fabrica-em-itumbiara-a-solucao-perfeita-para-sua-construcao\/\",\"name\":\"Vergalh\u00e3o Direto da F\u00e1brica em Itumbiara - BR A\u00e7o: Qualidade e Velocidade\",\"isPartOf\":{\"@id\":\"https:\/\/grupobraco.com.br\/conteudo\/#website\"},\"datePublished\":\"2025-05-08T08:45:55+00:00\",\"dateModified\":\"2025-05-08T08:45:55+00:00\",\"description\":\"Descubra o vergalh\u00e3o direto da f\u00e1brica em Itumbiara com a BR A\u00e7o. Qualidade, rapidez e efici\u00eancia para suas obras.\",\"breadcrumb\":{\"@id\":\"https:\/\/grupobraco.com.br\/conteudo\/vergalhao-direto-da-fabrica-em-itumbiara-a-solucao-perfeita-para-sua-construcao\/#breadcrumb\"},\"inLanguage\":\"pt-BR\",\"potentialAction\":[{\"@type\":\"ReadAction\",\"target\":[\"https:\/\/grupobraco.com.br\/conteudo\/vergalhao-direto-da-fabrica-em-itumbiara-a-solucao-perfeita-para-sua-construcao\/\"]}]},{\"@type\":\"BreadcrumbList\",\"@id\":\"https:\/\/grupobraco.com.br\/conteudo\/vergalhao-direto-da-fabrica-em-itumbiara-a-solucao-perfeita-para-sua-construcao\/#breadcrumb\",\"itemListElement\":[{\"@type\":\"ListItem\",\"position\":1,\"name\":\"Home\",\"item\":\"https:\/\/grupobraco.com.br\/conteudo\/\"},{\"@type\":\"ListItem\",\"position\":2,\"name\":\"Vergalh\u00e3o Direto da F\u00e1brica em Itumbiara: A Solu\u00e7\u00e3o Perfeita para Sua Constru\u00e7\u00e3o\"}]},{\"@type\":\"WebSite\",\"@id\":\"https:\/\/grupobraco.com.br\/conteudo\/#website\",\"url\":\"https:\/\/grupobraco.com.br\/conteudo\/\",\"name\":\"Br A\u00e7o\",\"description\":\"Seus projetos na velocidade m\u00e1xima\",\"publisher\":{\"@id\":\"https:\/\/grupobraco.com.br\/conteudo\/#organization\"},\"potentialAction\":[{\"@type\":\"SearchAction\",\"target\":{\"@type\":\"EntryPoint\",\"urlTemplate\":\"https:\/\/grupobraco.com.br\/conteudo\/?s={search_term_string}\"},\"query-input\":{\"@type\":\"PropertyValueSpecification\",\"valueRequired\":true,\"valueName\":\"search_term_string\"}}],\"inLanguage\":\"pt-BR\"},{\"@type\":\"Organization\",\"@id\":\"https:\/\/grupobraco.com.br\/conteudo\/#organization\",\"name\":\"Br A\u00e7o\",\"url\":\"https:\/\/grupobraco.com.br\/conteudo\/\",\"logo\":{\"@type\":\"ImageObject\",\"inLanguage\":\"pt-BR\",\"@id\":\"https:\/\/grupobraco.com.br\/conteudo\/#\/schema\/logo\/image\/\",\"url\":\"https:\/\/grupobraco.com.br\/conteudo\/wp-content\/uploads\/2025\/04\/Z340-Logotipia-Reestruturacao-do-Branding.png\",\"contentUrl\":\"https:\/\/grupobraco.com.br\/conteudo\/wp-content\/uploads\/2025\/04\/Z340-Logotipia-Reestruturacao-do-Branding.png\",\"width\":1530,\"height\":1080,\"caption\":\"Br A\u00e7o\"},\"image\":{\"@id\":\"https:\/\/grupobraco.com.br\/conteudo\/#\/schema\/logo\/image\/\"}}]}<\/script>\n<!-- \/ Yoast SEO plugin. -->","yoast_head_json":{"title":"Vergalh\u00e3o Direto da F\u00e1brica em Itumbiara - BR A\u00e7o: Qualidade e Velocidade","description":"Descubra o vergalh\u00e3o direto da f\u00e1brica em Itumbiara com a BR A\u00e7o. Qualidade, rapidez e efici\u00eancia para suas obras.","robots":{"index":"index","follow":"follow","max-snippet":"max-snippet:-1","max-image-preview":"max-image-preview:large","max-video-preview":"max-video-preview:-1"},"canonical":"https:\/\/grupobraco.com.br\/conteudo\/vergalhao-direto-da-fabrica-em-itumbiara-a-solucao-perfeita-para-sua-construcao\/","og_locale":"pt_BR","og_type":"article","og_title":"Vergalh\u00e3o Direto da F\u00e1brica em Itumbiara - BR A\u00e7o: Qualidade e Velocidade","og_description":"Descubra o vergalh\u00e3o direto da f\u00e1brica em Itumbiara com a BR A\u00e7o. Qualidade, rapidez e efici\u00eancia para suas obras.","og_url":"https:\/\/grupobraco.com.br\/conteudo\/vergalhao-direto-da-fabrica-em-itumbiara-a-solucao-perfeita-para-sua-construcao\/","og_site_name":"Br A\u00e7o","twitter_card":"summary_large_image","twitter_misc":{"Est. tempo de leitura":"3 minutos"},"schema":{"@context":"https:\/\/schema.org","@graph":[{"@type":"WebPage","@id":"https:\/\/grupobraco.com.br\/conteudo\/vergalhao-direto-da-fabrica-em-itumbiara-a-solucao-perfeita-para-sua-construcao\/","url":"https:\/\/grupobraco.com.br\/conteudo\/vergalhao-direto-da-fabrica-em-itumbiara-a-solucao-perfeita-para-sua-construcao\/","name":"Vergalh\u00e3o Direto da F\u00e1brica em Itumbiara - BR A\u00e7o: Qualidade e Velocidade","isPartOf":{"@id":"https:\/\/grupobraco.com.br\/conteudo\/#website"},"datePublished":"2025-05-08T08:45:55+00:00","dateModified":"2025-05-08T08:45:55+00:00","description":"Descubra o vergalh\u00e3o direto da f\u00e1brica em Itumbiara com a BR A\u00e7o. Qualidade, rapidez e efici\u00eancia para suas obras.","breadcrumb":{"@id":"https:\/\/grupobraco.com.br\/conteudo\/vergalhao-direto-da-fabrica-em-itumbiara-a-solucao-perfeita-para-sua-construcao\/#breadcrumb"},"inLanguage":"pt-BR","potentialAction":[{"@type":"ReadAction","target":["https:\/\/grupobraco.com.br\/conteudo\/vergalhao-direto-da-fabrica-em-itumbiara-a-solucao-perfeita-para-sua-construcao\/"]}]},{"@type":"BreadcrumbList","@id":"https:\/\/grupobraco.com.br\/conteudo\/vergalhao-direto-da-fabrica-em-itumbiara-a-solucao-perfeita-para-sua-construcao\/#breadcrumb","itemListElement":[{"@type":"ListItem","position":1,"name":"Home","item":"https:\/\/grupobraco.com.br\/conteudo\/"},{"@type":"ListItem","position":2,"name":"Vergalh\u00e3o Direto da F\u00e1brica em Itumbiara: A Solu\u00e7\u00e3o Perfeita para Sua Constru\u00e7\u00e3o"}]},{"@type":"WebSite","@id":"https:\/\/grupobraco.com.br\/conteudo\/#website","url":"https:\/\/grupobraco.com.br\/conteudo\/","name":"Br A\u00e7o","description":"Seus projetos na velocidade m\u00e1xima","publisher":{"@id":"https:\/\/grupobraco.com.br\/conteudo\/#organization"},"potentialAction":[{"@type":"SearchAction","target":{"@type":"EntryPoint","urlTemplate":"https:\/\/grupobraco.com.br\/conteudo\/?s={search_term_string}"},"query-input":{"@type":"PropertyValueSpecification","valueRequired":true,"valueName":"search_term_string"}}],"inLanguage":"pt-BR"},{"@type":"Organization","@id":"https:\/\/grupobraco.com.br\/conteudo\/#organization","name":"Br A\u00e7o","url":"https:\/\/grupobraco.com.br\/conteudo\/","logo":{"@type":"ImageObject","inLanguage":"pt-BR","@id":"https:\/\/grupobraco.com.br\/conteudo\/#\/schema\/logo\/image\/","url":"https:\/\/grupobraco.com.br\/conteudo\/wp-content\/uploads\/2025\/04\/Z340-Logotipia-Reestruturacao-do-Branding.png","contentUrl":"https:\/\/grupobraco.com.br\/conteudo\/wp-content\/uploads\/2025\/04\/Z340-Logotipia-Reestruturacao-do-Branding.png","width":1530,"height":1080,"caption":"Br A\u00e7o"},"image":{"@id":"https:\/\/grupobraco.com.br\/conteudo\/#\/schema\/logo\/image\/"}}]}},"_links":{"self":[{"href":"https:\/\/grupobraco.com.br\/conteudo\/wp-json\/wp\/v2\/pages\/8638","targetHints":{"allow":["GET"]}}],"collection":[{"href":"https:\/\/grupobraco.com.br\/conteudo\/wp-json\/wp\/v2\/pages"}],"about":[{"href":"https:\/\/grupobraco.com.br\/conteudo\/wp-json\/wp\/v2\/types\/page"}],"author":[{"embeddable":true,"href":"https:\/\/grupobraco.com.br\/conteudo\/wp-json\/wp\/v2\/users\/3"}],"replies":[{"embeddable":true,"href":"https:\/\/grupobraco.com.br\/conteudo\/wp-json\/wp\/v2\/comments?post=8638"}],"version-history":[{"count":0,"href":"https:\/\/grupobraco.com.br\/conteudo\/wp-json\/wp\/v2\/pages\/8638\/revisions"}],"wp:attachment":[{"href":"https:\/\/grupobraco.com.br\/conteudo\/wp-json\/wp\/v2\/media?parent=8638"}],"curies":[{"name":"wp","href":"https:\/\/api.w.org\/{rel}","templated":true}]}}