{"id":8569,"date":"2025-05-08T00:00:59","date_gmt":"2025-05-08T00:00:59","guid":{"rendered":"https:\/\/grupobraco.com.br\/conteudo\/br-aco-a-fabrica-de-vergalhao-em-aparecida-de-goiania-que-transforma-seus-projetos\/"},"modified":"2025-05-08T00:00:59","modified_gmt":"2025-05-08T00:00:59","slug":"br-aco-a-fabrica-de-vergalhao-em-aparecida-de-goiania-que-transforma-seus-projetos","status":"publish","type":"page","link":"https:\/\/grupobraco.com.br\/conteudo\/br-aco-a-fabrica-de-vergalhao-em-aparecida-de-goiania-que-transforma-seus-projetos\/","title":{"rendered":"BR A\u00e7o: A F\u00e1brica de Vergalh\u00e3o em Aparecida de Goi\u00e2nia que Transforma Seus Projetos"},"content":{"rendered":"<p>Se voc\u00ea est\u00e1 em busca de uma f\u00e1brica de vergalh\u00e3o em Aparecida de Goi\u00e2nia, a BR A\u00e7o \u00e9 a solu\u00e7\u00e3o perfeita para suas necessidades. N\u00f3s nos destacamos no setor de constru\u00e7\u00e3o civil, oferecendo produtos de alta qualidade e servi\u00e7os diferenciados para atender \u00e0s exig\u00eancias do mercado. Com uma infraestrutura moderna e uma equipe altamente especializada, garantimos que voc\u00ea receba o vergalh\u00e3o ideal para o seu projeto, com entrega r\u00e1pida e eficiente. Na BR A\u00e7o, entendemos a import\u00e2ncia de cada detalhe na constru\u00e7\u00e3o, por isso, nos comprometemos a fornecer materiais que atendam aos mais rigorosos padr\u00f5es de qualidade. Nossa miss\u00e3o \u00e9 fazer com que seus projetos sejam realizados na velocidade m\u00e1xima, sem comprometer a seguran\u00e7a e integridade da sua obra. Al\u00e9m disso, nossos colaboradores s\u00e3o apaixonados pelo que fazem e t\u00eam experi\u00eancia no setor, o que nos confere autoridade e confiabilidade. Se procura uma f\u00e1brica de vergalh\u00e3o em Aparecida de Goi\u00e2nia, a BR A\u00e7o \u00e9 a escolha certa!<\/p>\n","protected":false},"excerpt":{"rendered":"<p>Se voc\u00ea est\u00e1 em busca de uma f\u00e1brica de vergalh\u00e3o em Aparecida de Goi\u00e2nia, a BR A\u00e7o \u00e9 a solu\u00e7\u00e3o perfeita para suas necessidades. N\u00f3s nos destacamos no setor de constru\u00e7\u00e3o civil, oferecendo produtos de alta qualidade e servi\u00e7os diferenciados para atender \u00e0s exig\u00eancias do mercado. Com uma infraestrutura moderna e uma equipe altamente especializada,&hellip;&nbsp;<a href=\"https:\/\/grupobraco.com.br\/conteudo\/br-aco-a-fabrica-de-vergalhao-em-aparecida-de-goiania-que-transforma-seus-projetos\/\" class=\"\" rel=\"bookmark\">Continue a ler &raquo;<span class=\"screen-reader-text\">BR A\u00e7o: A F\u00e1brica de Vergalh\u00e3o em Aparecida de Goi\u00e2nia que Transforma Seus Projetos<\/span><\/a><\/p>\n","protected":false},"author":3,"featured_media":0,"parent":0,"menu_order":0,"comment_status":"closed","ping_status":"closed","template":"","meta":{"_acf_changed":false,"_yoast_wpseo_focuskw":"F\u00e1brica de vergalh\u00e3o em Aparecida de Goi\u00e2nia","_yoast_wpseo_title":"F\u00e1brica de Vergalh\u00e3o em Aparecida de Goi\u00e2nia - BR A\u00e7o","_yoast_wpseo_metadesc":"Conhe\u00e7a a BR A\u00e7o, a principal f\u00e1brica de vergalh\u00e3o em Aparecida de Goi\u00e2nia, oferecendo produtos de alta qualidade e entregas r\u00e1pidas.","neve_meta_sidebar":"","neve_meta_container":"","neve_meta_enable_content_width":"","neve_meta_content_width":0,"neve_meta_title_alignment":"","neve_meta_author_avatar":"","neve_post_elements_order":"","neve_meta_disable_header":"","neve_meta_disable_footer":"","neve_meta_disable_title":"","footnotes":""},"class_list":["post-8569","page","type-page","status-publish","hentry"],"acf":{"introducao":"","conceitos_fundamentais":"","como_funciona":"","como_aplicar_no_dia_a_dia":"","principais_utilizacoes_e_beneficios":"","tipos_e_classificacoes":"","tecnologias_e_ferramentas_relacionadas":"","exemplos_e_casos_de_sucesso":"","mitos_e_verdades":"","perguntas_frequentes_faq":"","erros_comuns_e_como_evita-los":"","futuro_e_tendencias":"","conclusao":"","bloco1title":"Qualidade garantida","bloco1text":"Na BR A\u00e7o, a qualidade do vergalh\u00e3o \u00e9 prioridade, assegurando seguran\u00e7a e durabilidade em suas constru\u00e7\u00f5es.","bloco2title":"Entregas r\u00e1pidas","bloco2text":"Comprometemo-nos a oferecer prazos de entrega r\u00e1pidos, garantindo que seu projeto n\u00e3o sofra atrasos.","bloco3title":"Solu\u00e7\u00f5es inovadoras","bloco3text":"Estamos sempre buscando inova\u00e7\u00f5es em nossos produtos e servi\u00e7os, para atender as demandas do mercado de constru\u00e7\u00e3o civil.","insightwidtitle":"Curiosidades sobre o Vergalh\u00e3o","insightwidcontent":"O vergalh\u00e3o \u00e9 fundamental para a constru\u00e7\u00e3o de estruturas r\u00edgidas e seguras. Sabia que o primeiro vergalh\u00e3o utilizado em constru\u00e7\u00f5es foi feito em a\u00e7o laminado em 1800? Desde ent\u00e3o, a tecnologia e os processos de fabrica\u00e7\u00e3o evolu\u00edram significativamente, aprimorando a resist\u00eancia e adaptabilidade do material para diferentes condi\u00e7\u00f5es de uso. Al\u00e9m disso, a escolha do tipo de vergalh\u00e3o pode influenciar na durabilidade e na performance estrutural da edifica\u00e7\u00e3o, tornando a consulta a especialistas como os da BR A\u00e7o essencial para um projeto bem-sucedido."},"yoast_head":"<!-- This site is optimized with the Yoast SEO plugin v23.4 - https:\/\/yoast.com\/wordpress\/plugins\/seo\/ -->\n<title>F\u00e1brica de Vergalh\u00e3o em Aparecida de Goi\u00e2nia - BR A\u00e7o<\/title>\n<meta name=\"description\" content=\"Conhe\u00e7a a BR A\u00e7o, a principal f\u00e1brica de vergalh\u00e3o em Aparecida de Goi\u00e2nia, oferecendo produtos de alta qualidade e entregas r\u00e1pidas.\" \/>\n<meta name=\"robots\" content=\"index, follow, max-snippet:-1, max-image-preview:large, max-video-preview:-1\" \/>\n<link rel=\"canonical\" href=\"https:\/\/grupobraco.com.br\/conteudo\/br-aco-a-fabrica-de-vergalhao-em-aparecida-de-goiania-que-transforma-seus-projetos\/\" \/>\n<meta property=\"og:locale\" content=\"pt_BR\" \/>\n<meta property=\"og:type\" content=\"article\" \/>\n<meta property=\"og:title\" content=\"F\u00e1brica de Vergalh\u00e3o em Aparecida de Goi\u00e2nia - BR A\u00e7o\" \/>\n<meta property=\"og:description\" content=\"Conhe\u00e7a a BR A\u00e7o, a principal f\u00e1brica de vergalh\u00e3o em Aparecida de Goi\u00e2nia, oferecendo produtos de alta qualidade e entregas r\u00e1pidas.\" \/>\n<meta property=\"og:url\" content=\"https:\/\/grupobraco.com.br\/conteudo\/br-aco-a-fabrica-de-vergalhao-em-aparecida-de-goiania-que-transforma-seus-projetos\/\" \/>\n<meta property=\"og:site_name\" content=\"Br A\u00e7o\" \/>\n<meta name=\"twitter:card\" content=\"summary_large_image\" \/>\n<meta name=\"twitter:label1\" content=\"Est. tempo de leitura\" \/>\n\t<meta name=\"twitter:data1\" content=\"1 minuto\" \/>\n<script type=\"application\/ld+json\" class=\"yoast-schema-graph\">{\"@context\":\"https:\/\/schema.org\",\"@graph\":[{\"@type\":\"WebPage\",\"@id\":\"https:\/\/grupobraco.com.br\/conteudo\/br-aco-a-fabrica-de-vergalhao-em-aparecida-de-goiania-que-transforma-seus-projetos\/\",\"url\":\"https:\/\/grupobraco.com.br\/conteudo\/br-aco-a-fabrica-de-vergalhao-em-aparecida-de-goiania-que-transforma-seus-projetos\/\",\"name\":\"F\u00e1brica de Vergalh\u00e3o em Aparecida de Goi\u00e2nia - BR A\u00e7o\",\"isPartOf\":{\"@id\":\"https:\/\/grupobraco.com.br\/conteudo\/#website\"},\"datePublished\":\"2025-05-08T00:00:59+00:00\",\"dateModified\":\"2025-05-08T00:00:59+00:00\",\"description\":\"Conhe\u00e7a a BR A\u00e7o, a principal f\u00e1brica de vergalh\u00e3o em Aparecida de Goi\u00e2nia, oferecendo produtos de alta qualidade e entregas r\u00e1pidas.\",\"breadcrumb\":{\"@id\":\"https:\/\/grupobraco.com.br\/conteudo\/br-aco-a-fabrica-de-vergalhao-em-aparecida-de-goiania-que-transforma-seus-projetos\/#breadcrumb\"},\"inLanguage\":\"pt-BR\",\"potentialAction\":[{\"@type\":\"ReadAction\",\"target\":[\"https:\/\/grupobraco.com.br\/conteudo\/br-aco-a-fabrica-de-vergalhao-em-aparecida-de-goiania-que-transforma-seus-projetos\/\"]}]},{\"@type\":\"BreadcrumbList\",\"@id\":\"https:\/\/grupobraco.com.br\/conteudo\/br-aco-a-fabrica-de-vergalhao-em-aparecida-de-goiania-que-transforma-seus-projetos\/#breadcrumb\",\"itemListElement\":[{\"@type\":\"ListItem\",\"position\":1,\"name\":\"Home\",\"item\":\"https:\/\/grupobraco.com.br\/conteudo\/\"},{\"@type\":\"ListItem\",\"position\":2,\"name\":\"BR A\u00e7o: A F\u00e1brica de Vergalh\u00e3o em Aparecida de Goi\u00e2nia que Transforma Seus Projetos\"}]},{\"@type\":\"WebSite\",\"@id\":\"https:\/\/grupobraco.com.br\/conteudo\/#website\",\"url\":\"https:\/\/grupobraco.com.br\/conteudo\/\",\"name\":\"Br A\u00e7o\",\"description\":\"Seus projetos na velocidade m\u00e1xima\",\"publisher\":{\"@id\":\"https:\/\/grupobraco.com.br\/conteudo\/#organization\"},\"potentialAction\":[{\"@type\":\"SearchAction\",\"target\":{\"@type\":\"EntryPoint\",\"urlTemplate\":\"https:\/\/grupobraco.com.br\/conteudo\/?s={search_term_string}\"},\"query-input\":{\"@type\":\"PropertyValueSpecification\",\"valueRequired\":true,\"valueName\":\"search_term_string\"}}],\"inLanguage\":\"pt-BR\"},{\"@type\":\"Organization\",\"@id\":\"https:\/\/grupobraco.com.br\/conteudo\/#organization\",\"name\":\"Br A\u00e7o\",\"url\":\"https:\/\/grupobraco.com.br\/conteudo\/\",\"logo\":{\"@type\":\"ImageObject\",\"inLanguage\":\"pt-BR\",\"@id\":\"https:\/\/grupobraco.com.br\/conteudo\/#\/schema\/logo\/image\/\",\"url\":\"https:\/\/grupobraco.com.br\/conteudo\/wp-content\/uploads\/2025\/04\/Z340-Logotipia-Reestruturacao-do-Branding.png\",\"contentUrl\":\"https:\/\/grupobraco.com.br\/conteudo\/wp-content\/uploads\/2025\/04\/Z340-Logotipia-Reestruturacao-do-Branding.png\",\"width\":1530,\"height\":1080,\"caption\":\"Br A\u00e7o\"},\"image\":{\"@id\":\"https:\/\/grupobraco.com.br\/conteudo\/#\/schema\/logo\/image\/\"}}]}<\/script>\n<!-- \/ Yoast SEO plugin. -->","yoast_head_json":{"title":"F\u00e1brica de Vergalh\u00e3o em Aparecida de Goi\u00e2nia - BR A\u00e7o","description":"Conhe\u00e7a a BR A\u00e7o, a principal f\u00e1brica de vergalh\u00e3o em Aparecida de Goi\u00e2nia, oferecendo produtos de alta qualidade e entregas r\u00e1pidas.","robots":{"index":"index","follow":"follow","max-snippet":"max-snippet:-1","max-image-preview":"max-image-preview:large","max-video-preview":"max-video-preview:-1"},"canonical":"https:\/\/grupobraco.com.br\/conteudo\/br-aco-a-fabrica-de-vergalhao-em-aparecida-de-goiania-que-transforma-seus-projetos\/","og_locale":"pt_BR","og_type":"article","og_title":"F\u00e1brica de Vergalh\u00e3o em Aparecida de Goi\u00e2nia - BR A\u00e7o","og_description":"Conhe\u00e7a a BR A\u00e7o, a principal f\u00e1brica de vergalh\u00e3o em Aparecida de Goi\u00e2nia, oferecendo produtos de alta qualidade e entregas r\u00e1pidas.","og_url":"https:\/\/grupobraco.com.br\/conteudo\/br-aco-a-fabrica-de-vergalhao-em-aparecida-de-goiania-que-transforma-seus-projetos\/","og_site_name":"Br A\u00e7o","twitter_card":"summary_large_image","twitter_misc":{"Est. tempo de leitura":"1 minuto"},"schema":{"@context":"https:\/\/schema.org","@graph":[{"@type":"WebPage","@id":"https:\/\/grupobraco.com.br\/conteudo\/br-aco-a-fabrica-de-vergalhao-em-aparecida-de-goiania-que-transforma-seus-projetos\/","url":"https:\/\/grupobraco.com.br\/conteudo\/br-aco-a-fabrica-de-vergalhao-em-aparecida-de-goiania-que-transforma-seus-projetos\/","name":"F\u00e1brica de Vergalh\u00e3o em Aparecida de Goi\u00e2nia - BR A\u00e7o","isPartOf":{"@id":"https:\/\/grupobraco.com.br\/conteudo\/#website"},"datePublished":"2025-05-08T00:00:59+00:00","dateModified":"2025-05-08T00:00:59+00:00","description":"Conhe\u00e7a a BR A\u00e7o, a principal f\u00e1brica de vergalh\u00e3o em Aparecida de Goi\u00e2nia, oferecendo produtos de alta qualidade e entregas r\u00e1pidas.","breadcrumb":{"@id":"https:\/\/grupobraco.com.br\/conteudo\/br-aco-a-fabrica-de-vergalhao-em-aparecida-de-goiania-que-transforma-seus-projetos\/#breadcrumb"},"inLanguage":"pt-BR","potentialAction":[{"@type":"ReadAction","target":["https:\/\/grupobraco.com.br\/conteudo\/br-aco-a-fabrica-de-vergalhao-em-aparecida-de-goiania-que-transforma-seus-projetos\/"]}]},{"@type":"BreadcrumbList","@id":"https:\/\/grupobraco.com.br\/conteudo\/br-aco-a-fabrica-de-vergalhao-em-aparecida-de-goiania-que-transforma-seus-projetos\/#breadcrumb","itemListElement":[{"@type":"ListItem","position":1,"name":"Home","item":"https:\/\/grupobraco.com.br\/conteudo\/"},{"@type":"ListItem","position":2,"name":"BR A\u00e7o: A F\u00e1brica de Vergalh\u00e3o em Aparecida de Goi\u00e2nia que Transforma Seus Projetos"}]},{"@type":"WebSite","@id":"https:\/\/grupobraco.com.br\/conteudo\/#website","url":"https:\/\/grupobraco.com.br\/conteudo\/","name":"Br A\u00e7o","description":"Seus projetos na velocidade m\u00e1xima","publisher":{"@id":"https:\/\/grupobraco.com.br\/conteudo\/#organization"},"potentialAction":[{"@type":"SearchAction","target":{"@type":"EntryPoint","urlTemplate":"https:\/\/grupobraco.com.br\/conteudo\/?s={search_term_string}"},"query-input":{"@type":"PropertyValueSpecification","valueRequired":true,"valueName":"search_term_string"}}],"inLanguage":"pt-BR"},{"@type":"Organization","@id":"https:\/\/grupobraco.com.br\/conteudo\/#organization","name":"Br A\u00e7o","url":"https:\/\/grupobraco.com.br\/conteudo\/","logo":{"@type":"ImageObject","inLanguage":"pt-BR","@id":"https:\/\/grupobraco.com.br\/conteudo\/#\/schema\/logo\/image\/","url":"https:\/\/grupobraco.com.br\/conteudo\/wp-content\/uploads\/2025\/04\/Z340-Logotipia-Reestruturacao-do-Branding.png","contentUrl":"https:\/\/grupobraco.com.br\/conteudo\/wp-content\/uploads\/2025\/04\/Z340-Logotipia-Reestruturacao-do-Branding.png","width":1530,"height":1080,"caption":"Br A\u00e7o"},"image":{"@id":"https:\/\/grupobraco.com.br\/conteudo\/#\/schema\/logo\/image\/"}}]}},"_links":{"self":[{"href":"https:\/\/grupobraco.com.br\/conteudo\/wp-json\/wp\/v2\/pages\/8569","targetHints":{"allow":["GET"]}}],"collection":[{"href":"https:\/\/grupobraco.com.br\/conteudo\/wp-json\/wp\/v2\/pages"}],"about":[{"href":"https:\/\/grupobraco.com.br\/conteudo\/wp-json\/wp\/v2\/types\/page"}],"author":[{"embeddable":true,"href":"https:\/\/grupobraco.com.br\/conteudo\/wp-json\/wp\/v2\/users\/3"}],"replies":[{"embeddable":true,"href":"https:\/\/grupobraco.com.br\/conteudo\/wp-json\/wp\/v2\/comments?post=8569"}],"version-history":[{"count":0,"href":"https:\/\/grupobraco.com.br\/conteudo\/wp-json\/wp\/v2\/pages\/8569\/revisions"}],"wp:attachment":[{"href":"https:\/\/grupobraco.com.br\/conteudo\/wp-json\/wp\/v2\/media?parent=8569"}],"curies":[{"name":"wp","href":"https:\/\/api.w.org\/{rel}","templated":true}]}}