{"id":8537,"date":"2025-05-07T20:00:56","date_gmt":"2025-05-07T20:00:56","guid":{"rendered":"https:\/\/grupobraco.com.br\/conteudo\/br-aco-a-revolucao-no-vergalhao-em-senador-canedo\/"},"modified":"2025-05-07T20:00:56","modified_gmt":"2025-05-07T20:00:56","slug":"br-aco-a-revolucao-no-vergalhao-em-senador-canedo","status":"publish","type":"page","link":"https:\/\/grupobraco.com.br\/conteudo\/br-aco-a-revolucao-no-vergalhao-em-senador-canedo\/","title":{"rendered":"BR A\u00e7o: A Revolu\u00e7\u00e3o no Vergalh\u00e3o em Senador Canedo"},"content":{"rendered":"<p>Situada em Senador Canedo, a BR A\u00e7o se destaca como a principal f\u00e1brica de vergalh\u00e3o da regi\u00e3o, proporcionando produtos que atendem aos mais altos padr\u00f5es de qualidade e efici\u00eancia. A nossa trajet\u00f3ria come\u00e7a com a vis\u00e3o de transformar a constru\u00e7\u00e3o civil de Goi\u00e1s atrav\u00e9s de materiais de primeira linha, sempre focando na necessidade de nossos clientes. Em um mercado t\u00e3o competitivo, a BR A\u00e7o se destaca n\u00e3o apenas pela qualidade de seus produtos, mas tamb\u00e9m pela agilidade nas entregas, um fator crucial para o sucesso de qualquer projeto de constru\u00e7\u00e3o. Na BR A\u00e7o, a experi\u00eancia acumulada pelos nossos fundadores e colaboradores \u00e9 refletida em cada vergalh\u00e3o produzido. Com uma estrutura moderna e processos otimizados, nossa f\u00e1brica garante efici\u00eancia na produ\u00e7\u00e3o e excel\u00eancia na entrega. Ao longo dos anos, desenvolvemos parcerias estrat\u00e9gicas com construtoras locais que confiam em nosso comprometimento e na excel\u00eancia dos nossos produtos. Mais do que uma simples f\u00e1brica de vergalh\u00e3o em Senador Canedo, a BR A\u00e7o se tornou um pilar fundamental na constru\u00e7\u00e3o civil do estado, contribuindo para o desenvolvimento da infraestrutura local e regional. Nossa miss\u00e3o \u00e9 garantir que cada projeto, independente do seu tamanho e complexidade, receba o suporte que precisa para acontecer na velocidade m\u00e1xima. Al\u00e9m dos produtos de vergalh\u00e3o, oferecemos tamb\u00e9m servi\u00e7os de corte e dobra personalizados, ajustados \u00e0s necessidades espec\u00edficas de cada cliente. Nossa equipe t\u00e9cnica \u00e9 altamente capacitada e est\u00e1 sempre \u00e0 disposi\u00e7\u00e3o para orientar e proporcionar solu\u00e7\u00f5es eficazes para seus projetos. Portanto, se voc\u00ea busca uma f\u00e1brica de vergalh\u00e3o em Senador Canedo que realmente compreende as demandas do mercado e se compromete a superar expectativas, a BR A\u00e7o \u00e9 a escolha certa. Escolher a BR A\u00e7o \u00e9 optar por qualidade, confian\u00e7a e um servi\u00e7o que faz a diferen\u00e7a.<\/p>\n","protected":false},"excerpt":{"rendered":"<p>Situada em Senador Canedo, a BR A\u00e7o se destaca como a principal f\u00e1brica de vergalh\u00e3o da regi\u00e3o, proporcionando produtos que atendem aos mais altos padr\u00f5es de qualidade e efici\u00eancia. A nossa trajet\u00f3ria come\u00e7a com a vis\u00e3o de transformar a constru\u00e7\u00e3o civil de Goi\u00e1s atrav\u00e9s de materiais de primeira linha, sempre focando na necessidade de nossos&hellip;&nbsp;<a href=\"https:\/\/grupobraco.com.br\/conteudo\/br-aco-a-revolucao-no-vergalhao-em-senador-canedo\/\" class=\"\" rel=\"bookmark\">Continue a ler &raquo;<span class=\"screen-reader-text\">BR A\u00e7o: A Revolu\u00e7\u00e3o no Vergalh\u00e3o em Senador Canedo<\/span><\/a><\/p>\n","protected":false},"author":3,"featured_media":0,"parent":0,"menu_order":0,"comment_status":"closed","ping_status":"closed","template":"","meta":{"_acf_changed":false,"_yoast_wpseo_focuskw":"f\u00e1brica de vergalh\u00e3o em Senador Canedo","_yoast_wpseo_title":"BR A\u00e7o: F\u00e1brica de Vergalh\u00e3o em Senador Canedo com Qualidade e Agilidade","_yoast_wpseo_metadesc":"Saiba tudo sobre a BR A\u00e7o, a melhor f\u00e1brica de vergalh\u00e3o em Senador Canedo, oferecendo qualidade e rapidez na entrega para sua obra.","neve_meta_sidebar":"","neve_meta_container":"","neve_meta_enable_content_width":"","neve_meta_content_width":0,"neve_meta_title_alignment":"","neve_meta_author_avatar":"","neve_post_elements_order":"","neve_meta_disable_header":"","neve_meta_disable_footer":"","neve_meta_disable_title":"","footnotes":""},"class_list":["post-8537","page","type-page","status-publish","hentry"],"acf":{"introducao":"","conceitos_fundamentais":"","como_funciona":"","como_aplicar_no_dia_a_dia":"","principais_utilizacoes_e_beneficios":"","tipos_e_classificacoes":"","tecnologias_e_ferramentas_relacionadas":"","exemplos_e_casos_de_sucesso":"","mitos_e_verdades":"","perguntas_frequentes_faq":"","erros_comuns_e_como_evita-los":"","futuro_e_tendencias":"","conclusao":"","bloco1title":"Qualidade Superior","bloco1text":"Na BR A\u00e7o, garantimos que todos os nossos produtos passam por rigorosos testes de qualidade, assegurando durabilidade e seguran\u00e7a em cada vergalh\u00e3o oferecido.","bloco2title":"Entrega R\u00e1pida","bloco2text":"Contamos com uma log\u00edstica eficiente que permite entregas r\u00e1pidas e pontuais, essencial para o andamento dos projetos de nossos clientes.","bloco3title":"Compromisso com o Cliente","bloco3text":"A BR A\u00e7o tem uma equipe dedicada a entender as necessidades de cada cliente, proporcionando um atendimento personalizado e eficiente.","insightwidtitle":"Curiosidades sobre Vergalh\u00e3o","insightwidcontent":"Os vergalh\u00f5es s\u00e3o essenciais na constru\u00e7\u00e3o civil, pois promovem a resist\u00eancia e a durabilidade das estruturas. Sabia que a maioria das obras utiliza vergalh\u00f5es em diferentes tamanhos e formatos? Isso garante que cada constru\u00e7\u00e3o suporte suas cargas espec\u00edficas. Al\u00e9m disso, os vergalh\u00f5es podem ser fabricados com diferentes ligas de a\u00e7o, dependendo da resist\u00eancia necess\u00e1ria. Este processo de fabrica\u00e7\u00e3o \u00e9 fundamental para assegurar a qualidade e seguran\u00e7a das edifica\u00e7\u00f5es. Na BR A\u00e7o, a personaliza\u00e7\u00e3o dos vergalh\u00f5es facilita atender a diversas necessidades, tornando-nos refer\u00eancia na produ\u00e7\u00e3o de vergalh\u00f5es em Senador Canedo."},"yoast_head":"<!-- This site is optimized with the Yoast SEO plugin v23.4 - https:\/\/yoast.com\/wordpress\/plugins\/seo\/ -->\n<title>BR A\u00e7o: F\u00e1brica de Vergalh\u00e3o em Senador Canedo com Qualidade e Agilidade<\/title>\n<meta name=\"description\" content=\"Saiba tudo sobre a BR A\u00e7o, a melhor f\u00e1brica de vergalh\u00e3o em Senador Canedo, oferecendo qualidade e rapidez na entrega para sua obra.\" \/>\n<meta name=\"robots\" content=\"index, follow, max-snippet:-1, max-image-preview:large, max-video-preview:-1\" \/>\n<link rel=\"canonical\" href=\"https:\/\/grupobraco.com.br\/conteudo\/br-aco-a-revolucao-no-vergalhao-em-senador-canedo\/\" \/>\n<meta property=\"og:locale\" content=\"pt_BR\" \/>\n<meta property=\"og:type\" content=\"article\" \/>\n<meta property=\"og:title\" content=\"BR A\u00e7o: F\u00e1brica de Vergalh\u00e3o em Senador Canedo com Qualidade e Agilidade\" \/>\n<meta property=\"og:description\" content=\"Saiba tudo sobre a BR A\u00e7o, a melhor f\u00e1brica de vergalh\u00e3o em Senador Canedo, oferecendo qualidade e rapidez na entrega para sua obra.\" \/>\n<meta property=\"og:url\" content=\"https:\/\/grupobraco.com.br\/conteudo\/br-aco-a-revolucao-no-vergalhao-em-senador-canedo\/\" \/>\n<meta property=\"og:site_name\" content=\"Br A\u00e7o\" \/>\n<meta name=\"twitter:card\" content=\"summary_large_image\" \/>\n<meta name=\"twitter:label1\" content=\"Est. tempo de leitura\" \/>\n\t<meta name=\"twitter:data1\" content=\"2 minutos\" \/>\n<script type=\"application\/ld+json\" class=\"yoast-schema-graph\">{\"@context\":\"https:\/\/schema.org\",\"@graph\":[{\"@type\":\"WebPage\",\"@id\":\"https:\/\/grupobraco.com.br\/conteudo\/br-aco-a-revolucao-no-vergalhao-em-senador-canedo\/\",\"url\":\"https:\/\/grupobraco.com.br\/conteudo\/br-aco-a-revolucao-no-vergalhao-em-senador-canedo\/\",\"name\":\"BR A\u00e7o: F\u00e1brica de Vergalh\u00e3o em Senador Canedo com Qualidade e Agilidade\",\"isPartOf\":{\"@id\":\"https:\/\/grupobraco.com.br\/conteudo\/#website\"},\"datePublished\":\"2025-05-07T20:00:56+00:00\",\"dateModified\":\"2025-05-07T20:00:56+00:00\",\"description\":\"Saiba tudo sobre a BR A\u00e7o, a melhor f\u00e1brica de vergalh\u00e3o em Senador Canedo, oferecendo qualidade e rapidez na entrega para sua obra.\",\"breadcrumb\":{\"@id\":\"https:\/\/grupobraco.com.br\/conteudo\/br-aco-a-revolucao-no-vergalhao-em-senador-canedo\/#breadcrumb\"},\"inLanguage\":\"pt-BR\",\"potentialAction\":[{\"@type\":\"ReadAction\",\"target\":[\"https:\/\/grupobraco.com.br\/conteudo\/br-aco-a-revolucao-no-vergalhao-em-senador-canedo\/\"]}]},{\"@type\":\"BreadcrumbList\",\"@id\":\"https:\/\/grupobraco.com.br\/conteudo\/br-aco-a-revolucao-no-vergalhao-em-senador-canedo\/#breadcrumb\",\"itemListElement\":[{\"@type\":\"ListItem\",\"position\":1,\"name\":\"Home\",\"item\":\"https:\/\/grupobraco.com.br\/conteudo\/\"},{\"@type\":\"ListItem\",\"position\":2,\"name\":\"BR A\u00e7o: A Revolu\u00e7\u00e3o no Vergalh\u00e3o em Senador Canedo\"}]},{\"@type\":\"WebSite\",\"@id\":\"https:\/\/grupobraco.com.br\/conteudo\/#website\",\"url\":\"https:\/\/grupobraco.com.br\/conteudo\/\",\"name\":\"Br A\u00e7o\",\"description\":\"Seus projetos na velocidade m\u00e1xima\",\"publisher\":{\"@id\":\"https:\/\/grupobraco.com.br\/conteudo\/#organization\"},\"potentialAction\":[{\"@type\":\"SearchAction\",\"target\":{\"@type\":\"EntryPoint\",\"urlTemplate\":\"https:\/\/grupobraco.com.br\/conteudo\/?s={search_term_string}\"},\"query-input\":{\"@type\":\"PropertyValueSpecification\",\"valueRequired\":true,\"valueName\":\"search_term_string\"}}],\"inLanguage\":\"pt-BR\"},{\"@type\":\"Organization\",\"@id\":\"https:\/\/grupobraco.com.br\/conteudo\/#organization\",\"name\":\"Br A\u00e7o\",\"url\":\"https:\/\/grupobraco.com.br\/conteudo\/\",\"logo\":{\"@type\":\"ImageObject\",\"inLanguage\":\"pt-BR\",\"@id\":\"https:\/\/grupobraco.com.br\/conteudo\/#\/schema\/logo\/image\/\",\"url\":\"https:\/\/grupobraco.com.br\/conteudo\/wp-content\/uploads\/2025\/04\/Z340-Logotipia-Reestruturacao-do-Branding.png\",\"contentUrl\":\"https:\/\/grupobraco.com.br\/conteudo\/wp-content\/uploads\/2025\/04\/Z340-Logotipia-Reestruturacao-do-Branding.png\",\"width\":1530,\"height\":1080,\"caption\":\"Br A\u00e7o\"},\"image\":{\"@id\":\"https:\/\/grupobraco.com.br\/conteudo\/#\/schema\/logo\/image\/\"}}]}<\/script>\n<!-- \/ Yoast SEO plugin. -->","yoast_head_json":{"title":"BR A\u00e7o: F\u00e1brica de Vergalh\u00e3o em Senador Canedo com Qualidade e Agilidade","description":"Saiba tudo sobre a BR A\u00e7o, a melhor f\u00e1brica de vergalh\u00e3o em Senador Canedo, oferecendo qualidade e rapidez na entrega para sua obra.","robots":{"index":"index","follow":"follow","max-snippet":"max-snippet:-1","max-image-preview":"max-image-preview:large","max-video-preview":"max-video-preview:-1"},"canonical":"https:\/\/grupobraco.com.br\/conteudo\/br-aco-a-revolucao-no-vergalhao-em-senador-canedo\/","og_locale":"pt_BR","og_type":"article","og_title":"BR A\u00e7o: F\u00e1brica de Vergalh\u00e3o em Senador Canedo com Qualidade e Agilidade","og_description":"Saiba tudo sobre a BR A\u00e7o, a melhor f\u00e1brica de vergalh\u00e3o em Senador Canedo, oferecendo qualidade e rapidez na entrega para sua obra.","og_url":"https:\/\/grupobraco.com.br\/conteudo\/br-aco-a-revolucao-no-vergalhao-em-senador-canedo\/","og_site_name":"Br A\u00e7o","twitter_card":"summary_large_image","twitter_misc":{"Est. tempo de leitura":"2 minutos"},"schema":{"@context":"https:\/\/schema.org","@graph":[{"@type":"WebPage","@id":"https:\/\/grupobraco.com.br\/conteudo\/br-aco-a-revolucao-no-vergalhao-em-senador-canedo\/","url":"https:\/\/grupobraco.com.br\/conteudo\/br-aco-a-revolucao-no-vergalhao-em-senador-canedo\/","name":"BR A\u00e7o: F\u00e1brica de Vergalh\u00e3o em Senador Canedo com Qualidade e Agilidade","isPartOf":{"@id":"https:\/\/grupobraco.com.br\/conteudo\/#website"},"datePublished":"2025-05-07T20:00:56+00:00","dateModified":"2025-05-07T20:00:56+00:00","description":"Saiba tudo sobre a BR A\u00e7o, a melhor f\u00e1brica de vergalh\u00e3o em Senador Canedo, oferecendo qualidade e rapidez na entrega para sua obra.","breadcrumb":{"@id":"https:\/\/grupobraco.com.br\/conteudo\/br-aco-a-revolucao-no-vergalhao-em-senador-canedo\/#breadcrumb"},"inLanguage":"pt-BR","potentialAction":[{"@type":"ReadAction","target":["https:\/\/grupobraco.com.br\/conteudo\/br-aco-a-revolucao-no-vergalhao-em-senador-canedo\/"]}]},{"@type":"BreadcrumbList","@id":"https:\/\/grupobraco.com.br\/conteudo\/br-aco-a-revolucao-no-vergalhao-em-senador-canedo\/#breadcrumb","itemListElement":[{"@type":"ListItem","position":1,"name":"Home","item":"https:\/\/grupobraco.com.br\/conteudo\/"},{"@type":"ListItem","position":2,"name":"BR A\u00e7o: A Revolu\u00e7\u00e3o no Vergalh\u00e3o em Senador Canedo"}]},{"@type":"WebSite","@id":"https:\/\/grupobraco.com.br\/conteudo\/#website","url":"https:\/\/grupobraco.com.br\/conteudo\/","name":"Br A\u00e7o","description":"Seus projetos na velocidade m\u00e1xima","publisher":{"@id":"https:\/\/grupobraco.com.br\/conteudo\/#organization"},"potentialAction":[{"@type":"SearchAction","target":{"@type":"EntryPoint","urlTemplate":"https:\/\/grupobraco.com.br\/conteudo\/?s={search_term_string}"},"query-input":{"@type":"PropertyValueSpecification","valueRequired":true,"valueName":"search_term_string"}}],"inLanguage":"pt-BR"},{"@type":"Organization","@id":"https:\/\/grupobraco.com.br\/conteudo\/#organization","name":"Br A\u00e7o","url":"https:\/\/grupobraco.com.br\/conteudo\/","logo":{"@type":"ImageObject","inLanguage":"pt-BR","@id":"https:\/\/grupobraco.com.br\/conteudo\/#\/schema\/logo\/image\/","url":"https:\/\/grupobraco.com.br\/conteudo\/wp-content\/uploads\/2025\/04\/Z340-Logotipia-Reestruturacao-do-Branding.png","contentUrl":"https:\/\/grupobraco.com.br\/conteudo\/wp-content\/uploads\/2025\/04\/Z340-Logotipia-Reestruturacao-do-Branding.png","width":1530,"height":1080,"caption":"Br A\u00e7o"},"image":{"@id":"https:\/\/grupobraco.com.br\/conteudo\/#\/schema\/logo\/image\/"}}]}},"_links":{"self":[{"href":"https:\/\/grupobraco.com.br\/conteudo\/wp-json\/wp\/v2\/pages\/8537","targetHints":{"allow":["GET"]}}],"collection":[{"href":"https:\/\/grupobraco.com.br\/conteudo\/wp-json\/wp\/v2\/pages"}],"about":[{"href":"https:\/\/grupobraco.com.br\/conteudo\/wp-json\/wp\/v2\/types\/page"}],"author":[{"embeddable":true,"href":"https:\/\/grupobraco.com.br\/conteudo\/wp-json\/wp\/v2\/users\/3"}],"replies":[{"embeddable":true,"href":"https:\/\/grupobraco.com.br\/conteudo\/wp-json\/wp\/v2\/comments?post=8537"}],"version-history":[{"count":0,"href":"https:\/\/grupobraco.com.br\/conteudo\/wp-json\/wp\/v2\/pages\/8537\/revisions"}],"wp:attachment":[{"href":"https:\/\/grupobraco.com.br\/conteudo\/wp-json\/wp\/v2\/media?parent=8537"}],"curies":[{"name":"wp","href":"https:\/\/api.w.org\/{rel}","templated":true}]}}