{"id":8339,"date":"2025-05-06T19:00:57","date_gmt":"2025-05-06T19:00:57","guid":{"rendered":"https:\/\/grupobraco.com.br\/conteudo\/br-aco-a-fabrica-de-vergalhao-em-catalao-que-revoluciona-a-construcao-civil\/"},"modified":"2025-05-06T19:00:57","modified_gmt":"2025-05-06T19:00:57","slug":"br-aco-a-fabrica-de-vergalhao-em-catalao-que-revoluciona-a-construcao-civil","status":"publish","type":"page","link":"https:\/\/grupobraco.com.br\/conteudo\/br-aco-a-fabrica-de-vergalhao-em-catalao-que-revoluciona-a-construcao-civil\/","title":{"rendered":"BR A\u00e7o: A F\u00e1brica de Vergalh\u00e3o em Catal\u00e3o que Revoluciona a Constru\u00e7\u00e3o Civil"},"content":{"rendered":"<p>Se voc\u00ea est\u00e1 \u00e0 procura de uma f\u00e1brica de vergalh\u00e3o em Catal\u00e3o que combine qualidade, rapidez e efici\u00eancia, a BR A\u00e7o \u00e9 a escolha perfeita. Nossa empresa se destaca no mercado pela excel\u00eancia na produ\u00e7\u00e3o de vergalh\u00f5es que atendem \u00e0s mais rigorosas normas de seguran\u00e7a e desempenho. A localiza\u00e7\u00e3o estrat\u00e9gica em Catal\u00e3o nos permite n\u00e3o apenas atender a demanda local, mas tamb\u00e9m expandir nossa atua\u00e7\u00e3o por todo o estado de Goi\u00e1s. Com um time de profissionais dedicados e tecnologia de ponta, garantimos que nossos produtos sejam entregues com a m\u00e1xima precis\u00e3o e agilidade, permitindo que seus projetos sejam realizados na velocidade que voc\u00ea precisa. Aqui na BR A\u00e7o, vamos al\u00e9m do simples fornecimento de a\u00e7o; n\u00f3s somos parceiros na realiza\u00e7\u00e3o de sonhos e na constru\u00e7\u00e3o do futuro. Nossa experi\u00eancia no setor e nosso compromisso com a qualidade nos tornaram l\u00edderes na fabrica\u00e7\u00e3o de vergalh\u00e3o em Catal\u00e3o, fazendo de n\u00f3s a op\u00e7\u00e3o mais confi\u00e1vel para clientes exigentes. N\u00e3o importa a complexidade de sua obra, na BR A\u00e7o voc\u00ea encontrar\u00e1 solu\u00e7\u00f5es que se adequam ao que h\u00e1 de mais moderno e eficiente no mercado. Somos mais que uma f\u00e1brica de vergalh\u00e3o em Catal\u00e3o; somos a combina\u00e7\u00e3o perfeita de tradi\u00e7\u00e3o, inova\u00e7\u00e3o e um atendimento que faz a diferen\u00e7a. Vamos juntos transformar seus projetos em realidade, com entrega r\u00e1pida e eficaz. A escolha certa para quem deseja apenas o melhor em sua obra est\u00e1 aqui, na BR A\u00e7o.<\/p>\n","protected":false},"excerpt":{"rendered":"<p>Se voc\u00ea est\u00e1 \u00e0 procura de uma f\u00e1brica de vergalh\u00e3o em Catal\u00e3o que combine qualidade, rapidez e efici\u00eancia, a BR A\u00e7o \u00e9 a escolha perfeita. Nossa empresa se destaca no mercado pela excel\u00eancia na produ\u00e7\u00e3o de vergalh\u00f5es que atendem \u00e0s mais rigorosas normas de seguran\u00e7a e desempenho. A localiza\u00e7\u00e3o estrat\u00e9gica em Catal\u00e3o nos permite n\u00e3o&hellip;&nbsp;<a href=\"https:\/\/grupobraco.com.br\/conteudo\/br-aco-a-fabrica-de-vergalhao-em-catalao-que-revoluciona-a-construcao-civil\/\" class=\"\" rel=\"bookmark\">Continue a ler &raquo;<span class=\"screen-reader-text\">BR A\u00e7o: A F\u00e1brica de Vergalh\u00e3o em Catal\u00e3o que Revoluciona a Constru\u00e7\u00e3o Civil<\/span><\/a><\/p>\n","protected":false},"author":3,"featured_media":0,"parent":0,"menu_order":0,"comment_status":"closed","ping_status":"closed","template":"","meta":{"_acf_changed":false,"_yoast_wpseo_focuskw":"f\u00e1brica de vergalh\u00e3o em Catal\u00e3o","_yoast_wpseo_title":"F\u00e1brica de Vergalh\u00e3o em Catal\u00e3o - BR A\u00e7o: Qualidade e Agilidade na Constru\u00e7\u00e3o","_yoast_wpseo_metadesc":"A BR A\u00e7o \u00e9 a principal f\u00e1brica de vergalh\u00e3o em Catal\u00e3o, oferecendo alta qualidade e agilidade na entrega para suas obras.","neve_meta_sidebar":"","neve_meta_container":"","neve_meta_enable_content_width":"","neve_meta_content_width":0,"neve_meta_title_alignment":"","neve_meta_author_avatar":"","neve_post_elements_order":"","neve_meta_disable_header":"","neve_meta_disable_footer":"","neve_meta_disable_title":"","footnotes":""},"class_list":["post-8339","page","type-page","status-publish","hentry"],"acf":{"introducao":"","conceitos_fundamentais":"","como_funciona":"","como_aplicar_no_dia_a_dia":"","principais_utilizacoes_e_beneficios":"","tipos_e_classificacoes":"","tecnologias_e_ferramentas_relacionadas":"","exemplos_e_casos_de_sucesso":"","mitos_e_verdades":"","perguntas_frequentes_faq":"","erros_comuns_e_como_evita-los":"","futuro_e_tendencias":"","conclusao":"","bloco1title":"Qualidade Superior","bloco1text":"A BR A\u00e7o se destaca pela qualidade de seus vergalh\u00f5es, garantindo seguran\u00e7a e durabilidade nas constru\u00e7\u00f5es.","bloco2title":"Atendimento Personalizado","bloco2text":"Contamos com uma equipe treinada, pronta para oferecer suporte ao cliente e solu\u00e7\u00f5es sob medida.","bloco3title":"Tecnologia Inovadora","bloco3text":"Investimos constantemente em tecnologia e m\u00e9todos avan\u00e7ados para garantir efici\u00eancia e precis\u00e3o na fabrica\u00e7\u00e3o.","insightwidtitle":"Curiosidades sobre Vergalh\u00f5es","insightwidcontent":"Voc\u00ea sabia que os vergalh\u00f5es s\u00e3o fundamentais para a resist\u00eancia estrutural de edifica\u00e7\u00f5es? Eles ajudam a absorver as tens\u00f5es geradas na estrutura, oferecendo suporte e estabilidade. Na BR A\u00e7o, cada barra de vergalh\u00e3o \u00e9 elaborada para atender normativas espec\u00edficas de seguran\u00e7a e performance, mostrando a import\u00e2ncia desse material na constru\u00e7\u00e3o civil moderna."},"yoast_head":"<!-- This site is optimized with the Yoast SEO plugin v23.4 - https:\/\/yoast.com\/wordpress\/plugins\/seo\/ -->\n<title>F\u00e1brica de Vergalh\u00e3o em Catal\u00e3o - BR A\u00e7o: Qualidade e Agilidade na Constru\u00e7\u00e3o<\/title>\n<meta name=\"description\" content=\"A BR A\u00e7o \u00e9 a principal f\u00e1brica de vergalh\u00e3o em Catal\u00e3o, oferecendo alta qualidade e agilidade na entrega para suas obras.\" \/>\n<meta name=\"robots\" content=\"index, follow, max-snippet:-1, max-image-preview:large, max-video-preview:-1\" \/>\n<link rel=\"canonical\" href=\"https:\/\/grupobraco.com.br\/conteudo\/br-aco-a-fabrica-de-vergalhao-em-catalao-que-revoluciona-a-construcao-civil\/\" \/>\n<meta property=\"og:locale\" content=\"pt_BR\" \/>\n<meta property=\"og:type\" content=\"article\" \/>\n<meta property=\"og:title\" content=\"F\u00e1brica de Vergalh\u00e3o em Catal\u00e3o - BR A\u00e7o: Qualidade e Agilidade na Constru\u00e7\u00e3o\" \/>\n<meta property=\"og:description\" content=\"A BR A\u00e7o \u00e9 a principal f\u00e1brica de vergalh\u00e3o em Catal\u00e3o, oferecendo alta qualidade e agilidade na entrega para suas obras.\" \/>\n<meta property=\"og:url\" content=\"https:\/\/grupobraco.com.br\/conteudo\/br-aco-a-fabrica-de-vergalhao-em-catalao-que-revoluciona-a-construcao-civil\/\" \/>\n<meta property=\"og:site_name\" content=\"Br A\u00e7o\" \/>\n<meta name=\"twitter:card\" content=\"summary_large_image\" \/>\n<meta name=\"twitter:label1\" content=\"Est. tempo de leitura\" \/>\n\t<meta name=\"twitter:data1\" content=\"1 minuto\" \/>\n<script type=\"application\/ld+json\" class=\"yoast-schema-graph\">{\"@context\":\"https:\/\/schema.org\",\"@graph\":[{\"@type\":\"WebPage\",\"@id\":\"https:\/\/grupobraco.com.br\/conteudo\/br-aco-a-fabrica-de-vergalhao-em-catalao-que-revoluciona-a-construcao-civil\/\",\"url\":\"https:\/\/grupobraco.com.br\/conteudo\/br-aco-a-fabrica-de-vergalhao-em-catalao-que-revoluciona-a-construcao-civil\/\",\"name\":\"F\u00e1brica de Vergalh\u00e3o em Catal\u00e3o - BR A\u00e7o: Qualidade e Agilidade na Constru\u00e7\u00e3o\",\"isPartOf\":{\"@id\":\"https:\/\/grupobraco.com.br\/conteudo\/#website\"},\"datePublished\":\"2025-05-06T19:00:57+00:00\",\"dateModified\":\"2025-05-06T19:00:57+00:00\",\"description\":\"A BR A\u00e7o \u00e9 a principal f\u00e1brica de vergalh\u00e3o em Catal\u00e3o, oferecendo alta qualidade e agilidade na entrega para suas obras.\",\"breadcrumb\":{\"@id\":\"https:\/\/grupobraco.com.br\/conteudo\/br-aco-a-fabrica-de-vergalhao-em-catalao-que-revoluciona-a-construcao-civil\/#breadcrumb\"},\"inLanguage\":\"pt-BR\",\"potentialAction\":[{\"@type\":\"ReadAction\",\"target\":[\"https:\/\/grupobraco.com.br\/conteudo\/br-aco-a-fabrica-de-vergalhao-em-catalao-que-revoluciona-a-construcao-civil\/\"]}]},{\"@type\":\"BreadcrumbList\",\"@id\":\"https:\/\/grupobraco.com.br\/conteudo\/br-aco-a-fabrica-de-vergalhao-em-catalao-que-revoluciona-a-construcao-civil\/#breadcrumb\",\"itemListElement\":[{\"@type\":\"ListItem\",\"position\":1,\"name\":\"Home\",\"item\":\"https:\/\/grupobraco.com.br\/conteudo\/\"},{\"@type\":\"ListItem\",\"position\":2,\"name\":\"BR A\u00e7o: A F\u00e1brica de Vergalh\u00e3o em Catal\u00e3o que Revoluciona a Constru\u00e7\u00e3o Civil\"}]},{\"@type\":\"WebSite\",\"@id\":\"https:\/\/grupobraco.com.br\/conteudo\/#website\",\"url\":\"https:\/\/grupobraco.com.br\/conteudo\/\",\"name\":\"Br A\u00e7o\",\"description\":\"Seus projetos na velocidade m\u00e1xima\",\"publisher\":{\"@id\":\"https:\/\/grupobraco.com.br\/conteudo\/#organization\"},\"potentialAction\":[{\"@type\":\"SearchAction\",\"target\":{\"@type\":\"EntryPoint\",\"urlTemplate\":\"https:\/\/grupobraco.com.br\/conteudo\/?s={search_term_string}\"},\"query-input\":{\"@type\":\"PropertyValueSpecification\",\"valueRequired\":true,\"valueName\":\"search_term_string\"}}],\"inLanguage\":\"pt-BR\"},{\"@type\":\"Organization\",\"@id\":\"https:\/\/grupobraco.com.br\/conteudo\/#organization\",\"name\":\"Br A\u00e7o\",\"url\":\"https:\/\/grupobraco.com.br\/conteudo\/\",\"logo\":{\"@type\":\"ImageObject\",\"inLanguage\":\"pt-BR\",\"@id\":\"https:\/\/grupobraco.com.br\/conteudo\/#\/schema\/logo\/image\/\",\"url\":\"https:\/\/grupobraco.com.br\/conteudo\/wp-content\/uploads\/2025\/04\/Z340-Logotipia-Reestruturacao-do-Branding.png\",\"contentUrl\":\"https:\/\/grupobraco.com.br\/conteudo\/wp-content\/uploads\/2025\/04\/Z340-Logotipia-Reestruturacao-do-Branding.png\",\"width\":1530,\"height\":1080,\"caption\":\"Br A\u00e7o\"},\"image\":{\"@id\":\"https:\/\/grupobraco.com.br\/conteudo\/#\/schema\/logo\/image\/\"}}]}<\/script>\n<!-- \/ Yoast SEO plugin. -->","yoast_head_json":{"title":"F\u00e1brica de Vergalh\u00e3o em Catal\u00e3o - BR A\u00e7o: Qualidade e Agilidade na Constru\u00e7\u00e3o","description":"A BR A\u00e7o \u00e9 a principal f\u00e1brica de vergalh\u00e3o em Catal\u00e3o, oferecendo alta qualidade e agilidade na entrega para suas obras.","robots":{"index":"index","follow":"follow","max-snippet":"max-snippet:-1","max-image-preview":"max-image-preview:large","max-video-preview":"max-video-preview:-1"},"canonical":"https:\/\/grupobraco.com.br\/conteudo\/br-aco-a-fabrica-de-vergalhao-em-catalao-que-revoluciona-a-construcao-civil\/","og_locale":"pt_BR","og_type":"article","og_title":"F\u00e1brica de Vergalh\u00e3o em Catal\u00e3o - BR A\u00e7o: Qualidade e Agilidade na Constru\u00e7\u00e3o","og_description":"A BR A\u00e7o \u00e9 a principal f\u00e1brica de vergalh\u00e3o em Catal\u00e3o, oferecendo alta qualidade e agilidade na entrega para suas obras.","og_url":"https:\/\/grupobraco.com.br\/conteudo\/br-aco-a-fabrica-de-vergalhao-em-catalao-que-revoluciona-a-construcao-civil\/","og_site_name":"Br A\u00e7o","twitter_card":"summary_large_image","twitter_misc":{"Est. tempo de leitura":"1 minuto"},"schema":{"@context":"https:\/\/schema.org","@graph":[{"@type":"WebPage","@id":"https:\/\/grupobraco.com.br\/conteudo\/br-aco-a-fabrica-de-vergalhao-em-catalao-que-revoluciona-a-construcao-civil\/","url":"https:\/\/grupobraco.com.br\/conteudo\/br-aco-a-fabrica-de-vergalhao-em-catalao-que-revoluciona-a-construcao-civil\/","name":"F\u00e1brica de Vergalh\u00e3o em Catal\u00e3o - BR A\u00e7o: Qualidade e Agilidade na Constru\u00e7\u00e3o","isPartOf":{"@id":"https:\/\/grupobraco.com.br\/conteudo\/#website"},"datePublished":"2025-05-06T19:00:57+00:00","dateModified":"2025-05-06T19:00:57+00:00","description":"A BR A\u00e7o \u00e9 a principal f\u00e1brica de vergalh\u00e3o em Catal\u00e3o, oferecendo alta qualidade e agilidade na entrega para suas obras.","breadcrumb":{"@id":"https:\/\/grupobraco.com.br\/conteudo\/br-aco-a-fabrica-de-vergalhao-em-catalao-que-revoluciona-a-construcao-civil\/#breadcrumb"},"inLanguage":"pt-BR","potentialAction":[{"@type":"ReadAction","target":["https:\/\/grupobraco.com.br\/conteudo\/br-aco-a-fabrica-de-vergalhao-em-catalao-que-revoluciona-a-construcao-civil\/"]}]},{"@type":"BreadcrumbList","@id":"https:\/\/grupobraco.com.br\/conteudo\/br-aco-a-fabrica-de-vergalhao-em-catalao-que-revoluciona-a-construcao-civil\/#breadcrumb","itemListElement":[{"@type":"ListItem","position":1,"name":"Home","item":"https:\/\/grupobraco.com.br\/conteudo\/"},{"@type":"ListItem","position":2,"name":"BR A\u00e7o: A F\u00e1brica de Vergalh\u00e3o em Catal\u00e3o que Revoluciona a Constru\u00e7\u00e3o Civil"}]},{"@type":"WebSite","@id":"https:\/\/grupobraco.com.br\/conteudo\/#website","url":"https:\/\/grupobraco.com.br\/conteudo\/","name":"Br A\u00e7o","description":"Seus projetos na velocidade m\u00e1xima","publisher":{"@id":"https:\/\/grupobraco.com.br\/conteudo\/#organization"},"potentialAction":[{"@type":"SearchAction","target":{"@type":"EntryPoint","urlTemplate":"https:\/\/grupobraco.com.br\/conteudo\/?s={search_term_string}"},"query-input":{"@type":"PropertyValueSpecification","valueRequired":true,"valueName":"search_term_string"}}],"inLanguage":"pt-BR"},{"@type":"Organization","@id":"https:\/\/grupobraco.com.br\/conteudo\/#organization","name":"Br A\u00e7o","url":"https:\/\/grupobraco.com.br\/conteudo\/","logo":{"@type":"ImageObject","inLanguage":"pt-BR","@id":"https:\/\/grupobraco.com.br\/conteudo\/#\/schema\/logo\/image\/","url":"https:\/\/grupobraco.com.br\/conteudo\/wp-content\/uploads\/2025\/04\/Z340-Logotipia-Reestruturacao-do-Branding.png","contentUrl":"https:\/\/grupobraco.com.br\/conteudo\/wp-content\/uploads\/2025\/04\/Z340-Logotipia-Reestruturacao-do-Branding.png","width":1530,"height":1080,"caption":"Br A\u00e7o"},"image":{"@id":"https:\/\/grupobraco.com.br\/conteudo\/#\/schema\/logo\/image\/"}}]}},"_links":{"self":[{"href":"https:\/\/grupobraco.com.br\/conteudo\/wp-json\/wp\/v2\/pages\/8339","targetHints":{"allow":["GET"]}}],"collection":[{"href":"https:\/\/grupobraco.com.br\/conteudo\/wp-json\/wp\/v2\/pages"}],"about":[{"href":"https:\/\/grupobraco.com.br\/conteudo\/wp-json\/wp\/v2\/types\/page"}],"author":[{"embeddable":true,"href":"https:\/\/grupobraco.com.br\/conteudo\/wp-json\/wp\/v2\/users\/3"}],"replies":[{"embeddable":true,"href":"https:\/\/grupobraco.com.br\/conteudo\/wp-json\/wp\/v2\/comments?post=8339"}],"version-history":[{"count":0,"href":"https:\/\/grupobraco.com.br\/conteudo\/wp-json\/wp\/v2\/pages\/8339\/revisions"}],"wp:attachment":[{"href":"https:\/\/grupobraco.com.br\/conteudo\/wp-json\/wp\/v2\/media?parent=8339"}],"curies":[{"name":"wp","href":"https:\/\/api.w.org\/{rel}","templated":true}]}}