{"id":8208,"date":"2025-05-06T02:45:56","date_gmt":"2025-05-06T02:45:56","guid":{"rendered":"https:\/\/grupobraco.com.br\/conteudo\/vergalhao-barato-a-escolha-certa-para-sua-construcao\/"},"modified":"2025-05-06T02:45:56","modified_gmt":"2025-05-06T02:45:56","slug":"vergalhao-barato-a-escolha-certa-para-sua-construcao","status":"publish","type":"page","link":"https:\/\/grupobraco.com.br\/conteudo\/vergalhao-barato-a-escolha-certa-para-sua-construcao\/","title":{"rendered":"Vergalh\u00e3o Barato: A Escolha Certa Para Sua Constru\u00e7\u00e3o"},"content":{"rendered":"<p>O mercado de constru\u00e7\u00e3o civil enfrenta constantemente a necessidade de encontrar materiais de boa qualidade a pre\u00e7os acess\u00edveis. Nesse contexto, o <strong>vergalh\u00e3o barato<\/strong> surge como uma solu\u00e7\u00e3o vi\u00e1vel para obras que exigem resist\u00eancia e durabilidade sem comprometer o or\u00e7amento. A BR A\u00e7o se destaca nessa atua\u00e7\u00e3o, fornecendo vergalh\u00f5es de qualidade superior a um pre\u00e7o competitivo, garantindo assim a satisfa\u00e7\u00e3o de nossos clientes. Venha descobrir tudo sobre o <strong>vergalh\u00e3o barato<\/strong> e como ele pode ser uma \u00f3tima op\u00e7\u00e3o para seu projeto, alinhando economia e qualidade em sua constru\u00e7\u00e3o. Com uma ampla variedade de op\u00e7\u00f5es, nossa empresa se coloca \u00e0 frente no mercado, pronta para atender \u00e0s suas demandas com agilidade e efici\u00eancia. Ao optar pelo <strong>vergalh\u00e3o barato<\/strong> da BR A\u00e7o, voc\u00ea n\u00e3o apenas est\u00e1 economizando, mas tamb\u00e9m fazendo uma escolha inteligente que reflete em um produto eficiente e seguro. Al\u00e9m disso, a entrega r\u00e1pida e o suporte ao cliente s\u00e3o diferenciais que fazem da nossa companhia uma refer\u00eancia em Goi\u00e1s. Aproveite essa oportunidade e conhe\u00e7a mais sobre as vantagens que sua obra pode ter ao usar o <strong>vergalh\u00e3o barato<\/strong> que oferecemos. Nossa experi\u00eancia no setor, somada \u00e0 nossa paix\u00e3o pelo que fazemos, garante que estamos aptos a atender qualquer demanda, seja ela em grande ou pequena escala. N\u00e3o perca tempo e descubra como o <strong>vergalh\u00e3o barato<\/strong> pode transformar seu projeto na constru\u00e7\u00e3o civil. Explore nosso portf\u00f3lio e confira as op\u00e7\u00f5es que temos para voc\u00ea! Ao final, lembre-se: a BR A\u00e7o pode tornar seus projetos realidade de forma r\u00e1pida e eficaz, entregando a qualidade no que h\u00e1 de melhor em a\u00e7o para constru\u00e7\u00e3o civil.<\/p>\n","protected":false},"excerpt":{"rendered":"<p>O mercado de constru\u00e7\u00e3o civil enfrenta constantemente a necessidade de encontrar materiais de boa qualidade a pre\u00e7os acess\u00edveis. Nesse contexto, o vergalh\u00e3o barato surge como uma solu\u00e7\u00e3o vi\u00e1vel para obras que exigem resist\u00eancia e durabilidade sem comprometer o or\u00e7amento. A BR A\u00e7o se destaca nessa atua\u00e7\u00e3o, fornecendo vergalh\u00f5es de qualidade superior a um pre\u00e7o competitivo,&hellip;&nbsp;<a href=\"https:\/\/grupobraco.com.br\/conteudo\/vergalhao-barato-a-escolha-certa-para-sua-construcao\/\" class=\"\" rel=\"bookmark\">Continue a ler &raquo;<span class=\"screen-reader-text\">Vergalh\u00e3o Barato: A Escolha Certa Para Sua Constru\u00e7\u00e3o<\/span><\/a><\/p>\n","protected":false},"author":3,"featured_media":0,"parent":0,"menu_order":0,"comment_status":"closed","ping_status":"closed","template":"","meta":{"_acf_changed":false,"_yoast_wpseo_focuskw":"vergalh\u00e3o barato","_yoast_wpseo_title":"Vergalh\u00e3o Barato: Como Escolher com Qualidade e Economia","_yoast_wpseo_metadesc":"Descubra como o vergalh\u00e3o barato da BR A\u00e7o pode trazer qualidade e economia para sua constru\u00e7\u00e3o civil.","neve_meta_sidebar":"","neve_meta_container":"","neve_meta_enable_content_width":"","neve_meta_content_width":0,"neve_meta_title_alignment":"","neve_meta_author_avatar":"","neve_post_elements_order":"","neve_meta_disable_header":"","neve_meta_disable_footer":"","neve_meta_disable_title":"","footnotes":""},"class_list":["post-8208","page","type-page","status-publish","hentry"],"acf":{"introducao":"","conceitos_fundamentais":"","como_funciona":"","como_aplicar_no_dia_a_dia":"","principais_utilizacoes_e_beneficios":"","tipos_e_classificacoes":"","tecnologias_e_ferramentas_relacionadas":"","exemplos_e_casos_de_sucesso":"","mitos_e_verdades":"","perguntas_frequentes_faq":"","erros_comuns_e_como_evita-los":"","futuro_e_tendencias":"","conclusao":"","bloco1title":"Custo-benef\u00edcio excepcional","bloco1text":"O vergalh\u00e3o barato da BR A\u00e7o oferece alta resist\u00eancia a um pre\u00e7o acess\u00edvel, ideal para v\u00e1rias aplica\u00e7\u00f5es na constru\u00e7\u00e3o civil.","bloco2title":"Entrega R\u00e1pida","bloco2text":"Contamos com log\u00edstica eficiente para garantir a entrega do vergalh\u00e3o barato no prazo combinado.","bloco3title":"Expertise na Constru\u00e7\u00e3o","bloco3text":"Com anos de experi\u00eancia, a BR A\u00e7o \u00e9 especialista em fornecer solu\u00e7\u00f5es de ferro e a\u00e7o, incluindo o vergalh\u00e3o barato, para diferentes projetos de constru\u00e7\u00e3o.","insightwidtitle":"Curiosidades sobre Vergalh\u00f5es","insightwidcontent":"Voc\u00ea sabia que o vergalh\u00e3o \u00e9 essencial para evitar fissuras em estruturas de concreto? O uso adequado desse material pode prolongar a vida \u00fatil das constru\u00e7\u00f5es, proporcionando seguran\u00e7a e estabilidade. Investir em um <strong>vergalh\u00e3o barato<\/strong> e de qualidade \u00e9 garantir que sua obra estar\u00e1 sempre segura e eficiente ao longo do tempo."},"yoast_head":"<!-- This site is optimized with the Yoast SEO plugin v23.4 - https:\/\/yoast.com\/wordpress\/plugins\/seo\/ -->\n<title>Vergalh\u00e3o Barato: Como Escolher com Qualidade e Economia<\/title>\n<meta name=\"description\" content=\"Descubra como o vergalh\u00e3o barato da BR A\u00e7o pode trazer qualidade e economia para sua constru\u00e7\u00e3o civil.\" \/>\n<meta name=\"robots\" content=\"index, follow, max-snippet:-1, max-image-preview:large, max-video-preview:-1\" \/>\n<link rel=\"canonical\" href=\"https:\/\/grupobraco.com.br\/conteudo\/vergalhao-barato-a-escolha-certa-para-sua-construcao\/\" \/>\n<meta property=\"og:locale\" content=\"pt_BR\" \/>\n<meta property=\"og:type\" content=\"article\" \/>\n<meta property=\"og:title\" content=\"Vergalh\u00e3o Barato: Como Escolher com Qualidade e Economia\" \/>\n<meta property=\"og:description\" content=\"Descubra como o vergalh\u00e3o barato da BR A\u00e7o pode trazer qualidade e economia para sua constru\u00e7\u00e3o civil.\" \/>\n<meta property=\"og:url\" content=\"https:\/\/grupobraco.com.br\/conteudo\/vergalhao-barato-a-escolha-certa-para-sua-construcao\/\" \/>\n<meta property=\"og:site_name\" content=\"Br A\u00e7o\" \/>\n<meta name=\"twitter:card\" content=\"summary_large_image\" \/>\n<meta name=\"twitter:label1\" content=\"Est. tempo de leitura\" \/>\n\t<meta name=\"twitter:data1\" content=\"2 minutos\" \/>\n<script type=\"application\/ld+json\" class=\"yoast-schema-graph\">{\"@context\":\"https:\/\/schema.org\",\"@graph\":[{\"@type\":\"WebPage\",\"@id\":\"https:\/\/grupobraco.com.br\/conteudo\/vergalhao-barato-a-escolha-certa-para-sua-construcao\/\",\"url\":\"https:\/\/grupobraco.com.br\/conteudo\/vergalhao-barato-a-escolha-certa-para-sua-construcao\/\",\"name\":\"Vergalh\u00e3o Barato: Como Escolher com Qualidade e Economia\",\"isPartOf\":{\"@id\":\"https:\/\/grupobraco.com.br\/conteudo\/#website\"},\"datePublished\":\"2025-05-06T02:45:56+00:00\",\"dateModified\":\"2025-05-06T02:45:56+00:00\",\"description\":\"Descubra como o vergalh\u00e3o barato da BR A\u00e7o pode trazer qualidade e economia para sua constru\u00e7\u00e3o civil.\",\"breadcrumb\":{\"@id\":\"https:\/\/grupobraco.com.br\/conteudo\/vergalhao-barato-a-escolha-certa-para-sua-construcao\/#breadcrumb\"},\"inLanguage\":\"pt-BR\",\"potentialAction\":[{\"@type\":\"ReadAction\",\"target\":[\"https:\/\/grupobraco.com.br\/conteudo\/vergalhao-barato-a-escolha-certa-para-sua-construcao\/\"]}]},{\"@type\":\"BreadcrumbList\",\"@id\":\"https:\/\/grupobraco.com.br\/conteudo\/vergalhao-barato-a-escolha-certa-para-sua-construcao\/#breadcrumb\",\"itemListElement\":[{\"@type\":\"ListItem\",\"position\":1,\"name\":\"Home\",\"item\":\"https:\/\/grupobraco.com.br\/conteudo\/\"},{\"@type\":\"ListItem\",\"position\":2,\"name\":\"Vergalh\u00e3o Barato: A Escolha Certa Para Sua Constru\u00e7\u00e3o\"}]},{\"@type\":\"WebSite\",\"@id\":\"https:\/\/grupobraco.com.br\/conteudo\/#website\",\"url\":\"https:\/\/grupobraco.com.br\/conteudo\/\",\"name\":\"Br A\u00e7o\",\"description\":\"Seus projetos na velocidade m\u00e1xima\",\"publisher\":{\"@id\":\"https:\/\/grupobraco.com.br\/conteudo\/#organization\"},\"potentialAction\":[{\"@type\":\"SearchAction\",\"target\":{\"@type\":\"EntryPoint\",\"urlTemplate\":\"https:\/\/grupobraco.com.br\/conteudo\/?s={search_term_string}\"},\"query-input\":{\"@type\":\"PropertyValueSpecification\",\"valueRequired\":true,\"valueName\":\"search_term_string\"}}],\"inLanguage\":\"pt-BR\"},{\"@type\":\"Organization\",\"@id\":\"https:\/\/grupobraco.com.br\/conteudo\/#organization\",\"name\":\"Br A\u00e7o\",\"url\":\"https:\/\/grupobraco.com.br\/conteudo\/\",\"logo\":{\"@type\":\"ImageObject\",\"inLanguage\":\"pt-BR\",\"@id\":\"https:\/\/grupobraco.com.br\/conteudo\/#\/schema\/logo\/image\/\",\"url\":\"https:\/\/grupobraco.com.br\/conteudo\/wp-content\/uploads\/2025\/04\/Z340-Logotipia-Reestruturacao-do-Branding.png\",\"contentUrl\":\"https:\/\/grupobraco.com.br\/conteudo\/wp-content\/uploads\/2025\/04\/Z340-Logotipia-Reestruturacao-do-Branding.png\",\"width\":1530,\"height\":1080,\"caption\":\"Br A\u00e7o\"},\"image\":{\"@id\":\"https:\/\/grupobraco.com.br\/conteudo\/#\/schema\/logo\/image\/\"}}]}<\/script>\n<!-- \/ Yoast SEO plugin. -->","yoast_head_json":{"title":"Vergalh\u00e3o Barato: Como Escolher com Qualidade e Economia","description":"Descubra como o vergalh\u00e3o barato da BR A\u00e7o pode trazer qualidade e economia para sua constru\u00e7\u00e3o civil.","robots":{"index":"index","follow":"follow","max-snippet":"max-snippet:-1","max-image-preview":"max-image-preview:large","max-video-preview":"max-video-preview:-1"},"canonical":"https:\/\/grupobraco.com.br\/conteudo\/vergalhao-barato-a-escolha-certa-para-sua-construcao\/","og_locale":"pt_BR","og_type":"article","og_title":"Vergalh\u00e3o Barato: Como Escolher com Qualidade e Economia","og_description":"Descubra como o vergalh\u00e3o barato da BR A\u00e7o pode trazer qualidade e economia para sua constru\u00e7\u00e3o civil.","og_url":"https:\/\/grupobraco.com.br\/conteudo\/vergalhao-barato-a-escolha-certa-para-sua-construcao\/","og_site_name":"Br A\u00e7o","twitter_card":"summary_large_image","twitter_misc":{"Est. tempo de leitura":"2 minutos"},"schema":{"@context":"https:\/\/schema.org","@graph":[{"@type":"WebPage","@id":"https:\/\/grupobraco.com.br\/conteudo\/vergalhao-barato-a-escolha-certa-para-sua-construcao\/","url":"https:\/\/grupobraco.com.br\/conteudo\/vergalhao-barato-a-escolha-certa-para-sua-construcao\/","name":"Vergalh\u00e3o Barato: Como Escolher com Qualidade e Economia","isPartOf":{"@id":"https:\/\/grupobraco.com.br\/conteudo\/#website"},"datePublished":"2025-05-06T02:45:56+00:00","dateModified":"2025-05-06T02:45:56+00:00","description":"Descubra como o vergalh\u00e3o barato da BR A\u00e7o pode trazer qualidade e economia para sua constru\u00e7\u00e3o civil.","breadcrumb":{"@id":"https:\/\/grupobraco.com.br\/conteudo\/vergalhao-barato-a-escolha-certa-para-sua-construcao\/#breadcrumb"},"inLanguage":"pt-BR","potentialAction":[{"@type":"ReadAction","target":["https:\/\/grupobraco.com.br\/conteudo\/vergalhao-barato-a-escolha-certa-para-sua-construcao\/"]}]},{"@type":"BreadcrumbList","@id":"https:\/\/grupobraco.com.br\/conteudo\/vergalhao-barato-a-escolha-certa-para-sua-construcao\/#breadcrumb","itemListElement":[{"@type":"ListItem","position":1,"name":"Home","item":"https:\/\/grupobraco.com.br\/conteudo\/"},{"@type":"ListItem","position":2,"name":"Vergalh\u00e3o Barato: A Escolha Certa Para Sua Constru\u00e7\u00e3o"}]},{"@type":"WebSite","@id":"https:\/\/grupobraco.com.br\/conteudo\/#website","url":"https:\/\/grupobraco.com.br\/conteudo\/","name":"Br A\u00e7o","description":"Seus projetos na velocidade m\u00e1xima","publisher":{"@id":"https:\/\/grupobraco.com.br\/conteudo\/#organization"},"potentialAction":[{"@type":"SearchAction","target":{"@type":"EntryPoint","urlTemplate":"https:\/\/grupobraco.com.br\/conteudo\/?s={search_term_string}"},"query-input":{"@type":"PropertyValueSpecification","valueRequired":true,"valueName":"search_term_string"}}],"inLanguage":"pt-BR"},{"@type":"Organization","@id":"https:\/\/grupobraco.com.br\/conteudo\/#organization","name":"Br A\u00e7o","url":"https:\/\/grupobraco.com.br\/conteudo\/","logo":{"@type":"ImageObject","inLanguage":"pt-BR","@id":"https:\/\/grupobraco.com.br\/conteudo\/#\/schema\/logo\/image\/","url":"https:\/\/grupobraco.com.br\/conteudo\/wp-content\/uploads\/2025\/04\/Z340-Logotipia-Reestruturacao-do-Branding.png","contentUrl":"https:\/\/grupobraco.com.br\/conteudo\/wp-content\/uploads\/2025\/04\/Z340-Logotipia-Reestruturacao-do-Branding.png","width":1530,"height":1080,"caption":"Br A\u00e7o"},"image":{"@id":"https:\/\/grupobraco.com.br\/conteudo\/#\/schema\/logo\/image\/"}}]}},"_links":{"self":[{"href":"https:\/\/grupobraco.com.br\/conteudo\/wp-json\/wp\/v2\/pages\/8208","targetHints":{"allow":["GET"]}}],"collection":[{"href":"https:\/\/grupobraco.com.br\/conteudo\/wp-json\/wp\/v2\/pages"}],"about":[{"href":"https:\/\/grupobraco.com.br\/conteudo\/wp-json\/wp\/v2\/types\/page"}],"author":[{"embeddable":true,"href":"https:\/\/grupobraco.com.br\/conteudo\/wp-json\/wp\/v2\/users\/3"}],"replies":[{"embeddable":true,"href":"https:\/\/grupobraco.com.br\/conteudo\/wp-json\/wp\/v2\/comments?post=8208"}],"version-history":[{"count":0,"href":"https:\/\/grupobraco.com.br\/conteudo\/wp-json\/wp\/v2\/pages\/8208\/revisions"}],"wp:attachment":[{"href":"https:\/\/grupobraco.com.br\/conteudo\/wp-json\/wp\/v2\/media?parent=8208"}],"curies":[{"name":"wp","href":"https:\/\/api.w.org\/{rel}","templated":true}]}}