{"id":806,"date":"2025-03-25T19:45:53","date_gmt":"2025-03-25T19:45:53","guid":{"rendered":"https:\/\/grupobraco.com.br\/conteudo\/vergalhao-direto-da-fabrica-qualidade-e-agilidade-para-seus-projetos\/"},"modified":"2025-03-25T19:45:53","modified_gmt":"2025-03-25T19:45:53","slug":"vergalhao-direto-da-fabrica-qualidade-e-agilidade-para-seus-projetos","status":"publish","type":"page","link":"https:\/\/grupobraco.com.br\/conteudo\/vergalhao-direto-da-fabrica-qualidade-e-agilidade-para-seus-projetos\/","title":{"rendered":"Vergalh\u00e3o Direto da F\u00e1brica: Qualidade e Agilidade para Seus Projetos"},"content":{"rendered":"<p>Quando se trata de construir com qualidade, o vergalh\u00e3o direto da f\u00e1brica da BR A\u00e7o \u00e9 a op\u00e7\u00e3o ideal para quem busca efici\u00eancia e seriedade em seus projetos. Com a nossa capacidade de produ\u00e7\u00e3o otimizada e foco na entrega r\u00e1pida, garantimos que nossos clientes recebam produtos de alta qualidade, diretamente da fonte. Esta pr\u00e1tica n\u00e3o apenas assegura a excel\u00eancia do material, mas tamb\u00e9m reduz os custos com intermedi\u00e1rios, proporcionando um verdadeiro valor agregado \u00e0s obras. O vergalh\u00e3o \u00e9 um elemento vital em constru\u00e7\u00f5es, e na BR A\u00e7o, garantimos que ele chegue at\u00e9 voc\u00ea com as melhores garantias de proced\u00eancia e qualidade. Nossa estrutura industrial moderna nos permite atender \u00e0 crescente demanda do mercado, sempre com a agilidade que nossos clientes precisam. Voc\u00ea n\u00e3o est\u00e1 apenas comprando um produto; est\u00e1 investindo na seguran\u00e7a e na durabilidade das suas constru\u00e7\u00f5es, pois o vergalh\u00e3o direto da f\u00e1brica \u00e9 projetado para oferecer resist\u00eancia e suporte nas mais diversas aplica\u00e7\u00f5es. Se voc\u00ea busca confiabilidade e experi\u00eancias positivas em sua obra, a escolha \u00e9 clara: vergalh\u00e3o direto da f\u00e1brica BR A\u00e7o, a certeza de que seus projetos ser\u00e3o executados na velocidade m\u00e1xima.<\/p>\n","protected":false},"excerpt":{"rendered":"<p>Quando se trata de construir com qualidade, o vergalh\u00e3o direto da f\u00e1brica da BR A\u00e7o \u00e9 a op\u00e7\u00e3o ideal para quem busca efici\u00eancia e seriedade em seus projetos. Com a nossa capacidade de produ\u00e7\u00e3o otimizada e foco na entrega r\u00e1pida, garantimos que nossos clientes recebam produtos de alta qualidade, diretamente da fonte. Esta pr\u00e1tica n\u00e3o&hellip;&nbsp;<a href=\"https:\/\/grupobraco.com.br\/conteudo\/vergalhao-direto-da-fabrica-qualidade-e-agilidade-para-seus-projetos\/\" class=\"\" rel=\"bookmark\">Continue a ler &raquo;<span class=\"screen-reader-text\">Vergalh\u00e3o Direto da F\u00e1brica: Qualidade e Agilidade para Seus Projetos<\/span><\/a><\/p>\n","protected":false},"author":3,"featured_media":0,"parent":0,"menu_order":0,"comment_status":"closed","ping_status":"closed","template":"","meta":{"_acf_changed":false,"_yoast_wpseo_focuskw":"Vergalh\u00e3o direto da f\u00e1brica","_yoast_wpseo_title":"Vergalh\u00e3o direto da f\u00e1brica: qualidade e agilidade em suas obras","_yoast_wpseo_metadesc":"Descubra os benef\u00edcios e a import\u00e2ncia do vergalh\u00e3o direto da f\u00e1brica com a BR A\u00e7o. Qualidade, agilidade e seguran\u00e7a para seus projetos de constru\u00e7\u00e3o.","neve_meta_sidebar":"","neve_meta_container":"","neve_meta_enable_content_width":"","neve_meta_content_width":0,"neve_meta_title_alignment":"","neve_meta_author_avatar":"","neve_post_elements_order":"","neve_meta_disable_header":"","neve_meta_disable_footer":"","neve_meta_disable_title":"","footnotes":""},"class_list":["post-806","page","type-page","status-publish","hentry"],"acf":{"introducao":"","conceitos_fundamentais":"","como_funciona":"","como_aplicar_no_dia_a_dia":"","principais_utilizacoes_e_beneficios":"","tipos_e_classificacoes":"","tecnologias_e_ferramentas_relacionadas":"","exemplos_e_casos_de_sucesso":"","mitos_e_verdades":"","perguntas_frequentes_faq":"","erros_comuns_e_como_evita-los":"","futuro_e_tendencias":"","conclusao":"","bloco1title":"Qualidade Superior","bloco1text":"O vergalh\u00e3o direto da f\u00e1brica BR A\u00e7o \u00e9 produzido com a\u00e7o de alta qualidade, garantindo resist\u00eancia e seguran\u00e7a para estruturas de todos os tipos.","bloco2title":"Agilidade na Entrega","bloco2text":"Garantimos fornecimento r\u00e1pido e eficiente, ideal para atender a urg\u00eancias em canteiros de obras.","bloco3title":"Compromisso com o Cliente","bloco3text":"Entendemos que o sucesso de um projeto depende de prazos. Por isso, focamos em processos que priorizam a pontualidade na entrega do vergalh\u00e3o direto da f\u00e1brica.","insightwidtitle":"Curiosidades sobre Vergalh\u00e3o","insightwidcontent":"Voc\u00ea sabia que o vergalh\u00e3o, quando utilizado corretamente, pode aumentar a seguran\u00e7a e durabilidade de uma estrutura em at\u00e9 60%? Essa \u00e9 uma das raz\u00f5es pelas quais o vergalh\u00e3o direto da f\u00e1brica \u00e9 t\u00e3o importante e valorizado na constru\u00e7\u00e3o civil."},"yoast_head":"<!-- This site is optimized with the Yoast SEO plugin v23.4 - https:\/\/yoast.com\/wordpress\/plugins\/seo\/ -->\n<title>Vergalh\u00e3o direto da f\u00e1brica: qualidade e agilidade em suas obras<\/title>\n<meta name=\"description\" content=\"Descubra os benef\u00edcios e a import\u00e2ncia do vergalh\u00e3o direto da f\u00e1brica com a BR A\u00e7o. Qualidade, agilidade e seguran\u00e7a para seus projetos de constru\u00e7\u00e3o.\" \/>\n<meta name=\"robots\" content=\"index, follow, max-snippet:-1, max-image-preview:large, max-video-preview:-1\" \/>\n<link rel=\"canonical\" href=\"https:\/\/grupobraco.com.br\/conteudo\/vergalhao-direto-da-fabrica-qualidade-e-agilidade-para-seus-projetos\/\" \/>\n<meta property=\"og:locale\" content=\"pt_BR\" \/>\n<meta property=\"og:type\" content=\"article\" \/>\n<meta property=\"og:title\" content=\"Vergalh\u00e3o direto da f\u00e1brica: qualidade e agilidade em suas obras\" \/>\n<meta property=\"og:description\" content=\"Descubra os benef\u00edcios e a import\u00e2ncia do vergalh\u00e3o direto da f\u00e1brica com a BR A\u00e7o. Qualidade, agilidade e seguran\u00e7a para seus projetos de constru\u00e7\u00e3o.\" \/>\n<meta property=\"og:url\" content=\"https:\/\/grupobraco.com.br\/conteudo\/vergalhao-direto-da-fabrica-qualidade-e-agilidade-para-seus-projetos\/\" \/>\n<meta property=\"og:site_name\" content=\"Br A\u00e7o\" \/>\n<meta name=\"twitter:card\" content=\"summary_large_image\" \/>\n<meta name=\"twitter:label1\" content=\"Est. tempo de leitura\" \/>\n\t<meta name=\"twitter:data1\" content=\"1 minuto\" \/>\n<script type=\"application\/ld+json\" class=\"yoast-schema-graph\">{\"@context\":\"https:\/\/schema.org\",\"@graph\":[{\"@type\":\"WebPage\",\"@id\":\"https:\/\/grupobraco.com.br\/conteudo\/vergalhao-direto-da-fabrica-qualidade-e-agilidade-para-seus-projetos\/\",\"url\":\"https:\/\/grupobraco.com.br\/conteudo\/vergalhao-direto-da-fabrica-qualidade-e-agilidade-para-seus-projetos\/\",\"name\":\"Vergalh\u00e3o direto da f\u00e1brica: qualidade e agilidade em suas obras\",\"isPartOf\":{\"@id\":\"https:\/\/grupobraco.com.br\/conteudo\/#website\"},\"datePublished\":\"2025-03-25T19:45:53+00:00\",\"dateModified\":\"2025-03-25T19:45:53+00:00\",\"description\":\"Descubra os benef\u00edcios e a import\u00e2ncia do vergalh\u00e3o direto da f\u00e1brica com a BR A\u00e7o. Qualidade, agilidade e seguran\u00e7a para seus projetos de constru\u00e7\u00e3o.\",\"breadcrumb\":{\"@id\":\"https:\/\/grupobraco.com.br\/conteudo\/vergalhao-direto-da-fabrica-qualidade-e-agilidade-para-seus-projetos\/#breadcrumb\"},\"inLanguage\":\"pt-BR\",\"potentialAction\":[{\"@type\":\"ReadAction\",\"target\":[\"https:\/\/grupobraco.com.br\/conteudo\/vergalhao-direto-da-fabrica-qualidade-e-agilidade-para-seus-projetos\/\"]}]},{\"@type\":\"BreadcrumbList\",\"@id\":\"https:\/\/grupobraco.com.br\/conteudo\/vergalhao-direto-da-fabrica-qualidade-e-agilidade-para-seus-projetos\/#breadcrumb\",\"itemListElement\":[{\"@type\":\"ListItem\",\"position\":1,\"name\":\"Home\",\"item\":\"https:\/\/grupobraco.com.br\/conteudo\/\"},{\"@type\":\"ListItem\",\"position\":2,\"name\":\"Vergalh\u00e3o Direto da F\u00e1brica: Qualidade e Agilidade para Seus Projetos\"}]},{\"@type\":\"WebSite\",\"@id\":\"https:\/\/grupobraco.com.br\/conteudo\/#website\",\"url\":\"https:\/\/grupobraco.com.br\/conteudo\/\",\"name\":\"Br A\u00e7o\",\"description\":\"Seus projetos na velocidade m\u00e1xima\",\"publisher\":{\"@id\":\"https:\/\/grupobraco.com.br\/conteudo\/#organization\"},\"potentialAction\":[{\"@type\":\"SearchAction\",\"target\":{\"@type\":\"EntryPoint\",\"urlTemplate\":\"https:\/\/grupobraco.com.br\/conteudo\/?s={search_term_string}\"},\"query-input\":{\"@type\":\"PropertyValueSpecification\",\"valueRequired\":true,\"valueName\":\"search_term_string\"}}],\"inLanguage\":\"pt-BR\"},{\"@type\":\"Organization\",\"@id\":\"https:\/\/grupobraco.com.br\/conteudo\/#organization\",\"name\":\"Br A\u00e7o\",\"url\":\"https:\/\/grupobraco.com.br\/conteudo\/\",\"logo\":{\"@type\":\"ImageObject\",\"inLanguage\":\"pt-BR\",\"@id\":\"https:\/\/grupobraco.com.br\/conteudo\/#\/schema\/logo\/image\/\",\"url\":\"https:\/\/grupobraco.com.br\/conteudo\/wp-content\/uploads\/2025\/04\/Z340-Logotipia-Reestruturacao-do-Branding.png\",\"contentUrl\":\"https:\/\/grupobraco.com.br\/conteudo\/wp-content\/uploads\/2025\/04\/Z340-Logotipia-Reestruturacao-do-Branding.png\",\"width\":1530,\"height\":1080,\"caption\":\"Br A\u00e7o\"},\"image\":{\"@id\":\"https:\/\/grupobraco.com.br\/conteudo\/#\/schema\/logo\/image\/\"}}]}<\/script>\n<!-- \/ Yoast SEO plugin. -->","yoast_head_json":{"title":"Vergalh\u00e3o direto da f\u00e1brica: qualidade e agilidade em suas obras","description":"Descubra os benef\u00edcios e a import\u00e2ncia do vergalh\u00e3o direto da f\u00e1brica com a BR A\u00e7o. Qualidade, agilidade e seguran\u00e7a para seus projetos de constru\u00e7\u00e3o.","robots":{"index":"index","follow":"follow","max-snippet":"max-snippet:-1","max-image-preview":"max-image-preview:large","max-video-preview":"max-video-preview:-1"},"canonical":"https:\/\/grupobraco.com.br\/conteudo\/vergalhao-direto-da-fabrica-qualidade-e-agilidade-para-seus-projetos\/","og_locale":"pt_BR","og_type":"article","og_title":"Vergalh\u00e3o direto da f\u00e1brica: qualidade e agilidade em suas obras","og_description":"Descubra os benef\u00edcios e a import\u00e2ncia do vergalh\u00e3o direto da f\u00e1brica com a BR A\u00e7o. Qualidade, agilidade e seguran\u00e7a para seus projetos de constru\u00e7\u00e3o.","og_url":"https:\/\/grupobraco.com.br\/conteudo\/vergalhao-direto-da-fabrica-qualidade-e-agilidade-para-seus-projetos\/","og_site_name":"Br A\u00e7o","twitter_card":"summary_large_image","twitter_misc":{"Est. tempo de leitura":"1 minuto"},"schema":{"@context":"https:\/\/schema.org","@graph":[{"@type":"WebPage","@id":"https:\/\/grupobraco.com.br\/conteudo\/vergalhao-direto-da-fabrica-qualidade-e-agilidade-para-seus-projetos\/","url":"https:\/\/grupobraco.com.br\/conteudo\/vergalhao-direto-da-fabrica-qualidade-e-agilidade-para-seus-projetos\/","name":"Vergalh\u00e3o direto da f\u00e1brica: qualidade e agilidade em suas obras","isPartOf":{"@id":"https:\/\/grupobraco.com.br\/conteudo\/#website"},"datePublished":"2025-03-25T19:45:53+00:00","dateModified":"2025-03-25T19:45:53+00:00","description":"Descubra os benef\u00edcios e a import\u00e2ncia do vergalh\u00e3o direto da f\u00e1brica com a BR A\u00e7o. Qualidade, agilidade e seguran\u00e7a para seus projetos de constru\u00e7\u00e3o.","breadcrumb":{"@id":"https:\/\/grupobraco.com.br\/conteudo\/vergalhao-direto-da-fabrica-qualidade-e-agilidade-para-seus-projetos\/#breadcrumb"},"inLanguage":"pt-BR","potentialAction":[{"@type":"ReadAction","target":["https:\/\/grupobraco.com.br\/conteudo\/vergalhao-direto-da-fabrica-qualidade-e-agilidade-para-seus-projetos\/"]}]},{"@type":"BreadcrumbList","@id":"https:\/\/grupobraco.com.br\/conteudo\/vergalhao-direto-da-fabrica-qualidade-e-agilidade-para-seus-projetos\/#breadcrumb","itemListElement":[{"@type":"ListItem","position":1,"name":"Home","item":"https:\/\/grupobraco.com.br\/conteudo\/"},{"@type":"ListItem","position":2,"name":"Vergalh\u00e3o Direto da F\u00e1brica: Qualidade e Agilidade para Seus Projetos"}]},{"@type":"WebSite","@id":"https:\/\/grupobraco.com.br\/conteudo\/#website","url":"https:\/\/grupobraco.com.br\/conteudo\/","name":"Br A\u00e7o","description":"Seus projetos na velocidade m\u00e1xima","publisher":{"@id":"https:\/\/grupobraco.com.br\/conteudo\/#organization"},"potentialAction":[{"@type":"SearchAction","target":{"@type":"EntryPoint","urlTemplate":"https:\/\/grupobraco.com.br\/conteudo\/?s={search_term_string}"},"query-input":{"@type":"PropertyValueSpecification","valueRequired":true,"valueName":"search_term_string"}}],"inLanguage":"pt-BR"},{"@type":"Organization","@id":"https:\/\/grupobraco.com.br\/conteudo\/#organization","name":"Br A\u00e7o","url":"https:\/\/grupobraco.com.br\/conteudo\/","logo":{"@type":"ImageObject","inLanguage":"pt-BR","@id":"https:\/\/grupobraco.com.br\/conteudo\/#\/schema\/logo\/image\/","url":"https:\/\/grupobraco.com.br\/conteudo\/wp-content\/uploads\/2025\/04\/Z340-Logotipia-Reestruturacao-do-Branding.png","contentUrl":"https:\/\/grupobraco.com.br\/conteudo\/wp-content\/uploads\/2025\/04\/Z340-Logotipia-Reestruturacao-do-Branding.png","width":1530,"height":1080,"caption":"Br A\u00e7o"},"image":{"@id":"https:\/\/grupobraco.com.br\/conteudo\/#\/schema\/logo\/image\/"}}]}},"_links":{"self":[{"href":"https:\/\/grupobraco.com.br\/conteudo\/wp-json\/wp\/v2\/pages\/806","targetHints":{"allow":["GET"]}}],"collection":[{"href":"https:\/\/grupobraco.com.br\/conteudo\/wp-json\/wp\/v2\/pages"}],"about":[{"href":"https:\/\/grupobraco.com.br\/conteudo\/wp-json\/wp\/v2\/types\/page"}],"author":[{"embeddable":true,"href":"https:\/\/grupobraco.com.br\/conteudo\/wp-json\/wp\/v2\/users\/3"}],"replies":[{"embeddable":true,"href":"https:\/\/grupobraco.com.br\/conteudo\/wp-json\/wp\/v2\/comments?post=806"}],"version-history":[{"count":0,"href":"https:\/\/grupobraco.com.br\/conteudo\/wp-json\/wp\/v2\/pages\/806\/revisions"}],"wp:attachment":[{"href":"https:\/\/grupobraco.com.br\/conteudo\/wp-json\/wp\/v2\/media?parent=806"}],"curies":[{"name":"wp","href":"https:\/\/api.w.org\/{rel}","templated":true}]}}