{"id":7781,"date":"2025-04-30T19:00:55","date_gmt":"2025-04-30T19:00:55","guid":{"rendered":"https:\/\/grupobraco.com.br\/conteudo\/vergalhao-direto-da-fabrica-em-formosa-a-escolha-certa-para-sua-construcao\/"},"modified":"2025-04-30T19:00:55","modified_gmt":"2025-04-30T19:00:55","slug":"vergalhao-direto-da-fabrica-em-formosa-a-escolha-certa-para-sua-construcao","status":"publish","type":"page","link":"https:\/\/grupobraco.com.br\/conteudo\/vergalhao-direto-da-fabrica-em-formosa-a-escolha-certa-para-sua-construcao\/","title":{"rendered":"Vergalh\u00e3o Direto da F\u00e1brica em Formosa: A Escolha Certa para Sua Constru\u00e7\u00e3o"},"content":{"rendered":"<p>Se voc\u00ea busca a melhor op\u00e7\u00e3o de vergalh\u00e3o direto da f\u00e1brica em Formosa, chegou ao lugar certo. A BR A\u00e7o se destaca como a principal fornecedora deste material essencial para a constru\u00e7\u00e3o civil. Ao optar pelo vergalh\u00e3o fabricado diretamente em nossa unidade, voc\u00ea garante n\u00e3o apenas a qualidade superior do a\u00e7o, mas tamb\u00e9m um atendimento \u00e1gil e dedicado que prioriza suas necessidades. Combinando modernidade em nosso processo produtivo e um profundo conhecimento das necessidades do mercado, a BR A\u00e7o se compromete a entregar o vergalh\u00e3o direto da f\u00e1brica em Formosa com a agilidade e precis\u00e3o que os seus projetos requerem. Neste artigo, abordaremos a import\u00e2ncia do vergalh\u00e3o em projetos de constru\u00e7\u00e3o, as vantagens de compr\u00e1-lo diretamente da f\u00e1brica, e como a BR A\u00e7o se posiciona como l\u00edder neste segmento, sempre com foco na qualidade e na confian\u00e7a que nossos clientes depositam em n\u00f3s. Acompanhe nos pr\u00f3ximos par\u00e1grafos como o vergalh\u00e3o direto da f\u00e1brica em Formosa pode transformar seus projetos em realidade.<\/p>\n","protected":false},"excerpt":{"rendered":"<p>Se voc\u00ea busca a melhor op\u00e7\u00e3o de vergalh\u00e3o direto da f\u00e1brica em Formosa, chegou ao lugar certo. A BR A\u00e7o se destaca como a principal fornecedora deste material essencial para a constru\u00e7\u00e3o civil. Ao optar pelo vergalh\u00e3o fabricado diretamente em nossa unidade, voc\u00ea garante n\u00e3o apenas a qualidade superior do a\u00e7o, mas tamb\u00e9m um atendimento&hellip;&nbsp;<a href=\"https:\/\/grupobraco.com.br\/conteudo\/vergalhao-direto-da-fabrica-em-formosa-a-escolha-certa-para-sua-construcao\/\" class=\"\" rel=\"bookmark\">Continue a ler &raquo;<span class=\"screen-reader-text\">Vergalh\u00e3o Direto da F\u00e1brica em Formosa: A Escolha Certa para Sua Constru\u00e7\u00e3o<\/span><\/a><\/p>\n","protected":false},"author":3,"featured_media":0,"parent":0,"menu_order":0,"comment_status":"closed","ping_status":"closed","template":"","meta":{"_acf_changed":false,"_yoast_wpseo_focuskw":"vergalh\u00e3o direto da f\u00e1brica em Formosa","_yoast_wpseo_title":"Vergalh\u00e3o Direto da F\u00e1brica em Formosa: Qualidade e Agilidade na Constru\u00e7\u00e3o","_yoast_wpseo_metadesc":"Descubra as vantagens do vergalh\u00e3o direto da f\u00e1brica em Formosa com a BR A\u00e7o. Qualidade, agilidade e confian\u00e7a para seus projetos de constru\u00e7\u00e3o.","neve_meta_sidebar":"","neve_meta_container":"","neve_meta_enable_content_width":"","neve_meta_content_width":0,"neve_meta_title_alignment":"","neve_meta_author_avatar":"","neve_post_elements_order":"","neve_meta_disable_header":"","neve_meta_disable_footer":"","neve_meta_disable_title":"","footnotes":""},"class_list":["post-7781","page","type-page","status-publish","hentry"],"acf":{"introducao":"","conceitos_fundamentais":"","como_funciona":"","como_aplicar_no_dia_a_dia":"","principais_utilizacoes_e_beneficios":"","tipos_e_classificacoes":"","tecnologias_e_ferramentas_relacionadas":"","exemplos_e_casos_de_sucesso":"","mitos_e_verdades":"","perguntas_frequentes_faq":"","erros_comuns_e_como_evita-los":"","futuro_e_tendencias":"","conclusao":"","bloco1title":"Qualidade Superior","bloco1text":"O vergalh\u00e3o da BR A\u00e7o, fabricado diretamente em Formosa, assegura a m\u00e1xima qualidade e resist\u00eancia para sua obra.","bloco2title":"Atendimento \u00c1gil","bloco2text":"Oferecemos entrega r\u00e1pida e um atendimento focado nas necessidades do cliente.","bloco3title":"Experi\u00eancia no Mercado","bloco3text":"Com anos de atua\u00e7\u00e3o, a BR A\u00e7o possui expertise em fornecer vergalh\u00e3o de alta performance para diversos projetos.","insightwidtitle":"Curiosidades sobre Vergalh\u00e3o","insightwidcontent":"Voc\u00ea sabia que o vergalh\u00e3o \u00e9 crucial para a resist\u00eancia estrutural? Sua fun\u00e7\u00e3o principal \u00e9 absorver tens\u00f5es e evitar fissuras em pilares e lajes. Quando compramos vergalh\u00e3o direto da f\u00e1brica em Formosa, temos garantia de seguran\u00e7a e efic\u00e1cia, pois o material \u00e9 fabricado localmente, garantindo frescor e qualidade constantes. Al\u00e9m disso, o uso desse material ajuda a acelerar o cronograma da constru\u00e7\u00e3o, pois \u00e9 uma escolha muito mais vantajosa para os projetos."},"yoast_head":"<!-- This site is optimized with the Yoast SEO plugin v23.4 - https:\/\/yoast.com\/wordpress\/plugins\/seo\/ -->\n<title>Vergalh\u00e3o Direto da F\u00e1brica em Formosa: Qualidade e Agilidade na Constru\u00e7\u00e3o<\/title>\n<meta name=\"description\" content=\"Descubra as vantagens do vergalh\u00e3o direto da f\u00e1brica em Formosa com a BR A\u00e7o. Qualidade, agilidade e confian\u00e7a para seus projetos de constru\u00e7\u00e3o.\" \/>\n<meta name=\"robots\" content=\"index, follow, max-snippet:-1, max-image-preview:large, max-video-preview:-1\" \/>\n<link rel=\"canonical\" href=\"https:\/\/grupobraco.com.br\/conteudo\/vergalhao-direto-da-fabrica-em-formosa-a-escolha-certa-para-sua-construcao\/\" \/>\n<meta property=\"og:locale\" content=\"pt_BR\" \/>\n<meta property=\"og:type\" content=\"article\" \/>\n<meta property=\"og:title\" content=\"Vergalh\u00e3o Direto da F\u00e1brica em Formosa: Qualidade e Agilidade na Constru\u00e7\u00e3o\" \/>\n<meta property=\"og:description\" content=\"Descubra as vantagens do vergalh\u00e3o direto da f\u00e1brica em Formosa com a BR A\u00e7o. Qualidade, agilidade e confian\u00e7a para seus projetos de constru\u00e7\u00e3o.\" \/>\n<meta property=\"og:url\" content=\"https:\/\/grupobraco.com.br\/conteudo\/vergalhao-direto-da-fabrica-em-formosa-a-escolha-certa-para-sua-construcao\/\" \/>\n<meta property=\"og:site_name\" content=\"Br A\u00e7o\" \/>\n<meta name=\"twitter:card\" content=\"summary_large_image\" \/>\n<meta name=\"twitter:label1\" content=\"Est. tempo de leitura\" \/>\n\t<meta name=\"twitter:data1\" content=\"1 minuto\" \/>\n<script type=\"application\/ld+json\" class=\"yoast-schema-graph\">{\"@context\":\"https:\/\/schema.org\",\"@graph\":[{\"@type\":\"WebPage\",\"@id\":\"https:\/\/grupobraco.com.br\/conteudo\/vergalhao-direto-da-fabrica-em-formosa-a-escolha-certa-para-sua-construcao\/\",\"url\":\"https:\/\/grupobraco.com.br\/conteudo\/vergalhao-direto-da-fabrica-em-formosa-a-escolha-certa-para-sua-construcao\/\",\"name\":\"Vergalh\u00e3o Direto da F\u00e1brica em Formosa: Qualidade e Agilidade na Constru\u00e7\u00e3o\",\"isPartOf\":{\"@id\":\"https:\/\/grupobraco.com.br\/conteudo\/#website\"},\"datePublished\":\"2025-04-30T19:00:55+00:00\",\"dateModified\":\"2025-04-30T19:00:55+00:00\",\"description\":\"Descubra as vantagens do vergalh\u00e3o direto da f\u00e1brica em Formosa com a BR A\u00e7o. Qualidade, agilidade e confian\u00e7a para seus projetos de constru\u00e7\u00e3o.\",\"breadcrumb\":{\"@id\":\"https:\/\/grupobraco.com.br\/conteudo\/vergalhao-direto-da-fabrica-em-formosa-a-escolha-certa-para-sua-construcao\/#breadcrumb\"},\"inLanguage\":\"pt-BR\",\"potentialAction\":[{\"@type\":\"ReadAction\",\"target\":[\"https:\/\/grupobraco.com.br\/conteudo\/vergalhao-direto-da-fabrica-em-formosa-a-escolha-certa-para-sua-construcao\/\"]}]},{\"@type\":\"BreadcrumbList\",\"@id\":\"https:\/\/grupobraco.com.br\/conteudo\/vergalhao-direto-da-fabrica-em-formosa-a-escolha-certa-para-sua-construcao\/#breadcrumb\",\"itemListElement\":[{\"@type\":\"ListItem\",\"position\":1,\"name\":\"Home\",\"item\":\"https:\/\/grupobraco.com.br\/conteudo\/\"},{\"@type\":\"ListItem\",\"position\":2,\"name\":\"Vergalh\u00e3o Direto da F\u00e1brica em Formosa: A Escolha Certa para Sua Constru\u00e7\u00e3o\"}]},{\"@type\":\"WebSite\",\"@id\":\"https:\/\/grupobraco.com.br\/conteudo\/#website\",\"url\":\"https:\/\/grupobraco.com.br\/conteudo\/\",\"name\":\"Br A\u00e7o\",\"description\":\"Seus projetos na velocidade m\u00e1xima\",\"publisher\":{\"@id\":\"https:\/\/grupobraco.com.br\/conteudo\/#organization\"},\"potentialAction\":[{\"@type\":\"SearchAction\",\"target\":{\"@type\":\"EntryPoint\",\"urlTemplate\":\"https:\/\/grupobraco.com.br\/conteudo\/?s={search_term_string}\"},\"query-input\":{\"@type\":\"PropertyValueSpecification\",\"valueRequired\":true,\"valueName\":\"search_term_string\"}}],\"inLanguage\":\"pt-BR\"},{\"@type\":\"Organization\",\"@id\":\"https:\/\/grupobraco.com.br\/conteudo\/#organization\",\"name\":\"Br A\u00e7o\",\"url\":\"https:\/\/grupobraco.com.br\/conteudo\/\",\"logo\":{\"@type\":\"ImageObject\",\"inLanguage\":\"pt-BR\",\"@id\":\"https:\/\/grupobraco.com.br\/conteudo\/#\/schema\/logo\/image\/\",\"url\":\"https:\/\/grupobraco.com.br\/conteudo\/wp-content\/uploads\/2025\/04\/Z340-Logotipia-Reestruturacao-do-Branding.png\",\"contentUrl\":\"https:\/\/grupobraco.com.br\/conteudo\/wp-content\/uploads\/2025\/04\/Z340-Logotipia-Reestruturacao-do-Branding.png\",\"width\":1530,\"height\":1080,\"caption\":\"Br A\u00e7o\"},\"image\":{\"@id\":\"https:\/\/grupobraco.com.br\/conteudo\/#\/schema\/logo\/image\/\"}}]}<\/script>\n<!-- \/ Yoast SEO plugin. -->","yoast_head_json":{"title":"Vergalh\u00e3o Direto da F\u00e1brica em Formosa: Qualidade e Agilidade na Constru\u00e7\u00e3o","description":"Descubra as vantagens do vergalh\u00e3o direto da f\u00e1brica em Formosa com a BR A\u00e7o. Qualidade, agilidade e confian\u00e7a para seus projetos de constru\u00e7\u00e3o.","robots":{"index":"index","follow":"follow","max-snippet":"max-snippet:-1","max-image-preview":"max-image-preview:large","max-video-preview":"max-video-preview:-1"},"canonical":"https:\/\/grupobraco.com.br\/conteudo\/vergalhao-direto-da-fabrica-em-formosa-a-escolha-certa-para-sua-construcao\/","og_locale":"pt_BR","og_type":"article","og_title":"Vergalh\u00e3o Direto da F\u00e1brica em Formosa: Qualidade e Agilidade na Constru\u00e7\u00e3o","og_description":"Descubra as vantagens do vergalh\u00e3o direto da f\u00e1brica em Formosa com a BR A\u00e7o. Qualidade, agilidade e confian\u00e7a para seus projetos de constru\u00e7\u00e3o.","og_url":"https:\/\/grupobraco.com.br\/conteudo\/vergalhao-direto-da-fabrica-em-formosa-a-escolha-certa-para-sua-construcao\/","og_site_name":"Br A\u00e7o","twitter_card":"summary_large_image","twitter_misc":{"Est. tempo de leitura":"1 minuto"},"schema":{"@context":"https:\/\/schema.org","@graph":[{"@type":"WebPage","@id":"https:\/\/grupobraco.com.br\/conteudo\/vergalhao-direto-da-fabrica-em-formosa-a-escolha-certa-para-sua-construcao\/","url":"https:\/\/grupobraco.com.br\/conteudo\/vergalhao-direto-da-fabrica-em-formosa-a-escolha-certa-para-sua-construcao\/","name":"Vergalh\u00e3o Direto da F\u00e1brica em Formosa: Qualidade e Agilidade na Constru\u00e7\u00e3o","isPartOf":{"@id":"https:\/\/grupobraco.com.br\/conteudo\/#website"},"datePublished":"2025-04-30T19:00:55+00:00","dateModified":"2025-04-30T19:00:55+00:00","description":"Descubra as vantagens do vergalh\u00e3o direto da f\u00e1brica em Formosa com a BR A\u00e7o. Qualidade, agilidade e confian\u00e7a para seus projetos de constru\u00e7\u00e3o.","breadcrumb":{"@id":"https:\/\/grupobraco.com.br\/conteudo\/vergalhao-direto-da-fabrica-em-formosa-a-escolha-certa-para-sua-construcao\/#breadcrumb"},"inLanguage":"pt-BR","potentialAction":[{"@type":"ReadAction","target":["https:\/\/grupobraco.com.br\/conteudo\/vergalhao-direto-da-fabrica-em-formosa-a-escolha-certa-para-sua-construcao\/"]}]},{"@type":"BreadcrumbList","@id":"https:\/\/grupobraco.com.br\/conteudo\/vergalhao-direto-da-fabrica-em-formosa-a-escolha-certa-para-sua-construcao\/#breadcrumb","itemListElement":[{"@type":"ListItem","position":1,"name":"Home","item":"https:\/\/grupobraco.com.br\/conteudo\/"},{"@type":"ListItem","position":2,"name":"Vergalh\u00e3o Direto da F\u00e1brica em Formosa: A Escolha Certa para Sua Constru\u00e7\u00e3o"}]},{"@type":"WebSite","@id":"https:\/\/grupobraco.com.br\/conteudo\/#website","url":"https:\/\/grupobraco.com.br\/conteudo\/","name":"Br A\u00e7o","description":"Seus projetos na velocidade m\u00e1xima","publisher":{"@id":"https:\/\/grupobraco.com.br\/conteudo\/#organization"},"potentialAction":[{"@type":"SearchAction","target":{"@type":"EntryPoint","urlTemplate":"https:\/\/grupobraco.com.br\/conteudo\/?s={search_term_string}"},"query-input":{"@type":"PropertyValueSpecification","valueRequired":true,"valueName":"search_term_string"}}],"inLanguage":"pt-BR"},{"@type":"Organization","@id":"https:\/\/grupobraco.com.br\/conteudo\/#organization","name":"Br A\u00e7o","url":"https:\/\/grupobraco.com.br\/conteudo\/","logo":{"@type":"ImageObject","inLanguage":"pt-BR","@id":"https:\/\/grupobraco.com.br\/conteudo\/#\/schema\/logo\/image\/","url":"https:\/\/grupobraco.com.br\/conteudo\/wp-content\/uploads\/2025\/04\/Z340-Logotipia-Reestruturacao-do-Branding.png","contentUrl":"https:\/\/grupobraco.com.br\/conteudo\/wp-content\/uploads\/2025\/04\/Z340-Logotipia-Reestruturacao-do-Branding.png","width":1530,"height":1080,"caption":"Br A\u00e7o"},"image":{"@id":"https:\/\/grupobraco.com.br\/conteudo\/#\/schema\/logo\/image\/"}}]}},"_links":{"self":[{"href":"https:\/\/grupobraco.com.br\/conteudo\/wp-json\/wp\/v2\/pages\/7781","targetHints":{"allow":["GET"]}}],"collection":[{"href":"https:\/\/grupobraco.com.br\/conteudo\/wp-json\/wp\/v2\/pages"}],"about":[{"href":"https:\/\/grupobraco.com.br\/conteudo\/wp-json\/wp\/v2\/types\/page"}],"author":[{"embeddable":true,"href":"https:\/\/grupobraco.com.br\/conteudo\/wp-json\/wp\/v2\/users\/3"}],"replies":[{"embeddable":true,"href":"https:\/\/grupobraco.com.br\/conteudo\/wp-json\/wp\/v2\/comments?post=7781"}],"version-history":[{"count":0,"href":"https:\/\/grupobraco.com.br\/conteudo\/wp-json\/wp\/v2\/pages\/7781\/revisions"}],"wp:attachment":[{"href":"https:\/\/grupobraco.com.br\/conteudo\/wp-json\/wp\/v2\/media?parent=7781"}],"curies":[{"name":"wp","href":"https:\/\/api.w.org\/{rel}","templated":true}]}}