{"id":7152,"date":"2025-04-27T23:01:05","date_gmt":"2025-04-27T23:01:05","guid":{"rendered":"https:\/\/grupobraco.com.br\/conteudo\/br-aco-a-fabrica-de-vergalhao-que-revoluciona-catalao\/"},"modified":"2025-04-27T23:01:05","modified_gmt":"2025-04-27T23:01:05","slug":"br-aco-a-fabrica-de-vergalhao-que-revoluciona-catalao","status":"publish","type":"page","link":"https:\/\/grupobraco.com.br\/conteudo\/br-aco-a-fabrica-de-vergalhao-que-revoluciona-catalao\/","title":{"rendered":"BR A\u00e7o: A F\u00e1brica de Vergalh\u00e3o que Revoluciona Catal\u00e3o"},"content":{"rendered":"<p>A BR A\u00e7o se destaca como a principal f\u00e1brica de vergalh\u00e3o em Catal\u00e3o, oferecendo produtos de alta qualidade e excel\u00eancia no atendimento. Desde a sua funda\u00e7\u00e3o, a empresa tem se dedicado a transformar o mercado da constru\u00e7\u00e3o civil, apresentando solu\u00e7\u00f5es diferenciadas em a\u00e7o. Com um compromisso inabal\u00e1vel \u00e0 confiabilidade e ao r\u00e1pido fornecimento de vergalh\u00e3o, a BR A\u00e7o se tornou a escolha preferida dos profissionais da constru\u00e7\u00e3o na regi\u00e3o. A sua infraestrutura moderna e equipe especializada garantem que cada barra de vergalh\u00e3o saia com os rigorosos padr\u00f5es de seguran\u00e7a e performance exigidos na constru\u00e7\u00e3o. A empresa tamb\u00e9m investe constantemente em tecnologias que otimizam a produ\u00e7\u00e3o e reduzem prazos, assegurando que as entregas sejam realizadas na velocidade m\u00e1xima, um diferencial importante para quem trabalha com prazos apertados e necessidades espec\u00edficas em seus projetos. Al\u00e9m disso, a BR A\u00e7o n\u00e3o apenas fabrica vergalh\u00f5es, mas tamb\u00e9m se preocupa em oferecer um suporte t\u00e9cnico qualificado, permitindo que seus clientes escolham o produto mais adequado para suas necessidades, tornando-os parte de um processo de constru\u00e7\u00e3o mais eficiente e seguro. Com um time jovem e inovador, a BR A\u00e7o tem como miss\u00e3o n\u00e3o apenas fornecer vergalh\u00e3o de qualidade, mas tamb\u00e9m fazer com que seus clientes sintam-se apoiados a cada passo do caminho. Portanto, quando se fala em uma f\u00e1brica de vergalh\u00e3o em Catal\u00e3o, a escolha \u00e9 clara: a BR A\u00e7o! Ao longo de todo o nosso trajeto, conquistamos a confian\u00e7a de diversos clientes e construtores, destacando-nos n\u00e3o somente pela qualidade do nosso vergalh\u00e3o, mas tamb\u00e9m pela nossa capacidade de atender a grandes demandas. A BR A\u00e7o est\u00e1 aqui para sua obra, com agilidade e efici\u00eancia, sempre pronta para oferecer o melhor suporte e as melhores solu\u00e7\u00f5es em vergalh\u00f5es. Nossa reputa\u00e7\u00e3o como uma das principais f\u00e1bricas de vergalh\u00e3o em Catal\u00e3o nos posiciona entre os l\u00edderes do setor, e continuamos a crescer e a expandir-nos, sempre alinhados aos nossos valores de qualidade e compromisso. A excel\u00eancia no fornecimento de vergalh\u00e3o \u00e9 uma extens\u00e3o de nosso desejo de ser a melhor fornecedora de solu\u00e7\u00f5es para a constru\u00e7\u00e3o civil em Goi\u00e1s.  Por isso, a BR A\u00e7o \u00e9 a f\u00e1brica que n\u00e3o apenas promete, mas entrega produtos de qualidade que aceleram o andamento de seus projetos. O vergalh\u00e3o que sai de nossas instala\u00e7\u00f5es \u00e9 testado e comprovado, permitindo que engenheiros e arquitetos tenham a certeza de que est\u00e3o utilizando um produto de alto desempenho em suas obras. E quando falamos de entrega, a BR A\u00e7o garante que o seu pedido chegue exatamente onde e quando voc\u00ea precisa, sem atrasos e sem surpresas. Este \u00e9 o compromisso da BR A\u00e7o: seus projetos na velocidade m\u00e1xima!<\/p>\n","protected":false},"excerpt":{"rendered":"<p>A BR A\u00e7o se destaca como a principal f\u00e1brica de vergalh\u00e3o em Catal\u00e3o, oferecendo produtos de alta qualidade e excel\u00eancia no atendimento. Desde a sua funda\u00e7\u00e3o, a empresa tem se dedicado a transformar o mercado da constru\u00e7\u00e3o civil, apresentando solu\u00e7\u00f5es diferenciadas em a\u00e7o. Com um compromisso inabal\u00e1vel \u00e0 confiabilidade e ao r\u00e1pido fornecimento de vergalh\u00e3o,&hellip;&nbsp;<a href=\"https:\/\/grupobraco.com.br\/conteudo\/br-aco-a-fabrica-de-vergalhao-que-revoluciona-catalao\/\" class=\"\" rel=\"bookmark\">Continue a ler &raquo;<span class=\"screen-reader-text\">BR A\u00e7o: A F\u00e1brica de Vergalh\u00e3o que Revoluciona Catal\u00e3o<\/span><\/a><\/p>\n","protected":false},"author":3,"featured_media":0,"parent":0,"menu_order":0,"comment_status":"closed","ping_status":"closed","template":"","meta":{"_acf_changed":false,"_yoast_wpseo_focuskw":"F\u00e1brica de vergalh\u00e3o em Catal\u00e3o","_yoast_wpseo_title":"F\u00e1brica de Vergalh\u00e3o em Catal\u00e3o - BR A\u00e7o como Sin\u00f4nimo de Qualidade","_yoast_wpseo_metadesc":"Descubra a BR A\u00e7o, a principal f\u00e1brica de vergalh\u00e3o em Catal\u00e3o, com produtos de alta qualidade e entrega r\u00e1pida para sua obra.","neve_meta_sidebar":"","neve_meta_container":"","neve_meta_enable_content_width":"","neve_meta_content_width":0,"neve_meta_title_alignment":"","neve_meta_author_avatar":"","neve_post_elements_order":"","neve_meta_disable_header":"","neve_meta_disable_footer":"","neve_meta_disable_title":"","footnotes":""},"class_list":["post-7152","page","type-page","status-publish","hentry"],"acf":{"introducao":"","conceitos_fundamentais":"","como_funciona":"","como_aplicar_no_dia_a_dia":"","principais_utilizacoes_e_beneficios":"","tipos_e_classificacoes":"","tecnologias_e_ferramentas_relacionadas":"","exemplos_e_casos_de_sucesso":"","mitos_e_verdades":"","perguntas_frequentes_faq":"","erros_comuns_e_como_evita-los":"","futuro_e_tendencias":"","conclusao":"","bloco1title":"Qualidade Superior","bloco1text":"O vergalh\u00e3o da BR A\u00e7o \u00e9 produzido com as melhores mat\u00e9rias-primas, garantindo qualidade e seguran\u00e7a em suas obras.","bloco2title":"Atendimento Personalizado","bloco2text":"Oferecemos suporte t\u00e9cnico para uma escolha adequada do vergalh\u00e3o, alinhando o produto \u00e0s suas necessidades.","bloco3title":"Compromisso com Prazo","bloco3text":"Entregas r\u00e1pidas tornam a BR A\u00e7o a parceira ideal para sua obra, evitando atrasos e maximizando a efici\u00eancia do seu projeto.","insightwidtitle":"Curiosidades sobre o A\u00e7o","insightwidcontent":"Voc\u00ea sabia que o a\u00e7o \u00e9 um dos materiais mais recicl\u00e1veis do mundo? At\u00e9 90% do a\u00e7o utilizado pode ser reciclado sem perda de qualidade. Isso demonstra a sustentabilidade e durabilidade do a\u00e7o, um aspecto essencial na constru\u00e7\u00e3o civil. Para quem busca uma f\u00e1brica de vergalh\u00e3o em Catal\u00e3o, a BR A\u00e7o tem compromisso com a qualidade e o meio ambiente."},"yoast_head":"<!-- This site is optimized with the Yoast SEO plugin v23.4 - https:\/\/yoast.com\/wordpress\/plugins\/seo\/ -->\n<title>F\u00e1brica de Vergalh\u00e3o em Catal\u00e3o - BR A\u00e7o como Sin\u00f4nimo de Qualidade<\/title>\n<meta name=\"description\" content=\"Descubra a BR A\u00e7o, a principal f\u00e1brica de vergalh\u00e3o em Catal\u00e3o, com produtos de alta qualidade e entrega r\u00e1pida para sua obra.\" \/>\n<meta name=\"robots\" content=\"index, follow, max-snippet:-1, max-image-preview:large, max-video-preview:-1\" \/>\n<link rel=\"canonical\" href=\"https:\/\/grupobraco.com.br\/conteudo\/br-aco-a-fabrica-de-vergalhao-que-revoluciona-catalao\/\" \/>\n<meta property=\"og:locale\" content=\"pt_BR\" \/>\n<meta property=\"og:type\" content=\"article\" \/>\n<meta property=\"og:title\" content=\"F\u00e1brica de Vergalh\u00e3o em Catal\u00e3o - BR A\u00e7o como Sin\u00f4nimo de Qualidade\" \/>\n<meta property=\"og:description\" content=\"Descubra a BR A\u00e7o, a principal f\u00e1brica de vergalh\u00e3o em Catal\u00e3o, com produtos de alta qualidade e entrega r\u00e1pida para sua obra.\" \/>\n<meta property=\"og:url\" content=\"https:\/\/grupobraco.com.br\/conteudo\/br-aco-a-fabrica-de-vergalhao-que-revoluciona-catalao\/\" \/>\n<meta property=\"og:site_name\" content=\"Br A\u00e7o\" \/>\n<meta name=\"twitter:card\" content=\"summary_large_image\" \/>\n<meta name=\"twitter:label1\" content=\"Est. tempo de leitura\" \/>\n\t<meta name=\"twitter:data1\" content=\"2 minutos\" \/>\n<script type=\"application\/ld+json\" class=\"yoast-schema-graph\">{\"@context\":\"https:\/\/schema.org\",\"@graph\":[{\"@type\":\"WebPage\",\"@id\":\"https:\/\/grupobraco.com.br\/conteudo\/br-aco-a-fabrica-de-vergalhao-que-revoluciona-catalao\/\",\"url\":\"https:\/\/grupobraco.com.br\/conteudo\/br-aco-a-fabrica-de-vergalhao-que-revoluciona-catalao\/\",\"name\":\"F\u00e1brica de Vergalh\u00e3o em Catal\u00e3o - BR A\u00e7o como Sin\u00f4nimo de Qualidade\",\"isPartOf\":{\"@id\":\"https:\/\/grupobraco.com.br\/conteudo\/#website\"},\"datePublished\":\"2025-04-27T23:01:05+00:00\",\"dateModified\":\"2025-04-27T23:01:05+00:00\",\"description\":\"Descubra a BR A\u00e7o, a principal f\u00e1brica de vergalh\u00e3o em Catal\u00e3o, com produtos de alta qualidade e entrega r\u00e1pida para sua obra.\",\"breadcrumb\":{\"@id\":\"https:\/\/grupobraco.com.br\/conteudo\/br-aco-a-fabrica-de-vergalhao-que-revoluciona-catalao\/#breadcrumb\"},\"inLanguage\":\"pt-BR\",\"potentialAction\":[{\"@type\":\"ReadAction\",\"target\":[\"https:\/\/grupobraco.com.br\/conteudo\/br-aco-a-fabrica-de-vergalhao-que-revoluciona-catalao\/\"]}]},{\"@type\":\"BreadcrumbList\",\"@id\":\"https:\/\/grupobraco.com.br\/conteudo\/br-aco-a-fabrica-de-vergalhao-que-revoluciona-catalao\/#breadcrumb\",\"itemListElement\":[{\"@type\":\"ListItem\",\"position\":1,\"name\":\"Home\",\"item\":\"https:\/\/grupobraco.com.br\/conteudo\/\"},{\"@type\":\"ListItem\",\"position\":2,\"name\":\"BR A\u00e7o: A F\u00e1brica de Vergalh\u00e3o que Revoluciona Catal\u00e3o\"}]},{\"@type\":\"WebSite\",\"@id\":\"https:\/\/grupobraco.com.br\/conteudo\/#website\",\"url\":\"https:\/\/grupobraco.com.br\/conteudo\/\",\"name\":\"Br A\u00e7o\",\"description\":\"Seus projetos na velocidade m\u00e1xima\",\"publisher\":{\"@id\":\"https:\/\/grupobraco.com.br\/conteudo\/#organization\"},\"potentialAction\":[{\"@type\":\"SearchAction\",\"target\":{\"@type\":\"EntryPoint\",\"urlTemplate\":\"https:\/\/grupobraco.com.br\/conteudo\/?s={search_term_string}\"},\"query-input\":{\"@type\":\"PropertyValueSpecification\",\"valueRequired\":true,\"valueName\":\"search_term_string\"}}],\"inLanguage\":\"pt-BR\"},{\"@type\":\"Organization\",\"@id\":\"https:\/\/grupobraco.com.br\/conteudo\/#organization\",\"name\":\"Br A\u00e7o\",\"url\":\"https:\/\/grupobraco.com.br\/conteudo\/\",\"logo\":{\"@type\":\"ImageObject\",\"inLanguage\":\"pt-BR\",\"@id\":\"https:\/\/grupobraco.com.br\/conteudo\/#\/schema\/logo\/image\/\",\"url\":\"https:\/\/grupobraco.com.br\/conteudo\/wp-content\/uploads\/2025\/04\/Z340-Logotipia-Reestruturacao-do-Branding.png\",\"contentUrl\":\"https:\/\/grupobraco.com.br\/conteudo\/wp-content\/uploads\/2025\/04\/Z340-Logotipia-Reestruturacao-do-Branding.png\",\"width\":1530,\"height\":1080,\"caption\":\"Br A\u00e7o\"},\"image\":{\"@id\":\"https:\/\/grupobraco.com.br\/conteudo\/#\/schema\/logo\/image\/\"}}]}<\/script>\n<!-- \/ Yoast SEO plugin. -->","yoast_head_json":{"title":"F\u00e1brica de Vergalh\u00e3o em Catal\u00e3o - BR A\u00e7o como Sin\u00f4nimo de Qualidade","description":"Descubra a BR A\u00e7o, a principal f\u00e1brica de vergalh\u00e3o em Catal\u00e3o, com produtos de alta qualidade e entrega r\u00e1pida para sua obra.","robots":{"index":"index","follow":"follow","max-snippet":"max-snippet:-1","max-image-preview":"max-image-preview:large","max-video-preview":"max-video-preview:-1"},"canonical":"https:\/\/grupobraco.com.br\/conteudo\/br-aco-a-fabrica-de-vergalhao-que-revoluciona-catalao\/","og_locale":"pt_BR","og_type":"article","og_title":"F\u00e1brica de Vergalh\u00e3o em Catal\u00e3o - BR A\u00e7o como Sin\u00f4nimo de Qualidade","og_description":"Descubra a BR A\u00e7o, a principal f\u00e1brica de vergalh\u00e3o em Catal\u00e3o, com produtos de alta qualidade e entrega r\u00e1pida para sua obra.","og_url":"https:\/\/grupobraco.com.br\/conteudo\/br-aco-a-fabrica-de-vergalhao-que-revoluciona-catalao\/","og_site_name":"Br A\u00e7o","twitter_card":"summary_large_image","twitter_misc":{"Est. tempo de leitura":"2 minutos"},"schema":{"@context":"https:\/\/schema.org","@graph":[{"@type":"WebPage","@id":"https:\/\/grupobraco.com.br\/conteudo\/br-aco-a-fabrica-de-vergalhao-que-revoluciona-catalao\/","url":"https:\/\/grupobraco.com.br\/conteudo\/br-aco-a-fabrica-de-vergalhao-que-revoluciona-catalao\/","name":"F\u00e1brica de Vergalh\u00e3o em Catal\u00e3o - BR A\u00e7o como Sin\u00f4nimo de Qualidade","isPartOf":{"@id":"https:\/\/grupobraco.com.br\/conteudo\/#website"},"datePublished":"2025-04-27T23:01:05+00:00","dateModified":"2025-04-27T23:01:05+00:00","description":"Descubra a BR A\u00e7o, a principal f\u00e1brica de vergalh\u00e3o em Catal\u00e3o, com produtos de alta qualidade e entrega r\u00e1pida para sua obra.","breadcrumb":{"@id":"https:\/\/grupobraco.com.br\/conteudo\/br-aco-a-fabrica-de-vergalhao-que-revoluciona-catalao\/#breadcrumb"},"inLanguage":"pt-BR","potentialAction":[{"@type":"ReadAction","target":["https:\/\/grupobraco.com.br\/conteudo\/br-aco-a-fabrica-de-vergalhao-que-revoluciona-catalao\/"]}]},{"@type":"BreadcrumbList","@id":"https:\/\/grupobraco.com.br\/conteudo\/br-aco-a-fabrica-de-vergalhao-que-revoluciona-catalao\/#breadcrumb","itemListElement":[{"@type":"ListItem","position":1,"name":"Home","item":"https:\/\/grupobraco.com.br\/conteudo\/"},{"@type":"ListItem","position":2,"name":"BR A\u00e7o: A F\u00e1brica de Vergalh\u00e3o que Revoluciona Catal\u00e3o"}]},{"@type":"WebSite","@id":"https:\/\/grupobraco.com.br\/conteudo\/#website","url":"https:\/\/grupobraco.com.br\/conteudo\/","name":"Br A\u00e7o","description":"Seus projetos na velocidade m\u00e1xima","publisher":{"@id":"https:\/\/grupobraco.com.br\/conteudo\/#organization"},"potentialAction":[{"@type":"SearchAction","target":{"@type":"EntryPoint","urlTemplate":"https:\/\/grupobraco.com.br\/conteudo\/?s={search_term_string}"},"query-input":{"@type":"PropertyValueSpecification","valueRequired":true,"valueName":"search_term_string"}}],"inLanguage":"pt-BR"},{"@type":"Organization","@id":"https:\/\/grupobraco.com.br\/conteudo\/#organization","name":"Br A\u00e7o","url":"https:\/\/grupobraco.com.br\/conteudo\/","logo":{"@type":"ImageObject","inLanguage":"pt-BR","@id":"https:\/\/grupobraco.com.br\/conteudo\/#\/schema\/logo\/image\/","url":"https:\/\/grupobraco.com.br\/conteudo\/wp-content\/uploads\/2025\/04\/Z340-Logotipia-Reestruturacao-do-Branding.png","contentUrl":"https:\/\/grupobraco.com.br\/conteudo\/wp-content\/uploads\/2025\/04\/Z340-Logotipia-Reestruturacao-do-Branding.png","width":1530,"height":1080,"caption":"Br A\u00e7o"},"image":{"@id":"https:\/\/grupobraco.com.br\/conteudo\/#\/schema\/logo\/image\/"}}]}},"_links":{"self":[{"href":"https:\/\/grupobraco.com.br\/conteudo\/wp-json\/wp\/v2\/pages\/7152","targetHints":{"allow":["GET"]}}],"collection":[{"href":"https:\/\/grupobraco.com.br\/conteudo\/wp-json\/wp\/v2\/pages"}],"about":[{"href":"https:\/\/grupobraco.com.br\/conteudo\/wp-json\/wp\/v2\/types\/page"}],"author":[{"embeddable":true,"href":"https:\/\/grupobraco.com.br\/conteudo\/wp-json\/wp\/v2\/users\/3"}],"replies":[{"embeddable":true,"href":"https:\/\/grupobraco.com.br\/conteudo\/wp-json\/wp\/v2\/comments?post=7152"}],"version-history":[{"count":0,"href":"https:\/\/grupobraco.com.br\/conteudo\/wp-json\/wp\/v2\/pages\/7152\/revisions"}],"wp:attachment":[{"href":"https:\/\/grupobraco.com.br\/conteudo\/wp-json\/wp\/v2\/media?parent=7152"}],"curies":[{"name":"wp","href":"https:\/\/api.w.org\/{rel}","templated":true}]}}