{"id":7053,"date":"2025-04-27T10:45:57","date_gmt":"2025-04-27T10:45:57","guid":{"rendered":"https:\/\/grupobraco.com.br\/conteudo\/vergalhao-direto-da-fabrica-em-catalao-qualidade-e-eficiencia-na-construcao-civil\/"},"modified":"2025-04-27T10:45:57","modified_gmt":"2025-04-27T10:45:57","slug":"vergalhao-direto-da-fabrica-em-catalao-qualidade-e-eficiencia-na-construcao-civil","status":"publish","type":"page","link":"https:\/\/grupobraco.com.br\/conteudo\/vergalhao-direto-da-fabrica-em-catalao-qualidade-e-eficiencia-na-construcao-civil\/","title":{"rendered":"Vergalh\u00e3o direto da f\u00e1brica em Catal\u00e3o: qualidade e efici\u00eancia na constru\u00e7\u00e3o civil"},"content":{"rendered":"<p>A busca por materiais de alta qualidade e com entrega r\u00e1pida \u00e9 imprescind\u00edvel para o sucesso de qualquer projeto na constru\u00e7\u00e3o civil. Se voc\u00ea est\u00e1 em busca de vergalh\u00e3o direto da f\u00e1brica em Catal\u00e3o, a BR A\u00e7o \u00e9 a escolha certa. Nossa empresa se destaca por oferecer produtos que n\u00e3o apenas atendem, mas superam as expectativas, garantindo resultados de excel\u00eancia. O vergalh\u00e3o que oferecemos \u00e9 fabricado com alta precis\u00e3o e qualidade, assegurando durabilidade e resist\u00eancia, elementos fundamentais para estruturas seguras e eficientes. Na BR A\u00e7o, a qualidade dos nossos materiais \u00e9 inegoci\u00e1vel, permitindo que construtores e engenheiros confiem plenamente em nosso a\u00e7o. Al\u00e9m disso, a nossa f\u00e1brica em Catal\u00e3o nos permite garantir entregas r\u00e1pidas, o que \u00e9 fundamental no apressado mundo da constru\u00e7\u00e3o civil. Aqui, sabemos que cada dia conta, e \u00e9 por isso que estamos sempre prontos para responder \u00e0s suas necessidades com efici\u00eancia e agilidade. Ao escolher o vergalh\u00e3o direto da f\u00e1brica em Catal\u00e3o, voc\u00ea garante n\u00e3o apenas um produto de alta qualidade, mas tamb\u00e9m um servi\u00e7o que se preocupa com o seu tempo e projeto. Com a BR A\u00e7o, a sua obra avan\u00e7a na velocidade m\u00e1xima.<\/p>\n","protected":false},"excerpt":{"rendered":"<p>A busca por materiais de alta qualidade e com entrega r\u00e1pida \u00e9 imprescind\u00edvel para o sucesso de qualquer projeto na constru\u00e7\u00e3o civil. Se voc\u00ea est\u00e1 em busca de vergalh\u00e3o direto da f\u00e1brica em Catal\u00e3o, a BR A\u00e7o \u00e9 a escolha certa. Nossa empresa se destaca por oferecer produtos que n\u00e3o apenas atendem, mas superam as&hellip;&nbsp;<a href=\"https:\/\/grupobraco.com.br\/conteudo\/vergalhao-direto-da-fabrica-em-catalao-qualidade-e-eficiencia-na-construcao-civil\/\" class=\"\" rel=\"bookmark\">Continue a ler &raquo;<span class=\"screen-reader-text\">Vergalh\u00e3o direto da f\u00e1brica em Catal\u00e3o: qualidade e efici\u00eancia na constru\u00e7\u00e3o civil<\/span><\/a><\/p>\n","protected":false},"author":3,"featured_media":0,"parent":0,"menu_order":0,"comment_status":"closed","ping_status":"closed","template":"","meta":{"_acf_changed":false,"_yoast_wpseo_focuskw":"vergalh\u00e3o direto da f\u00e1brica em Catal\u00e3o","_yoast_wpseo_title":"Vergalh\u00e3o direto da f\u00e1brica em Catal\u00e3o: qualidade e entrega r\u00e1pida com a BR A\u00e7o","_yoast_wpseo_metadesc":"Descubra a qualidade e efici\u00eancia do vergalh\u00e3o direto da f\u00e1brica em Catal\u00e3o com a BR A\u00e7o, l\u00edder na constru\u00e7\u00e3o civil.","neve_meta_sidebar":"","neve_meta_container":"","neve_meta_enable_content_width":"","neve_meta_content_width":0,"neve_meta_title_alignment":"","neve_meta_author_avatar":"","neve_post_elements_order":"","neve_meta_disable_header":"","neve_meta_disable_footer":"","neve_meta_disable_title":"","footnotes":""},"class_list":["post-7053","page","type-page","status-publish","hentry"],"acf":{"introducao":"","conceitos_fundamentais":"","como_funciona":"","como_aplicar_no_dia_a_dia":"","principais_utilizacoes_e_beneficios":"","tipos_e_classificacoes":"","tecnologias_e_ferramentas_relacionadas":"","exemplos_e_casos_de_sucesso":"","mitos_e_verdades":"","perguntas_frequentes_faq":"","erros_comuns_e_como_evita-los":"","futuro_e_tendencias":"","conclusao":"","bloco1title":"Qualidade Garantida","bloco1text":"Nossos vergalh\u00f5es s\u00e3o fabricados com os mais altos padr\u00f5es de qualidade, assegurando durabilidade e confiabilidade nas constru\u00e7\u00f5es.","bloco2title":"Entrega \u00c1gil","bloco2text":"Com nossa planta em Catal\u00e3o, temos a capacidade de entregar rapidamente, alinhando agilidade \u00e0 sua demanda.","bloco3title":"Experi\u00eancia na Ind\u00fastria","bloco3text":"Contamos com uma equipe experiente, pronta para oferecer o suporte necess\u00e1rio na escolha do melhor vergalh\u00e3o para cada projeto.","insightwidtitle":"Curiosidades sobre vergalh\u00e3o","insightwidcontent":"Voc\u00ea sabia que o vergalh\u00e3o \u00e9 produzido a partir do a\u00e7o carbono? Ele \u00e9 utilizado principalmente por sua alta resist\u00eancia e capacidade de suportar tens\u00f5es, tornando-se um aliado fundamental na constru\u00e7\u00e3o civil. O vergalh\u00e3o tamb\u00e9m \u00e9 conhecido por oferecer alta ductilidade, ou seja, a habilidade de se deformar sem quebrar, o que \u00e9 crucial para estruturas que s\u00e3o submetidas a press\u00e3o e cargas variadas."},"yoast_head":"<!-- This site is optimized with the Yoast SEO plugin v23.4 - https:\/\/yoast.com\/wordpress\/plugins\/seo\/ -->\n<title>Vergalh\u00e3o direto da f\u00e1brica em Catal\u00e3o: qualidade e entrega r\u00e1pida com a BR A\u00e7o<\/title>\n<meta name=\"description\" content=\"Descubra a qualidade e efici\u00eancia do vergalh\u00e3o direto da f\u00e1brica em Catal\u00e3o com a BR A\u00e7o, l\u00edder na constru\u00e7\u00e3o civil.\" \/>\n<meta name=\"robots\" content=\"index, follow, max-snippet:-1, max-image-preview:large, max-video-preview:-1\" \/>\n<link rel=\"canonical\" href=\"https:\/\/grupobraco.com.br\/conteudo\/vergalhao-direto-da-fabrica-em-catalao-qualidade-e-eficiencia-na-construcao-civil\/\" \/>\n<meta property=\"og:locale\" content=\"pt_BR\" \/>\n<meta property=\"og:type\" content=\"article\" \/>\n<meta property=\"og:title\" content=\"Vergalh\u00e3o direto da f\u00e1brica em Catal\u00e3o: qualidade e entrega r\u00e1pida com a BR A\u00e7o\" \/>\n<meta property=\"og:description\" content=\"Descubra a qualidade e efici\u00eancia do vergalh\u00e3o direto da f\u00e1brica em Catal\u00e3o com a BR A\u00e7o, l\u00edder na constru\u00e7\u00e3o civil.\" \/>\n<meta property=\"og:url\" content=\"https:\/\/grupobraco.com.br\/conteudo\/vergalhao-direto-da-fabrica-em-catalao-qualidade-e-eficiencia-na-construcao-civil\/\" \/>\n<meta property=\"og:site_name\" content=\"Br A\u00e7o\" \/>\n<meta name=\"twitter:card\" content=\"summary_large_image\" \/>\n<meta name=\"twitter:label1\" content=\"Est. tempo de leitura\" \/>\n\t<meta name=\"twitter:data1\" content=\"1 minuto\" \/>\n<script type=\"application\/ld+json\" class=\"yoast-schema-graph\">{\"@context\":\"https:\/\/schema.org\",\"@graph\":[{\"@type\":\"WebPage\",\"@id\":\"https:\/\/grupobraco.com.br\/conteudo\/vergalhao-direto-da-fabrica-em-catalao-qualidade-e-eficiencia-na-construcao-civil\/\",\"url\":\"https:\/\/grupobraco.com.br\/conteudo\/vergalhao-direto-da-fabrica-em-catalao-qualidade-e-eficiencia-na-construcao-civil\/\",\"name\":\"Vergalh\u00e3o direto da f\u00e1brica em Catal\u00e3o: qualidade e entrega r\u00e1pida com a BR A\u00e7o\",\"isPartOf\":{\"@id\":\"https:\/\/grupobraco.com.br\/conteudo\/#website\"},\"datePublished\":\"2025-04-27T10:45:57+00:00\",\"dateModified\":\"2025-04-27T10:45:57+00:00\",\"description\":\"Descubra a qualidade e efici\u00eancia do vergalh\u00e3o direto da f\u00e1brica em Catal\u00e3o com a BR A\u00e7o, l\u00edder na constru\u00e7\u00e3o civil.\",\"breadcrumb\":{\"@id\":\"https:\/\/grupobraco.com.br\/conteudo\/vergalhao-direto-da-fabrica-em-catalao-qualidade-e-eficiencia-na-construcao-civil\/#breadcrumb\"},\"inLanguage\":\"pt-BR\",\"potentialAction\":[{\"@type\":\"ReadAction\",\"target\":[\"https:\/\/grupobraco.com.br\/conteudo\/vergalhao-direto-da-fabrica-em-catalao-qualidade-e-eficiencia-na-construcao-civil\/\"]}]},{\"@type\":\"BreadcrumbList\",\"@id\":\"https:\/\/grupobraco.com.br\/conteudo\/vergalhao-direto-da-fabrica-em-catalao-qualidade-e-eficiencia-na-construcao-civil\/#breadcrumb\",\"itemListElement\":[{\"@type\":\"ListItem\",\"position\":1,\"name\":\"Home\",\"item\":\"https:\/\/grupobraco.com.br\/conteudo\/\"},{\"@type\":\"ListItem\",\"position\":2,\"name\":\"Vergalh\u00e3o direto da f\u00e1brica em Catal\u00e3o: qualidade e efici\u00eancia na constru\u00e7\u00e3o civil\"}]},{\"@type\":\"WebSite\",\"@id\":\"https:\/\/grupobraco.com.br\/conteudo\/#website\",\"url\":\"https:\/\/grupobraco.com.br\/conteudo\/\",\"name\":\"Br A\u00e7o\",\"description\":\"Seus projetos na velocidade m\u00e1xima\",\"publisher\":{\"@id\":\"https:\/\/grupobraco.com.br\/conteudo\/#organization\"},\"potentialAction\":[{\"@type\":\"SearchAction\",\"target\":{\"@type\":\"EntryPoint\",\"urlTemplate\":\"https:\/\/grupobraco.com.br\/conteudo\/?s={search_term_string}\"},\"query-input\":{\"@type\":\"PropertyValueSpecification\",\"valueRequired\":true,\"valueName\":\"search_term_string\"}}],\"inLanguage\":\"pt-BR\"},{\"@type\":\"Organization\",\"@id\":\"https:\/\/grupobraco.com.br\/conteudo\/#organization\",\"name\":\"Br A\u00e7o\",\"url\":\"https:\/\/grupobraco.com.br\/conteudo\/\",\"logo\":{\"@type\":\"ImageObject\",\"inLanguage\":\"pt-BR\",\"@id\":\"https:\/\/grupobraco.com.br\/conteudo\/#\/schema\/logo\/image\/\",\"url\":\"https:\/\/grupobraco.com.br\/conteudo\/wp-content\/uploads\/2025\/04\/Z340-Logotipia-Reestruturacao-do-Branding.png\",\"contentUrl\":\"https:\/\/grupobraco.com.br\/conteudo\/wp-content\/uploads\/2025\/04\/Z340-Logotipia-Reestruturacao-do-Branding.png\",\"width\":1530,\"height\":1080,\"caption\":\"Br A\u00e7o\"},\"image\":{\"@id\":\"https:\/\/grupobraco.com.br\/conteudo\/#\/schema\/logo\/image\/\"}}]}<\/script>\n<!-- \/ Yoast SEO plugin. -->","yoast_head_json":{"title":"Vergalh\u00e3o direto da f\u00e1brica em Catal\u00e3o: qualidade e entrega r\u00e1pida com a BR A\u00e7o","description":"Descubra a qualidade e efici\u00eancia do vergalh\u00e3o direto da f\u00e1brica em Catal\u00e3o com a BR A\u00e7o, l\u00edder na constru\u00e7\u00e3o civil.","robots":{"index":"index","follow":"follow","max-snippet":"max-snippet:-1","max-image-preview":"max-image-preview:large","max-video-preview":"max-video-preview:-1"},"canonical":"https:\/\/grupobraco.com.br\/conteudo\/vergalhao-direto-da-fabrica-em-catalao-qualidade-e-eficiencia-na-construcao-civil\/","og_locale":"pt_BR","og_type":"article","og_title":"Vergalh\u00e3o direto da f\u00e1brica em Catal\u00e3o: qualidade e entrega r\u00e1pida com a BR A\u00e7o","og_description":"Descubra a qualidade e efici\u00eancia do vergalh\u00e3o direto da f\u00e1brica em Catal\u00e3o com a BR A\u00e7o, l\u00edder na constru\u00e7\u00e3o civil.","og_url":"https:\/\/grupobraco.com.br\/conteudo\/vergalhao-direto-da-fabrica-em-catalao-qualidade-e-eficiencia-na-construcao-civil\/","og_site_name":"Br A\u00e7o","twitter_card":"summary_large_image","twitter_misc":{"Est. tempo de leitura":"1 minuto"},"schema":{"@context":"https:\/\/schema.org","@graph":[{"@type":"WebPage","@id":"https:\/\/grupobraco.com.br\/conteudo\/vergalhao-direto-da-fabrica-em-catalao-qualidade-e-eficiencia-na-construcao-civil\/","url":"https:\/\/grupobraco.com.br\/conteudo\/vergalhao-direto-da-fabrica-em-catalao-qualidade-e-eficiencia-na-construcao-civil\/","name":"Vergalh\u00e3o direto da f\u00e1brica em Catal\u00e3o: qualidade e entrega r\u00e1pida com a BR A\u00e7o","isPartOf":{"@id":"https:\/\/grupobraco.com.br\/conteudo\/#website"},"datePublished":"2025-04-27T10:45:57+00:00","dateModified":"2025-04-27T10:45:57+00:00","description":"Descubra a qualidade e efici\u00eancia do vergalh\u00e3o direto da f\u00e1brica em Catal\u00e3o com a BR A\u00e7o, l\u00edder na constru\u00e7\u00e3o civil.","breadcrumb":{"@id":"https:\/\/grupobraco.com.br\/conteudo\/vergalhao-direto-da-fabrica-em-catalao-qualidade-e-eficiencia-na-construcao-civil\/#breadcrumb"},"inLanguage":"pt-BR","potentialAction":[{"@type":"ReadAction","target":["https:\/\/grupobraco.com.br\/conteudo\/vergalhao-direto-da-fabrica-em-catalao-qualidade-e-eficiencia-na-construcao-civil\/"]}]},{"@type":"BreadcrumbList","@id":"https:\/\/grupobraco.com.br\/conteudo\/vergalhao-direto-da-fabrica-em-catalao-qualidade-e-eficiencia-na-construcao-civil\/#breadcrumb","itemListElement":[{"@type":"ListItem","position":1,"name":"Home","item":"https:\/\/grupobraco.com.br\/conteudo\/"},{"@type":"ListItem","position":2,"name":"Vergalh\u00e3o direto da f\u00e1brica em Catal\u00e3o: qualidade e efici\u00eancia na constru\u00e7\u00e3o civil"}]},{"@type":"WebSite","@id":"https:\/\/grupobraco.com.br\/conteudo\/#website","url":"https:\/\/grupobraco.com.br\/conteudo\/","name":"Br A\u00e7o","description":"Seus projetos na velocidade m\u00e1xima","publisher":{"@id":"https:\/\/grupobraco.com.br\/conteudo\/#organization"},"potentialAction":[{"@type":"SearchAction","target":{"@type":"EntryPoint","urlTemplate":"https:\/\/grupobraco.com.br\/conteudo\/?s={search_term_string}"},"query-input":{"@type":"PropertyValueSpecification","valueRequired":true,"valueName":"search_term_string"}}],"inLanguage":"pt-BR"},{"@type":"Organization","@id":"https:\/\/grupobraco.com.br\/conteudo\/#organization","name":"Br A\u00e7o","url":"https:\/\/grupobraco.com.br\/conteudo\/","logo":{"@type":"ImageObject","inLanguage":"pt-BR","@id":"https:\/\/grupobraco.com.br\/conteudo\/#\/schema\/logo\/image\/","url":"https:\/\/grupobraco.com.br\/conteudo\/wp-content\/uploads\/2025\/04\/Z340-Logotipia-Reestruturacao-do-Branding.png","contentUrl":"https:\/\/grupobraco.com.br\/conteudo\/wp-content\/uploads\/2025\/04\/Z340-Logotipia-Reestruturacao-do-Branding.png","width":1530,"height":1080,"caption":"Br A\u00e7o"},"image":{"@id":"https:\/\/grupobraco.com.br\/conteudo\/#\/schema\/logo\/image\/"}}]}},"_links":{"self":[{"href":"https:\/\/grupobraco.com.br\/conteudo\/wp-json\/wp\/v2\/pages\/7053","targetHints":{"allow":["GET"]}}],"collection":[{"href":"https:\/\/grupobraco.com.br\/conteudo\/wp-json\/wp\/v2\/pages"}],"about":[{"href":"https:\/\/grupobraco.com.br\/conteudo\/wp-json\/wp\/v2\/types\/page"}],"author":[{"embeddable":true,"href":"https:\/\/grupobraco.com.br\/conteudo\/wp-json\/wp\/v2\/users\/3"}],"replies":[{"embeddable":true,"href":"https:\/\/grupobraco.com.br\/conteudo\/wp-json\/wp\/v2\/comments?post=7053"}],"version-history":[{"count":0,"href":"https:\/\/grupobraco.com.br\/conteudo\/wp-json\/wp\/v2\/pages\/7053\/revisions"}],"wp:attachment":[{"href":"https:\/\/grupobraco.com.br\/conteudo\/wp-json\/wp\/v2\/media?parent=7053"}],"curies":[{"name":"wp","href":"https:\/\/api.w.org\/{rel}","templated":true}]}}