{"id":6905,"date":"2025-04-26T16:00:56","date_gmt":"2025-04-26T16:00:56","guid":{"rendered":"https:\/\/grupobraco.com.br\/conteudo\/br-aco-a-fabrica-de-vergalhao-em-catalao-que-transforma-seus-projetos\/"},"modified":"2025-04-26T16:00:56","modified_gmt":"2025-04-26T16:00:56","slug":"br-aco-a-fabrica-de-vergalhao-em-catalao-que-transforma-seus-projetos","status":"publish","type":"page","link":"https:\/\/grupobraco.com.br\/conteudo\/br-aco-a-fabrica-de-vergalhao-em-catalao-que-transforma-seus-projetos\/","title":{"rendered":"BR A\u00e7o: A F\u00e1brica de Vergalh\u00e3o em Catal\u00e3o que Transforma Seus Projetos"},"content":{"rendered":"<p>Na busca por solu\u00e7\u00f5es de alta qualidade para a constru\u00e7\u00e3o civil, aBR A\u00e7o se destaca como a principal f\u00e1brica de vergalh\u00e3o em Catal\u00e3o. Oferecemos uma gama de produtos de a\u00e7o que s\u00e3o essenciais para garantir a seguran\u00e7a e durabilidade das obras. O vergalh\u00e3o, em particular, \u00e9 um dos itens mais procurados, pois atua como uma armadura fundamental nas estruturas de concreto, proporcionando resist\u00eancia e flexibilidade. A localiza\u00e7\u00e3o estrat\u00e9gica da BR A\u00e7o em Catal\u00e3o nos permite atender com efici\u00eancia as demandas dos nossos clientes, oferecendo prazos de entrega r\u00e1pidos e um atendimento personalizado. Nossa equipe de especialistas est\u00e1 sempre pronta para ajudar a encontrar a melhor solu\u00e7\u00e3o para cada projeto, seja ele pequeno ou grande. Al\u00e9m disso, a experi\u00eancia acumulada por nossos profissionais ao longo dos anos fortalece nossa posi\u00e7\u00e3o de autoridade no mercado. Estar \u00e0 frente no fornecimento de materiais de constru\u00e7\u00e3o \u00e9 o nosso compromisso, e \u00e9 isso que nos torna a escolha preferencial na regi\u00e3o. Escolher a BR A\u00e7o \u00e9 optar pela qualidade, rapidez e confian\u00e7a em cada vergalh\u00e3o produzido em nossas instala\u00e7\u00f5es. Temos orgulho de estarmos ao lado dos nossos clientes, colaborando para transformar sonhos em realidade com um \u00fanico objetivo em mente: elevar os padr\u00f5es da constru\u00e7\u00e3o civil em Goi\u00e1s, mantendo sempre a velocidade m\u00e1xima que seus projetos merecem.<\/p>\n","protected":false},"excerpt":{"rendered":"<p>Na busca por solu\u00e7\u00f5es de alta qualidade para a constru\u00e7\u00e3o civil, aBR A\u00e7o se destaca como a principal f\u00e1brica de vergalh\u00e3o em Catal\u00e3o. Oferecemos uma gama de produtos de a\u00e7o que s\u00e3o essenciais para garantir a seguran\u00e7a e durabilidade das obras. O vergalh\u00e3o, em particular, \u00e9 um dos itens mais procurados, pois atua como uma&hellip;&nbsp;<a href=\"https:\/\/grupobraco.com.br\/conteudo\/br-aco-a-fabrica-de-vergalhao-em-catalao-que-transforma-seus-projetos\/\" class=\"\" rel=\"bookmark\">Continue a ler &raquo;<span class=\"screen-reader-text\">BR A\u00e7o: A F\u00e1brica de Vergalh\u00e3o em Catal\u00e3o que Transforma Seus Projetos<\/span><\/a><\/p>\n","protected":false},"author":3,"featured_media":0,"parent":0,"menu_order":0,"comment_status":"closed","ping_status":"closed","template":"","meta":{"_acf_changed":false,"_yoast_wpseo_focuskw":"f\u00e1brica de vergalh\u00e3o em Catal\u00e3o","_yoast_wpseo_title":"F\u00e1brica de Vergalh\u00e3o em Catal\u00e3o - BR A\u00e7o","_yoast_wpseo_metadesc":"Conhe\u00e7a a BR A\u00e7o, a principal f\u00e1brica de vergalh\u00e3o em Catal\u00e3o, com qualidade, efici\u00eancia e atendimento diferenciado.","neve_meta_sidebar":"","neve_meta_container":"","neve_meta_enable_content_width":"","neve_meta_content_width":0,"neve_meta_title_alignment":"","neve_meta_author_avatar":"","neve_post_elements_order":"","neve_meta_disable_header":"","neve_meta_disable_footer":"","neve_meta_disable_title":"","footnotes":""},"class_list":["post-6905","page","type-page","status-publish","hentry"],"acf":{"introducao":"","conceitos_fundamentais":"","como_funciona":"","como_aplicar_no_dia_a_dia":"","principais_utilizacoes_e_beneficios":"","tipos_e_classificacoes":"","tecnologias_e_ferramentas_relacionadas":"","exemplos_e_casos_de_sucesso":"","mitos_e_verdades":"","perguntas_frequentes_faq":"","erros_comuns_e_como_evita-los":"","futuro_e_tendencias":"","conclusao":"","bloco1title":"Qualidade Superior","bloco1text":"A BR A\u00e7o se destaca pela qualidade superior do vergalh\u00e3o, assegurando m\u00e1xima efici\u00eancia nas obras.","bloco2title":"Entrega \u00c1gil","bloco2text":"Comprometemo-nos com prazos de entrega r\u00e1pidos e precis\u00e3o m\u00e1xima nos pedidos.","bloco3title":"Compromisso com o Cliente","bloco3text":"Nosso atendimento personalizado garante que cada cliente receba a consulta necess\u00e1ria para suas necessidades.","insightwidtitle":"Curiosidades sobre Vergalh\u00e3o","insightwidcontent":"O vergalh\u00e3o, fundamental na constru\u00e7\u00e3o civil, foi desenvolvido inicialmente no s\u00e9culo XIX, quando engenheiros perceberam a import\u00e2ncia do a\u00e7o na melhoria da resist\u00eancia do concreto. Hoje, \u00e9 imposs\u00edvel imaginar uma estrutura segura sem a utiliza\u00e7\u00e3o desse material essencial. Muitos n\u00e3o sabem que os vergalh\u00f5es se apresentam em diferentes graus de resist\u00eancia e que sua especifica\u00e7\u00e3o correta pode impactar diretamente na seguran\u00e7a de uma obra."},"yoast_head":"<!-- This site is optimized with the Yoast SEO plugin v23.4 - https:\/\/yoast.com\/wordpress\/plugins\/seo\/ -->\n<title>F\u00e1brica de Vergalh\u00e3o em Catal\u00e3o - BR A\u00e7o<\/title>\n<meta name=\"description\" content=\"Conhe\u00e7a a BR A\u00e7o, a principal f\u00e1brica de vergalh\u00e3o em Catal\u00e3o, com qualidade, efici\u00eancia e atendimento diferenciado.\" \/>\n<meta name=\"robots\" content=\"index, follow, max-snippet:-1, max-image-preview:large, max-video-preview:-1\" \/>\n<link rel=\"canonical\" href=\"https:\/\/grupobraco.com.br\/conteudo\/br-aco-a-fabrica-de-vergalhao-em-catalao-que-transforma-seus-projetos\/\" \/>\n<meta property=\"og:locale\" content=\"pt_BR\" \/>\n<meta property=\"og:type\" content=\"article\" \/>\n<meta property=\"og:title\" content=\"F\u00e1brica de Vergalh\u00e3o em Catal\u00e3o - BR A\u00e7o\" \/>\n<meta property=\"og:description\" content=\"Conhe\u00e7a a BR A\u00e7o, a principal f\u00e1brica de vergalh\u00e3o em Catal\u00e3o, com qualidade, efici\u00eancia e atendimento diferenciado.\" \/>\n<meta property=\"og:url\" content=\"https:\/\/grupobraco.com.br\/conteudo\/br-aco-a-fabrica-de-vergalhao-em-catalao-que-transforma-seus-projetos\/\" \/>\n<meta property=\"og:site_name\" content=\"Br A\u00e7o\" \/>\n<meta name=\"twitter:card\" content=\"summary_large_image\" \/>\n<meta name=\"twitter:label1\" content=\"Est. tempo de leitura\" \/>\n\t<meta name=\"twitter:data1\" content=\"1 minuto\" \/>\n<script type=\"application\/ld+json\" class=\"yoast-schema-graph\">{\"@context\":\"https:\/\/schema.org\",\"@graph\":[{\"@type\":\"WebPage\",\"@id\":\"https:\/\/grupobraco.com.br\/conteudo\/br-aco-a-fabrica-de-vergalhao-em-catalao-que-transforma-seus-projetos\/\",\"url\":\"https:\/\/grupobraco.com.br\/conteudo\/br-aco-a-fabrica-de-vergalhao-em-catalao-que-transforma-seus-projetos\/\",\"name\":\"F\u00e1brica de Vergalh\u00e3o em Catal\u00e3o - BR A\u00e7o\",\"isPartOf\":{\"@id\":\"https:\/\/grupobraco.com.br\/conteudo\/#website\"},\"datePublished\":\"2025-04-26T16:00:56+00:00\",\"dateModified\":\"2025-04-26T16:00:56+00:00\",\"description\":\"Conhe\u00e7a a BR A\u00e7o, a principal f\u00e1brica de vergalh\u00e3o em Catal\u00e3o, com qualidade, efici\u00eancia e atendimento diferenciado.\",\"breadcrumb\":{\"@id\":\"https:\/\/grupobraco.com.br\/conteudo\/br-aco-a-fabrica-de-vergalhao-em-catalao-que-transforma-seus-projetos\/#breadcrumb\"},\"inLanguage\":\"pt-BR\",\"potentialAction\":[{\"@type\":\"ReadAction\",\"target\":[\"https:\/\/grupobraco.com.br\/conteudo\/br-aco-a-fabrica-de-vergalhao-em-catalao-que-transforma-seus-projetos\/\"]}]},{\"@type\":\"BreadcrumbList\",\"@id\":\"https:\/\/grupobraco.com.br\/conteudo\/br-aco-a-fabrica-de-vergalhao-em-catalao-que-transforma-seus-projetos\/#breadcrumb\",\"itemListElement\":[{\"@type\":\"ListItem\",\"position\":1,\"name\":\"Home\",\"item\":\"https:\/\/grupobraco.com.br\/conteudo\/\"},{\"@type\":\"ListItem\",\"position\":2,\"name\":\"BR A\u00e7o: A F\u00e1brica de Vergalh\u00e3o em Catal\u00e3o que Transforma Seus Projetos\"}]},{\"@type\":\"WebSite\",\"@id\":\"https:\/\/grupobraco.com.br\/conteudo\/#website\",\"url\":\"https:\/\/grupobraco.com.br\/conteudo\/\",\"name\":\"Br A\u00e7o\",\"description\":\"Seus projetos na velocidade m\u00e1xima\",\"publisher\":{\"@id\":\"https:\/\/grupobraco.com.br\/conteudo\/#organization\"},\"potentialAction\":[{\"@type\":\"SearchAction\",\"target\":{\"@type\":\"EntryPoint\",\"urlTemplate\":\"https:\/\/grupobraco.com.br\/conteudo\/?s={search_term_string}\"},\"query-input\":{\"@type\":\"PropertyValueSpecification\",\"valueRequired\":true,\"valueName\":\"search_term_string\"}}],\"inLanguage\":\"pt-BR\"},{\"@type\":\"Organization\",\"@id\":\"https:\/\/grupobraco.com.br\/conteudo\/#organization\",\"name\":\"Br A\u00e7o\",\"url\":\"https:\/\/grupobraco.com.br\/conteudo\/\",\"logo\":{\"@type\":\"ImageObject\",\"inLanguage\":\"pt-BR\",\"@id\":\"https:\/\/grupobraco.com.br\/conteudo\/#\/schema\/logo\/image\/\",\"url\":\"https:\/\/grupobraco.com.br\/conteudo\/wp-content\/uploads\/2025\/04\/Z340-Logotipia-Reestruturacao-do-Branding.png\",\"contentUrl\":\"https:\/\/grupobraco.com.br\/conteudo\/wp-content\/uploads\/2025\/04\/Z340-Logotipia-Reestruturacao-do-Branding.png\",\"width\":1530,\"height\":1080,\"caption\":\"Br A\u00e7o\"},\"image\":{\"@id\":\"https:\/\/grupobraco.com.br\/conteudo\/#\/schema\/logo\/image\/\"}}]}<\/script>\n<!-- \/ Yoast SEO plugin. -->","yoast_head_json":{"title":"F\u00e1brica de Vergalh\u00e3o em Catal\u00e3o - BR A\u00e7o","description":"Conhe\u00e7a a BR A\u00e7o, a principal f\u00e1brica de vergalh\u00e3o em Catal\u00e3o, com qualidade, efici\u00eancia e atendimento diferenciado.","robots":{"index":"index","follow":"follow","max-snippet":"max-snippet:-1","max-image-preview":"max-image-preview:large","max-video-preview":"max-video-preview:-1"},"canonical":"https:\/\/grupobraco.com.br\/conteudo\/br-aco-a-fabrica-de-vergalhao-em-catalao-que-transforma-seus-projetos\/","og_locale":"pt_BR","og_type":"article","og_title":"F\u00e1brica de Vergalh\u00e3o em Catal\u00e3o - BR A\u00e7o","og_description":"Conhe\u00e7a a BR A\u00e7o, a principal f\u00e1brica de vergalh\u00e3o em Catal\u00e3o, com qualidade, efici\u00eancia e atendimento diferenciado.","og_url":"https:\/\/grupobraco.com.br\/conteudo\/br-aco-a-fabrica-de-vergalhao-em-catalao-que-transforma-seus-projetos\/","og_site_name":"Br A\u00e7o","twitter_card":"summary_large_image","twitter_misc":{"Est. tempo de leitura":"1 minuto"},"schema":{"@context":"https:\/\/schema.org","@graph":[{"@type":"WebPage","@id":"https:\/\/grupobraco.com.br\/conteudo\/br-aco-a-fabrica-de-vergalhao-em-catalao-que-transforma-seus-projetos\/","url":"https:\/\/grupobraco.com.br\/conteudo\/br-aco-a-fabrica-de-vergalhao-em-catalao-que-transforma-seus-projetos\/","name":"F\u00e1brica de Vergalh\u00e3o em Catal\u00e3o - BR A\u00e7o","isPartOf":{"@id":"https:\/\/grupobraco.com.br\/conteudo\/#website"},"datePublished":"2025-04-26T16:00:56+00:00","dateModified":"2025-04-26T16:00:56+00:00","description":"Conhe\u00e7a a BR A\u00e7o, a principal f\u00e1brica de vergalh\u00e3o em Catal\u00e3o, com qualidade, efici\u00eancia e atendimento diferenciado.","breadcrumb":{"@id":"https:\/\/grupobraco.com.br\/conteudo\/br-aco-a-fabrica-de-vergalhao-em-catalao-que-transforma-seus-projetos\/#breadcrumb"},"inLanguage":"pt-BR","potentialAction":[{"@type":"ReadAction","target":["https:\/\/grupobraco.com.br\/conteudo\/br-aco-a-fabrica-de-vergalhao-em-catalao-que-transforma-seus-projetos\/"]}]},{"@type":"BreadcrumbList","@id":"https:\/\/grupobraco.com.br\/conteudo\/br-aco-a-fabrica-de-vergalhao-em-catalao-que-transforma-seus-projetos\/#breadcrumb","itemListElement":[{"@type":"ListItem","position":1,"name":"Home","item":"https:\/\/grupobraco.com.br\/conteudo\/"},{"@type":"ListItem","position":2,"name":"BR A\u00e7o: A F\u00e1brica de Vergalh\u00e3o em Catal\u00e3o que Transforma Seus Projetos"}]},{"@type":"WebSite","@id":"https:\/\/grupobraco.com.br\/conteudo\/#website","url":"https:\/\/grupobraco.com.br\/conteudo\/","name":"Br A\u00e7o","description":"Seus projetos na velocidade m\u00e1xima","publisher":{"@id":"https:\/\/grupobraco.com.br\/conteudo\/#organization"},"potentialAction":[{"@type":"SearchAction","target":{"@type":"EntryPoint","urlTemplate":"https:\/\/grupobraco.com.br\/conteudo\/?s={search_term_string}"},"query-input":{"@type":"PropertyValueSpecification","valueRequired":true,"valueName":"search_term_string"}}],"inLanguage":"pt-BR"},{"@type":"Organization","@id":"https:\/\/grupobraco.com.br\/conteudo\/#organization","name":"Br A\u00e7o","url":"https:\/\/grupobraco.com.br\/conteudo\/","logo":{"@type":"ImageObject","inLanguage":"pt-BR","@id":"https:\/\/grupobraco.com.br\/conteudo\/#\/schema\/logo\/image\/","url":"https:\/\/grupobraco.com.br\/conteudo\/wp-content\/uploads\/2025\/04\/Z340-Logotipia-Reestruturacao-do-Branding.png","contentUrl":"https:\/\/grupobraco.com.br\/conteudo\/wp-content\/uploads\/2025\/04\/Z340-Logotipia-Reestruturacao-do-Branding.png","width":1530,"height":1080,"caption":"Br A\u00e7o"},"image":{"@id":"https:\/\/grupobraco.com.br\/conteudo\/#\/schema\/logo\/image\/"}}]}},"_links":{"self":[{"href":"https:\/\/grupobraco.com.br\/conteudo\/wp-json\/wp\/v2\/pages\/6905","targetHints":{"allow":["GET"]}}],"collection":[{"href":"https:\/\/grupobraco.com.br\/conteudo\/wp-json\/wp\/v2\/pages"}],"about":[{"href":"https:\/\/grupobraco.com.br\/conteudo\/wp-json\/wp\/v2\/types\/page"}],"author":[{"embeddable":true,"href":"https:\/\/grupobraco.com.br\/conteudo\/wp-json\/wp\/v2\/users\/3"}],"replies":[{"embeddable":true,"href":"https:\/\/grupobraco.com.br\/conteudo\/wp-json\/wp\/v2\/comments?post=6905"}],"version-history":[{"count":0,"href":"https:\/\/grupobraco.com.br\/conteudo\/wp-json\/wp\/v2\/pages\/6905\/revisions"}],"wp:attachment":[{"href":"https:\/\/grupobraco.com.br\/conteudo\/wp-json\/wp\/v2\/media?parent=6905"}],"curies":[{"name":"wp","href":"https:\/\/api.w.org\/{rel}","templated":true}]}}