{"id":6720,"date":"2025-04-25T20:00:55","date_gmt":"2025-04-25T20:00:55","guid":{"rendered":"https:\/\/grupobraco.com.br\/conteudo\/br-aco-a-fabrica-de-vergalhao-em-catalao-que-transforma-projetos-em-realidade-2\/"},"modified":"2025-04-25T20:00:55","modified_gmt":"2025-04-25T20:00:55","slug":"br-aco-a-fabrica-de-vergalhao-em-catalao-que-transforma-projetos-em-realidade-2","status":"publish","type":"page","link":"https:\/\/grupobraco.com.br\/conteudo\/br-aco-a-fabrica-de-vergalhao-em-catalao-que-transforma-projetos-em-realidade-2\/","title":{"rendered":"BR A\u00e7o: A F\u00e1brica de Vergalh\u00e3o em Catal\u00e3o que Transforma Projetos em Realidade"},"content":{"rendered":"<p>No cora\u00e7\u00e3o de Catal\u00e3o, a BR A\u00e7o se destaca como a principal f\u00e1brica de vergalh\u00e3o, oferecendo produtos que n\u00e3o apenas atendem, mas superam as expectativas do mercado da constru\u00e7\u00e3o civil. Com um compromisso inabal\u00e1vel com a qualidade e a efici\u00eancia, a BR A\u00e7o se tornou um dos principais fornecedores de vergalh\u00e3o em toda a regi\u00e3o de Goi\u00e1s. Desde a funda\u00e7\u00e3o da empresa, nosso foco tem sido fornecer a\u00e7o de primeira linha, que seja facilmente adapt\u00e1vel \u00e0s necessidades de nossos clientes. Como uma f\u00e1brica de vergalh\u00e3o em Catal\u00e3o, utilizamos tecnologia de ponta em nossos processos produtivos, o que garante n\u00e3o apenas a durabilidade dos nossos produtos, mas tamb\u00e9m a m\u00e1xima seguran\u00e7a nas obras em que eles s\u00e3o utilizados. Nossos colaboradores s\u00e3o a alma da BR A\u00e7o, com uma equipe de especialistas que garantem a qualidade do a\u00e7o produzido, e com essa base s\u00f3lida, estamos prontos para atender demandas de todos os tamanhos, desde pequenas reformas a grandes obras. Na BR A\u00e7o, acreditamos que cada projeto \u00e9 \u00fanico e merece uma aten\u00e7\u00e3o especial, por isso, investimos constantemente em inova\u00e7\u00e3o e em capacita\u00e7\u00e3o de nossa equipe.<\/p>\n","protected":false},"excerpt":{"rendered":"<p>No cora\u00e7\u00e3o de Catal\u00e3o, a BR A\u00e7o se destaca como a principal f\u00e1brica de vergalh\u00e3o, oferecendo produtos que n\u00e3o apenas atendem, mas superam as expectativas do mercado da constru\u00e7\u00e3o civil. Com um compromisso inabal\u00e1vel com a qualidade e a efici\u00eancia, a BR A\u00e7o se tornou um dos principais fornecedores de vergalh\u00e3o em toda a regi\u00e3o&hellip;&nbsp;<a href=\"https:\/\/grupobraco.com.br\/conteudo\/br-aco-a-fabrica-de-vergalhao-em-catalao-que-transforma-projetos-em-realidade-2\/\" class=\"\" rel=\"bookmark\">Continue a ler &raquo;<span class=\"screen-reader-text\">BR A\u00e7o: A F\u00e1brica de Vergalh\u00e3o em Catal\u00e3o que Transforma Projetos em Realidade<\/span><\/a><\/p>\n","protected":false},"author":3,"featured_media":0,"parent":0,"menu_order":0,"comment_status":"closed","ping_status":"closed","template":"","meta":{"_acf_changed":false,"_yoast_wpseo_focuskw":"F\u00e1brica de vergalh\u00e3o em Catal\u00e3o","_yoast_wpseo_title":"F\u00e1brica de Vergalh\u00e3o em Catal\u00e3o - BR A\u00e7o: Qualidade e Agilidade a Servi\u00e7o da Constru\u00e7\u00e3o","_yoast_wpseo_metadesc":"Descubra a BR A\u00e7o, a principal f\u00e1brica de vergalh\u00e3o em Catal\u00e3o, oferecendo produtos de qualidade e entrega \u00e1gil para a constru\u00e7\u00e3o civil.","neve_meta_sidebar":"","neve_meta_container":"","neve_meta_enable_content_width":"","neve_meta_content_width":0,"neve_meta_title_alignment":"","neve_meta_author_avatar":"","neve_post_elements_order":"","neve_meta_disable_header":"","neve_meta_disable_footer":"","neve_meta_disable_title":"","footnotes":""},"class_list":["post-6720","page","type-page","status-publish","hentry"],"acf":{"introducao":"","conceitos_fundamentais":"","como_funciona":"","como_aplicar_no_dia_a_dia":"","principais_utilizacoes_e_beneficios":"","tipos_e_classificacoes":"","tecnologias_e_ferramentas_relacionadas":"","exemplos_e_casos_de_sucesso":"","mitos_e_verdades":"","perguntas_frequentes_faq":"","erros_comuns_e_como_evita-los":"","futuro_e_tendencias":"","conclusao":"","bloco1title":"Qualidade Superior","bloco1text":"A BR A\u00e7o se destaca na fabrica\u00e7\u00e3o de vergalh\u00e3o de alta qualidade, garantindo seguran\u00e7a e resist\u00eancia nas constru\u00e7\u00f5es.","bloco2title":"Tecnologia Avan\u00e7ada","bloco2text":"Nossos equipamentos modernos otimizam a produ\u00e7\u00e3o, resultando em produtos mais eficientes e com menos desperd\u00edcio.","bloco3title":"Compromisso e Agilidade","bloco3text":"Trabalhamos com prazos reduzidos, assegurando que a entrega do vergalh\u00e3o em Catal\u00e3o seja realizada com pontualidade, facilitando a vida dos nossos clientes.","insightwidtitle":"Curiosidades sobre Vergalh\u00e3o","insightwidcontent":"Voc\u00ea sabia que o vergalh\u00e3o \u00e9 um dos componentes mais importantes em estruturas de concreto? Isso porque ele proporciona resist\u00eancia \u00e0 tra\u00e7\u00e3o, enquanto o concreto lida bem com a compress\u00e3o. Na BR A\u00e7o, investimos em tecnologia para garantir que nossos vergalh\u00f5es ofere\u00e7am essa combina\u00e7\u00e3o perfeita de caracter\u00edsticas, contribuindo para edifica\u00e7\u00f5es mais seguras e duradouras."},"yoast_head":"<!-- This site is optimized with the Yoast SEO plugin v23.4 - https:\/\/yoast.com\/wordpress\/plugins\/seo\/ -->\n<title>F\u00e1brica de Vergalh\u00e3o em Catal\u00e3o - BR A\u00e7o: Qualidade e Agilidade a Servi\u00e7o da Constru\u00e7\u00e3o<\/title>\n<meta name=\"description\" content=\"Descubra a BR A\u00e7o, a principal f\u00e1brica de vergalh\u00e3o em Catal\u00e3o, oferecendo produtos de qualidade e entrega \u00e1gil para a constru\u00e7\u00e3o civil.\" \/>\n<meta name=\"robots\" content=\"index, follow, max-snippet:-1, max-image-preview:large, max-video-preview:-1\" \/>\n<link rel=\"canonical\" href=\"https:\/\/grupobraco.com.br\/conteudo\/br-aco-a-fabrica-de-vergalhao-em-catalao-que-transforma-projetos-em-realidade-2\/\" \/>\n<meta property=\"og:locale\" content=\"pt_BR\" \/>\n<meta property=\"og:type\" content=\"article\" \/>\n<meta property=\"og:title\" content=\"F\u00e1brica de Vergalh\u00e3o em Catal\u00e3o - BR A\u00e7o: Qualidade e Agilidade a Servi\u00e7o da Constru\u00e7\u00e3o\" \/>\n<meta property=\"og:description\" content=\"Descubra a BR A\u00e7o, a principal f\u00e1brica de vergalh\u00e3o em Catal\u00e3o, oferecendo produtos de qualidade e entrega \u00e1gil para a constru\u00e7\u00e3o civil.\" \/>\n<meta property=\"og:url\" content=\"https:\/\/grupobraco.com.br\/conteudo\/br-aco-a-fabrica-de-vergalhao-em-catalao-que-transforma-projetos-em-realidade-2\/\" \/>\n<meta property=\"og:site_name\" content=\"Br A\u00e7o\" \/>\n<meta name=\"twitter:card\" content=\"summary_large_image\" \/>\n<meta name=\"twitter:label1\" content=\"Est. tempo de leitura\" \/>\n\t<meta name=\"twitter:data1\" content=\"1 minuto\" \/>\n<script type=\"application\/ld+json\" class=\"yoast-schema-graph\">{\"@context\":\"https:\/\/schema.org\",\"@graph\":[{\"@type\":\"WebPage\",\"@id\":\"https:\/\/grupobraco.com.br\/conteudo\/br-aco-a-fabrica-de-vergalhao-em-catalao-que-transforma-projetos-em-realidade-2\/\",\"url\":\"https:\/\/grupobraco.com.br\/conteudo\/br-aco-a-fabrica-de-vergalhao-em-catalao-que-transforma-projetos-em-realidade-2\/\",\"name\":\"F\u00e1brica de Vergalh\u00e3o em Catal\u00e3o - BR A\u00e7o: Qualidade e Agilidade a Servi\u00e7o da Constru\u00e7\u00e3o\",\"isPartOf\":{\"@id\":\"https:\/\/grupobraco.com.br\/conteudo\/#website\"},\"datePublished\":\"2025-04-25T20:00:55+00:00\",\"dateModified\":\"2025-04-25T20:00:55+00:00\",\"description\":\"Descubra a BR A\u00e7o, a principal f\u00e1brica de vergalh\u00e3o em Catal\u00e3o, oferecendo produtos de qualidade e entrega \u00e1gil para a constru\u00e7\u00e3o civil.\",\"breadcrumb\":{\"@id\":\"https:\/\/grupobraco.com.br\/conteudo\/br-aco-a-fabrica-de-vergalhao-em-catalao-que-transforma-projetos-em-realidade-2\/#breadcrumb\"},\"inLanguage\":\"pt-BR\",\"potentialAction\":[{\"@type\":\"ReadAction\",\"target\":[\"https:\/\/grupobraco.com.br\/conteudo\/br-aco-a-fabrica-de-vergalhao-em-catalao-que-transforma-projetos-em-realidade-2\/\"]}]},{\"@type\":\"BreadcrumbList\",\"@id\":\"https:\/\/grupobraco.com.br\/conteudo\/br-aco-a-fabrica-de-vergalhao-em-catalao-que-transforma-projetos-em-realidade-2\/#breadcrumb\",\"itemListElement\":[{\"@type\":\"ListItem\",\"position\":1,\"name\":\"Home\",\"item\":\"https:\/\/grupobraco.com.br\/conteudo\/\"},{\"@type\":\"ListItem\",\"position\":2,\"name\":\"BR A\u00e7o: A F\u00e1brica de Vergalh\u00e3o em Catal\u00e3o que Transforma Projetos em Realidade\"}]},{\"@type\":\"WebSite\",\"@id\":\"https:\/\/grupobraco.com.br\/conteudo\/#website\",\"url\":\"https:\/\/grupobraco.com.br\/conteudo\/\",\"name\":\"Br A\u00e7o\",\"description\":\"Seus projetos na velocidade m\u00e1xima\",\"publisher\":{\"@id\":\"https:\/\/grupobraco.com.br\/conteudo\/#organization\"},\"potentialAction\":[{\"@type\":\"SearchAction\",\"target\":{\"@type\":\"EntryPoint\",\"urlTemplate\":\"https:\/\/grupobraco.com.br\/conteudo\/?s={search_term_string}\"},\"query-input\":{\"@type\":\"PropertyValueSpecification\",\"valueRequired\":true,\"valueName\":\"search_term_string\"}}],\"inLanguage\":\"pt-BR\"},{\"@type\":\"Organization\",\"@id\":\"https:\/\/grupobraco.com.br\/conteudo\/#organization\",\"name\":\"Br A\u00e7o\",\"url\":\"https:\/\/grupobraco.com.br\/conteudo\/\",\"logo\":{\"@type\":\"ImageObject\",\"inLanguage\":\"pt-BR\",\"@id\":\"https:\/\/grupobraco.com.br\/conteudo\/#\/schema\/logo\/image\/\",\"url\":\"https:\/\/grupobraco.com.br\/conteudo\/wp-content\/uploads\/2025\/04\/Z340-Logotipia-Reestruturacao-do-Branding.png\",\"contentUrl\":\"https:\/\/grupobraco.com.br\/conteudo\/wp-content\/uploads\/2025\/04\/Z340-Logotipia-Reestruturacao-do-Branding.png\",\"width\":1530,\"height\":1080,\"caption\":\"Br A\u00e7o\"},\"image\":{\"@id\":\"https:\/\/grupobraco.com.br\/conteudo\/#\/schema\/logo\/image\/\"}}]}<\/script>\n<!-- \/ Yoast SEO plugin. -->","yoast_head_json":{"title":"F\u00e1brica de Vergalh\u00e3o em Catal\u00e3o - BR A\u00e7o: Qualidade e Agilidade a Servi\u00e7o da Constru\u00e7\u00e3o","description":"Descubra a BR A\u00e7o, a principal f\u00e1brica de vergalh\u00e3o em Catal\u00e3o, oferecendo produtos de qualidade e entrega \u00e1gil para a constru\u00e7\u00e3o civil.","robots":{"index":"index","follow":"follow","max-snippet":"max-snippet:-1","max-image-preview":"max-image-preview:large","max-video-preview":"max-video-preview:-1"},"canonical":"https:\/\/grupobraco.com.br\/conteudo\/br-aco-a-fabrica-de-vergalhao-em-catalao-que-transforma-projetos-em-realidade-2\/","og_locale":"pt_BR","og_type":"article","og_title":"F\u00e1brica de Vergalh\u00e3o em Catal\u00e3o - BR A\u00e7o: Qualidade e Agilidade a Servi\u00e7o da Constru\u00e7\u00e3o","og_description":"Descubra a BR A\u00e7o, a principal f\u00e1brica de vergalh\u00e3o em Catal\u00e3o, oferecendo produtos de qualidade e entrega \u00e1gil para a constru\u00e7\u00e3o civil.","og_url":"https:\/\/grupobraco.com.br\/conteudo\/br-aco-a-fabrica-de-vergalhao-em-catalao-que-transforma-projetos-em-realidade-2\/","og_site_name":"Br A\u00e7o","twitter_card":"summary_large_image","twitter_misc":{"Est. tempo de leitura":"1 minuto"},"schema":{"@context":"https:\/\/schema.org","@graph":[{"@type":"WebPage","@id":"https:\/\/grupobraco.com.br\/conteudo\/br-aco-a-fabrica-de-vergalhao-em-catalao-que-transforma-projetos-em-realidade-2\/","url":"https:\/\/grupobraco.com.br\/conteudo\/br-aco-a-fabrica-de-vergalhao-em-catalao-que-transforma-projetos-em-realidade-2\/","name":"F\u00e1brica de Vergalh\u00e3o em Catal\u00e3o - BR A\u00e7o: Qualidade e Agilidade a Servi\u00e7o da Constru\u00e7\u00e3o","isPartOf":{"@id":"https:\/\/grupobraco.com.br\/conteudo\/#website"},"datePublished":"2025-04-25T20:00:55+00:00","dateModified":"2025-04-25T20:00:55+00:00","description":"Descubra a BR A\u00e7o, a principal f\u00e1brica de vergalh\u00e3o em Catal\u00e3o, oferecendo produtos de qualidade e entrega \u00e1gil para a constru\u00e7\u00e3o civil.","breadcrumb":{"@id":"https:\/\/grupobraco.com.br\/conteudo\/br-aco-a-fabrica-de-vergalhao-em-catalao-que-transforma-projetos-em-realidade-2\/#breadcrumb"},"inLanguage":"pt-BR","potentialAction":[{"@type":"ReadAction","target":["https:\/\/grupobraco.com.br\/conteudo\/br-aco-a-fabrica-de-vergalhao-em-catalao-que-transforma-projetos-em-realidade-2\/"]}]},{"@type":"BreadcrumbList","@id":"https:\/\/grupobraco.com.br\/conteudo\/br-aco-a-fabrica-de-vergalhao-em-catalao-que-transforma-projetos-em-realidade-2\/#breadcrumb","itemListElement":[{"@type":"ListItem","position":1,"name":"Home","item":"https:\/\/grupobraco.com.br\/conteudo\/"},{"@type":"ListItem","position":2,"name":"BR A\u00e7o: A F\u00e1brica de Vergalh\u00e3o em Catal\u00e3o que Transforma Projetos em Realidade"}]},{"@type":"WebSite","@id":"https:\/\/grupobraco.com.br\/conteudo\/#website","url":"https:\/\/grupobraco.com.br\/conteudo\/","name":"Br A\u00e7o","description":"Seus projetos na velocidade m\u00e1xima","publisher":{"@id":"https:\/\/grupobraco.com.br\/conteudo\/#organization"},"potentialAction":[{"@type":"SearchAction","target":{"@type":"EntryPoint","urlTemplate":"https:\/\/grupobraco.com.br\/conteudo\/?s={search_term_string}"},"query-input":{"@type":"PropertyValueSpecification","valueRequired":true,"valueName":"search_term_string"}}],"inLanguage":"pt-BR"},{"@type":"Organization","@id":"https:\/\/grupobraco.com.br\/conteudo\/#organization","name":"Br A\u00e7o","url":"https:\/\/grupobraco.com.br\/conteudo\/","logo":{"@type":"ImageObject","inLanguage":"pt-BR","@id":"https:\/\/grupobraco.com.br\/conteudo\/#\/schema\/logo\/image\/","url":"https:\/\/grupobraco.com.br\/conteudo\/wp-content\/uploads\/2025\/04\/Z340-Logotipia-Reestruturacao-do-Branding.png","contentUrl":"https:\/\/grupobraco.com.br\/conteudo\/wp-content\/uploads\/2025\/04\/Z340-Logotipia-Reestruturacao-do-Branding.png","width":1530,"height":1080,"caption":"Br A\u00e7o"},"image":{"@id":"https:\/\/grupobraco.com.br\/conteudo\/#\/schema\/logo\/image\/"}}]}},"_links":{"self":[{"href":"https:\/\/grupobraco.com.br\/conteudo\/wp-json\/wp\/v2\/pages\/6720","targetHints":{"allow":["GET"]}}],"collection":[{"href":"https:\/\/grupobraco.com.br\/conteudo\/wp-json\/wp\/v2\/pages"}],"about":[{"href":"https:\/\/grupobraco.com.br\/conteudo\/wp-json\/wp\/v2\/types\/page"}],"author":[{"embeddable":true,"href":"https:\/\/grupobraco.com.br\/conteudo\/wp-json\/wp\/v2\/users\/3"}],"replies":[{"embeddable":true,"href":"https:\/\/grupobraco.com.br\/conteudo\/wp-json\/wp\/v2\/comments?post=6720"}],"version-history":[{"count":0,"href":"https:\/\/grupobraco.com.br\/conteudo\/wp-json\/wp\/v2\/pages\/6720\/revisions"}],"wp:attachment":[{"href":"https:\/\/grupobraco.com.br\/conteudo\/wp-json\/wp\/v2\/media?parent=6720"}],"curies":[{"name":"wp","href":"https:\/\/api.w.org\/{rel}","templated":true}]}}