{"id":6505,"date":"2025-04-25T00:45:52","date_gmt":"2025-04-25T00:45:52","guid":{"rendered":"https:\/\/grupobraco.com.br\/conteudo\/descubra-o-melhor-vergalhao-para-seus-projetos-de-construcao-2\/"},"modified":"2025-04-25T00:45:52","modified_gmt":"2025-04-25T00:45:52","slug":"descubra-o-melhor-vergalhao-para-seus-projetos-de-construcao-2","status":"publish","type":"page","link":"https:\/\/grupobraco.com.br\/conteudo\/descubra-o-melhor-vergalhao-para-seus-projetos-de-construcao-2\/","title":{"rendered":"Descubra o Melhor Vergalh\u00e3o para Seus Projetos de Constru\u00e7\u00e3o"},"content":{"rendered":"<p>Na busca pelo <strong>melhor vergalh\u00e3o<\/strong>, \u00e9 essencial compreender as vari\u00e1veis que impactam a escolha do material. O vergalh\u00e3o desempenha um papel crucial na resist\u00eancia e durabilidade das edifica\u00e7\u00f5es, sendo um componente primordial para a estrutura de concreto. Diferentemente de outros tipos de a\u00e7o, o vergalh\u00e3o \u00e9 projetado com resist\u00eancia \u00e0 tra\u00e7\u00e3o e ader\u00eancia, o que garante a forma\u00e7\u00e3o de la\u00e7os robustos entre o concreto e o a\u00e7o. Por isso, a escolha do vergalh\u00e3o correto diz muito sobre a qualidade final de toda a estrutura; op\u00e7\u00f5es inadequadas podem comprometer a seguran\u00e7a e a longevidade das edifica\u00e7\u00f5es. Quando se procura o <strong>melhor vergalh\u00e3o<\/strong>, certos aspectos devem ser levados em considera\u00e7\u00e3o, como as normas t\u00e9cnicas que regulam a produ\u00e7\u00e3o e a qualidade do material. O seguimento do que, especificamente, se almeja em termos de aplica\u00e7\u00e3o em projetos pode ser decisivo para a escolha do produto ideal. Para isso, contar com fornecedores confi\u00e1veis, como a BR A\u00e7o, que garantem a alta qualidade e a efici\u00eancia no fornecimento, pode trazer um diferencial inestim\u00e1vel ao longo do processo de constru\u00e7\u00e3o. A implementa\u00e7\u00e3o de diversas normas e regulamentos tem um impacto direto na qualidade e seguran\u00e7a dos materiais utilizados e na performance do <strong>melhor vergalh\u00e3o<\/strong>. Al\u00e9m disso, caracter\u00edsticas como a resist\u00eancia \u00e0 corros\u00e3o e a maleabilidade s\u00e3o fundamentais na hora da escolha, pois garantem que o a\u00e7o se adapte \u00e0s diversas condi\u00e7\u00f5es clim\u00e1ticas e funcionais que um projeto pode enfrentar. O uso do vergalh\u00e3o de qualidade adequada se reflete na confian\u00e7a que engenheiros e arquitetos t\u00eam nas estruturas que criam. Assim, ao falar sobre o <strong>melhor vergalh\u00e3o<\/strong>, torna-se imprescind\u00edvel enfatizar a import\u00e2ncia de avaliar cada projeto individualmente, considerando suas especificidades e exig\u00eancias para encontrar o produto que verdadeiramente atenda a todas as demandas.<\/p>\n","protected":false},"excerpt":{"rendered":"<p>Na busca pelo melhor vergalh\u00e3o, \u00e9 essencial compreender as vari\u00e1veis que impactam a escolha do material. O vergalh\u00e3o desempenha um papel crucial na resist\u00eancia e durabilidade das edifica\u00e7\u00f5es, sendo um componente primordial para a estrutura de concreto. Diferentemente de outros tipos de a\u00e7o, o vergalh\u00e3o \u00e9 projetado com resist\u00eancia \u00e0 tra\u00e7\u00e3o e ader\u00eancia, o que&hellip;&nbsp;<a href=\"https:\/\/grupobraco.com.br\/conteudo\/descubra-o-melhor-vergalhao-para-seus-projetos-de-construcao-2\/\" class=\"\" rel=\"bookmark\">Continue a ler &raquo;<span class=\"screen-reader-text\">Descubra o Melhor Vergalh\u00e3o para Seus Projetos de Constru\u00e7\u00e3o<\/span><\/a><\/p>\n","protected":false},"author":3,"featured_media":0,"parent":0,"menu_order":0,"comment_status":"closed","ping_status":"closed","template":"","meta":{"_acf_changed":false,"_yoast_wpseo_focuskw":"melhor vergalh\u00e3o","_yoast_wpseo_title":"Encontre o Melhor Vergalh\u00e3o para Seus Projetos com a BR A\u00e7o","_yoast_wpseo_metadesc":"Descubra o melhor vergalh\u00e3o para suas constru\u00e7\u00f5es com a BR A\u00e7o, reconhecida pela qualidade e entrega r\u00e1pida.","neve_meta_sidebar":"","neve_meta_container":"","neve_meta_enable_content_width":"","neve_meta_content_width":0,"neve_meta_title_alignment":"","neve_meta_author_avatar":"","neve_post_elements_order":"","neve_meta_disable_header":"","neve_meta_disable_footer":"","neve_meta_disable_title":"","footnotes":""},"class_list":["post-6505","page","type-page","status-publish","hentry"],"acf":{"introducao":"","conceitos_fundamentais":"","como_funciona":"","como_aplicar_no_dia_a_dia":"","principais_utilizacoes_e_beneficios":"","tipos_e_classificacoes":"","tecnologias_e_ferramentas_relacionadas":"","exemplos_e_casos_de_sucesso":"","mitos_e_verdades":"","perguntas_frequentes_faq":"","erros_comuns_e_como_evita-los":"","futuro_e_tendencias":"","conclusao":"","bloco1title":"Qualidade Incompar\u00e1vel","bloco1text":"Na BR A\u00e7o, oferecemos o melhor vergalh\u00e3o com controle rigoroso de qualidade.","bloco2title":"Comprometimento","bloco2text":"Estamos atentos a cada detalhe na entrega de nossos produtos e servi\u00e7os.","bloco3title":"Seguran\u00e7a Estrutural","bloco3text":"Escolher o melhor vergalh\u00e3o \u00e9 fundamental para a seguran\u00e7a e durabilidade das obras.","insightwidtitle":"Curiosidades sobre Vergalh\u00f5es","insightwidcontent":"Voc\u00ea sabia que o primeiro uso do vergalh\u00e3o foi registrado no s\u00e9culo 19? Desde ent\u00e3o, o material evoluiu significativamente, tornando-se uma parte fundamental da constru\u00e7\u00e3o moderna. Os vergalh\u00f5es n\u00e3o s\u00f3 melhoram a resist\u00eancia de estruturas de concreto, mas tamb\u00e9m contribuem para a economia de recursos, pois permitem o uso eficiente do concreto, reduzindo desperd\u00edcios. Isso os torna indispens\u00e1veis em projetos sustent\u00e1veis, al\u00e9m, \u00e9 claro, de aprimorar a seguran\u00e7a das constru\u00e7\u00f5es."},"yoast_head":"<!-- This site is optimized with the Yoast SEO plugin v23.4 - https:\/\/yoast.com\/wordpress\/plugins\/seo\/ -->\n<title>Encontre o Melhor Vergalh\u00e3o para Seus Projetos com a BR A\u00e7o<\/title>\n<meta name=\"description\" content=\"Descubra o melhor vergalh\u00e3o para suas constru\u00e7\u00f5es com a BR A\u00e7o, reconhecida pela qualidade e entrega r\u00e1pida.\" \/>\n<meta name=\"robots\" content=\"index, follow, max-snippet:-1, max-image-preview:large, max-video-preview:-1\" \/>\n<link rel=\"canonical\" href=\"https:\/\/grupobraco.com.br\/conteudo\/descubra-o-melhor-vergalhao-para-seus-projetos-de-construcao-2\/\" \/>\n<meta property=\"og:locale\" content=\"pt_BR\" \/>\n<meta property=\"og:type\" content=\"article\" \/>\n<meta property=\"og:title\" content=\"Encontre o Melhor Vergalh\u00e3o para Seus Projetos com a BR A\u00e7o\" \/>\n<meta property=\"og:description\" content=\"Descubra o melhor vergalh\u00e3o para suas constru\u00e7\u00f5es com a BR A\u00e7o, reconhecida pela qualidade e entrega r\u00e1pida.\" \/>\n<meta property=\"og:url\" content=\"https:\/\/grupobraco.com.br\/conteudo\/descubra-o-melhor-vergalhao-para-seus-projetos-de-construcao-2\/\" \/>\n<meta property=\"og:site_name\" content=\"Br A\u00e7o\" \/>\n<meta name=\"twitter:card\" content=\"summary_large_image\" \/>\n<meta name=\"twitter:label1\" content=\"Est. tempo de leitura\" \/>\n\t<meta name=\"twitter:data1\" content=\"2 minutos\" \/>\n<script type=\"application\/ld+json\" class=\"yoast-schema-graph\">{\"@context\":\"https:\/\/schema.org\",\"@graph\":[{\"@type\":\"WebPage\",\"@id\":\"https:\/\/grupobraco.com.br\/conteudo\/descubra-o-melhor-vergalhao-para-seus-projetos-de-construcao-2\/\",\"url\":\"https:\/\/grupobraco.com.br\/conteudo\/descubra-o-melhor-vergalhao-para-seus-projetos-de-construcao-2\/\",\"name\":\"Encontre o Melhor Vergalh\u00e3o para Seus Projetos com a BR A\u00e7o\",\"isPartOf\":{\"@id\":\"https:\/\/grupobraco.com.br\/conteudo\/#website\"},\"datePublished\":\"2025-04-25T00:45:52+00:00\",\"dateModified\":\"2025-04-25T00:45:52+00:00\",\"description\":\"Descubra o melhor vergalh\u00e3o para suas constru\u00e7\u00f5es com a BR A\u00e7o, reconhecida pela qualidade e entrega r\u00e1pida.\",\"breadcrumb\":{\"@id\":\"https:\/\/grupobraco.com.br\/conteudo\/descubra-o-melhor-vergalhao-para-seus-projetos-de-construcao-2\/#breadcrumb\"},\"inLanguage\":\"pt-BR\",\"potentialAction\":[{\"@type\":\"ReadAction\",\"target\":[\"https:\/\/grupobraco.com.br\/conteudo\/descubra-o-melhor-vergalhao-para-seus-projetos-de-construcao-2\/\"]}]},{\"@type\":\"BreadcrumbList\",\"@id\":\"https:\/\/grupobraco.com.br\/conteudo\/descubra-o-melhor-vergalhao-para-seus-projetos-de-construcao-2\/#breadcrumb\",\"itemListElement\":[{\"@type\":\"ListItem\",\"position\":1,\"name\":\"Home\",\"item\":\"https:\/\/grupobraco.com.br\/conteudo\/\"},{\"@type\":\"ListItem\",\"position\":2,\"name\":\"Descubra o Melhor Vergalh\u00e3o para Seus Projetos de Constru\u00e7\u00e3o\"}]},{\"@type\":\"WebSite\",\"@id\":\"https:\/\/grupobraco.com.br\/conteudo\/#website\",\"url\":\"https:\/\/grupobraco.com.br\/conteudo\/\",\"name\":\"Br A\u00e7o\",\"description\":\"Seus projetos na velocidade m\u00e1xima\",\"publisher\":{\"@id\":\"https:\/\/grupobraco.com.br\/conteudo\/#organization\"},\"potentialAction\":[{\"@type\":\"SearchAction\",\"target\":{\"@type\":\"EntryPoint\",\"urlTemplate\":\"https:\/\/grupobraco.com.br\/conteudo\/?s={search_term_string}\"},\"query-input\":{\"@type\":\"PropertyValueSpecification\",\"valueRequired\":true,\"valueName\":\"search_term_string\"}}],\"inLanguage\":\"pt-BR\"},{\"@type\":\"Organization\",\"@id\":\"https:\/\/grupobraco.com.br\/conteudo\/#organization\",\"name\":\"Br A\u00e7o\",\"url\":\"https:\/\/grupobraco.com.br\/conteudo\/\",\"logo\":{\"@type\":\"ImageObject\",\"inLanguage\":\"pt-BR\",\"@id\":\"https:\/\/grupobraco.com.br\/conteudo\/#\/schema\/logo\/image\/\",\"url\":\"https:\/\/grupobraco.com.br\/conteudo\/wp-content\/uploads\/2025\/04\/Z340-Logotipia-Reestruturacao-do-Branding.png\",\"contentUrl\":\"https:\/\/grupobraco.com.br\/conteudo\/wp-content\/uploads\/2025\/04\/Z340-Logotipia-Reestruturacao-do-Branding.png\",\"width\":1530,\"height\":1080,\"caption\":\"Br A\u00e7o\"},\"image\":{\"@id\":\"https:\/\/grupobraco.com.br\/conteudo\/#\/schema\/logo\/image\/\"}}]}<\/script>\n<!-- \/ Yoast SEO plugin. -->","yoast_head_json":{"title":"Encontre o Melhor Vergalh\u00e3o para Seus Projetos com a BR A\u00e7o","description":"Descubra o melhor vergalh\u00e3o para suas constru\u00e7\u00f5es com a BR A\u00e7o, reconhecida pela qualidade e entrega r\u00e1pida.","robots":{"index":"index","follow":"follow","max-snippet":"max-snippet:-1","max-image-preview":"max-image-preview:large","max-video-preview":"max-video-preview:-1"},"canonical":"https:\/\/grupobraco.com.br\/conteudo\/descubra-o-melhor-vergalhao-para-seus-projetos-de-construcao-2\/","og_locale":"pt_BR","og_type":"article","og_title":"Encontre o Melhor Vergalh\u00e3o para Seus Projetos com a BR A\u00e7o","og_description":"Descubra o melhor vergalh\u00e3o para suas constru\u00e7\u00f5es com a BR A\u00e7o, reconhecida pela qualidade e entrega r\u00e1pida.","og_url":"https:\/\/grupobraco.com.br\/conteudo\/descubra-o-melhor-vergalhao-para-seus-projetos-de-construcao-2\/","og_site_name":"Br A\u00e7o","twitter_card":"summary_large_image","twitter_misc":{"Est. tempo de leitura":"2 minutos"},"schema":{"@context":"https:\/\/schema.org","@graph":[{"@type":"WebPage","@id":"https:\/\/grupobraco.com.br\/conteudo\/descubra-o-melhor-vergalhao-para-seus-projetos-de-construcao-2\/","url":"https:\/\/grupobraco.com.br\/conteudo\/descubra-o-melhor-vergalhao-para-seus-projetos-de-construcao-2\/","name":"Encontre o Melhor Vergalh\u00e3o para Seus Projetos com a BR A\u00e7o","isPartOf":{"@id":"https:\/\/grupobraco.com.br\/conteudo\/#website"},"datePublished":"2025-04-25T00:45:52+00:00","dateModified":"2025-04-25T00:45:52+00:00","description":"Descubra o melhor vergalh\u00e3o para suas constru\u00e7\u00f5es com a BR A\u00e7o, reconhecida pela qualidade e entrega r\u00e1pida.","breadcrumb":{"@id":"https:\/\/grupobraco.com.br\/conteudo\/descubra-o-melhor-vergalhao-para-seus-projetos-de-construcao-2\/#breadcrumb"},"inLanguage":"pt-BR","potentialAction":[{"@type":"ReadAction","target":["https:\/\/grupobraco.com.br\/conteudo\/descubra-o-melhor-vergalhao-para-seus-projetos-de-construcao-2\/"]}]},{"@type":"BreadcrumbList","@id":"https:\/\/grupobraco.com.br\/conteudo\/descubra-o-melhor-vergalhao-para-seus-projetos-de-construcao-2\/#breadcrumb","itemListElement":[{"@type":"ListItem","position":1,"name":"Home","item":"https:\/\/grupobraco.com.br\/conteudo\/"},{"@type":"ListItem","position":2,"name":"Descubra o Melhor Vergalh\u00e3o para Seus Projetos de Constru\u00e7\u00e3o"}]},{"@type":"WebSite","@id":"https:\/\/grupobraco.com.br\/conteudo\/#website","url":"https:\/\/grupobraco.com.br\/conteudo\/","name":"Br A\u00e7o","description":"Seus projetos na velocidade m\u00e1xima","publisher":{"@id":"https:\/\/grupobraco.com.br\/conteudo\/#organization"},"potentialAction":[{"@type":"SearchAction","target":{"@type":"EntryPoint","urlTemplate":"https:\/\/grupobraco.com.br\/conteudo\/?s={search_term_string}"},"query-input":{"@type":"PropertyValueSpecification","valueRequired":true,"valueName":"search_term_string"}}],"inLanguage":"pt-BR"},{"@type":"Organization","@id":"https:\/\/grupobraco.com.br\/conteudo\/#organization","name":"Br A\u00e7o","url":"https:\/\/grupobraco.com.br\/conteudo\/","logo":{"@type":"ImageObject","inLanguage":"pt-BR","@id":"https:\/\/grupobraco.com.br\/conteudo\/#\/schema\/logo\/image\/","url":"https:\/\/grupobraco.com.br\/conteudo\/wp-content\/uploads\/2025\/04\/Z340-Logotipia-Reestruturacao-do-Branding.png","contentUrl":"https:\/\/grupobraco.com.br\/conteudo\/wp-content\/uploads\/2025\/04\/Z340-Logotipia-Reestruturacao-do-Branding.png","width":1530,"height":1080,"caption":"Br A\u00e7o"},"image":{"@id":"https:\/\/grupobraco.com.br\/conteudo\/#\/schema\/logo\/image\/"}}]}},"_links":{"self":[{"href":"https:\/\/grupobraco.com.br\/conteudo\/wp-json\/wp\/v2\/pages\/6505","targetHints":{"allow":["GET"]}}],"collection":[{"href":"https:\/\/grupobraco.com.br\/conteudo\/wp-json\/wp\/v2\/pages"}],"about":[{"href":"https:\/\/grupobraco.com.br\/conteudo\/wp-json\/wp\/v2\/types\/page"}],"author":[{"embeddable":true,"href":"https:\/\/grupobraco.com.br\/conteudo\/wp-json\/wp\/v2\/users\/3"}],"replies":[{"embeddable":true,"href":"https:\/\/grupobraco.com.br\/conteudo\/wp-json\/wp\/v2\/comments?post=6505"}],"version-history":[{"count":0,"href":"https:\/\/grupobraco.com.br\/conteudo\/wp-json\/wp\/v2\/pages\/6505\/revisions"}],"wp:attachment":[{"href":"https:\/\/grupobraco.com.br\/conteudo\/wp-json\/wp\/v2\/media?parent=6505"}],"curies":[{"name":"wp","href":"https:\/\/api.w.org\/{rel}","templated":true}]}}