{"id":6436,"date":"2025-04-24T16:00:54","date_gmt":"2025-04-24T16:00:54","guid":{"rendered":"https:\/\/grupobraco.com.br\/conteudo\/vergalhao-direto-da-fabrica-em-itumbiara-qualidade-e-agilidade-para-seus-projetos\/"},"modified":"2025-04-24T16:00:54","modified_gmt":"2025-04-24T16:00:54","slug":"vergalhao-direto-da-fabrica-em-itumbiara-qualidade-e-agilidade-para-seus-projetos","status":"publish","type":"page","link":"https:\/\/grupobraco.com.br\/conteudo\/vergalhao-direto-da-fabrica-em-itumbiara-qualidade-e-agilidade-para-seus-projetos\/","title":{"rendered":"Vergalh\u00e3o Direto da F\u00e1brica em Itumbiara: Qualidade e Agilidade para Seus Projetos"},"content":{"rendered":"<p>Se voc\u00ea busca por vergalh\u00e3o direto da f\u00e1brica em Itumbiara, chegou ao lugar certo. A BR A\u00e7o se destaca como uma das maiores e mais respeitadas ind\u00fastrias de a\u00e7o do Brasil, oferecendo produtos de alta qualidade e um servi\u00e7o que prioriza a agilidade e a efici\u00eancia. A nossa miss\u00e3o \u00e9 entregar o seu pedido com rapidez e um padr\u00e3o inigual\u00e1vel de qualidade, para que voc\u00ea possa executar seus projetos com seguran\u00e7a e precis\u00e3o. O vergalh\u00e3o \u00e9 um componente essencial nas constru\u00e7\u00f5es modernas e, ao adquiri-lo diretamente da f\u00e1brica, voc\u00ea garante n\u00e3o apenas economia, mas tamb\u00e9m a certeza de que est\u00e1 utilizando um produto confi\u00e1vel e devidamente certificado. Em um mercado competitivo, a BR A\u00e7o se diferencia por oferecer vergalh\u00e3o direto da f\u00e1brica em Itumbiara, uma solu\u00e7\u00e3o que facilita a vida do construtor e do engenheiro civil. Com anos de experi\u00eancia e uma equipe altamente especializada, estamos prontos para atender as suas necessidades espec\u00edficas e dar suporte em cada etapa do seu projeto. Se voc\u00ea est\u00e1 planejando sua obra e precisa de vergalh\u00e3o, escolha quem entende do assunto: vergalh\u00e3o direto da f\u00e1brica em Itumbiara com a BR A\u00e7o.<\/p>\n","protected":false},"excerpt":{"rendered":"<p>Se voc\u00ea busca por vergalh\u00e3o direto da f\u00e1brica em Itumbiara, chegou ao lugar certo. A BR A\u00e7o se destaca como uma das maiores e mais respeitadas ind\u00fastrias de a\u00e7o do Brasil, oferecendo produtos de alta qualidade e um servi\u00e7o que prioriza a agilidade e a efici\u00eancia. A nossa miss\u00e3o \u00e9 entregar o seu pedido com&hellip;&nbsp;<a href=\"https:\/\/grupobraco.com.br\/conteudo\/vergalhao-direto-da-fabrica-em-itumbiara-qualidade-e-agilidade-para-seus-projetos\/\" class=\"\" rel=\"bookmark\">Continue a ler &raquo;<span class=\"screen-reader-text\">Vergalh\u00e3o Direto da F\u00e1brica em Itumbiara: Qualidade e Agilidade para Seus Projetos<\/span><\/a><\/p>\n","protected":false},"author":3,"featured_media":0,"parent":0,"menu_order":0,"comment_status":"closed","ping_status":"closed","template":"","meta":{"_acf_changed":false,"_yoast_wpseo_focuskw":"Vergalh\u00e3o direto da f\u00e1brica em Itumbiara","_yoast_wpseo_title":"Compra de Vergalh\u00e3o Direto da F\u00e1brica em Itumbiara | BR A\u00e7o","_yoast_wpseo_metadesc":"Descubra a qualidade do vergalh\u00e3o direto da f\u00e1brica em Itumbiara com a BR A\u00e7o. Conhe\u00e7a nossos produtos e a entrega r\u00e1pida para suas obras.","neve_meta_sidebar":"","neve_meta_container":"","neve_meta_enable_content_width":"","neve_meta_content_width":0,"neve_meta_title_alignment":"","neve_meta_author_avatar":"","neve_post_elements_order":"","neve_meta_disable_header":"","neve_meta_disable_footer":"","neve_meta_disable_title":"","footnotes":""},"class_list":["post-6436","page","type-page","status-publish","hentry"],"acf":{"introducao":"","conceitos_fundamentais":"","como_funciona":"","como_aplicar_no_dia_a_dia":"","principais_utilizacoes_e_beneficios":"","tipos_e_classificacoes":"","tecnologias_e_ferramentas_relacionadas":"","exemplos_e_casos_de_sucesso":"","mitos_e_verdades":"","perguntas_frequentes_faq":"","erros_comuns_e_como_evita-los":"","futuro_e_tendencias":"","conclusao":"","bloco1title":"Qualidade Garantida","bloco1text":"Oferecemos vergalh\u00e3o direto da f\u00e1brica em Itumbiara com excel\u00eancia, atentando \u00e0 normatiza\u00e7\u00e3o e durabilidade em cada lote.","bloco2title":"Atendimento R\u00e1pido","bloco2text":"Desenvolvemos uma log\u00edstica eficiente para garantir a entrega r\u00e1pida do vergalh\u00e3o em seu canteiro de obras.","bloco3title":"Inova\u00e7\u00e3o no A\u00e7o","bloco3text":"Nosso vergalh\u00e3o \u00e9 produzido com tecnologia de ponta, garantindo a melhor resist\u00eancia e adaptabilidade para constru\u00e7\u00e3o civil.","insightwidtitle":"Curiosidades sobre o Vergalh\u00e3o","insightwidcontent":"Voc\u00ea sabia que o vergalh\u00e3o \u00e9 um dos elementos mais importantes em constru\u00e7\u00f5es de alta resist\u00eancia? Al\u00e9m de oferecer suporte estrutural, sua integra\u00e7\u00e3o com o concreto permite que a constru\u00e7\u00e3o resista a tens\u00f5es significativas, fazendo do vergalh\u00e3o direto da f\u00e1brica em Itumbiara uma escolha inteligente para engenheiros e arquitetos."},"yoast_head":"<!-- This site is optimized with the Yoast SEO plugin v23.4 - https:\/\/yoast.com\/wordpress\/plugins\/seo\/ -->\n<title>Compra de Vergalh\u00e3o Direto da F\u00e1brica em Itumbiara | BR A\u00e7o<\/title>\n<meta name=\"description\" content=\"Descubra a qualidade do vergalh\u00e3o direto da f\u00e1brica em Itumbiara com a BR A\u00e7o. Conhe\u00e7a nossos produtos e a entrega r\u00e1pida para suas obras.\" \/>\n<meta name=\"robots\" content=\"index, follow, max-snippet:-1, max-image-preview:large, max-video-preview:-1\" \/>\n<link rel=\"canonical\" href=\"https:\/\/grupobraco.com.br\/conteudo\/vergalhao-direto-da-fabrica-em-itumbiara-qualidade-e-agilidade-para-seus-projetos\/\" \/>\n<meta property=\"og:locale\" content=\"pt_BR\" \/>\n<meta property=\"og:type\" content=\"article\" \/>\n<meta property=\"og:title\" content=\"Compra de Vergalh\u00e3o Direto da F\u00e1brica em Itumbiara | BR A\u00e7o\" \/>\n<meta property=\"og:description\" content=\"Descubra a qualidade do vergalh\u00e3o direto da f\u00e1brica em Itumbiara com a BR A\u00e7o. Conhe\u00e7a nossos produtos e a entrega r\u00e1pida para suas obras.\" \/>\n<meta property=\"og:url\" content=\"https:\/\/grupobraco.com.br\/conteudo\/vergalhao-direto-da-fabrica-em-itumbiara-qualidade-e-agilidade-para-seus-projetos\/\" \/>\n<meta property=\"og:site_name\" content=\"Br A\u00e7o\" \/>\n<meta name=\"twitter:card\" content=\"summary_large_image\" \/>\n<meta name=\"twitter:label1\" content=\"Est. tempo de leitura\" \/>\n\t<meta name=\"twitter:data1\" content=\"1 minuto\" \/>\n<script type=\"application\/ld+json\" class=\"yoast-schema-graph\">{\"@context\":\"https:\/\/schema.org\",\"@graph\":[{\"@type\":\"WebPage\",\"@id\":\"https:\/\/grupobraco.com.br\/conteudo\/vergalhao-direto-da-fabrica-em-itumbiara-qualidade-e-agilidade-para-seus-projetos\/\",\"url\":\"https:\/\/grupobraco.com.br\/conteudo\/vergalhao-direto-da-fabrica-em-itumbiara-qualidade-e-agilidade-para-seus-projetos\/\",\"name\":\"Compra de Vergalh\u00e3o Direto da F\u00e1brica em Itumbiara | BR A\u00e7o\",\"isPartOf\":{\"@id\":\"https:\/\/grupobraco.com.br\/conteudo\/#website\"},\"datePublished\":\"2025-04-24T16:00:54+00:00\",\"dateModified\":\"2025-04-24T16:00:54+00:00\",\"description\":\"Descubra a qualidade do vergalh\u00e3o direto da f\u00e1brica em Itumbiara com a BR A\u00e7o. Conhe\u00e7a nossos produtos e a entrega r\u00e1pida para suas obras.\",\"breadcrumb\":{\"@id\":\"https:\/\/grupobraco.com.br\/conteudo\/vergalhao-direto-da-fabrica-em-itumbiara-qualidade-e-agilidade-para-seus-projetos\/#breadcrumb\"},\"inLanguage\":\"pt-BR\",\"potentialAction\":[{\"@type\":\"ReadAction\",\"target\":[\"https:\/\/grupobraco.com.br\/conteudo\/vergalhao-direto-da-fabrica-em-itumbiara-qualidade-e-agilidade-para-seus-projetos\/\"]}]},{\"@type\":\"BreadcrumbList\",\"@id\":\"https:\/\/grupobraco.com.br\/conteudo\/vergalhao-direto-da-fabrica-em-itumbiara-qualidade-e-agilidade-para-seus-projetos\/#breadcrumb\",\"itemListElement\":[{\"@type\":\"ListItem\",\"position\":1,\"name\":\"Home\",\"item\":\"https:\/\/grupobraco.com.br\/conteudo\/\"},{\"@type\":\"ListItem\",\"position\":2,\"name\":\"Vergalh\u00e3o Direto da F\u00e1brica em Itumbiara: Qualidade e Agilidade para Seus Projetos\"}]},{\"@type\":\"WebSite\",\"@id\":\"https:\/\/grupobraco.com.br\/conteudo\/#website\",\"url\":\"https:\/\/grupobraco.com.br\/conteudo\/\",\"name\":\"Br A\u00e7o\",\"description\":\"Seus projetos na velocidade m\u00e1xima\",\"publisher\":{\"@id\":\"https:\/\/grupobraco.com.br\/conteudo\/#organization\"},\"potentialAction\":[{\"@type\":\"SearchAction\",\"target\":{\"@type\":\"EntryPoint\",\"urlTemplate\":\"https:\/\/grupobraco.com.br\/conteudo\/?s={search_term_string}\"},\"query-input\":{\"@type\":\"PropertyValueSpecification\",\"valueRequired\":true,\"valueName\":\"search_term_string\"}}],\"inLanguage\":\"pt-BR\"},{\"@type\":\"Organization\",\"@id\":\"https:\/\/grupobraco.com.br\/conteudo\/#organization\",\"name\":\"Br A\u00e7o\",\"url\":\"https:\/\/grupobraco.com.br\/conteudo\/\",\"logo\":{\"@type\":\"ImageObject\",\"inLanguage\":\"pt-BR\",\"@id\":\"https:\/\/grupobraco.com.br\/conteudo\/#\/schema\/logo\/image\/\",\"url\":\"https:\/\/grupobraco.com.br\/conteudo\/wp-content\/uploads\/2025\/04\/Z340-Logotipia-Reestruturacao-do-Branding.png\",\"contentUrl\":\"https:\/\/grupobraco.com.br\/conteudo\/wp-content\/uploads\/2025\/04\/Z340-Logotipia-Reestruturacao-do-Branding.png\",\"width\":1530,\"height\":1080,\"caption\":\"Br A\u00e7o\"},\"image\":{\"@id\":\"https:\/\/grupobraco.com.br\/conteudo\/#\/schema\/logo\/image\/\"}}]}<\/script>\n<!-- \/ Yoast SEO plugin. -->","yoast_head_json":{"title":"Compra de Vergalh\u00e3o Direto da F\u00e1brica em Itumbiara | BR A\u00e7o","description":"Descubra a qualidade do vergalh\u00e3o direto da f\u00e1brica em Itumbiara com a BR A\u00e7o. Conhe\u00e7a nossos produtos e a entrega r\u00e1pida para suas obras.","robots":{"index":"index","follow":"follow","max-snippet":"max-snippet:-1","max-image-preview":"max-image-preview:large","max-video-preview":"max-video-preview:-1"},"canonical":"https:\/\/grupobraco.com.br\/conteudo\/vergalhao-direto-da-fabrica-em-itumbiara-qualidade-e-agilidade-para-seus-projetos\/","og_locale":"pt_BR","og_type":"article","og_title":"Compra de Vergalh\u00e3o Direto da F\u00e1brica em Itumbiara | BR A\u00e7o","og_description":"Descubra a qualidade do vergalh\u00e3o direto da f\u00e1brica em Itumbiara com a BR A\u00e7o. Conhe\u00e7a nossos produtos e a entrega r\u00e1pida para suas obras.","og_url":"https:\/\/grupobraco.com.br\/conteudo\/vergalhao-direto-da-fabrica-em-itumbiara-qualidade-e-agilidade-para-seus-projetos\/","og_site_name":"Br A\u00e7o","twitter_card":"summary_large_image","twitter_misc":{"Est. tempo de leitura":"1 minuto"},"schema":{"@context":"https:\/\/schema.org","@graph":[{"@type":"WebPage","@id":"https:\/\/grupobraco.com.br\/conteudo\/vergalhao-direto-da-fabrica-em-itumbiara-qualidade-e-agilidade-para-seus-projetos\/","url":"https:\/\/grupobraco.com.br\/conteudo\/vergalhao-direto-da-fabrica-em-itumbiara-qualidade-e-agilidade-para-seus-projetos\/","name":"Compra de Vergalh\u00e3o Direto da F\u00e1brica em Itumbiara | BR A\u00e7o","isPartOf":{"@id":"https:\/\/grupobraco.com.br\/conteudo\/#website"},"datePublished":"2025-04-24T16:00:54+00:00","dateModified":"2025-04-24T16:00:54+00:00","description":"Descubra a qualidade do vergalh\u00e3o direto da f\u00e1brica em Itumbiara com a BR A\u00e7o. Conhe\u00e7a nossos produtos e a entrega r\u00e1pida para suas obras.","breadcrumb":{"@id":"https:\/\/grupobraco.com.br\/conteudo\/vergalhao-direto-da-fabrica-em-itumbiara-qualidade-e-agilidade-para-seus-projetos\/#breadcrumb"},"inLanguage":"pt-BR","potentialAction":[{"@type":"ReadAction","target":["https:\/\/grupobraco.com.br\/conteudo\/vergalhao-direto-da-fabrica-em-itumbiara-qualidade-e-agilidade-para-seus-projetos\/"]}]},{"@type":"BreadcrumbList","@id":"https:\/\/grupobraco.com.br\/conteudo\/vergalhao-direto-da-fabrica-em-itumbiara-qualidade-e-agilidade-para-seus-projetos\/#breadcrumb","itemListElement":[{"@type":"ListItem","position":1,"name":"Home","item":"https:\/\/grupobraco.com.br\/conteudo\/"},{"@type":"ListItem","position":2,"name":"Vergalh\u00e3o Direto da F\u00e1brica em Itumbiara: Qualidade e Agilidade para Seus Projetos"}]},{"@type":"WebSite","@id":"https:\/\/grupobraco.com.br\/conteudo\/#website","url":"https:\/\/grupobraco.com.br\/conteudo\/","name":"Br A\u00e7o","description":"Seus projetos na velocidade m\u00e1xima","publisher":{"@id":"https:\/\/grupobraco.com.br\/conteudo\/#organization"},"potentialAction":[{"@type":"SearchAction","target":{"@type":"EntryPoint","urlTemplate":"https:\/\/grupobraco.com.br\/conteudo\/?s={search_term_string}"},"query-input":{"@type":"PropertyValueSpecification","valueRequired":true,"valueName":"search_term_string"}}],"inLanguage":"pt-BR"},{"@type":"Organization","@id":"https:\/\/grupobraco.com.br\/conteudo\/#organization","name":"Br A\u00e7o","url":"https:\/\/grupobraco.com.br\/conteudo\/","logo":{"@type":"ImageObject","inLanguage":"pt-BR","@id":"https:\/\/grupobraco.com.br\/conteudo\/#\/schema\/logo\/image\/","url":"https:\/\/grupobraco.com.br\/conteudo\/wp-content\/uploads\/2025\/04\/Z340-Logotipia-Reestruturacao-do-Branding.png","contentUrl":"https:\/\/grupobraco.com.br\/conteudo\/wp-content\/uploads\/2025\/04\/Z340-Logotipia-Reestruturacao-do-Branding.png","width":1530,"height":1080,"caption":"Br A\u00e7o"},"image":{"@id":"https:\/\/grupobraco.com.br\/conteudo\/#\/schema\/logo\/image\/"}}]}},"_links":{"self":[{"href":"https:\/\/grupobraco.com.br\/conteudo\/wp-json\/wp\/v2\/pages\/6436","targetHints":{"allow":["GET"]}}],"collection":[{"href":"https:\/\/grupobraco.com.br\/conteudo\/wp-json\/wp\/v2\/pages"}],"about":[{"href":"https:\/\/grupobraco.com.br\/conteudo\/wp-json\/wp\/v2\/types\/page"}],"author":[{"embeddable":true,"href":"https:\/\/grupobraco.com.br\/conteudo\/wp-json\/wp\/v2\/users\/3"}],"replies":[{"embeddable":true,"href":"https:\/\/grupobraco.com.br\/conteudo\/wp-json\/wp\/v2\/comments?post=6436"}],"version-history":[{"count":0,"href":"https:\/\/grupobraco.com.br\/conteudo\/wp-json\/wp\/v2\/pages\/6436\/revisions"}],"wp:attachment":[{"href":"https:\/\/grupobraco.com.br\/conteudo\/wp-json\/wp\/v2\/media?parent=6436"}],"curies":[{"name":"wp","href":"https:\/\/api.w.org\/{rel}","templated":true}]}}