{"id":624,"date":"2025-03-24T21:00:47","date_gmt":"2025-03-24T21:00:47","guid":{"rendered":"https:\/\/grupobraco.com.br\/conteudo\/vergalhao-direto-da-fabrica-em-catalao-a-revolucao-na-construcao-civil\/"},"modified":"2025-03-24T21:00:47","modified_gmt":"2025-03-24T21:00:47","slug":"vergalhao-direto-da-fabrica-em-catalao-a-revolucao-na-construcao-civil","status":"publish","type":"page","link":"https:\/\/grupobraco.com.br\/conteudo\/vergalhao-direto-da-fabrica-em-catalao-a-revolucao-na-construcao-civil\/","title":{"rendered":"Vergalh\u00e3o Direto da F\u00e1brica em Catal\u00e3o: A Revolu\u00e7\u00e3o na Constru\u00e7\u00e3o Civil"},"content":{"rendered":"<p>Um dos maiores desafios da constru\u00e7\u00e3o civil \u00e9 garantir a qualidade dos materiais utilizados nas obras. Nessa perspectiva, o &#8216;vergalh\u00e3o direto da f\u00e1brica em Catal\u00e3o&#8217; surge como uma solu\u00e7\u00e3o inovadora e eficiente. Ao optar por adquirir vergalh\u00f5es diretamente da f\u00e1brica, os construtores n\u00e3o s\u00f3 garantem a qualidade do a\u00e7o, como tamb\u00e9m se beneficiam de pre\u00e7os mais competitivos. A BR A\u00e7o, localizada em Catal\u00e3o, se destaca como a principal fornecedora deste insumo essencial, oferecendo produtos que atendem aos mais rigorosos padr\u00f5es de qualidade. Al\u00e9m de produtos de alta qualidade, a BR A\u00e7o oferece prazos de entrega que aceleram o progresso das obras, permitindo que os projetos sejam executados dentro do cronograma estabelecido. Quando se fala em &#8216;vergalh\u00e3o direto da f\u00e1brica em Catal\u00e3o&#8217;, a confian\u00e7a na origem e na solidez do material se torna um diferencial crucial para engenheiros e construtores na regi\u00e3o e em todo o Brasil. Por meio da integra\u00e7\u00e3o de tecnologia e gest\u00e3o de qualidade, a BR A\u00e7o garante que cada vergalh\u00e3o produzido seja testado e aprovado, assegurando a integridade estrutural das edifica\u00e7\u00f5es. Com uma equipe altamente especializada e experiente, a BR A\u00e7o se posiciona no mercado n\u00e3o apenas como produtora, mas como parceira nos projetos dos seus clientes, contribuindo de forma efetiva para a velocidade m\u00e1xima no andamento das obras. Afinal, estoque, qualidade e agilidade, tudo isso \u00e9 o que voc\u00ea encontra no vergalh\u00e3o direto da f\u00e1brica em Catal\u00e3o.<\/p>\n","protected":false},"excerpt":{"rendered":"<p>Um dos maiores desafios da constru\u00e7\u00e3o civil \u00e9 garantir a qualidade dos materiais utilizados nas obras. Nessa perspectiva, o &#8216;vergalh\u00e3o direto da f\u00e1brica em Catal\u00e3o&#8217; surge como uma solu\u00e7\u00e3o inovadora e eficiente. Ao optar por adquirir vergalh\u00f5es diretamente da f\u00e1brica, os construtores n\u00e3o s\u00f3 garantem a qualidade do a\u00e7o, como tamb\u00e9m se beneficiam de pre\u00e7os&hellip;&nbsp;<a href=\"https:\/\/grupobraco.com.br\/conteudo\/vergalhao-direto-da-fabrica-em-catalao-a-revolucao-na-construcao-civil\/\" class=\"\" rel=\"bookmark\">Continue a ler &raquo;<span class=\"screen-reader-text\">Vergalh\u00e3o Direto da F\u00e1brica em Catal\u00e3o: A Revolu\u00e7\u00e3o na Constru\u00e7\u00e3o Civil<\/span><\/a><\/p>\n","protected":false},"author":3,"featured_media":0,"parent":0,"menu_order":0,"comment_status":"closed","ping_status":"closed","template":"","meta":{"_acf_changed":false,"_yoast_wpseo_focuskw":"vergalh\u00e3o direto da f\u00e1brica em Catal\u00e3o","_yoast_wpseo_title":"Vergalh\u00e3o Direto da F\u00e1brica em Catal\u00e3o: Qualidade e Agilidade com a BR A\u00e7o","_yoast_wpseo_metadesc":"Descubra as vantagens do vergalh\u00e3o direto da f\u00e1brica em Catal\u00e3o com a BR A\u00e7o. Qualidade, efici\u00eancia e pre\u00e7os imbat\u00edveis.","neve_meta_sidebar":"","neve_meta_container":"","neve_meta_enable_content_width":"","neve_meta_content_width":0,"neve_meta_title_alignment":"","neve_meta_author_avatar":"","neve_post_elements_order":"","neve_meta_disable_header":"","neve_meta_disable_footer":"","neve_meta_disable_title":"","footnotes":""},"class_list":["post-624","page","type-page","status-publish","hentry"],"acf":{"introducao":"","conceitos_fundamentais":"","como_funciona":"","como_aplicar_no_dia_a_dia":"","principais_utilizacoes_e_beneficios":"","tipos_e_classificacoes":"","tecnologias_e_ferramentas_relacionadas":"","exemplos_e_casos_de_sucesso":"","mitos_e_verdades":"","perguntas_frequentes_faq":"","erros_comuns_e_como_evita-los":"","futuro_e_tendencias":"","conclusao":"","bloco1title":"Qualidade Superior","bloco1text":"O vergalh\u00e3o da BR A\u00e7o \u00e9 produzido com insumos de alta qualidade, garantindo durabilidade e resist\u00eancia.","bloco2title":"Entrega \u00c1gil","bloco2text":"Agilidade na entrega \u00e9 essencial para a constru\u00e7\u00e3o civil. Estamos prontos para atender em prazos imbat\u00edveis.","bloco3title":"Transpar\u00eancia Total","bloco3text":"Na BR A\u00e7o, cada processo \u00e9 transparente. Voc\u00ea sabe de onde vem e como \u00e9 feito o vergalh\u00e3o que compra.","insightwidtitle":"Curiosidades sobre o A\u00e7o","insightwidcontent":"Voc\u00ea sabia que o a\u00e7o \u00e9 um dos materiais mais recicl\u00e1veis do mundo? Quase 90% de todo o a\u00e7o produzido no Brasil \u00e9 reciclado, o que significa que sua produ\u00e7\u00e3o \u00e9 muito mais sustent\u00e1vel do que voc\u00ea imagina! O vergalh\u00e3o, utilizado nas constru\u00e7\u00f5es, pode ser produzido a partir de sucata de a\u00e7o reciclada, reduzindo assim o impacto ambiental da constru\u00e7\u00e3o civil."},"yoast_head":"<!-- This site is optimized with the Yoast SEO plugin v23.4 - https:\/\/yoast.com\/wordpress\/plugins\/seo\/ -->\n<title>Vergalh\u00e3o Direto da F\u00e1brica em Catal\u00e3o: Qualidade e Agilidade com a BR A\u00e7o<\/title>\n<meta name=\"description\" content=\"Descubra as vantagens do vergalh\u00e3o direto da f\u00e1brica em Catal\u00e3o com a BR A\u00e7o. Qualidade, efici\u00eancia e pre\u00e7os imbat\u00edveis.\" \/>\n<meta name=\"robots\" content=\"index, follow, max-snippet:-1, max-image-preview:large, max-video-preview:-1\" \/>\n<link rel=\"canonical\" href=\"https:\/\/grupobraco.com.br\/conteudo\/vergalhao-direto-da-fabrica-em-catalao-a-revolucao-na-construcao-civil\/\" \/>\n<meta property=\"og:locale\" content=\"pt_BR\" \/>\n<meta property=\"og:type\" content=\"article\" \/>\n<meta property=\"og:title\" content=\"Vergalh\u00e3o Direto da F\u00e1brica em Catal\u00e3o: Qualidade e Agilidade com a BR A\u00e7o\" \/>\n<meta property=\"og:description\" content=\"Descubra as vantagens do vergalh\u00e3o direto da f\u00e1brica em Catal\u00e3o com a BR A\u00e7o. Qualidade, efici\u00eancia e pre\u00e7os imbat\u00edveis.\" \/>\n<meta property=\"og:url\" content=\"https:\/\/grupobraco.com.br\/conteudo\/vergalhao-direto-da-fabrica-em-catalao-a-revolucao-na-construcao-civil\/\" \/>\n<meta property=\"og:site_name\" content=\"Br A\u00e7o\" \/>\n<meta name=\"twitter:card\" content=\"summary_large_image\" \/>\n<meta name=\"twitter:label1\" content=\"Est. tempo de leitura\" \/>\n\t<meta name=\"twitter:data1\" content=\"1 minuto\" \/>\n<script type=\"application\/ld+json\" class=\"yoast-schema-graph\">{\"@context\":\"https:\/\/schema.org\",\"@graph\":[{\"@type\":\"WebPage\",\"@id\":\"https:\/\/grupobraco.com.br\/conteudo\/vergalhao-direto-da-fabrica-em-catalao-a-revolucao-na-construcao-civil\/\",\"url\":\"https:\/\/grupobraco.com.br\/conteudo\/vergalhao-direto-da-fabrica-em-catalao-a-revolucao-na-construcao-civil\/\",\"name\":\"Vergalh\u00e3o Direto da F\u00e1brica em Catal\u00e3o: Qualidade e Agilidade com a BR A\u00e7o\",\"isPartOf\":{\"@id\":\"https:\/\/grupobraco.com.br\/conteudo\/#website\"},\"datePublished\":\"2025-03-24T21:00:47+00:00\",\"dateModified\":\"2025-03-24T21:00:47+00:00\",\"description\":\"Descubra as vantagens do vergalh\u00e3o direto da f\u00e1brica em Catal\u00e3o com a BR A\u00e7o. Qualidade, efici\u00eancia e pre\u00e7os imbat\u00edveis.\",\"breadcrumb\":{\"@id\":\"https:\/\/grupobraco.com.br\/conteudo\/vergalhao-direto-da-fabrica-em-catalao-a-revolucao-na-construcao-civil\/#breadcrumb\"},\"inLanguage\":\"pt-BR\",\"potentialAction\":[{\"@type\":\"ReadAction\",\"target\":[\"https:\/\/grupobraco.com.br\/conteudo\/vergalhao-direto-da-fabrica-em-catalao-a-revolucao-na-construcao-civil\/\"]}]},{\"@type\":\"BreadcrumbList\",\"@id\":\"https:\/\/grupobraco.com.br\/conteudo\/vergalhao-direto-da-fabrica-em-catalao-a-revolucao-na-construcao-civil\/#breadcrumb\",\"itemListElement\":[{\"@type\":\"ListItem\",\"position\":1,\"name\":\"Home\",\"item\":\"https:\/\/grupobraco.com.br\/conteudo\/\"},{\"@type\":\"ListItem\",\"position\":2,\"name\":\"Vergalh\u00e3o Direto da F\u00e1brica em Catal\u00e3o: A Revolu\u00e7\u00e3o na Constru\u00e7\u00e3o Civil\"}]},{\"@type\":\"WebSite\",\"@id\":\"https:\/\/grupobraco.com.br\/conteudo\/#website\",\"url\":\"https:\/\/grupobraco.com.br\/conteudo\/\",\"name\":\"Br A\u00e7o\",\"description\":\"Seus projetos na velocidade m\u00e1xima\",\"publisher\":{\"@id\":\"https:\/\/grupobraco.com.br\/conteudo\/#organization\"},\"potentialAction\":[{\"@type\":\"SearchAction\",\"target\":{\"@type\":\"EntryPoint\",\"urlTemplate\":\"https:\/\/grupobraco.com.br\/conteudo\/?s={search_term_string}\"},\"query-input\":{\"@type\":\"PropertyValueSpecification\",\"valueRequired\":true,\"valueName\":\"search_term_string\"}}],\"inLanguage\":\"pt-BR\"},{\"@type\":\"Organization\",\"@id\":\"https:\/\/grupobraco.com.br\/conteudo\/#organization\",\"name\":\"Br A\u00e7o\",\"url\":\"https:\/\/grupobraco.com.br\/conteudo\/\",\"logo\":{\"@type\":\"ImageObject\",\"inLanguage\":\"pt-BR\",\"@id\":\"https:\/\/grupobraco.com.br\/conteudo\/#\/schema\/logo\/image\/\",\"url\":\"https:\/\/grupobraco.com.br\/conteudo\/wp-content\/uploads\/2025\/04\/Z340-Logotipia-Reestruturacao-do-Branding.png\",\"contentUrl\":\"https:\/\/grupobraco.com.br\/conteudo\/wp-content\/uploads\/2025\/04\/Z340-Logotipia-Reestruturacao-do-Branding.png\",\"width\":1530,\"height\":1080,\"caption\":\"Br A\u00e7o\"},\"image\":{\"@id\":\"https:\/\/grupobraco.com.br\/conteudo\/#\/schema\/logo\/image\/\"}}]}<\/script>\n<!-- \/ Yoast SEO plugin. -->","yoast_head_json":{"title":"Vergalh\u00e3o Direto da F\u00e1brica em Catal\u00e3o: Qualidade e Agilidade com a BR A\u00e7o","description":"Descubra as vantagens do vergalh\u00e3o direto da f\u00e1brica em Catal\u00e3o com a BR A\u00e7o. Qualidade, efici\u00eancia e pre\u00e7os imbat\u00edveis.","robots":{"index":"index","follow":"follow","max-snippet":"max-snippet:-1","max-image-preview":"max-image-preview:large","max-video-preview":"max-video-preview:-1"},"canonical":"https:\/\/grupobraco.com.br\/conteudo\/vergalhao-direto-da-fabrica-em-catalao-a-revolucao-na-construcao-civil\/","og_locale":"pt_BR","og_type":"article","og_title":"Vergalh\u00e3o Direto da F\u00e1brica em Catal\u00e3o: Qualidade e Agilidade com a BR A\u00e7o","og_description":"Descubra as vantagens do vergalh\u00e3o direto da f\u00e1brica em Catal\u00e3o com a BR A\u00e7o. Qualidade, efici\u00eancia e pre\u00e7os imbat\u00edveis.","og_url":"https:\/\/grupobraco.com.br\/conteudo\/vergalhao-direto-da-fabrica-em-catalao-a-revolucao-na-construcao-civil\/","og_site_name":"Br A\u00e7o","twitter_card":"summary_large_image","twitter_misc":{"Est. tempo de leitura":"1 minuto"},"schema":{"@context":"https:\/\/schema.org","@graph":[{"@type":"WebPage","@id":"https:\/\/grupobraco.com.br\/conteudo\/vergalhao-direto-da-fabrica-em-catalao-a-revolucao-na-construcao-civil\/","url":"https:\/\/grupobraco.com.br\/conteudo\/vergalhao-direto-da-fabrica-em-catalao-a-revolucao-na-construcao-civil\/","name":"Vergalh\u00e3o Direto da F\u00e1brica em Catal\u00e3o: Qualidade e Agilidade com a BR A\u00e7o","isPartOf":{"@id":"https:\/\/grupobraco.com.br\/conteudo\/#website"},"datePublished":"2025-03-24T21:00:47+00:00","dateModified":"2025-03-24T21:00:47+00:00","description":"Descubra as vantagens do vergalh\u00e3o direto da f\u00e1brica em Catal\u00e3o com a BR A\u00e7o. Qualidade, efici\u00eancia e pre\u00e7os imbat\u00edveis.","breadcrumb":{"@id":"https:\/\/grupobraco.com.br\/conteudo\/vergalhao-direto-da-fabrica-em-catalao-a-revolucao-na-construcao-civil\/#breadcrumb"},"inLanguage":"pt-BR","potentialAction":[{"@type":"ReadAction","target":["https:\/\/grupobraco.com.br\/conteudo\/vergalhao-direto-da-fabrica-em-catalao-a-revolucao-na-construcao-civil\/"]}]},{"@type":"BreadcrumbList","@id":"https:\/\/grupobraco.com.br\/conteudo\/vergalhao-direto-da-fabrica-em-catalao-a-revolucao-na-construcao-civil\/#breadcrumb","itemListElement":[{"@type":"ListItem","position":1,"name":"Home","item":"https:\/\/grupobraco.com.br\/conteudo\/"},{"@type":"ListItem","position":2,"name":"Vergalh\u00e3o Direto da F\u00e1brica em Catal\u00e3o: A Revolu\u00e7\u00e3o na Constru\u00e7\u00e3o Civil"}]},{"@type":"WebSite","@id":"https:\/\/grupobraco.com.br\/conteudo\/#website","url":"https:\/\/grupobraco.com.br\/conteudo\/","name":"Br A\u00e7o","description":"Seus projetos na velocidade m\u00e1xima","publisher":{"@id":"https:\/\/grupobraco.com.br\/conteudo\/#organization"},"potentialAction":[{"@type":"SearchAction","target":{"@type":"EntryPoint","urlTemplate":"https:\/\/grupobraco.com.br\/conteudo\/?s={search_term_string}"},"query-input":{"@type":"PropertyValueSpecification","valueRequired":true,"valueName":"search_term_string"}}],"inLanguage":"pt-BR"},{"@type":"Organization","@id":"https:\/\/grupobraco.com.br\/conteudo\/#organization","name":"Br A\u00e7o","url":"https:\/\/grupobraco.com.br\/conteudo\/","logo":{"@type":"ImageObject","inLanguage":"pt-BR","@id":"https:\/\/grupobraco.com.br\/conteudo\/#\/schema\/logo\/image\/","url":"https:\/\/grupobraco.com.br\/conteudo\/wp-content\/uploads\/2025\/04\/Z340-Logotipia-Reestruturacao-do-Branding.png","contentUrl":"https:\/\/grupobraco.com.br\/conteudo\/wp-content\/uploads\/2025\/04\/Z340-Logotipia-Reestruturacao-do-Branding.png","width":1530,"height":1080,"caption":"Br A\u00e7o"},"image":{"@id":"https:\/\/grupobraco.com.br\/conteudo\/#\/schema\/logo\/image\/"}}]}},"_links":{"self":[{"href":"https:\/\/grupobraco.com.br\/conteudo\/wp-json\/wp\/v2\/pages\/624","targetHints":{"allow":["GET"]}}],"collection":[{"href":"https:\/\/grupobraco.com.br\/conteudo\/wp-json\/wp\/v2\/pages"}],"about":[{"href":"https:\/\/grupobraco.com.br\/conteudo\/wp-json\/wp\/v2\/types\/page"}],"author":[{"embeddable":true,"href":"https:\/\/grupobraco.com.br\/conteudo\/wp-json\/wp\/v2\/users\/3"}],"replies":[{"embeddable":true,"href":"https:\/\/grupobraco.com.br\/conteudo\/wp-json\/wp\/v2\/comments?post=624"}],"version-history":[{"count":0,"href":"https:\/\/grupobraco.com.br\/conteudo\/wp-json\/wp\/v2\/pages\/624\/revisions"}],"wp:attachment":[{"href":"https:\/\/grupobraco.com.br\/conteudo\/wp-json\/wp\/v2\/media?parent=624"}],"curies":[{"name":"wp","href":"https:\/\/api.w.org\/{rel}","templated":true}]}}