{"id":6092,"date":"2025-04-22T21:00:55","date_gmt":"2025-04-22T21:00:55","guid":{"rendered":"https:\/\/grupobraco.com.br\/conteudo\/onde-comprar-vergalhao-em-goiania-a-solucao-para-seus-projetos-de-construcao\/"},"modified":"2025-04-22T21:00:55","modified_gmt":"2025-04-22T21:00:55","slug":"onde-comprar-vergalhao-em-goiania-a-solucao-para-seus-projetos-de-construcao","status":"publish","type":"page","link":"https:\/\/grupobraco.com.br\/conteudo\/onde-comprar-vergalhao-em-goiania-a-solucao-para-seus-projetos-de-construcao\/","title":{"rendered":"Onde Comprar Vergalh\u00e3o em Goi\u00e2nia: A Solu\u00e7\u00e3o para Seus Projetos de Constru\u00e7\u00e3o"},"content":{"rendered":"<p>Se voc\u00ea est\u00e1 em busca de onde comprar vergalh\u00e3o em Goi\u00e2nia, a escolha certa pode fazer toda a diferen\u00e7a na qualidade e efici\u00eancia da sua constru\u00e7\u00e3o. O vergalh\u00e3o \u00e9 um dos componentes mais essenciais em qualquer projeto estrutural, garantindo resist\u00eancia e durabilidade \u00e0s edifica\u00e7\u00f5es. Na BR A\u00e7o, voc\u00ea n\u00e3o apenas encontra os melhores produtos do mercado, mas tamb\u00e9m conta com uma equipe preparada para atender todas as suas necessidades. Vamos explorar as melhores op\u00e7\u00f5es para a compra de vergalh\u00f5es em Goi\u00e2nia, destacando a import\u00e2ncia da qualidade do material e os benef\u00edcios de escolher um fornecedor confi\u00e1vel. A localiza\u00e7\u00e3o estrat\u00e9gica e a agilidade nas entregas s\u00e3o diferenciais que colocam a BR A\u00e7o na dianteira. Se voc\u00ea deseja saber mais sobre onde comprar vergalh\u00e3o em Goi\u00e2nia, continue a leitura e descubra como podemos transformar seu projeto na velocidade m\u00e1xima.<\/p>\n","protected":false},"excerpt":{"rendered":"<p>Se voc\u00ea est\u00e1 em busca de onde comprar vergalh\u00e3o em Goi\u00e2nia, a escolha certa pode fazer toda a diferen\u00e7a na qualidade e efici\u00eancia da sua constru\u00e7\u00e3o. O vergalh\u00e3o \u00e9 um dos componentes mais essenciais em qualquer projeto estrutural, garantindo resist\u00eancia e durabilidade \u00e0s edifica\u00e7\u00f5es. Na BR A\u00e7o, voc\u00ea n\u00e3o apenas encontra os melhores produtos do&hellip;&nbsp;<a href=\"https:\/\/grupobraco.com.br\/conteudo\/onde-comprar-vergalhao-em-goiania-a-solucao-para-seus-projetos-de-construcao\/\" class=\"\" rel=\"bookmark\">Continue a ler &raquo;<span class=\"screen-reader-text\">Onde Comprar Vergalh\u00e3o em Goi\u00e2nia: A Solu\u00e7\u00e3o para Seus Projetos de Constru\u00e7\u00e3o<\/span><\/a><\/p>\n","protected":false},"author":3,"featured_media":0,"parent":0,"menu_order":0,"comment_status":"closed","ping_status":"closed","template":"","meta":{"_acf_changed":false,"_yoast_wpseo_focuskw":"Onde comprar vergalh\u00e3o em Goi\u00e2nia","_yoast_wpseo_title":"Onde Comprar Vergalh\u00e3o em Goi\u00e2nia - BR A\u00e7o","_yoast_wpseo_metadesc":"Descubra onde comprar vergalh\u00e3o em Goi\u00e2nia com qualidade garantida e entrega r\u00e1pida. A BR A\u00e7o \u00e9 a refer\u00eancia no fornecimento de a\u00e7o para constru\u00e7\u00e3o civil.","neve_meta_sidebar":"","neve_meta_container":"","neve_meta_enable_content_width":"","neve_meta_content_width":0,"neve_meta_title_alignment":"","neve_meta_author_avatar":"","neve_post_elements_order":"","neve_meta_disable_header":"","neve_meta_disable_footer":"","neve_meta_disable_title":"","footnotes":""},"class_list":["post-6092","page","type-page","status-publish","hentry"],"acf":{"introducao":"","conceitos_fundamentais":"","como_funciona":"","como_aplicar_no_dia_a_dia":"","principais_utilizacoes_e_beneficios":"","tipos_e_classificacoes":"","tecnologias_e_ferramentas_relacionadas":"","exemplos_e_casos_de_sucesso":"","mitos_e_verdades":"","perguntas_frequentes_faq":"","erros_comuns_e_como_evita-los":"","futuro_e_tendencias":"","conclusao":"","bloco1title":"Qualidade Garantida","bloco1text":"Na BR A\u00e7o, garantimos que todos os vergalh\u00f5es atendem \u00e0s normas de qualidade, oferecendo seguran\u00e7a e durabilidade para sua constru\u00e7\u00e3o em Goi\u00e2nia.","bloco2title":"Atendimento Personalizado","bloco2text":"Nossa equipe est\u00e1 sempre dispon\u00edvel para ajudar. Aqui, voc\u00ea n\u00e3o compra apenas a\u00e7o, mas solu\u00e7\u00f5es adaptadas \u00e0s suas necessidades.","bloco3title":"A Escolha Certa","bloco3text":"Escolher onde comprar vergalh\u00e3o em Goi\u00e2nia \u00e9 crucial. O material de qualidade \u00e9 fundamental para a integridade estrutural do seu projeto, impactando diretamente na seguran\u00e7a e longevidade da obra.","insightwidtitle":"Curiosidades sobre Vergalh\u00f5es","insightwidcontent":"Voc\u00ea sabia que o vergalh\u00e3o \u00e9 produzido a partir do a\u00e7o? Ele passa por um processo de lamina\u00e7\u00e3o que aumenta sua resist\u00eancia. Al\u00e9m disso, existem diferentes tipos de vergalh\u00f5es, como o CA-50 e o CA-60, que variam em resist\u00eancia e usos. Essa diversidade permite que sejam aplicados conforme a necessidade de cada projeto, garantindo seguran\u00e7a e efici\u00eancia na constru\u00e7\u00e3o."},"yoast_head":"<!-- This site is optimized with the Yoast SEO plugin v23.4 - https:\/\/yoast.com\/wordpress\/plugins\/seo\/ -->\n<title>Onde Comprar Vergalh\u00e3o em Goi\u00e2nia - BR A\u00e7o<\/title>\n<meta name=\"description\" content=\"Descubra onde comprar vergalh\u00e3o em Goi\u00e2nia com qualidade garantida e entrega r\u00e1pida. A BR A\u00e7o \u00e9 a refer\u00eancia no fornecimento de a\u00e7o para constru\u00e7\u00e3o civil.\" \/>\n<meta name=\"robots\" content=\"index, follow, max-snippet:-1, max-image-preview:large, max-video-preview:-1\" \/>\n<link rel=\"canonical\" href=\"https:\/\/grupobraco.com.br\/conteudo\/onde-comprar-vergalhao-em-goiania-a-solucao-para-seus-projetos-de-construcao\/\" \/>\n<meta property=\"og:locale\" content=\"pt_BR\" \/>\n<meta property=\"og:type\" content=\"article\" \/>\n<meta property=\"og:title\" content=\"Onde Comprar Vergalh\u00e3o em Goi\u00e2nia - BR A\u00e7o\" \/>\n<meta property=\"og:description\" content=\"Descubra onde comprar vergalh\u00e3o em Goi\u00e2nia com qualidade garantida e entrega r\u00e1pida. A BR A\u00e7o \u00e9 a refer\u00eancia no fornecimento de a\u00e7o para constru\u00e7\u00e3o civil.\" \/>\n<meta property=\"og:url\" content=\"https:\/\/grupobraco.com.br\/conteudo\/onde-comprar-vergalhao-em-goiania-a-solucao-para-seus-projetos-de-construcao\/\" \/>\n<meta property=\"og:site_name\" content=\"Br A\u00e7o\" \/>\n<meta name=\"twitter:card\" content=\"summary_large_image\" \/>\n<meta name=\"twitter:label1\" content=\"Est. tempo de leitura\" \/>\n\t<meta name=\"twitter:data1\" content=\"1 minuto\" \/>\n<script type=\"application\/ld+json\" class=\"yoast-schema-graph\">{\"@context\":\"https:\/\/schema.org\",\"@graph\":[{\"@type\":\"WebPage\",\"@id\":\"https:\/\/grupobraco.com.br\/conteudo\/onde-comprar-vergalhao-em-goiania-a-solucao-para-seus-projetos-de-construcao\/\",\"url\":\"https:\/\/grupobraco.com.br\/conteudo\/onde-comprar-vergalhao-em-goiania-a-solucao-para-seus-projetos-de-construcao\/\",\"name\":\"Onde Comprar Vergalh\u00e3o em Goi\u00e2nia - BR A\u00e7o\",\"isPartOf\":{\"@id\":\"https:\/\/grupobraco.com.br\/conteudo\/#website\"},\"datePublished\":\"2025-04-22T21:00:55+00:00\",\"dateModified\":\"2025-04-22T21:00:55+00:00\",\"description\":\"Descubra onde comprar vergalh\u00e3o em Goi\u00e2nia com qualidade garantida e entrega r\u00e1pida. A BR A\u00e7o \u00e9 a refer\u00eancia no fornecimento de a\u00e7o para constru\u00e7\u00e3o civil.\",\"breadcrumb\":{\"@id\":\"https:\/\/grupobraco.com.br\/conteudo\/onde-comprar-vergalhao-em-goiania-a-solucao-para-seus-projetos-de-construcao\/#breadcrumb\"},\"inLanguage\":\"pt-BR\",\"potentialAction\":[{\"@type\":\"ReadAction\",\"target\":[\"https:\/\/grupobraco.com.br\/conteudo\/onde-comprar-vergalhao-em-goiania-a-solucao-para-seus-projetos-de-construcao\/\"]}]},{\"@type\":\"BreadcrumbList\",\"@id\":\"https:\/\/grupobraco.com.br\/conteudo\/onde-comprar-vergalhao-em-goiania-a-solucao-para-seus-projetos-de-construcao\/#breadcrumb\",\"itemListElement\":[{\"@type\":\"ListItem\",\"position\":1,\"name\":\"Home\",\"item\":\"https:\/\/grupobraco.com.br\/conteudo\/\"},{\"@type\":\"ListItem\",\"position\":2,\"name\":\"Onde Comprar Vergalh\u00e3o em Goi\u00e2nia: A Solu\u00e7\u00e3o para Seus Projetos de Constru\u00e7\u00e3o\"}]},{\"@type\":\"WebSite\",\"@id\":\"https:\/\/grupobraco.com.br\/conteudo\/#website\",\"url\":\"https:\/\/grupobraco.com.br\/conteudo\/\",\"name\":\"Br A\u00e7o\",\"description\":\"Seus projetos na velocidade m\u00e1xima\",\"publisher\":{\"@id\":\"https:\/\/grupobraco.com.br\/conteudo\/#organization\"},\"potentialAction\":[{\"@type\":\"SearchAction\",\"target\":{\"@type\":\"EntryPoint\",\"urlTemplate\":\"https:\/\/grupobraco.com.br\/conteudo\/?s={search_term_string}\"},\"query-input\":{\"@type\":\"PropertyValueSpecification\",\"valueRequired\":true,\"valueName\":\"search_term_string\"}}],\"inLanguage\":\"pt-BR\"},{\"@type\":\"Organization\",\"@id\":\"https:\/\/grupobraco.com.br\/conteudo\/#organization\",\"name\":\"Br A\u00e7o\",\"url\":\"https:\/\/grupobraco.com.br\/conteudo\/\",\"logo\":{\"@type\":\"ImageObject\",\"inLanguage\":\"pt-BR\",\"@id\":\"https:\/\/grupobraco.com.br\/conteudo\/#\/schema\/logo\/image\/\",\"url\":\"https:\/\/grupobraco.com.br\/conteudo\/wp-content\/uploads\/2025\/04\/Z340-Logotipia-Reestruturacao-do-Branding.png\",\"contentUrl\":\"https:\/\/grupobraco.com.br\/conteudo\/wp-content\/uploads\/2025\/04\/Z340-Logotipia-Reestruturacao-do-Branding.png\",\"width\":1530,\"height\":1080,\"caption\":\"Br A\u00e7o\"},\"image\":{\"@id\":\"https:\/\/grupobraco.com.br\/conteudo\/#\/schema\/logo\/image\/\"}}]}<\/script>\n<!-- \/ Yoast SEO plugin. -->","yoast_head_json":{"title":"Onde Comprar Vergalh\u00e3o em Goi\u00e2nia - BR A\u00e7o","description":"Descubra onde comprar vergalh\u00e3o em Goi\u00e2nia com qualidade garantida e entrega r\u00e1pida. A BR A\u00e7o \u00e9 a refer\u00eancia no fornecimento de a\u00e7o para constru\u00e7\u00e3o civil.","robots":{"index":"index","follow":"follow","max-snippet":"max-snippet:-1","max-image-preview":"max-image-preview:large","max-video-preview":"max-video-preview:-1"},"canonical":"https:\/\/grupobraco.com.br\/conteudo\/onde-comprar-vergalhao-em-goiania-a-solucao-para-seus-projetos-de-construcao\/","og_locale":"pt_BR","og_type":"article","og_title":"Onde Comprar Vergalh\u00e3o em Goi\u00e2nia - BR A\u00e7o","og_description":"Descubra onde comprar vergalh\u00e3o em Goi\u00e2nia com qualidade garantida e entrega r\u00e1pida. A BR A\u00e7o \u00e9 a refer\u00eancia no fornecimento de a\u00e7o para constru\u00e7\u00e3o civil.","og_url":"https:\/\/grupobraco.com.br\/conteudo\/onde-comprar-vergalhao-em-goiania-a-solucao-para-seus-projetos-de-construcao\/","og_site_name":"Br A\u00e7o","twitter_card":"summary_large_image","twitter_misc":{"Est. tempo de leitura":"1 minuto"},"schema":{"@context":"https:\/\/schema.org","@graph":[{"@type":"WebPage","@id":"https:\/\/grupobraco.com.br\/conteudo\/onde-comprar-vergalhao-em-goiania-a-solucao-para-seus-projetos-de-construcao\/","url":"https:\/\/grupobraco.com.br\/conteudo\/onde-comprar-vergalhao-em-goiania-a-solucao-para-seus-projetos-de-construcao\/","name":"Onde Comprar Vergalh\u00e3o em Goi\u00e2nia - BR A\u00e7o","isPartOf":{"@id":"https:\/\/grupobraco.com.br\/conteudo\/#website"},"datePublished":"2025-04-22T21:00:55+00:00","dateModified":"2025-04-22T21:00:55+00:00","description":"Descubra onde comprar vergalh\u00e3o em Goi\u00e2nia com qualidade garantida e entrega r\u00e1pida. A BR A\u00e7o \u00e9 a refer\u00eancia no fornecimento de a\u00e7o para constru\u00e7\u00e3o civil.","breadcrumb":{"@id":"https:\/\/grupobraco.com.br\/conteudo\/onde-comprar-vergalhao-em-goiania-a-solucao-para-seus-projetos-de-construcao\/#breadcrumb"},"inLanguage":"pt-BR","potentialAction":[{"@type":"ReadAction","target":["https:\/\/grupobraco.com.br\/conteudo\/onde-comprar-vergalhao-em-goiania-a-solucao-para-seus-projetos-de-construcao\/"]}]},{"@type":"BreadcrumbList","@id":"https:\/\/grupobraco.com.br\/conteudo\/onde-comprar-vergalhao-em-goiania-a-solucao-para-seus-projetos-de-construcao\/#breadcrumb","itemListElement":[{"@type":"ListItem","position":1,"name":"Home","item":"https:\/\/grupobraco.com.br\/conteudo\/"},{"@type":"ListItem","position":2,"name":"Onde Comprar Vergalh\u00e3o em Goi\u00e2nia: A Solu\u00e7\u00e3o para Seus Projetos de Constru\u00e7\u00e3o"}]},{"@type":"WebSite","@id":"https:\/\/grupobraco.com.br\/conteudo\/#website","url":"https:\/\/grupobraco.com.br\/conteudo\/","name":"Br A\u00e7o","description":"Seus projetos na velocidade m\u00e1xima","publisher":{"@id":"https:\/\/grupobraco.com.br\/conteudo\/#organization"},"potentialAction":[{"@type":"SearchAction","target":{"@type":"EntryPoint","urlTemplate":"https:\/\/grupobraco.com.br\/conteudo\/?s={search_term_string}"},"query-input":{"@type":"PropertyValueSpecification","valueRequired":true,"valueName":"search_term_string"}}],"inLanguage":"pt-BR"},{"@type":"Organization","@id":"https:\/\/grupobraco.com.br\/conteudo\/#organization","name":"Br A\u00e7o","url":"https:\/\/grupobraco.com.br\/conteudo\/","logo":{"@type":"ImageObject","inLanguage":"pt-BR","@id":"https:\/\/grupobraco.com.br\/conteudo\/#\/schema\/logo\/image\/","url":"https:\/\/grupobraco.com.br\/conteudo\/wp-content\/uploads\/2025\/04\/Z340-Logotipia-Reestruturacao-do-Branding.png","contentUrl":"https:\/\/grupobraco.com.br\/conteudo\/wp-content\/uploads\/2025\/04\/Z340-Logotipia-Reestruturacao-do-Branding.png","width":1530,"height":1080,"caption":"Br A\u00e7o"},"image":{"@id":"https:\/\/grupobraco.com.br\/conteudo\/#\/schema\/logo\/image\/"}}]}},"_links":{"self":[{"href":"https:\/\/grupobraco.com.br\/conteudo\/wp-json\/wp\/v2\/pages\/6092","targetHints":{"allow":["GET"]}}],"collection":[{"href":"https:\/\/grupobraco.com.br\/conteudo\/wp-json\/wp\/v2\/pages"}],"about":[{"href":"https:\/\/grupobraco.com.br\/conteudo\/wp-json\/wp\/v2\/types\/page"}],"author":[{"embeddable":true,"href":"https:\/\/grupobraco.com.br\/conteudo\/wp-json\/wp\/v2\/users\/3"}],"replies":[{"embeddable":true,"href":"https:\/\/grupobraco.com.br\/conteudo\/wp-json\/wp\/v2\/comments?post=6092"}],"version-history":[{"count":0,"href":"https:\/\/grupobraco.com.br\/conteudo\/wp-json\/wp\/v2\/pages\/6092\/revisions"}],"wp:attachment":[{"href":"https:\/\/grupobraco.com.br\/conteudo\/wp-json\/wp\/v2\/media?parent=6092"}],"curies":[{"name":"wp","href":"https:\/\/api.w.org\/{rel}","templated":true}]}}