{"id":5795,"date":"2025-04-21T08:00:52","date_gmt":"2025-04-21T08:00:52","guid":{"rendered":"https:\/\/grupobraco.com.br\/conteudo\/vergalhao-direto-da-fabrica-em-goiania-qualidade-e-rapidez-para-seus-projetos\/"},"modified":"2025-04-21T08:00:52","modified_gmt":"2025-04-21T08:00:52","slug":"vergalhao-direto-da-fabrica-em-goiania-qualidade-e-rapidez-para-seus-projetos","status":"publish","type":"page","link":"https:\/\/grupobraco.com.br\/conteudo\/vergalhao-direto-da-fabrica-em-goiania-qualidade-e-rapidez-para-seus-projetos\/","title":{"rendered":"Vergalh\u00e3o Direto da F\u00e1brica em Goi\u00e2nia: Qualidade e Rapidez para Seus Projetos"},"content":{"rendered":"<p>No competitivo mundo da constru\u00e7\u00e3o civil, a escolha de materiais de qualidade \u00e9 fundamental para garantir o sucesso de qualquer projeto. Quando se trata de vergalh\u00e3o direto da f\u00e1brica em Goi\u00e2nia, a BR A\u00e7o se destaca como a op\u00e7\u00e3o mais confi\u00e1vel e eficiente do mercado. Nossa empresa n\u00e3o apenas fabrica, mas tamb\u00e9m se compromete a oferecer produtos que atendam \u00e0s mais rigorosas especifica\u00e7\u00f5es e normas de seguran\u00e7a. Ao optar por nosso vergalh\u00e3o direto da f\u00e1brica em Goi\u00e2nia, voc\u00ea garante que seu projeto n\u00e3o apenas ter\u00e1 a resist\u00eancia necess\u00e1ria, mas tamb\u00e9m que ser\u00e1 conclu\u00eddo na velocidade que o mercado exige. Conhe\u00e7a mais sobre nossas iniciativas, diferenciais e processos que fazem da BR A\u00e7o a maior refer\u00eancia em vergalh\u00e3o direto da f\u00e1brica em Goi\u00e2nia, e descubra como podemos ajudar a transformar sua vis\u00e3o em realidade.<\/p>\n","protected":false},"excerpt":{"rendered":"<p>No competitivo mundo da constru\u00e7\u00e3o civil, a escolha de materiais de qualidade \u00e9 fundamental para garantir o sucesso de qualquer projeto. Quando se trata de vergalh\u00e3o direto da f\u00e1brica em Goi\u00e2nia, a BR A\u00e7o se destaca como a op\u00e7\u00e3o mais confi\u00e1vel e eficiente do mercado. Nossa empresa n\u00e3o apenas fabrica, mas tamb\u00e9m se compromete a&hellip;&nbsp;<a href=\"https:\/\/grupobraco.com.br\/conteudo\/vergalhao-direto-da-fabrica-em-goiania-qualidade-e-rapidez-para-seus-projetos\/\" class=\"\" rel=\"bookmark\">Continue a ler &raquo;<span class=\"screen-reader-text\">Vergalh\u00e3o Direto da F\u00e1brica em Goi\u00e2nia: Qualidade e Rapidez para Seus Projetos<\/span><\/a><\/p>\n","protected":false},"author":3,"featured_media":0,"parent":0,"menu_order":0,"comment_status":"closed","ping_status":"closed","template":"","meta":{"_acf_changed":false,"_yoast_wpseo_focuskw":"vergalh\u00e3o direto da f\u00e1brica em Goi\u00e2nia","_yoast_wpseo_title":"Vergalh\u00e3o Direto da F\u00e1brica em Goi\u00e2nia: A Melhor Escolha para Sua Constru\u00e7\u00e3o","_yoast_wpseo_metadesc":"Conhe\u00e7a o vergalh\u00e3o direto da f\u00e1brica em Goi\u00e2nia da BR A\u00e7o, qualidade e rapidez para seus projetos de constru\u00e7\u00e3o civil.","neve_meta_sidebar":"","neve_meta_container":"","neve_meta_enable_content_width":"","neve_meta_content_width":0,"neve_meta_title_alignment":"","neve_meta_author_avatar":"","neve_post_elements_order":"","neve_meta_disable_header":"","neve_meta_disable_footer":"","neve_meta_disable_title":"","footnotes":""},"class_list":["post-5795","page","type-page","status-publish","hentry"],"acf":{"introducao":"","conceitos_fundamentais":"","como_funciona":"","como_aplicar_no_dia_a_dia":"","principais_utilizacoes_e_beneficios":"","tipos_e_classificacoes":"","tecnologias_e_ferramentas_relacionadas":"","exemplos_e_casos_de_sucesso":"","mitos_e_verdades":"","perguntas_frequentes_faq":"","erros_comuns_e_como_evita-los":"","futuro_e_tendencias":"","conclusao":"","bloco1title":"Qualidade Garantida","bloco1text":"Nosso vergalh\u00e3o direto da f\u00e1brica em Goi\u00e2nia \u00e9 produzido com o mais alto padr\u00e3o de qualidade, assegurando durabilidade e resist\u00eancia.","bloco2title":"Entregas R\u00e1pidas","bloco2text":"A BR A\u00e7o se destaca pela agilidade nas entregas, garantindo que o vergalh\u00e3o direto da f\u00e1brica em Goi\u00e2nia chegue ao seu projeto no prazo.","bloco3title":"Inova\u00e7\u00e3o na Produ\u00e7\u00e3o","bloco3text":"Investimos em tecnologia e processos inovadores, assegurando que nosso vergalh\u00e3o direto da f\u00e1brica em Goi\u00e2nia atenda a todos os requisitos de mercado.","insightwidtitle":"Curiosidades sobre Vergalh\u00e3o","insightwidcontent":"Voc\u00ea sabia que o vergalh\u00e3o \u00e9 produzido em v\u00e1rias classes e tipos, cada um para atender a uma necessidade espec\u00edfica da constru\u00e7\u00e3o civil? Na BR A\u00e7o, seu vergalh\u00e3o direto da f\u00e1brica em Goi\u00e2nia segue normas r\u00edgidas, como a ABNT NBR 7480, que assegura a qualidade dos produtos comercializados. Al\u00e9m disso, muitas obras ao redor do mundo utilizam vergalh\u00f5es de alta resist\u00eancia, pois eles oferecem suporte fundamental em estruturas, evitando fissuras e outros danos ao longo do tempo."},"yoast_head":"<!-- This site is optimized with the Yoast SEO plugin v23.4 - https:\/\/yoast.com\/wordpress\/plugins\/seo\/ -->\n<title>Vergalh\u00e3o Direto da F\u00e1brica em Goi\u00e2nia: A Melhor Escolha para Sua Constru\u00e7\u00e3o<\/title>\n<meta name=\"description\" content=\"Conhe\u00e7a o vergalh\u00e3o direto da f\u00e1brica em Goi\u00e2nia da BR A\u00e7o, qualidade e rapidez para seus projetos de constru\u00e7\u00e3o civil.\" \/>\n<meta name=\"robots\" content=\"index, follow, max-snippet:-1, max-image-preview:large, max-video-preview:-1\" \/>\n<link rel=\"canonical\" href=\"https:\/\/grupobraco.com.br\/conteudo\/vergalhao-direto-da-fabrica-em-goiania-qualidade-e-rapidez-para-seus-projetos\/\" \/>\n<meta property=\"og:locale\" content=\"pt_BR\" \/>\n<meta property=\"og:type\" content=\"article\" \/>\n<meta property=\"og:title\" content=\"Vergalh\u00e3o Direto da F\u00e1brica em Goi\u00e2nia: A Melhor Escolha para Sua Constru\u00e7\u00e3o\" \/>\n<meta property=\"og:description\" content=\"Conhe\u00e7a o vergalh\u00e3o direto da f\u00e1brica em Goi\u00e2nia da BR A\u00e7o, qualidade e rapidez para seus projetos de constru\u00e7\u00e3o civil.\" \/>\n<meta property=\"og:url\" content=\"https:\/\/grupobraco.com.br\/conteudo\/vergalhao-direto-da-fabrica-em-goiania-qualidade-e-rapidez-para-seus-projetos\/\" \/>\n<meta property=\"og:site_name\" content=\"Br A\u00e7o\" \/>\n<meta name=\"twitter:card\" content=\"summary_large_image\" \/>\n<meta name=\"twitter:label1\" content=\"Est. tempo de leitura\" \/>\n\t<meta name=\"twitter:data1\" content=\"1 minuto\" \/>\n<script type=\"application\/ld+json\" class=\"yoast-schema-graph\">{\"@context\":\"https:\/\/schema.org\",\"@graph\":[{\"@type\":\"WebPage\",\"@id\":\"https:\/\/grupobraco.com.br\/conteudo\/vergalhao-direto-da-fabrica-em-goiania-qualidade-e-rapidez-para-seus-projetos\/\",\"url\":\"https:\/\/grupobraco.com.br\/conteudo\/vergalhao-direto-da-fabrica-em-goiania-qualidade-e-rapidez-para-seus-projetos\/\",\"name\":\"Vergalh\u00e3o Direto da F\u00e1brica em Goi\u00e2nia: A Melhor Escolha para Sua Constru\u00e7\u00e3o\",\"isPartOf\":{\"@id\":\"https:\/\/grupobraco.com.br\/conteudo\/#website\"},\"datePublished\":\"2025-04-21T08:00:52+00:00\",\"dateModified\":\"2025-04-21T08:00:52+00:00\",\"description\":\"Conhe\u00e7a o vergalh\u00e3o direto da f\u00e1brica em Goi\u00e2nia da BR A\u00e7o, qualidade e rapidez para seus projetos de constru\u00e7\u00e3o civil.\",\"breadcrumb\":{\"@id\":\"https:\/\/grupobraco.com.br\/conteudo\/vergalhao-direto-da-fabrica-em-goiania-qualidade-e-rapidez-para-seus-projetos\/#breadcrumb\"},\"inLanguage\":\"pt-BR\",\"potentialAction\":[{\"@type\":\"ReadAction\",\"target\":[\"https:\/\/grupobraco.com.br\/conteudo\/vergalhao-direto-da-fabrica-em-goiania-qualidade-e-rapidez-para-seus-projetos\/\"]}]},{\"@type\":\"BreadcrumbList\",\"@id\":\"https:\/\/grupobraco.com.br\/conteudo\/vergalhao-direto-da-fabrica-em-goiania-qualidade-e-rapidez-para-seus-projetos\/#breadcrumb\",\"itemListElement\":[{\"@type\":\"ListItem\",\"position\":1,\"name\":\"Home\",\"item\":\"https:\/\/grupobraco.com.br\/conteudo\/\"},{\"@type\":\"ListItem\",\"position\":2,\"name\":\"Vergalh\u00e3o Direto da F\u00e1brica em Goi\u00e2nia: Qualidade e Rapidez para Seus Projetos\"}]},{\"@type\":\"WebSite\",\"@id\":\"https:\/\/grupobraco.com.br\/conteudo\/#website\",\"url\":\"https:\/\/grupobraco.com.br\/conteudo\/\",\"name\":\"Br A\u00e7o\",\"description\":\"Seus projetos na velocidade m\u00e1xima\",\"publisher\":{\"@id\":\"https:\/\/grupobraco.com.br\/conteudo\/#organization\"},\"potentialAction\":[{\"@type\":\"SearchAction\",\"target\":{\"@type\":\"EntryPoint\",\"urlTemplate\":\"https:\/\/grupobraco.com.br\/conteudo\/?s={search_term_string}\"},\"query-input\":{\"@type\":\"PropertyValueSpecification\",\"valueRequired\":true,\"valueName\":\"search_term_string\"}}],\"inLanguage\":\"pt-BR\"},{\"@type\":\"Organization\",\"@id\":\"https:\/\/grupobraco.com.br\/conteudo\/#organization\",\"name\":\"Br A\u00e7o\",\"url\":\"https:\/\/grupobraco.com.br\/conteudo\/\",\"logo\":{\"@type\":\"ImageObject\",\"inLanguage\":\"pt-BR\",\"@id\":\"https:\/\/grupobraco.com.br\/conteudo\/#\/schema\/logo\/image\/\",\"url\":\"https:\/\/grupobraco.com.br\/conteudo\/wp-content\/uploads\/2025\/04\/Z340-Logotipia-Reestruturacao-do-Branding.png\",\"contentUrl\":\"https:\/\/grupobraco.com.br\/conteudo\/wp-content\/uploads\/2025\/04\/Z340-Logotipia-Reestruturacao-do-Branding.png\",\"width\":1530,\"height\":1080,\"caption\":\"Br A\u00e7o\"},\"image\":{\"@id\":\"https:\/\/grupobraco.com.br\/conteudo\/#\/schema\/logo\/image\/\"}}]}<\/script>\n<!-- \/ Yoast SEO plugin. -->","yoast_head_json":{"title":"Vergalh\u00e3o Direto da F\u00e1brica em Goi\u00e2nia: A Melhor Escolha para Sua Constru\u00e7\u00e3o","description":"Conhe\u00e7a o vergalh\u00e3o direto da f\u00e1brica em Goi\u00e2nia da BR A\u00e7o, qualidade e rapidez para seus projetos de constru\u00e7\u00e3o civil.","robots":{"index":"index","follow":"follow","max-snippet":"max-snippet:-1","max-image-preview":"max-image-preview:large","max-video-preview":"max-video-preview:-1"},"canonical":"https:\/\/grupobraco.com.br\/conteudo\/vergalhao-direto-da-fabrica-em-goiania-qualidade-e-rapidez-para-seus-projetos\/","og_locale":"pt_BR","og_type":"article","og_title":"Vergalh\u00e3o Direto da F\u00e1brica em Goi\u00e2nia: A Melhor Escolha para Sua Constru\u00e7\u00e3o","og_description":"Conhe\u00e7a o vergalh\u00e3o direto da f\u00e1brica em Goi\u00e2nia da BR A\u00e7o, qualidade e rapidez para seus projetos de constru\u00e7\u00e3o civil.","og_url":"https:\/\/grupobraco.com.br\/conteudo\/vergalhao-direto-da-fabrica-em-goiania-qualidade-e-rapidez-para-seus-projetos\/","og_site_name":"Br A\u00e7o","twitter_card":"summary_large_image","twitter_misc":{"Est. tempo de leitura":"1 minuto"},"schema":{"@context":"https:\/\/schema.org","@graph":[{"@type":"WebPage","@id":"https:\/\/grupobraco.com.br\/conteudo\/vergalhao-direto-da-fabrica-em-goiania-qualidade-e-rapidez-para-seus-projetos\/","url":"https:\/\/grupobraco.com.br\/conteudo\/vergalhao-direto-da-fabrica-em-goiania-qualidade-e-rapidez-para-seus-projetos\/","name":"Vergalh\u00e3o Direto da F\u00e1brica em Goi\u00e2nia: A Melhor Escolha para Sua Constru\u00e7\u00e3o","isPartOf":{"@id":"https:\/\/grupobraco.com.br\/conteudo\/#website"},"datePublished":"2025-04-21T08:00:52+00:00","dateModified":"2025-04-21T08:00:52+00:00","description":"Conhe\u00e7a o vergalh\u00e3o direto da f\u00e1brica em Goi\u00e2nia da BR A\u00e7o, qualidade e rapidez para seus projetos de constru\u00e7\u00e3o civil.","breadcrumb":{"@id":"https:\/\/grupobraco.com.br\/conteudo\/vergalhao-direto-da-fabrica-em-goiania-qualidade-e-rapidez-para-seus-projetos\/#breadcrumb"},"inLanguage":"pt-BR","potentialAction":[{"@type":"ReadAction","target":["https:\/\/grupobraco.com.br\/conteudo\/vergalhao-direto-da-fabrica-em-goiania-qualidade-e-rapidez-para-seus-projetos\/"]}]},{"@type":"BreadcrumbList","@id":"https:\/\/grupobraco.com.br\/conteudo\/vergalhao-direto-da-fabrica-em-goiania-qualidade-e-rapidez-para-seus-projetos\/#breadcrumb","itemListElement":[{"@type":"ListItem","position":1,"name":"Home","item":"https:\/\/grupobraco.com.br\/conteudo\/"},{"@type":"ListItem","position":2,"name":"Vergalh\u00e3o Direto da F\u00e1brica em Goi\u00e2nia: Qualidade e Rapidez para Seus Projetos"}]},{"@type":"WebSite","@id":"https:\/\/grupobraco.com.br\/conteudo\/#website","url":"https:\/\/grupobraco.com.br\/conteudo\/","name":"Br A\u00e7o","description":"Seus projetos na velocidade m\u00e1xima","publisher":{"@id":"https:\/\/grupobraco.com.br\/conteudo\/#organization"},"potentialAction":[{"@type":"SearchAction","target":{"@type":"EntryPoint","urlTemplate":"https:\/\/grupobraco.com.br\/conteudo\/?s={search_term_string}"},"query-input":{"@type":"PropertyValueSpecification","valueRequired":true,"valueName":"search_term_string"}}],"inLanguage":"pt-BR"},{"@type":"Organization","@id":"https:\/\/grupobraco.com.br\/conteudo\/#organization","name":"Br A\u00e7o","url":"https:\/\/grupobraco.com.br\/conteudo\/","logo":{"@type":"ImageObject","inLanguage":"pt-BR","@id":"https:\/\/grupobraco.com.br\/conteudo\/#\/schema\/logo\/image\/","url":"https:\/\/grupobraco.com.br\/conteudo\/wp-content\/uploads\/2025\/04\/Z340-Logotipia-Reestruturacao-do-Branding.png","contentUrl":"https:\/\/grupobraco.com.br\/conteudo\/wp-content\/uploads\/2025\/04\/Z340-Logotipia-Reestruturacao-do-Branding.png","width":1530,"height":1080,"caption":"Br A\u00e7o"},"image":{"@id":"https:\/\/grupobraco.com.br\/conteudo\/#\/schema\/logo\/image\/"}}]}},"_links":{"self":[{"href":"https:\/\/grupobraco.com.br\/conteudo\/wp-json\/wp\/v2\/pages\/5795","targetHints":{"allow":["GET"]}}],"collection":[{"href":"https:\/\/grupobraco.com.br\/conteudo\/wp-json\/wp\/v2\/pages"}],"about":[{"href":"https:\/\/grupobraco.com.br\/conteudo\/wp-json\/wp\/v2\/types\/page"}],"author":[{"embeddable":true,"href":"https:\/\/grupobraco.com.br\/conteudo\/wp-json\/wp\/v2\/users\/3"}],"replies":[{"embeddable":true,"href":"https:\/\/grupobraco.com.br\/conteudo\/wp-json\/wp\/v2\/comments?post=5795"}],"version-history":[{"count":0,"href":"https:\/\/grupobraco.com.br\/conteudo\/wp-json\/wp\/v2\/pages\/5795\/revisions"}],"wp:attachment":[{"href":"https:\/\/grupobraco.com.br\/conteudo\/wp-json\/wp\/v2\/media?parent=5795"}],"curies":[{"name":"wp","href":"https:\/\/api.w.org\/{rel}","templated":true}]}}