{"id":5764,"date":"2025-04-21T04:00:52","date_gmt":"2025-04-21T04:00:52","guid":{"rendered":"https:\/\/grupobraco.com.br\/conteudo\/br-aco-a-fabrica-de-vergalhao-em-formosa-que-revoluciona-a-construcao-civil-2\/"},"modified":"2025-04-21T04:00:52","modified_gmt":"2025-04-21T04:00:52","slug":"br-aco-a-fabrica-de-vergalhao-em-formosa-que-revoluciona-a-construcao-civil-2","status":"publish","type":"page","link":"https:\/\/grupobraco.com.br\/conteudo\/br-aco-a-fabrica-de-vergalhao-em-formosa-que-revoluciona-a-construcao-civil-2\/","title":{"rendered":"BR A\u00e7o: A F\u00e1brica de Vergalh\u00e3o em Formosa que Revoluciona a Constru\u00e7\u00e3o Civil"},"content":{"rendered":"<p>A BR A\u00e7o \u00e9 a principal refer\u00eancia quando o assunto \u00e9 f\u00e1brica de vergalh\u00e3o em Formosa. Com anos de experi\u00eancia e dedica\u00e7\u00e3o, n\u00f3s garantimos a qualidade e a efici\u00eancia de nossos produtos, oferecendo solu\u00e7\u00f5es inovadoras para suas necessidades na constru\u00e7\u00e3o civil. Localizada em uma regi\u00e3o estrat\u00e9gica de Goi\u00e1s, nossa f\u00e1brica de vergalh\u00e3o em Formosa se destaca pela alta capacidade de produ\u00e7\u00e3o e por entregar materiais de constru\u00e7\u00e3o com agilidade e seguran\u00e7a, assegurando que os projetos de nossos clientes sejam realizados na velocidade m\u00e1xima. Em um mercado cada vez mais competitivo, \u00e9 essencial contar com um fornecedor de confian\u00e7a e comprometido com a qualidade. Por isso, nosso compromisso \u00e9 n\u00e3o apenas fornecer vergalh\u00e3o, mas sim transformar a forma como voc\u00ea realiza suas obras. Aqui, voc\u00ea encontra n\u00e3o apenas produtos de alta qualidade, mas tamb\u00e9m um suporte completo que garante o sucesso de cada projeto.<\/p>\n","protected":false},"excerpt":{"rendered":"<p>A BR A\u00e7o \u00e9 a principal refer\u00eancia quando o assunto \u00e9 f\u00e1brica de vergalh\u00e3o em Formosa. Com anos de experi\u00eancia e dedica\u00e7\u00e3o, n\u00f3s garantimos a qualidade e a efici\u00eancia de nossos produtos, oferecendo solu\u00e7\u00f5es inovadoras para suas necessidades na constru\u00e7\u00e3o civil. Localizada em uma regi\u00e3o estrat\u00e9gica de Goi\u00e1s, nossa f\u00e1brica de vergalh\u00e3o em Formosa se&hellip;&nbsp;<a href=\"https:\/\/grupobraco.com.br\/conteudo\/br-aco-a-fabrica-de-vergalhao-em-formosa-que-revoluciona-a-construcao-civil-2\/\" class=\"\" rel=\"bookmark\">Continue a ler &raquo;<span class=\"screen-reader-text\">BR A\u00e7o: A F\u00e1brica de Vergalh\u00e3o em Formosa que Revoluciona a Constru\u00e7\u00e3o Civil<\/span><\/a><\/p>\n","protected":false},"author":3,"featured_media":0,"parent":0,"menu_order":0,"comment_status":"closed","ping_status":"closed","template":"","meta":{"_acf_changed":false,"_yoast_wpseo_focuskw":"f\u00e1brica de vergalh\u00e3o em Formosa","_yoast_wpseo_title":"A F\u00e1brica de Vergalh\u00e3o em Formosa: BR A\u00e7o, Qualidade e Agilidade Garantidas","_yoast_wpseo_metadesc":"Descubra como a BR A\u00e7o se destaca como a principal f\u00e1brica de vergalh\u00e3o em Formosa, oferecendo qualidade, agilidade e solu\u00e7\u00f5es para sua constru\u00e7\u00e3o civil.","neve_meta_sidebar":"","neve_meta_container":"","neve_meta_enable_content_width":"","neve_meta_content_width":0,"neve_meta_title_alignment":"","neve_meta_author_avatar":"","neve_post_elements_order":"","neve_meta_disable_header":"","neve_meta_disable_footer":"","neve_meta_disable_title":"","footnotes":""},"class_list":["post-5764","page","type-page","status-publish","hentry"],"acf":{"introducao":"","conceitos_fundamentais":"","como_funciona":"","como_aplicar_no_dia_a_dia":"","principais_utilizacoes_e_beneficios":"","tipos_e_classificacoes":"","tecnologias_e_ferramentas_relacionadas":"","exemplos_e_casos_de_sucesso":"","mitos_e_verdades":"","perguntas_frequentes_faq":"","erros_comuns_e_como_evita-los":"","futuro_e_tendencias":"","conclusao":"","bloco1title":"Qualidade Superior","bloco1text":"Na BR A\u00e7o, a qualidade do vergalh\u00e3o \u00e9 inquestion\u00e1vel, utilizando somente mat\u00e9rias-primas de alto padr\u00e3o e processos rigorosos de controle.","bloco2title":"Entrega R\u00e1pida","bloco2text":"Oferecemos prazos de entrega que fazem a diferen\u00e7a, garantindo que suas obras sigam no cronograma sem interrup\u00e7\u00f5es.","bloco3title":"Inova\u00e7\u00e3o Cont\u00ednua","bloco3text":"Nossa f\u00e1brica de vergalh\u00e3o em Formosa investe constantemente em tecnologia e melhorias para garantir efici\u00eancia e redu\u00e7\u00e3o de custos.","insightwidtitle":"Curiosidades sobre o Vergalh\u00e3o","insightwidcontent":"Did you know that the term \"vergalh\u00e3o\" originates from Latin? It refers to a reinforced iron bar used to improve the tensile strength of concrete structures. A crucial element in construction, its production has evolved significantly with advancements in technology. Factories like BR A\u00e7o ensure not only high-quality steel but also innovative approaches to manufacturing, guaranteeing durability and safety for all types of construction projects."},"yoast_head":"<!-- This site is optimized with the Yoast SEO plugin v23.4 - https:\/\/yoast.com\/wordpress\/plugins\/seo\/ -->\n<title>A F\u00e1brica de Vergalh\u00e3o em Formosa: BR A\u00e7o, Qualidade e Agilidade Garantidas<\/title>\n<meta name=\"description\" content=\"Descubra como a BR A\u00e7o se destaca como a principal f\u00e1brica de vergalh\u00e3o em Formosa, oferecendo qualidade, agilidade e solu\u00e7\u00f5es para sua constru\u00e7\u00e3o civil.\" \/>\n<meta name=\"robots\" content=\"index, follow, max-snippet:-1, max-image-preview:large, max-video-preview:-1\" \/>\n<link rel=\"canonical\" href=\"https:\/\/grupobraco.com.br\/conteudo\/br-aco-a-fabrica-de-vergalhao-em-formosa-que-revoluciona-a-construcao-civil-2\/\" \/>\n<meta property=\"og:locale\" content=\"pt_BR\" \/>\n<meta property=\"og:type\" content=\"article\" \/>\n<meta property=\"og:title\" content=\"A F\u00e1brica de Vergalh\u00e3o em Formosa: BR A\u00e7o, Qualidade e Agilidade Garantidas\" \/>\n<meta property=\"og:description\" content=\"Descubra como a BR A\u00e7o se destaca como a principal f\u00e1brica de vergalh\u00e3o em Formosa, oferecendo qualidade, agilidade e solu\u00e7\u00f5es para sua constru\u00e7\u00e3o civil.\" \/>\n<meta property=\"og:url\" content=\"https:\/\/grupobraco.com.br\/conteudo\/br-aco-a-fabrica-de-vergalhao-em-formosa-que-revoluciona-a-construcao-civil-2\/\" \/>\n<meta property=\"og:site_name\" content=\"Br A\u00e7o\" \/>\n<meta name=\"twitter:card\" content=\"summary_large_image\" \/>\n<meta name=\"twitter:label1\" content=\"Est. tempo de leitura\" \/>\n\t<meta name=\"twitter:data1\" content=\"1 minuto\" \/>\n<script type=\"application\/ld+json\" class=\"yoast-schema-graph\">{\"@context\":\"https:\/\/schema.org\",\"@graph\":[{\"@type\":\"WebPage\",\"@id\":\"https:\/\/grupobraco.com.br\/conteudo\/br-aco-a-fabrica-de-vergalhao-em-formosa-que-revoluciona-a-construcao-civil-2\/\",\"url\":\"https:\/\/grupobraco.com.br\/conteudo\/br-aco-a-fabrica-de-vergalhao-em-formosa-que-revoluciona-a-construcao-civil-2\/\",\"name\":\"A F\u00e1brica de Vergalh\u00e3o em Formosa: BR A\u00e7o, Qualidade e Agilidade Garantidas\",\"isPartOf\":{\"@id\":\"https:\/\/grupobraco.com.br\/conteudo\/#website\"},\"datePublished\":\"2025-04-21T04:00:52+00:00\",\"dateModified\":\"2025-04-21T04:00:52+00:00\",\"description\":\"Descubra como a BR A\u00e7o se destaca como a principal f\u00e1brica de vergalh\u00e3o em Formosa, oferecendo qualidade, agilidade e solu\u00e7\u00f5es para sua constru\u00e7\u00e3o civil.\",\"breadcrumb\":{\"@id\":\"https:\/\/grupobraco.com.br\/conteudo\/br-aco-a-fabrica-de-vergalhao-em-formosa-que-revoluciona-a-construcao-civil-2\/#breadcrumb\"},\"inLanguage\":\"pt-BR\",\"potentialAction\":[{\"@type\":\"ReadAction\",\"target\":[\"https:\/\/grupobraco.com.br\/conteudo\/br-aco-a-fabrica-de-vergalhao-em-formosa-que-revoluciona-a-construcao-civil-2\/\"]}]},{\"@type\":\"BreadcrumbList\",\"@id\":\"https:\/\/grupobraco.com.br\/conteudo\/br-aco-a-fabrica-de-vergalhao-em-formosa-que-revoluciona-a-construcao-civil-2\/#breadcrumb\",\"itemListElement\":[{\"@type\":\"ListItem\",\"position\":1,\"name\":\"Home\",\"item\":\"https:\/\/grupobraco.com.br\/conteudo\/\"},{\"@type\":\"ListItem\",\"position\":2,\"name\":\"BR A\u00e7o: A F\u00e1brica de Vergalh\u00e3o em Formosa que Revoluciona a Constru\u00e7\u00e3o Civil\"}]},{\"@type\":\"WebSite\",\"@id\":\"https:\/\/grupobraco.com.br\/conteudo\/#website\",\"url\":\"https:\/\/grupobraco.com.br\/conteudo\/\",\"name\":\"Br A\u00e7o\",\"description\":\"Seus projetos na velocidade m\u00e1xima\",\"publisher\":{\"@id\":\"https:\/\/grupobraco.com.br\/conteudo\/#organization\"},\"potentialAction\":[{\"@type\":\"SearchAction\",\"target\":{\"@type\":\"EntryPoint\",\"urlTemplate\":\"https:\/\/grupobraco.com.br\/conteudo\/?s={search_term_string}\"},\"query-input\":{\"@type\":\"PropertyValueSpecification\",\"valueRequired\":true,\"valueName\":\"search_term_string\"}}],\"inLanguage\":\"pt-BR\"},{\"@type\":\"Organization\",\"@id\":\"https:\/\/grupobraco.com.br\/conteudo\/#organization\",\"name\":\"Br A\u00e7o\",\"url\":\"https:\/\/grupobraco.com.br\/conteudo\/\",\"logo\":{\"@type\":\"ImageObject\",\"inLanguage\":\"pt-BR\",\"@id\":\"https:\/\/grupobraco.com.br\/conteudo\/#\/schema\/logo\/image\/\",\"url\":\"https:\/\/grupobraco.com.br\/conteudo\/wp-content\/uploads\/2025\/04\/Z340-Logotipia-Reestruturacao-do-Branding.png\",\"contentUrl\":\"https:\/\/grupobraco.com.br\/conteudo\/wp-content\/uploads\/2025\/04\/Z340-Logotipia-Reestruturacao-do-Branding.png\",\"width\":1530,\"height\":1080,\"caption\":\"Br A\u00e7o\"},\"image\":{\"@id\":\"https:\/\/grupobraco.com.br\/conteudo\/#\/schema\/logo\/image\/\"}}]}<\/script>\n<!-- \/ Yoast SEO plugin. -->","yoast_head_json":{"title":"A F\u00e1brica de Vergalh\u00e3o em Formosa: BR A\u00e7o, Qualidade e Agilidade Garantidas","description":"Descubra como a BR A\u00e7o se destaca como a principal f\u00e1brica de vergalh\u00e3o em Formosa, oferecendo qualidade, agilidade e solu\u00e7\u00f5es para sua constru\u00e7\u00e3o civil.","robots":{"index":"index","follow":"follow","max-snippet":"max-snippet:-1","max-image-preview":"max-image-preview:large","max-video-preview":"max-video-preview:-1"},"canonical":"https:\/\/grupobraco.com.br\/conteudo\/br-aco-a-fabrica-de-vergalhao-em-formosa-que-revoluciona-a-construcao-civil-2\/","og_locale":"pt_BR","og_type":"article","og_title":"A F\u00e1brica de Vergalh\u00e3o em Formosa: BR A\u00e7o, Qualidade e Agilidade Garantidas","og_description":"Descubra como a BR A\u00e7o se destaca como a principal f\u00e1brica de vergalh\u00e3o em Formosa, oferecendo qualidade, agilidade e solu\u00e7\u00f5es para sua constru\u00e7\u00e3o civil.","og_url":"https:\/\/grupobraco.com.br\/conteudo\/br-aco-a-fabrica-de-vergalhao-em-formosa-que-revoluciona-a-construcao-civil-2\/","og_site_name":"Br A\u00e7o","twitter_card":"summary_large_image","twitter_misc":{"Est. tempo de leitura":"1 minuto"},"schema":{"@context":"https:\/\/schema.org","@graph":[{"@type":"WebPage","@id":"https:\/\/grupobraco.com.br\/conteudo\/br-aco-a-fabrica-de-vergalhao-em-formosa-que-revoluciona-a-construcao-civil-2\/","url":"https:\/\/grupobraco.com.br\/conteudo\/br-aco-a-fabrica-de-vergalhao-em-formosa-que-revoluciona-a-construcao-civil-2\/","name":"A F\u00e1brica de Vergalh\u00e3o em Formosa: BR A\u00e7o, Qualidade e Agilidade Garantidas","isPartOf":{"@id":"https:\/\/grupobraco.com.br\/conteudo\/#website"},"datePublished":"2025-04-21T04:00:52+00:00","dateModified":"2025-04-21T04:00:52+00:00","description":"Descubra como a BR A\u00e7o se destaca como a principal f\u00e1brica de vergalh\u00e3o em Formosa, oferecendo qualidade, agilidade e solu\u00e7\u00f5es para sua constru\u00e7\u00e3o civil.","breadcrumb":{"@id":"https:\/\/grupobraco.com.br\/conteudo\/br-aco-a-fabrica-de-vergalhao-em-formosa-que-revoluciona-a-construcao-civil-2\/#breadcrumb"},"inLanguage":"pt-BR","potentialAction":[{"@type":"ReadAction","target":["https:\/\/grupobraco.com.br\/conteudo\/br-aco-a-fabrica-de-vergalhao-em-formosa-que-revoluciona-a-construcao-civil-2\/"]}]},{"@type":"BreadcrumbList","@id":"https:\/\/grupobraco.com.br\/conteudo\/br-aco-a-fabrica-de-vergalhao-em-formosa-que-revoluciona-a-construcao-civil-2\/#breadcrumb","itemListElement":[{"@type":"ListItem","position":1,"name":"Home","item":"https:\/\/grupobraco.com.br\/conteudo\/"},{"@type":"ListItem","position":2,"name":"BR A\u00e7o: A F\u00e1brica de Vergalh\u00e3o em Formosa que Revoluciona a Constru\u00e7\u00e3o Civil"}]},{"@type":"WebSite","@id":"https:\/\/grupobraco.com.br\/conteudo\/#website","url":"https:\/\/grupobraco.com.br\/conteudo\/","name":"Br A\u00e7o","description":"Seus projetos na velocidade m\u00e1xima","publisher":{"@id":"https:\/\/grupobraco.com.br\/conteudo\/#organization"},"potentialAction":[{"@type":"SearchAction","target":{"@type":"EntryPoint","urlTemplate":"https:\/\/grupobraco.com.br\/conteudo\/?s={search_term_string}"},"query-input":{"@type":"PropertyValueSpecification","valueRequired":true,"valueName":"search_term_string"}}],"inLanguage":"pt-BR"},{"@type":"Organization","@id":"https:\/\/grupobraco.com.br\/conteudo\/#organization","name":"Br A\u00e7o","url":"https:\/\/grupobraco.com.br\/conteudo\/","logo":{"@type":"ImageObject","inLanguage":"pt-BR","@id":"https:\/\/grupobraco.com.br\/conteudo\/#\/schema\/logo\/image\/","url":"https:\/\/grupobraco.com.br\/conteudo\/wp-content\/uploads\/2025\/04\/Z340-Logotipia-Reestruturacao-do-Branding.png","contentUrl":"https:\/\/grupobraco.com.br\/conteudo\/wp-content\/uploads\/2025\/04\/Z340-Logotipia-Reestruturacao-do-Branding.png","width":1530,"height":1080,"caption":"Br A\u00e7o"},"image":{"@id":"https:\/\/grupobraco.com.br\/conteudo\/#\/schema\/logo\/image\/"}}]}},"_links":{"self":[{"href":"https:\/\/grupobraco.com.br\/conteudo\/wp-json\/wp\/v2\/pages\/5764","targetHints":{"allow":["GET"]}}],"collection":[{"href":"https:\/\/grupobraco.com.br\/conteudo\/wp-json\/wp\/v2\/pages"}],"about":[{"href":"https:\/\/grupobraco.com.br\/conteudo\/wp-json\/wp\/v2\/types\/page"}],"author":[{"embeddable":true,"href":"https:\/\/grupobraco.com.br\/conteudo\/wp-json\/wp\/v2\/users\/3"}],"replies":[{"embeddable":true,"href":"https:\/\/grupobraco.com.br\/conteudo\/wp-json\/wp\/v2\/comments?post=5764"}],"version-history":[{"count":0,"href":"https:\/\/grupobraco.com.br\/conteudo\/wp-json\/wp\/v2\/pages\/5764\/revisions"}],"wp:attachment":[{"href":"https:\/\/grupobraco.com.br\/conteudo\/wp-json\/wp\/v2\/media?parent=5764"}],"curies":[{"name":"wp","href":"https:\/\/api.w.org\/{rel}","templated":true}]}}