{"id":5729,"date":"2025-04-20T23:45:51","date_gmt":"2025-04-20T23:45:51","guid":{"rendered":"https:\/\/grupobraco.com.br\/conteudo\/descubra-onde-comprar-vergalhao-com-seguranca-e-qualidade\/"},"modified":"2025-04-20T23:45:51","modified_gmt":"2025-04-20T23:45:51","slug":"descubra-onde-comprar-vergalhao-com-seguranca-e-qualidade","status":"publish","type":"page","link":"https:\/\/grupobraco.com.br\/conteudo\/descubra-onde-comprar-vergalhao-com-seguranca-e-qualidade\/","title":{"rendered":"Descubra Onde Comprar Vergalh\u00e3o com Seguran\u00e7a e Qualidade"},"content":{"rendered":"<p>Na jornada de constru\u00e7\u00e3o, a escolha do material adequado \u00e9 t\u00e3o crucial quanto o planejamento. Quando se trata de estruturas que demandam resist\u00eancia e durabilidade, o vergalh\u00e3o \u00e9 fundamental. Mas, onde comprar vergalh\u00e3o que garanta qualidade e pre\u00e7o justo? Neste guia, voc\u00ea encontrar\u00e1 informa\u00e7\u00f5es completas sobre as melhores op\u00e7\u00f5es de compra desse material, com foco no que \u00e9 essencial: a confiabilidade do fornecedor, a variedade de produtos, as formas de entrega e o atendimento ao cliente. A BR A\u00e7o \u00e9 seu aliado neste processo, oferecendo n\u00e3o apenas vergalh\u00f5es de alta qualidade, mas tamb\u00e9m um servi\u00e7o que entende as necessidades do seu projeto com agilidade e efici\u00eancia. Conheceremos as diferentes caracter\u00edsticas dos vergalh\u00f5es dispon\u00edveis no mercado, abordando os fatores que influenciam a sua escolha, como resist\u00eancia, peso, e di\u00e2metro. Al\u00e9m disso, discutiremos a import\u00e2ncia de optar por fornecedores que prezam pela transpar\u00eancia e t\u00eam um hist\u00f3rico s\u00f3lido na ind\u00fastria, assegurando que onde comprar vergalh\u00e3o n\u00e3o seja apenas uma quest\u00e3o de pre\u00e7o, mas de qualidade e confian\u00e7a. Ao longo deste texto, voc\u00ea ficar\u00e1 por dentro das melhores pr\u00e1ticas para aquisi\u00e7\u00e3o do vergalh\u00e3o, e descobrir\u00e1 porque a BR A\u00e7o deve ser sua primeira escolha na lista de onde comprar vergalh\u00e3o. Vamos por isso, explorar essas nuances, e conquistar o seu projeto com a agilidade necess\u00e1ria, uma vez que o seu sonho de constru\u00e7\u00e3o come\u00e7a com o material certo.<\/p>\n","protected":false},"excerpt":{"rendered":"<p>Na jornada de constru\u00e7\u00e3o, a escolha do material adequado \u00e9 t\u00e3o crucial quanto o planejamento. Quando se trata de estruturas que demandam resist\u00eancia e durabilidade, o vergalh\u00e3o \u00e9 fundamental. Mas, onde comprar vergalh\u00e3o que garanta qualidade e pre\u00e7o justo? Neste guia, voc\u00ea encontrar\u00e1 informa\u00e7\u00f5es completas sobre as melhores op\u00e7\u00f5es de compra desse material, com foco&hellip;&nbsp;<a href=\"https:\/\/grupobraco.com.br\/conteudo\/descubra-onde-comprar-vergalhao-com-seguranca-e-qualidade\/\" class=\"\" rel=\"bookmark\">Continue a ler &raquo;<span class=\"screen-reader-text\">Descubra Onde Comprar Vergalh\u00e3o com Seguran\u00e7a e Qualidade<\/span><\/a><\/p>\n","protected":false},"author":3,"featured_media":0,"parent":0,"menu_order":0,"comment_status":"closed","ping_status":"closed","template":"","meta":{"_acf_changed":false,"_yoast_wpseo_focuskw":"onde comprar vergalh\u00e3o","_yoast_wpseo_title":"Onde Comprar Vergalh\u00e3o: Qualidade e Confiabilidade na BR A\u00e7o","_yoast_wpseo_metadesc":"Encontre o melhor lugar para comprar vergalh\u00e3o com qualidade e confian\u00e7a na BR A\u00e7o. Descubra as melhores op\u00e7\u00f5es e dicas para sua constru\u00e7\u00e3o.","neve_meta_sidebar":"","neve_meta_container":"","neve_meta_enable_content_width":"","neve_meta_content_width":0,"neve_meta_title_alignment":"","neve_meta_author_avatar":"","neve_post_elements_order":"","neve_meta_disable_header":"","neve_meta_disable_footer":"","neve_meta_disable_title":"","footnotes":""},"class_list":["post-5729","page","type-page","status-publish","hentry"],"acf":{"introducao":"","conceitos_fundamentais":"","como_funciona":"","como_aplicar_no_dia_a_dia":"","principais_utilizacoes_e_beneficios":"","tipos_e_classificacoes":"","tecnologias_e_ferramentas_relacionadas":"","exemplos_e_casos_de_sucesso":"","mitos_e_verdades":"","perguntas_frequentes_faq":"","erros_comuns_e_como_evita-los":"","futuro_e_tendencias":"","conclusao":"","bloco1title":"Qualidade Superior","bloco1text":"Na BR A\u00e7o, oferecemos vergalh\u00f5es de qualidade superior, garantindo a resist\u00eancia necess\u00e1ria \u00e0s suas estruturas.","bloco2title":"Entrega \u00c1gil","bloco2text":"Comprometidos com a agilidade, garantimos uma entrega r\u00e1pida e pontual de vergalh\u00f5es, respeitando os prazos do cliente.","bloco3title":"O Melhor Pre\u00e7o","bloco3text":"Oferecemos pre\u00e7os competitivos em vergalh\u00f5es, garantindo que a qualidade n\u00e3o comprometa o seu or\u00e7amento.","insightwidtitle":"Curiosidades sobre o Vergalh\u00e3o","insightwidcontent":"Sabia que o uso de vergalh\u00f5es na constru\u00e7\u00e3o civil remonta \u00e0 antiguidade? Estruturas no Egito Antigo j\u00e1 eram refor\u00e7adas com elementos de ferro. Hoje, os vergalh\u00f5es modernos, feitos de a\u00e7o com propriedades espec\u00edficas, aumentam significativamente a seguran\u00e7a e a durabilidade das edifica\u00e7\u00f5es, tornando-se indispens\u00e1veis na constru\u00e7\u00e3o civil atual."},"yoast_head":"<!-- This site is optimized with the Yoast SEO plugin v23.4 - https:\/\/yoast.com\/wordpress\/plugins\/seo\/ -->\n<title>Onde Comprar Vergalh\u00e3o: Qualidade e Confiabilidade na BR A\u00e7o<\/title>\n<meta name=\"description\" content=\"Encontre o melhor lugar para comprar vergalh\u00e3o com qualidade e confian\u00e7a na BR A\u00e7o. Descubra as melhores op\u00e7\u00f5es e dicas para sua constru\u00e7\u00e3o.\" \/>\n<meta name=\"robots\" content=\"index, follow, max-snippet:-1, max-image-preview:large, max-video-preview:-1\" \/>\n<link rel=\"canonical\" href=\"https:\/\/grupobraco.com.br\/conteudo\/descubra-onde-comprar-vergalhao-com-seguranca-e-qualidade\/\" \/>\n<meta property=\"og:locale\" content=\"pt_BR\" \/>\n<meta property=\"og:type\" content=\"article\" \/>\n<meta property=\"og:title\" content=\"Onde Comprar Vergalh\u00e3o: Qualidade e Confiabilidade na BR A\u00e7o\" \/>\n<meta property=\"og:description\" content=\"Encontre o melhor lugar para comprar vergalh\u00e3o com qualidade e confian\u00e7a na BR A\u00e7o. Descubra as melhores op\u00e7\u00f5es e dicas para sua constru\u00e7\u00e3o.\" \/>\n<meta property=\"og:url\" content=\"https:\/\/grupobraco.com.br\/conteudo\/descubra-onde-comprar-vergalhao-com-seguranca-e-qualidade\/\" \/>\n<meta property=\"og:site_name\" content=\"Br A\u00e7o\" \/>\n<meta name=\"twitter:card\" content=\"summary_large_image\" \/>\n<meta name=\"twitter:label1\" content=\"Est. tempo de leitura\" \/>\n\t<meta name=\"twitter:data1\" content=\"1 minuto\" \/>\n<script type=\"application\/ld+json\" class=\"yoast-schema-graph\">{\"@context\":\"https:\/\/schema.org\",\"@graph\":[{\"@type\":\"WebPage\",\"@id\":\"https:\/\/grupobraco.com.br\/conteudo\/descubra-onde-comprar-vergalhao-com-seguranca-e-qualidade\/\",\"url\":\"https:\/\/grupobraco.com.br\/conteudo\/descubra-onde-comprar-vergalhao-com-seguranca-e-qualidade\/\",\"name\":\"Onde Comprar Vergalh\u00e3o: Qualidade e Confiabilidade na BR A\u00e7o\",\"isPartOf\":{\"@id\":\"https:\/\/grupobraco.com.br\/conteudo\/#website\"},\"datePublished\":\"2025-04-20T23:45:51+00:00\",\"dateModified\":\"2025-04-20T23:45:51+00:00\",\"description\":\"Encontre o melhor lugar para comprar vergalh\u00e3o com qualidade e confian\u00e7a na BR A\u00e7o. Descubra as melhores op\u00e7\u00f5es e dicas para sua constru\u00e7\u00e3o.\",\"breadcrumb\":{\"@id\":\"https:\/\/grupobraco.com.br\/conteudo\/descubra-onde-comprar-vergalhao-com-seguranca-e-qualidade\/#breadcrumb\"},\"inLanguage\":\"pt-BR\",\"potentialAction\":[{\"@type\":\"ReadAction\",\"target\":[\"https:\/\/grupobraco.com.br\/conteudo\/descubra-onde-comprar-vergalhao-com-seguranca-e-qualidade\/\"]}]},{\"@type\":\"BreadcrumbList\",\"@id\":\"https:\/\/grupobraco.com.br\/conteudo\/descubra-onde-comprar-vergalhao-com-seguranca-e-qualidade\/#breadcrumb\",\"itemListElement\":[{\"@type\":\"ListItem\",\"position\":1,\"name\":\"Home\",\"item\":\"https:\/\/grupobraco.com.br\/conteudo\/\"},{\"@type\":\"ListItem\",\"position\":2,\"name\":\"Descubra Onde Comprar Vergalh\u00e3o com Seguran\u00e7a e Qualidade\"}]},{\"@type\":\"WebSite\",\"@id\":\"https:\/\/grupobraco.com.br\/conteudo\/#website\",\"url\":\"https:\/\/grupobraco.com.br\/conteudo\/\",\"name\":\"Br A\u00e7o\",\"description\":\"Seus projetos na velocidade m\u00e1xima\",\"publisher\":{\"@id\":\"https:\/\/grupobraco.com.br\/conteudo\/#organization\"},\"potentialAction\":[{\"@type\":\"SearchAction\",\"target\":{\"@type\":\"EntryPoint\",\"urlTemplate\":\"https:\/\/grupobraco.com.br\/conteudo\/?s={search_term_string}\"},\"query-input\":{\"@type\":\"PropertyValueSpecification\",\"valueRequired\":true,\"valueName\":\"search_term_string\"}}],\"inLanguage\":\"pt-BR\"},{\"@type\":\"Organization\",\"@id\":\"https:\/\/grupobraco.com.br\/conteudo\/#organization\",\"name\":\"Br A\u00e7o\",\"url\":\"https:\/\/grupobraco.com.br\/conteudo\/\",\"logo\":{\"@type\":\"ImageObject\",\"inLanguage\":\"pt-BR\",\"@id\":\"https:\/\/grupobraco.com.br\/conteudo\/#\/schema\/logo\/image\/\",\"url\":\"https:\/\/grupobraco.com.br\/conteudo\/wp-content\/uploads\/2025\/04\/Z340-Logotipia-Reestruturacao-do-Branding.png\",\"contentUrl\":\"https:\/\/grupobraco.com.br\/conteudo\/wp-content\/uploads\/2025\/04\/Z340-Logotipia-Reestruturacao-do-Branding.png\",\"width\":1530,\"height\":1080,\"caption\":\"Br A\u00e7o\"},\"image\":{\"@id\":\"https:\/\/grupobraco.com.br\/conteudo\/#\/schema\/logo\/image\/\"}}]}<\/script>\n<!-- \/ Yoast SEO plugin. -->","yoast_head_json":{"title":"Onde Comprar Vergalh\u00e3o: Qualidade e Confiabilidade na BR A\u00e7o","description":"Encontre o melhor lugar para comprar vergalh\u00e3o com qualidade e confian\u00e7a na BR A\u00e7o. Descubra as melhores op\u00e7\u00f5es e dicas para sua constru\u00e7\u00e3o.","robots":{"index":"index","follow":"follow","max-snippet":"max-snippet:-1","max-image-preview":"max-image-preview:large","max-video-preview":"max-video-preview:-1"},"canonical":"https:\/\/grupobraco.com.br\/conteudo\/descubra-onde-comprar-vergalhao-com-seguranca-e-qualidade\/","og_locale":"pt_BR","og_type":"article","og_title":"Onde Comprar Vergalh\u00e3o: Qualidade e Confiabilidade na BR A\u00e7o","og_description":"Encontre o melhor lugar para comprar vergalh\u00e3o com qualidade e confian\u00e7a na BR A\u00e7o. Descubra as melhores op\u00e7\u00f5es e dicas para sua constru\u00e7\u00e3o.","og_url":"https:\/\/grupobraco.com.br\/conteudo\/descubra-onde-comprar-vergalhao-com-seguranca-e-qualidade\/","og_site_name":"Br A\u00e7o","twitter_card":"summary_large_image","twitter_misc":{"Est. tempo de leitura":"1 minuto"},"schema":{"@context":"https:\/\/schema.org","@graph":[{"@type":"WebPage","@id":"https:\/\/grupobraco.com.br\/conteudo\/descubra-onde-comprar-vergalhao-com-seguranca-e-qualidade\/","url":"https:\/\/grupobraco.com.br\/conteudo\/descubra-onde-comprar-vergalhao-com-seguranca-e-qualidade\/","name":"Onde Comprar Vergalh\u00e3o: Qualidade e Confiabilidade na BR A\u00e7o","isPartOf":{"@id":"https:\/\/grupobraco.com.br\/conteudo\/#website"},"datePublished":"2025-04-20T23:45:51+00:00","dateModified":"2025-04-20T23:45:51+00:00","description":"Encontre o melhor lugar para comprar vergalh\u00e3o com qualidade e confian\u00e7a na BR A\u00e7o. Descubra as melhores op\u00e7\u00f5es e dicas para sua constru\u00e7\u00e3o.","breadcrumb":{"@id":"https:\/\/grupobraco.com.br\/conteudo\/descubra-onde-comprar-vergalhao-com-seguranca-e-qualidade\/#breadcrumb"},"inLanguage":"pt-BR","potentialAction":[{"@type":"ReadAction","target":["https:\/\/grupobraco.com.br\/conteudo\/descubra-onde-comprar-vergalhao-com-seguranca-e-qualidade\/"]}]},{"@type":"BreadcrumbList","@id":"https:\/\/grupobraco.com.br\/conteudo\/descubra-onde-comprar-vergalhao-com-seguranca-e-qualidade\/#breadcrumb","itemListElement":[{"@type":"ListItem","position":1,"name":"Home","item":"https:\/\/grupobraco.com.br\/conteudo\/"},{"@type":"ListItem","position":2,"name":"Descubra Onde Comprar Vergalh\u00e3o com Seguran\u00e7a e Qualidade"}]},{"@type":"WebSite","@id":"https:\/\/grupobraco.com.br\/conteudo\/#website","url":"https:\/\/grupobraco.com.br\/conteudo\/","name":"Br A\u00e7o","description":"Seus projetos na velocidade m\u00e1xima","publisher":{"@id":"https:\/\/grupobraco.com.br\/conteudo\/#organization"},"potentialAction":[{"@type":"SearchAction","target":{"@type":"EntryPoint","urlTemplate":"https:\/\/grupobraco.com.br\/conteudo\/?s={search_term_string}"},"query-input":{"@type":"PropertyValueSpecification","valueRequired":true,"valueName":"search_term_string"}}],"inLanguage":"pt-BR"},{"@type":"Organization","@id":"https:\/\/grupobraco.com.br\/conteudo\/#organization","name":"Br A\u00e7o","url":"https:\/\/grupobraco.com.br\/conteudo\/","logo":{"@type":"ImageObject","inLanguage":"pt-BR","@id":"https:\/\/grupobraco.com.br\/conteudo\/#\/schema\/logo\/image\/","url":"https:\/\/grupobraco.com.br\/conteudo\/wp-content\/uploads\/2025\/04\/Z340-Logotipia-Reestruturacao-do-Branding.png","contentUrl":"https:\/\/grupobraco.com.br\/conteudo\/wp-content\/uploads\/2025\/04\/Z340-Logotipia-Reestruturacao-do-Branding.png","width":1530,"height":1080,"caption":"Br A\u00e7o"},"image":{"@id":"https:\/\/grupobraco.com.br\/conteudo\/#\/schema\/logo\/image\/"}}]}},"_links":{"self":[{"href":"https:\/\/grupobraco.com.br\/conteudo\/wp-json\/wp\/v2\/pages\/5729","targetHints":{"allow":["GET"]}}],"collection":[{"href":"https:\/\/grupobraco.com.br\/conteudo\/wp-json\/wp\/v2\/pages"}],"about":[{"href":"https:\/\/grupobraco.com.br\/conteudo\/wp-json\/wp\/v2\/types\/page"}],"author":[{"embeddable":true,"href":"https:\/\/grupobraco.com.br\/conteudo\/wp-json\/wp\/v2\/users\/3"}],"replies":[{"embeddable":true,"href":"https:\/\/grupobraco.com.br\/conteudo\/wp-json\/wp\/v2\/comments?post=5729"}],"version-history":[{"count":0,"href":"https:\/\/grupobraco.com.br\/conteudo\/wp-json\/wp\/v2\/pages\/5729\/revisions"}],"wp:attachment":[{"href":"https:\/\/grupobraco.com.br\/conteudo\/wp-json\/wp\/v2\/media?parent=5729"}],"curies":[{"name":"wp","href":"https:\/\/api.w.org\/{rel}","templated":true}]}}