{"id":5724,"date":"2025-04-20T23:00:49","date_gmt":"2025-04-20T23:00:49","guid":{"rendered":"https:\/\/grupobraco.com.br\/conteudo\/onde-comprar-vergalhao-em-trindade-a-solucao-que-voce-precisa\/"},"modified":"2025-04-20T23:00:49","modified_gmt":"2025-04-20T23:00:49","slug":"onde-comprar-vergalhao-em-trindade-a-solucao-que-voce-precisa","status":"publish","type":"page","link":"https:\/\/grupobraco.com.br\/conteudo\/onde-comprar-vergalhao-em-trindade-a-solucao-que-voce-precisa\/","title":{"rendered":"Onde Comprar Vergalh\u00e3o em Trindade: A Solu\u00e7\u00e3o que Voc\u00ea Precisa"},"content":{"rendered":"<p>Se voc\u00ea est\u00e1 em busca de onde comprar vergalh\u00e3o em Trindade, est\u00e1 no lugar certo. O vergalh\u00e3o \u00e9 um dos principais componentes utilizados em constru\u00e7\u00f5es civis, sendo essencial para garantir a estrutura e a durabilidade das obras. Na regi\u00e3o de Trindade, a demanda por materiais de constru\u00e7\u00e3o de qualidade cresce a cada dia, e a BR A\u00e7o se destaca como a melhor op\u00e7\u00e3o para atender essa necessidade. Atendemos \u00e0s necessidades de pequenas e grandes obras, sempre focando na qualidade dos nossos produtos, na rapidez da entrega e no excelente atendimento ao cliente. Nossos vergalh\u00f5es passam por rigorosos testes de qualidade, assegurando que voc\u00ea esteja adquirindo um produto confi\u00e1vel para seus projetos. Ent\u00e3o, onde comprar vergalh\u00e3o em Trindade? Na nossa loja, voc\u00ea tem acesso a uma variedade de produtos que atendem a diferentes especifica\u00e7\u00f5es e necessidades. Al\u00e9m disso, oferecemos um suporte t\u00e9cnico especializado para ajud\u00e1-lo a escolher o material mais adequado para sua obra. Em um mercado competitivo, contar com um fornecedor de confian\u00e7a faz toda a diferen\u00e7a, e a BR A\u00e7o se orgulha de ser a escolha preferida de muitas construtoras e profissionais aut\u00f4nomos na regi\u00e3o. Com nossa experi\u00eancia e autoridade no setor, garantimos que voc\u00ea far\u00e1 uma compra segura e eficaz.<\/p>\n","protected":false},"excerpt":{"rendered":"<p>Se voc\u00ea est\u00e1 em busca de onde comprar vergalh\u00e3o em Trindade, est\u00e1 no lugar certo. O vergalh\u00e3o \u00e9 um dos principais componentes utilizados em constru\u00e7\u00f5es civis, sendo essencial para garantir a estrutura e a durabilidade das obras. Na regi\u00e3o de Trindade, a demanda por materiais de constru\u00e7\u00e3o de qualidade cresce a cada dia, e a&hellip;&nbsp;<a href=\"https:\/\/grupobraco.com.br\/conteudo\/onde-comprar-vergalhao-em-trindade-a-solucao-que-voce-precisa\/\" class=\"\" rel=\"bookmark\">Continue a ler &raquo;<span class=\"screen-reader-text\">Onde Comprar Vergalh\u00e3o em Trindade: A Solu\u00e7\u00e3o que Voc\u00ea Precisa<\/span><\/a><\/p>\n","protected":false},"author":3,"featured_media":0,"parent":0,"menu_order":0,"comment_status":"closed","ping_status":"closed","template":"","meta":{"_acf_changed":false,"_yoast_wpseo_focuskw":"onde comprar vergalh\u00e3o em Trindade","_yoast_wpseo_title":"Onde Comprar Vergalh\u00e3o em Trindade - BR A\u00e7o \u00e9 a Melhor Op\u00e7\u00e3o","_yoast_wpseo_metadesc":"Descubra onde comprar vergalh\u00e3o em Trindade com qualidade e rapidez. A BR A\u00e7o \u00e9 a sua melhor op\u00e7\u00e3o para materiais de constru\u00e7\u00e3o.","neve_meta_sidebar":"","neve_meta_container":"","neve_meta_enable_content_width":"","neve_meta_content_width":0,"neve_meta_title_alignment":"","neve_meta_author_avatar":"","neve_post_elements_order":"","neve_meta_disable_header":"","neve_meta_disable_footer":"","neve_meta_disable_title":"","footnotes":""},"class_list":["post-5724","page","type-page","status-publish","hentry"],"acf":{"introducao":"","conceitos_fundamentais":"","como_funciona":"","como_aplicar_no_dia_a_dia":"","principais_utilizacoes_e_beneficios":"","tipos_e_classificacoes":"","tecnologias_e_ferramentas_relacionadas":"","exemplos_e_casos_de_sucesso":"","mitos_e_verdades":"","perguntas_frequentes_faq":"","erros_comuns_e_como_evita-los":"","futuro_e_tendencias":"","conclusao":"","bloco1title":"Qualidade Garantida","bloco1text":"Na BR A\u00e7o, o vergalh\u00e3o \u00e9 sempre de alta qualidade, atendendo padr\u00f5es rigorosos e normas t\u00e9cnicas do setor.","bloco2title":"Entrega R\u00e1pida","bloco2text":"Nosso compromisso \u00e9 entregar rapidamente, garantindo que sua obra n\u00e3o sofra atrasos por falta de material.","bloco3title":"A Import\u00e2ncia do Vergalh\u00e3o","bloco3text":"O vergalh\u00e3o \u00e9 essencial em qualquer constru\u00e7\u00e3o, pois fornece a resist\u00eancia necess\u00e1ria para suportar cargas e tens\u00f5es.","insightwidtitle":"Curiosidades sobre Vergalh\u00e3o","insightwidcontent":"Voc\u00ea sabia que o uso de vergalh\u00e3o data desde a antiguidade? Estruturas de grandes constru\u00e7\u00f5es, como o Coliseu, utilizavam formas rudimentares de refor\u00e7o. Hoje, o vergalh\u00e3o \u00e9 essencial na constru\u00e7\u00e3o civil moderna, proporcionando resist\u00eancia e seguran\u00e7a aos projetos. A escolha de um bom fornecedor, como a BR A\u00e7o, \u00e9 fundamental para garantir que esse material atenda \u00e0s normas de seguran\u00e7a exigidas pela engenharia atual."},"yoast_head":"<!-- This site is optimized with the Yoast SEO plugin v23.4 - https:\/\/yoast.com\/wordpress\/plugins\/seo\/ -->\n<title>Onde Comprar Vergalh\u00e3o em Trindade - BR A\u00e7o \u00e9 a Melhor Op\u00e7\u00e3o<\/title>\n<meta name=\"description\" content=\"Descubra onde comprar vergalh\u00e3o em Trindade com qualidade e rapidez. A BR A\u00e7o \u00e9 a sua melhor op\u00e7\u00e3o para materiais de constru\u00e7\u00e3o.\" \/>\n<meta name=\"robots\" content=\"index, follow, max-snippet:-1, max-image-preview:large, max-video-preview:-1\" \/>\n<link rel=\"canonical\" href=\"https:\/\/grupobraco.com.br\/conteudo\/onde-comprar-vergalhao-em-trindade-a-solucao-que-voce-precisa\/\" \/>\n<meta property=\"og:locale\" content=\"pt_BR\" \/>\n<meta property=\"og:type\" content=\"article\" \/>\n<meta property=\"og:title\" content=\"Onde Comprar Vergalh\u00e3o em Trindade - BR A\u00e7o \u00e9 a Melhor Op\u00e7\u00e3o\" \/>\n<meta property=\"og:description\" content=\"Descubra onde comprar vergalh\u00e3o em Trindade com qualidade e rapidez. A BR A\u00e7o \u00e9 a sua melhor op\u00e7\u00e3o para materiais de constru\u00e7\u00e3o.\" \/>\n<meta property=\"og:url\" content=\"https:\/\/grupobraco.com.br\/conteudo\/onde-comprar-vergalhao-em-trindade-a-solucao-que-voce-precisa\/\" \/>\n<meta property=\"og:site_name\" content=\"Br A\u00e7o\" \/>\n<meta name=\"twitter:card\" content=\"summary_large_image\" \/>\n<meta name=\"twitter:label1\" content=\"Est. tempo de leitura\" \/>\n\t<meta name=\"twitter:data1\" content=\"1 minuto\" \/>\n<script type=\"application\/ld+json\" class=\"yoast-schema-graph\">{\"@context\":\"https:\/\/schema.org\",\"@graph\":[{\"@type\":\"WebPage\",\"@id\":\"https:\/\/grupobraco.com.br\/conteudo\/onde-comprar-vergalhao-em-trindade-a-solucao-que-voce-precisa\/\",\"url\":\"https:\/\/grupobraco.com.br\/conteudo\/onde-comprar-vergalhao-em-trindade-a-solucao-que-voce-precisa\/\",\"name\":\"Onde Comprar Vergalh\u00e3o em Trindade - BR A\u00e7o \u00e9 a Melhor Op\u00e7\u00e3o\",\"isPartOf\":{\"@id\":\"https:\/\/grupobraco.com.br\/conteudo\/#website\"},\"datePublished\":\"2025-04-20T23:00:49+00:00\",\"dateModified\":\"2025-04-20T23:00:49+00:00\",\"description\":\"Descubra onde comprar vergalh\u00e3o em Trindade com qualidade e rapidez. A BR A\u00e7o \u00e9 a sua melhor op\u00e7\u00e3o para materiais de constru\u00e7\u00e3o.\",\"breadcrumb\":{\"@id\":\"https:\/\/grupobraco.com.br\/conteudo\/onde-comprar-vergalhao-em-trindade-a-solucao-que-voce-precisa\/#breadcrumb\"},\"inLanguage\":\"pt-BR\",\"potentialAction\":[{\"@type\":\"ReadAction\",\"target\":[\"https:\/\/grupobraco.com.br\/conteudo\/onde-comprar-vergalhao-em-trindade-a-solucao-que-voce-precisa\/\"]}]},{\"@type\":\"BreadcrumbList\",\"@id\":\"https:\/\/grupobraco.com.br\/conteudo\/onde-comprar-vergalhao-em-trindade-a-solucao-que-voce-precisa\/#breadcrumb\",\"itemListElement\":[{\"@type\":\"ListItem\",\"position\":1,\"name\":\"Home\",\"item\":\"https:\/\/grupobraco.com.br\/conteudo\/\"},{\"@type\":\"ListItem\",\"position\":2,\"name\":\"Onde Comprar Vergalh\u00e3o em Trindade: A Solu\u00e7\u00e3o que Voc\u00ea Precisa\"}]},{\"@type\":\"WebSite\",\"@id\":\"https:\/\/grupobraco.com.br\/conteudo\/#website\",\"url\":\"https:\/\/grupobraco.com.br\/conteudo\/\",\"name\":\"Br A\u00e7o\",\"description\":\"Seus projetos na velocidade m\u00e1xima\",\"publisher\":{\"@id\":\"https:\/\/grupobraco.com.br\/conteudo\/#organization\"},\"potentialAction\":[{\"@type\":\"SearchAction\",\"target\":{\"@type\":\"EntryPoint\",\"urlTemplate\":\"https:\/\/grupobraco.com.br\/conteudo\/?s={search_term_string}\"},\"query-input\":{\"@type\":\"PropertyValueSpecification\",\"valueRequired\":true,\"valueName\":\"search_term_string\"}}],\"inLanguage\":\"pt-BR\"},{\"@type\":\"Organization\",\"@id\":\"https:\/\/grupobraco.com.br\/conteudo\/#organization\",\"name\":\"Br A\u00e7o\",\"url\":\"https:\/\/grupobraco.com.br\/conteudo\/\",\"logo\":{\"@type\":\"ImageObject\",\"inLanguage\":\"pt-BR\",\"@id\":\"https:\/\/grupobraco.com.br\/conteudo\/#\/schema\/logo\/image\/\",\"url\":\"https:\/\/grupobraco.com.br\/conteudo\/wp-content\/uploads\/2025\/04\/Z340-Logotipia-Reestruturacao-do-Branding.png\",\"contentUrl\":\"https:\/\/grupobraco.com.br\/conteudo\/wp-content\/uploads\/2025\/04\/Z340-Logotipia-Reestruturacao-do-Branding.png\",\"width\":1530,\"height\":1080,\"caption\":\"Br A\u00e7o\"},\"image\":{\"@id\":\"https:\/\/grupobraco.com.br\/conteudo\/#\/schema\/logo\/image\/\"}}]}<\/script>\n<!-- \/ Yoast SEO plugin. -->","yoast_head_json":{"title":"Onde Comprar Vergalh\u00e3o em Trindade - BR A\u00e7o \u00e9 a Melhor Op\u00e7\u00e3o","description":"Descubra onde comprar vergalh\u00e3o em Trindade com qualidade e rapidez. A BR A\u00e7o \u00e9 a sua melhor op\u00e7\u00e3o para materiais de constru\u00e7\u00e3o.","robots":{"index":"index","follow":"follow","max-snippet":"max-snippet:-1","max-image-preview":"max-image-preview:large","max-video-preview":"max-video-preview:-1"},"canonical":"https:\/\/grupobraco.com.br\/conteudo\/onde-comprar-vergalhao-em-trindade-a-solucao-que-voce-precisa\/","og_locale":"pt_BR","og_type":"article","og_title":"Onde Comprar Vergalh\u00e3o em Trindade - BR A\u00e7o \u00e9 a Melhor Op\u00e7\u00e3o","og_description":"Descubra onde comprar vergalh\u00e3o em Trindade com qualidade e rapidez. A BR A\u00e7o \u00e9 a sua melhor op\u00e7\u00e3o para materiais de constru\u00e7\u00e3o.","og_url":"https:\/\/grupobraco.com.br\/conteudo\/onde-comprar-vergalhao-em-trindade-a-solucao-que-voce-precisa\/","og_site_name":"Br A\u00e7o","twitter_card":"summary_large_image","twitter_misc":{"Est. tempo de leitura":"1 minuto"},"schema":{"@context":"https:\/\/schema.org","@graph":[{"@type":"WebPage","@id":"https:\/\/grupobraco.com.br\/conteudo\/onde-comprar-vergalhao-em-trindade-a-solucao-que-voce-precisa\/","url":"https:\/\/grupobraco.com.br\/conteudo\/onde-comprar-vergalhao-em-trindade-a-solucao-que-voce-precisa\/","name":"Onde Comprar Vergalh\u00e3o em Trindade - BR A\u00e7o \u00e9 a Melhor Op\u00e7\u00e3o","isPartOf":{"@id":"https:\/\/grupobraco.com.br\/conteudo\/#website"},"datePublished":"2025-04-20T23:00:49+00:00","dateModified":"2025-04-20T23:00:49+00:00","description":"Descubra onde comprar vergalh\u00e3o em Trindade com qualidade e rapidez. A BR A\u00e7o \u00e9 a sua melhor op\u00e7\u00e3o para materiais de constru\u00e7\u00e3o.","breadcrumb":{"@id":"https:\/\/grupobraco.com.br\/conteudo\/onde-comprar-vergalhao-em-trindade-a-solucao-que-voce-precisa\/#breadcrumb"},"inLanguage":"pt-BR","potentialAction":[{"@type":"ReadAction","target":["https:\/\/grupobraco.com.br\/conteudo\/onde-comprar-vergalhao-em-trindade-a-solucao-que-voce-precisa\/"]}]},{"@type":"BreadcrumbList","@id":"https:\/\/grupobraco.com.br\/conteudo\/onde-comprar-vergalhao-em-trindade-a-solucao-que-voce-precisa\/#breadcrumb","itemListElement":[{"@type":"ListItem","position":1,"name":"Home","item":"https:\/\/grupobraco.com.br\/conteudo\/"},{"@type":"ListItem","position":2,"name":"Onde Comprar Vergalh\u00e3o em Trindade: A Solu\u00e7\u00e3o que Voc\u00ea Precisa"}]},{"@type":"WebSite","@id":"https:\/\/grupobraco.com.br\/conteudo\/#website","url":"https:\/\/grupobraco.com.br\/conteudo\/","name":"Br A\u00e7o","description":"Seus projetos na velocidade m\u00e1xima","publisher":{"@id":"https:\/\/grupobraco.com.br\/conteudo\/#organization"},"potentialAction":[{"@type":"SearchAction","target":{"@type":"EntryPoint","urlTemplate":"https:\/\/grupobraco.com.br\/conteudo\/?s={search_term_string}"},"query-input":{"@type":"PropertyValueSpecification","valueRequired":true,"valueName":"search_term_string"}}],"inLanguage":"pt-BR"},{"@type":"Organization","@id":"https:\/\/grupobraco.com.br\/conteudo\/#organization","name":"Br A\u00e7o","url":"https:\/\/grupobraco.com.br\/conteudo\/","logo":{"@type":"ImageObject","inLanguage":"pt-BR","@id":"https:\/\/grupobraco.com.br\/conteudo\/#\/schema\/logo\/image\/","url":"https:\/\/grupobraco.com.br\/conteudo\/wp-content\/uploads\/2025\/04\/Z340-Logotipia-Reestruturacao-do-Branding.png","contentUrl":"https:\/\/grupobraco.com.br\/conteudo\/wp-content\/uploads\/2025\/04\/Z340-Logotipia-Reestruturacao-do-Branding.png","width":1530,"height":1080,"caption":"Br A\u00e7o"},"image":{"@id":"https:\/\/grupobraco.com.br\/conteudo\/#\/schema\/logo\/image\/"}}]}},"_links":{"self":[{"href":"https:\/\/grupobraco.com.br\/conteudo\/wp-json\/wp\/v2\/pages\/5724","targetHints":{"allow":["GET"]}}],"collection":[{"href":"https:\/\/grupobraco.com.br\/conteudo\/wp-json\/wp\/v2\/pages"}],"about":[{"href":"https:\/\/grupobraco.com.br\/conteudo\/wp-json\/wp\/v2\/types\/page"}],"author":[{"embeddable":true,"href":"https:\/\/grupobraco.com.br\/conteudo\/wp-json\/wp\/v2\/users\/3"}],"replies":[{"embeddable":true,"href":"https:\/\/grupobraco.com.br\/conteudo\/wp-json\/wp\/v2\/comments?post=5724"}],"version-history":[{"count":0,"href":"https:\/\/grupobraco.com.br\/conteudo\/wp-json\/wp\/v2\/pages\/5724\/revisions"}],"wp:attachment":[{"href":"https:\/\/grupobraco.com.br\/conteudo\/wp-json\/wp\/v2\/media?parent=5724"}],"curies":[{"name":"wp","href":"https:\/\/api.w.org\/{rel}","templated":true}]}}