{"id":566,"date":"2025-03-24T13:45:56","date_gmt":"2025-03-24T13:45:56","guid":{"rendered":"https:\/\/grupobraco.com.br\/conteudo\/onde-comprar-vergalhao-em-aparecida-de-goiania-sua-melhor-opcao-e-a-br-aco\/"},"modified":"2025-03-24T13:45:56","modified_gmt":"2025-03-24T13:45:56","slug":"onde-comprar-vergalhao-em-aparecida-de-goiania-sua-melhor-opcao-e-a-br-aco","status":"publish","type":"page","link":"https:\/\/grupobraco.com.br\/conteudo\/onde-comprar-vergalhao-em-aparecida-de-goiania-sua-melhor-opcao-e-a-br-aco\/","title":{"rendered":"Onde Comprar Vergalh\u00e3o em Aparecida de Goi\u00e2nia: Sua Melhor Op\u00e7\u00e3o \u00e9 a BR A\u00e7o"},"content":{"rendered":"<p>Se voc\u00ea est\u00e1 em busca de onde comprar vergalh\u00e3o em Aparecida de Goi\u00e2nia, a BR A\u00e7o se destaca como a melhor op\u00e7\u00e3o do mercado. Com a experi\u00eancia de anos na ind\u00fastria de a\u00e7o e um compromisso inabal\u00e1vel com a qualidade, oferecemos vergalh\u00f5es que atendem \u00e0s normas exigidas em obras de constru\u00e7\u00e3o civil. Com uma equipe especializada e um atendimento personalizado, garantimos que cada cliente encontre exatamente o que precisa. Nossa agilidade na entrega e nosso estoque sempre atualizado fazem da BR A\u00e7o a escolha ideal para quem procura por vergalh\u00e3o em Aparecida de Goi\u00e2nia. Al\u00e9m disso, nossa vis\u00e3o \u00e9 ser mais do que um fornecedor, mas um parceiro no seu projeto. Nossa experi\u00eancia acumulada nos permite orientar nossos clientes na melhor escolha do material a ser utilizado, levando em considera\u00e7\u00e3o as necessidades espec\u00edficas de cada obra. Acreditamos que a qualidade do vergalh\u00e3o influencia diretamente na seguran\u00e7a e durabilidade das constru\u00e7\u00f5es, e por isso, oferecemos apenas os melhores produtos. Se voc\u00ea est\u00e1 em busca de onde comprar vergalh\u00e3o em Aparecida de Goi\u00e2nia, saiba que na BR A\u00e7o voc\u00ea encontrar\u00e1 um compromisso com a seguran\u00e7a e a qualidade acima de tudo. Al\u00e9m disso, nossos pre\u00e7os competitivos e condi\u00e7\u00f5es de pagamento facilitadas s\u00e3o pensados para atender todos os tipos de clientes e or\u00e7amentos. Portanto, esteja certo de que ao escolher a BR A\u00e7o, voc\u00ea n\u00e3o est\u00e1 apenas comprando a\u00e7o, mas investindo na qualidade para sua obra. N\u00e3o deixe de nos visitar ou entrar em contato para saber mais sobre nossos produtos e servi\u00e7os, e descubra a experi\u00eancia de comprar vergalh\u00e3o em Aparecida de Goi\u00e2nia com quem realmente entende do assunto. Nossa entrega r\u00e1pida e eficiente garante que seu material chegue at\u00e9 voc\u00ea dentro do prazo, para que seu projeto n\u00e3o sofra atrasos e possa seguir a todo vapor. Se a d\u00favida permanecer sobre onde comprar vergalh\u00e3o em Aparecida de Goi\u00e2nia, a melhor resposta \u00e9 sempre a BR A\u00e7o. Estamos prontos para atender voc\u00ea neste mercado t\u00e3o exigente e din\u00e2mico, prontos para colaborar na realiza\u00e7\u00e3o dos seus sonhos na constru\u00e7\u00e3o civil. Em resumo, se voc\u00ea procura onde comprar vergalh\u00e3o em Aparecida de Goi\u00e2nia, venha para a BR A\u00e7o e descubra a diferen\u00e7a que a qualidade faz em seu projeto. Nossa miss\u00e3o \u00e9 estar com voc\u00ea em cada etapa, oferecendo suporte e solu\u00e7\u00f5es de alta performance. N\u00e3o hesite, entre em contato e d\u00ea o primeiro passo rumo \u00e0 sua obra com alta qualidade e velocidades de entrega incompar\u00e1veis.<\/p>\n","protected":false},"excerpt":{"rendered":"<p>Se voc\u00ea est\u00e1 em busca de onde comprar vergalh\u00e3o em Aparecida de Goi\u00e2nia, a BR A\u00e7o se destaca como a melhor op\u00e7\u00e3o do mercado. Com a experi\u00eancia de anos na ind\u00fastria de a\u00e7o e um compromisso inabal\u00e1vel com a qualidade, oferecemos vergalh\u00f5es que atendem \u00e0s normas exigidas em obras de constru\u00e7\u00e3o civil. Com uma equipe&hellip;&nbsp;<a href=\"https:\/\/grupobraco.com.br\/conteudo\/onde-comprar-vergalhao-em-aparecida-de-goiania-sua-melhor-opcao-e-a-br-aco\/\" class=\"\" rel=\"bookmark\">Continue a ler &raquo;<span class=\"screen-reader-text\">Onde Comprar Vergalh\u00e3o em Aparecida de Goi\u00e2nia: Sua Melhor Op\u00e7\u00e3o \u00e9 a BR A\u00e7o<\/span><\/a><\/p>\n","protected":false},"author":3,"featured_media":0,"parent":0,"menu_order":0,"comment_status":"closed","ping_status":"closed","template":"","meta":{"_acf_changed":false,"_yoast_wpseo_focuskw":"Onde comprar vergalh\u00e3o em Aparecida de Goi\u00e2nia","_yoast_wpseo_title":"Onde Comprar Vergalh\u00e3o em Aparecida de Goi\u00e2nia com a BR A\u00e7o","_yoast_wpseo_metadesc":"Descubra onde comprar vergalh\u00e3o em Aparecida de Goi\u00e2nia com qualidade e efici\u00eancia. A BR A\u00e7o \u00e9 a sua melhor op\u00e7\u00e3o no mercado.","neve_meta_sidebar":"","neve_meta_container":"","neve_meta_enable_content_width":"","neve_meta_content_width":0,"neve_meta_title_alignment":"","neve_meta_author_avatar":"","neve_post_elements_order":"","neve_meta_disable_header":"","neve_meta_disable_footer":"","neve_meta_disable_title":"","footnotes":""},"class_list":["post-566","page","type-page","status-publish","hentry"],"acf":{"introducao":"","conceitos_fundamentais":"","como_funciona":"","como_aplicar_no_dia_a_dia":"","principais_utilizacoes_e_beneficios":"","tipos_e_classificacoes":"","tecnologias_e_ferramentas_relacionadas":"","exemplos_e_casos_de_sucesso":"","mitos_e_verdades":"","perguntas_frequentes_faq":"","erros_comuns_e_como_evita-los":"","futuro_e_tendencias":"","conclusao":"","bloco1title":"Qualidade Inigual\u00e1vel","bloco1text":"Na BR A\u00e7o, garantimos produtos de vergalh\u00e3o que respeitam as normas t\u00e9cnicas e proporcionam seguran\u00e7a e durabilidade \u00e0s suas constru\u00e7\u00f5es.","bloco2title":"Entrega R\u00e1pida","bloco2text":"Nosso compromisso \u00e9 entregar produtos de qualidade de forma \u00e1gil, evitando atrasos em sua obra.","bloco3title":"Consultoria Especializada","bloco3text":"N\u00f3s oferecemos um atendimento consultivo, ajudando nossos clientes a escolher o melhor vergalh\u00e3o para cada tipo de obra.","insightwidtitle":"Curiosidades sobre Vergalh\u00f5es","insightwidcontent":"Voc\u00ea sabia que o uso adequado de vergalh\u00f5es nas constru\u00e7\u00f5es pode aumentar a resist\u00eancia das estruturas em at\u00e9 80%? Escolher o tipo certo de vergalh\u00e3o, de acordo com a necessidade da obra, \u00e9 crucial para garantir a seguran\u00e7a e durabilidade de edifica\u00e7\u00f5es. Na BR A\u00e7o, orientamos nossos clientes na sele\u00e7\u00e3o adequada do material para potencializar a integridade da obra."},"yoast_head":"<!-- This site is optimized with the Yoast SEO plugin v23.4 - https:\/\/yoast.com\/wordpress\/plugins\/seo\/ -->\n<title>Onde Comprar Vergalh\u00e3o em Aparecida de Goi\u00e2nia com a BR A\u00e7o<\/title>\n<meta name=\"description\" content=\"Descubra onde comprar vergalh\u00e3o em Aparecida de Goi\u00e2nia com qualidade e efici\u00eancia. A BR A\u00e7o \u00e9 a sua melhor op\u00e7\u00e3o no mercado.\" \/>\n<meta name=\"robots\" content=\"index, follow, max-snippet:-1, max-image-preview:large, max-video-preview:-1\" \/>\n<link rel=\"canonical\" href=\"https:\/\/grupobraco.com.br\/conteudo\/onde-comprar-vergalhao-em-aparecida-de-goiania-sua-melhor-opcao-e-a-br-aco\/\" \/>\n<meta property=\"og:locale\" content=\"pt_BR\" \/>\n<meta property=\"og:type\" content=\"article\" \/>\n<meta property=\"og:title\" content=\"Onde Comprar Vergalh\u00e3o em Aparecida de Goi\u00e2nia com a BR A\u00e7o\" \/>\n<meta property=\"og:description\" content=\"Descubra onde comprar vergalh\u00e3o em Aparecida de Goi\u00e2nia com qualidade e efici\u00eancia. A BR A\u00e7o \u00e9 a sua melhor op\u00e7\u00e3o no mercado.\" \/>\n<meta property=\"og:url\" content=\"https:\/\/grupobraco.com.br\/conteudo\/onde-comprar-vergalhao-em-aparecida-de-goiania-sua-melhor-opcao-e-a-br-aco\/\" \/>\n<meta property=\"og:site_name\" content=\"Br A\u00e7o\" \/>\n<meta name=\"twitter:card\" content=\"summary_large_image\" \/>\n<meta name=\"twitter:label1\" content=\"Est. tempo de leitura\" \/>\n\t<meta name=\"twitter:data1\" content=\"2 minutos\" \/>\n<script type=\"application\/ld+json\" class=\"yoast-schema-graph\">{\"@context\":\"https:\/\/schema.org\",\"@graph\":[{\"@type\":\"WebPage\",\"@id\":\"https:\/\/grupobraco.com.br\/conteudo\/onde-comprar-vergalhao-em-aparecida-de-goiania-sua-melhor-opcao-e-a-br-aco\/\",\"url\":\"https:\/\/grupobraco.com.br\/conteudo\/onde-comprar-vergalhao-em-aparecida-de-goiania-sua-melhor-opcao-e-a-br-aco\/\",\"name\":\"Onde Comprar Vergalh\u00e3o em Aparecida de Goi\u00e2nia com a BR A\u00e7o\",\"isPartOf\":{\"@id\":\"https:\/\/grupobraco.com.br\/conteudo\/#website\"},\"datePublished\":\"2025-03-24T13:45:56+00:00\",\"dateModified\":\"2025-03-24T13:45:56+00:00\",\"description\":\"Descubra onde comprar vergalh\u00e3o em Aparecida de Goi\u00e2nia com qualidade e efici\u00eancia. A BR A\u00e7o \u00e9 a sua melhor op\u00e7\u00e3o no mercado.\",\"breadcrumb\":{\"@id\":\"https:\/\/grupobraco.com.br\/conteudo\/onde-comprar-vergalhao-em-aparecida-de-goiania-sua-melhor-opcao-e-a-br-aco\/#breadcrumb\"},\"inLanguage\":\"pt-BR\",\"potentialAction\":[{\"@type\":\"ReadAction\",\"target\":[\"https:\/\/grupobraco.com.br\/conteudo\/onde-comprar-vergalhao-em-aparecida-de-goiania-sua-melhor-opcao-e-a-br-aco\/\"]}]},{\"@type\":\"BreadcrumbList\",\"@id\":\"https:\/\/grupobraco.com.br\/conteudo\/onde-comprar-vergalhao-em-aparecida-de-goiania-sua-melhor-opcao-e-a-br-aco\/#breadcrumb\",\"itemListElement\":[{\"@type\":\"ListItem\",\"position\":1,\"name\":\"Home\",\"item\":\"https:\/\/grupobraco.com.br\/conteudo\/\"},{\"@type\":\"ListItem\",\"position\":2,\"name\":\"Onde Comprar Vergalh\u00e3o em Aparecida de Goi\u00e2nia: Sua Melhor Op\u00e7\u00e3o \u00e9 a BR A\u00e7o\"}]},{\"@type\":\"WebSite\",\"@id\":\"https:\/\/grupobraco.com.br\/conteudo\/#website\",\"url\":\"https:\/\/grupobraco.com.br\/conteudo\/\",\"name\":\"Br A\u00e7o\",\"description\":\"Seus projetos na velocidade m\u00e1xima\",\"publisher\":{\"@id\":\"https:\/\/grupobraco.com.br\/conteudo\/#organization\"},\"potentialAction\":[{\"@type\":\"SearchAction\",\"target\":{\"@type\":\"EntryPoint\",\"urlTemplate\":\"https:\/\/grupobraco.com.br\/conteudo\/?s={search_term_string}\"},\"query-input\":{\"@type\":\"PropertyValueSpecification\",\"valueRequired\":true,\"valueName\":\"search_term_string\"}}],\"inLanguage\":\"pt-BR\"},{\"@type\":\"Organization\",\"@id\":\"https:\/\/grupobraco.com.br\/conteudo\/#organization\",\"name\":\"Br A\u00e7o\",\"url\":\"https:\/\/grupobraco.com.br\/conteudo\/\",\"logo\":{\"@type\":\"ImageObject\",\"inLanguage\":\"pt-BR\",\"@id\":\"https:\/\/grupobraco.com.br\/conteudo\/#\/schema\/logo\/image\/\",\"url\":\"https:\/\/grupobraco.com.br\/conteudo\/wp-content\/uploads\/2025\/04\/Z340-Logotipia-Reestruturacao-do-Branding.png\",\"contentUrl\":\"https:\/\/grupobraco.com.br\/conteudo\/wp-content\/uploads\/2025\/04\/Z340-Logotipia-Reestruturacao-do-Branding.png\",\"width\":1530,\"height\":1080,\"caption\":\"Br A\u00e7o\"},\"image\":{\"@id\":\"https:\/\/grupobraco.com.br\/conteudo\/#\/schema\/logo\/image\/\"}}]}<\/script>\n<!-- \/ Yoast SEO plugin. -->","yoast_head_json":{"title":"Onde Comprar Vergalh\u00e3o em Aparecida de Goi\u00e2nia com a BR A\u00e7o","description":"Descubra onde comprar vergalh\u00e3o em Aparecida de Goi\u00e2nia com qualidade e efici\u00eancia. A BR A\u00e7o \u00e9 a sua melhor op\u00e7\u00e3o no mercado.","robots":{"index":"index","follow":"follow","max-snippet":"max-snippet:-1","max-image-preview":"max-image-preview:large","max-video-preview":"max-video-preview:-1"},"canonical":"https:\/\/grupobraco.com.br\/conteudo\/onde-comprar-vergalhao-em-aparecida-de-goiania-sua-melhor-opcao-e-a-br-aco\/","og_locale":"pt_BR","og_type":"article","og_title":"Onde Comprar Vergalh\u00e3o em Aparecida de Goi\u00e2nia com a BR A\u00e7o","og_description":"Descubra onde comprar vergalh\u00e3o em Aparecida de Goi\u00e2nia com qualidade e efici\u00eancia. A BR A\u00e7o \u00e9 a sua melhor op\u00e7\u00e3o no mercado.","og_url":"https:\/\/grupobraco.com.br\/conteudo\/onde-comprar-vergalhao-em-aparecida-de-goiania-sua-melhor-opcao-e-a-br-aco\/","og_site_name":"Br A\u00e7o","twitter_card":"summary_large_image","twitter_misc":{"Est. tempo de leitura":"2 minutos"},"schema":{"@context":"https:\/\/schema.org","@graph":[{"@type":"WebPage","@id":"https:\/\/grupobraco.com.br\/conteudo\/onde-comprar-vergalhao-em-aparecida-de-goiania-sua-melhor-opcao-e-a-br-aco\/","url":"https:\/\/grupobraco.com.br\/conteudo\/onde-comprar-vergalhao-em-aparecida-de-goiania-sua-melhor-opcao-e-a-br-aco\/","name":"Onde Comprar Vergalh\u00e3o em Aparecida de Goi\u00e2nia com a BR A\u00e7o","isPartOf":{"@id":"https:\/\/grupobraco.com.br\/conteudo\/#website"},"datePublished":"2025-03-24T13:45:56+00:00","dateModified":"2025-03-24T13:45:56+00:00","description":"Descubra onde comprar vergalh\u00e3o em Aparecida de Goi\u00e2nia com qualidade e efici\u00eancia. A BR A\u00e7o \u00e9 a sua melhor op\u00e7\u00e3o no mercado.","breadcrumb":{"@id":"https:\/\/grupobraco.com.br\/conteudo\/onde-comprar-vergalhao-em-aparecida-de-goiania-sua-melhor-opcao-e-a-br-aco\/#breadcrumb"},"inLanguage":"pt-BR","potentialAction":[{"@type":"ReadAction","target":["https:\/\/grupobraco.com.br\/conteudo\/onde-comprar-vergalhao-em-aparecida-de-goiania-sua-melhor-opcao-e-a-br-aco\/"]}]},{"@type":"BreadcrumbList","@id":"https:\/\/grupobraco.com.br\/conteudo\/onde-comprar-vergalhao-em-aparecida-de-goiania-sua-melhor-opcao-e-a-br-aco\/#breadcrumb","itemListElement":[{"@type":"ListItem","position":1,"name":"Home","item":"https:\/\/grupobraco.com.br\/conteudo\/"},{"@type":"ListItem","position":2,"name":"Onde Comprar Vergalh\u00e3o em Aparecida de Goi\u00e2nia: Sua Melhor Op\u00e7\u00e3o \u00e9 a BR A\u00e7o"}]},{"@type":"WebSite","@id":"https:\/\/grupobraco.com.br\/conteudo\/#website","url":"https:\/\/grupobraco.com.br\/conteudo\/","name":"Br A\u00e7o","description":"Seus projetos na velocidade m\u00e1xima","publisher":{"@id":"https:\/\/grupobraco.com.br\/conteudo\/#organization"},"potentialAction":[{"@type":"SearchAction","target":{"@type":"EntryPoint","urlTemplate":"https:\/\/grupobraco.com.br\/conteudo\/?s={search_term_string}"},"query-input":{"@type":"PropertyValueSpecification","valueRequired":true,"valueName":"search_term_string"}}],"inLanguage":"pt-BR"},{"@type":"Organization","@id":"https:\/\/grupobraco.com.br\/conteudo\/#organization","name":"Br A\u00e7o","url":"https:\/\/grupobraco.com.br\/conteudo\/","logo":{"@type":"ImageObject","inLanguage":"pt-BR","@id":"https:\/\/grupobraco.com.br\/conteudo\/#\/schema\/logo\/image\/","url":"https:\/\/grupobraco.com.br\/conteudo\/wp-content\/uploads\/2025\/04\/Z340-Logotipia-Reestruturacao-do-Branding.png","contentUrl":"https:\/\/grupobraco.com.br\/conteudo\/wp-content\/uploads\/2025\/04\/Z340-Logotipia-Reestruturacao-do-Branding.png","width":1530,"height":1080,"caption":"Br A\u00e7o"},"image":{"@id":"https:\/\/grupobraco.com.br\/conteudo\/#\/schema\/logo\/image\/"}}]}},"_links":{"self":[{"href":"https:\/\/grupobraco.com.br\/conteudo\/wp-json\/wp\/v2\/pages\/566","targetHints":{"allow":["GET"]}}],"collection":[{"href":"https:\/\/grupobraco.com.br\/conteudo\/wp-json\/wp\/v2\/pages"}],"about":[{"href":"https:\/\/grupobraco.com.br\/conteudo\/wp-json\/wp\/v2\/types\/page"}],"author":[{"embeddable":true,"href":"https:\/\/grupobraco.com.br\/conteudo\/wp-json\/wp\/v2\/users\/3"}],"replies":[{"embeddable":true,"href":"https:\/\/grupobraco.com.br\/conteudo\/wp-json\/wp\/v2\/comments?post=566"}],"version-history":[{"count":0,"href":"https:\/\/grupobraco.com.br\/conteudo\/wp-json\/wp\/v2\/pages\/566\/revisions"}],"wp:attachment":[{"href":"https:\/\/grupobraco.com.br\/conteudo\/wp-json\/wp\/v2\/media?parent=566"}],"curies":[{"name":"wp","href":"https:\/\/api.w.org\/{rel}","templated":true}]}}