{"id":5569,"date":"2025-04-20T03:45:49","date_gmt":"2025-04-20T03:45:49","guid":{"rendered":"https:\/\/grupobraco.com.br\/conteudo\/vergalhao-direto-da-fabrica-em-anapolis-qualidade-e-velocidade-para-seus-projetos\/"},"modified":"2025-04-20T03:45:49","modified_gmt":"2025-04-20T03:45:49","slug":"vergalhao-direto-da-fabrica-em-anapolis-qualidade-e-velocidade-para-seus-projetos","status":"publish","type":"page","link":"https:\/\/grupobraco.com.br\/conteudo\/vergalhao-direto-da-fabrica-em-anapolis-qualidade-e-velocidade-para-seus-projetos\/","title":{"rendered":"Vergalh\u00e3o Direto da F\u00e1brica em An\u00e1polis: Qualidade e Velocidade para Seus Projetos"},"content":{"rendered":"<p>Se voc\u00ea busca qualidade e efici\u00eancia em vergalh\u00f5es, n\u00e3o precisa mais procurar. A BR A\u00e7o, com sua localiza\u00e7\u00e3o privilegiada em An\u00e1polis, oferece acesso direto a vergalh\u00f5es de alta qualidade, fabricados com os mais altos padr\u00f5es de excel\u00eancia. O vergalh\u00e3o direto da f\u00e1brica em An\u00e1polis garante que voc\u00ea receba um produto confi\u00e1vel e pronto para atender \u00e0s exig\u00eancias da constru\u00e7\u00e3o civil. Nossa capacidade produtiva permite atender tanto grandes quanto pequenas obras, assegurando uma entrega pontual que faz toda a diferen\u00e7a. Al\u00e9m disso, a proximidade da f\u00e1brica com os principais centros de distribui\u00e7\u00e3o na regi\u00e3o simplifica a log\u00edstica e reduz o tempo de espera. Com um compromisso s\u00f3lido com a qualidade, cada vergalh\u00e3o que sai da nossa linha de produ\u00e7\u00e3o \u00e9 testado para garantir que voc\u00ea tenha \u00e0 disposi\u00e7\u00e3o uma mat\u00e9ria-prima resistente e dur\u00e1vel. O vergalh\u00e3o direto da f\u00e1brica em An\u00e1polis \u00e9 a escolha inteligente para quem valoriza um investimento seguro e confi\u00e1vel. Experimente e comprove a diferen\u00e7a que nossos produtos podem fazer na sua obra. Na BR A\u00e7o, o nosso foco \u00e9 entregar a melhor experi\u00eancia ao cliente, sempre posicionando sua obra na velocidade m\u00e1xima do desenvolvimento. Nossa equipe est\u00e1 pronta para oferecer suporte e orienta\u00e7\u00f5es, garantindo que voc\u00ea tome as melhores decis\u00f5es e maximize a efici\u00eancia do seu projeto. Afinal, voc\u00ea merece o melhor do segmento.<\/p>\n","protected":false},"excerpt":{"rendered":"<p>Se voc\u00ea busca qualidade e efici\u00eancia em vergalh\u00f5es, n\u00e3o precisa mais procurar. A BR A\u00e7o, com sua localiza\u00e7\u00e3o privilegiada em An\u00e1polis, oferece acesso direto a vergalh\u00f5es de alta qualidade, fabricados com os mais altos padr\u00f5es de excel\u00eancia. O vergalh\u00e3o direto da f\u00e1brica em An\u00e1polis garante que voc\u00ea receba um produto confi\u00e1vel e pronto para atender&hellip;&nbsp;<a href=\"https:\/\/grupobraco.com.br\/conteudo\/vergalhao-direto-da-fabrica-em-anapolis-qualidade-e-velocidade-para-seus-projetos\/\" class=\"\" rel=\"bookmark\">Continue a ler &raquo;<span class=\"screen-reader-text\">Vergalh\u00e3o Direto da F\u00e1brica em An\u00e1polis: Qualidade e Velocidade para Seus Projetos<\/span><\/a><\/p>\n","protected":false},"author":3,"featured_media":0,"parent":0,"menu_order":0,"comment_status":"closed","ping_status":"closed","template":"","meta":{"_acf_changed":false,"_yoast_wpseo_focuskw":"Vergalh\u00e3o direto da f\u00e1brica em An\u00e1polis","_yoast_wpseo_title":"Vergalh\u00e3o Direto da F\u00e1brica em An\u00e1polis: A Qualidade que Seu Projeto Merece","_yoast_wpseo_metadesc":"Conhe\u00e7a o vergalh\u00e3o direto da f\u00e1brica em An\u00e1polis da BR A\u00e7o, com qualidade garantida e entrega r\u00e1pida. Seus projetos na velocidade m\u00e1xima.","neve_meta_sidebar":"","neve_meta_container":"","neve_meta_enable_content_width":"","neve_meta_content_width":0,"neve_meta_title_alignment":"","neve_meta_author_avatar":"","neve_post_elements_order":"","neve_meta_disable_header":"","neve_meta_disable_footer":"","neve_meta_disable_title":"","footnotes":""},"class_list":["post-5569","page","type-page","status-publish","hentry"],"acf":{"introducao":"","conceitos_fundamentais":"","como_funciona":"","como_aplicar_no_dia_a_dia":"","principais_utilizacoes_e_beneficios":"","tipos_e_classificacoes":"","tecnologias_e_ferramentas_relacionadas":"","exemplos_e_casos_de_sucesso":"","mitos_e_verdades":"","perguntas_frequentes_faq":"","erros_comuns_e_como_evita-los":"","futuro_e_tendencias":"","conclusao":"","bloco1title":"Qualidade Garantida","bloco1text":"Os vergalh\u00f5es da BR A\u00e7o s\u00e3o produzidos com rigorosos padr\u00f5es de qualidade para garantir seguran\u00e7a e durabilidade na sua obra.","bloco2title":"Entrega R\u00e1pida","bloco2text":"Com a BR A\u00e7o, voc\u00ea garante entrega r\u00e1pida de vergalh\u00f5es, essencial para manter seu projeto no cronograma.","bloco3title":"Inova\u00e7\u00e3o e Sustentabilidade","bloco3text":"A BR A\u00e7o investe em tecnologia e pr\u00e1ticas sustent\u00e1veis, o que se reflete na qualidade e efici\u00eancia dos nossos vergalh\u00f5es.","insightwidtitle":"Curiosidades sobre Vergalh\u00e3o","insightwidcontent":"Voc\u00ea sabia que a ado\u00e7\u00e3o de vergalh\u00f5es de alta qualidade pode aumentar a resist\u00eancia do concreto em at\u00e9 30%? A BR A\u00e7o mant\u00e9m essa qualidade em cada produto, garantindo seguran\u00e7a e durabilidade superiores para suas constru\u00e7\u00f5es."},"yoast_head":"<!-- This site is optimized with the Yoast SEO plugin v23.4 - https:\/\/yoast.com\/wordpress\/plugins\/seo\/ -->\n<title>Vergalh\u00e3o Direto da F\u00e1brica em An\u00e1polis: A Qualidade que Seu Projeto Merece<\/title>\n<meta name=\"description\" content=\"Conhe\u00e7a o vergalh\u00e3o direto da f\u00e1brica em An\u00e1polis da BR A\u00e7o, com qualidade garantida e entrega r\u00e1pida. Seus projetos na velocidade m\u00e1xima.\" \/>\n<meta name=\"robots\" content=\"index, follow, max-snippet:-1, max-image-preview:large, max-video-preview:-1\" \/>\n<link rel=\"canonical\" href=\"https:\/\/grupobraco.com.br\/conteudo\/vergalhao-direto-da-fabrica-em-anapolis-qualidade-e-velocidade-para-seus-projetos\/\" \/>\n<meta property=\"og:locale\" content=\"pt_BR\" \/>\n<meta property=\"og:type\" content=\"article\" \/>\n<meta property=\"og:title\" content=\"Vergalh\u00e3o Direto da F\u00e1brica em An\u00e1polis: A Qualidade que Seu Projeto Merece\" \/>\n<meta property=\"og:description\" content=\"Conhe\u00e7a o vergalh\u00e3o direto da f\u00e1brica em An\u00e1polis da BR A\u00e7o, com qualidade garantida e entrega r\u00e1pida. Seus projetos na velocidade m\u00e1xima.\" \/>\n<meta property=\"og:url\" content=\"https:\/\/grupobraco.com.br\/conteudo\/vergalhao-direto-da-fabrica-em-anapolis-qualidade-e-velocidade-para-seus-projetos\/\" \/>\n<meta property=\"og:site_name\" content=\"Br A\u00e7o\" \/>\n<meta name=\"twitter:card\" content=\"summary_large_image\" \/>\n<meta name=\"twitter:label1\" content=\"Est. tempo de leitura\" \/>\n\t<meta name=\"twitter:data1\" content=\"1 minuto\" \/>\n<script type=\"application\/ld+json\" class=\"yoast-schema-graph\">{\"@context\":\"https:\/\/schema.org\",\"@graph\":[{\"@type\":\"WebPage\",\"@id\":\"https:\/\/grupobraco.com.br\/conteudo\/vergalhao-direto-da-fabrica-em-anapolis-qualidade-e-velocidade-para-seus-projetos\/\",\"url\":\"https:\/\/grupobraco.com.br\/conteudo\/vergalhao-direto-da-fabrica-em-anapolis-qualidade-e-velocidade-para-seus-projetos\/\",\"name\":\"Vergalh\u00e3o Direto da F\u00e1brica em An\u00e1polis: A Qualidade que Seu Projeto Merece\",\"isPartOf\":{\"@id\":\"https:\/\/grupobraco.com.br\/conteudo\/#website\"},\"datePublished\":\"2025-04-20T03:45:49+00:00\",\"dateModified\":\"2025-04-20T03:45:49+00:00\",\"description\":\"Conhe\u00e7a o vergalh\u00e3o direto da f\u00e1brica em An\u00e1polis da BR A\u00e7o, com qualidade garantida e entrega r\u00e1pida. Seus projetos na velocidade m\u00e1xima.\",\"breadcrumb\":{\"@id\":\"https:\/\/grupobraco.com.br\/conteudo\/vergalhao-direto-da-fabrica-em-anapolis-qualidade-e-velocidade-para-seus-projetos\/#breadcrumb\"},\"inLanguage\":\"pt-BR\",\"potentialAction\":[{\"@type\":\"ReadAction\",\"target\":[\"https:\/\/grupobraco.com.br\/conteudo\/vergalhao-direto-da-fabrica-em-anapolis-qualidade-e-velocidade-para-seus-projetos\/\"]}]},{\"@type\":\"BreadcrumbList\",\"@id\":\"https:\/\/grupobraco.com.br\/conteudo\/vergalhao-direto-da-fabrica-em-anapolis-qualidade-e-velocidade-para-seus-projetos\/#breadcrumb\",\"itemListElement\":[{\"@type\":\"ListItem\",\"position\":1,\"name\":\"Home\",\"item\":\"https:\/\/grupobraco.com.br\/conteudo\/\"},{\"@type\":\"ListItem\",\"position\":2,\"name\":\"Vergalh\u00e3o Direto da F\u00e1brica em An\u00e1polis: Qualidade e Velocidade para Seus Projetos\"}]},{\"@type\":\"WebSite\",\"@id\":\"https:\/\/grupobraco.com.br\/conteudo\/#website\",\"url\":\"https:\/\/grupobraco.com.br\/conteudo\/\",\"name\":\"Br A\u00e7o\",\"description\":\"Seus projetos na velocidade m\u00e1xima\",\"publisher\":{\"@id\":\"https:\/\/grupobraco.com.br\/conteudo\/#organization\"},\"potentialAction\":[{\"@type\":\"SearchAction\",\"target\":{\"@type\":\"EntryPoint\",\"urlTemplate\":\"https:\/\/grupobraco.com.br\/conteudo\/?s={search_term_string}\"},\"query-input\":{\"@type\":\"PropertyValueSpecification\",\"valueRequired\":true,\"valueName\":\"search_term_string\"}}],\"inLanguage\":\"pt-BR\"},{\"@type\":\"Organization\",\"@id\":\"https:\/\/grupobraco.com.br\/conteudo\/#organization\",\"name\":\"Br A\u00e7o\",\"url\":\"https:\/\/grupobraco.com.br\/conteudo\/\",\"logo\":{\"@type\":\"ImageObject\",\"inLanguage\":\"pt-BR\",\"@id\":\"https:\/\/grupobraco.com.br\/conteudo\/#\/schema\/logo\/image\/\",\"url\":\"https:\/\/grupobraco.com.br\/conteudo\/wp-content\/uploads\/2025\/04\/Z340-Logotipia-Reestruturacao-do-Branding.png\",\"contentUrl\":\"https:\/\/grupobraco.com.br\/conteudo\/wp-content\/uploads\/2025\/04\/Z340-Logotipia-Reestruturacao-do-Branding.png\",\"width\":1530,\"height\":1080,\"caption\":\"Br A\u00e7o\"},\"image\":{\"@id\":\"https:\/\/grupobraco.com.br\/conteudo\/#\/schema\/logo\/image\/\"}}]}<\/script>\n<!-- \/ Yoast SEO plugin. -->","yoast_head_json":{"title":"Vergalh\u00e3o Direto da F\u00e1brica em An\u00e1polis: A Qualidade que Seu Projeto Merece","description":"Conhe\u00e7a o vergalh\u00e3o direto da f\u00e1brica em An\u00e1polis da BR A\u00e7o, com qualidade garantida e entrega r\u00e1pida. Seus projetos na velocidade m\u00e1xima.","robots":{"index":"index","follow":"follow","max-snippet":"max-snippet:-1","max-image-preview":"max-image-preview:large","max-video-preview":"max-video-preview:-1"},"canonical":"https:\/\/grupobraco.com.br\/conteudo\/vergalhao-direto-da-fabrica-em-anapolis-qualidade-e-velocidade-para-seus-projetos\/","og_locale":"pt_BR","og_type":"article","og_title":"Vergalh\u00e3o Direto da F\u00e1brica em An\u00e1polis: A Qualidade que Seu Projeto Merece","og_description":"Conhe\u00e7a o vergalh\u00e3o direto da f\u00e1brica em An\u00e1polis da BR A\u00e7o, com qualidade garantida e entrega r\u00e1pida. Seus projetos na velocidade m\u00e1xima.","og_url":"https:\/\/grupobraco.com.br\/conteudo\/vergalhao-direto-da-fabrica-em-anapolis-qualidade-e-velocidade-para-seus-projetos\/","og_site_name":"Br A\u00e7o","twitter_card":"summary_large_image","twitter_misc":{"Est. tempo de leitura":"1 minuto"},"schema":{"@context":"https:\/\/schema.org","@graph":[{"@type":"WebPage","@id":"https:\/\/grupobraco.com.br\/conteudo\/vergalhao-direto-da-fabrica-em-anapolis-qualidade-e-velocidade-para-seus-projetos\/","url":"https:\/\/grupobraco.com.br\/conteudo\/vergalhao-direto-da-fabrica-em-anapolis-qualidade-e-velocidade-para-seus-projetos\/","name":"Vergalh\u00e3o Direto da F\u00e1brica em An\u00e1polis: A Qualidade que Seu Projeto Merece","isPartOf":{"@id":"https:\/\/grupobraco.com.br\/conteudo\/#website"},"datePublished":"2025-04-20T03:45:49+00:00","dateModified":"2025-04-20T03:45:49+00:00","description":"Conhe\u00e7a o vergalh\u00e3o direto da f\u00e1brica em An\u00e1polis da BR A\u00e7o, com qualidade garantida e entrega r\u00e1pida. Seus projetos na velocidade m\u00e1xima.","breadcrumb":{"@id":"https:\/\/grupobraco.com.br\/conteudo\/vergalhao-direto-da-fabrica-em-anapolis-qualidade-e-velocidade-para-seus-projetos\/#breadcrumb"},"inLanguage":"pt-BR","potentialAction":[{"@type":"ReadAction","target":["https:\/\/grupobraco.com.br\/conteudo\/vergalhao-direto-da-fabrica-em-anapolis-qualidade-e-velocidade-para-seus-projetos\/"]}]},{"@type":"BreadcrumbList","@id":"https:\/\/grupobraco.com.br\/conteudo\/vergalhao-direto-da-fabrica-em-anapolis-qualidade-e-velocidade-para-seus-projetos\/#breadcrumb","itemListElement":[{"@type":"ListItem","position":1,"name":"Home","item":"https:\/\/grupobraco.com.br\/conteudo\/"},{"@type":"ListItem","position":2,"name":"Vergalh\u00e3o Direto da F\u00e1brica em An\u00e1polis: Qualidade e Velocidade para Seus Projetos"}]},{"@type":"WebSite","@id":"https:\/\/grupobraco.com.br\/conteudo\/#website","url":"https:\/\/grupobraco.com.br\/conteudo\/","name":"Br A\u00e7o","description":"Seus projetos na velocidade m\u00e1xima","publisher":{"@id":"https:\/\/grupobraco.com.br\/conteudo\/#organization"},"potentialAction":[{"@type":"SearchAction","target":{"@type":"EntryPoint","urlTemplate":"https:\/\/grupobraco.com.br\/conteudo\/?s={search_term_string}"},"query-input":{"@type":"PropertyValueSpecification","valueRequired":true,"valueName":"search_term_string"}}],"inLanguage":"pt-BR"},{"@type":"Organization","@id":"https:\/\/grupobraco.com.br\/conteudo\/#organization","name":"Br A\u00e7o","url":"https:\/\/grupobraco.com.br\/conteudo\/","logo":{"@type":"ImageObject","inLanguage":"pt-BR","@id":"https:\/\/grupobraco.com.br\/conteudo\/#\/schema\/logo\/image\/","url":"https:\/\/grupobraco.com.br\/conteudo\/wp-content\/uploads\/2025\/04\/Z340-Logotipia-Reestruturacao-do-Branding.png","contentUrl":"https:\/\/grupobraco.com.br\/conteudo\/wp-content\/uploads\/2025\/04\/Z340-Logotipia-Reestruturacao-do-Branding.png","width":1530,"height":1080,"caption":"Br A\u00e7o"},"image":{"@id":"https:\/\/grupobraco.com.br\/conteudo\/#\/schema\/logo\/image\/"}}]}},"_links":{"self":[{"href":"https:\/\/grupobraco.com.br\/conteudo\/wp-json\/wp\/v2\/pages\/5569","targetHints":{"allow":["GET"]}}],"collection":[{"href":"https:\/\/grupobraco.com.br\/conteudo\/wp-json\/wp\/v2\/pages"}],"about":[{"href":"https:\/\/grupobraco.com.br\/conteudo\/wp-json\/wp\/v2\/types\/page"}],"author":[{"embeddable":true,"href":"https:\/\/grupobraco.com.br\/conteudo\/wp-json\/wp\/v2\/users\/3"}],"replies":[{"embeddable":true,"href":"https:\/\/grupobraco.com.br\/conteudo\/wp-json\/wp\/v2\/comments?post=5569"}],"version-history":[{"count":0,"href":"https:\/\/grupobraco.com.br\/conteudo\/wp-json\/wp\/v2\/pages\/5569\/revisions"}],"wp:attachment":[{"href":"https:\/\/grupobraco.com.br\/conteudo\/wp-json\/wp\/v2\/media?parent=5569"}],"curies":[{"name":"wp","href":"https:\/\/api.w.org\/{rel}","templated":true}]}}