{"id":5524,"date":"2025-04-19T22:00:51","date_gmt":"2025-04-19T22:00:51","guid":{"rendered":"https:\/\/grupobraco.com.br\/conteudo\/descubra-a-br-aco-a-fabrica-de-vergalhao-em-aparecida-de-goiania-que-revoluciona-a-construcao-civil\/"},"modified":"2025-04-19T22:00:51","modified_gmt":"2025-04-19T22:00:51","slug":"descubra-a-br-aco-a-fabrica-de-vergalhao-em-aparecida-de-goiania-que-revoluciona-a-construcao-civil","status":"publish","type":"page","link":"https:\/\/grupobraco.com.br\/conteudo\/descubra-a-br-aco-a-fabrica-de-vergalhao-em-aparecida-de-goiania-que-revoluciona-a-construcao-civil\/","title":{"rendered":"Descubra a BR A\u00e7o: A F\u00e1brica de Vergalh\u00e3o em Aparecida de Goi\u00e2nia que Revoluciona a Constru\u00e7\u00e3o Civil"},"content":{"rendered":"<p>A BR A\u00e7o se destaca como uma das principais f\u00e1bricas de vergalh\u00e3o em Aparecida de Goi\u00e2nia, estabelecendo um padr\u00e3o de qualidade e efici\u00eancia que se reflete em cada um de seus produtos. Com uma linha de produ\u00e7\u00e3o moderna e equipada com tecnologia de ponta, a BR A\u00e7o garante que seus vergalh\u00f5es atendam \u00e0s exig\u00eancias mais rigorosas do setor da constru\u00e7\u00e3o civil. Al\u00e9m da qualidade superior, a empresa oferece agilidade na entrega, assegurando que seus clientes recebam os materiais necess\u00e1rios para a execu\u00e7\u00e3o de projetos de forma r\u00e1pida e eficiente. Isso se torna um diferencial essencial em um setor onde o tempo \u00e9 um fator cr\u00edtico. Ao escolher a BR A\u00e7o como sua fornecedora de vergalh\u00e3o, voc\u00ea n\u00e3o apenas adquire um produto de alta qualidade, mas tamb\u00e9m se beneficia de um atendimento personalizado que visa entender as necessidades espec\u00edficas de cada cliente, promovendo solu\u00e7\u00f5es sob medida. A f\u00e1brica est\u00e1 localizada em Aparecida de Goi\u00e2nia, o que facilita uma log\u00edstica eficiente e um atendimento \u00e1gil para toda a regi\u00e3o. Nesse cen\u00e1rio, a BR A\u00e7o reafirma seu compromisso com a inova\u00e7\u00e3o e a sustentabilidade, utilizando processos que minimizam o impacto ambiental e promovem a economia circular, essencial para um futuro mais sustent\u00e1vel e para a constru\u00e7\u00e3o de obras de qualidade. Isso se traduz em vergalh\u00f5es que n\u00e3o apenas atendem \u00e0s especifica\u00e7\u00f5es t\u00e9cnicas, mas que tamb\u00e9m s\u00e3o parte de um movimento maior de responsabilidade social e ambiental. A BR A\u00e7o \u00e9 a escolha ideal n\u00e3o s\u00f3 pela qualidade do vergalh\u00e3o, mas tamb\u00e9m pela consci\u00eancia que a empresa tem de seu papel na constru\u00e7\u00e3o civil e na sociedade. E quando falamos de projetos exigentes, a entrega r\u00e1pida e pontual se torna indispens\u00e1vel. A confian\u00e7a constru\u00edda ao longo dos anos com nossos parceiros e clientes \u00e9 um reflexo do nosso compromisso em manter altos padr\u00f5es de produ\u00e7\u00e3o e atendimento. Ao longo de nossa trajet\u00f3ria, conquistamos a fidelidade de uma gama crescente de clientes, que reconhecem a BR A\u00e7o como um sin\u00f4nimo de qualidade, confian\u00e7a e responsabilidade. Seja para pequenas ou grandes obras, a BR A\u00e7o \u00e9 sin\u00f4nimo de confiabilidade e qualidade como fornecedora de vergalh\u00e3o em Aparecida de Goi\u00e2nia. O que nos diferencia \u00e9 nosso olhar atento \u00e0s necessidades do mercado e a incessante busca por inova\u00e7\u00f5es que coloquem nossos produtos na lideran\u00e7a do mercado. Buscamos sempre estabelecer parcerias duradouras, onde a satisfa\u00e7\u00e3o do cliente \u00e9 sempre uma prioridade, podendo assim acompanhar o crescimento do setor da constru\u00e7\u00e3o civil e o aumento da demanda por materiais de alta qualidade. <\/p>\n","protected":false},"excerpt":{"rendered":"<p>A BR A\u00e7o se destaca como uma das principais f\u00e1bricas de vergalh\u00e3o em Aparecida de Goi\u00e2nia, estabelecendo um padr\u00e3o de qualidade e efici\u00eancia que se reflete em cada um de seus produtos. Com uma linha de produ\u00e7\u00e3o moderna e equipada com tecnologia de ponta, a BR A\u00e7o garante que seus vergalh\u00f5es atendam \u00e0s exig\u00eancias mais&hellip;&nbsp;<a href=\"https:\/\/grupobraco.com.br\/conteudo\/descubra-a-br-aco-a-fabrica-de-vergalhao-em-aparecida-de-goiania-que-revoluciona-a-construcao-civil\/\" class=\"\" rel=\"bookmark\">Continue a ler &raquo;<span class=\"screen-reader-text\">Descubra a BR A\u00e7o: A F\u00e1brica de Vergalh\u00e3o em Aparecida de Goi\u00e2nia que Revoluciona a Constru\u00e7\u00e3o Civil<\/span><\/a><\/p>\n","protected":false},"author":3,"featured_media":0,"parent":0,"menu_order":0,"comment_status":"closed","ping_status":"closed","template":"","meta":{"_acf_changed":false,"_yoast_wpseo_focuskw":"F\u00e1brica de vergalh\u00e3o em Aparecida de Goi\u00e2nia","_yoast_wpseo_title":"F\u00e1brica de Vergalh\u00e3o em Aparecida de Goi\u00e2nia: Qualidade e Agilidade BR A\u00e7o","_yoast_wpseo_metadesc":"A BR A\u00e7o \u00e9 a principal f\u00e1brica de vergalh\u00e3o em Aparecida de Goi\u00e2nia, oferecendo produtos de alta qualidade e entrega \u00e1gil.","neve_meta_sidebar":"","neve_meta_container":"","neve_meta_enable_content_width":"","neve_meta_content_width":0,"neve_meta_title_alignment":"","neve_meta_author_avatar":"","neve_post_elements_order":"","neve_meta_disable_header":"","neve_meta_disable_footer":"","neve_meta_disable_title":"","footnotes":""},"class_list":["post-5524","page","type-page","status-publish","hentry"],"acf":{"introducao":"","conceitos_fundamentais":"","como_funciona":"","como_aplicar_no_dia_a_dia":"","principais_utilizacoes_e_beneficios":"","tipos_e_classificacoes":"","tecnologias_e_ferramentas_relacionadas":"","exemplos_e_casos_de_sucesso":"","mitos_e_verdades":"","perguntas_frequentes_faq":"","erros_comuns_e_como_evita-los":"","futuro_e_tendencias":"","conclusao":"","bloco1title":"Qualidade Superior","bloco1text":"Os vergalh\u00f5es da BR A\u00e7o passam por rigorosos testes de qualidade, garantindo m\u00e1xima resist\u00eancia e durabilidade.","bloco2title":"Entrega \u00c1gil","bloco2text":"Comprometemo-nos com a entrega r\u00e1pida e pontual, pois sabemos que tempo \u00e9 essencial na constru\u00e7\u00e3o.","bloco3title":"Inova\u00e7\u00e3o e Sustentabilidade","bloco3text":"Promovemos pr\u00e1ticas sustent\u00e1veis na produ\u00e7\u00e3o de vergalh\u00e3o, alinhando nosso neg\u00f3cio com o futuro do planeta.","insightwidtitle":"Curiosidades sobre Vergalh\u00e3o","insightwidcontent":"Voc\u00ea sabia que o vergalh\u00e3o \u00e9 essencial na constru\u00e7\u00e3o para proporcionar resist\u00eancia ao concreto? Sem o uso adequado desse material, as estruturas podem se tornar fr\u00e1geis e propensas a falhas. Uma curiosidade adicional \u00e9 que a BR A\u00e7o, como f\u00e1brica de vergalh\u00e3o em Aparecida de Goi\u00e2nia, utiliza processos inovadores que contribuem para a sustentabilidade da produ\u00e7\u00e3o e minimizam o desperd\u00edcio de materiais. Ao escolher nossos vergalh\u00f5es, voc\u00ea tamb\u00e9m colabora com o meio ambiente."},"yoast_head":"<!-- This site is optimized with the Yoast SEO plugin v23.4 - https:\/\/yoast.com\/wordpress\/plugins\/seo\/ -->\n<title>F\u00e1brica de Vergalh\u00e3o em Aparecida de Goi\u00e2nia: Qualidade e Agilidade BR A\u00e7o<\/title>\n<meta name=\"description\" content=\"A BR A\u00e7o \u00e9 a principal f\u00e1brica de vergalh\u00e3o em Aparecida de Goi\u00e2nia, oferecendo produtos de alta qualidade e entrega \u00e1gil.\" \/>\n<meta name=\"robots\" content=\"index, follow, max-snippet:-1, max-image-preview:large, max-video-preview:-1\" \/>\n<link rel=\"canonical\" href=\"https:\/\/grupobraco.com.br\/conteudo\/descubra-a-br-aco-a-fabrica-de-vergalhao-em-aparecida-de-goiania-que-revoluciona-a-construcao-civil\/\" \/>\n<meta property=\"og:locale\" content=\"pt_BR\" \/>\n<meta property=\"og:type\" content=\"article\" \/>\n<meta property=\"og:title\" content=\"F\u00e1brica de Vergalh\u00e3o em Aparecida de Goi\u00e2nia: Qualidade e Agilidade BR A\u00e7o\" \/>\n<meta property=\"og:description\" content=\"A BR A\u00e7o \u00e9 a principal f\u00e1brica de vergalh\u00e3o em Aparecida de Goi\u00e2nia, oferecendo produtos de alta qualidade e entrega \u00e1gil.\" \/>\n<meta property=\"og:url\" content=\"https:\/\/grupobraco.com.br\/conteudo\/descubra-a-br-aco-a-fabrica-de-vergalhao-em-aparecida-de-goiania-que-revoluciona-a-construcao-civil\/\" \/>\n<meta property=\"og:site_name\" content=\"Br A\u00e7o\" \/>\n<meta name=\"twitter:card\" content=\"summary_large_image\" \/>\n<meta name=\"twitter:label1\" content=\"Est. tempo de leitura\" \/>\n\t<meta name=\"twitter:data1\" content=\"2 minutos\" \/>\n<script type=\"application\/ld+json\" class=\"yoast-schema-graph\">{\"@context\":\"https:\/\/schema.org\",\"@graph\":[{\"@type\":\"WebPage\",\"@id\":\"https:\/\/grupobraco.com.br\/conteudo\/descubra-a-br-aco-a-fabrica-de-vergalhao-em-aparecida-de-goiania-que-revoluciona-a-construcao-civil\/\",\"url\":\"https:\/\/grupobraco.com.br\/conteudo\/descubra-a-br-aco-a-fabrica-de-vergalhao-em-aparecida-de-goiania-que-revoluciona-a-construcao-civil\/\",\"name\":\"F\u00e1brica de Vergalh\u00e3o em Aparecida de Goi\u00e2nia: Qualidade e Agilidade BR A\u00e7o\",\"isPartOf\":{\"@id\":\"https:\/\/grupobraco.com.br\/conteudo\/#website\"},\"datePublished\":\"2025-04-19T22:00:51+00:00\",\"dateModified\":\"2025-04-19T22:00:51+00:00\",\"description\":\"A BR A\u00e7o \u00e9 a principal f\u00e1brica de vergalh\u00e3o em Aparecida de Goi\u00e2nia, oferecendo produtos de alta qualidade e entrega \u00e1gil.\",\"breadcrumb\":{\"@id\":\"https:\/\/grupobraco.com.br\/conteudo\/descubra-a-br-aco-a-fabrica-de-vergalhao-em-aparecida-de-goiania-que-revoluciona-a-construcao-civil\/#breadcrumb\"},\"inLanguage\":\"pt-BR\",\"potentialAction\":[{\"@type\":\"ReadAction\",\"target\":[\"https:\/\/grupobraco.com.br\/conteudo\/descubra-a-br-aco-a-fabrica-de-vergalhao-em-aparecida-de-goiania-que-revoluciona-a-construcao-civil\/\"]}]},{\"@type\":\"BreadcrumbList\",\"@id\":\"https:\/\/grupobraco.com.br\/conteudo\/descubra-a-br-aco-a-fabrica-de-vergalhao-em-aparecida-de-goiania-que-revoluciona-a-construcao-civil\/#breadcrumb\",\"itemListElement\":[{\"@type\":\"ListItem\",\"position\":1,\"name\":\"Home\",\"item\":\"https:\/\/grupobraco.com.br\/conteudo\/\"},{\"@type\":\"ListItem\",\"position\":2,\"name\":\"Descubra a BR A\u00e7o: A F\u00e1brica de Vergalh\u00e3o em Aparecida de Goi\u00e2nia que Revoluciona a Constru\u00e7\u00e3o Civil\"}]},{\"@type\":\"WebSite\",\"@id\":\"https:\/\/grupobraco.com.br\/conteudo\/#website\",\"url\":\"https:\/\/grupobraco.com.br\/conteudo\/\",\"name\":\"Br A\u00e7o\",\"description\":\"Seus projetos na velocidade m\u00e1xima\",\"publisher\":{\"@id\":\"https:\/\/grupobraco.com.br\/conteudo\/#organization\"},\"potentialAction\":[{\"@type\":\"SearchAction\",\"target\":{\"@type\":\"EntryPoint\",\"urlTemplate\":\"https:\/\/grupobraco.com.br\/conteudo\/?s={search_term_string}\"},\"query-input\":{\"@type\":\"PropertyValueSpecification\",\"valueRequired\":true,\"valueName\":\"search_term_string\"}}],\"inLanguage\":\"pt-BR\"},{\"@type\":\"Organization\",\"@id\":\"https:\/\/grupobraco.com.br\/conteudo\/#organization\",\"name\":\"Br A\u00e7o\",\"url\":\"https:\/\/grupobraco.com.br\/conteudo\/\",\"logo\":{\"@type\":\"ImageObject\",\"inLanguage\":\"pt-BR\",\"@id\":\"https:\/\/grupobraco.com.br\/conteudo\/#\/schema\/logo\/image\/\",\"url\":\"https:\/\/grupobraco.com.br\/conteudo\/wp-content\/uploads\/2025\/04\/Z340-Logotipia-Reestruturacao-do-Branding.png\",\"contentUrl\":\"https:\/\/grupobraco.com.br\/conteudo\/wp-content\/uploads\/2025\/04\/Z340-Logotipia-Reestruturacao-do-Branding.png\",\"width\":1530,\"height\":1080,\"caption\":\"Br A\u00e7o\"},\"image\":{\"@id\":\"https:\/\/grupobraco.com.br\/conteudo\/#\/schema\/logo\/image\/\"}}]}<\/script>\n<!-- \/ Yoast SEO plugin. -->","yoast_head_json":{"title":"F\u00e1brica de Vergalh\u00e3o em Aparecida de Goi\u00e2nia: Qualidade e Agilidade BR A\u00e7o","description":"A BR A\u00e7o \u00e9 a principal f\u00e1brica de vergalh\u00e3o em Aparecida de Goi\u00e2nia, oferecendo produtos de alta qualidade e entrega \u00e1gil.","robots":{"index":"index","follow":"follow","max-snippet":"max-snippet:-1","max-image-preview":"max-image-preview:large","max-video-preview":"max-video-preview:-1"},"canonical":"https:\/\/grupobraco.com.br\/conteudo\/descubra-a-br-aco-a-fabrica-de-vergalhao-em-aparecida-de-goiania-que-revoluciona-a-construcao-civil\/","og_locale":"pt_BR","og_type":"article","og_title":"F\u00e1brica de Vergalh\u00e3o em Aparecida de Goi\u00e2nia: Qualidade e Agilidade BR A\u00e7o","og_description":"A BR A\u00e7o \u00e9 a principal f\u00e1brica de vergalh\u00e3o em Aparecida de Goi\u00e2nia, oferecendo produtos de alta qualidade e entrega \u00e1gil.","og_url":"https:\/\/grupobraco.com.br\/conteudo\/descubra-a-br-aco-a-fabrica-de-vergalhao-em-aparecida-de-goiania-que-revoluciona-a-construcao-civil\/","og_site_name":"Br A\u00e7o","twitter_card":"summary_large_image","twitter_misc":{"Est. tempo de leitura":"2 minutos"},"schema":{"@context":"https:\/\/schema.org","@graph":[{"@type":"WebPage","@id":"https:\/\/grupobraco.com.br\/conteudo\/descubra-a-br-aco-a-fabrica-de-vergalhao-em-aparecida-de-goiania-que-revoluciona-a-construcao-civil\/","url":"https:\/\/grupobraco.com.br\/conteudo\/descubra-a-br-aco-a-fabrica-de-vergalhao-em-aparecida-de-goiania-que-revoluciona-a-construcao-civil\/","name":"F\u00e1brica de Vergalh\u00e3o em Aparecida de Goi\u00e2nia: Qualidade e Agilidade BR A\u00e7o","isPartOf":{"@id":"https:\/\/grupobraco.com.br\/conteudo\/#website"},"datePublished":"2025-04-19T22:00:51+00:00","dateModified":"2025-04-19T22:00:51+00:00","description":"A BR A\u00e7o \u00e9 a principal f\u00e1brica de vergalh\u00e3o em Aparecida de Goi\u00e2nia, oferecendo produtos de alta qualidade e entrega \u00e1gil.","breadcrumb":{"@id":"https:\/\/grupobraco.com.br\/conteudo\/descubra-a-br-aco-a-fabrica-de-vergalhao-em-aparecida-de-goiania-que-revoluciona-a-construcao-civil\/#breadcrumb"},"inLanguage":"pt-BR","potentialAction":[{"@type":"ReadAction","target":["https:\/\/grupobraco.com.br\/conteudo\/descubra-a-br-aco-a-fabrica-de-vergalhao-em-aparecida-de-goiania-que-revoluciona-a-construcao-civil\/"]}]},{"@type":"BreadcrumbList","@id":"https:\/\/grupobraco.com.br\/conteudo\/descubra-a-br-aco-a-fabrica-de-vergalhao-em-aparecida-de-goiania-que-revoluciona-a-construcao-civil\/#breadcrumb","itemListElement":[{"@type":"ListItem","position":1,"name":"Home","item":"https:\/\/grupobraco.com.br\/conteudo\/"},{"@type":"ListItem","position":2,"name":"Descubra a BR A\u00e7o: A F\u00e1brica de Vergalh\u00e3o em Aparecida de Goi\u00e2nia que Revoluciona a Constru\u00e7\u00e3o Civil"}]},{"@type":"WebSite","@id":"https:\/\/grupobraco.com.br\/conteudo\/#website","url":"https:\/\/grupobraco.com.br\/conteudo\/","name":"Br A\u00e7o","description":"Seus projetos na velocidade m\u00e1xima","publisher":{"@id":"https:\/\/grupobraco.com.br\/conteudo\/#organization"},"potentialAction":[{"@type":"SearchAction","target":{"@type":"EntryPoint","urlTemplate":"https:\/\/grupobraco.com.br\/conteudo\/?s={search_term_string}"},"query-input":{"@type":"PropertyValueSpecification","valueRequired":true,"valueName":"search_term_string"}}],"inLanguage":"pt-BR"},{"@type":"Organization","@id":"https:\/\/grupobraco.com.br\/conteudo\/#organization","name":"Br A\u00e7o","url":"https:\/\/grupobraco.com.br\/conteudo\/","logo":{"@type":"ImageObject","inLanguage":"pt-BR","@id":"https:\/\/grupobraco.com.br\/conteudo\/#\/schema\/logo\/image\/","url":"https:\/\/grupobraco.com.br\/conteudo\/wp-content\/uploads\/2025\/04\/Z340-Logotipia-Reestruturacao-do-Branding.png","contentUrl":"https:\/\/grupobraco.com.br\/conteudo\/wp-content\/uploads\/2025\/04\/Z340-Logotipia-Reestruturacao-do-Branding.png","width":1530,"height":1080,"caption":"Br A\u00e7o"},"image":{"@id":"https:\/\/grupobraco.com.br\/conteudo\/#\/schema\/logo\/image\/"}}]}},"_links":{"self":[{"href":"https:\/\/grupobraco.com.br\/conteudo\/wp-json\/wp\/v2\/pages\/5524","targetHints":{"allow":["GET"]}}],"collection":[{"href":"https:\/\/grupobraco.com.br\/conteudo\/wp-json\/wp\/v2\/pages"}],"about":[{"href":"https:\/\/grupobraco.com.br\/conteudo\/wp-json\/wp\/v2\/types\/page"}],"author":[{"embeddable":true,"href":"https:\/\/grupobraco.com.br\/conteudo\/wp-json\/wp\/v2\/users\/3"}],"replies":[{"embeddable":true,"href":"https:\/\/grupobraco.com.br\/conteudo\/wp-json\/wp\/v2\/comments?post=5524"}],"version-history":[{"count":0,"href":"https:\/\/grupobraco.com.br\/conteudo\/wp-json\/wp\/v2\/pages\/5524\/revisions"}],"wp:attachment":[{"href":"https:\/\/grupobraco.com.br\/conteudo\/wp-json\/wp\/v2\/media?parent=5524"}],"curies":[{"name":"wp","href":"https:\/\/api.w.org\/{rel}","templated":true}]}}