{"id":5441,"date":"2025-04-19T11:45:50","date_gmt":"2025-04-19T11:45:50","guid":{"rendered":"https:\/\/grupobraco.com.br\/conteudo\/vergalhao-direto-da-fabrica-em-itumbiara-a-solucao-ideal-para-seus-projetos-de-construcao\/"},"modified":"2025-04-19T11:45:50","modified_gmt":"2025-04-19T11:45:50","slug":"vergalhao-direto-da-fabrica-em-itumbiara-a-solucao-ideal-para-seus-projetos-de-construcao","status":"publish","type":"page","link":"https:\/\/grupobraco.com.br\/conteudo\/vergalhao-direto-da-fabrica-em-itumbiara-a-solucao-ideal-para-seus-projetos-de-construcao\/","title":{"rendered":"Vergalh\u00e3o Direto da F\u00e1brica em Itumbiara: A Solu\u00e7\u00e3o Ideal para Seus Projetos de Constru\u00e7\u00e3o"},"content":{"rendered":"<p>Se voc\u00ea est\u00e1 em busca de vergalh\u00e3o direto da f\u00e1brica em Itumbiara, chegou ao lugar certo. A BR A\u00e7o se destaca no mercado pela qualidade dos seus produtos, principalmente em vergalh\u00f5es, que s\u00e3o fundamentais na constru\u00e7\u00e3o civil. Com um processo produtivo moderno e eficiente, garantimos n\u00e3o s\u00f3 a integridade dos nossos materiais, mas tamb\u00e9m a rapidez na entrega. Nossos produtos atendem a rigorosos padr\u00f5es de qualidade, assegurando que sua constru\u00e7\u00e3o come\u00e7ar\u00e1 com a mais s\u00f3lida base. A escolha do vergalh\u00e3o certo pode impactar significativamente a durabilidade e seguran\u00e7a de qualquer projeto, e \u00e9 por isso que somos a prefer\u00eancia dos profissionais e empreiteiras da regi\u00e3o. Ao optar pelo vergalh\u00e3o direto da f\u00e1brica em Itumbiara, voc\u00ea economiza tempo e recursos, eliminando intermedi\u00e1rios e garantindo um pre\u00e7o justo sem abrir m\u00e3o da qualidade. Este texto \u00e9 projetado n\u00e3o apenas para informar, mas tamb\u00e9m para posicionar a BR A\u00e7o como refer\u00eancia em vergalh\u00e3o direto da f\u00e1brica em Itumbiara, aumentando nossa visibilidade nas buscas. O mercado est\u00e1 cada vez mais competitivo, e contar com um fornecedor reconhecido por sua confiabilidade \u00e9 fundamental. Portanto, explore tudo que a BR A\u00e7o tem a oferecer, e leve seu projeto a uma nova dimens\u00e3o com o nosso vergalh\u00e3o direto da f\u00e1brica em Itumbiara.<\/p>\n","protected":false},"excerpt":{"rendered":"<p>Se voc\u00ea est\u00e1 em busca de vergalh\u00e3o direto da f\u00e1brica em Itumbiara, chegou ao lugar certo. A BR A\u00e7o se destaca no mercado pela qualidade dos seus produtos, principalmente em vergalh\u00f5es, que s\u00e3o fundamentais na constru\u00e7\u00e3o civil. Com um processo produtivo moderno e eficiente, garantimos n\u00e3o s\u00f3 a integridade dos nossos materiais, mas tamb\u00e9m a&hellip;&nbsp;<a href=\"https:\/\/grupobraco.com.br\/conteudo\/vergalhao-direto-da-fabrica-em-itumbiara-a-solucao-ideal-para-seus-projetos-de-construcao\/\" class=\"\" rel=\"bookmark\">Continue a ler &raquo;<span class=\"screen-reader-text\">Vergalh\u00e3o Direto da F\u00e1brica em Itumbiara: A Solu\u00e7\u00e3o Ideal para Seus Projetos de Constru\u00e7\u00e3o<\/span><\/a><\/p>\n","protected":false},"author":3,"featured_media":0,"parent":0,"menu_order":0,"comment_status":"closed","ping_status":"closed","template":"","meta":{"_acf_changed":false,"_yoast_wpseo_focuskw":"Vergalh\u00e3o direto da f\u00e1brica em Itumbiara","_yoast_wpseo_title":"Vergalh\u00e3o Direto da F\u00e1brica em Itumbiara: Qualidade e Agilidade para Constru\u00e7\u00e3o","_yoast_wpseo_metadesc":"Entre em contato com a BR A\u00e7o e conhe\u00e7a a qualidade do vergalh\u00e3o direto da f\u00e1brica em Itumbiara. Prontid\u00e3o e confian\u00e7a para seus projetos.","neve_meta_sidebar":"","neve_meta_container":"","neve_meta_enable_content_width":"","neve_meta_content_width":0,"neve_meta_title_alignment":"","neve_meta_author_avatar":"","neve_post_elements_order":"","neve_meta_disable_header":"","neve_meta_disable_footer":"","neve_meta_disable_title":"","footnotes":""},"class_list":["post-5441","page","type-page","status-publish","hentry"],"acf":{"introducao":"","conceitos_fundamentais":"","como_funciona":"","como_aplicar_no_dia_a_dia":"","principais_utilizacoes_e_beneficios":"","tipos_e_classificacoes":"","tecnologias_e_ferramentas_relacionadas":"","exemplos_e_casos_de_sucesso":"","mitos_e_verdades":"","perguntas_frequentes_faq":"","erros_comuns_e_como_evita-los":"","futuro_e_tendencias":"","conclusao":"","bloco1title":"Qualidade de Fabrica\u00e7\u00e3o","bloco1text":"Produzimos vergalh\u00f5es com padr\u00f5es rigorosos de qualidade, garantindo seguran\u00e7a nas constru\u00e7\u00f5es.","bloco2title":"Entrega R\u00e1pida","bloco2text":"Comprometemo-nos com prazos de entrega pontuais, para que seu projeto n\u00e3o tenha atrasos.","bloco3title":"Fabrica\u00e7\u00e3o Local","bloco3text":"Reduzindo custos e aumentando a efici\u00eancia ao fornecer vergalh\u00e3o direto da f\u00e1brica em Itumbiara.","insightwidtitle":"Curiosidades sobre Vergalh\u00f5es","insightwidcontent":"Voc\u00ea sabia que o vergalh\u00e3o \u00e9 produzido em diferentes di\u00e2metros e comprimentos, o que permite sua aplica\u00e7\u00e3o em diversas obras? Na BR A\u00e7o, entendemos que cada projeto tem suas particularidades e, por isso, oferecemos produtos personaliz\u00e1veis. O uso adequado dos vergalh\u00f5es pode aumentar em at\u00e9 30% a durabilidade das estruturas!"},"yoast_head":"<!-- This site is optimized with the Yoast SEO plugin v23.4 - https:\/\/yoast.com\/wordpress\/plugins\/seo\/ -->\n<title>Vergalh\u00e3o Direto da F\u00e1brica em Itumbiara: Qualidade e Agilidade para Constru\u00e7\u00e3o<\/title>\n<meta name=\"description\" content=\"Entre em contato com a BR A\u00e7o e conhe\u00e7a a qualidade do vergalh\u00e3o direto da f\u00e1brica em Itumbiara. Prontid\u00e3o e confian\u00e7a para seus projetos.\" \/>\n<meta name=\"robots\" content=\"index, follow, max-snippet:-1, max-image-preview:large, max-video-preview:-1\" \/>\n<link rel=\"canonical\" href=\"https:\/\/grupobraco.com.br\/conteudo\/vergalhao-direto-da-fabrica-em-itumbiara-a-solucao-ideal-para-seus-projetos-de-construcao\/\" \/>\n<meta property=\"og:locale\" content=\"pt_BR\" \/>\n<meta property=\"og:type\" content=\"article\" \/>\n<meta property=\"og:title\" content=\"Vergalh\u00e3o Direto da F\u00e1brica em Itumbiara: Qualidade e Agilidade para Constru\u00e7\u00e3o\" \/>\n<meta property=\"og:description\" content=\"Entre em contato com a BR A\u00e7o e conhe\u00e7a a qualidade do vergalh\u00e3o direto da f\u00e1brica em Itumbiara. Prontid\u00e3o e confian\u00e7a para seus projetos.\" \/>\n<meta property=\"og:url\" content=\"https:\/\/grupobraco.com.br\/conteudo\/vergalhao-direto-da-fabrica-em-itumbiara-a-solucao-ideal-para-seus-projetos-de-construcao\/\" \/>\n<meta property=\"og:site_name\" content=\"Br A\u00e7o\" \/>\n<meta name=\"twitter:card\" content=\"summary_large_image\" \/>\n<meta name=\"twitter:label1\" content=\"Est. tempo de leitura\" \/>\n\t<meta name=\"twitter:data1\" content=\"1 minuto\" \/>\n<script type=\"application\/ld+json\" class=\"yoast-schema-graph\">{\"@context\":\"https:\/\/schema.org\",\"@graph\":[{\"@type\":\"WebPage\",\"@id\":\"https:\/\/grupobraco.com.br\/conteudo\/vergalhao-direto-da-fabrica-em-itumbiara-a-solucao-ideal-para-seus-projetos-de-construcao\/\",\"url\":\"https:\/\/grupobraco.com.br\/conteudo\/vergalhao-direto-da-fabrica-em-itumbiara-a-solucao-ideal-para-seus-projetos-de-construcao\/\",\"name\":\"Vergalh\u00e3o Direto da F\u00e1brica em Itumbiara: Qualidade e Agilidade para Constru\u00e7\u00e3o\",\"isPartOf\":{\"@id\":\"https:\/\/grupobraco.com.br\/conteudo\/#website\"},\"datePublished\":\"2025-04-19T11:45:50+00:00\",\"dateModified\":\"2025-04-19T11:45:50+00:00\",\"description\":\"Entre em contato com a BR A\u00e7o e conhe\u00e7a a qualidade do vergalh\u00e3o direto da f\u00e1brica em Itumbiara. Prontid\u00e3o e confian\u00e7a para seus projetos.\",\"breadcrumb\":{\"@id\":\"https:\/\/grupobraco.com.br\/conteudo\/vergalhao-direto-da-fabrica-em-itumbiara-a-solucao-ideal-para-seus-projetos-de-construcao\/#breadcrumb\"},\"inLanguage\":\"pt-BR\",\"potentialAction\":[{\"@type\":\"ReadAction\",\"target\":[\"https:\/\/grupobraco.com.br\/conteudo\/vergalhao-direto-da-fabrica-em-itumbiara-a-solucao-ideal-para-seus-projetos-de-construcao\/\"]}]},{\"@type\":\"BreadcrumbList\",\"@id\":\"https:\/\/grupobraco.com.br\/conteudo\/vergalhao-direto-da-fabrica-em-itumbiara-a-solucao-ideal-para-seus-projetos-de-construcao\/#breadcrumb\",\"itemListElement\":[{\"@type\":\"ListItem\",\"position\":1,\"name\":\"Home\",\"item\":\"https:\/\/grupobraco.com.br\/conteudo\/\"},{\"@type\":\"ListItem\",\"position\":2,\"name\":\"Vergalh\u00e3o Direto da F\u00e1brica em Itumbiara: A Solu\u00e7\u00e3o Ideal para Seus Projetos de Constru\u00e7\u00e3o\"}]},{\"@type\":\"WebSite\",\"@id\":\"https:\/\/grupobraco.com.br\/conteudo\/#website\",\"url\":\"https:\/\/grupobraco.com.br\/conteudo\/\",\"name\":\"Br A\u00e7o\",\"description\":\"Seus projetos na velocidade m\u00e1xima\",\"publisher\":{\"@id\":\"https:\/\/grupobraco.com.br\/conteudo\/#organization\"},\"potentialAction\":[{\"@type\":\"SearchAction\",\"target\":{\"@type\":\"EntryPoint\",\"urlTemplate\":\"https:\/\/grupobraco.com.br\/conteudo\/?s={search_term_string}\"},\"query-input\":{\"@type\":\"PropertyValueSpecification\",\"valueRequired\":true,\"valueName\":\"search_term_string\"}}],\"inLanguage\":\"pt-BR\"},{\"@type\":\"Organization\",\"@id\":\"https:\/\/grupobraco.com.br\/conteudo\/#organization\",\"name\":\"Br A\u00e7o\",\"url\":\"https:\/\/grupobraco.com.br\/conteudo\/\",\"logo\":{\"@type\":\"ImageObject\",\"inLanguage\":\"pt-BR\",\"@id\":\"https:\/\/grupobraco.com.br\/conteudo\/#\/schema\/logo\/image\/\",\"url\":\"https:\/\/grupobraco.com.br\/conteudo\/wp-content\/uploads\/2025\/04\/Z340-Logotipia-Reestruturacao-do-Branding.png\",\"contentUrl\":\"https:\/\/grupobraco.com.br\/conteudo\/wp-content\/uploads\/2025\/04\/Z340-Logotipia-Reestruturacao-do-Branding.png\",\"width\":1530,\"height\":1080,\"caption\":\"Br A\u00e7o\"},\"image\":{\"@id\":\"https:\/\/grupobraco.com.br\/conteudo\/#\/schema\/logo\/image\/\"}}]}<\/script>\n<!-- \/ Yoast SEO plugin. -->","yoast_head_json":{"title":"Vergalh\u00e3o Direto da F\u00e1brica em Itumbiara: Qualidade e Agilidade para Constru\u00e7\u00e3o","description":"Entre em contato com a BR A\u00e7o e conhe\u00e7a a qualidade do vergalh\u00e3o direto da f\u00e1brica em Itumbiara. Prontid\u00e3o e confian\u00e7a para seus projetos.","robots":{"index":"index","follow":"follow","max-snippet":"max-snippet:-1","max-image-preview":"max-image-preview:large","max-video-preview":"max-video-preview:-1"},"canonical":"https:\/\/grupobraco.com.br\/conteudo\/vergalhao-direto-da-fabrica-em-itumbiara-a-solucao-ideal-para-seus-projetos-de-construcao\/","og_locale":"pt_BR","og_type":"article","og_title":"Vergalh\u00e3o Direto da F\u00e1brica em Itumbiara: Qualidade e Agilidade para Constru\u00e7\u00e3o","og_description":"Entre em contato com a BR A\u00e7o e conhe\u00e7a a qualidade do vergalh\u00e3o direto da f\u00e1brica em Itumbiara. Prontid\u00e3o e confian\u00e7a para seus projetos.","og_url":"https:\/\/grupobraco.com.br\/conteudo\/vergalhao-direto-da-fabrica-em-itumbiara-a-solucao-ideal-para-seus-projetos-de-construcao\/","og_site_name":"Br A\u00e7o","twitter_card":"summary_large_image","twitter_misc":{"Est. tempo de leitura":"1 minuto"},"schema":{"@context":"https:\/\/schema.org","@graph":[{"@type":"WebPage","@id":"https:\/\/grupobraco.com.br\/conteudo\/vergalhao-direto-da-fabrica-em-itumbiara-a-solucao-ideal-para-seus-projetos-de-construcao\/","url":"https:\/\/grupobraco.com.br\/conteudo\/vergalhao-direto-da-fabrica-em-itumbiara-a-solucao-ideal-para-seus-projetos-de-construcao\/","name":"Vergalh\u00e3o Direto da F\u00e1brica em Itumbiara: Qualidade e Agilidade para Constru\u00e7\u00e3o","isPartOf":{"@id":"https:\/\/grupobraco.com.br\/conteudo\/#website"},"datePublished":"2025-04-19T11:45:50+00:00","dateModified":"2025-04-19T11:45:50+00:00","description":"Entre em contato com a BR A\u00e7o e conhe\u00e7a a qualidade do vergalh\u00e3o direto da f\u00e1brica em Itumbiara. Prontid\u00e3o e confian\u00e7a para seus projetos.","breadcrumb":{"@id":"https:\/\/grupobraco.com.br\/conteudo\/vergalhao-direto-da-fabrica-em-itumbiara-a-solucao-ideal-para-seus-projetos-de-construcao\/#breadcrumb"},"inLanguage":"pt-BR","potentialAction":[{"@type":"ReadAction","target":["https:\/\/grupobraco.com.br\/conteudo\/vergalhao-direto-da-fabrica-em-itumbiara-a-solucao-ideal-para-seus-projetos-de-construcao\/"]}]},{"@type":"BreadcrumbList","@id":"https:\/\/grupobraco.com.br\/conteudo\/vergalhao-direto-da-fabrica-em-itumbiara-a-solucao-ideal-para-seus-projetos-de-construcao\/#breadcrumb","itemListElement":[{"@type":"ListItem","position":1,"name":"Home","item":"https:\/\/grupobraco.com.br\/conteudo\/"},{"@type":"ListItem","position":2,"name":"Vergalh\u00e3o Direto da F\u00e1brica em Itumbiara: A Solu\u00e7\u00e3o Ideal para Seus Projetos de Constru\u00e7\u00e3o"}]},{"@type":"WebSite","@id":"https:\/\/grupobraco.com.br\/conteudo\/#website","url":"https:\/\/grupobraco.com.br\/conteudo\/","name":"Br A\u00e7o","description":"Seus projetos na velocidade m\u00e1xima","publisher":{"@id":"https:\/\/grupobraco.com.br\/conteudo\/#organization"},"potentialAction":[{"@type":"SearchAction","target":{"@type":"EntryPoint","urlTemplate":"https:\/\/grupobraco.com.br\/conteudo\/?s={search_term_string}"},"query-input":{"@type":"PropertyValueSpecification","valueRequired":true,"valueName":"search_term_string"}}],"inLanguage":"pt-BR"},{"@type":"Organization","@id":"https:\/\/grupobraco.com.br\/conteudo\/#organization","name":"Br A\u00e7o","url":"https:\/\/grupobraco.com.br\/conteudo\/","logo":{"@type":"ImageObject","inLanguage":"pt-BR","@id":"https:\/\/grupobraco.com.br\/conteudo\/#\/schema\/logo\/image\/","url":"https:\/\/grupobraco.com.br\/conteudo\/wp-content\/uploads\/2025\/04\/Z340-Logotipia-Reestruturacao-do-Branding.png","contentUrl":"https:\/\/grupobraco.com.br\/conteudo\/wp-content\/uploads\/2025\/04\/Z340-Logotipia-Reestruturacao-do-Branding.png","width":1530,"height":1080,"caption":"Br A\u00e7o"},"image":{"@id":"https:\/\/grupobraco.com.br\/conteudo\/#\/schema\/logo\/image\/"}}]}},"_links":{"self":[{"href":"https:\/\/grupobraco.com.br\/conteudo\/wp-json\/wp\/v2\/pages\/5441","targetHints":{"allow":["GET"]}}],"collection":[{"href":"https:\/\/grupobraco.com.br\/conteudo\/wp-json\/wp\/v2\/pages"}],"about":[{"href":"https:\/\/grupobraco.com.br\/conteudo\/wp-json\/wp\/v2\/types\/page"}],"author":[{"embeddable":true,"href":"https:\/\/grupobraco.com.br\/conteudo\/wp-json\/wp\/v2\/users\/3"}],"replies":[{"embeddable":true,"href":"https:\/\/grupobraco.com.br\/conteudo\/wp-json\/wp\/v2\/comments?post=5441"}],"version-history":[{"count":0,"href":"https:\/\/grupobraco.com.br\/conteudo\/wp-json\/wp\/v2\/pages\/5441\/revisions"}],"wp:attachment":[{"href":"https:\/\/grupobraco.com.br\/conteudo\/wp-json\/wp\/v2\/media?parent=5441"}],"curies":[{"name":"wp","href":"https:\/\/api.w.org\/{rel}","templated":true}]}}