{"id":5172,"date":"2025-04-18T02:00:56","date_gmt":"2025-04-18T02:00:56","guid":{"rendered":"https:\/\/grupobraco.com.br\/conteudo\/vergalhao-direto-da-fabrica-em-aparecida-de-goiania-a-escolha-certa-para-sua-construcao\/"},"modified":"2025-04-18T02:00:56","modified_gmt":"2025-04-18T02:00:56","slug":"vergalhao-direto-da-fabrica-em-aparecida-de-goiania-a-escolha-certa-para-sua-construcao","status":"publish","type":"page","link":"https:\/\/grupobraco.com.br\/conteudo\/vergalhao-direto-da-fabrica-em-aparecida-de-goiania-a-escolha-certa-para-sua-construcao\/","title":{"rendered":"Vergalh\u00e3o Direto da F\u00e1brica em Aparecida de Goi\u00e2nia: A Escolha Certa para Sua Constru\u00e7\u00e3o"},"content":{"rendered":"<p>Na busca por materiais de constru\u00e7\u00e3o de alta qualidade, uma op\u00e7\u00e3o se destaca como a mais vantajosa: o vergalh\u00e3o direto da f\u00e1brica em Aparecida de Goi\u00e2nia. Na BR A\u00e7o, oferecemos vergalh\u00f5es que atendem aos padr\u00f5es internacionais de qualidade e s\u00e3o produzidos com tecnologia avan\u00e7ada. Isso significa que nossos clientes t\u00eam acesso a um produto que n\u00e3o apenas atende, mas supera suas expectativas, garantindo durabilidade e seguran\u00e7a em suas obras. Al\u00e9m disso, adquirindo vergalh\u00e3o direto da f\u00e1brica, o cliente se beneficia de pre\u00e7os mais competitivos, uma vez que elimina intermedi\u00e1rios, resultando em uma economia significativa para seu projeto. Nossa f\u00e1brica, localizada em Aparecida de Goi\u00e2nia, \u00e9 um centro de inova\u00e7\u00e3o e efici\u00eancia, capacitada para entregar materiais rapidamente, atendendo \u00e0s demandas da constru\u00e7\u00e3o civil que cresce a passos largos na regi\u00e3o. O vergalh\u00e3o direto da f\u00e1brica em Aparecida de Goi\u00e2nia \u00e9, portanto, mais que uma escolha inteligente; \u00e9 uma decis\u00e3o que impacta positivamente no seu projeto e no seu bolso.<\/p>\n","protected":false},"excerpt":{"rendered":"<p>Na busca por materiais de constru\u00e7\u00e3o de alta qualidade, uma op\u00e7\u00e3o se destaca como a mais vantajosa: o vergalh\u00e3o direto da f\u00e1brica em Aparecida de Goi\u00e2nia. Na BR A\u00e7o, oferecemos vergalh\u00f5es que atendem aos padr\u00f5es internacionais de qualidade e s\u00e3o produzidos com tecnologia avan\u00e7ada. Isso significa que nossos clientes t\u00eam acesso a um produto que&hellip;&nbsp;<a href=\"https:\/\/grupobraco.com.br\/conteudo\/vergalhao-direto-da-fabrica-em-aparecida-de-goiania-a-escolha-certa-para-sua-construcao\/\" class=\"\" rel=\"bookmark\">Continue a ler &raquo;<span class=\"screen-reader-text\">Vergalh\u00e3o Direto da F\u00e1brica em Aparecida de Goi\u00e2nia: A Escolha Certa para Sua Constru\u00e7\u00e3o<\/span><\/a><\/p>\n","protected":false},"author":3,"featured_media":0,"parent":0,"menu_order":0,"comment_status":"closed","ping_status":"closed","template":"","meta":{"_acf_changed":false,"_yoast_wpseo_focuskw":"Vergalh\u00e3o direto da f\u00e1brica em Aparecida de Goi\u00e2nia","_yoast_wpseo_title":"Vergalh\u00e3o Direto da F\u00e1brica em Aparecida de Goi\u00e2nia - Vantagens e Qualidade na BR A\u00e7o","_yoast_wpseo_metadesc":"Descubra as vantagens de adquirir vergalh\u00e3o direto da f\u00e1brica em Aparecida de Goi\u00e2nia na BR A\u00e7o, qualidade e entrega r\u00e1pida na sua constru\u00e7\u00e3o.","neve_meta_sidebar":"","neve_meta_container":"","neve_meta_enable_content_width":"","neve_meta_content_width":0,"neve_meta_title_alignment":"","neve_meta_author_avatar":"","neve_post_elements_order":"","neve_meta_disable_header":"","neve_meta_disable_footer":"","neve_meta_disable_title":"","footnotes":""},"class_list":["post-5172","page","type-page","status-publish","hentry"],"acf":{"introducao":"","conceitos_fundamentais":"","como_funciona":"","como_aplicar_no_dia_a_dia":"","principais_utilizacoes_e_beneficios":"","tipos_e_classificacoes":"","tecnologias_e_ferramentas_relacionadas":"","exemplos_e_casos_de_sucesso":"","mitos_e_verdades":"","perguntas_frequentes_faq":"","erros_comuns_e_como_evita-los":"","futuro_e_tendencias":"","conclusao":"","bloco1title":"Qualidade Superior","bloco1text":"O vergalh\u00e3o direto da f\u00e1brica em Aparecida de Goi\u00e2nia \u00e9 produzido com tecnologia de ponta, garantido qualidade e resist\u00eancia.","bloco2title":"Economia Real","bloco2text":"Ao comprar vergalh\u00e3o direto da f\u00e1brica, voc\u00ea elimina intermedi\u00e1rios e reduz custos.","bloco3title":"Agilidade na Entrega","bloco3text":"Com nossa estrutura em Aparecida de Goi\u00e2nia, garantimos entregas r\u00e1pidas e eficientes para sua obra.","insightwidtitle":"Curiosidades sobre Vergalh\u00e3o","insightwidcontent":"Voc\u00ea sabia que o vergalh\u00e3o \u00e9 um dos materiais mais importantes em toda estrutura de concreto? Ele \u00e9 respons\u00e1vel por dar resist\u00eancia e estabilidade \u00e0s obras. A origem do termo 'vergalh\u00e3o' vem do ingl\u00eas 'rebar', que significa 'barra de refor\u00e7o', e sua utiliza\u00e7\u00e3o \u00e9 fundamental para garantir a seguran\u00e7a em constru\u00e7\u00f5es, desde pequenas resid\u00eancias at\u00e9 grandes edifica\u00e7\u00f5es."},"yoast_head":"<!-- This site is optimized with the Yoast SEO plugin v23.4 - https:\/\/yoast.com\/wordpress\/plugins\/seo\/ -->\n<title>Vergalh\u00e3o Direto da F\u00e1brica em Aparecida de Goi\u00e2nia - Vantagens e Qualidade na BR A\u00e7o<\/title>\n<meta name=\"description\" content=\"Descubra as vantagens de adquirir vergalh\u00e3o direto da f\u00e1brica em Aparecida de Goi\u00e2nia na BR A\u00e7o, qualidade e entrega r\u00e1pida na sua constru\u00e7\u00e3o.\" \/>\n<meta name=\"robots\" content=\"index, follow, max-snippet:-1, max-image-preview:large, max-video-preview:-1\" \/>\n<link rel=\"canonical\" href=\"https:\/\/grupobraco.com.br\/conteudo\/vergalhao-direto-da-fabrica-em-aparecida-de-goiania-a-escolha-certa-para-sua-construcao\/\" \/>\n<meta property=\"og:locale\" content=\"pt_BR\" \/>\n<meta property=\"og:type\" content=\"article\" \/>\n<meta property=\"og:title\" content=\"Vergalh\u00e3o Direto da F\u00e1brica em Aparecida de Goi\u00e2nia - Vantagens e Qualidade na BR A\u00e7o\" \/>\n<meta property=\"og:description\" content=\"Descubra as vantagens de adquirir vergalh\u00e3o direto da f\u00e1brica em Aparecida de Goi\u00e2nia na BR A\u00e7o, qualidade e entrega r\u00e1pida na sua constru\u00e7\u00e3o.\" \/>\n<meta property=\"og:url\" content=\"https:\/\/grupobraco.com.br\/conteudo\/vergalhao-direto-da-fabrica-em-aparecida-de-goiania-a-escolha-certa-para-sua-construcao\/\" \/>\n<meta property=\"og:site_name\" content=\"Br A\u00e7o\" \/>\n<meta name=\"twitter:card\" content=\"summary_large_image\" \/>\n<meta name=\"twitter:label1\" content=\"Est. tempo de leitura\" \/>\n\t<meta name=\"twitter:data1\" content=\"1 minuto\" \/>\n<script type=\"application\/ld+json\" class=\"yoast-schema-graph\">{\"@context\":\"https:\/\/schema.org\",\"@graph\":[{\"@type\":\"WebPage\",\"@id\":\"https:\/\/grupobraco.com.br\/conteudo\/vergalhao-direto-da-fabrica-em-aparecida-de-goiania-a-escolha-certa-para-sua-construcao\/\",\"url\":\"https:\/\/grupobraco.com.br\/conteudo\/vergalhao-direto-da-fabrica-em-aparecida-de-goiania-a-escolha-certa-para-sua-construcao\/\",\"name\":\"Vergalh\u00e3o Direto da F\u00e1brica em Aparecida de Goi\u00e2nia - Vantagens e Qualidade na BR A\u00e7o\",\"isPartOf\":{\"@id\":\"https:\/\/grupobraco.com.br\/conteudo\/#website\"},\"datePublished\":\"2025-04-18T02:00:56+00:00\",\"dateModified\":\"2025-04-18T02:00:56+00:00\",\"description\":\"Descubra as vantagens de adquirir vergalh\u00e3o direto da f\u00e1brica em Aparecida de Goi\u00e2nia na BR A\u00e7o, qualidade e entrega r\u00e1pida na sua constru\u00e7\u00e3o.\",\"breadcrumb\":{\"@id\":\"https:\/\/grupobraco.com.br\/conteudo\/vergalhao-direto-da-fabrica-em-aparecida-de-goiania-a-escolha-certa-para-sua-construcao\/#breadcrumb\"},\"inLanguage\":\"pt-BR\",\"potentialAction\":[{\"@type\":\"ReadAction\",\"target\":[\"https:\/\/grupobraco.com.br\/conteudo\/vergalhao-direto-da-fabrica-em-aparecida-de-goiania-a-escolha-certa-para-sua-construcao\/\"]}]},{\"@type\":\"BreadcrumbList\",\"@id\":\"https:\/\/grupobraco.com.br\/conteudo\/vergalhao-direto-da-fabrica-em-aparecida-de-goiania-a-escolha-certa-para-sua-construcao\/#breadcrumb\",\"itemListElement\":[{\"@type\":\"ListItem\",\"position\":1,\"name\":\"Home\",\"item\":\"https:\/\/grupobraco.com.br\/conteudo\/\"},{\"@type\":\"ListItem\",\"position\":2,\"name\":\"Vergalh\u00e3o Direto da F\u00e1brica em Aparecida de Goi\u00e2nia: A Escolha Certa para Sua Constru\u00e7\u00e3o\"}]},{\"@type\":\"WebSite\",\"@id\":\"https:\/\/grupobraco.com.br\/conteudo\/#website\",\"url\":\"https:\/\/grupobraco.com.br\/conteudo\/\",\"name\":\"Br A\u00e7o\",\"description\":\"Seus projetos na velocidade m\u00e1xima\",\"publisher\":{\"@id\":\"https:\/\/grupobraco.com.br\/conteudo\/#organization\"},\"potentialAction\":[{\"@type\":\"SearchAction\",\"target\":{\"@type\":\"EntryPoint\",\"urlTemplate\":\"https:\/\/grupobraco.com.br\/conteudo\/?s={search_term_string}\"},\"query-input\":{\"@type\":\"PropertyValueSpecification\",\"valueRequired\":true,\"valueName\":\"search_term_string\"}}],\"inLanguage\":\"pt-BR\"},{\"@type\":\"Organization\",\"@id\":\"https:\/\/grupobraco.com.br\/conteudo\/#organization\",\"name\":\"Br A\u00e7o\",\"url\":\"https:\/\/grupobraco.com.br\/conteudo\/\",\"logo\":{\"@type\":\"ImageObject\",\"inLanguage\":\"pt-BR\",\"@id\":\"https:\/\/grupobraco.com.br\/conteudo\/#\/schema\/logo\/image\/\",\"url\":\"https:\/\/grupobraco.com.br\/conteudo\/wp-content\/uploads\/2025\/04\/Z340-Logotipia-Reestruturacao-do-Branding.png\",\"contentUrl\":\"https:\/\/grupobraco.com.br\/conteudo\/wp-content\/uploads\/2025\/04\/Z340-Logotipia-Reestruturacao-do-Branding.png\",\"width\":1530,\"height\":1080,\"caption\":\"Br A\u00e7o\"},\"image\":{\"@id\":\"https:\/\/grupobraco.com.br\/conteudo\/#\/schema\/logo\/image\/\"}}]}<\/script>\n<!-- \/ Yoast SEO plugin. -->","yoast_head_json":{"title":"Vergalh\u00e3o Direto da F\u00e1brica em Aparecida de Goi\u00e2nia - Vantagens e Qualidade na BR A\u00e7o","description":"Descubra as vantagens de adquirir vergalh\u00e3o direto da f\u00e1brica em Aparecida de Goi\u00e2nia na BR A\u00e7o, qualidade e entrega r\u00e1pida na sua constru\u00e7\u00e3o.","robots":{"index":"index","follow":"follow","max-snippet":"max-snippet:-1","max-image-preview":"max-image-preview:large","max-video-preview":"max-video-preview:-1"},"canonical":"https:\/\/grupobraco.com.br\/conteudo\/vergalhao-direto-da-fabrica-em-aparecida-de-goiania-a-escolha-certa-para-sua-construcao\/","og_locale":"pt_BR","og_type":"article","og_title":"Vergalh\u00e3o Direto da F\u00e1brica em Aparecida de Goi\u00e2nia - Vantagens e Qualidade na BR A\u00e7o","og_description":"Descubra as vantagens de adquirir vergalh\u00e3o direto da f\u00e1brica em Aparecida de Goi\u00e2nia na BR A\u00e7o, qualidade e entrega r\u00e1pida na sua constru\u00e7\u00e3o.","og_url":"https:\/\/grupobraco.com.br\/conteudo\/vergalhao-direto-da-fabrica-em-aparecida-de-goiania-a-escolha-certa-para-sua-construcao\/","og_site_name":"Br A\u00e7o","twitter_card":"summary_large_image","twitter_misc":{"Est. tempo de leitura":"1 minuto"},"schema":{"@context":"https:\/\/schema.org","@graph":[{"@type":"WebPage","@id":"https:\/\/grupobraco.com.br\/conteudo\/vergalhao-direto-da-fabrica-em-aparecida-de-goiania-a-escolha-certa-para-sua-construcao\/","url":"https:\/\/grupobraco.com.br\/conteudo\/vergalhao-direto-da-fabrica-em-aparecida-de-goiania-a-escolha-certa-para-sua-construcao\/","name":"Vergalh\u00e3o Direto da F\u00e1brica em Aparecida de Goi\u00e2nia - Vantagens e Qualidade na BR A\u00e7o","isPartOf":{"@id":"https:\/\/grupobraco.com.br\/conteudo\/#website"},"datePublished":"2025-04-18T02:00:56+00:00","dateModified":"2025-04-18T02:00:56+00:00","description":"Descubra as vantagens de adquirir vergalh\u00e3o direto da f\u00e1brica em Aparecida de Goi\u00e2nia na BR A\u00e7o, qualidade e entrega r\u00e1pida na sua constru\u00e7\u00e3o.","breadcrumb":{"@id":"https:\/\/grupobraco.com.br\/conteudo\/vergalhao-direto-da-fabrica-em-aparecida-de-goiania-a-escolha-certa-para-sua-construcao\/#breadcrumb"},"inLanguage":"pt-BR","potentialAction":[{"@type":"ReadAction","target":["https:\/\/grupobraco.com.br\/conteudo\/vergalhao-direto-da-fabrica-em-aparecida-de-goiania-a-escolha-certa-para-sua-construcao\/"]}]},{"@type":"BreadcrumbList","@id":"https:\/\/grupobraco.com.br\/conteudo\/vergalhao-direto-da-fabrica-em-aparecida-de-goiania-a-escolha-certa-para-sua-construcao\/#breadcrumb","itemListElement":[{"@type":"ListItem","position":1,"name":"Home","item":"https:\/\/grupobraco.com.br\/conteudo\/"},{"@type":"ListItem","position":2,"name":"Vergalh\u00e3o Direto da F\u00e1brica em Aparecida de Goi\u00e2nia: A Escolha Certa para Sua Constru\u00e7\u00e3o"}]},{"@type":"WebSite","@id":"https:\/\/grupobraco.com.br\/conteudo\/#website","url":"https:\/\/grupobraco.com.br\/conteudo\/","name":"Br A\u00e7o","description":"Seus projetos na velocidade m\u00e1xima","publisher":{"@id":"https:\/\/grupobraco.com.br\/conteudo\/#organization"},"potentialAction":[{"@type":"SearchAction","target":{"@type":"EntryPoint","urlTemplate":"https:\/\/grupobraco.com.br\/conteudo\/?s={search_term_string}"},"query-input":{"@type":"PropertyValueSpecification","valueRequired":true,"valueName":"search_term_string"}}],"inLanguage":"pt-BR"},{"@type":"Organization","@id":"https:\/\/grupobraco.com.br\/conteudo\/#organization","name":"Br A\u00e7o","url":"https:\/\/grupobraco.com.br\/conteudo\/","logo":{"@type":"ImageObject","inLanguage":"pt-BR","@id":"https:\/\/grupobraco.com.br\/conteudo\/#\/schema\/logo\/image\/","url":"https:\/\/grupobraco.com.br\/conteudo\/wp-content\/uploads\/2025\/04\/Z340-Logotipia-Reestruturacao-do-Branding.png","contentUrl":"https:\/\/grupobraco.com.br\/conteudo\/wp-content\/uploads\/2025\/04\/Z340-Logotipia-Reestruturacao-do-Branding.png","width":1530,"height":1080,"caption":"Br A\u00e7o"},"image":{"@id":"https:\/\/grupobraco.com.br\/conteudo\/#\/schema\/logo\/image\/"}}]}},"_links":{"self":[{"href":"https:\/\/grupobraco.com.br\/conteudo\/wp-json\/wp\/v2\/pages\/5172","targetHints":{"allow":["GET"]}}],"collection":[{"href":"https:\/\/grupobraco.com.br\/conteudo\/wp-json\/wp\/v2\/pages"}],"about":[{"href":"https:\/\/grupobraco.com.br\/conteudo\/wp-json\/wp\/v2\/types\/page"}],"author":[{"embeddable":true,"href":"https:\/\/grupobraco.com.br\/conteudo\/wp-json\/wp\/v2\/users\/3"}],"replies":[{"embeddable":true,"href":"https:\/\/grupobraco.com.br\/conteudo\/wp-json\/wp\/v2\/comments?post=5172"}],"version-history":[{"count":0,"href":"https:\/\/grupobraco.com.br\/conteudo\/wp-json\/wp\/v2\/pages\/5172\/revisions"}],"wp:attachment":[{"href":"https:\/\/grupobraco.com.br\/conteudo\/wp-json\/wp\/v2\/media?parent=5172"}],"curies":[{"name":"wp","href":"https:\/\/api.w.org\/{rel}","templated":true}]}}