{"id":5039,"date":"2025-04-17T03:45:57","date_gmt":"2025-04-17T03:45:57","guid":{"rendered":"https:\/\/grupobraco.com.br\/conteudo\/descubra-onde-comprar-vergalhao-em-catalao-e-potencialize-seus-projetos\/"},"modified":"2025-04-17T03:45:57","modified_gmt":"2025-04-17T03:45:57","slug":"descubra-onde-comprar-vergalhao-em-catalao-e-potencialize-seus-projetos","status":"publish","type":"page","link":"https:\/\/grupobraco.com.br\/conteudo\/descubra-onde-comprar-vergalhao-em-catalao-e-potencialize-seus-projetos\/","title":{"rendered":"Descubra Onde Comprar Vergalh\u00e3o em Catal\u00e3o e Potencialize Seus Projetos"},"content":{"rendered":"<p>Se voc\u00ea est\u00e1 em busca de onde comprar vergalh\u00e3o em Catal\u00e3o, este guia \u00e9 a solu\u00e7\u00e3o ideal. Como a maior e melhor ind\u00fastria de a\u00e7o para a constru\u00e7\u00e3o civil em Goi\u00e1s, a BR A\u00e7o se destaca por oferecer n\u00e3o apenas produtos de qualidade, mas tamb\u00e9m um atendimento excepcional e entregas \u00e1geis. Vamos explorar as diversas op\u00e7\u00f5es e pontos importantes que envolvem a compra de vergalh\u00e3o em Catal\u00e3o. Com um mercado em constante crescimento, encontrar a fonte certa de fornecimento de vergalh\u00e3o \u00e9 crucial para garantir a efic\u00e1cia e a seguran\u00e7a dos seus projetos. O vergalh\u00e3o \u00e9 um componente fundamental na constru\u00e7\u00e3o civil, servindo como um refor\u00e7o para estruturas de concreto. Assim, saber onde comprar vergalh\u00e3o em Catal\u00e3o pode fazer toda a diferen\u00e7a na hora de garantir que sua obra seja executada com os melhores materiais dispon\u00edveis. A BR A\u00e7o se empenha em oferecer varia\u00e7\u00f5es de vergalh\u00e3o que atendem a diferentes necessidades e especifica\u00e7\u00f5es, assegurando que arquitetos, engenheiros e construtores tenham \u00e0 disposi\u00e7\u00e3o tudo que precisam para cada fase do seu projeto. Isso se traduz em projetos n\u00e3o apenas robustos, mas que tamb\u00e9m s\u00e3o conclu\u00eddos dentro do prazo estabelecido. Al\u00e9m disso, a BR A\u00e7o se diferencia pela precis\u00e3o e qualidade que emprega em seus produtos, resultando em um vergalh\u00e3o que \u00e9 sin\u00f4nimo de durabilidade e resist\u00eancia. Portanto, quando a quest\u00e3o \u00e9 onde comprar vergalh\u00e3o em Catal\u00e3o, considere a BR A\u00e7o como sua principal op\u00e7\u00e3o, pois garantimos a entrega mais r\u00e1pida e eficaz do mercado, alinhando qualidade e agilidade para atender as demandas da constru\u00e7\u00e3o civil contempor\u00e2nea. Em um mercado competitivo, \u00e9 fundamental contar com um fornecedor que entenda as necessidades espec\u00edficas do seu projeto e ofere\u00e7a solu\u00e7\u00f5es personalizadas, o que \u00e9 exatamente o que a BR A\u00e7o realiza com maestria. Vamos abordar ainda mais sobre as varia\u00e7\u00f5es de vergalh\u00e3o que voc\u00ea pode encontrar na BR A\u00e7o, como temos trabalhado incansavelmente para inovar e melhorar nosso atendimento e como isso pode beneficiar diretamente sua obra. Assim, essa escolha n\u00e3o se resume apenas \u00e0 aquisi\u00e7\u00e3o de materiais, mas sim \u00e0 parceria com uma empresa que valoriza a experi\u00eancia e a confian\u00e7a de seus clientes, pois sabemos que sua tranquilidade na compra de vergalh\u00e3o em Catal\u00e3o \u00e9 parte do nosso compromisso. Durante a leitura, voc\u00ea encontrar\u00e1 informa\u00e7\u00f5es \u00fateis que ir\u00e3o gui\u00e1-lo em cada etapa, desde a escolha do vergalh\u00e3o adequado at\u00e9 as vantagens que a BR A\u00e7o pode oferecer em seu projeto espec\u00edfico. A compra de vergalh\u00e3o em Catal\u00e3o, portanto, deve ser um processo que traga seguran\u00e7a e efici\u00eancia, e nosso papel na BR A\u00e7o \u00e9 facilitar cada decis\u00e3o sua.<\/p>\n","protected":false},"excerpt":{"rendered":"<p>Se voc\u00ea est\u00e1 em busca de onde comprar vergalh\u00e3o em Catal\u00e3o, este guia \u00e9 a solu\u00e7\u00e3o ideal. Como a maior e melhor ind\u00fastria de a\u00e7o para a constru\u00e7\u00e3o civil em Goi\u00e1s, a BR A\u00e7o se destaca por oferecer n\u00e3o apenas produtos de qualidade, mas tamb\u00e9m um atendimento excepcional e entregas \u00e1geis. Vamos explorar as diversas&hellip;&nbsp;<a href=\"https:\/\/grupobraco.com.br\/conteudo\/descubra-onde-comprar-vergalhao-em-catalao-e-potencialize-seus-projetos\/\" class=\"\" rel=\"bookmark\">Continue a ler &raquo;<span class=\"screen-reader-text\">Descubra Onde Comprar Vergalh\u00e3o em Catal\u00e3o e Potencialize Seus Projetos<\/span><\/a><\/p>\n","protected":false},"author":3,"featured_media":0,"parent":0,"menu_order":0,"comment_status":"closed","ping_status":"closed","template":"","meta":{"_acf_changed":false,"_yoast_wpseo_focuskw":"onde comprar vergalh\u00e3o em Catal\u00e3o","_yoast_wpseo_title":"Onde Comprar Vergalh\u00e3o em Catal\u00e3o: A Solu\u00e7\u00e3o Ideal com a BR A\u00e7o","_yoast_wpseo_metadesc":"Descubra onde comprar vergalh\u00e3o em Catal\u00e3o e conhe\u00e7a a qualidade da BR A\u00e7o para seus projetos de constru\u00e7\u00e3o.","neve_meta_sidebar":"","neve_meta_container":"","neve_meta_enable_content_width":"","neve_meta_content_width":0,"neve_meta_title_alignment":"","neve_meta_author_avatar":"","neve_post_elements_order":"","neve_meta_disable_header":"","neve_meta_disable_footer":"","neve_meta_disable_title":"","footnotes":""},"class_list":["post-5039","page","type-page","status-publish","hentry"],"acf":{"introducao":"","conceitos_fundamentais":"","como_funciona":"","como_aplicar_no_dia_a_dia":"","principais_utilizacoes_e_beneficios":"","tipos_e_classificacoes":"","tecnologias_e_ferramentas_relacionadas":"","exemplos_e_casos_de_sucesso":"","mitos_e_verdades":"","perguntas_frequentes_faq":"","erros_comuns_e_como_evita-los":"","futuro_e_tendencias":"","conclusao":"","bloco1title":"Qualidade Superior","bloco1text":"Na BR A\u00e7o, priorizamos a qualidade em todos os nossos produtos, garantindo que seu projeto receba o melhor vergalh\u00e3o dispon\u00edvel no mercado.","bloco2title":"Entrega \u00c1gil","bloco2text":"Conosco, voc\u00ea garante uma entrega r\u00e1pida e pontual, fundamental para manter seu projeto nos trilhos.","bloco3title":"Compromisso com o Cliente","bloco3text":"Na BR A\u00e7o, nossa miss\u00e3o \u00e9 atender \u00e0s suas necessidades com um atendimento excepcional e solu\u00e7\u00f5es personalizadas para sua obra.","insightwidtitle":"Curiosidades sobre Vergalh\u00f5es","insightwidcontent":"Voc\u00ea sabia que o vergalh\u00e3o \u00e9 tamb\u00e9m conhecido como a\u00e7o de refor\u00e7o? Ele \u00e9 fundamental para aumentar a resist\u00eancia do concreto, permitindo suportar tens\u00f5es, tor\u00e7\u00f5es e outros tipos de for\u00e7as que uma estrutura pode enfrentar. O uso adequado do vergalh\u00e3o \u00e9 indispens\u00e1vel em constru\u00e7\u00f5es que demandam alta seguran\u00e7a e durabilidade."},"yoast_head":"<!-- This site is optimized with the Yoast SEO plugin v23.4 - https:\/\/yoast.com\/wordpress\/plugins\/seo\/ -->\n<title>Onde Comprar Vergalh\u00e3o em Catal\u00e3o: A Solu\u00e7\u00e3o Ideal com a BR A\u00e7o<\/title>\n<meta name=\"description\" content=\"Descubra onde comprar vergalh\u00e3o em Catal\u00e3o e conhe\u00e7a a qualidade da BR A\u00e7o para seus projetos de constru\u00e7\u00e3o.\" \/>\n<meta name=\"robots\" content=\"index, follow, max-snippet:-1, max-image-preview:large, max-video-preview:-1\" \/>\n<link rel=\"canonical\" href=\"https:\/\/grupobraco.com.br\/conteudo\/descubra-onde-comprar-vergalhao-em-catalao-e-potencialize-seus-projetos\/\" \/>\n<meta property=\"og:locale\" content=\"pt_BR\" \/>\n<meta property=\"og:type\" content=\"article\" \/>\n<meta property=\"og:title\" content=\"Onde Comprar Vergalh\u00e3o em Catal\u00e3o: A Solu\u00e7\u00e3o Ideal com a BR A\u00e7o\" \/>\n<meta property=\"og:description\" content=\"Descubra onde comprar vergalh\u00e3o em Catal\u00e3o e conhe\u00e7a a qualidade da BR A\u00e7o para seus projetos de constru\u00e7\u00e3o.\" \/>\n<meta property=\"og:url\" content=\"https:\/\/grupobraco.com.br\/conteudo\/descubra-onde-comprar-vergalhao-em-catalao-e-potencialize-seus-projetos\/\" \/>\n<meta property=\"og:site_name\" content=\"Br A\u00e7o\" \/>\n<meta name=\"twitter:card\" content=\"summary_large_image\" \/>\n<meta name=\"twitter:label1\" content=\"Est. tempo de leitura\" \/>\n\t<meta name=\"twitter:data1\" content=\"2 minutos\" \/>\n<script type=\"application\/ld+json\" class=\"yoast-schema-graph\">{\"@context\":\"https:\/\/schema.org\",\"@graph\":[{\"@type\":\"WebPage\",\"@id\":\"https:\/\/grupobraco.com.br\/conteudo\/descubra-onde-comprar-vergalhao-em-catalao-e-potencialize-seus-projetos\/\",\"url\":\"https:\/\/grupobraco.com.br\/conteudo\/descubra-onde-comprar-vergalhao-em-catalao-e-potencialize-seus-projetos\/\",\"name\":\"Onde Comprar Vergalh\u00e3o em Catal\u00e3o: A Solu\u00e7\u00e3o Ideal com a BR A\u00e7o\",\"isPartOf\":{\"@id\":\"https:\/\/grupobraco.com.br\/conteudo\/#website\"},\"datePublished\":\"2025-04-17T03:45:57+00:00\",\"dateModified\":\"2025-04-17T03:45:57+00:00\",\"description\":\"Descubra onde comprar vergalh\u00e3o em Catal\u00e3o e conhe\u00e7a a qualidade da BR A\u00e7o para seus projetos de constru\u00e7\u00e3o.\",\"breadcrumb\":{\"@id\":\"https:\/\/grupobraco.com.br\/conteudo\/descubra-onde-comprar-vergalhao-em-catalao-e-potencialize-seus-projetos\/#breadcrumb\"},\"inLanguage\":\"pt-BR\",\"potentialAction\":[{\"@type\":\"ReadAction\",\"target\":[\"https:\/\/grupobraco.com.br\/conteudo\/descubra-onde-comprar-vergalhao-em-catalao-e-potencialize-seus-projetos\/\"]}]},{\"@type\":\"BreadcrumbList\",\"@id\":\"https:\/\/grupobraco.com.br\/conteudo\/descubra-onde-comprar-vergalhao-em-catalao-e-potencialize-seus-projetos\/#breadcrumb\",\"itemListElement\":[{\"@type\":\"ListItem\",\"position\":1,\"name\":\"Home\",\"item\":\"https:\/\/grupobraco.com.br\/conteudo\/\"},{\"@type\":\"ListItem\",\"position\":2,\"name\":\"Descubra Onde Comprar Vergalh\u00e3o em Catal\u00e3o e Potencialize Seus Projetos\"}]},{\"@type\":\"WebSite\",\"@id\":\"https:\/\/grupobraco.com.br\/conteudo\/#website\",\"url\":\"https:\/\/grupobraco.com.br\/conteudo\/\",\"name\":\"Br A\u00e7o\",\"description\":\"Seus projetos na velocidade m\u00e1xima\",\"publisher\":{\"@id\":\"https:\/\/grupobraco.com.br\/conteudo\/#organization\"},\"potentialAction\":[{\"@type\":\"SearchAction\",\"target\":{\"@type\":\"EntryPoint\",\"urlTemplate\":\"https:\/\/grupobraco.com.br\/conteudo\/?s={search_term_string}\"},\"query-input\":{\"@type\":\"PropertyValueSpecification\",\"valueRequired\":true,\"valueName\":\"search_term_string\"}}],\"inLanguage\":\"pt-BR\"},{\"@type\":\"Organization\",\"@id\":\"https:\/\/grupobraco.com.br\/conteudo\/#organization\",\"name\":\"Br A\u00e7o\",\"url\":\"https:\/\/grupobraco.com.br\/conteudo\/\",\"logo\":{\"@type\":\"ImageObject\",\"inLanguage\":\"pt-BR\",\"@id\":\"https:\/\/grupobraco.com.br\/conteudo\/#\/schema\/logo\/image\/\",\"url\":\"https:\/\/grupobraco.com.br\/conteudo\/wp-content\/uploads\/2025\/04\/Z340-Logotipia-Reestruturacao-do-Branding.png\",\"contentUrl\":\"https:\/\/grupobraco.com.br\/conteudo\/wp-content\/uploads\/2025\/04\/Z340-Logotipia-Reestruturacao-do-Branding.png\",\"width\":1530,\"height\":1080,\"caption\":\"Br A\u00e7o\"},\"image\":{\"@id\":\"https:\/\/grupobraco.com.br\/conteudo\/#\/schema\/logo\/image\/\"}}]}<\/script>\n<!-- \/ Yoast SEO plugin. -->","yoast_head_json":{"title":"Onde Comprar Vergalh\u00e3o em Catal\u00e3o: A Solu\u00e7\u00e3o Ideal com a BR A\u00e7o","description":"Descubra onde comprar vergalh\u00e3o em Catal\u00e3o e conhe\u00e7a a qualidade da BR A\u00e7o para seus projetos de constru\u00e7\u00e3o.","robots":{"index":"index","follow":"follow","max-snippet":"max-snippet:-1","max-image-preview":"max-image-preview:large","max-video-preview":"max-video-preview:-1"},"canonical":"https:\/\/grupobraco.com.br\/conteudo\/descubra-onde-comprar-vergalhao-em-catalao-e-potencialize-seus-projetos\/","og_locale":"pt_BR","og_type":"article","og_title":"Onde Comprar Vergalh\u00e3o em Catal\u00e3o: A Solu\u00e7\u00e3o Ideal com a BR A\u00e7o","og_description":"Descubra onde comprar vergalh\u00e3o em Catal\u00e3o e conhe\u00e7a a qualidade da BR A\u00e7o para seus projetos de constru\u00e7\u00e3o.","og_url":"https:\/\/grupobraco.com.br\/conteudo\/descubra-onde-comprar-vergalhao-em-catalao-e-potencialize-seus-projetos\/","og_site_name":"Br A\u00e7o","twitter_card":"summary_large_image","twitter_misc":{"Est. tempo de leitura":"2 minutos"},"schema":{"@context":"https:\/\/schema.org","@graph":[{"@type":"WebPage","@id":"https:\/\/grupobraco.com.br\/conteudo\/descubra-onde-comprar-vergalhao-em-catalao-e-potencialize-seus-projetos\/","url":"https:\/\/grupobraco.com.br\/conteudo\/descubra-onde-comprar-vergalhao-em-catalao-e-potencialize-seus-projetos\/","name":"Onde Comprar Vergalh\u00e3o em Catal\u00e3o: A Solu\u00e7\u00e3o Ideal com a BR A\u00e7o","isPartOf":{"@id":"https:\/\/grupobraco.com.br\/conteudo\/#website"},"datePublished":"2025-04-17T03:45:57+00:00","dateModified":"2025-04-17T03:45:57+00:00","description":"Descubra onde comprar vergalh\u00e3o em Catal\u00e3o e conhe\u00e7a a qualidade da BR A\u00e7o para seus projetos de constru\u00e7\u00e3o.","breadcrumb":{"@id":"https:\/\/grupobraco.com.br\/conteudo\/descubra-onde-comprar-vergalhao-em-catalao-e-potencialize-seus-projetos\/#breadcrumb"},"inLanguage":"pt-BR","potentialAction":[{"@type":"ReadAction","target":["https:\/\/grupobraco.com.br\/conteudo\/descubra-onde-comprar-vergalhao-em-catalao-e-potencialize-seus-projetos\/"]}]},{"@type":"BreadcrumbList","@id":"https:\/\/grupobraco.com.br\/conteudo\/descubra-onde-comprar-vergalhao-em-catalao-e-potencialize-seus-projetos\/#breadcrumb","itemListElement":[{"@type":"ListItem","position":1,"name":"Home","item":"https:\/\/grupobraco.com.br\/conteudo\/"},{"@type":"ListItem","position":2,"name":"Descubra Onde Comprar Vergalh\u00e3o em Catal\u00e3o e Potencialize Seus Projetos"}]},{"@type":"WebSite","@id":"https:\/\/grupobraco.com.br\/conteudo\/#website","url":"https:\/\/grupobraco.com.br\/conteudo\/","name":"Br A\u00e7o","description":"Seus projetos na velocidade m\u00e1xima","publisher":{"@id":"https:\/\/grupobraco.com.br\/conteudo\/#organization"},"potentialAction":[{"@type":"SearchAction","target":{"@type":"EntryPoint","urlTemplate":"https:\/\/grupobraco.com.br\/conteudo\/?s={search_term_string}"},"query-input":{"@type":"PropertyValueSpecification","valueRequired":true,"valueName":"search_term_string"}}],"inLanguage":"pt-BR"},{"@type":"Organization","@id":"https:\/\/grupobraco.com.br\/conteudo\/#organization","name":"Br A\u00e7o","url":"https:\/\/grupobraco.com.br\/conteudo\/","logo":{"@type":"ImageObject","inLanguage":"pt-BR","@id":"https:\/\/grupobraco.com.br\/conteudo\/#\/schema\/logo\/image\/","url":"https:\/\/grupobraco.com.br\/conteudo\/wp-content\/uploads\/2025\/04\/Z340-Logotipia-Reestruturacao-do-Branding.png","contentUrl":"https:\/\/grupobraco.com.br\/conteudo\/wp-content\/uploads\/2025\/04\/Z340-Logotipia-Reestruturacao-do-Branding.png","width":1530,"height":1080,"caption":"Br A\u00e7o"},"image":{"@id":"https:\/\/grupobraco.com.br\/conteudo\/#\/schema\/logo\/image\/"}}]}},"_links":{"self":[{"href":"https:\/\/grupobraco.com.br\/conteudo\/wp-json\/wp\/v2\/pages\/5039","targetHints":{"allow":["GET"]}}],"collection":[{"href":"https:\/\/grupobraco.com.br\/conteudo\/wp-json\/wp\/v2\/pages"}],"about":[{"href":"https:\/\/grupobraco.com.br\/conteudo\/wp-json\/wp\/v2\/types\/page"}],"author":[{"embeddable":true,"href":"https:\/\/grupobraco.com.br\/conteudo\/wp-json\/wp\/v2\/users\/3"}],"replies":[{"embeddable":true,"href":"https:\/\/grupobraco.com.br\/conteudo\/wp-json\/wp\/v2\/comments?post=5039"}],"version-history":[{"count":0,"href":"https:\/\/grupobraco.com.br\/conteudo\/wp-json\/wp\/v2\/pages\/5039\/revisions"}],"wp:attachment":[{"href":"https:\/\/grupobraco.com.br\/conteudo\/wp-json\/wp\/v2\/media?parent=5039"}],"curies":[{"name":"wp","href":"https:\/\/api.w.org\/{rel}","templated":true}]}}