{"id":4643,"date":"2025-04-15T02:00:51","date_gmt":"2025-04-15T02:00:51","guid":{"rendered":"https:\/\/grupobraco.com.br\/conteudo\/descubra-o-melhor-preco-de-vergalhao-em-rio-verde-com-a-br-aco\/"},"modified":"2025-04-15T02:00:51","modified_gmt":"2025-04-15T02:00:51","slug":"descubra-o-melhor-preco-de-vergalhao-em-rio-verde-com-a-br-aco","status":"publish","type":"page","link":"https:\/\/grupobraco.com.br\/conteudo\/descubra-o-melhor-preco-de-vergalhao-em-rio-verde-com-a-br-aco\/","title":{"rendered":"Descubra o Melhor Pre\u00e7o de Vergalh\u00e3o em Rio Verde com a BR A\u00e7o"},"content":{"rendered":"<p>Se voc\u00ea est\u00e1 em busca de informa\u00e7\u00f5es sobre o pre\u00e7o de vergalh\u00e3o em Rio Verde, chegou ao local certo. A BR A\u00e7o se destaca no mercado com produtos de alta qualidade e uma excelente rela\u00e7\u00e3o custo-benef\u00edcio. Nossos vergalh\u00f5es s\u00e3o fabricados com rigorosos padr\u00f5es de qualidade, garantindo durabilidade e resist\u00eancia para suas obras. Sabemos que o pre\u00e7o \u00e9 um fator importante na hora da compra, e por isso nos comprometemos a oferecer as melhores tarifas, adequando-nos \u00e0s necessidades do seu projeto. Vamos explorar esta tem\u00e1tica em profundidade, pois queremos garantir que voc\u00ea tome a melhor decis\u00e3o para suas constru\u00e7\u00f5es. A BR A\u00e7o tem uma equipe de especialistas prontos para oferecer as informa\u00e7\u00f5es necess\u00e1rias sobre pre\u00e7os e especifica\u00e7\u00f5es t\u00e9cnicas, al\u00e9m de ajudar voc\u00ea a encontrar a solu\u00e7\u00e3o ideal para seu projeto, seja ele pequeno ou grande. Vamos falar sobre a import\u00e2ncia do vergalh\u00e3o, como escolher o melhor pre\u00e7o e entender como a qualidade pode influenciar no custeio final da sua obra. Acompanhe nossas dicas e se prepare para realizar suas compras com confian\u00e7a e seguran\u00e7a na BR A\u00e7o, onde somos sempre a sua melhor escolha quando se trata de vergalh\u00e3o em Rio Verde.<\/p>\n","protected":false},"excerpt":{"rendered":"<p>Se voc\u00ea est\u00e1 em busca de informa\u00e7\u00f5es sobre o pre\u00e7o de vergalh\u00e3o em Rio Verde, chegou ao local certo. A BR A\u00e7o se destaca no mercado com produtos de alta qualidade e uma excelente rela\u00e7\u00e3o custo-benef\u00edcio. Nossos vergalh\u00f5es s\u00e3o fabricados com rigorosos padr\u00f5es de qualidade, garantindo durabilidade e resist\u00eancia para suas obras. Sabemos que o&hellip;&nbsp;<a href=\"https:\/\/grupobraco.com.br\/conteudo\/descubra-o-melhor-preco-de-vergalhao-em-rio-verde-com-a-br-aco\/\" class=\"\" rel=\"bookmark\">Continue a ler &raquo;<span class=\"screen-reader-text\">Descubra o Melhor Pre\u00e7o de Vergalh\u00e3o em Rio Verde com a BR A\u00e7o<\/span><\/a><\/p>\n","protected":false},"author":3,"featured_media":0,"parent":0,"menu_order":0,"comment_status":"closed","ping_status":"closed","template":"","meta":{"_acf_changed":false,"_yoast_wpseo_focuskw":"Vergalh\u00e3o pre\u00e7o em Rio Verde","_yoast_wpseo_title":"Vergalh\u00e3o Pre\u00e7o em Rio Verde: Descubra as Melhores Ofertas na BR A\u00e7o","_yoast_wpseo_metadesc":"Descubra o melhor pre\u00e7o de vergalh\u00e3o em Rio Verde com a BR A\u00e7o, a sua fonte confi\u00e1vel de materiais de constru\u00e7\u00e3o de qualidade.","neve_meta_sidebar":"","neve_meta_container":"","neve_meta_enable_content_width":"","neve_meta_content_width":0,"neve_meta_title_alignment":"","neve_meta_author_avatar":"","neve_post_elements_order":"","neve_meta_disable_header":"","neve_meta_disable_footer":"","neve_meta_disable_title":"","footnotes":""},"class_list":["post-4643","page","type-page","status-publish","hentry"],"acf":{"introducao":"","conceitos_fundamentais":"","como_funciona":"","como_aplicar_no_dia_a_dia":"","principais_utilizacoes_e_beneficios":"","tipos_e_classificacoes":"","tecnologias_e_ferramentas_relacionadas":"","exemplos_e_casos_de_sucesso":"","mitos_e_verdades":"","perguntas_frequentes_faq":"","erros_comuns_e_como_evita-los":"","futuro_e_tendencias":"","conclusao":"","bloco1title":"Qualidade Sempre","bloco1text":"A BR A\u00e7o combina qualidade com pre\u00e7os competitivos, oferecendo o melhor vergalh\u00e3o em Rio Verde para suas obras.","bloco2title":"Entrega \u00c1gil","bloco2text":"Garantimos uma entrega r\u00e1pida para que seu projeto n\u00e3o atrase.","bloco3title":"Dicas sobre Vergalh\u00e3o","bloco3text":"Entenda como escolher o vergalh\u00e3o adequado pode impactar diretamente no custo e na qualidade da sua constru\u00e7\u00e3o.","insightwidtitle":"Curiosidades sobre Vergalh\u00f5es","insightwidcontent":"Voc\u00ea sabia que o uso de vergalh\u00e3o na constru\u00e7\u00e3o civil \u00e9 obrigat\u00f3rio em muitas regi\u00f5es? Isso se deve \u00e0 sua fun\u00e7\u00e3o crucial na resist\u00eancia de estruturas de concreto, mantendo a integridade e seguran\u00e7a das obras, especialmente em \u00e1reas sujeitas a movimentos s\u00edsmicos ou fortes chuvas. Por isso, a escolha de um bom fornecedor e a utiliza\u00e7\u00e3o de vergalh\u00f5es de qualidade s\u00e3o indispens\u00e1veis para a longevidade de qualquer constru\u00e7\u00e3o."},"yoast_head":"<!-- This site is optimized with the Yoast SEO plugin v23.4 - https:\/\/yoast.com\/wordpress\/plugins\/seo\/ -->\n<title>Vergalh\u00e3o Pre\u00e7o em Rio Verde: Descubra as Melhores Ofertas na BR A\u00e7o<\/title>\n<meta name=\"description\" content=\"Descubra o melhor pre\u00e7o de vergalh\u00e3o em Rio Verde com a BR A\u00e7o, a sua fonte confi\u00e1vel de materiais de constru\u00e7\u00e3o de qualidade.\" \/>\n<meta name=\"robots\" content=\"index, follow, max-snippet:-1, max-image-preview:large, max-video-preview:-1\" \/>\n<link rel=\"canonical\" href=\"https:\/\/grupobraco.com.br\/conteudo\/descubra-o-melhor-preco-de-vergalhao-em-rio-verde-com-a-br-aco\/\" \/>\n<meta property=\"og:locale\" content=\"pt_BR\" \/>\n<meta property=\"og:type\" content=\"article\" \/>\n<meta property=\"og:title\" content=\"Vergalh\u00e3o Pre\u00e7o em Rio Verde: Descubra as Melhores Ofertas na BR A\u00e7o\" \/>\n<meta property=\"og:description\" content=\"Descubra o melhor pre\u00e7o de vergalh\u00e3o em Rio Verde com a BR A\u00e7o, a sua fonte confi\u00e1vel de materiais de constru\u00e7\u00e3o de qualidade.\" \/>\n<meta property=\"og:url\" content=\"https:\/\/grupobraco.com.br\/conteudo\/descubra-o-melhor-preco-de-vergalhao-em-rio-verde-com-a-br-aco\/\" \/>\n<meta property=\"og:site_name\" content=\"Br A\u00e7o\" \/>\n<meta name=\"twitter:card\" content=\"summary_large_image\" \/>\n<meta name=\"twitter:label1\" content=\"Est. tempo de leitura\" \/>\n\t<meta name=\"twitter:data1\" content=\"1 minuto\" \/>\n<script type=\"application\/ld+json\" class=\"yoast-schema-graph\">{\"@context\":\"https:\/\/schema.org\",\"@graph\":[{\"@type\":\"WebPage\",\"@id\":\"https:\/\/grupobraco.com.br\/conteudo\/descubra-o-melhor-preco-de-vergalhao-em-rio-verde-com-a-br-aco\/\",\"url\":\"https:\/\/grupobraco.com.br\/conteudo\/descubra-o-melhor-preco-de-vergalhao-em-rio-verde-com-a-br-aco\/\",\"name\":\"Vergalh\u00e3o Pre\u00e7o em Rio Verde: Descubra as Melhores Ofertas na BR A\u00e7o\",\"isPartOf\":{\"@id\":\"https:\/\/grupobraco.com.br\/conteudo\/#website\"},\"datePublished\":\"2025-04-15T02:00:51+00:00\",\"dateModified\":\"2025-04-15T02:00:51+00:00\",\"description\":\"Descubra o melhor pre\u00e7o de vergalh\u00e3o em Rio Verde com a BR A\u00e7o, a sua fonte confi\u00e1vel de materiais de constru\u00e7\u00e3o de qualidade.\",\"breadcrumb\":{\"@id\":\"https:\/\/grupobraco.com.br\/conteudo\/descubra-o-melhor-preco-de-vergalhao-em-rio-verde-com-a-br-aco\/#breadcrumb\"},\"inLanguage\":\"pt-BR\",\"potentialAction\":[{\"@type\":\"ReadAction\",\"target\":[\"https:\/\/grupobraco.com.br\/conteudo\/descubra-o-melhor-preco-de-vergalhao-em-rio-verde-com-a-br-aco\/\"]}]},{\"@type\":\"BreadcrumbList\",\"@id\":\"https:\/\/grupobraco.com.br\/conteudo\/descubra-o-melhor-preco-de-vergalhao-em-rio-verde-com-a-br-aco\/#breadcrumb\",\"itemListElement\":[{\"@type\":\"ListItem\",\"position\":1,\"name\":\"Home\",\"item\":\"https:\/\/grupobraco.com.br\/conteudo\/\"},{\"@type\":\"ListItem\",\"position\":2,\"name\":\"Descubra o Melhor Pre\u00e7o de Vergalh\u00e3o em Rio Verde com a BR A\u00e7o\"}]},{\"@type\":\"WebSite\",\"@id\":\"https:\/\/grupobraco.com.br\/conteudo\/#website\",\"url\":\"https:\/\/grupobraco.com.br\/conteudo\/\",\"name\":\"Br A\u00e7o\",\"description\":\"Seus projetos na velocidade m\u00e1xima\",\"publisher\":{\"@id\":\"https:\/\/grupobraco.com.br\/conteudo\/#organization\"},\"potentialAction\":[{\"@type\":\"SearchAction\",\"target\":{\"@type\":\"EntryPoint\",\"urlTemplate\":\"https:\/\/grupobraco.com.br\/conteudo\/?s={search_term_string}\"},\"query-input\":{\"@type\":\"PropertyValueSpecification\",\"valueRequired\":true,\"valueName\":\"search_term_string\"}}],\"inLanguage\":\"pt-BR\"},{\"@type\":\"Organization\",\"@id\":\"https:\/\/grupobraco.com.br\/conteudo\/#organization\",\"name\":\"Br A\u00e7o\",\"url\":\"https:\/\/grupobraco.com.br\/conteudo\/\",\"logo\":{\"@type\":\"ImageObject\",\"inLanguage\":\"pt-BR\",\"@id\":\"https:\/\/grupobraco.com.br\/conteudo\/#\/schema\/logo\/image\/\",\"url\":\"https:\/\/grupobraco.com.br\/conteudo\/wp-content\/uploads\/2025\/04\/Z340-Logotipia-Reestruturacao-do-Branding.png\",\"contentUrl\":\"https:\/\/grupobraco.com.br\/conteudo\/wp-content\/uploads\/2025\/04\/Z340-Logotipia-Reestruturacao-do-Branding.png\",\"width\":1530,\"height\":1080,\"caption\":\"Br A\u00e7o\"},\"image\":{\"@id\":\"https:\/\/grupobraco.com.br\/conteudo\/#\/schema\/logo\/image\/\"}}]}<\/script>\n<!-- \/ Yoast SEO plugin. -->","yoast_head_json":{"title":"Vergalh\u00e3o Pre\u00e7o em Rio Verde: Descubra as Melhores Ofertas na BR A\u00e7o","description":"Descubra o melhor pre\u00e7o de vergalh\u00e3o em Rio Verde com a BR A\u00e7o, a sua fonte confi\u00e1vel de materiais de constru\u00e7\u00e3o de qualidade.","robots":{"index":"index","follow":"follow","max-snippet":"max-snippet:-1","max-image-preview":"max-image-preview:large","max-video-preview":"max-video-preview:-1"},"canonical":"https:\/\/grupobraco.com.br\/conteudo\/descubra-o-melhor-preco-de-vergalhao-em-rio-verde-com-a-br-aco\/","og_locale":"pt_BR","og_type":"article","og_title":"Vergalh\u00e3o Pre\u00e7o em Rio Verde: Descubra as Melhores Ofertas na BR A\u00e7o","og_description":"Descubra o melhor pre\u00e7o de vergalh\u00e3o em Rio Verde com a BR A\u00e7o, a sua fonte confi\u00e1vel de materiais de constru\u00e7\u00e3o de qualidade.","og_url":"https:\/\/grupobraco.com.br\/conteudo\/descubra-o-melhor-preco-de-vergalhao-em-rio-verde-com-a-br-aco\/","og_site_name":"Br A\u00e7o","twitter_card":"summary_large_image","twitter_misc":{"Est. tempo de leitura":"1 minuto"},"schema":{"@context":"https:\/\/schema.org","@graph":[{"@type":"WebPage","@id":"https:\/\/grupobraco.com.br\/conteudo\/descubra-o-melhor-preco-de-vergalhao-em-rio-verde-com-a-br-aco\/","url":"https:\/\/grupobraco.com.br\/conteudo\/descubra-o-melhor-preco-de-vergalhao-em-rio-verde-com-a-br-aco\/","name":"Vergalh\u00e3o Pre\u00e7o em Rio Verde: Descubra as Melhores Ofertas na BR A\u00e7o","isPartOf":{"@id":"https:\/\/grupobraco.com.br\/conteudo\/#website"},"datePublished":"2025-04-15T02:00:51+00:00","dateModified":"2025-04-15T02:00:51+00:00","description":"Descubra o melhor pre\u00e7o de vergalh\u00e3o em Rio Verde com a BR A\u00e7o, a sua fonte confi\u00e1vel de materiais de constru\u00e7\u00e3o de qualidade.","breadcrumb":{"@id":"https:\/\/grupobraco.com.br\/conteudo\/descubra-o-melhor-preco-de-vergalhao-em-rio-verde-com-a-br-aco\/#breadcrumb"},"inLanguage":"pt-BR","potentialAction":[{"@type":"ReadAction","target":["https:\/\/grupobraco.com.br\/conteudo\/descubra-o-melhor-preco-de-vergalhao-em-rio-verde-com-a-br-aco\/"]}]},{"@type":"BreadcrumbList","@id":"https:\/\/grupobraco.com.br\/conteudo\/descubra-o-melhor-preco-de-vergalhao-em-rio-verde-com-a-br-aco\/#breadcrumb","itemListElement":[{"@type":"ListItem","position":1,"name":"Home","item":"https:\/\/grupobraco.com.br\/conteudo\/"},{"@type":"ListItem","position":2,"name":"Descubra o Melhor Pre\u00e7o de Vergalh\u00e3o em Rio Verde com a BR A\u00e7o"}]},{"@type":"WebSite","@id":"https:\/\/grupobraco.com.br\/conteudo\/#website","url":"https:\/\/grupobraco.com.br\/conteudo\/","name":"Br A\u00e7o","description":"Seus projetos na velocidade m\u00e1xima","publisher":{"@id":"https:\/\/grupobraco.com.br\/conteudo\/#organization"},"potentialAction":[{"@type":"SearchAction","target":{"@type":"EntryPoint","urlTemplate":"https:\/\/grupobraco.com.br\/conteudo\/?s={search_term_string}"},"query-input":{"@type":"PropertyValueSpecification","valueRequired":true,"valueName":"search_term_string"}}],"inLanguage":"pt-BR"},{"@type":"Organization","@id":"https:\/\/grupobraco.com.br\/conteudo\/#organization","name":"Br A\u00e7o","url":"https:\/\/grupobraco.com.br\/conteudo\/","logo":{"@type":"ImageObject","inLanguage":"pt-BR","@id":"https:\/\/grupobraco.com.br\/conteudo\/#\/schema\/logo\/image\/","url":"https:\/\/grupobraco.com.br\/conteudo\/wp-content\/uploads\/2025\/04\/Z340-Logotipia-Reestruturacao-do-Branding.png","contentUrl":"https:\/\/grupobraco.com.br\/conteudo\/wp-content\/uploads\/2025\/04\/Z340-Logotipia-Reestruturacao-do-Branding.png","width":1530,"height":1080,"caption":"Br A\u00e7o"},"image":{"@id":"https:\/\/grupobraco.com.br\/conteudo\/#\/schema\/logo\/image\/"}}]}},"_links":{"self":[{"href":"https:\/\/grupobraco.com.br\/conteudo\/wp-json\/wp\/v2\/pages\/4643","targetHints":{"allow":["GET"]}}],"collection":[{"href":"https:\/\/grupobraco.com.br\/conteudo\/wp-json\/wp\/v2\/pages"}],"about":[{"href":"https:\/\/grupobraco.com.br\/conteudo\/wp-json\/wp\/v2\/types\/page"}],"author":[{"embeddable":true,"href":"https:\/\/grupobraco.com.br\/conteudo\/wp-json\/wp\/v2\/users\/3"}],"replies":[{"embeddable":true,"href":"https:\/\/grupobraco.com.br\/conteudo\/wp-json\/wp\/v2\/comments?post=4643"}],"version-history":[{"count":0,"href":"https:\/\/grupobraco.com.br\/conteudo\/wp-json\/wp\/v2\/pages\/4643\/revisions"}],"wp:attachment":[{"href":"https:\/\/grupobraco.com.br\/conteudo\/wp-json\/wp\/v2\/media?parent=4643"}],"curies":[{"name":"wp","href":"https:\/\/api.w.org\/{rel}","templated":true}]}}