{"id":4595,"date":"2025-04-14T20:00:56","date_gmt":"2025-04-14T20:00:56","guid":{"rendered":"https:\/\/grupobraco.com.br\/conteudo\/vergalhao-direto-da-fabrica-qualidade-e-eficiencia-para-seus-projetos\/"},"modified":"2025-04-14T20:00:56","modified_gmt":"2025-04-14T20:00:56","slug":"vergalhao-direto-da-fabrica-qualidade-e-eficiencia-para-seus-projetos","status":"publish","type":"page","link":"https:\/\/grupobraco.com.br\/conteudo\/vergalhao-direto-da-fabrica-qualidade-e-eficiencia-para-seus-projetos\/","title":{"rendered":"Vergalh\u00e3o Direto da F\u00e1brica: Qualidade e Efici\u00eancia para Seus Projetos"},"content":{"rendered":"<p>Quando se fala em constru\u00e7\u00e3o civil, a qualidade do material utilizado \u00e9 fundamental para garantir a seguran\u00e7a e durabilidade das estruturas. Nesse sentido, o vergalh\u00e3o direto da f\u00e1brica se destaca como uma alternativa que alia qualidade superior e pre\u00e7o justo. Ao optar por vergalh\u00e3o direto da f\u00e1brica, os construtores conseguem obter um produto que foi fabricado sob rigorosos padr\u00f5es de controle, garantindo resist\u00eancia e conformidade com as normas de seguran\u00e7a e qualidade. Al\u00e9m de oferecer um melhor desempenho nas obras, o vergalh\u00e3o direto da f\u00e1brica reduz significativamente os custos, pois elimina a intermedia\u00e7\u00e3o de distribuidores e varejistas. Assim, n\u00e3o se trata apenas de uma escolha inteligente, mas tamb\u00e9m estrat\u00e9gica para quem busca otimizar recursos e acelerar o cronograma das suas constru\u00e7\u00f5es. Na BR A\u00e7o, garantimos que o seu projeto receba o que h\u00e1 de melhor no mercado, promovendo um atendimento excepcional e um compromisso com a pontualidade na entrega dos materiais. Portanto, ao pensar em vergalh\u00e3o direto da f\u00e1brica, pense tamb\u00e9m em BR A\u00e7o \u2014 a marca que acompanha o seu projeto em todas as etapas.<\/p>\n","protected":false},"excerpt":{"rendered":"<p>Quando se fala em constru\u00e7\u00e3o civil, a qualidade do material utilizado \u00e9 fundamental para garantir a seguran\u00e7a e durabilidade das estruturas. Nesse sentido, o vergalh\u00e3o direto da f\u00e1brica se destaca como uma alternativa que alia qualidade superior e pre\u00e7o justo. Ao optar por vergalh\u00e3o direto da f\u00e1brica, os construtores conseguem obter um produto que foi&hellip;&nbsp;<a href=\"https:\/\/grupobraco.com.br\/conteudo\/vergalhao-direto-da-fabrica-qualidade-e-eficiencia-para-seus-projetos\/\" class=\"\" rel=\"bookmark\">Continue a ler &raquo;<span class=\"screen-reader-text\">Vergalh\u00e3o Direto da F\u00e1brica: Qualidade e Efici\u00eancia para Seus Projetos<\/span><\/a><\/p>\n","protected":false},"author":3,"featured_media":0,"parent":0,"menu_order":0,"comment_status":"closed","ping_status":"closed","template":"","meta":{"_acf_changed":false,"_yoast_wpseo_focuskw":"Vergalh\u00e3o direto da f\u00e1brica","_yoast_wpseo_title":"Vergalh\u00e3o Direto da F\u00e1brica: Qualidade e Seguran\u00e7a na Constru\u00e7\u00e3o","_yoast_wpseo_metadesc":"Descubra como o vergalh\u00e3o direto da f\u00e1brica garante qualidade e seguran\u00e7a para seus projetos de constru\u00e7\u00e3o civil com a BR A\u00e7o, a maior ind\u00fastria de a\u00e7o de Goi\u00e1s.","neve_meta_sidebar":"","neve_meta_container":"","neve_meta_enable_content_width":"","neve_meta_content_width":0,"neve_meta_title_alignment":"","neve_meta_author_avatar":"","neve_post_elements_order":"","neve_meta_disable_header":"","neve_meta_disable_footer":"","neve_meta_disable_title":"","footnotes":""},"class_list":["post-4595","page","type-page","status-publish","hentry"],"acf":{"introducao":"","conceitos_fundamentais":"","como_funciona":"","como_aplicar_no_dia_a_dia":"","principais_utilizacoes_e_beneficios":"","tipos_e_classificacoes":"","tecnologias_e_ferramentas_relacionadas":"","exemplos_e_casos_de_sucesso":"","mitos_e_verdades":"","perguntas_frequentes_faq":"","erros_comuns_e_como_evita-los":"","futuro_e_tendencias":"","conclusao":"","bloco1title":"Qualidade Superior","bloco1text":"Os vergalh\u00f5es direto da f\u00e1brica da BR A\u00e7o possuem qualidade garantida pelos nossos processos de fabrica\u00e7\u00e3o rigorosos.","bloco2title":"Pre\u00e7o Justo","bloco2text":"Ao comprar diretamente da f\u00e1brica, voc\u00ea elimina custos adicionais de intermedi\u00e1rios, otimizando seu investimento.","bloco3title":"Atendimento Personalizado","bloco3text":"Na BR A\u00e7o, oferecemos suporte personalizado para ajudar voc\u00ea a escolher o material ideal para seu projeto.","insightwidtitle":"Curiosidades sobre Vergalh\u00f5es","insightwidcontent":"Voc\u00ea sabia que os vergalh\u00f5es, al\u00e9m de serem fundamentais para obras, existem em diferentes graus de resist\u00eancia? O vergalh\u00e3o de a\u00e7o CA-50, por exemplo, \u00e9 um dos mais utilizados na constru\u00e7\u00e3o civil brasileira devido \u00e0 sua alta resist\u00eancia e ductilidade, tornando-o ideal para a maioria dos projetos estruturais. Al\u00e9m disso, a fabrica\u00e7\u00e3o de vergalh\u00f5es se d\u00e1 atrav\u00e9s de um processo chamado lamina\u00e7\u00e3o, que transforma o a\u00e7o em barras com as especifica\u00e7\u00f5es necess\u00e1rias."},"yoast_head":"<!-- This site is optimized with the Yoast SEO plugin v23.4 - https:\/\/yoast.com\/wordpress\/plugins\/seo\/ -->\n<title>Vergalh\u00e3o Direto da F\u00e1brica: Qualidade e Seguran\u00e7a na Constru\u00e7\u00e3o<\/title>\n<meta name=\"description\" content=\"Descubra como o vergalh\u00e3o direto da f\u00e1brica garante qualidade e seguran\u00e7a para seus projetos de constru\u00e7\u00e3o civil com a BR A\u00e7o, a maior ind\u00fastria de a\u00e7o de Goi\u00e1s.\" \/>\n<meta name=\"robots\" content=\"index, follow, max-snippet:-1, max-image-preview:large, max-video-preview:-1\" \/>\n<link rel=\"canonical\" href=\"https:\/\/grupobraco.com.br\/conteudo\/vergalhao-direto-da-fabrica-qualidade-e-eficiencia-para-seus-projetos\/\" \/>\n<meta property=\"og:locale\" content=\"pt_BR\" \/>\n<meta property=\"og:type\" content=\"article\" \/>\n<meta property=\"og:title\" content=\"Vergalh\u00e3o Direto da F\u00e1brica: Qualidade e Seguran\u00e7a na Constru\u00e7\u00e3o\" \/>\n<meta property=\"og:description\" content=\"Descubra como o vergalh\u00e3o direto da f\u00e1brica garante qualidade e seguran\u00e7a para seus projetos de constru\u00e7\u00e3o civil com a BR A\u00e7o, a maior ind\u00fastria de a\u00e7o de Goi\u00e1s.\" \/>\n<meta property=\"og:url\" content=\"https:\/\/grupobraco.com.br\/conteudo\/vergalhao-direto-da-fabrica-qualidade-e-eficiencia-para-seus-projetos\/\" \/>\n<meta property=\"og:site_name\" content=\"Br A\u00e7o\" \/>\n<meta name=\"twitter:card\" content=\"summary_large_image\" \/>\n<meta name=\"twitter:label1\" content=\"Est. tempo de leitura\" \/>\n\t<meta name=\"twitter:data1\" content=\"1 minuto\" \/>\n<script type=\"application\/ld+json\" class=\"yoast-schema-graph\">{\"@context\":\"https:\/\/schema.org\",\"@graph\":[{\"@type\":\"WebPage\",\"@id\":\"https:\/\/grupobraco.com.br\/conteudo\/vergalhao-direto-da-fabrica-qualidade-e-eficiencia-para-seus-projetos\/\",\"url\":\"https:\/\/grupobraco.com.br\/conteudo\/vergalhao-direto-da-fabrica-qualidade-e-eficiencia-para-seus-projetos\/\",\"name\":\"Vergalh\u00e3o Direto da F\u00e1brica: Qualidade e Seguran\u00e7a na Constru\u00e7\u00e3o\",\"isPartOf\":{\"@id\":\"https:\/\/grupobraco.com.br\/conteudo\/#website\"},\"datePublished\":\"2025-04-14T20:00:56+00:00\",\"dateModified\":\"2025-04-14T20:00:56+00:00\",\"description\":\"Descubra como o vergalh\u00e3o direto da f\u00e1brica garante qualidade e seguran\u00e7a para seus projetos de constru\u00e7\u00e3o civil com a BR A\u00e7o, a maior ind\u00fastria de a\u00e7o de Goi\u00e1s.\",\"breadcrumb\":{\"@id\":\"https:\/\/grupobraco.com.br\/conteudo\/vergalhao-direto-da-fabrica-qualidade-e-eficiencia-para-seus-projetos\/#breadcrumb\"},\"inLanguage\":\"pt-BR\",\"potentialAction\":[{\"@type\":\"ReadAction\",\"target\":[\"https:\/\/grupobraco.com.br\/conteudo\/vergalhao-direto-da-fabrica-qualidade-e-eficiencia-para-seus-projetos\/\"]}]},{\"@type\":\"BreadcrumbList\",\"@id\":\"https:\/\/grupobraco.com.br\/conteudo\/vergalhao-direto-da-fabrica-qualidade-e-eficiencia-para-seus-projetos\/#breadcrumb\",\"itemListElement\":[{\"@type\":\"ListItem\",\"position\":1,\"name\":\"Home\",\"item\":\"https:\/\/grupobraco.com.br\/conteudo\/\"},{\"@type\":\"ListItem\",\"position\":2,\"name\":\"Vergalh\u00e3o Direto da F\u00e1brica: Qualidade e Efici\u00eancia para Seus Projetos\"}]},{\"@type\":\"WebSite\",\"@id\":\"https:\/\/grupobraco.com.br\/conteudo\/#website\",\"url\":\"https:\/\/grupobraco.com.br\/conteudo\/\",\"name\":\"Br A\u00e7o\",\"description\":\"Seus projetos na velocidade m\u00e1xima\",\"publisher\":{\"@id\":\"https:\/\/grupobraco.com.br\/conteudo\/#organization\"},\"potentialAction\":[{\"@type\":\"SearchAction\",\"target\":{\"@type\":\"EntryPoint\",\"urlTemplate\":\"https:\/\/grupobraco.com.br\/conteudo\/?s={search_term_string}\"},\"query-input\":{\"@type\":\"PropertyValueSpecification\",\"valueRequired\":true,\"valueName\":\"search_term_string\"}}],\"inLanguage\":\"pt-BR\"},{\"@type\":\"Organization\",\"@id\":\"https:\/\/grupobraco.com.br\/conteudo\/#organization\",\"name\":\"Br A\u00e7o\",\"url\":\"https:\/\/grupobraco.com.br\/conteudo\/\",\"logo\":{\"@type\":\"ImageObject\",\"inLanguage\":\"pt-BR\",\"@id\":\"https:\/\/grupobraco.com.br\/conteudo\/#\/schema\/logo\/image\/\",\"url\":\"https:\/\/grupobraco.com.br\/conteudo\/wp-content\/uploads\/2025\/04\/Z340-Logotipia-Reestruturacao-do-Branding.png\",\"contentUrl\":\"https:\/\/grupobraco.com.br\/conteudo\/wp-content\/uploads\/2025\/04\/Z340-Logotipia-Reestruturacao-do-Branding.png\",\"width\":1530,\"height\":1080,\"caption\":\"Br A\u00e7o\"},\"image\":{\"@id\":\"https:\/\/grupobraco.com.br\/conteudo\/#\/schema\/logo\/image\/\"}}]}<\/script>\n<!-- \/ Yoast SEO plugin. -->","yoast_head_json":{"title":"Vergalh\u00e3o Direto da F\u00e1brica: Qualidade e Seguran\u00e7a na Constru\u00e7\u00e3o","description":"Descubra como o vergalh\u00e3o direto da f\u00e1brica garante qualidade e seguran\u00e7a para seus projetos de constru\u00e7\u00e3o civil com a BR A\u00e7o, a maior ind\u00fastria de a\u00e7o de Goi\u00e1s.","robots":{"index":"index","follow":"follow","max-snippet":"max-snippet:-1","max-image-preview":"max-image-preview:large","max-video-preview":"max-video-preview:-1"},"canonical":"https:\/\/grupobraco.com.br\/conteudo\/vergalhao-direto-da-fabrica-qualidade-e-eficiencia-para-seus-projetos\/","og_locale":"pt_BR","og_type":"article","og_title":"Vergalh\u00e3o Direto da F\u00e1brica: Qualidade e Seguran\u00e7a na Constru\u00e7\u00e3o","og_description":"Descubra como o vergalh\u00e3o direto da f\u00e1brica garante qualidade e seguran\u00e7a para seus projetos de constru\u00e7\u00e3o civil com a BR A\u00e7o, a maior ind\u00fastria de a\u00e7o de Goi\u00e1s.","og_url":"https:\/\/grupobraco.com.br\/conteudo\/vergalhao-direto-da-fabrica-qualidade-e-eficiencia-para-seus-projetos\/","og_site_name":"Br A\u00e7o","twitter_card":"summary_large_image","twitter_misc":{"Est. tempo de leitura":"1 minuto"},"schema":{"@context":"https:\/\/schema.org","@graph":[{"@type":"WebPage","@id":"https:\/\/grupobraco.com.br\/conteudo\/vergalhao-direto-da-fabrica-qualidade-e-eficiencia-para-seus-projetos\/","url":"https:\/\/grupobraco.com.br\/conteudo\/vergalhao-direto-da-fabrica-qualidade-e-eficiencia-para-seus-projetos\/","name":"Vergalh\u00e3o Direto da F\u00e1brica: Qualidade e Seguran\u00e7a na Constru\u00e7\u00e3o","isPartOf":{"@id":"https:\/\/grupobraco.com.br\/conteudo\/#website"},"datePublished":"2025-04-14T20:00:56+00:00","dateModified":"2025-04-14T20:00:56+00:00","description":"Descubra como o vergalh\u00e3o direto da f\u00e1brica garante qualidade e seguran\u00e7a para seus projetos de constru\u00e7\u00e3o civil com a BR A\u00e7o, a maior ind\u00fastria de a\u00e7o de Goi\u00e1s.","breadcrumb":{"@id":"https:\/\/grupobraco.com.br\/conteudo\/vergalhao-direto-da-fabrica-qualidade-e-eficiencia-para-seus-projetos\/#breadcrumb"},"inLanguage":"pt-BR","potentialAction":[{"@type":"ReadAction","target":["https:\/\/grupobraco.com.br\/conteudo\/vergalhao-direto-da-fabrica-qualidade-e-eficiencia-para-seus-projetos\/"]}]},{"@type":"BreadcrumbList","@id":"https:\/\/grupobraco.com.br\/conteudo\/vergalhao-direto-da-fabrica-qualidade-e-eficiencia-para-seus-projetos\/#breadcrumb","itemListElement":[{"@type":"ListItem","position":1,"name":"Home","item":"https:\/\/grupobraco.com.br\/conteudo\/"},{"@type":"ListItem","position":2,"name":"Vergalh\u00e3o Direto da F\u00e1brica: Qualidade e Efici\u00eancia para Seus Projetos"}]},{"@type":"WebSite","@id":"https:\/\/grupobraco.com.br\/conteudo\/#website","url":"https:\/\/grupobraco.com.br\/conteudo\/","name":"Br A\u00e7o","description":"Seus projetos na velocidade m\u00e1xima","publisher":{"@id":"https:\/\/grupobraco.com.br\/conteudo\/#organization"},"potentialAction":[{"@type":"SearchAction","target":{"@type":"EntryPoint","urlTemplate":"https:\/\/grupobraco.com.br\/conteudo\/?s={search_term_string}"},"query-input":{"@type":"PropertyValueSpecification","valueRequired":true,"valueName":"search_term_string"}}],"inLanguage":"pt-BR"},{"@type":"Organization","@id":"https:\/\/grupobraco.com.br\/conteudo\/#organization","name":"Br A\u00e7o","url":"https:\/\/grupobraco.com.br\/conteudo\/","logo":{"@type":"ImageObject","inLanguage":"pt-BR","@id":"https:\/\/grupobraco.com.br\/conteudo\/#\/schema\/logo\/image\/","url":"https:\/\/grupobraco.com.br\/conteudo\/wp-content\/uploads\/2025\/04\/Z340-Logotipia-Reestruturacao-do-Branding.png","contentUrl":"https:\/\/grupobraco.com.br\/conteudo\/wp-content\/uploads\/2025\/04\/Z340-Logotipia-Reestruturacao-do-Branding.png","width":1530,"height":1080,"caption":"Br A\u00e7o"},"image":{"@id":"https:\/\/grupobraco.com.br\/conteudo\/#\/schema\/logo\/image\/"}}]}},"_links":{"self":[{"href":"https:\/\/grupobraco.com.br\/conteudo\/wp-json\/wp\/v2\/pages\/4595","targetHints":{"allow":["GET"]}}],"collection":[{"href":"https:\/\/grupobraco.com.br\/conteudo\/wp-json\/wp\/v2\/pages"}],"about":[{"href":"https:\/\/grupobraco.com.br\/conteudo\/wp-json\/wp\/v2\/types\/page"}],"author":[{"embeddable":true,"href":"https:\/\/grupobraco.com.br\/conteudo\/wp-json\/wp\/v2\/users\/3"}],"replies":[{"embeddable":true,"href":"https:\/\/grupobraco.com.br\/conteudo\/wp-json\/wp\/v2\/comments?post=4595"}],"version-history":[{"count":0,"href":"https:\/\/grupobraco.com.br\/conteudo\/wp-json\/wp\/v2\/pages\/4595\/revisions"}],"wp:attachment":[{"href":"https:\/\/grupobraco.com.br\/conteudo\/wp-json\/wp\/v2\/media?parent=4595"}],"curies":[{"name":"wp","href":"https:\/\/api.w.org\/{rel}","templated":true}]}}