{"id":4579,"date":"2025-04-14T18:00:54","date_gmt":"2025-04-14T18:00:54","guid":{"rendered":"https:\/\/grupobraco.com.br\/conteudo\/vergalhao-direto-da-fabrica-em-anapolis-qualidade-e-agilidade-para-seus-projetos-2\/"},"modified":"2025-04-14T18:00:54","modified_gmt":"2025-04-14T18:00:54","slug":"vergalhao-direto-da-fabrica-em-anapolis-qualidade-e-agilidade-para-seus-projetos-2","status":"publish","type":"page","link":"https:\/\/grupobraco.com.br\/conteudo\/vergalhao-direto-da-fabrica-em-anapolis-qualidade-e-agilidade-para-seus-projetos-2\/","title":{"rendered":"Vergalh\u00e3o Direto da F\u00e1brica em An\u00e1polis: Qualidade e Agilidade para Seus Projetos"},"content":{"rendered":"<p>No competitivo mundo da constru\u00e7\u00e3o civil, a escolha do material certo faz toda a diferen\u00e7a para o sucesso de um projeto. Quando se fala em vergalh\u00e3o direto da f\u00e1brica em An\u00e1polis, a BR A\u00e7o se destaca como a melhor op\u00e7\u00e3o para atender suas necessidades. Com uma produ\u00e7\u00e3o de alta qualidade, nossa f\u00e1brica anunciou a revolu\u00e7\u00e3o na forma como voc\u00ea pode adquirir vergalh\u00e3o, otimizando seu tempo e aumentando a efici\u00eancia nas obras. Al\u00e9m de um produto de alta resist\u00eancia e durabilidade, garantimos entregas pontuais e precisas, pois sabemos que cada dia conta na constru\u00e7\u00e3o. Ao optar pelo vergalh\u00e3o direto da f\u00e1brica em An\u00e1polis, voc\u00ea est\u00e1 escolhendo n\u00e3o apenas um material, mas uma parceria de confian\u00e7a que contribui para o sucesso do seu projeto. Nossa localiza\u00e7\u00e3o estrat\u00e9gica permite que consigamos atender rapidamente a demanda da regi\u00e3o, tornando a BR A\u00e7o a escolha ideal para quem deseja agilidade. Nossa equipe de especialistas est\u00e1 sempre \u00e0 disposi\u00e7\u00e3o para ajudar voc\u00ea a selecionar o vergalh\u00e3o mais adequado para sua obra, oferecendo no\u00e7\u00f5es sobre as caracter\u00edsticas e aplica\u00e7\u00f5es de cada tipo de produto. Venha conhecer a excel\u00eancia do nosso vergalh\u00e3o direto da f\u00e1brica em An\u00e1polis e descubra por que n\u00f3s somos reconhecidos em Goi\u00e1s como a principal ind\u00fastria de a\u00e7o para constru\u00e7\u00e3o civil.<\/p>\n","protected":false},"excerpt":{"rendered":"<p>No competitivo mundo da constru\u00e7\u00e3o civil, a escolha do material certo faz toda a diferen\u00e7a para o sucesso de um projeto. Quando se fala em vergalh\u00e3o direto da f\u00e1brica em An\u00e1polis, a BR A\u00e7o se destaca como a melhor op\u00e7\u00e3o para atender suas necessidades. Com uma produ\u00e7\u00e3o de alta qualidade, nossa f\u00e1brica anunciou a revolu\u00e7\u00e3o&hellip;&nbsp;<a href=\"https:\/\/grupobraco.com.br\/conteudo\/vergalhao-direto-da-fabrica-em-anapolis-qualidade-e-agilidade-para-seus-projetos-2\/\" class=\"\" rel=\"bookmark\">Continue a ler &raquo;<span class=\"screen-reader-text\">Vergalh\u00e3o Direto da F\u00e1brica em An\u00e1polis: Qualidade e Agilidade para Seus Projetos<\/span><\/a><\/p>\n","protected":false},"author":3,"featured_media":0,"parent":0,"menu_order":0,"comment_status":"closed","ping_status":"closed","template":"","meta":{"_acf_changed":false,"_yoast_wpseo_focuskw":"vergalh\u00e3o direto da f\u00e1brica em An\u00e1polis","_yoast_wpseo_title":"Vergalh\u00e3o Direto da F\u00e1brica em An\u00e1polis: Agilidade e Qualidade Garantidas","_yoast_wpseo_metadesc":"A BR A\u00e7o oferece vergalh\u00e3o direto da f\u00e1brica em An\u00e1polis, garantindo qualidade, agilidade e excelentes pre\u00e7os para sua obra.","neve_meta_sidebar":"","neve_meta_container":"","neve_meta_enable_content_width":"","neve_meta_content_width":0,"neve_meta_title_alignment":"","neve_meta_author_avatar":"","neve_post_elements_order":"","neve_meta_disable_header":"","neve_meta_disable_footer":"","neve_meta_disable_title":"","footnotes":""},"class_list":["post-4579","page","type-page","status-publish","hentry"],"acf":{"introducao":"","conceitos_fundamentais":"","como_funciona":"","como_aplicar_no_dia_a_dia":"","principais_utilizacoes_e_beneficios":"","tipos_e_classificacoes":"","tecnologias_e_ferramentas_relacionadas":"","exemplos_e_casos_de_sucesso":"","mitos_e_verdades":"","perguntas_frequentes_faq":"","erros_comuns_e_como_evita-los":"","futuro_e_tendencias":"","conclusao":"","bloco1title":"Qualidade Inigual\u00e1vel","bloco1text":"Oferecemos vergalh\u00e3o direto da f\u00e1brica em An\u00e1polis, rigorosamente testado e com controle de qualidade para garantir resist\u00eancia m\u00e1xima.","bloco2title":"Atendimento Personalizado","bloco2text":"Nossa equipe est\u00e1 pronta para oferecer consultoria e orienta\u00e7\u00e3o na escolha do vergalh\u00e3o ideal para seu projeto.","bloco3title":"Agilidade na Entrega","bloco3text":"Com log\u00edstica eficiente, garantimos que seu vergalh\u00e3o direto da f\u00e1brica em An\u00e1polis chegue rapidamente, sem atrasos.","insightwidtitle":"Curiosidades sobre o Vergalh\u00e3o","insightwidcontent":"Voc\u00ea sabia que o vergalh\u00e3o \u00e9 essencial para evitar fissuras e garantir a durabilidade das estruturas em concreto? Seu uso adequado pode reduzir significativamente os custos de manuten\u00e7\u00e3o. Al\u00e9m disso, o vergalh\u00e3o \u00e9 produzido em diferentes espessuras e tipos, aumentando a versatilidade na constru\u00e7\u00e3o civil."},"yoast_head":"<!-- This site is optimized with the Yoast SEO plugin v23.4 - https:\/\/yoast.com\/wordpress\/plugins\/seo\/ -->\n<title>Vergalh\u00e3o Direto da F\u00e1brica em An\u00e1polis: Agilidade e Qualidade Garantidas<\/title>\n<meta name=\"description\" content=\"A BR A\u00e7o oferece vergalh\u00e3o direto da f\u00e1brica em An\u00e1polis, garantindo qualidade, agilidade e excelentes pre\u00e7os para sua obra.\" \/>\n<meta name=\"robots\" content=\"index, follow, max-snippet:-1, max-image-preview:large, max-video-preview:-1\" \/>\n<link rel=\"canonical\" href=\"https:\/\/grupobraco.com.br\/conteudo\/vergalhao-direto-da-fabrica-em-anapolis-qualidade-e-agilidade-para-seus-projetos-2\/\" \/>\n<meta property=\"og:locale\" content=\"pt_BR\" \/>\n<meta property=\"og:type\" content=\"article\" \/>\n<meta property=\"og:title\" content=\"Vergalh\u00e3o Direto da F\u00e1brica em An\u00e1polis: Agilidade e Qualidade Garantidas\" \/>\n<meta property=\"og:description\" content=\"A BR A\u00e7o oferece vergalh\u00e3o direto da f\u00e1brica em An\u00e1polis, garantindo qualidade, agilidade e excelentes pre\u00e7os para sua obra.\" \/>\n<meta property=\"og:url\" content=\"https:\/\/grupobraco.com.br\/conteudo\/vergalhao-direto-da-fabrica-em-anapolis-qualidade-e-agilidade-para-seus-projetos-2\/\" \/>\n<meta property=\"og:site_name\" content=\"Br A\u00e7o\" \/>\n<meta name=\"twitter:card\" content=\"summary_large_image\" \/>\n<meta name=\"twitter:label1\" content=\"Est. tempo de leitura\" \/>\n\t<meta name=\"twitter:data1\" content=\"1 minuto\" \/>\n<script type=\"application\/ld+json\" class=\"yoast-schema-graph\">{\"@context\":\"https:\/\/schema.org\",\"@graph\":[{\"@type\":\"WebPage\",\"@id\":\"https:\/\/grupobraco.com.br\/conteudo\/vergalhao-direto-da-fabrica-em-anapolis-qualidade-e-agilidade-para-seus-projetos-2\/\",\"url\":\"https:\/\/grupobraco.com.br\/conteudo\/vergalhao-direto-da-fabrica-em-anapolis-qualidade-e-agilidade-para-seus-projetos-2\/\",\"name\":\"Vergalh\u00e3o Direto da F\u00e1brica em An\u00e1polis: Agilidade e Qualidade Garantidas\",\"isPartOf\":{\"@id\":\"https:\/\/grupobraco.com.br\/conteudo\/#website\"},\"datePublished\":\"2025-04-14T18:00:54+00:00\",\"dateModified\":\"2025-04-14T18:00:54+00:00\",\"description\":\"A BR A\u00e7o oferece vergalh\u00e3o direto da f\u00e1brica em An\u00e1polis, garantindo qualidade, agilidade e excelentes pre\u00e7os para sua obra.\",\"breadcrumb\":{\"@id\":\"https:\/\/grupobraco.com.br\/conteudo\/vergalhao-direto-da-fabrica-em-anapolis-qualidade-e-agilidade-para-seus-projetos-2\/#breadcrumb\"},\"inLanguage\":\"pt-BR\",\"potentialAction\":[{\"@type\":\"ReadAction\",\"target\":[\"https:\/\/grupobraco.com.br\/conteudo\/vergalhao-direto-da-fabrica-em-anapolis-qualidade-e-agilidade-para-seus-projetos-2\/\"]}]},{\"@type\":\"BreadcrumbList\",\"@id\":\"https:\/\/grupobraco.com.br\/conteudo\/vergalhao-direto-da-fabrica-em-anapolis-qualidade-e-agilidade-para-seus-projetos-2\/#breadcrumb\",\"itemListElement\":[{\"@type\":\"ListItem\",\"position\":1,\"name\":\"Home\",\"item\":\"https:\/\/grupobraco.com.br\/conteudo\/\"},{\"@type\":\"ListItem\",\"position\":2,\"name\":\"Vergalh\u00e3o Direto da F\u00e1brica em An\u00e1polis: Qualidade e Agilidade para Seus Projetos\"}]},{\"@type\":\"WebSite\",\"@id\":\"https:\/\/grupobraco.com.br\/conteudo\/#website\",\"url\":\"https:\/\/grupobraco.com.br\/conteudo\/\",\"name\":\"Br A\u00e7o\",\"description\":\"Seus projetos na velocidade m\u00e1xima\",\"publisher\":{\"@id\":\"https:\/\/grupobraco.com.br\/conteudo\/#organization\"},\"potentialAction\":[{\"@type\":\"SearchAction\",\"target\":{\"@type\":\"EntryPoint\",\"urlTemplate\":\"https:\/\/grupobraco.com.br\/conteudo\/?s={search_term_string}\"},\"query-input\":{\"@type\":\"PropertyValueSpecification\",\"valueRequired\":true,\"valueName\":\"search_term_string\"}}],\"inLanguage\":\"pt-BR\"},{\"@type\":\"Organization\",\"@id\":\"https:\/\/grupobraco.com.br\/conteudo\/#organization\",\"name\":\"Br A\u00e7o\",\"url\":\"https:\/\/grupobraco.com.br\/conteudo\/\",\"logo\":{\"@type\":\"ImageObject\",\"inLanguage\":\"pt-BR\",\"@id\":\"https:\/\/grupobraco.com.br\/conteudo\/#\/schema\/logo\/image\/\",\"url\":\"https:\/\/grupobraco.com.br\/conteudo\/wp-content\/uploads\/2025\/04\/Z340-Logotipia-Reestruturacao-do-Branding.png\",\"contentUrl\":\"https:\/\/grupobraco.com.br\/conteudo\/wp-content\/uploads\/2025\/04\/Z340-Logotipia-Reestruturacao-do-Branding.png\",\"width\":1530,\"height\":1080,\"caption\":\"Br A\u00e7o\"},\"image\":{\"@id\":\"https:\/\/grupobraco.com.br\/conteudo\/#\/schema\/logo\/image\/\"}}]}<\/script>\n<!-- \/ Yoast SEO plugin. -->","yoast_head_json":{"title":"Vergalh\u00e3o Direto da F\u00e1brica em An\u00e1polis: Agilidade e Qualidade Garantidas","description":"A BR A\u00e7o oferece vergalh\u00e3o direto da f\u00e1brica em An\u00e1polis, garantindo qualidade, agilidade e excelentes pre\u00e7os para sua obra.","robots":{"index":"index","follow":"follow","max-snippet":"max-snippet:-1","max-image-preview":"max-image-preview:large","max-video-preview":"max-video-preview:-1"},"canonical":"https:\/\/grupobraco.com.br\/conteudo\/vergalhao-direto-da-fabrica-em-anapolis-qualidade-e-agilidade-para-seus-projetos-2\/","og_locale":"pt_BR","og_type":"article","og_title":"Vergalh\u00e3o Direto da F\u00e1brica em An\u00e1polis: Agilidade e Qualidade Garantidas","og_description":"A BR A\u00e7o oferece vergalh\u00e3o direto da f\u00e1brica em An\u00e1polis, garantindo qualidade, agilidade e excelentes pre\u00e7os para sua obra.","og_url":"https:\/\/grupobraco.com.br\/conteudo\/vergalhao-direto-da-fabrica-em-anapolis-qualidade-e-agilidade-para-seus-projetos-2\/","og_site_name":"Br A\u00e7o","twitter_card":"summary_large_image","twitter_misc":{"Est. tempo de leitura":"1 minuto"},"schema":{"@context":"https:\/\/schema.org","@graph":[{"@type":"WebPage","@id":"https:\/\/grupobraco.com.br\/conteudo\/vergalhao-direto-da-fabrica-em-anapolis-qualidade-e-agilidade-para-seus-projetos-2\/","url":"https:\/\/grupobraco.com.br\/conteudo\/vergalhao-direto-da-fabrica-em-anapolis-qualidade-e-agilidade-para-seus-projetos-2\/","name":"Vergalh\u00e3o Direto da F\u00e1brica em An\u00e1polis: Agilidade e Qualidade Garantidas","isPartOf":{"@id":"https:\/\/grupobraco.com.br\/conteudo\/#website"},"datePublished":"2025-04-14T18:00:54+00:00","dateModified":"2025-04-14T18:00:54+00:00","description":"A BR A\u00e7o oferece vergalh\u00e3o direto da f\u00e1brica em An\u00e1polis, garantindo qualidade, agilidade e excelentes pre\u00e7os para sua obra.","breadcrumb":{"@id":"https:\/\/grupobraco.com.br\/conteudo\/vergalhao-direto-da-fabrica-em-anapolis-qualidade-e-agilidade-para-seus-projetos-2\/#breadcrumb"},"inLanguage":"pt-BR","potentialAction":[{"@type":"ReadAction","target":["https:\/\/grupobraco.com.br\/conteudo\/vergalhao-direto-da-fabrica-em-anapolis-qualidade-e-agilidade-para-seus-projetos-2\/"]}]},{"@type":"BreadcrumbList","@id":"https:\/\/grupobraco.com.br\/conteudo\/vergalhao-direto-da-fabrica-em-anapolis-qualidade-e-agilidade-para-seus-projetos-2\/#breadcrumb","itemListElement":[{"@type":"ListItem","position":1,"name":"Home","item":"https:\/\/grupobraco.com.br\/conteudo\/"},{"@type":"ListItem","position":2,"name":"Vergalh\u00e3o Direto da F\u00e1brica em An\u00e1polis: Qualidade e Agilidade para Seus Projetos"}]},{"@type":"WebSite","@id":"https:\/\/grupobraco.com.br\/conteudo\/#website","url":"https:\/\/grupobraco.com.br\/conteudo\/","name":"Br A\u00e7o","description":"Seus projetos na velocidade m\u00e1xima","publisher":{"@id":"https:\/\/grupobraco.com.br\/conteudo\/#organization"},"potentialAction":[{"@type":"SearchAction","target":{"@type":"EntryPoint","urlTemplate":"https:\/\/grupobraco.com.br\/conteudo\/?s={search_term_string}"},"query-input":{"@type":"PropertyValueSpecification","valueRequired":true,"valueName":"search_term_string"}}],"inLanguage":"pt-BR"},{"@type":"Organization","@id":"https:\/\/grupobraco.com.br\/conteudo\/#organization","name":"Br A\u00e7o","url":"https:\/\/grupobraco.com.br\/conteudo\/","logo":{"@type":"ImageObject","inLanguage":"pt-BR","@id":"https:\/\/grupobraco.com.br\/conteudo\/#\/schema\/logo\/image\/","url":"https:\/\/grupobraco.com.br\/conteudo\/wp-content\/uploads\/2025\/04\/Z340-Logotipia-Reestruturacao-do-Branding.png","contentUrl":"https:\/\/grupobraco.com.br\/conteudo\/wp-content\/uploads\/2025\/04\/Z340-Logotipia-Reestruturacao-do-Branding.png","width":1530,"height":1080,"caption":"Br A\u00e7o"},"image":{"@id":"https:\/\/grupobraco.com.br\/conteudo\/#\/schema\/logo\/image\/"}}]}},"_links":{"self":[{"href":"https:\/\/grupobraco.com.br\/conteudo\/wp-json\/wp\/v2\/pages\/4579","targetHints":{"allow":["GET"]}}],"collection":[{"href":"https:\/\/grupobraco.com.br\/conteudo\/wp-json\/wp\/v2\/pages"}],"about":[{"href":"https:\/\/grupobraco.com.br\/conteudo\/wp-json\/wp\/v2\/types\/page"}],"author":[{"embeddable":true,"href":"https:\/\/grupobraco.com.br\/conteudo\/wp-json\/wp\/v2\/users\/3"}],"replies":[{"embeddable":true,"href":"https:\/\/grupobraco.com.br\/conteudo\/wp-json\/wp\/v2\/comments?post=4579"}],"version-history":[{"count":0,"href":"https:\/\/grupobraco.com.br\/conteudo\/wp-json\/wp\/v2\/pages\/4579\/revisions"}],"wp:attachment":[{"href":"https:\/\/grupobraco.com.br\/conteudo\/wp-json\/wp\/v2\/media?parent=4579"}],"curies":[{"name":"wp","href":"https:\/\/api.w.org\/{rel}","templated":true}]}}