{"id":4506,"date":"2025-04-14T09:00:55","date_gmt":"2025-04-14T09:00:55","guid":{"rendered":"https:\/\/grupobraco.com.br\/conteudo\/vergalhao-nbr-7480-a-base-solida-para-seus-projetos-de-construcao-2\/"},"modified":"2025-04-14T09:00:55","modified_gmt":"2025-04-14T09:00:55","slug":"vergalhao-nbr-7480-a-base-solida-para-seus-projetos-de-construcao-2","status":"publish","type":"page","link":"https:\/\/grupobraco.com.br\/conteudo\/vergalhao-nbr-7480-a-base-solida-para-seus-projetos-de-construcao-2\/","title":{"rendered":"Vergalh\u00e3o NBR 7480: A Base S\u00f3lida para Seus Projetos de Constru\u00e7\u00e3o"},"content":{"rendered":"<p>O vergalh\u00e3o NBR 7480 \u00e9 um componente essencial nas obras de constru\u00e7\u00e3o civil, sendo utilizado principalmente no refor\u00e7o de estruturas de concreto. Este material, que se destaca pela resist\u00eancia e durabilidade, \u00e9 produzido sob rigorosos padr\u00f5es de qualidade, seguindo as normas brasileiras que garantem sua efici\u00eancia. Na BR A\u00e7o, entendemos a import\u00e2ncia de fornecer produtos que se alinhem \u00e0s necessidades de nossos clientes, e o vergalh\u00e3o NBR 7480 tem sido a escolha preferida por engenheiros e construtores. Com uma produ\u00e7\u00e3o que respeita todos os par\u00e2metros t\u00e9cnicos e de seguran\u00e7a exigidos pela norma, o vergalh\u00e3o NBR 7480 agrega valor e confian\u00e7a ao seu projeto. Al\u00e9m disso, devido \u00e0s suas caracter\u00edsticas t\u00e9cnicas, como a alta tenacidade e a baixa taxa de corros\u00e3o, o vergalh\u00e3o NBR 7480 n\u00e3o apenas suporta a carga que lhe \u00e9 atribu\u00edda, mas tamb\u00e9m garante uma maior durabilidade das estruturas constru\u00eddas. Desde a sua utiliza\u00e7\u00e3o em pequenos empreendimentos at\u00e9 grandes obras, o vergalh\u00e3o NBR 7480 adapta-se perfeitamente a diferentes tipos de projetos, demonstrando a versatilidade e a for\u00e7a que a BR A\u00e7o traz para o mercado. A integridade da sua constru\u00e7\u00e3o come\u00e7a com a escolha dos melhores materiais, e isso inclui apostar no vergalh\u00e3o NBR 7480, conhecido por sua qualidade superior.<\/p>\n","protected":false},"excerpt":{"rendered":"<p>O vergalh\u00e3o NBR 7480 \u00e9 um componente essencial nas obras de constru\u00e7\u00e3o civil, sendo utilizado principalmente no refor\u00e7o de estruturas de concreto. Este material, que se destaca pela resist\u00eancia e durabilidade, \u00e9 produzido sob rigorosos padr\u00f5es de qualidade, seguindo as normas brasileiras que garantem sua efici\u00eancia. Na BR A\u00e7o, entendemos a import\u00e2ncia de fornecer produtos&hellip;&nbsp;<a href=\"https:\/\/grupobraco.com.br\/conteudo\/vergalhao-nbr-7480-a-base-solida-para-seus-projetos-de-construcao-2\/\" class=\"\" rel=\"bookmark\">Continue a ler &raquo;<span class=\"screen-reader-text\">Vergalh\u00e3o NBR 7480: A Base S\u00f3lida para Seus Projetos de Constru\u00e7\u00e3o<\/span><\/a><\/p>\n","protected":false},"author":3,"featured_media":0,"parent":0,"menu_order":0,"comment_status":"closed","ping_status":"closed","template":"","meta":{"_acf_changed":false,"_yoast_wpseo_focuskw":"Vergalh\u00e3o NBR 7480","_yoast_wpseo_title":"Vergalh\u00e3o NBR 7480: A Escolha Certa para Constru\u00e7\u00e3o Civil na BR A\u00e7o","_yoast_wpseo_metadesc":"Saiba tudo sobre o vergalh\u00e3o NBR 7480, suas aplica\u00e7\u00f5es e vantagens para a constru\u00e7\u00e3o civil com a qualidade da BR A\u00e7o.","neve_meta_sidebar":"","neve_meta_container":"","neve_meta_enable_content_width":"","neve_meta_content_width":0,"neve_meta_title_alignment":"","neve_meta_author_avatar":"","neve_post_elements_order":"","neve_meta_disable_header":"","neve_meta_disable_footer":"","neve_meta_disable_title":"","footnotes":""},"class_list":["post-4506","page","type-page","status-publish","hentry"],"acf":{"introducao":"","conceitos_fundamentais":"","como_funciona":"","como_aplicar_no_dia_a_dia":"","principais_utilizacoes_e_beneficios":"","tipos_e_classificacoes":"","tecnologias_e_ferramentas_relacionadas":"","exemplos_e_casos_de_sucesso":"","mitos_e_verdades":"","perguntas_frequentes_faq":"","erros_comuns_e_como_evita-los":"","futuro_e_tendencias":"","conclusao":"","bloco1title":"Resist\u00eancia e Seguran\u00e7a","bloco1text":"O vergalh\u00e3o NBR 7480 \u00e9 sin\u00f4nimo de seguran\u00e7a e resist\u00eancia, fundamentais para a vida \u00fatil das constru\u00e7\u00f5es.","bloco2title":"Versatilidade em A\u00e7\u00f5es","bloco2text":"Adequado a diversos tipos de projetos, o vergalh\u00e3o NBR 7480 se destaca pela sua adaptabilidade a diferentes necessidades.","bloco3title":"Normas e Qualidade","bloco3text":"Seguir a NBR 7480 garante que seu projeto esteja em conformidade com normas t\u00e9cnicas, assegurando sua solidez e seguran\u00e7a ao longo do tempo.","insightwidtitle":"Fatos Curiosos sobre Vergalh\u00e3o","insightwidcontent":"Voc\u00ea sabia que o vergalh\u00e3o NBR 7480 \u00e9 testado em laborat\u00f3rio para assegurar que sua resist\u00eancia atenda \u00e0s exig\u00eancias das constru\u00e7\u00f5es modernas? Al\u00e9m disso, a norma NBR 7480 periodicamente passa por revis\u00f5es para incorporar inova\u00e7\u00f5es tecnol\u00f3gicas que melhoram a performance e a seguran\u00e7a das edifica\u00e7\u00f5es. Esse material tamb\u00e9m \u00e9 recicl\u00e1vel, fazendo parte de um ciclo sustent\u00e1vel na constru\u00e7\u00e3o civil."},"yoast_head":"<!-- This site is optimized with the Yoast SEO plugin v23.4 - https:\/\/yoast.com\/wordpress\/plugins\/seo\/ -->\n<title>Vergalh\u00e3o NBR 7480: A Escolha Certa para Constru\u00e7\u00e3o Civil na BR A\u00e7o<\/title>\n<meta name=\"description\" content=\"Saiba tudo sobre o vergalh\u00e3o NBR 7480, suas aplica\u00e7\u00f5es e vantagens para a constru\u00e7\u00e3o civil com a qualidade da BR A\u00e7o.\" \/>\n<meta name=\"robots\" content=\"index, follow, max-snippet:-1, max-image-preview:large, max-video-preview:-1\" \/>\n<link rel=\"canonical\" href=\"https:\/\/grupobraco.com.br\/conteudo\/vergalhao-nbr-7480-a-base-solida-para-seus-projetos-de-construcao-2\/\" \/>\n<meta property=\"og:locale\" content=\"pt_BR\" \/>\n<meta property=\"og:type\" content=\"article\" \/>\n<meta property=\"og:title\" content=\"Vergalh\u00e3o NBR 7480: A Escolha Certa para Constru\u00e7\u00e3o Civil na BR A\u00e7o\" \/>\n<meta property=\"og:description\" content=\"Saiba tudo sobre o vergalh\u00e3o NBR 7480, suas aplica\u00e7\u00f5es e vantagens para a constru\u00e7\u00e3o civil com a qualidade da BR A\u00e7o.\" \/>\n<meta property=\"og:url\" content=\"https:\/\/grupobraco.com.br\/conteudo\/vergalhao-nbr-7480-a-base-solida-para-seus-projetos-de-construcao-2\/\" \/>\n<meta property=\"og:site_name\" content=\"Br A\u00e7o\" \/>\n<meta name=\"twitter:card\" content=\"summary_large_image\" \/>\n<meta name=\"twitter:label1\" content=\"Est. tempo de leitura\" \/>\n\t<meta name=\"twitter:data1\" content=\"1 minuto\" \/>\n<script type=\"application\/ld+json\" class=\"yoast-schema-graph\">{\"@context\":\"https:\/\/schema.org\",\"@graph\":[{\"@type\":\"WebPage\",\"@id\":\"https:\/\/grupobraco.com.br\/conteudo\/vergalhao-nbr-7480-a-base-solida-para-seus-projetos-de-construcao-2\/\",\"url\":\"https:\/\/grupobraco.com.br\/conteudo\/vergalhao-nbr-7480-a-base-solida-para-seus-projetos-de-construcao-2\/\",\"name\":\"Vergalh\u00e3o NBR 7480: A Escolha Certa para Constru\u00e7\u00e3o Civil na BR A\u00e7o\",\"isPartOf\":{\"@id\":\"https:\/\/grupobraco.com.br\/conteudo\/#website\"},\"datePublished\":\"2025-04-14T09:00:55+00:00\",\"dateModified\":\"2025-04-14T09:00:55+00:00\",\"description\":\"Saiba tudo sobre o vergalh\u00e3o NBR 7480, suas aplica\u00e7\u00f5es e vantagens para a constru\u00e7\u00e3o civil com a qualidade da BR A\u00e7o.\",\"breadcrumb\":{\"@id\":\"https:\/\/grupobraco.com.br\/conteudo\/vergalhao-nbr-7480-a-base-solida-para-seus-projetos-de-construcao-2\/#breadcrumb\"},\"inLanguage\":\"pt-BR\",\"potentialAction\":[{\"@type\":\"ReadAction\",\"target\":[\"https:\/\/grupobraco.com.br\/conteudo\/vergalhao-nbr-7480-a-base-solida-para-seus-projetos-de-construcao-2\/\"]}]},{\"@type\":\"BreadcrumbList\",\"@id\":\"https:\/\/grupobraco.com.br\/conteudo\/vergalhao-nbr-7480-a-base-solida-para-seus-projetos-de-construcao-2\/#breadcrumb\",\"itemListElement\":[{\"@type\":\"ListItem\",\"position\":1,\"name\":\"Home\",\"item\":\"https:\/\/grupobraco.com.br\/conteudo\/\"},{\"@type\":\"ListItem\",\"position\":2,\"name\":\"Vergalh\u00e3o NBR 7480: A Base S\u00f3lida para Seus Projetos de Constru\u00e7\u00e3o\"}]},{\"@type\":\"WebSite\",\"@id\":\"https:\/\/grupobraco.com.br\/conteudo\/#website\",\"url\":\"https:\/\/grupobraco.com.br\/conteudo\/\",\"name\":\"Br A\u00e7o\",\"description\":\"Seus projetos na velocidade m\u00e1xima\",\"publisher\":{\"@id\":\"https:\/\/grupobraco.com.br\/conteudo\/#organization\"},\"potentialAction\":[{\"@type\":\"SearchAction\",\"target\":{\"@type\":\"EntryPoint\",\"urlTemplate\":\"https:\/\/grupobraco.com.br\/conteudo\/?s={search_term_string}\"},\"query-input\":{\"@type\":\"PropertyValueSpecification\",\"valueRequired\":true,\"valueName\":\"search_term_string\"}}],\"inLanguage\":\"pt-BR\"},{\"@type\":\"Organization\",\"@id\":\"https:\/\/grupobraco.com.br\/conteudo\/#organization\",\"name\":\"Br A\u00e7o\",\"url\":\"https:\/\/grupobraco.com.br\/conteudo\/\",\"logo\":{\"@type\":\"ImageObject\",\"inLanguage\":\"pt-BR\",\"@id\":\"https:\/\/grupobraco.com.br\/conteudo\/#\/schema\/logo\/image\/\",\"url\":\"https:\/\/grupobraco.com.br\/conteudo\/wp-content\/uploads\/2025\/04\/Z340-Logotipia-Reestruturacao-do-Branding.png\",\"contentUrl\":\"https:\/\/grupobraco.com.br\/conteudo\/wp-content\/uploads\/2025\/04\/Z340-Logotipia-Reestruturacao-do-Branding.png\",\"width\":1530,\"height\":1080,\"caption\":\"Br A\u00e7o\"},\"image\":{\"@id\":\"https:\/\/grupobraco.com.br\/conteudo\/#\/schema\/logo\/image\/\"}}]}<\/script>\n<!-- \/ Yoast SEO plugin. -->","yoast_head_json":{"title":"Vergalh\u00e3o NBR 7480: A Escolha Certa para Constru\u00e7\u00e3o Civil na BR A\u00e7o","description":"Saiba tudo sobre o vergalh\u00e3o NBR 7480, suas aplica\u00e7\u00f5es e vantagens para a constru\u00e7\u00e3o civil com a qualidade da BR A\u00e7o.","robots":{"index":"index","follow":"follow","max-snippet":"max-snippet:-1","max-image-preview":"max-image-preview:large","max-video-preview":"max-video-preview:-1"},"canonical":"https:\/\/grupobraco.com.br\/conteudo\/vergalhao-nbr-7480-a-base-solida-para-seus-projetos-de-construcao-2\/","og_locale":"pt_BR","og_type":"article","og_title":"Vergalh\u00e3o NBR 7480: A Escolha Certa para Constru\u00e7\u00e3o Civil na BR A\u00e7o","og_description":"Saiba tudo sobre o vergalh\u00e3o NBR 7480, suas aplica\u00e7\u00f5es e vantagens para a constru\u00e7\u00e3o civil com a qualidade da BR A\u00e7o.","og_url":"https:\/\/grupobraco.com.br\/conteudo\/vergalhao-nbr-7480-a-base-solida-para-seus-projetos-de-construcao-2\/","og_site_name":"Br A\u00e7o","twitter_card":"summary_large_image","twitter_misc":{"Est. tempo de leitura":"1 minuto"},"schema":{"@context":"https:\/\/schema.org","@graph":[{"@type":"WebPage","@id":"https:\/\/grupobraco.com.br\/conteudo\/vergalhao-nbr-7480-a-base-solida-para-seus-projetos-de-construcao-2\/","url":"https:\/\/grupobraco.com.br\/conteudo\/vergalhao-nbr-7480-a-base-solida-para-seus-projetos-de-construcao-2\/","name":"Vergalh\u00e3o NBR 7480: A Escolha Certa para Constru\u00e7\u00e3o Civil na BR A\u00e7o","isPartOf":{"@id":"https:\/\/grupobraco.com.br\/conteudo\/#website"},"datePublished":"2025-04-14T09:00:55+00:00","dateModified":"2025-04-14T09:00:55+00:00","description":"Saiba tudo sobre o vergalh\u00e3o NBR 7480, suas aplica\u00e7\u00f5es e vantagens para a constru\u00e7\u00e3o civil com a qualidade da BR A\u00e7o.","breadcrumb":{"@id":"https:\/\/grupobraco.com.br\/conteudo\/vergalhao-nbr-7480-a-base-solida-para-seus-projetos-de-construcao-2\/#breadcrumb"},"inLanguage":"pt-BR","potentialAction":[{"@type":"ReadAction","target":["https:\/\/grupobraco.com.br\/conteudo\/vergalhao-nbr-7480-a-base-solida-para-seus-projetos-de-construcao-2\/"]}]},{"@type":"BreadcrumbList","@id":"https:\/\/grupobraco.com.br\/conteudo\/vergalhao-nbr-7480-a-base-solida-para-seus-projetos-de-construcao-2\/#breadcrumb","itemListElement":[{"@type":"ListItem","position":1,"name":"Home","item":"https:\/\/grupobraco.com.br\/conteudo\/"},{"@type":"ListItem","position":2,"name":"Vergalh\u00e3o NBR 7480: A Base S\u00f3lida para Seus Projetos de Constru\u00e7\u00e3o"}]},{"@type":"WebSite","@id":"https:\/\/grupobraco.com.br\/conteudo\/#website","url":"https:\/\/grupobraco.com.br\/conteudo\/","name":"Br A\u00e7o","description":"Seus projetos na velocidade m\u00e1xima","publisher":{"@id":"https:\/\/grupobraco.com.br\/conteudo\/#organization"},"potentialAction":[{"@type":"SearchAction","target":{"@type":"EntryPoint","urlTemplate":"https:\/\/grupobraco.com.br\/conteudo\/?s={search_term_string}"},"query-input":{"@type":"PropertyValueSpecification","valueRequired":true,"valueName":"search_term_string"}}],"inLanguage":"pt-BR"},{"@type":"Organization","@id":"https:\/\/grupobraco.com.br\/conteudo\/#organization","name":"Br A\u00e7o","url":"https:\/\/grupobraco.com.br\/conteudo\/","logo":{"@type":"ImageObject","inLanguage":"pt-BR","@id":"https:\/\/grupobraco.com.br\/conteudo\/#\/schema\/logo\/image\/","url":"https:\/\/grupobraco.com.br\/conteudo\/wp-content\/uploads\/2025\/04\/Z340-Logotipia-Reestruturacao-do-Branding.png","contentUrl":"https:\/\/grupobraco.com.br\/conteudo\/wp-content\/uploads\/2025\/04\/Z340-Logotipia-Reestruturacao-do-Branding.png","width":1530,"height":1080,"caption":"Br A\u00e7o"},"image":{"@id":"https:\/\/grupobraco.com.br\/conteudo\/#\/schema\/logo\/image\/"}}]}},"_links":{"self":[{"href":"https:\/\/grupobraco.com.br\/conteudo\/wp-json\/wp\/v2\/pages\/4506","targetHints":{"allow":["GET"]}}],"collection":[{"href":"https:\/\/grupobraco.com.br\/conteudo\/wp-json\/wp\/v2\/pages"}],"about":[{"href":"https:\/\/grupobraco.com.br\/conteudo\/wp-json\/wp\/v2\/types\/page"}],"author":[{"embeddable":true,"href":"https:\/\/grupobraco.com.br\/conteudo\/wp-json\/wp\/v2\/users\/3"}],"replies":[{"embeddable":true,"href":"https:\/\/grupobraco.com.br\/conteudo\/wp-json\/wp\/v2\/comments?post=4506"}],"version-history":[{"count":0,"href":"https:\/\/grupobraco.com.br\/conteudo\/wp-json\/wp\/v2\/pages\/4506\/revisions"}],"wp:attachment":[{"href":"https:\/\/grupobraco.com.br\/conteudo\/wp-json\/wp\/v2\/media?parent=4506"}],"curies":[{"name":"wp","href":"https:\/\/api.w.org\/{rel}","templated":true}]}}