{"id":437,"date":"2025-03-23T21:45:45","date_gmt":"2025-03-23T21:45:45","guid":{"rendered":"https:\/\/grupobraco.com.br\/conteudo\/vergalhao-direto-da-fabrica-em-goiania-qualidade-e-agilidade-para-seus-projetos\/"},"modified":"2025-03-23T21:45:45","modified_gmt":"2025-03-23T21:45:45","slug":"vergalhao-direto-da-fabrica-em-goiania-qualidade-e-agilidade-para-seus-projetos","status":"publish","type":"page","link":"https:\/\/grupobraco.com.br\/conteudo\/vergalhao-direto-da-fabrica-em-goiania-qualidade-e-agilidade-para-seus-projetos\/","title":{"rendered":"Vergalh\u00e3o Direto da F\u00e1brica em Goi\u00e2nia: Qualidade e Agilidade para Seus Projetos"},"content":{"rendered":"<p>Conhecer o vergalh\u00e3o direto da f\u00e1brica em Goi\u00e2nia \u00e9 essencial para quem busca qualidade e agilidade na constru\u00e7\u00e3o civil. A BR A\u00e7o, com sua expertise no mercado, se destaca como a principal fornecedora de vergalh\u00f5es, oferecendo um produto que n\u00e3o apenas atende aos mais altos padr\u00f5es t\u00e9cnicos, mas tamb\u00e9m se torna um aliado na realiza\u00e7\u00e3o de obras mais r\u00e1pidas e seguras. Os vergalh\u00f5es da BR A\u00e7o s\u00e3o produzidos com materiais de primeira linha, possuindo resist\u00eancia e durabilidade que garantem a longevidade das constru\u00e7\u00f5es. Nesse contexto, trazer o vergalh\u00e3o direto da f\u00e1brica em Goi\u00e2nia para o seu projeto n\u00e3o \u00e9 apenas uma escolha, \u00e9 uma necessidade para quem deseja efici\u00eancia e resultados excepcionais.<\/p>\n","protected":false},"excerpt":{"rendered":"<p>Conhecer o vergalh\u00e3o direto da f\u00e1brica em Goi\u00e2nia \u00e9 essencial para quem busca qualidade e agilidade na constru\u00e7\u00e3o civil. A BR A\u00e7o, com sua expertise no mercado, se destaca como a principal fornecedora de vergalh\u00f5es, oferecendo um produto que n\u00e3o apenas atende aos mais altos padr\u00f5es t\u00e9cnicos, mas tamb\u00e9m se torna um aliado na realiza\u00e7\u00e3o&hellip;&nbsp;<a href=\"https:\/\/grupobraco.com.br\/conteudo\/vergalhao-direto-da-fabrica-em-goiania-qualidade-e-agilidade-para-seus-projetos\/\" class=\"\" rel=\"bookmark\">Continue a ler &raquo;<span class=\"screen-reader-text\">Vergalh\u00e3o Direto da F\u00e1brica em Goi\u00e2nia: Qualidade e Agilidade para Seus Projetos<\/span><\/a><\/p>\n","protected":false},"author":3,"featured_media":0,"parent":0,"menu_order":0,"comment_status":"closed","ping_status":"closed","template":"","meta":{"_acf_changed":false,"_yoast_wpseo_focuskw":"vergalh\u00e3o direto da f\u00e1brica em Goi\u00e2nia","_yoast_wpseo_title":"Vergalh\u00e3o Direto da F\u00e1brica em Goi\u00e2nia: Qualidade e Agilidade para Seus Projetos","_yoast_wpseo_metadesc":"Descubra as vantagens de adquirir vergalh\u00e3o direto da f\u00e1brica em Goi\u00e2nia com a BR A\u00e7o, e garanta qualidade e agilidade para seus projetos.","neve_meta_sidebar":"","neve_meta_container":"","neve_meta_enable_content_width":"","neve_meta_content_width":0,"neve_meta_title_alignment":"","neve_meta_author_avatar":"","neve_post_elements_order":"","neve_meta_disable_header":"","neve_meta_disable_footer":"","neve_meta_disable_title":"","footnotes":""},"class_list":["post-437","page","type-page","status-publish","hentry"],"acf":{"introducao":"","conceitos_fundamentais":"","como_funciona":"","como_aplicar_no_dia_a_dia":"","principais_utilizacoes_e_beneficios":"","tipos_e_classificacoes":"","tecnologias_e_ferramentas_relacionadas":"","exemplos_e_casos_de_sucesso":"","mitos_e_verdades":"","perguntas_frequentes_faq":"","erros_comuns_e_como_evita-los":"","futuro_e_tendencias":"","conclusao":"","bloco1title":"Qualidade Superior","bloco1text":"O vergalh\u00e3o direto da f\u00e1brica em Goi\u00e2nia \u00e9 produzido com controle rigoroso de qualidade para atender todas as normas t\u00e9cnicas exigidas pelo setor.","bloco2title":"Entrega \u00c1gil","bloco2text":"A BR A\u00e7o garante que sua entrega de vergalh\u00e3o direto da f\u00e1brica em Goi\u00e2nia seja r\u00e1pida e pontual, respeitando o cronograma dos seus projetos.","bloco3title":"Sustentabilidade","bloco3text":"Optando por vergalh\u00e3o direto da f\u00e1brica em Goi\u00e2nia, voc\u00ea colabora com pr\u00e1ticas sustent\u00e1veis, contribuindo para a preserva\u00e7\u00e3o do meio ambiente na constru\u00e7\u00e3o civil.","insightwidtitle":"Curiosidades sobre Vergalh\u00f5es","insightwidcontent":"Voc\u00ea sabia que o uso adequado de vergalh\u00f5es pode aumentar significativamente a durabilidade das obras? A combina\u00e7\u00e3o de a\u00e7o e concreto, quando feita com a qualidade do vergalh\u00e3o direto da f\u00e1brica em Goi\u00e2nia, resulta em estruturas muito mais resilientes. Al\u00e9m disso, na maioria dos casos, vergalh\u00f5es s\u00e3o recicl\u00e1veis, trazendo uma contribui\u00e7\u00e3o importante para a sustentabilidade no setor da constru\u00e7\u00e3o civil."},"yoast_head":"<!-- This site is optimized with the Yoast SEO plugin v23.4 - https:\/\/yoast.com\/wordpress\/plugins\/seo\/ -->\n<title>Vergalh\u00e3o Direto da F\u00e1brica em Goi\u00e2nia: Qualidade e Agilidade para Seus Projetos<\/title>\n<meta name=\"description\" content=\"Descubra as vantagens de adquirir vergalh\u00e3o direto da f\u00e1brica em Goi\u00e2nia com a BR A\u00e7o, e garanta qualidade e agilidade para seus projetos.\" \/>\n<meta name=\"robots\" content=\"index, follow, max-snippet:-1, max-image-preview:large, max-video-preview:-1\" \/>\n<link rel=\"canonical\" href=\"https:\/\/grupobraco.com.br\/conteudo\/vergalhao-direto-da-fabrica-em-goiania-qualidade-e-agilidade-para-seus-projetos\/\" \/>\n<meta property=\"og:locale\" content=\"pt_BR\" \/>\n<meta property=\"og:type\" content=\"article\" \/>\n<meta property=\"og:title\" content=\"Vergalh\u00e3o Direto da F\u00e1brica em Goi\u00e2nia: Qualidade e Agilidade para Seus Projetos\" \/>\n<meta property=\"og:description\" content=\"Descubra as vantagens de adquirir vergalh\u00e3o direto da f\u00e1brica em Goi\u00e2nia com a BR A\u00e7o, e garanta qualidade e agilidade para seus projetos.\" \/>\n<meta property=\"og:url\" content=\"https:\/\/grupobraco.com.br\/conteudo\/vergalhao-direto-da-fabrica-em-goiania-qualidade-e-agilidade-para-seus-projetos\/\" \/>\n<meta property=\"og:site_name\" content=\"Br A\u00e7o\" \/>\n<meta name=\"twitter:card\" content=\"summary_large_image\" \/>\n<meta name=\"twitter:label1\" content=\"Est. tempo de leitura\" \/>\n\t<meta name=\"twitter:data1\" content=\"1 minuto\" \/>\n<script type=\"application\/ld+json\" class=\"yoast-schema-graph\">{\"@context\":\"https:\/\/schema.org\",\"@graph\":[{\"@type\":\"WebPage\",\"@id\":\"https:\/\/grupobraco.com.br\/conteudo\/vergalhao-direto-da-fabrica-em-goiania-qualidade-e-agilidade-para-seus-projetos\/\",\"url\":\"https:\/\/grupobraco.com.br\/conteudo\/vergalhao-direto-da-fabrica-em-goiania-qualidade-e-agilidade-para-seus-projetos\/\",\"name\":\"Vergalh\u00e3o Direto da F\u00e1brica em Goi\u00e2nia: Qualidade e Agilidade para Seus Projetos\",\"isPartOf\":{\"@id\":\"https:\/\/grupobraco.com.br\/conteudo\/#website\"},\"datePublished\":\"2025-03-23T21:45:45+00:00\",\"dateModified\":\"2025-03-23T21:45:45+00:00\",\"description\":\"Descubra as vantagens de adquirir vergalh\u00e3o direto da f\u00e1brica em Goi\u00e2nia com a BR A\u00e7o, e garanta qualidade e agilidade para seus projetos.\",\"breadcrumb\":{\"@id\":\"https:\/\/grupobraco.com.br\/conteudo\/vergalhao-direto-da-fabrica-em-goiania-qualidade-e-agilidade-para-seus-projetos\/#breadcrumb\"},\"inLanguage\":\"pt-BR\",\"potentialAction\":[{\"@type\":\"ReadAction\",\"target\":[\"https:\/\/grupobraco.com.br\/conteudo\/vergalhao-direto-da-fabrica-em-goiania-qualidade-e-agilidade-para-seus-projetos\/\"]}]},{\"@type\":\"BreadcrumbList\",\"@id\":\"https:\/\/grupobraco.com.br\/conteudo\/vergalhao-direto-da-fabrica-em-goiania-qualidade-e-agilidade-para-seus-projetos\/#breadcrumb\",\"itemListElement\":[{\"@type\":\"ListItem\",\"position\":1,\"name\":\"Home\",\"item\":\"https:\/\/grupobraco.com.br\/conteudo\/\"},{\"@type\":\"ListItem\",\"position\":2,\"name\":\"Vergalh\u00e3o Direto da F\u00e1brica em Goi\u00e2nia: Qualidade e Agilidade para Seus Projetos\"}]},{\"@type\":\"WebSite\",\"@id\":\"https:\/\/grupobraco.com.br\/conteudo\/#website\",\"url\":\"https:\/\/grupobraco.com.br\/conteudo\/\",\"name\":\"Br A\u00e7o\",\"description\":\"Seus projetos na velocidade m\u00e1xima\",\"publisher\":{\"@id\":\"https:\/\/grupobraco.com.br\/conteudo\/#organization\"},\"potentialAction\":[{\"@type\":\"SearchAction\",\"target\":{\"@type\":\"EntryPoint\",\"urlTemplate\":\"https:\/\/grupobraco.com.br\/conteudo\/?s={search_term_string}\"},\"query-input\":{\"@type\":\"PropertyValueSpecification\",\"valueRequired\":true,\"valueName\":\"search_term_string\"}}],\"inLanguage\":\"pt-BR\"},{\"@type\":\"Organization\",\"@id\":\"https:\/\/grupobraco.com.br\/conteudo\/#organization\",\"name\":\"Br A\u00e7o\",\"url\":\"https:\/\/grupobraco.com.br\/conteudo\/\",\"logo\":{\"@type\":\"ImageObject\",\"inLanguage\":\"pt-BR\",\"@id\":\"https:\/\/grupobraco.com.br\/conteudo\/#\/schema\/logo\/image\/\",\"url\":\"https:\/\/grupobraco.com.br\/conteudo\/wp-content\/uploads\/2025\/04\/Z340-Logotipia-Reestruturacao-do-Branding.png\",\"contentUrl\":\"https:\/\/grupobraco.com.br\/conteudo\/wp-content\/uploads\/2025\/04\/Z340-Logotipia-Reestruturacao-do-Branding.png\",\"width\":1530,\"height\":1080,\"caption\":\"Br A\u00e7o\"},\"image\":{\"@id\":\"https:\/\/grupobraco.com.br\/conteudo\/#\/schema\/logo\/image\/\"}}]}<\/script>\n<!-- \/ Yoast SEO plugin. -->","yoast_head_json":{"title":"Vergalh\u00e3o Direto da F\u00e1brica em Goi\u00e2nia: Qualidade e Agilidade para Seus Projetos","description":"Descubra as vantagens de adquirir vergalh\u00e3o direto da f\u00e1brica em Goi\u00e2nia com a BR A\u00e7o, e garanta qualidade e agilidade para seus projetos.","robots":{"index":"index","follow":"follow","max-snippet":"max-snippet:-1","max-image-preview":"max-image-preview:large","max-video-preview":"max-video-preview:-1"},"canonical":"https:\/\/grupobraco.com.br\/conteudo\/vergalhao-direto-da-fabrica-em-goiania-qualidade-e-agilidade-para-seus-projetos\/","og_locale":"pt_BR","og_type":"article","og_title":"Vergalh\u00e3o Direto da F\u00e1brica em Goi\u00e2nia: Qualidade e Agilidade para Seus Projetos","og_description":"Descubra as vantagens de adquirir vergalh\u00e3o direto da f\u00e1brica em Goi\u00e2nia com a BR A\u00e7o, e garanta qualidade e agilidade para seus projetos.","og_url":"https:\/\/grupobraco.com.br\/conteudo\/vergalhao-direto-da-fabrica-em-goiania-qualidade-e-agilidade-para-seus-projetos\/","og_site_name":"Br A\u00e7o","twitter_card":"summary_large_image","twitter_misc":{"Est. tempo de leitura":"1 minuto"},"schema":{"@context":"https:\/\/schema.org","@graph":[{"@type":"WebPage","@id":"https:\/\/grupobraco.com.br\/conteudo\/vergalhao-direto-da-fabrica-em-goiania-qualidade-e-agilidade-para-seus-projetos\/","url":"https:\/\/grupobraco.com.br\/conteudo\/vergalhao-direto-da-fabrica-em-goiania-qualidade-e-agilidade-para-seus-projetos\/","name":"Vergalh\u00e3o Direto da F\u00e1brica em Goi\u00e2nia: Qualidade e Agilidade para Seus Projetos","isPartOf":{"@id":"https:\/\/grupobraco.com.br\/conteudo\/#website"},"datePublished":"2025-03-23T21:45:45+00:00","dateModified":"2025-03-23T21:45:45+00:00","description":"Descubra as vantagens de adquirir vergalh\u00e3o direto da f\u00e1brica em Goi\u00e2nia com a BR A\u00e7o, e garanta qualidade e agilidade para seus projetos.","breadcrumb":{"@id":"https:\/\/grupobraco.com.br\/conteudo\/vergalhao-direto-da-fabrica-em-goiania-qualidade-e-agilidade-para-seus-projetos\/#breadcrumb"},"inLanguage":"pt-BR","potentialAction":[{"@type":"ReadAction","target":["https:\/\/grupobraco.com.br\/conteudo\/vergalhao-direto-da-fabrica-em-goiania-qualidade-e-agilidade-para-seus-projetos\/"]}]},{"@type":"BreadcrumbList","@id":"https:\/\/grupobraco.com.br\/conteudo\/vergalhao-direto-da-fabrica-em-goiania-qualidade-e-agilidade-para-seus-projetos\/#breadcrumb","itemListElement":[{"@type":"ListItem","position":1,"name":"Home","item":"https:\/\/grupobraco.com.br\/conteudo\/"},{"@type":"ListItem","position":2,"name":"Vergalh\u00e3o Direto da F\u00e1brica em Goi\u00e2nia: Qualidade e Agilidade para Seus Projetos"}]},{"@type":"WebSite","@id":"https:\/\/grupobraco.com.br\/conteudo\/#website","url":"https:\/\/grupobraco.com.br\/conteudo\/","name":"Br A\u00e7o","description":"Seus projetos na velocidade m\u00e1xima","publisher":{"@id":"https:\/\/grupobraco.com.br\/conteudo\/#organization"},"potentialAction":[{"@type":"SearchAction","target":{"@type":"EntryPoint","urlTemplate":"https:\/\/grupobraco.com.br\/conteudo\/?s={search_term_string}"},"query-input":{"@type":"PropertyValueSpecification","valueRequired":true,"valueName":"search_term_string"}}],"inLanguage":"pt-BR"},{"@type":"Organization","@id":"https:\/\/grupobraco.com.br\/conteudo\/#organization","name":"Br A\u00e7o","url":"https:\/\/grupobraco.com.br\/conteudo\/","logo":{"@type":"ImageObject","inLanguage":"pt-BR","@id":"https:\/\/grupobraco.com.br\/conteudo\/#\/schema\/logo\/image\/","url":"https:\/\/grupobraco.com.br\/conteudo\/wp-content\/uploads\/2025\/04\/Z340-Logotipia-Reestruturacao-do-Branding.png","contentUrl":"https:\/\/grupobraco.com.br\/conteudo\/wp-content\/uploads\/2025\/04\/Z340-Logotipia-Reestruturacao-do-Branding.png","width":1530,"height":1080,"caption":"Br A\u00e7o"},"image":{"@id":"https:\/\/grupobraco.com.br\/conteudo\/#\/schema\/logo\/image\/"}}]}},"_links":{"self":[{"href":"https:\/\/grupobraco.com.br\/conteudo\/wp-json\/wp\/v2\/pages\/437","targetHints":{"allow":["GET"]}}],"collection":[{"href":"https:\/\/grupobraco.com.br\/conteudo\/wp-json\/wp\/v2\/pages"}],"about":[{"href":"https:\/\/grupobraco.com.br\/conteudo\/wp-json\/wp\/v2\/types\/page"}],"author":[{"embeddable":true,"href":"https:\/\/grupobraco.com.br\/conteudo\/wp-json\/wp\/v2\/users\/3"}],"replies":[{"embeddable":true,"href":"https:\/\/grupobraco.com.br\/conteudo\/wp-json\/wp\/v2\/comments?post=437"}],"version-history":[{"count":0,"href":"https:\/\/grupobraco.com.br\/conteudo\/wp-json\/wp\/v2\/pages\/437\/revisions"}],"wp:attachment":[{"href":"https:\/\/grupobraco.com.br\/conteudo\/wp-json\/wp\/v2\/media?parent=437"}],"curies":[{"name":"wp","href":"https:\/\/api.w.org\/{rel}","templated":true}]}}