{"id":4281,"date":"2025-04-13T04:45:52","date_gmt":"2025-04-13T04:45:52","guid":{"rendered":"https:\/\/grupobraco.com.br\/conteudo\/descubra-o-melhor-vergalhao-em-luziania-qualidade-e-agilidade-com-a-br-aco\/"},"modified":"2025-04-13T04:45:52","modified_gmt":"2025-04-13T04:45:52","slug":"descubra-o-melhor-vergalhao-em-luziania-qualidade-e-agilidade-com-a-br-aco","status":"publish","type":"page","link":"https:\/\/grupobraco.com.br\/conteudo\/descubra-o-melhor-vergalhao-em-luziania-qualidade-e-agilidade-com-a-br-aco\/","title":{"rendered":"Descubra o Melhor Vergalh\u00e3o em Luzi\u00e2nia: Qualidade e Agilidade com a BR A\u00e7o"},"content":{"rendered":"<p>Se voc\u00ea est\u00e1 buscando por vergalh\u00e3o em Luzi\u00e2nia, voc\u00ea est\u00e1 no lugar certo. Na BR A\u00e7o, n\u00f3s entendemos que a escolha do material certo \u00e9 fundamental para o sucesso de qualquer projeto de constru\u00e7\u00e3o. A nossa longa experi\u00eancia no setor de a\u00e7o nos permite oferecer produtos de alta qualidade, cuidadosamente fabricados para atender \u00e0s exig\u00eancias mais rigorosas. Desde a sua funda\u00e7\u00e3o, a BR A\u00e7o se destacou por atender \u00e0 crescente demanda da constru\u00e7\u00e3o civil, oferecendo vergalh\u00e3o em Luzi\u00e2nia com um compromisso inabal\u00e1vel com qualidade e efici\u00eancia. Nossos colaboradores s\u00e3o altamente treinados e possuem a expertise necess\u00e1ria para assegurar que cada pe\u00e7a de vergalh\u00e3o seja fabricada com os mais altos padr\u00f5es. Al\u00e9m disso, a nossa agilidade na entrega \u00e9 um dos nossos principais diferenciais, garantindo que seus projetos avancem na velocidade m\u00e1xima sem interrup\u00e7\u00f5es. Escolher o vergalh\u00e3o certo em Luzi\u00e2nia n\u00e3o \u00e9 apenas uma quest\u00e3o de pre\u00e7o, mas tamb\u00e9m de confiabilidade e seguran\u00e7a, e \u00e9 isso que a BR A\u00e7o traz para voc\u00ea. Com uma combina\u00e7\u00e3o de inova\u00e7\u00e3o, atendimento pr\u00f3ximo e um portf\u00f3lio robusto de produtos, n\u00f3s nos tornamos refer\u00eancia no estado de Goi\u00e1s. Quando voc\u00ea pensa em vergalh\u00e3o em Luzi\u00e2nia, pense na BR A\u00e7o, a parceira ideal para transformar suas ideias em realidade.<\/p>\n","protected":false},"excerpt":{"rendered":"<p>Se voc\u00ea est\u00e1 buscando por vergalh\u00e3o em Luzi\u00e2nia, voc\u00ea est\u00e1 no lugar certo. Na BR A\u00e7o, n\u00f3s entendemos que a escolha do material certo \u00e9 fundamental para o sucesso de qualquer projeto de constru\u00e7\u00e3o. A nossa longa experi\u00eancia no setor de a\u00e7o nos permite oferecer produtos de alta qualidade, cuidadosamente fabricados para atender \u00e0s exig\u00eancias&hellip;&nbsp;<a href=\"https:\/\/grupobraco.com.br\/conteudo\/descubra-o-melhor-vergalhao-em-luziania-qualidade-e-agilidade-com-a-br-aco\/\" class=\"\" rel=\"bookmark\">Continue a ler &raquo;<span class=\"screen-reader-text\">Descubra o Melhor Vergalh\u00e3o em Luzi\u00e2nia: Qualidade e Agilidade com a BR A\u00e7o<\/span><\/a><\/p>\n","protected":false},"author":3,"featured_media":0,"parent":0,"menu_order":0,"comment_status":"closed","ping_status":"closed","template":"","meta":{"_acf_changed":false,"_yoast_wpseo_focuskw":"Vergalh\u00e3o em Luzi\u00e2nia","_yoast_wpseo_title":"Vergalh\u00e3o em Luzi\u00e2nia: BR A\u00e7o, Qualidade e Efici\u00eancia","_yoast_wpseo_metadesc":"Encontre o melhor vergalh\u00e3o em Luzi\u00e2nia com a BR A\u00e7o, sua refer\u00eancia em qualidade e entrega r\u00e1pida. Conhe\u00e7a nossos produtos e fa\u00e7a seu projeto acontecer.","neve_meta_sidebar":"","neve_meta_container":"","neve_meta_enable_content_width":"","neve_meta_content_width":0,"neve_meta_title_alignment":"","neve_meta_author_avatar":"","neve_post_elements_order":"","neve_meta_disable_header":"","neve_meta_disable_footer":"","neve_meta_disable_title":"","footnotes":""},"class_list":["post-4281","page","type-page","status-publish","hentry"],"acf":{"introducao":"","conceitos_fundamentais":"","como_funciona":"","como_aplicar_no_dia_a_dia":"","principais_utilizacoes_e_beneficios":"","tipos_e_classificacoes":"","tecnologias_e_ferramentas_relacionadas":"","exemplos_e_casos_de_sucesso":"","mitos_e_verdades":"","perguntas_frequentes_faq":"","erros_comuns_e_como_evita-los":"","futuro_e_tendencias":"","conclusao":"","bloco1title":"Qualidade Superior","bloco1text":"A qualidade do nosso vergalh\u00e3o em Luzi\u00e2nia \u00e9 inigual\u00e1vel, garantindo resist\u00eancia e durabilidade para sua obra.","bloco2title":"Entrega R\u00e1pida","bloco2text":"Agilidade \u00e9 a nossa marca; fornecemos vergalh\u00e3o em Luzi\u00e2nia com prazos de entrega inigual\u00e1veis.","bloco3title":"Solu\u00e7\u00f5es Personalizadas","bloco3text":"Na BR A\u00e7o, oferecemos solu\u00e7\u00f5es de vergalh\u00e3o em Luzi\u00e2nia adaptadas \u00e0s suas necessidades, sempre com atendimento personalizado.","insightwidtitle":"Curiosidades sobre Vergalh\u00e3o","insightwidcontent":"O vergalh\u00e3o \u00e9 essencial na constru\u00e7\u00e3o civil, sendo um dos principais materiais utilizados para refor\u00e7o do concreto. Sabia que sua escolha pode impactar diretamente na seguran\u00e7a estrutural? Al\u00e9m disso, os vergalh\u00f5es s\u00e3o feitos com diferentes tipos de a\u00e7o, variando conforme a norma t\u00e9cnica que regulamenta a constru\u00e7\u00e3o, o que torna a escolha ainda mais importante para a durabilidade da edifica\u00e7\u00e3o."},"yoast_head":"<!-- This site is optimized with the Yoast SEO plugin v23.4 - https:\/\/yoast.com\/wordpress\/plugins\/seo\/ -->\n<title>Vergalh\u00e3o em Luzi\u00e2nia: BR A\u00e7o, Qualidade e Efici\u00eancia<\/title>\n<meta name=\"description\" content=\"Encontre o melhor vergalh\u00e3o em Luzi\u00e2nia com a BR A\u00e7o, sua refer\u00eancia em qualidade e entrega r\u00e1pida. Conhe\u00e7a nossos produtos e fa\u00e7a seu projeto acontecer.\" \/>\n<meta name=\"robots\" content=\"index, follow, max-snippet:-1, max-image-preview:large, max-video-preview:-1\" \/>\n<link rel=\"canonical\" href=\"https:\/\/grupobraco.com.br\/conteudo\/descubra-o-melhor-vergalhao-em-luziania-qualidade-e-agilidade-com-a-br-aco\/\" \/>\n<meta property=\"og:locale\" content=\"pt_BR\" \/>\n<meta property=\"og:type\" content=\"article\" \/>\n<meta property=\"og:title\" content=\"Vergalh\u00e3o em Luzi\u00e2nia: BR A\u00e7o, Qualidade e Efici\u00eancia\" \/>\n<meta property=\"og:description\" content=\"Encontre o melhor vergalh\u00e3o em Luzi\u00e2nia com a BR A\u00e7o, sua refer\u00eancia em qualidade e entrega r\u00e1pida. Conhe\u00e7a nossos produtos e fa\u00e7a seu projeto acontecer.\" \/>\n<meta property=\"og:url\" content=\"https:\/\/grupobraco.com.br\/conteudo\/descubra-o-melhor-vergalhao-em-luziania-qualidade-e-agilidade-com-a-br-aco\/\" \/>\n<meta property=\"og:site_name\" content=\"Br A\u00e7o\" \/>\n<meta name=\"twitter:card\" content=\"summary_large_image\" \/>\n<meta name=\"twitter:label1\" content=\"Est. tempo de leitura\" \/>\n\t<meta name=\"twitter:data1\" content=\"1 minuto\" \/>\n<script type=\"application\/ld+json\" class=\"yoast-schema-graph\">{\"@context\":\"https:\/\/schema.org\",\"@graph\":[{\"@type\":\"WebPage\",\"@id\":\"https:\/\/grupobraco.com.br\/conteudo\/descubra-o-melhor-vergalhao-em-luziania-qualidade-e-agilidade-com-a-br-aco\/\",\"url\":\"https:\/\/grupobraco.com.br\/conteudo\/descubra-o-melhor-vergalhao-em-luziania-qualidade-e-agilidade-com-a-br-aco\/\",\"name\":\"Vergalh\u00e3o em Luzi\u00e2nia: BR A\u00e7o, Qualidade e Efici\u00eancia\",\"isPartOf\":{\"@id\":\"https:\/\/grupobraco.com.br\/conteudo\/#website\"},\"datePublished\":\"2025-04-13T04:45:52+00:00\",\"dateModified\":\"2025-04-13T04:45:52+00:00\",\"description\":\"Encontre o melhor vergalh\u00e3o em Luzi\u00e2nia com a BR A\u00e7o, sua refer\u00eancia em qualidade e entrega r\u00e1pida. Conhe\u00e7a nossos produtos e fa\u00e7a seu projeto acontecer.\",\"breadcrumb\":{\"@id\":\"https:\/\/grupobraco.com.br\/conteudo\/descubra-o-melhor-vergalhao-em-luziania-qualidade-e-agilidade-com-a-br-aco\/#breadcrumb\"},\"inLanguage\":\"pt-BR\",\"potentialAction\":[{\"@type\":\"ReadAction\",\"target\":[\"https:\/\/grupobraco.com.br\/conteudo\/descubra-o-melhor-vergalhao-em-luziania-qualidade-e-agilidade-com-a-br-aco\/\"]}]},{\"@type\":\"BreadcrumbList\",\"@id\":\"https:\/\/grupobraco.com.br\/conteudo\/descubra-o-melhor-vergalhao-em-luziania-qualidade-e-agilidade-com-a-br-aco\/#breadcrumb\",\"itemListElement\":[{\"@type\":\"ListItem\",\"position\":1,\"name\":\"Home\",\"item\":\"https:\/\/grupobraco.com.br\/conteudo\/\"},{\"@type\":\"ListItem\",\"position\":2,\"name\":\"Descubra o Melhor Vergalh\u00e3o em Luzi\u00e2nia: Qualidade e Agilidade com a BR A\u00e7o\"}]},{\"@type\":\"WebSite\",\"@id\":\"https:\/\/grupobraco.com.br\/conteudo\/#website\",\"url\":\"https:\/\/grupobraco.com.br\/conteudo\/\",\"name\":\"Br A\u00e7o\",\"description\":\"Seus projetos na velocidade m\u00e1xima\",\"publisher\":{\"@id\":\"https:\/\/grupobraco.com.br\/conteudo\/#organization\"},\"potentialAction\":[{\"@type\":\"SearchAction\",\"target\":{\"@type\":\"EntryPoint\",\"urlTemplate\":\"https:\/\/grupobraco.com.br\/conteudo\/?s={search_term_string}\"},\"query-input\":{\"@type\":\"PropertyValueSpecification\",\"valueRequired\":true,\"valueName\":\"search_term_string\"}}],\"inLanguage\":\"pt-BR\"},{\"@type\":\"Organization\",\"@id\":\"https:\/\/grupobraco.com.br\/conteudo\/#organization\",\"name\":\"Br A\u00e7o\",\"url\":\"https:\/\/grupobraco.com.br\/conteudo\/\",\"logo\":{\"@type\":\"ImageObject\",\"inLanguage\":\"pt-BR\",\"@id\":\"https:\/\/grupobraco.com.br\/conteudo\/#\/schema\/logo\/image\/\",\"url\":\"https:\/\/grupobraco.com.br\/conteudo\/wp-content\/uploads\/2025\/04\/Z340-Logotipia-Reestruturacao-do-Branding.png\",\"contentUrl\":\"https:\/\/grupobraco.com.br\/conteudo\/wp-content\/uploads\/2025\/04\/Z340-Logotipia-Reestruturacao-do-Branding.png\",\"width\":1530,\"height\":1080,\"caption\":\"Br A\u00e7o\"},\"image\":{\"@id\":\"https:\/\/grupobraco.com.br\/conteudo\/#\/schema\/logo\/image\/\"}}]}<\/script>\n<!-- \/ Yoast SEO plugin. -->","yoast_head_json":{"title":"Vergalh\u00e3o em Luzi\u00e2nia: BR A\u00e7o, Qualidade e Efici\u00eancia","description":"Encontre o melhor vergalh\u00e3o em Luzi\u00e2nia com a BR A\u00e7o, sua refer\u00eancia em qualidade e entrega r\u00e1pida. Conhe\u00e7a nossos produtos e fa\u00e7a seu projeto acontecer.","robots":{"index":"index","follow":"follow","max-snippet":"max-snippet:-1","max-image-preview":"max-image-preview:large","max-video-preview":"max-video-preview:-1"},"canonical":"https:\/\/grupobraco.com.br\/conteudo\/descubra-o-melhor-vergalhao-em-luziania-qualidade-e-agilidade-com-a-br-aco\/","og_locale":"pt_BR","og_type":"article","og_title":"Vergalh\u00e3o em Luzi\u00e2nia: BR A\u00e7o, Qualidade e Efici\u00eancia","og_description":"Encontre o melhor vergalh\u00e3o em Luzi\u00e2nia com a BR A\u00e7o, sua refer\u00eancia em qualidade e entrega r\u00e1pida. Conhe\u00e7a nossos produtos e fa\u00e7a seu projeto acontecer.","og_url":"https:\/\/grupobraco.com.br\/conteudo\/descubra-o-melhor-vergalhao-em-luziania-qualidade-e-agilidade-com-a-br-aco\/","og_site_name":"Br A\u00e7o","twitter_card":"summary_large_image","twitter_misc":{"Est. tempo de leitura":"1 minuto"},"schema":{"@context":"https:\/\/schema.org","@graph":[{"@type":"WebPage","@id":"https:\/\/grupobraco.com.br\/conteudo\/descubra-o-melhor-vergalhao-em-luziania-qualidade-e-agilidade-com-a-br-aco\/","url":"https:\/\/grupobraco.com.br\/conteudo\/descubra-o-melhor-vergalhao-em-luziania-qualidade-e-agilidade-com-a-br-aco\/","name":"Vergalh\u00e3o em Luzi\u00e2nia: BR A\u00e7o, Qualidade e Efici\u00eancia","isPartOf":{"@id":"https:\/\/grupobraco.com.br\/conteudo\/#website"},"datePublished":"2025-04-13T04:45:52+00:00","dateModified":"2025-04-13T04:45:52+00:00","description":"Encontre o melhor vergalh\u00e3o em Luzi\u00e2nia com a BR A\u00e7o, sua refer\u00eancia em qualidade e entrega r\u00e1pida. Conhe\u00e7a nossos produtos e fa\u00e7a seu projeto acontecer.","breadcrumb":{"@id":"https:\/\/grupobraco.com.br\/conteudo\/descubra-o-melhor-vergalhao-em-luziania-qualidade-e-agilidade-com-a-br-aco\/#breadcrumb"},"inLanguage":"pt-BR","potentialAction":[{"@type":"ReadAction","target":["https:\/\/grupobraco.com.br\/conteudo\/descubra-o-melhor-vergalhao-em-luziania-qualidade-e-agilidade-com-a-br-aco\/"]}]},{"@type":"BreadcrumbList","@id":"https:\/\/grupobraco.com.br\/conteudo\/descubra-o-melhor-vergalhao-em-luziania-qualidade-e-agilidade-com-a-br-aco\/#breadcrumb","itemListElement":[{"@type":"ListItem","position":1,"name":"Home","item":"https:\/\/grupobraco.com.br\/conteudo\/"},{"@type":"ListItem","position":2,"name":"Descubra o Melhor Vergalh\u00e3o em Luzi\u00e2nia: Qualidade e Agilidade com a BR A\u00e7o"}]},{"@type":"WebSite","@id":"https:\/\/grupobraco.com.br\/conteudo\/#website","url":"https:\/\/grupobraco.com.br\/conteudo\/","name":"Br A\u00e7o","description":"Seus projetos na velocidade m\u00e1xima","publisher":{"@id":"https:\/\/grupobraco.com.br\/conteudo\/#organization"},"potentialAction":[{"@type":"SearchAction","target":{"@type":"EntryPoint","urlTemplate":"https:\/\/grupobraco.com.br\/conteudo\/?s={search_term_string}"},"query-input":{"@type":"PropertyValueSpecification","valueRequired":true,"valueName":"search_term_string"}}],"inLanguage":"pt-BR"},{"@type":"Organization","@id":"https:\/\/grupobraco.com.br\/conteudo\/#organization","name":"Br A\u00e7o","url":"https:\/\/grupobraco.com.br\/conteudo\/","logo":{"@type":"ImageObject","inLanguage":"pt-BR","@id":"https:\/\/grupobraco.com.br\/conteudo\/#\/schema\/logo\/image\/","url":"https:\/\/grupobraco.com.br\/conteudo\/wp-content\/uploads\/2025\/04\/Z340-Logotipia-Reestruturacao-do-Branding.png","contentUrl":"https:\/\/grupobraco.com.br\/conteudo\/wp-content\/uploads\/2025\/04\/Z340-Logotipia-Reestruturacao-do-Branding.png","width":1530,"height":1080,"caption":"Br A\u00e7o"},"image":{"@id":"https:\/\/grupobraco.com.br\/conteudo\/#\/schema\/logo\/image\/"}}]}},"_links":{"self":[{"href":"https:\/\/grupobraco.com.br\/conteudo\/wp-json\/wp\/v2\/pages\/4281","targetHints":{"allow":["GET"]}}],"collection":[{"href":"https:\/\/grupobraco.com.br\/conteudo\/wp-json\/wp\/v2\/pages"}],"about":[{"href":"https:\/\/grupobraco.com.br\/conteudo\/wp-json\/wp\/v2\/types\/page"}],"author":[{"embeddable":true,"href":"https:\/\/grupobraco.com.br\/conteudo\/wp-json\/wp\/v2\/users\/3"}],"replies":[{"embeddable":true,"href":"https:\/\/grupobraco.com.br\/conteudo\/wp-json\/wp\/v2\/comments?post=4281"}],"version-history":[{"count":0,"href":"https:\/\/grupobraco.com.br\/conteudo\/wp-json\/wp\/v2\/pages\/4281\/revisions"}],"wp:attachment":[{"href":"https:\/\/grupobraco.com.br\/conteudo\/wp-json\/wp\/v2\/media?parent=4281"}],"curies":[{"name":"wp","href":"https:\/\/api.w.org\/{rel}","templated":true}]}}