{"id":4003,"date":"2025-04-11T18:00:58","date_gmt":"2025-04-11T18:00:58","guid":{"rendered":"https:\/\/grupobraco.com.br\/conteudo\/descubra-onde-comprar-vergalhao-em-aparecida-de-goiania-com-a-br-aco\/"},"modified":"2025-04-11T18:00:58","modified_gmt":"2025-04-11T18:00:58","slug":"descubra-onde-comprar-vergalhao-em-aparecida-de-goiania-com-a-br-aco","status":"publish","type":"page","link":"https:\/\/grupobraco.com.br\/conteudo\/descubra-onde-comprar-vergalhao-em-aparecida-de-goiania-com-a-br-aco\/","title":{"rendered":"Descubra Onde Comprar Vergalh\u00e3o em Aparecida de Goi\u00e2nia com a BR A\u00e7o"},"content":{"rendered":"<p>Se voc\u00ea est\u00e1 \u00e0 procura de onde comprar vergalh\u00e3o em Aparecida de Goi\u00e2nia, saiba que a escolha do fornecedor pode fazer toda a diferen\u00e7a na qualidade e na efici\u00eancia de sua obra. A BR A\u00e7o se destaca como a principal refer\u00eancia na regi\u00e3o, oferecendo aos seus clientes n\u00e3o apenas produtos de alta qualidade, mas tamb\u00e9m um atendimento diferenciado e solu\u00e7\u00f5es completas para a constru\u00e7\u00e3o civil. Com uma vasta gama de op\u00e7\u00f5es, desde o vergalh\u00e3o em diversos tamanhos e di\u00e2metros at\u00e9 elementos complementares, contamos com um estoque sempre atualizado, garantindo que voc\u00ea encontrar\u00e1 exatamente o que precisa para o seu projeto. Nossa equipe, experiente e capacitada, est\u00e1 pronta para oferecer todo o suporte necess\u00e1rio, desde a escolha do material ideal at\u00e9 o suporte p\u00f3s-venda. Portanto, ao considerar onde comprar vergalh\u00e3o em Aparecida de Goi\u00e2nia, lembre-se: a BR A\u00e7o \u00e9 a garantia de qualidade e efici\u00eancia para suas constru\u00e7\u00f5es. N\u00e3o se trata apenas de vender a\u00e7o, mas de garantir que seus projetos sejam conclu\u00eddos com excel\u00eancia e dentro do prazo, fazendo valer a m\u00e1xima &#8220;seus projetos na velocidade m\u00e1xima&#8221;. Ao comprar conosco, voc\u00ea tem a certeza de que a mat\u00e9ria-prima utilizada em sua obra \u00e9 a mais confi\u00e1vel do mercado. A velocidade e a precis\u00e3o com que entregamos o vergalh\u00e3o, somadas ao nosso compromisso com a qualidade, fazem da BR A\u00e7o a melhor op\u00e7\u00e3o na hora de eleger um fornecedor. Esteja voc\u00ea realizando uma pequena obra ou um grande projeto, nosso vergalh\u00e3o \u00e9 ideal para atender \u00e0s suas necessidades espec\u00edficas. A localiza\u00e7\u00e3o estrat\u00e9gica da BR A\u00e7o em Aparecida de Goi\u00e2nia facilita ainda mais o acesso a nossos produtos, permitindo que voc\u00ea receba o que precisa de forma r\u00e1pida e pr\u00e1tica. Al\u00e9m disso, oferecemos condi\u00e7\u00f5es especiais de pagamento e prazos de entrega imbat\u00edveis, a fim de garantir que nossos clientes realizem suas obras sem preocupa\u00e7\u00f5es. Assim, na sua busca por onde comprar vergalh\u00e3o em Aparecida de Goi\u00e2nia, n\u00e3o deixe de considerar a BR A\u00e7o como sua principal escolha. Aqui, estamos sempre prontos para inovar e surpreender nossos clientes com a melhor experi\u00eancia no fornecimento de a\u00e7o. Nossa miss\u00e3o vai al\u00e9m da venda: queremos ser o parceiro ideal em todas as etapas do seu projeto, assegurando que voc\u00ea tenha n\u00e3o apenas o material, mas tamb\u00e9m todo o suporte necess\u00e1rio para levar sua constru\u00e7\u00e3o adiante de forma r\u00e1pida e segura.<\/p>\n","protected":false},"excerpt":{"rendered":"<p>Se voc\u00ea est\u00e1 \u00e0 procura de onde comprar vergalh\u00e3o em Aparecida de Goi\u00e2nia, saiba que a escolha do fornecedor pode fazer toda a diferen\u00e7a na qualidade e na efici\u00eancia de sua obra. A BR A\u00e7o se destaca como a principal refer\u00eancia na regi\u00e3o, oferecendo aos seus clientes n\u00e3o apenas produtos de alta qualidade, mas tamb\u00e9m&hellip;&nbsp;<a href=\"https:\/\/grupobraco.com.br\/conteudo\/descubra-onde-comprar-vergalhao-em-aparecida-de-goiania-com-a-br-aco\/\" class=\"\" rel=\"bookmark\">Continue a ler &raquo;<span class=\"screen-reader-text\">Descubra Onde Comprar Vergalh\u00e3o em Aparecida de Goi\u00e2nia com a BR A\u00e7o<\/span><\/a><\/p>\n","protected":false},"author":3,"featured_media":0,"parent":0,"menu_order":0,"comment_status":"closed","ping_status":"closed","template":"","meta":{"_acf_changed":false,"_yoast_wpseo_focuskw":"onde comprar vergalh\u00e3o em Aparecida de Goi\u00e2nia","_yoast_wpseo_title":"Sugest\u00f5es de Fornecimento de Vergalh\u00e3o em Aparecida de Goi\u00e2nia","_yoast_wpseo_metadesc":"Descubra onde comprar vergalh\u00e3o em Aparecida de Goi\u00e2nia com a BR A\u00e7o, refer\u00eancia em qualidade e atendimento na constru\u00e7\u00e3o civil.","neve_meta_sidebar":"","neve_meta_container":"","neve_meta_enable_content_width":"","neve_meta_content_width":0,"neve_meta_title_alignment":"","neve_meta_author_avatar":"","neve_post_elements_order":"","neve_meta_disable_header":"","neve_meta_disable_footer":"","neve_meta_disable_title":"","footnotes":""},"class_list":["post-4003","page","type-page","status-publish","hentry"],"acf":{"introducao":"","conceitos_fundamentais":"","como_funciona":"","como_aplicar_no_dia_a_dia":"","principais_utilizacoes_e_beneficios":"","tipos_e_classificacoes":"","tecnologias_e_ferramentas_relacionadas":"","exemplos_e_casos_de_sucesso":"","mitos_e_verdades":"","perguntas_frequentes_faq":"","erros_comuns_e_como_evita-los":"","futuro_e_tendencias":"","conclusao":"","bloco1title":"Material de qualidade","bloco1text":"Na BR A\u00e7o, oferecemos vergalh\u00f5es que atendem aos mais r\u00edgidos padr\u00f5es de qualidade do mercado.","bloco2title":"Atendimento personalizado","bloco2text":"Contamos com uma equipe capacitada para atender suas necessidades espec\u00edficas com precis\u00e3o.","bloco3title":"Localiza\u00e7\u00e3o estrat\u00e9gica","bloco3text":"Estamos em Aparecida de Goi\u00e2nia, facilitando o acesso e a entrega de nossos produtos na regi\u00e3o.","insightwidtitle":"Curiosidades sobre Vergalh\u00e3o","insightwidcontent":"Voc\u00ea sabia que o vergalh\u00e3o \u00e9 fundamental para a seguran\u00e7a das estruturas de concreto? A integra\u00e7\u00e3o do a\u00e7o e do concreto cria uma sinergia que fortalece paredes e lajes, permitindo que elas suportem cargas pesadas. Portanto, escolher o fornecedor certo \u00e9 essencial para a durabilidade e seguran\u00e7a da sua obra."},"yoast_head":"<!-- This site is optimized with the Yoast SEO plugin v23.4 - https:\/\/yoast.com\/wordpress\/plugins\/seo\/ -->\n<title>Sugest\u00f5es de Fornecimento de Vergalh\u00e3o em Aparecida de Goi\u00e2nia<\/title>\n<meta name=\"description\" content=\"Descubra onde comprar vergalh\u00e3o em Aparecida de Goi\u00e2nia com a BR A\u00e7o, refer\u00eancia em qualidade e atendimento na constru\u00e7\u00e3o civil.\" \/>\n<meta name=\"robots\" content=\"index, follow, max-snippet:-1, max-image-preview:large, max-video-preview:-1\" \/>\n<link rel=\"canonical\" href=\"https:\/\/grupobraco.com.br\/conteudo\/descubra-onde-comprar-vergalhao-em-aparecida-de-goiania-com-a-br-aco\/\" \/>\n<meta property=\"og:locale\" content=\"pt_BR\" \/>\n<meta property=\"og:type\" content=\"article\" \/>\n<meta property=\"og:title\" content=\"Sugest\u00f5es de Fornecimento de Vergalh\u00e3o em Aparecida de Goi\u00e2nia\" \/>\n<meta property=\"og:description\" content=\"Descubra onde comprar vergalh\u00e3o em Aparecida de Goi\u00e2nia com a BR A\u00e7o, refer\u00eancia em qualidade e atendimento na constru\u00e7\u00e3o civil.\" \/>\n<meta property=\"og:url\" content=\"https:\/\/grupobraco.com.br\/conteudo\/descubra-onde-comprar-vergalhao-em-aparecida-de-goiania-com-a-br-aco\/\" \/>\n<meta property=\"og:site_name\" content=\"Br A\u00e7o\" \/>\n<meta name=\"twitter:card\" content=\"summary_large_image\" \/>\n<meta name=\"twitter:label1\" content=\"Est. tempo de leitura\" \/>\n\t<meta name=\"twitter:data1\" content=\"2 minutos\" \/>\n<script type=\"application\/ld+json\" class=\"yoast-schema-graph\">{\"@context\":\"https:\/\/schema.org\",\"@graph\":[{\"@type\":\"WebPage\",\"@id\":\"https:\/\/grupobraco.com.br\/conteudo\/descubra-onde-comprar-vergalhao-em-aparecida-de-goiania-com-a-br-aco\/\",\"url\":\"https:\/\/grupobraco.com.br\/conteudo\/descubra-onde-comprar-vergalhao-em-aparecida-de-goiania-com-a-br-aco\/\",\"name\":\"Sugest\u00f5es de Fornecimento de Vergalh\u00e3o em Aparecida de Goi\u00e2nia\",\"isPartOf\":{\"@id\":\"https:\/\/grupobraco.com.br\/conteudo\/#website\"},\"datePublished\":\"2025-04-11T18:00:58+00:00\",\"dateModified\":\"2025-04-11T18:00:58+00:00\",\"description\":\"Descubra onde comprar vergalh\u00e3o em Aparecida de Goi\u00e2nia com a BR A\u00e7o, refer\u00eancia em qualidade e atendimento na constru\u00e7\u00e3o civil.\",\"breadcrumb\":{\"@id\":\"https:\/\/grupobraco.com.br\/conteudo\/descubra-onde-comprar-vergalhao-em-aparecida-de-goiania-com-a-br-aco\/#breadcrumb\"},\"inLanguage\":\"pt-BR\",\"potentialAction\":[{\"@type\":\"ReadAction\",\"target\":[\"https:\/\/grupobraco.com.br\/conteudo\/descubra-onde-comprar-vergalhao-em-aparecida-de-goiania-com-a-br-aco\/\"]}]},{\"@type\":\"BreadcrumbList\",\"@id\":\"https:\/\/grupobraco.com.br\/conteudo\/descubra-onde-comprar-vergalhao-em-aparecida-de-goiania-com-a-br-aco\/#breadcrumb\",\"itemListElement\":[{\"@type\":\"ListItem\",\"position\":1,\"name\":\"Home\",\"item\":\"https:\/\/grupobraco.com.br\/conteudo\/\"},{\"@type\":\"ListItem\",\"position\":2,\"name\":\"Descubra Onde Comprar Vergalh\u00e3o em Aparecida de Goi\u00e2nia com a BR A\u00e7o\"}]},{\"@type\":\"WebSite\",\"@id\":\"https:\/\/grupobraco.com.br\/conteudo\/#website\",\"url\":\"https:\/\/grupobraco.com.br\/conteudo\/\",\"name\":\"Br A\u00e7o\",\"description\":\"Seus projetos na velocidade m\u00e1xima\",\"publisher\":{\"@id\":\"https:\/\/grupobraco.com.br\/conteudo\/#organization\"},\"potentialAction\":[{\"@type\":\"SearchAction\",\"target\":{\"@type\":\"EntryPoint\",\"urlTemplate\":\"https:\/\/grupobraco.com.br\/conteudo\/?s={search_term_string}\"},\"query-input\":{\"@type\":\"PropertyValueSpecification\",\"valueRequired\":true,\"valueName\":\"search_term_string\"}}],\"inLanguage\":\"pt-BR\"},{\"@type\":\"Organization\",\"@id\":\"https:\/\/grupobraco.com.br\/conteudo\/#organization\",\"name\":\"Br A\u00e7o\",\"url\":\"https:\/\/grupobraco.com.br\/conteudo\/\",\"logo\":{\"@type\":\"ImageObject\",\"inLanguage\":\"pt-BR\",\"@id\":\"https:\/\/grupobraco.com.br\/conteudo\/#\/schema\/logo\/image\/\",\"url\":\"https:\/\/grupobraco.com.br\/conteudo\/wp-content\/uploads\/2025\/04\/Z340-Logotipia-Reestruturacao-do-Branding.png\",\"contentUrl\":\"https:\/\/grupobraco.com.br\/conteudo\/wp-content\/uploads\/2025\/04\/Z340-Logotipia-Reestruturacao-do-Branding.png\",\"width\":1530,\"height\":1080,\"caption\":\"Br A\u00e7o\"},\"image\":{\"@id\":\"https:\/\/grupobraco.com.br\/conteudo\/#\/schema\/logo\/image\/\"}}]}<\/script>\n<!-- \/ Yoast SEO plugin. -->","yoast_head_json":{"title":"Sugest\u00f5es de Fornecimento de Vergalh\u00e3o em Aparecida de Goi\u00e2nia","description":"Descubra onde comprar vergalh\u00e3o em Aparecida de Goi\u00e2nia com a BR A\u00e7o, refer\u00eancia em qualidade e atendimento na constru\u00e7\u00e3o civil.","robots":{"index":"index","follow":"follow","max-snippet":"max-snippet:-1","max-image-preview":"max-image-preview:large","max-video-preview":"max-video-preview:-1"},"canonical":"https:\/\/grupobraco.com.br\/conteudo\/descubra-onde-comprar-vergalhao-em-aparecida-de-goiania-com-a-br-aco\/","og_locale":"pt_BR","og_type":"article","og_title":"Sugest\u00f5es de Fornecimento de Vergalh\u00e3o em Aparecida de Goi\u00e2nia","og_description":"Descubra onde comprar vergalh\u00e3o em Aparecida de Goi\u00e2nia com a BR A\u00e7o, refer\u00eancia em qualidade e atendimento na constru\u00e7\u00e3o civil.","og_url":"https:\/\/grupobraco.com.br\/conteudo\/descubra-onde-comprar-vergalhao-em-aparecida-de-goiania-com-a-br-aco\/","og_site_name":"Br A\u00e7o","twitter_card":"summary_large_image","twitter_misc":{"Est. tempo de leitura":"2 minutos"},"schema":{"@context":"https:\/\/schema.org","@graph":[{"@type":"WebPage","@id":"https:\/\/grupobraco.com.br\/conteudo\/descubra-onde-comprar-vergalhao-em-aparecida-de-goiania-com-a-br-aco\/","url":"https:\/\/grupobraco.com.br\/conteudo\/descubra-onde-comprar-vergalhao-em-aparecida-de-goiania-com-a-br-aco\/","name":"Sugest\u00f5es de Fornecimento de Vergalh\u00e3o em Aparecida de Goi\u00e2nia","isPartOf":{"@id":"https:\/\/grupobraco.com.br\/conteudo\/#website"},"datePublished":"2025-04-11T18:00:58+00:00","dateModified":"2025-04-11T18:00:58+00:00","description":"Descubra onde comprar vergalh\u00e3o em Aparecida de Goi\u00e2nia com a BR A\u00e7o, refer\u00eancia em qualidade e atendimento na constru\u00e7\u00e3o civil.","breadcrumb":{"@id":"https:\/\/grupobraco.com.br\/conteudo\/descubra-onde-comprar-vergalhao-em-aparecida-de-goiania-com-a-br-aco\/#breadcrumb"},"inLanguage":"pt-BR","potentialAction":[{"@type":"ReadAction","target":["https:\/\/grupobraco.com.br\/conteudo\/descubra-onde-comprar-vergalhao-em-aparecida-de-goiania-com-a-br-aco\/"]}]},{"@type":"BreadcrumbList","@id":"https:\/\/grupobraco.com.br\/conteudo\/descubra-onde-comprar-vergalhao-em-aparecida-de-goiania-com-a-br-aco\/#breadcrumb","itemListElement":[{"@type":"ListItem","position":1,"name":"Home","item":"https:\/\/grupobraco.com.br\/conteudo\/"},{"@type":"ListItem","position":2,"name":"Descubra Onde Comprar Vergalh\u00e3o em Aparecida de Goi\u00e2nia com a BR A\u00e7o"}]},{"@type":"WebSite","@id":"https:\/\/grupobraco.com.br\/conteudo\/#website","url":"https:\/\/grupobraco.com.br\/conteudo\/","name":"Br A\u00e7o","description":"Seus projetos na velocidade m\u00e1xima","publisher":{"@id":"https:\/\/grupobraco.com.br\/conteudo\/#organization"},"potentialAction":[{"@type":"SearchAction","target":{"@type":"EntryPoint","urlTemplate":"https:\/\/grupobraco.com.br\/conteudo\/?s={search_term_string}"},"query-input":{"@type":"PropertyValueSpecification","valueRequired":true,"valueName":"search_term_string"}}],"inLanguage":"pt-BR"},{"@type":"Organization","@id":"https:\/\/grupobraco.com.br\/conteudo\/#organization","name":"Br A\u00e7o","url":"https:\/\/grupobraco.com.br\/conteudo\/","logo":{"@type":"ImageObject","inLanguage":"pt-BR","@id":"https:\/\/grupobraco.com.br\/conteudo\/#\/schema\/logo\/image\/","url":"https:\/\/grupobraco.com.br\/conteudo\/wp-content\/uploads\/2025\/04\/Z340-Logotipia-Reestruturacao-do-Branding.png","contentUrl":"https:\/\/grupobraco.com.br\/conteudo\/wp-content\/uploads\/2025\/04\/Z340-Logotipia-Reestruturacao-do-Branding.png","width":1530,"height":1080,"caption":"Br A\u00e7o"},"image":{"@id":"https:\/\/grupobraco.com.br\/conteudo\/#\/schema\/logo\/image\/"}}]}},"_links":{"self":[{"href":"https:\/\/grupobraco.com.br\/conteudo\/wp-json\/wp\/v2\/pages\/4003","targetHints":{"allow":["GET"]}}],"collection":[{"href":"https:\/\/grupobraco.com.br\/conteudo\/wp-json\/wp\/v2\/pages"}],"about":[{"href":"https:\/\/grupobraco.com.br\/conteudo\/wp-json\/wp\/v2\/types\/page"}],"author":[{"embeddable":true,"href":"https:\/\/grupobraco.com.br\/conteudo\/wp-json\/wp\/v2\/users\/3"}],"replies":[{"embeddable":true,"href":"https:\/\/grupobraco.com.br\/conteudo\/wp-json\/wp\/v2\/comments?post=4003"}],"version-history":[{"count":0,"href":"https:\/\/grupobraco.com.br\/conteudo\/wp-json\/wp\/v2\/pages\/4003\/revisions"}],"wp:attachment":[{"href":"https:\/\/grupobraco.com.br\/conteudo\/wp-json\/wp\/v2\/media?parent=4003"}],"curies":[{"name":"wp","href":"https:\/\/api.w.org\/{rel}","templated":true}]}}