{"id":3976,"date":"2025-04-11T14:45:50","date_gmt":"2025-04-11T14:45:50","guid":{"rendered":"https:\/\/grupobraco.com.br\/conteudo\/vergalhao-direto-da-fabrica-em-rio-verde-a-solucao-ideal-para-seus-projetos\/"},"modified":"2025-04-11T14:45:50","modified_gmt":"2025-04-11T14:45:50","slug":"vergalhao-direto-da-fabrica-em-rio-verde-a-solucao-ideal-para-seus-projetos","status":"publish","type":"page","link":"https:\/\/grupobraco.com.br\/conteudo\/vergalhao-direto-da-fabrica-em-rio-verde-a-solucao-ideal-para-seus-projetos\/","title":{"rendered":"Vergalh\u00e3o Direto da F\u00e1brica em Rio Verde: A Solu\u00e7\u00e3o Ideal para Seus Projetos"},"content":{"rendered":"<p>Se voc\u00ea est\u00e1 em busca de vergalh\u00e3o direto da f\u00e1brica em Rio Verde, a BR A\u00e7o \u00e9 a escolha certa. Com mais de 20 anos de experi\u00eancia na fabrica\u00e7\u00e3o de a\u00e7o, oferecemos produtos de qualidade superior para a constru\u00e7\u00e3o civil. Nossos vergalh\u00f5es atendem a todas as normas t\u00e9cnicas e de seguran\u00e7a, garantindo que sua obra seja constru\u00edda com a resist\u00eancia e durabilidade necess\u00e1rias. Estamos localizados estrategicamente em Rio Verde, o que nos permite entregar diretamente na sua obra, garantindo n\u00e3o apenas a qualidade do produto, mas tamb\u00e9m um prazo de entrega imbat\u00edvel. Escolher a BR A\u00e7o significa optar por resolu\u00e7\u00e3o e agilidade, pois, com o nosso vergalh\u00e3o direto da f\u00e1brica em Rio Verde, voc\u00ea reduz tempo de espera e evita complica\u00e7\u00f5es na log\u00edstica. Nossa equipe \u00e9 altamente capacitada e est\u00e1 sempre \u00e0 disposi\u00e7\u00e3o para fornecer todo o suporte que voc\u00ea precisa. Portanto, quando o assunto \u00e9 vergalh\u00e3o direto da f\u00e1brica em Rio Verde, voc\u00ea pode contar com a excel\u00eancia da BR A\u00e7o.<\/p>\n","protected":false},"excerpt":{"rendered":"<p>Se voc\u00ea est\u00e1 em busca de vergalh\u00e3o direto da f\u00e1brica em Rio Verde, a BR A\u00e7o \u00e9 a escolha certa. Com mais de 20 anos de experi\u00eancia na fabrica\u00e7\u00e3o de a\u00e7o, oferecemos produtos de qualidade superior para a constru\u00e7\u00e3o civil. Nossos vergalh\u00f5es atendem a todas as normas t\u00e9cnicas e de seguran\u00e7a, garantindo que sua obra&hellip;&nbsp;<a href=\"https:\/\/grupobraco.com.br\/conteudo\/vergalhao-direto-da-fabrica-em-rio-verde-a-solucao-ideal-para-seus-projetos\/\" class=\"\" rel=\"bookmark\">Continue a ler &raquo;<span class=\"screen-reader-text\">Vergalh\u00e3o Direto da F\u00e1brica em Rio Verde: A Solu\u00e7\u00e3o Ideal para Seus Projetos<\/span><\/a><\/p>\n","protected":false},"author":3,"featured_media":0,"parent":0,"menu_order":0,"comment_status":"closed","ping_status":"closed","template":"","meta":{"_acf_changed":false,"_yoast_wpseo_focuskw":"Vergalh\u00e3o direto da f\u00e1brica em Rio Verde","_yoast_wpseo_title":"Vergalh\u00e3o Direto da F\u00e1brica em Rio Verde: Qualidade e Agilidade na Constru\u00e7\u00e3o","_yoast_wpseo_metadesc":"Descubra os benef\u00edcios do vergalh\u00e3o direto da f\u00e1brica em Rio Verde. A BR A\u00e7o tem a solu\u00e7\u00e3o ideal para suas obras com qualidade e entrega r\u00e1pida.","neve_meta_sidebar":"","neve_meta_container":"","neve_meta_enable_content_width":"","neve_meta_content_width":0,"neve_meta_title_alignment":"","neve_meta_author_avatar":"","neve_post_elements_order":"","neve_meta_disable_header":"","neve_meta_disable_footer":"","neve_meta_disable_title":"","footnotes":""},"class_list":["post-3976","page","type-page","status-publish","hentry"],"acf":{"introducao":"","conceitos_fundamentais":"","como_funciona":"","como_aplicar_no_dia_a_dia":"","principais_utilizacoes_e_beneficios":"","tipos_e_classificacoes":"","tecnologias_e_ferramentas_relacionadas":"","exemplos_e_casos_de_sucesso":"","mitos_e_verdades":"","perguntas_frequentes_faq":"","erros_comuns_e_como_evita-los":"","futuro_e_tendencias":"","conclusao":"","bloco1title":"Qualidade do A\u00e7o","bloco1text":"Produzimos vergalh\u00f5es com excel\u00eancia, adaptando-nos \u00e0s normas de seguran\u00e7a e qualidade exigidas pelo mercado.","bloco2title":"Agilidade na Entrega","bloco2text":"Nosso vergalh\u00e3o direto da f\u00e1brica em Rio Verde garante prazos de entrega r\u00e1pidos e eficientes.","bloco3title":"Suporte Especializado","bloco3text":"Nossa equipe \u00e9 formada por especialistas prontos para ajudar a escolher o melhor vergalh\u00e3o para sua necessidade.","insightwidtitle":"Curiosidades sobre Vergalh\u00e3o","insightwidcontent":"Voc\u00ea sabia que o uso de vergalh\u00e3o no concreto aumenta n\u00e3o apenas a resist\u00eancia estrutural, mas tamb\u00e9m a durabilidade da constru\u00e7\u00e3o? Isso \u00e9 fundamental em regi\u00f5es como Rio Verde, onde as condi\u00e7\u00f5es clim\u00e1ticas podem ser desafiadoras. O vergalh\u00e3o \u00e9 fundamental em obras de grande porte, pois distribui as tens\u00f5es que ocorrem no concreto. Essa combina\u00e7\u00e3o de materiais resulta em estruturas mais seguras e confi\u00e1veis."},"yoast_head":"<!-- This site is optimized with the Yoast SEO plugin v23.4 - https:\/\/yoast.com\/wordpress\/plugins\/seo\/ -->\n<title>Vergalh\u00e3o Direto da F\u00e1brica em Rio Verde: Qualidade e Agilidade na Constru\u00e7\u00e3o<\/title>\n<meta name=\"description\" content=\"Descubra os benef\u00edcios do vergalh\u00e3o direto da f\u00e1brica em Rio Verde. A BR A\u00e7o tem a solu\u00e7\u00e3o ideal para suas obras com qualidade e entrega r\u00e1pida.\" \/>\n<meta name=\"robots\" content=\"index, follow, max-snippet:-1, max-image-preview:large, max-video-preview:-1\" \/>\n<link rel=\"canonical\" href=\"https:\/\/grupobraco.com.br\/conteudo\/vergalhao-direto-da-fabrica-em-rio-verde-a-solucao-ideal-para-seus-projetos\/\" \/>\n<meta property=\"og:locale\" content=\"pt_BR\" \/>\n<meta property=\"og:type\" content=\"article\" \/>\n<meta property=\"og:title\" content=\"Vergalh\u00e3o Direto da F\u00e1brica em Rio Verde: Qualidade e Agilidade na Constru\u00e7\u00e3o\" \/>\n<meta property=\"og:description\" content=\"Descubra os benef\u00edcios do vergalh\u00e3o direto da f\u00e1brica em Rio Verde. A BR A\u00e7o tem a solu\u00e7\u00e3o ideal para suas obras com qualidade e entrega r\u00e1pida.\" \/>\n<meta property=\"og:url\" content=\"https:\/\/grupobraco.com.br\/conteudo\/vergalhao-direto-da-fabrica-em-rio-verde-a-solucao-ideal-para-seus-projetos\/\" \/>\n<meta property=\"og:site_name\" content=\"Br A\u00e7o\" \/>\n<meta name=\"twitter:card\" content=\"summary_large_image\" \/>\n<meta name=\"twitter:label1\" content=\"Est. tempo de leitura\" \/>\n\t<meta name=\"twitter:data1\" content=\"1 minuto\" \/>\n<script type=\"application\/ld+json\" class=\"yoast-schema-graph\">{\"@context\":\"https:\/\/schema.org\",\"@graph\":[{\"@type\":\"WebPage\",\"@id\":\"https:\/\/grupobraco.com.br\/conteudo\/vergalhao-direto-da-fabrica-em-rio-verde-a-solucao-ideal-para-seus-projetos\/\",\"url\":\"https:\/\/grupobraco.com.br\/conteudo\/vergalhao-direto-da-fabrica-em-rio-verde-a-solucao-ideal-para-seus-projetos\/\",\"name\":\"Vergalh\u00e3o Direto da F\u00e1brica em Rio Verde: Qualidade e Agilidade na Constru\u00e7\u00e3o\",\"isPartOf\":{\"@id\":\"https:\/\/grupobraco.com.br\/conteudo\/#website\"},\"datePublished\":\"2025-04-11T14:45:50+00:00\",\"dateModified\":\"2025-04-11T14:45:50+00:00\",\"description\":\"Descubra os benef\u00edcios do vergalh\u00e3o direto da f\u00e1brica em Rio Verde. A BR A\u00e7o tem a solu\u00e7\u00e3o ideal para suas obras com qualidade e entrega r\u00e1pida.\",\"breadcrumb\":{\"@id\":\"https:\/\/grupobraco.com.br\/conteudo\/vergalhao-direto-da-fabrica-em-rio-verde-a-solucao-ideal-para-seus-projetos\/#breadcrumb\"},\"inLanguage\":\"pt-BR\",\"potentialAction\":[{\"@type\":\"ReadAction\",\"target\":[\"https:\/\/grupobraco.com.br\/conteudo\/vergalhao-direto-da-fabrica-em-rio-verde-a-solucao-ideal-para-seus-projetos\/\"]}]},{\"@type\":\"BreadcrumbList\",\"@id\":\"https:\/\/grupobraco.com.br\/conteudo\/vergalhao-direto-da-fabrica-em-rio-verde-a-solucao-ideal-para-seus-projetos\/#breadcrumb\",\"itemListElement\":[{\"@type\":\"ListItem\",\"position\":1,\"name\":\"Home\",\"item\":\"https:\/\/grupobraco.com.br\/conteudo\/\"},{\"@type\":\"ListItem\",\"position\":2,\"name\":\"Vergalh\u00e3o Direto da F\u00e1brica em Rio Verde: A Solu\u00e7\u00e3o Ideal para Seus Projetos\"}]},{\"@type\":\"WebSite\",\"@id\":\"https:\/\/grupobraco.com.br\/conteudo\/#website\",\"url\":\"https:\/\/grupobraco.com.br\/conteudo\/\",\"name\":\"Br A\u00e7o\",\"description\":\"Seus projetos na velocidade m\u00e1xima\",\"publisher\":{\"@id\":\"https:\/\/grupobraco.com.br\/conteudo\/#organization\"},\"potentialAction\":[{\"@type\":\"SearchAction\",\"target\":{\"@type\":\"EntryPoint\",\"urlTemplate\":\"https:\/\/grupobraco.com.br\/conteudo\/?s={search_term_string}\"},\"query-input\":{\"@type\":\"PropertyValueSpecification\",\"valueRequired\":true,\"valueName\":\"search_term_string\"}}],\"inLanguage\":\"pt-BR\"},{\"@type\":\"Organization\",\"@id\":\"https:\/\/grupobraco.com.br\/conteudo\/#organization\",\"name\":\"Br A\u00e7o\",\"url\":\"https:\/\/grupobraco.com.br\/conteudo\/\",\"logo\":{\"@type\":\"ImageObject\",\"inLanguage\":\"pt-BR\",\"@id\":\"https:\/\/grupobraco.com.br\/conteudo\/#\/schema\/logo\/image\/\",\"url\":\"https:\/\/grupobraco.com.br\/conteudo\/wp-content\/uploads\/2025\/04\/Z340-Logotipia-Reestruturacao-do-Branding.png\",\"contentUrl\":\"https:\/\/grupobraco.com.br\/conteudo\/wp-content\/uploads\/2025\/04\/Z340-Logotipia-Reestruturacao-do-Branding.png\",\"width\":1530,\"height\":1080,\"caption\":\"Br A\u00e7o\"},\"image\":{\"@id\":\"https:\/\/grupobraco.com.br\/conteudo\/#\/schema\/logo\/image\/\"}}]}<\/script>\n<!-- \/ Yoast SEO plugin. -->","yoast_head_json":{"title":"Vergalh\u00e3o Direto da F\u00e1brica em Rio Verde: Qualidade e Agilidade na Constru\u00e7\u00e3o","description":"Descubra os benef\u00edcios do vergalh\u00e3o direto da f\u00e1brica em Rio Verde. A BR A\u00e7o tem a solu\u00e7\u00e3o ideal para suas obras com qualidade e entrega r\u00e1pida.","robots":{"index":"index","follow":"follow","max-snippet":"max-snippet:-1","max-image-preview":"max-image-preview:large","max-video-preview":"max-video-preview:-1"},"canonical":"https:\/\/grupobraco.com.br\/conteudo\/vergalhao-direto-da-fabrica-em-rio-verde-a-solucao-ideal-para-seus-projetos\/","og_locale":"pt_BR","og_type":"article","og_title":"Vergalh\u00e3o Direto da F\u00e1brica em Rio Verde: Qualidade e Agilidade na Constru\u00e7\u00e3o","og_description":"Descubra os benef\u00edcios do vergalh\u00e3o direto da f\u00e1brica em Rio Verde. A BR A\u00e7o tem a solu\u00e7\u00e3o ideal para suas obras com qualidade e entrega r\u00e1pida.","og_url":"https:\/\/grupobraco.com.br\/conteudo\/vergalhao-direto-da-fabrica-em-rio-verde-a-solucao-ideal-para-seus-projetos\/","og_site_name":"Br A\u00e7o","twitter_card":"summary_large_image","twitter_misc":{"Est. tempo de leitura":"1 minuto"},"schema":{"@context":"https:\/\/schema.org","@graph":[{"@type":"WebPage","@id":"https:\/\/grupobraco.com.br\/conteudo\/vergalhao-direto-da-fabrica-em-rio-verde-a-solucao-ideal-para-seus-projetos\/","url":"https:\/\/grupobraco.com.br\/conteudo\/vergalhao-direto-da-fabrica-em-rio-verde-a-solucao-ideal-para-seus-projetos\/","name":"Vergalh\u00e3o Direto da F\u00e1brica em Rio Verde: Qualidade e Agilidade na Constru\u00e7\u00e3o","isPartOf":{"@id":"https:\/\/grupobraco.com.br\/conteudo\/#website"},"datePublished":"2025-04-11T14:45:50+00:00","dateModified":"2025-04-11T14:45:50+00:00","description":"Descubra os benef\u00edcios do vergalh\u00e3o direto da f\u00e1brica em Rio Verde. A BR A\u00e7o tem a solu\u00e7\u00e3o ideal para suas obras com qualidade e entrega r\u00e1pida.","breadcrumb":{"@id":"https:\/\/grupobraco.com.br\/conteudo\/vergalhao-direto-da-fabrica-em-rio-verde-a-solucao-ideal-para-seus-projetos\/#breadcrumb"},"inLanguage":"pt-BR","potentialAction":[{"@type":"ReadAction","target":["https:\/\/grupobraco.com.br\/conteudo\/vergalhao-direto-da-fabrica-em-rio-verde-a-solucao-ideal-para-seus-projetos\/"]}]},{"@type":"BreadcrumbList","@id":"https:\/\/grupobraco.com.br\/conteudo\/vergalhao-direto-da-fabrica-em-rio-verde-a-solucao-ideal-para-seus-projetos\/#breadcrumb","itemListElement":[{"@type":"ListItem","position":1,"name":"Home","item":"https:\/\/grupobraco.com.br\/conteudo\/"},{"@type":"ListItem","position":2,"name":"Vergalh\u00e3o Direto da F\u00e1brica em Rio Verde: A Solu\u00e7\u00e3o Ideal para Seus Projetos"}]},{"@type":"WebSite","@id":"https:\/\/grupobraco.com.br\/conteudo\/#website","url":"https:\/\/grupobraco.com.br\/conteudo\/","name":"Br A\u00e7o","description":"Seus projetos na velocidade m\u00e1xima","publisher":{"@id":"https:\/\/grupobraco.com.br\/conteudo\/#organization"},"potentialAction":[{"@type":"SearchAction","target":{"@type":"EntryPoint","urlTemplate":"https:\/\/grupobraco.com.br\/conteudo\/?s={search_term_string}"},"query-input":{"@type":"PropertyValueSpecification","valueRequired":true,"valueName":"search_term_string"}}],"inLanguage":"pt-BR"},{"@type":"Organization","@id":"https:\/\/grupobraco.com.br\/conteudo\/#organization","name":"Br A\u00e7o","url":"https:\/\/grupobraco.com.br\/conteudo\/","logo":{"@type":"ImageObject","inLanguage":"pt-BR","@id":"https:\/\/grupobraco.com.br\/conteudo\/#\/schema\/logo\/image\/","url":"https:\/\/grupobraco.com.br\/conteudo\/wp-content\/uploads\/2025\/04\/Z340-Logotipia-Reestruturacao-do-Branding.png","contentUrl":"https:\/\/grupobraco.com.br\/conteudo\/wp-content\/uploads\/2025\/04\/Z340-Logotipia-Reestruturacao-do-Branding.png","width":1530,"height":1080,"caption":"Br A\u00e7o"},"image":{"@id":"https:\/\/grupobraco.com.br\/conteudo\/#\/schema\/logo\/image\/"}}]}},"_links":{"self":[{"href":"https:\/\/grupobraco.com.br\/conteudo\/wp-json\/wp\/v2\/pages\/3976","targetHints":{"allow":["GET"]}}],"collection":[{"href":"https:\/\/grupobraco.com.br\/conteudo\/wp-json\/wp\/v2\/pages"}],"about":[{"href":"https:\/\/grupobraco.com.br\/conteudo\/wp-json\/wp\/v2\/types\/page"}],"author":[{"embeddable":true,"href":"https:\/\/grupobraco.com.br\/conteudo\/wp-json\/wp\/v2\/users\/3"}],"replies":[{"embeddable":true,"href":"https:\/\/grupobraco.com.br\/conteudo\/wp-json\/wp\/v2\/comments?post=3976"}],"version-history":[{"count":0,"href":"https:\/\/grupobraco.com.br\/conteudo\/wp-json\/wp\/v2\/pages\/3976\/revisions"}],"wp:attachment":[{"href":"https:\/\/grupobraco.com.br\/conteudo\/wp-json\/wp\/v2\/media?parent=3976"}],"curies":[{"name":"wp","href":"https:\/\/api.w.org\/{rel}","templated":true}]}}