{"id":3456,"date":"2025-04-09T08:45:54","date_gmt":"2025-04-09T08:45:54","guid":{"rendered":"https:\/\/grupobraco.com.br\/conteudo\/vergalhao-para-concreto-armado-a-base-da-construcao-moderna\/"},"modified":"2025-04-09T08:45:54","modified_gmt":"2025-04-09T08:45:54","slug":"vergalhao-para-concreto-armado-a-base-da-construcao-moderna","status":"publish","type":"page","link":"https:\/\/grupobraco.com.br\/conteudo\/vergalhao-para-concreto-armado-a-base-da-construcao-moderna\/","title":{"rendered":"Vergalh\u00e3o para Concreto Armado: A Base da Constru\u00e7\u00e3o Moderna"},"content":{"rendered":"<p>O vergalh\u00e3o para concreto armado \u00e9 um ingrediente essencial na arquitetura contempor\u00e2nea, proporcionando a resist\u00eancia necess\u00e1ria para suportar cargas e garantir a durabilidade das estruturas. Os vergalh\u00f5es s\u00e3o barras de a\u00e7o com nervuras, que ajudam a aumentar a ader\u00eancia ao concreto, reduzindo a possibilidade de fissuras e aumentando a estabilidade das constru\u00e7\u00f5es. Na BR A\u00e7o, estamos comprometidos em oferecer produtos de qualidade superior, essenciais para garantir a seguran\u00e7a e a efici\u00eancia de seus projetos construtivos. Neste texto, vamos explorar as diversas caracter\u00edsticas deste material, suas aplica\u00e7\u00f5es e a import\u00e2ncia de escolher um fornecedor confi\u00e1vel para o vergalh\u00e3o para concreto armado, refor\u00e7ando como a BR A\u00e7o se destaca nesse mercado e pode fazer a diferen\u00e7a nos seus projetos. Aqui, voc\u00ea encontrar\u00e1 informa\u00e7\u00f5es valiosas que n\u00e3o apenas esclarecem as principais quest\u00f5es sobre o vergalh\u00e3o, mas tamb\u00e9m demonstram as vantagens competitivas da BR A\u00e7o, proporcionando uma vis\u00e3o clara e objetiva sobre nossas ofertas. Nossa miss\u00e3o \u00e9 equipar sua constru\u00e7\u00e3o com o que h\u00e1 de melhor em produtos e servi\u00e7os, com a rapidez e qualifica\u00e7\u00e3o que somente a BR A\u00e7o pode oferecer.<\/p>\n","protected":false},"excerpt":{"rendered":"<p>O vergalh\u00e3o para concreto armado \u00e9 um ingrediente essencial na arquitetura contempor\u00e2nea, proporcionando a resist\u00eancia necess\u00e1ria para suportar cargas e garantir a durabilidade das estruturas. Os vergalh\u00f5es s\u00e3o barras de a\u00e7o com nervuras, que ajudam a aumentar a ader\u00eancia ao concreto, reduzindo a possibilidade de fissuras e aumentando a estabilidade das constru\u00e7\u00f5es. Na BR A\u00e7o,&hellip;&nbsp;<a href=\"https:\/\/grupobraco.com.br\/conteudo\/vergalhao-para-concreto-armado-a-base-da-construcao-moderna\/\" class=\"\" rel=\"bookmark\">Continue a ler &raquo;<span class=\"screen-reader-text\">Vergalh\u00e3o para Concreto Armado: A Base da Constru\u00e7\u00e3o Moderna<\/span><\/a><\/p>\n","protected":false},"author":3,"featured_media":0,"parent":0,"menu_order":0,"comment_status":"closed","ping_status":"closed","template":"","meta":{"_acf_changed":false,"_yoast_wpseo_focuskw":"Vergalh\u00e3o para concreto armado","_yoast_wpseo_title":"Tudo sobre Vergalh\u00e3o para Concreto Armado - Qualidade e Efici\u00eancia com a BR A\u00e7o","_yoast_wpseo_metadesc":"Descubra tudo sobre o vergalh\u00e3o para concreto armado e como a BR A\u00e7o pode ajudar em seus projetos com qualidade e entrega r\u00e1pida.","neve_meta_sidebar":"","neve_meta_container":"","neve_meta_enable_content_width":"","neve_meta_content_width":0,"neve_meta_title_alignment":"","neve_meta_author_avatar":"","neve_post_elements_order":"","neve_meta_disable_header":"","neve_meta_disable_footer":"","neve_meta_disable_title":"","footnotes":""},"class_list":["post-3456","page","type-page","status-publish","hentry"],"acf":{"introducao":"","conceitos_fundamentais":"","como_funciona":"","como_aplicar_no_dia_a_dia":"","principais_utilizacoes_e_beneficios":"","tipos_e_classificacoes":"","tecnologias_e_ferramentas_relacionadas":"","exemplos_e_casos_de_sucesso":"","mitos_e_verdades":"","perguntas_frequentes_faq":"","erros_comuns_e_como_evita-los":"","futuro_e_tendencias":"","conclusao":"","bloco1title":"Qualidade Superior","bloco1text":"Nossos vergalh\u00f5es para concreto armado s\u00e3o fabricados com rigorosos padr\u00f5es de qualidade, garantindo resist\u00eancia e durabilidade incompar\u00e1veis.","bloco2title":"Entrega \u00c1gil","bloco2text":"Estamos comprometidos com prazos de entrega \u00e1geis para que voc\u00ea receba seus produtos no momento certo.","bloco3title":"Ader\u00eancia e Resist\u00eancia","bloco3text":"Os vergalh\u00f5es t\u00eam nervuras que garantem uma melhor ader\u00eancia no concreto, aumentando a resist\u00eancia estrutural e a vida \u00fatil da obra.","insightwidtitle":"Curiosidades sobre Vergalh\u00f5es","insightwidcontent":"Al\u00e9m de sua fun\u00e7\u00e3o essencial nas estruturas de concreto armado, o vergalh\u00e3o pode ter diferentes di\u00e2metros e qualidades, variando de acordo com a necessidade da obra. \u00c9 curioso notar que, em muitos pa\u00edses, a produ\u00e7\u00e3o de vergalh\u00f5es \u00e9 rigorosamente regulamentada, garantindo n\u00e3o apenas a qualidade do produto, mas tamb\u00e9m a seguran\u00e7a nas constru\u00e7\u00f5es."},"yoast_head":"<!-- This site is optimized with the Yoast SEO plugin v23.4 - https:\/\/yoast.com\/wordpress\/plugins\/seo\/ -->\n<title>Tudo sobre Vergalh\u00e3o para Concreto Armado - Qualidade e Efici\u00eancia com a BR A\u00e7o<\/title>\n<meta name=\"description\" content=\"Descubra tudo sobre o vergalh\u00e3o para concreto armado e como a BR A\u00e7o pode ajudar em seus projetos com qualidade e entrega r\u00e1pida.\" \/>\n<meta name=\"robots\" content=\"index, follow, max-snippet:-1, max-image-preview:large, max-video-preview:-1\" \/>\n<link rel=\"canonical\" href=\"https:\/\/grupobraco.com.br\/conteudo\/vergalhao-para-concreto-armado-a-base-da-construcao-moderna\/\" \/>\n<meta property=\"og:locale\" content=\"pt_BR\" \/>\n<meta property=\"og:type\" content=\"article\" \/>\n<meta property=\"og:title\" content=\"Tudo sobre Vergalh\u00e3o para Concreto Armado - Qualidade e Efici\u00eancia com a BR A\u00e7o\" \/>\n<meta property=\"og:description\" content=\"Descubra tudo sobre o vergalh\u00e3o para concreto armado e como a BR A\u00e7o pode ajudar em seus projetos com qualidade e entrega r\u00e1pida.\" \/>\n<meta property=\"og:url\" content=\"https:\/\/grupobraco.com.br\/conteudo\/vergalhao-para-concreto-armado-a-base-da-construcao-moderna\/\" \/>\n<meta property=\"og:site_name\" content=\"Br A\u00e7o\" \/>\n<meta name=\"twitter:card\" content=\"summary_large_image\" \/>\n<meta name=\"twitter:label1\" content=\"Est. tempo de leitura\" \/>\n\t<meta name=\"twitter:data1\" content=\"1 minuto\" \/>\n<script type=\"application\/ld+json\" class=\"yoast-schema-graph\">{\"@context\":\"https:\/\/schema.org\",\"@graph\":[{\"@type\":\"WebPage\",\"@id\":\"https:\/\/grupobraco.com.br\/conteudo\/vergalhao-para-concreto-armado-a-base-da-construcao-moderna\/\",\"url\":\"https:\/\/grupobraco.com.br\/conteudo\/vergalhao-para-concreto-armado-a-base-da-construcao-moderna\/\",\"name\":\"Tudo sobre Vergalh\u00e3o para Concreto Armado - Qualidade e Efici\u00eancia com a BR A\u00e7o\",\"isPartOf\":{\"@id\":\"https:\/\/grupobraco.com.br\/conteudo\/#website\"},\"datePublished\":\"2025-04-09T08:45:54+00:00\",\"dateModified\":\"2025-04-09T08:45:54+00:00\",\"description\":\"Descubra tudo sobre o vergalh\u00e3o para concreto armado e como a BR A\u00e7o pode ajudar em seus projetos com qualidade e entrega r\u00e1pida.\",\"breadcrumb\":{\"@id\":\"https:\/\/grupobraco.com.br\/conteudo\/vergalhao-para-concreto-armado-a-base-da-construcao-moderna\/#breadcrumb\"},\"inLanguage\":\"pt-BR\",\"potentialAction\":[{\"@type\":\"ReadAction\",\"target\":[\"https:\/\/grupobraco.com.br\/conteudo\/vergalhao-para-concreto-armado-a-base-da-construcao-moderna\/\"]}]},{\"@type\":\"BreadcrumbList\",\"@id\":\"https:\/\/grupobraco.com.br\/conteudo\/vergalhao-para-concreto-armado-a-base-da-construcao-moderna\/#breadcrumb\",\"itemListElement\":[{\"@type\":\"ListItem\",\"position\":1,\"name\":\"Home\",\"item\":\"https:\/\/grupobraco.com.br\/conteudo\/\"},{\"@type\":\"ListItem\",\"position\":2,\"name\":\"Vergalh\u00e3o para Concreto Armado: A Base da Constru\u00e7\u00e3o Moderna\"}]},{\"@type\":\"WebSite\",\"@id\":\"https:\/\/grupobraco.com.br\/conteudo\/#website\",\"url\":\"https:\/\/grupobraco.com.br\/conteudo\/\",\"name\":\"Br A\u00e7o\",\"description\":\"Seus projetos na velocidade m\u00e1xima\",\"publisher\":{\"@id\":\"https:\/\/grupobraco.com.br\/conteudo\/#organization\"},\"potentialAction\":[{\"@type\":\"SearchAction\",\"target\":{\"@type\":\"EntryPoint\",\"urlTemplate\":\"https:\/\/grupobraco.com.br\/conteudo\/?s={search_term_string}\"},\"query-input\":{\"@type\":\"PropertyValueSpecification\",\"valueRequired\":true,\"valueName\":\"search_term_string\"}}],\"inLanguage\":\"pt-BR\"},{\"@type\":\"Organization\",\"@id\":\"https:\/\/grupobraco.com.br\/conteudo\/#organization\",\"name\":\"Br A\u00e7o\",\"url\":\"https:\/\/grupobraco.com.br\/conteudo\/\",\"logo\":{\"@type\":\"ImageObject\",\"inLanguage\":\"pt-BR\",\"@id\":\"https:\/\/grupobraco.com.br\/conteudo\/#\/schema\/logo\/image\/\",\"url\":\"https:\/\/grupobraco.com.br\/conteudo\/wp-content\/uploads\/2025\/04\/Z340-Logotipia-Reestruturacao-do-Branding.png\",\"contentUrl\":\"https:\/\/grupobraco.com.br\/conteudo\/wp-content\/uploads\/2025\/04\/Z340-Logotipia-Reestruturacao-do-Branding.png\",\"width\":1530,\"height\":1080,\"caption\":\"Br A\u00e7o\"},\"image\":{\"@id\":\"https:\/\/grupobraco.com.br\/conteudo\/#\/schema\/logo\/image\/\"}}]}<\/script>\n<!-- \/ Yoast SEO plugin. -->","yoast_head_json":{"title":"Tudo sobre Vergalh\u00e3o para Concreto Armado - Qualidade e Efici\u00eancia com a BR A\u00e7o","description":"Descubra tudo sobre o vergalh\u00e3o para concreto armado e como a BR A\u00e7o pode ajudar em seus projetos com qualidade e entrega r\u00e1pida.","robots":{"index":"index","follow":"follow","max-snippet":"max-snippet:-1","max-image-preview":"max-image-preview:large","max-video-preview":"max-video-preview:-1"},"canonical":"https:\/\/grupobraco.com.br\/conteudo\/vergalhao-para-concreto-armado-a-base-da-construcao-moderna\/","og_locale":"pt_BR","og_type":"article","og_title":"Tudo sobre Vergalh\u00e3o para Concreto Armado - Qualidade e Efici\u00eancia com a BR A\u00e7o","og_description":"Descubra tudo sobre o vergalh\u00e3o para concreto armado e como a BR A\u00e7o pode ajudar em seus projetos com qualidade e entrega r\u00e1pida.","og_url":"https:\/\/grupobraco.com.br\/conteudo\/vergalhao-para-concreto-armado-a-base-da-construcao-moderna\/","og_site_name":"Br A\u00e7o","twitter_card":"summary_large_image","twitter_misc":{"Est. tempo de leitura":"1 minuto"},"schema":{"@context":"https:\/\/schema.org","@graph":[{"@type":"WebPage","@id":"https:\/\/grupobraco.com.br\/conteudo\/vergalhao-para-concreto-armado-a-base-da-construcao-moderna\/","url":"https:\/\/grupobraco.com.br\/conteudo\/vergalhao-para-concreto-armado-a-base-da-construcao-moderna\/","name":"Tudo sobre Vergalh\u00e3o para Concreto Armado - Qualidade e Efici\u00eancia com a BR A\u00e7o","isPartOf":{"@id":"https:\/\/grupobraco.com.br\/conteudo\/#website"},"datePublished":"2025-04-09T08:45:54+00:00","dateModified":"2025-04-09T08:45:54+00:00","description":"Descubra tudo sobre o vergalh\u00e3o para concreto armado e como a BR A\u00e7o pode ajudar em seus projetos com qualidade e entrega r\u00e1pida.","breadcrumb":{"@id":"https:\/\/grupobraco.com.br\/conteudo\/vergalhao-para-concreto-armado-a-base-da-construcao-moderna\/#breadcrumb"},"inLanguage":"pt-BR","potentialAction":[{"@type":"ReadAction","target":["https:\/\/grupobraco.com.br\/conteudo\/vergalhao-para-concreto-armado-a-base-da-construcao-moderna\/"]}]},{"@type":"BreadcrumbList","@id":"https:\/\/grupobraco.com.br\/conteudo\/vergalhao-para-concreto-armado-a-base-da-construcao-moderna\/#breadcrumb","itemListElement":[{"@type":"ListItem","position":1,"name":"Home","item":"https:\/\/grupobraco.com.br\/conteudo\/"},{"@type":"ListItem","position":2,"name":"Vergalh\u00e3o para Concreto Armado: A Base da Constru\u00e7\u00e3o Moderna"}]},{"@type":"WebSite","@id":"https:\/\/grupobraco.com.br\/conteudo\/#website","url":"https:\/\/grupobraco.com.br\/conteudo\/","name":"Br A\u00e7o","description":"Seus projetos na velocidade m\u00e1xima","publisher":{"@id":"https:\/\/grupobraco.com.br\/conteudo\/#organization"},"potentialAction":[{"@type":"SearchAction","target":{"@type":"EntryPoint","urlTemplate":"https:\/\/grupobraco.com.br\/conteudo\/?s={search_term_string}"},"query-input":{"@type":"PropertyValueSpecification","valueRequired":true,"valueName":"search_term_string"}}],"inLanguage":"pt-BR"},{"@type":"Organization","@id":"https:\/\/grupobraco.com.br\/conteudo\/#organization","name":"Br A\u00e7o","url":"https:\/\/grupobraco.com.br\/conteudo\/","logo":{"@type":"ImageObject","inLanguage":"pt-BR","@id":"https:\/\/grupobraco.com.br\/conteudo\/#\/schema\/logo\/image\/","url":"https:\/\/grupobraco.com.br\/conteudo\/wp-content\/uploads\/2025\/04\/Z340-Logotipia-Reestruturacao-do-Branding.png","contentUrl":"https:\/\/grupobraco.com.br\/conteudo\/wp-content\/uploads\/2025\/04\/Z340-Logotipia-Reestruturacao-do-Branding.png","width":1530,"height":1080,"caption":"Br A\u00e7o"},"image":{"@id":"https:\/\/grupobraco.com.br\/conteudo\/#\/schema\/logo\/image\/"}}]}},"_links":{"self":[{"href":"https:\/\/grupobraco.com.br\/conteudo\/wp-json\/wp\/v2\/pages\/3456","targetHints":{"allow":["GET"]}}],"collection":[{"href":"https:\/\/grupobraco.com.br\/conteudo\/wp-json\/wp\/v2\/pages"}],"about":[{"href":"https:\/\/grupobraco.com.br\/conteudo\/wp-json\/wp\/v2\/types\/page"}],"author":[{"embeddable":true,"href":"https:\/\/grupobraco.com.br\/conteudo\/wp-json\/wp\/v2\/users\/3"}],"replies":[{"embeddable":true,"href":"https:\/\/grupobraco.com.br\/conteudo\/wp-json\/wp\/v2\/comments?post=3456"}],"version-history":[{"count":0,"href":"https:\/\/grupobraco.com.br\/conteudo\/wp-json\/wp\/v2\/pages\/3456\/revisions"}],"wp:attachment":[{"href":"https:\/\/grupobraco.com.br\/conteudo\/wp-json\/wp\/v2\/media?parent=3456"}],"curies":[{"name":"wp","href":"https:\/\/api.w.org\/{rel}","templated":true}]}}