{"id":3418,"date":"2025-04-09T04:00:52","date_gmt":"2025-04-09T04:00:52","guid":{"rendered":"https:\/\/grupobraco.com.br\/conteudo\/vergalhao-direto-da-fabrica-em-goiania-qualidade-e-agilidade-para-seus-projetos-2\/"},"modified":"2025-04-09T04:00:52","modified_gmt":"2025-04-09T04:00:52","slug":"vergalhao-direto-da-fabrica-em-goiania-qualidade-e-agilidade-para-seus-projetos-2","status":"publish","type":"page","link":"https:\/\/grupobraco.com.br\/conteudo\/vergalhao-direto-da-fabrica-em-goiania-qualidade-e-agilidade-para-seus-projetos-2\/","title":{"rendered":"Vergalh\u00e3o Direto da F\u00e1brica em Goi\u00e2nia: Qualidade e Agilidade para Seus Projetos"},"content":{"rendered":"<p>A BR A\u00e7o tem o compromisso de oferecer o melhor vergalh\u00e3o direto da f\u00e1brica em Goi\u00e2nia. Ao optar por nosso produto, voc\u00ea garante qualidade superior e uma entrega que atende \u00e0 demanda da constru\u00e7\u00e3o civil moderna. Com uma abordagem focada na efici\u00eancia e na satisfa\u00e7\u00e3o do cliente, nos tornamos a refer\u00eancia no fornecimento de vergalh\u00e3o, refor\u00e7ando nosso compromisso com a velocidade e a confiabilidade. Usamos tecnologia de ponta para garantir que cada vergalh\u00e3o produzido atenda aos rigorosos padr\u00f5es de qualidade, pois sabemos que \u00e9 fundamental que cada projeto n\u00e3o apenas atenda, mas supere as expectativas \u00e0 altura. Foi assim que, desde nossa funda\u00e7\u00e3o, nos dedicamos a transformar o setor da constru\u00e7\u00e3o civil em Goi\u00e1s, tornando-nos um verdadeiro parceiro para aqueles que desejam realizar seus projetos na velocidade m\u00e1xima.<\/p>\n","protected":false},"excerpt":{"rendered":"<p>A BR A\u00e7o tem o compromisso de oferecer o melhor vergalh\u00e3o direto da f\u00e1brica em Goi\u00e2nia. Ao optar por nosso produto, voc\u00ea garante qualidade superior e uma entrega que atende \u00e0 demanda da constru\u00e7\u00e3o civil moderna. Com uma abordagem focada na efici\u00eancia e na satisfa\u00e7\u00e3o do cliente, nos tornamos a refer\u00eancia no fornecimento de vergalh\u00e3o,&hellip;&nbsp;<a href=\"https:\/\/grupobraco.com.br\/conteudo\/vergalhao-direto-da-fabrica-em-goiania-qualidade-e-agilidade-para-seus-projetos-2\/\" class=\"\" rel=\"bookmark\">Continue a ler &raquo;<span class=\"screen-reader-text\">Vergalh\u00e3o Direto da F\u00e1brica em Goi\u00e2nia: Qualidade e Agilidade para Seus Projetos<\/span><\/a><\/p>\n","protected":false},"author":3,"featured_media":0,"parent":0,"menu_order":0,"comment_status":"closed","ping_status":"closed","template":"","meta":{"_acf_changed":false,"_yoast_wpseo_focuskw":"Vergalh\u00e3o direto da f\u00e1brica em Goi\u00e2nia","_yoast_wpseo_title":"Vergalh\u00e3o Direto da F\u00e1brica em Goi\u00e2nia - Qualidade e Agilidade com BR A\u00e7o","_yoast_wpseo_metadesc":"Conhe\u00e7a o vergalh\u00e3o direto da f\u00e1brica em Goi\u00e2nia da BR A\u00e7o. Qualidade superior e entrega r\u00e1pida para seus projetos de constru\u00e7\u00e3o.","neve_meta_sidebar":"","neve_meta_container":"","neve_meta_enable_content_width":"","neve_meta_content_width":0,"neve_meta_title_alignment":"","neve_meta_author_avatar":"","neve_post_elements_order":"","neve_meta_disable_header":"","neve_meta_disable_footer":"","neve_meta_disable_title":"","footnotes":""},"class_list":["post-3418","page","type-page","status-publish","hentry"],"acf":{"introducao":"","conceitos_fundamentais":"","como_funciona":"","como_aplicar_no_dia_a_dia":"","principais_utilizacoes_e_beneficios":"","tipos_e_classificacoes":"","tecnologias_e_ferramentas_relacionadas":"","exemplos_e_casos_de_sucesso":"","mitos_e_verdades":"","perguntas_frequentes_faq":"","erros_comuns_e_como_evita-los":"","futuro_e_tendencias":"","conclusao":"","bloco1title":"Qualidade Superior","bloco1text":"O vergalh\u00e3o direto da f\u00e1brica em Goi\u00e2nia \u00e9 produzido com a\u00e7o de alt\u00edssima qualidade, garantindo resist\u00eancia e durabilidade para suas obras.","bloco2title":"Entrega R\u00e1pida","bloco2text":"Nosso compromisso \u00e9 com a agilidade na entrega, garantindo que o vergalh\u00e3o chegue a voc\u00ea no tempo certo para suas necessidades.","bloco3title":"Experi\u00eancia e Inova\u00e7\u00e3o","bloco3text":"Nosso time \u00e9 composto por profissionais especializados, prontos para oferecer solu\u00e7\u00f5es inovadoras e eficientes na aplica\u00e7\u00e3o do vergalh\u00e3o.","insightwidtitle":"Curiosidades sobre Vergalh\u00e3o","insightwidcontent":"Voc\u00ea sabia que o vergalh\u00e3o tem um papel fundamental na constru\u00e7\u00e3o de grandes obras? De pontes a arranha-c\u00e9us, o uso correto do vergalh\u00e3o garante a seguran\u00e7a e a estabilidade necess\u00e1rias. Al\u00e9m disso, o a\u00e7o utilizado no processo de fabrica\u00e7\u00e3o \u00e9 altamente recicl\u00e1vel, o que o torna uma escolha sustent\u00e1vel para constru\u00e7\u00f5es modernas."},"yoast_head":"<!-- This site is optimized with the Yoast SEO plugin v23.4 - https:\/\/yoast.com\/wordpress\/plugins\/seo\/ -->\n<title>Vergalh\u00e3o Direto da F\u00e1brica em Goi\u00e2nia - Qualidade e Agilidade com BR A\u00e7o<\/title>\n<meta name=\"description\" content=\"Conhe\u00e7a o vergalh\u00e3o direto da f\u00e1brica em Goi\u00e2nia da BR A\u00e7o. Qualidade superior e entrega r\u00e1pida para seus projetos de constru\u00e7\u00e3o.\" \/>\n<meta name=\"robots\" content=\"index, follow, max-snippet:-1, max-image-preview:large, max-video-preview:-1\" \/>\n<link rel=\"canonical\" href=\"https:\/\/grupobraco.com.br\/conteudo\/vergalhao-direto-da-fabrica-em-goiania-qualidade-e-agilidade-para-seus-projetos-2\/\" \/>\n<meta property=\"og:locale\" content=\"pt_BR\" \/>\n<meta property=\"og:type\" content=\"article\" \/>\n<meta property=\"og:title\" content=\"Vergalh\u00e3o Direto da F\u00e1brica em Goi\u00e2nia - Qualidade e Agilidade com BR A\u00e7o\" \/>\n<meta property=\"og:description\" content=\"Conhe\u00e7a o vergalh\u00e3o direto da f\u00e1brica em Goi\u00e2nia da BR A\u00e7o. Qualidade superior e entrega r\u00e1pida para seus projetos de constru\u00e7\u00e3o.\" \/>\n<meta property=\"og:url\" content=\"https:\/\/grupobraco.com.br\/conteudo\/vergalhao-direto-da-fabrica-em-goiania-qualidade-e-agilidade-para-seus-projetos-2\/\" \/>\n<meta property=\"og:site_name\" content=\"Br A\u00e7o\" \/>\n<meta name=\"twitter:card\" content=\"summary_large_image\" \/>\n<meta name=\"twitter:label1\" content=\"Est. tempo de leitura\" \/>\n\t<meta name=\"twitter:data1\" content=\"1 minuto\" \/>\n<script type=\"application\/ld+json\" class=\"yoast-schema-graph\">{\"@context\":\"https:\/\/schema.org\",\"@graph\":[{\"@type\":\"WebPage\",\"@id\":\"https:\/\/grupobraco.com.br\/conteudo\/vergalhao-direto-da-fabrica-em-goiania-qualidade-e-agilidade-para-seus-projetos-2\/\",\"url\":\"https:\/\/grupobraco.com.br\/conteudo\/vergalhao-direto-da-fabrica-em-goiania-qualidade-e-agilidade-para-seus-projetos-2\/\",\"name\":\"Vergalh\u00e3o Direto da F\u00e1brica em Goi\u00e2nia - Qualidade e Agilidade com BR A\u00e7o\",\"isPartOf\":{\"@id\":\"https:\/\/grupobraco.com.br\/conteudo\/#website\"},\"datePublished\":\"2025-04-09T04:00:52+00:00\",\"dateModified\":\"2025-04-09T04:00:52+00:00\",\"description\":\"Conhe\u00e7a o vergalh\u00e3o direto da f\u00e1brica em Goi\u00e2nia da BR A\u00e7o. Qualidade superior e entrega r\u00e1pida para seus projetos de constru\u00e7\u00e3o.\",\"breadcrumb\":{\"@id\":\"https:\/\/grupobraco.com.br\/conteudo\/vergalhao-direto-da-fabrica-em-goiania-qualidade-e-agilidade-para-seus-projetos-2\/#breadcrumb\"},\"inLanguage\":\"pt-BR\",\"potentialAction\":[{\"@type\":\"ReadAction\",\"target\":[\"https:\/\/grupobraco.com.br\/conteudo\/vergalhao-direto-da-fabrica-em-goiania-qualidade-e-agilidade-para-seus-projetos-2\/\"]}]},{\"@type\":\"BreadcrumbList\",\"@id\":\"https:\/\/grupobraco.com.br\/conteudo\/vergalhao-direto-da-fabrica-em-goiania-qualidade-e-agilidade-para-seus-projetos-2\/#breadcrumb\",\"itemListElement\":[{\"@type\":\"ListItem\",\"position\":1,\"name\":\"Home\",\"item\":\"https:\/\/grupobraco.com.br\/conteudo\/\"},{\"@type\":\"ListItem\",\"position\":2,\"name\":\"Vergalh\u00e3o Direto da F\u00e1brica em Goi\u00e2nia: Qualidade e Agilidade para Seus Projetos\"}]},{\"@type\":\"WebSite\",\"@id\":\"https:\/\/grupobraco.com.br\/conteudo\/#website\",\"url\":\"https:\/\/grupobraco.com.br\/conteudo\/\",\"name\":\"Br A\u00e7o\",\"description\":\"Seus projetos na velocidade m\u00e1xima\",\"publisher\":{\"@id\":\"https:\/\/grupobraco.com.br\/conteudo\/#organization\"},\"potentialAction\":[{\"@type\":\"SearchAction\",\"target\":{\"@type\":\"EntryPoint\",\"urlTemplate\":\"https:\/\/grupobraco.com.br\/conteudo\/?s={search_term_string}\"},\"query-input\":{\"@type\":\"PropertyValueSpecification\",\"valueRequired\":true,\"valueName\":\"search_term_string\"}}],\"inLanguage\":\"pt-BR\"},{\"@type\":\"Organization\",\"@id\":\"https:\/\/grupobraco.com.br\/conteudo\/#organization\",\"name\":\"Br A\u00e7o\",\"url\":\"https:\/\/grupobraco.com.br\/conteudo\/\",\"logo\":{\"@type\":\"ImageObject\",\"inLanguage\":\"pt-BR\",\"@id\":\"https:\/\/grupobraco.com.br\/conteudo\/#\/schema\/logo\/image\/\",\"url\":\"https:\/\/grupobraco.com.br\/conteudo\/wp-content\/uploads\/2025\/04\/Z340-Logotipia-Reestruturacao-do-Branding.png\",\"contentUrl\":\"https:\/\/grupobraco.com.br\/conteudo\/wp-content\/uploads\/2025\/04\/Z340-Logotipia-Reestruturacao-do-Branding.png\",\"width\":1530,\"height\":1080,\"caption\":\"Br A\u00e7o\"},\"image\":{\"@id\":\"https:\/\/grupobraco.com.br\/conteudo\/#\/schema\/logo\/image\/\"}}]}<\/script>\n<!-- \/ Yoast SEO plugin. -->","yoast_head_json":{"title":"Vergalh\u00e3o Direto da F\u00e1brica em Goi\u00e2nia - Qualidade e Agilidade com BR A\u00e7o","description":"Conhe\u00e7a o vergalh\u00e3o direto da f\u00e1brica em Goi\u00e2nia da BR A\u00e7o. Qualidade superior e entrega r\u00e1pida para seus projetos de constru\u00e7\u00e3o.","robots":{"index":"index","follow":"follow","max-snippet":"max-snippet:-1","max-image-preview":"max-image-preview:large","max-video-preview":"max-video-preview:-1"},"canonical":"https:\/\/grupobraco.com.br\/conteudo\/vergalhao-direto-da-fabrica-em-goiania-qualidade-e-agilidade-para-seus-projetos-2\/","og_locale":"pt_BR","og_type":"article","og_title":"Vergalh\u00e3o Direto da F\u00e1brica em Goi\u00e2nia - Qualidade e Agilidade com BR A\u00e7o","og_description":"Conhe\u00e7a o vergalh\u00e3o direto da f\u00e1brica em Goi\u00e2nia da BR A\u00e7o. Qualidade superior e entrega r\u00e1pida para seus projetos de constru\u00e7\u00e3o.","og_url":"https:\/\/grupobraco.com.br\/conteudo\/vergalhao-direto-da-fabrica-em-goiania-qualidade-e-agilidade-para-seus-projetos-2\/","og_site_name":"Br A\u00e7o","twitter_card":"summary_large_image","twitter_misc":{"Est. tempo de leitura":"1 minuto"},"schema":{"@context":"https:\/\/schema.org","@graph":[{"@type":"WebPage","@id":"https:\/\/grupobraco.com.br\/conteudo\/vergalhao-direto-da-fabrica-em-goiania-qualidade-e-agilidade-para-seus-projetos-2\/","url":"https:\/\/grupobraco.com.br\/conteudo\/vergalhao-direto-da-fabrica-em-goiania-qualidade-e-agilidade-para-seus-projetos-2\/","name":"Vergalh\u00e3o Direto da F\u00e1brica em Goi\u00e2nia - Qualidade e Agilidade com BR A\u00e7o","isPartOf":{"@id":"https:\/\/grupobraco.com.br\/conteudo\/#website"},"datePublished":"2025-04-09T04:00:52+00:00","dateModified":"2025-04-09T04:00:52+00:00","description":"Conhe\u00e7a o vergalh\u00e3o direto da f\u00e1brica em Goi\u00e2nia da BR A\u00e7o. Qualidade superior e entrega r\u00e1pida para seus projetos de constru\u00e7\u00e3o.","breadcrumb":{"@id":"https:\/\/grupobraco.com.br\/conteudo\/vergalhao-direto-da-fabrica-em-goiania-qualidade-e-agilidade-para-seus-projetos-2\/#breadcrumb"},"inLanguage":"pt-BR","potentialAction":[{"@type":"ReadAction","target":["https:\/\/grupobraco.com.br\/conteudo\/vergalhao-direto-da-fabrica-em-goiania-qualidade-e-agilidade-para-seus-projetos-2\/"]}]},{"@type":"BreadcrumbList","@id":"https:\/\/grupobraco.com.br\/conteudo\/vergalhao-direto-da-fabrica-em-goiania-qualidade-e-agilidade-para-seus-projetos-2\/#breadcrumb","itemListElement":[{"@type":"ListItem","position":1,"name":"Home","item":"https:\/\/grupobraco.com.br\/conteudo\/"},{"@type":"ListItem","position":2,"name":"Vergalh\u00e3o Direto da F\u00e1brica em Goi\u00e2nia: Qualidade e Agilidade para Seus Projetos"}]},{"@type":"WebSite","@id":"https:\/\/grupobraco.com.br\/conteudo\/#website","url":"https:\/\/grupobraco.com.br\/conteudo\/","name":"Br A\u00e7o","description":"Seus projetos na velocidade m\u00e1xima","publisher":{"@id":"https:\/\/grupobraco.com.br\/conteudo\/#organization"},"potentialAction":[{"@type":"SearchAction","target":{"@type":"EntryPoint","urlTemplate":"https:\/\/grupobraco.com.br\/conteudo\/?s={search_term_string}"},"query-input":{"@type":"PropertyValueSpecification","valueRequired":true,"valueName":"search_term_string"}}],"inLanguage":"pt-BR"},{"@type":"Organization","@id":"https:\/\/grupobraco.com.br\/conteudo\/#organization","name":"Br A\u00e7o","url":"https:\/\/grupobraco.com.br\/conteudo\/","logo":{"@type":"ImageObject","inLanguage":"pt-BR","@id":"https:\/\/grupobraco.com.br\/conteudo\/#\/schema\/logo\/image\/","url":"https:\/\/grupobraco.com.br\/conteudo\/wp-content\/uploads\/2025\/04\/Z340-Logotipia-Reestruturacao-do-Branding.png","contentUrl":"https:\/\/grupobraco.com.br\/conteudo\/wp-content\/uploads\/2025\/04\/Z340-Logotipia-Reestruturacao-do-Branding.png","width":1530,"height":1080,"caption":"Br A\u00e7o"},"image":{"@id":"https:\/\/grupobraco.com.br\/conteudo\/#\/schema\/logo\/image\/"}}]}},"_links":{"self":[{"href":"https:\/\/grupobraco.com.br\/conteudo\/wp-json\/wp\/v2\/pages\/3418","targetHints":{"allow":["GET"]}}],"collection":[{"href":"https:\/\/grupobraco.com.br\/conteudo\/wp-json\/wp\/v2\/pages"}],"about":[{"href":"https:\/\/grupobraco.com.br\/conteudo\/wp-json\/wp\/v2\/types\/page"}],"author":[{"embeddable":true,"href":"https:\/\/grupobraco.com.br\/conteudo\/wp-json\/wp\/v2\/users\/3"}],"replies":[{"embeddable":true,"href":"https:\/\/grupobraco.com.br\/conteudo\/wp-json\/wp\/v2\/comments?post=3418"}],"version-history":[{"count":0,"href":"https:\/\/grupobraco.com.br\/conteudo\/wp-json\/wp\/v2\/pages\/3418\/revisions"}],"wp:attachment":[{"href":"https:\/\/grupobraco.com.br\/conteudo\/wp-json\/wp\/v2\/media?parent=3418"}],"curies":[{"name":"wp","href":"https:\/\/api.w.org\/{rel}","templated":true}]}}