{"id":3338,"date":"2025-04-08T18:00:51","date_gmt":"2025-04-08T18:00:51","guid":{"rendered":"https:\/\/grupobraco.com.br\/conteudo\/br-aco-a-fabrica-de-vergalhao-em-itumbiara-que-revoluciona-a-construcao-civil\/"},"modified":"2025-04-08T18:00:51","modified_gmt":"2025-04-08T18:00:51","slug":"br-aco-a-fabrica-de-vergalhao-em-itumbiara-que-revoluciona-a-construcao-civil","status":"publish","type":"page","link":"https:\/\/grupobraco.com.br\/conteudo\/br-aco-a-fabrica-de-vergalhao-em-itumbiara-que-revoluciona-a-construcao-civil\/","title":{"rendered":"BR A\u00e7o: A F\u00e1brica de Vergalh\u00e3o em Itumbiara que Revoluciona a Constru\u00e7\u00e3o Civil"},"content":{"rendered":"<p>Localizada em Itumbiara, a BR A\u00e7o \u00e9 mais do que uma simples f\u00e1brica de vergalh\u00e3o; somos uma refer\u00eancia no fornecimento de a\u00e7o para a constru\u00e7\u00e3o civil, oferecendo produtos de alta qualidade que atendem \u00e0s necessidades de nossos clientes. Com um compromisso inabal\u00e1vel de entregar sempre a melhor experi\u00eancia, nossos colaboradores garantem que cada vergalh\u00e3o fabricado esteja em conformidade com os mais altos padr\u00f5es de seguran\u00e7a e efici\u00eancia. A BR A\u00e7o destaca-se no mercado n\u00e3o apenas pela qualidade de seus produtos, mas tamb\u00e9m pela rapidez na entrega, que \u00e9 um dos nossos diferenciais competitivos. Sabemos que, em um setor t\u00e3o din\u00e2mico como o da constru\u00e7\u00e3o civil, a pontualidade pode ser o fator decisivo para o sucesso de um projeto. \u00c9 por isso que nossa opera\u00e7\u00e3o \u00e9 projetada para atender aos prazos mais exigentes e sempre superar as expectativas de nossos clientes. Isso nos posiciona fortemente como a principal escolha quando se fala em f\u00e1brica de vergalh\u00e3o em Itumbiara e em todo o Estado de Goi\u00e1s. Al\u00e9m disso, nossa equipe \u00e9 composta por profissionais altamente qualificados e experientes, que est\u00e3o sempre prontos para oferecer consultoria e apoio durante todo o processo de compra. N\u00f3s n\u00e3o vendemos apenas a\u00e7o; n\u00f3s fornecemos solu\u00e7\u00f5es completas para a constru\u00e7\u00e3o civil, garantindo que o seu projeto esteja em boas m\u00e3os. Seja na constru\u00e7\u00e3o de casas, edif\u00edcios ou grandes obras de infraestrutura, a BR A\u00e7o \u00e9 a parceira ideal para quem busca qualidade, agilidade e confiabilidade.<\/p>\n","protected":false},"excerpt":{"rendered":"<p>Localizada em Itumbiara, a BR A\u00e7o \u00e9 mais do que uma simples f\u00e1brica de vergalh\u00e3o; somos uma refer\u00eancia no fornecimento de a\u00e7o para a constru\u00e7\u00e3o civil, oferecendo produtos de alta qualidade que atendem \u00e0s necessidades de nossos clientes. Com um compromisso inabal\u00e1vel de entregar sempre a melhor experi\u00eancia, nossos colaboradores garantem que cada vergalh\u00e3o fabricado&hellip;&nbsp;<a href=\"https:\/\/grupobraco.com.br\/conteudo\/br-aco-a-fabrica-de-vergalhao-em-itumbiara-que-revoluciona-a-construcao-civil\/\" class=\"\" rel=\"bookmark\">Continue a ler &raquo;<span class=\"screen-reader-text\">BR A\u00e7o: A F\u00e1brica de Vergalh\u00e3o em Itumbiara que Revoluciona a Constru\u00e7\u00e3o Civil<\/span><\/a><\/p>\n","protected":false},"author":3,"featured_media":0,"parent":0,"menu_order":0,"comment_status":"closed","ping_status":"closed","template":"","meta":{"_acf_changed":false,"_yoast_wpseo_focuskw":"F\u00e1brica de vergalh\u00e3o em Itumbiara","_yoast_wpseo_title":"BR A\u00e7o: F\u00e1brica de Vergalh\u00e3o em Itumbiara, Qualidade e Agilidade na Constru\u00e7\u00e3o","_yoast_wpseo_metadesc":"Conhe\u00e7a a BR A\u00e7o, a f\u00e1brica de vergalh\u00e3o em Itumbiara que oferece materiais de constru\u00e7\u00e3o de alta qualidade e entrega r\u00e1pida.","neve_meta_sidebar":"","neve_meta_container":"","neve_meta_enable_content_width":"","neve_meta_content_width":0,"neve_meta_title_alignment":"","neve_meta_author_avatar":"","neve_post_elements_order":"","neve_meta_disable_header":"","neve_meta_disable_footer":"","neve_meta_disable_title":"","footnotes":""},"class_list":["post-3338","page","type-page","status-publish","hentry"],"acf":{"introducao":"","conceitos_fundamentais":"","como_funciona":"","como_aplicar_no_dia_a_dia":"","principais_utilizacoes_e_beneficios":"","tipos_e_classificacoes":"","tecnologias_e_ferramentas_relacionadas":"","exemplos_e_casos_de_sucesso":"","mitos_e_verdades":"","perguntas_frequentes_faq":"","erros_comuns_e_como_evita-los":"","futuro_e_tendencias":"","conclusao":"","bloco1title":"Qualidade Superior","bloco1text":"Na BR A\u00e7o, a qualidade \u00e9 nossa prioridade. Trabalhamos com materiais selecionados para garantir durabilidade e resist\u00eancia.","bloco2title":"Entrega R\u00e1pida","bloco2text":"Comprometemo-nos com prazos para que seu projeto avance sempre dentro do cronograma.","bloco3title":"Inova\u00e7\u00e3o Cont\u00ednua","bloco3text":"Investimos em tecnologia para modernizar nossas pr\u00e1ticas e aumentar a efici\u00eancia produtiva, permitindo-nos competir e prestar um melhor atendimento.","insightwidtitle":"Curiosidades sobre Vergalh\u00e3o","insightwidcontent":"Os vergalh\u00f5es s\u00e3o essenciais na constru\u00e7\u00e3o civil, servindo para refor\u00e7ar o concreto e aumentar a durabilidade das estruturas. Sabia que a utiliza\u00e7\u00e3o correta do vergalh\u00e3o pode aumentar em at\u00e9 25% a vida \u00fatil de uma obra? Al\u00e9m disso, em locais onde h\u00e1 grande varia\u00e7\u00e3o t\u00e9rmica, o uso do vergalh\u00e3o adequado \u00e9 crucial para evitar fissuras e danos ao longo do tempo. Outra curiosidade \u00e9 que o vergalh\u00e3o tem diferentes classifica\u00e7\u00f5es, que variam conforme suas caracter\u00edsticas mec\u00e2nicas e posicionamento em projetos de engenharia. Essa variedade permite que arquitetos e engenheiros selecionem o material correto para cada tipo de constru\u00e7\u00e3o."},"yoast_head":"<!-- This site is optimized with the Yoast SEO plugin v23.4 - https:\/\/yoast.com\/wordpress\/plugins\/seo\/ -->\n<title>BR A\u00e7o: F\u00e1brica de Vergalh\u00e3o em Itumbiara, Qualidade e Agilidade na Constru\u00e7\u00e3o<\/title>\n<meta name=\"description\" content=\"Conhe\u00e7a a BR A\u00e7o, a f\u00e1brica de vergalh\u00e3o em Itumbiara que oferece materiais de constru\u00e7\u00e3o de alta qualidade e entrega r\u00e1pida.\" \/>\n<meta name=\"robots\" content=\"index, follow, max-snippet:-1, max-image-preview:large, max-video-preview:-1\" \/>\n<link rel=\"canonical\" href=\"https:\/\/grupobraco.com.br\/conteudo\/br-aco-a-fabrica-de-vergalhao-em-itumbiara-que-revoluciona-a-construcao-civil\/\" \/>\n<meta property=\"og:locale\" content=\"pt_BR\" \/>\n<meta property=\"og:type\" content=\"article\" \/>\n<meta property=\"og:title\" content=\"BR A\u00e7o: F\u00e1brica de Vergalh\u00e3o em Itumbiara, Qualidade e Agilidade na Constru\u00e7\u00e3o\" \/>\n<meta property=\"og:description\" content=\"Conhe\u00e7a a BR A\u00e7o, a f\u00e1brica de vergalh\u00e3o em Itumbiara que oferece materiais de constru\u00e7\u00e3o de alta qualidade e entrega r\u00e1pida.\" \/>\n<meta property=\"og:url\" content=\"https:\/\/grupobraco.com.br\/conteudo\/br-aco-a-fabrica-de-vergalhao-em-itumbiara-que-revoluciona-a-construcao-civil\/\" \/>\n<meta property=\"og:site_name\" content=\"Br A\u00e7o\" \/>\n<meta name=\"twitter:card\" content=\"summary_large_image\" \/>\n<meta name=\"twitter:label1\" content=\"Est. tempo de leitura\" \/>\n\t<meta name=\"twitter:data1\" content=\"1 minuto\" \/>\n<script type=\"application\/ld+json\" class=\"yoast-schema-graph\">{\"@context\":\"https:\/\/schema.org\",\"@graph\":[{\"@type\":\"WebPage\",\"@id\":\"https:\/\/grupobraco.com.br\/conteudo\/br-aco-a-fabrica-de-vergalhao-em-itumbiara-que-revoluciona-a-construcao-civil\/\",\"url\":\"https:\/\/grupobraco.com.br\/conteudo\/br-aco-a-fabrica-de-vergalhao-em-itumbiara-que-revoluciona-a-construcao-civil\/\",\"name\":\"BR A\u00e7o: F\u00e1brica de Vergalh\u00e3o em Itumbiara, Qualidade e Agilidade na Constru\u00e7\u00e3o\",\"isPartOf\":{\"@id\":\"https:\/\/grupobraco.com.br\/conteudo\/#website\"},\"datePublished\":\"2025-04-08T18:00:51+00:00\",\"dateModified\":\"2025-04-08T18:00:51+00:00\",\"description\":\"Conhe\u00e7a a BR A\u00e7o, a f\u00e1brica de vergalh\u00e3o em Itumbiara que oferece materiais de constru\u00e7\u00e3o de alta qualidade e entrega r\u00e1pida.\",\"breadcrumb\":{\"@id\":\"https:\/\/grupobraco.com.br\/conteudo\/br-aco-a-fabrica-de-vergalhao-em-itumbiara-que-revoluciona-a-construcao-civil\/#breadcrumb\"},\"inLanguage\":\"pt-BR\",\"potentialAction\":[{\"@type\":\"ReadAction\",\"target\":[\"https:\/\/grupobraco.com.br\/conteudo\/br-aco-a-fabrica-de-vergalhao-em-itumbiara-que-revoluciona-a-construcao-civil\/\"]}]},{\"@type\":\"BreadcrumbList\",\"@id\":\"https:\/\/grupobraco.com.br\/conteudo\/br-aco-a-fabrica-de-vergalhao-em-itumbiara-que-revoluciona-a-construcao-civil\/#breadcrumb\",\"itemListElement\":[{\"@type\":\"ListItem\",\"position\":1,\"name\":\"Home\",\"item\":\"https:\/\/grupobraco.com.br\/conteudo\/\"},{\"@type\":\"ListItem\",\"position\":2,\"name\":\"BR A\u00e7o: A F\u00e1brica de Vergalh\u00e3o em Itumbiara que Revoluciona a Constru\u00e7\u00e3o Civil\"}]},{\"@type\":\"WebSite\",\"@id\":\"https:\/\/grupobraco.com.br\/conteudo\/#website\",\"url\":\"https:\/\/grupobraco.com.br\/conteudo\/\",\"name\":\"Br A\u00e7o\",\"description\":\"Seus projetos na velocidade m\u00e1xima\",\"publisher\":{\"@id\":\"https:\/\/grupobraco.com.br\/conteudo\/#organization\"},\"potentialAction\":[{\"@type\":\"SearchAction\",\"target\":{\"@type\":\"EntryPoint\",\"urlTemplate\":\"https:\/\/grupobraco.com.br\/conteudo\/?s={search_term_string}\"},\"query-input\":{\"@type\":\"PropertyValueSpecification\",\"valueRequired\":true,\"valueName\":\"search_term_string\"}}],\"inLanguage\":\"pt-BR\"},{\"@type\":\"Organization\",\"@id\":\"https:\/\/grupobraco.com.br\/conteudo\/#organization\",\"name\":\"Br A\u00e7o\",\"url\":\"https:\/\/grupobraco.com.br\/conteudo\/\",\"logo\":{\"@type\":\"ImageObject\",\"inLanguage\":\"pt-BR\",\"@id\":\"https:\/\/grupobraco.com.br\/conteudo\/#\/schema\/logo\/image\/\",\"url\":\"https:\/\/grupobraco.com.br\/conteudo\/wp-content\/uploads\/2025\/04\/Z340-Logotipia-Reestruturacao-do-Branding.png\",\"contentUrl\":\"https:\/\/grupobraco.com.br\/conteudo\/wp-content\/uploads\/2025\/04\/Z340-Logotipia-Reestruturacao-do-Branding.png\",\"width\":1530,\"height\":1080,\"caption\":\"Br A\u00e7o\"},\"image\":{\"@id\":\"https:\/\/grupobraco.com.br\/conteudo\/#\/schema\/logo\/image\/\"}}]}<\/script>\n<!-- \/ Yoast SEO plugin. -->","yoast_head_json":{"title":"BR A\u00e7o: F\u00e1brica de Vergalh\u00e3o em Itumbiara, Qualidade e Agilidade na Constru\u00e7\u00e3o","description":"Conhe\u00e7a a BR A\u00e7o, a f\u00e1brica de vergalh\u00e3o em Itumbiara que oferece materiais de constru\u00e7\u00e3o de alta qualidade e entrega r\u00e1pida.","robots":{"index":"index","follow":"follow","max-snippet":"max-snippet:-1","max-image-preview":"max-image-preview:large","max-video-preview":"max-video-preview:-1"},"canonical":"https:\/\/grupobraco.com.br\/conteudo\/br-aco-a-fabrica-de-vergalhao-em-itumbiara-que-revoluciona-a-construcao-civil\/","og_locale":"pt_BR","og_type":"article","og_title":"BR A\u00e7o: F\u00e1brica de Vergalh\u00e3o em Itumbiara, Qualidade e Agilidade na Constru\u00e7\u00e3o","og_description":"Conhe\u00e7a a BR A\u00e7o, a f\u00e1brica de vergalh\u00e3o em Itumbiara que oferece materiais de constru\u00e7\u00e3o de alta qualidade e entrega r\u00e1pida.","og_url":"https:\/\/grupobraco.com.br\/conteudo\/br-aco-a-fabrica-de-vergalhao-em-itumbiara-que-revoluciona-a-construcao-civil\/","og_site_name":"Br A\u00e7o","twitter_card":"summary_large_image","twitter_misc":{"Est. tempo de leitura":"1 minuto"},"schema":{"@context":"https:\/\/schema.org","@graph":[{"@type":"WebPage","@id":"https:\/\/grupobraco.com.br\/conteudo\/br-aco-a-fabrica-de-vergalhao-em-itumbiara-que-revoluciona-a-construcao-civil\/","url":"https:\/\/grupobraco.com.br\/conteudo\/br-aco-a-fabrica-de-vergalhao-em-itumbiara-que-revoluciona-a-construcao-civil\/","name":"BR A\u00e7o: F\u00e1brica de Vergalh\u00e3o em Itumbiara, Qualidade e Agilidade na Constru\u00e7\u00e3o","isPartOf":{"@id":"https:\/\/grupobraco.com.br\/conteudo\/#website"},"datePublished":"2025-04-08T18:00:51+00:00","dateModified":"2025-04-08T18:00:51+00:00","description":"Conhe\u00e7a a BR A\u00e7o, a f\u00e1brica de vergalh\u00e3o em Itumbiara que oferece materiais de constru\u00e7\u00e3o de alta qualidade e entrega r\u00e1pida.","breadcrumb":{"@id":"https:\/\/grupobraco.com.br\/conteudo\/br-aco-a-fabrica-de-vergalhao-em-itumbiara-que-revoluciona-a-construcao-civil\/#breadcrumb"},"inLanguage":"pt-BR","potentialAction":[{"@type":"ReadAction","target":["https:\/\/grupobraco.com.br\/conteudo\/br-aco-a-fabrica-de-vergalhao-em-itumbiara-que-revoluciona-a-construcao-civil\/"]}]},{"@type":"BreadcrumbList","@id":"https:\/\/grupobraco.com.br\/conteudo\/br-aco-a-fabrica-de-vergalhao-em-itumbiara-que-revoluciona-a-construcao-civil\/#breadcrumb","itemListElement":[{"@type":"ListItem","position":1,"name":"Home","item":"https:\/\/grupobraco.com.br\/conteudo\/"},{"@type":"ListItem","position":2,"name":"BR A\u00e7o: A F\u00e1brica de Vergalh\u00e3o em Itumbiara que Revoluciona a Constru\u00e7\u00e3o Civil"}]},{"@type":"WebSite","@id":"https:\/\/grupobraco.com.br\/conteudo\/#website","url":"https:\/\/grupobraco.com.br\/conteudo\/","name":"Br A\u00e7o","description":"Seus projetos na velocidade m\u00e1xima","publisher":{"@id":"https:\/\/grupobraco.com.br\/conteudo\/#organization"},"potentialAction":[{"@type":"SearchAction","target":{"@type":"EntryPoint","urlTemplate":"https:\/\/grupobraco.com.br\/conteudo\/?s={search_term_string}"},"query-input":{"@type":"PropertyValueSpecification","valueRequired":true,"valueName":"search_term_string"}}],"inLanguage":"pt-BR"},{"@type":"Organization","@id":"https:\/\/grupobraco.com.br\/conteudo\/#organization","name":"Br A\u00e7o","url":"https:\/\/grupobraco.com.br\/conteudo\/","logo":{"@type":"ImageObject","inLanguage":"pt-BR","@id":"https:\/\/grupobraco.com.br\/conteudo\/#\/schema\/logo\/image\/","url":"https:\/\/grupobraco.com.br\/conteudo\/wp-content\/uploads\/2025\/04\/Z340-Logotipia-Reestruturacao-do-Branding.png","contentUrl":"https:\/\/grupobraco.com.br\/conteudo\/wp-content\/uploads\/2025\/04\/Z340-Logotipia-Reestruturacao-do-Branding.png","width":1530,"height":1080,"caption":"Br A\u00e7o"},"image":{"@id":"https:\/\/grupobraco.com.br\/conteudo\/#\/schema\/logo\/image\/"}}]}},"_links":{"self":[{"href":"https:\/\/grupobraco.com.br\/conteudo\/wp-json\/wp\/v2\/pages\/3338","targetHints":{"allow":["GET"]}}],"collection":[{"href":"https:\/\/grupobraco.com.br\/conteudo\/wp-json\/wp\/v2\/pages"}],"about":[{"href":"https:\/\/grupobraco.com.br\/conteudo\/wp-json\/wp\/v2\/types\/page"}],"author":[{"embeddable":true,"href":"https:\/\/grupobraco.com.br\/conteudo\/wp-json\/wp\/v2\/users\/3"}],"replies":[{"embeddable":true,"href":"https:\/\/grupobraco.com.br\/conteudo\/wp-json\/wp\/v2\/comments?post=3338"}],"version-history":[{"count":0,"href":"https:\/\/grupobraco.com.br\/conteudo\/wp-json\/wp\/v2\/pages\/3338\/revisions"}],"wp:attachment":[{"href":"https:\/\/grupobraco.com.br\/conteudo\/wp-json\/wp\/v2\/media?parent=3338"}],"curies":[{"name":"wp","href":"https:\/\/api.w.org\/{rel}","templated":true}]}}