{"id":3314,"date":"2025-04-08T15:00:55","date_gmt":"2025-04-08T15:00:55","guid":{"rendered":"https:\/\/grupobraco.com.br\/conteudo\/br-aco-a-fabrica-de-vergalhao-em-senador-canedo-que-transforma-seus-projetos\/"},"modified":"2025-04-08T15:00:55","modified_gmt":"2025-04-08T15:00:55","slug":"br-aco-a-fabrica-de-vergalhao-em-senador-canedo-que-transforma-seus-projetos","status":"publish","type":"page","link":"https:\/\/grupobraco.com.br\/conteudo\/br-aco-a-fabrica-de-vergalhao-em-senador-canedo-que-transforma-seus-projetos\/","title":{"rendered":"BR A\u00e7o: A F\u00e1brica de Vergalh\u00e3o em Senador Canedo que Transforma Seus Projetos"},"content":{"rendered":"<p>No cora\u00e7\u00e3o de Goi\u00e1s, a BR A\u00e7o se destaca como a principal f\u00e1brica de vergalh\u00e3o em Senador Canedo, oferecendo produtos de alta qualidade para a constru\u00e7\u00e3o civil. Com uma infraestrutura moderna e uma equipe altamente especializada, garantimos que nossos clientes tenham acesso a materiais robustos e eficientes, imprescind\u00edveis para a confiabilidade de suas obras. A produ\u00e7\u00e3o de vergalh\u00e3o na BR A\u00e7o \u00e9 realizada com tecnologias de ponta, assegurando que todos os processos atendam aos mais r\u00edgidos padr\u00f5es de qualidade do mercado. Na BR A\u00e7o, sabemos que a velocidade e a pontualidade nas entregas s\u00e3o essenciais, pois cada dia conta quando se trata de constru\u00e7\u00e3o. Por isso, estamos sempre prontos para atender \u00e0s necessidades urgentes dos nossos clientes, fazendo com que seu projeto saia do papel e se torne realidade. Ao escolher a BR A\u00e7o como sua fornecedora de vergalh\u00e3o em Senador Canedo, voc\u00ea est\u00e1 optando por uma empresa que valoriza a qualidade, a efici\u00eancia e a inova\u00e7\u00e3o. Nossa trajet\u00f3ria, marcada por desafios e supera\u00e7\u00f5es, nos moldou como l\u00edderes no fornecimento de a\u00e7o para a constru\u00e7\u00e3o civil. Estamos preparados para atender desde pequenas obras at\u00e9 grandes empreendimentos, sempre garantindo a satisfa\u00e7\u00e3o dos nossos parceiros.<\/p>\n","protected":false},"excerpt":{"rendered":"<p>No cora\u00e7\u00e3o de Goi\u00e1s, a BR A\u00e7o se destaca como a principal f\u00e1brica de vergalh\u00e3o em Senador Canedo, oferecendo produtos de alta qualidade para a constru\u00e7\u00e3o civil. Com uma infraestrutura moderna e uma equipe altamente especializada, garantimos que nossos clientes tenham acesso a materiais robustos e eficientes, imprescind\u00edveis para a confiabilidade de suas obras. A&hellip;&nbsp;<a href=\"https:\/\/grupobraco.com.br\/conteudo\/br-aco-a-fabrica-de-vergalhao-em-senador-canedo-que-transforma-seus-projetos\/\" class=\"\" rel=\"bookmark\">Continue a ler &raquo;<span class=\"screen-reader-text\">BR A\u00e7o: A F\u00e1brica de Vergalh\u00e3o em Senador Canedo que Transforma Seus Projetos<\/span><\/a><\/p>\n","protected":false},"author":3,"featured_media":0,"parent":0,"menu_order":0,"comment_status":"closed","ping_status":"closed","template":"","meta":{"_acf_changed":false,"_yoast_wpseo_focuskw":"f\u00e1brica de vergalh\u00e3o em Senador Canedo","_yoast_wpseo_title":"F\u00e1brica de Vergalh\u00e3o em Senador Canedo - BR A\u00e7o: Qualidade e Rapidez","_yoast_wpseo_metadesc":"Descubra a BR A\u00e7o, a principal f\u00e1brica de vergalh\u00e3o em Senador Canedo, oferecendo alta qualidade e entregas r\u00e1pidas para seus projetos.","neve_meta_sidebar":"","neve_meta_container":"","neve_meta_enable_content_width":"","neve_meta_content_width":0,"neve_meta_title_alignment":"","neve_meta_author_avatar":"","neve_post_elements_order":"","neve_meta_disable_header":"","neve_meta_disable_footer":"","neve_meta_disable_title":"","footnotes":""},"class_list":["post-3314","page","type-page","status-publish","hentry"],"acf":{"introducao":"","conceitos_fundamentais":"","como_funciona":"","como_aplicar_no_dia_a_dia":"","principais_utilizacoes_e_beneficios":"","tipos_e_classificacoes":"","tecnologias_e_ferramentas_relacionadas":"","exemplos_e_casos_de_sucesso":"","mitos_e_verdades":"","perguntas_frequentes_faq":"","erros_comuns_e_como_evita-los":"","futuro_e_tendencias":"","conclusao":"","bloco1title":"Qualidade Incompar\u00e1vel","bloco1text":"Na BR A\u00e7o, a qualidade do vergalh\u00e3o \u00e9 uma prioridade. Nossos produtos passam por rigorosos testes de qualidade.","bloco2title":"Entrega R\u00e1pida","bloco2text":"Garantimos a entrega r\u00e1pida para que seu projeto n\u00e3o pare. Trabalhamos com prazos curtos.","bloco3title":"A\u00e7o que Faz a Diferen\u00e7a","bloco3text":"Nosso vergalh\u00e3o \u00e9 ideal para diferentes tipos de constru\u00e7\u00f5es, oferecendo resist\u00eancia e durabilidade incompar\u00e1veis.","insightwidtitle":"Curiosidades sobre Vergalh\u00e3o","insightwidcontent":"Voc\u00ea sabia que o vergalh\u00e3o de a\u00e7o foi introduzido na constru\u00e7\u00e3o civil no s\u00e9culo 19? Desde ent\u00e3o, sua aplica\u00e7\u00e3o se tornou indispens\u00e1vel em obras pelo mundo afora, garantindo a resist\u00eancia necess\u00e1ria ao concreto. A BR A\u00e7o, com sua f\u00e1brica de vergalh\u00e3o em Senador Canedo, mant\u00e9m esse legado de qualidade e inova\u00e7\u00e3o viva at\u00e9 hoje."},"yoast_head":"<!-- This site is optimized with the Yoast SEO plugin v23.4 - https:\/\/yoast.com\/wordpress\/plugins\/seo\/ -->\n<title>F\u00e1brica de Vergalh\u00e3o em Senador Canedo - BR A\u00e7o: Qualidade e Rapidez<\/title>\n<meta name=\"description\" content=\"Descubra a BR A\u00e7o, a principal f\u00e1brica de vergalh\u00e3o em Senador Canedo, oferecendo alta qualidade e entregas r\u00e1pidas para seus projetos.\" \/>\n<meta name=\"robots\" content=\"index, follow, max-snippet:-1, max-image-preview:large, max-video-preview:-1\" \/>\n<link rel=\"canonical\" href=\"https:\/\/grupobraco.com.br\/conteudo\/br-aco-a-fabrica-de-vergalhao-em-senador-canedo-que-transforma-seus-projetos\/\" \/>\n<meta property=\"og:locale\" content=\"pt_BR\" \/>\n<meta property=\"og:type\" content=\"article\" \/>\n<meta property=\"og:title\" content=\"F\u00e1brica de Vergalh\u00e3o em Senador Canedo - BR A\u00e7o: Qualidade e Rapidez\" \/>\n<meta property=\"og:description\" content=\"Descubra a BR A\u00e7o, a principal f\u00e1brica de vergalh\u00e3o em Senador Canedo, oferecendo alta qualidade e entregas r\u00e1pidas para seus projetos.\" \/>\n<meta property=\"og:url\" content=\"https:\/\/grupobraco.com.br\/conteudo\/br-aco-a-fabrica-de-vergalhao-em-senador-canedo-que-transforma-seus-projetos\/\" \/>\n<meta property=\"og:site_name\" content=\"Br A\u00e7o\" \/>\n<meta name=\"twitter:card\" content=\"summary_large_image\" \/>\n<meta name=\"twitter:label1\" content=\"Est. tempo de leitura\" \/>\n\t<meta name=\"twitter:data1\" content=\"1 minuto\" \/>\n<script type=\"application\/ld+json\" class=\"yoast-schema-graph\">{\"@context\":\"https:\/\/schema.org\",\"@graph\":[{\"@type\":\"WebPage\",\"@id\":\"https:\/\/grupobraco.com.br\/conteudo\/br-aco-a-fabrica-de-vergalhao-em-senador-canedo-que-transforma-seus-projetos\/\",\"url\":\"https:\/\/grupobraco.com.br\/conteudo\/br-aco-a-fabrica-de-vergalhao-em-senador-canedo-que-transforma-seus-projetos\/\",\"name\":\"F\u00e1brica de Vergalh\u00e3o em Senador Canedo - BR A\u00e7o: Qualidade e Rapidez\",\"isPartOf\":{\"@id\":\"https:\/\/grupobraco.com.br\/conteudo\/#website\"},\"datePublished\":\"2025-04-08T15:00:55+00:00\",\"dateModified\":\"2025-04-08T15:00:55+00:00\",\"description\":\"Descubra a BR A\u00e7o, a principal f\u00e1brica de vergalh\u00e3o em Senador Canedo, oferecendo alta qualidade e entregas r\u00e1pidas para seus projetos.\",\"breadcrumb\":{\"@id\":\"https:\/\/grupobraco.com.br\/conteudo\/br-aco-a-fabrica-de-vergalhao-em-senador-canedo-que-transforma-seus-projetos\/#breadcrumb\"},\"inLanguage\":\"pt-BR\",\"potentialAction\":[{\"@type\":\"ReadAction\",\"target\":[\"https:\/\/grupobraco.com.br\/conteudo\/br-aco-a-fabrica-de-vergalhao-em-senador-canedo-que-transforma-seus-projetos\/\"]}]},{\"@type\":\"BreadcrumbList\",\"@id\":\"https:\/\/grupobraco.com.br\/conteudo\/br-aco-a-fabrica-de-vergalhao-em-senador-canedo-que-transforma-seus-projetos\/#breadcrumb\",\"itemListElement\":[{\"@type\":\"ListItem\",\"position\":1,\"name\":\"Home\",\"item\":\"https:\/\/grupobraco.com.br\/conteudo\/\"},{\"@type\":\"ListItem\",\"position\":2,\"name\":\"BR A\u00e7o: A F\u00e1brica de Vergalh\u00e3o em Senador Canedo que Transforma Seus Projetos\"}]},{\"@type\":\"WebSite\",\"@id\":\"https:\/\/grupobraco.com.br\/conteudo\/#website\",\"url\":\"https:\/\/grupobraco.com.br\/conteudo\/\",\"name\":\"Br A\u00e7o\",\"description\":\"Seus projetos na velocidade m\u00e1xima\",\"publisher\":{\"@id\":\"https:\/\/grupobraco.com.br\/conteudo\/#organization\"},\"potentialAction\":[{\"@type\":\"SearchAction\",\"target\":{\"@type\":\"EntryPoint\",\"urlTemplate\":\"https:\/\/grupobraco.com.br\/conteudo\/?s={search_term_string}\"},\"query-input\":{\"@type\":\"PropertyValueSpecification\",\"valueRequired\":true,\"valueName\":\"search_term_string\"}}],\"inLanguage\":\"pt-BR\"},{\"@type\":\"Organization\",\"@id\":\"https:\/\/grupobraco.com.br\/conteudo\/#organization\",\"name\":\"Br A\u00e7o\",\"url\":\"https:\/\/grupobraco.com.br\/conteudo\/\",\"logo\":{\"@type\":\"ImageObject\",\"inLanguage\":\"pt-BR\",\"@id\":\"https:\/\/grupobraco.com.br\/conteudo\/#\/schema\/logo\/image\/\",\"url\":\"https:\/\/grupobraco.com.br\/conteudo\/wp-content\/uploads\/2025\/04\/Z340-Logotipia-Reestruturacao-do-Branding.png\",\"contentUrl\":\"https:\/\/grupobraco.com.br\/conteudo\/wp-content\/uploads\/2025\/04\/Z340-Logotipia-Reestruturacao-do-Branding.png\",\"width\":1530,\"height\":1080,\"caption\":\"Br A\u00e7o\"},\"image\":{\"@id\":\"https:\/\/grupobraco.com.br\/conteudo\/#\/schema\/logo\/image\/\"}}]}<\/script>\n<!-- \/ Yoast SEO plugin. -->","yoast_head_json":{"title":"F\u00e1brica de Vergalh\u00e3o em Senador Canedo - BR A\u00e7o: Qualidade e Rapidez","description":"Descubra a BR A\u00e7o, a principal f\u00e1brica de vergalh\u00e3o em Senador Canedo, oferecendo alta qualidade e entregas r\u00e1pidas para seus projetos.","robots":{"index":"index","follow":"follow","max-snippet":"max-snippet:-1","max-image-preview":"max-image-preview:large","max-video-preview":"max-video-preview:-1"},"canonical":"https:\/\/grupobraco.com.br\/conteudo\/br-aco-a-fabrica-de-vergalhao-em-senador-canedo-que-transforma-seus-projetos\/","og_locale":"pt_BR","og_type":"article","og_title":"F\u00e1brica de Vergalh\u00e3o em Senador Canedo - BR A\u00e7o: Qualidade e Rapidez","og_description":"Descubra a BR A\u00e7o, a principal f\u00e1brica de vergalh\u00e3o em Senador Canedo, oferecendo alta qualidade e entregas r\u00e1pidas para seus projetos.","og_url":"https:\/\/grupobraco.com.br\/conteudo\/br-aco-a-fabrica-de-vergalhao-em-senador-canedo-que-transforma-seus-projetos\/","og_site_name":"Br A\u00e7o","twitter_card":"summary_large_image","twitter_misc":{"Est. tempo de leitura":"1 minuto"},"schema":{"@context":"https:\/\/schema.org","@graph":[{"@type":"WebPage","@id":"https:\/\/grupobraco.com.br\/conteudo\/br-aco-a-fabrica-de-vergalhao-em-senador-canedo-que-transforma-seus-projetos\/","url":"https:\/\/grupobraco.com.br\/conteudo\/br-aco-a-fabrica-de-vergalhao-em-senador-canedo-que-transforma-seus-projetos\/","name":"F\u00e1brica de Vergalh\u00e3o em Senador Canedo - BR A\u00e7o: Qualidade e Rapidez","isPartOf":{"@id":"https:\/\/grupobraco.com.br\/conteudo\/#website"},"datePublished":"2025-04-08T15:00:55+00:00","dateModified":"2025-04-08T15:00:55+00:00","description":"Descubra a BR A\u00e7o, a principal f\u00e1brica de vergalh\u00e3o em Senador Canedo, oferecendo alta qualidade e entregas r\u00e1pidas para seus projetos.","breadcrumb":{"@id":"https:\/\/grupobraco.com.br\/conteudo\/br-aco-a-fabrica-de-vergalhao-em-senador-canedo-que-transforma-seus-projetos\/#breadcrumb"},"inLanguage":"pt-BR","potentialAction":[{"@type":"ReadAction","target":["https:\/\/grupobraco.com.br\/conteudo\/br-aco-a-fabrica-de-vergalhao-em-senador-canedo-que-transforma-seus-projetos\/"]}]},{"@type":"BreadcrumbList","@id":"https:\/\/grupobraco.com.br\/conteudo\/br-aco-a-fabrica-de-vergalhao-em-senador-canedo-que-transforma-seus-projetos\/#breadcrumb","itemListElement":[{"@type":"ListItem","position":1,"name":"Home","item":"https:\/\/grupobraco.com.br\/conteudo\/"},{"@type":"ListItem","position":2,"name":"BR A\u00e7o: A F\u00e1brica de Vergalh\u00e3o em Senador Canedo que Transforma Seus Projetos"}]},{"@type":"WebSite","@id":"https:\/\/grupobraco.com.br\/conteudo\/#website","url":"https:\/\/grupobraco.com.br\/conteudo\/","name":"Br A\u00e7o","description":"Seus projetos na velocidade m\u00e1xima","publisher":{"@id":"https:\/\/grupobraco.com.br\/conteudo\/#organization"},"potentialAction":[{"@type":"SearchAction","target":{"@type":"EntryPoint","urlTemplate":"https:\/\/grupobraco.com.br\/conteudo\/?s={search_term_string}"},"query-input":{"@type":"PropertyValueSpecification","valueRequired":true,"valueName":"search_term_string"}}],"inLanguage":"pt-BR"},{"@type":"Organization","@id":"https:\/\/grupobraco.com.br\/conteudo\/#organization","name":"Br A\u00e7o","url":"https:\/\/grupobraco.com.br\/conteudo\/","logo":{"@type":"ImageObject","inLanguage":"pt-BR","@id":"https:\/\/grupobraco.com.br\/conteudo\/#\/schema\/logo\/image\/","url":"https:\/\/grupobraco.com.br\/conteudo\/wp-content\/uploads\/2025\/04\/Z340-Logotipia-Reestruturacao-do-Branding.png","contentUrl":"https:\/\/grupobraco.com.br\/conteudo\/wp-content\/uploads\/2025\/04\/Z340-Logotipia-Reestruturacao-do-Branding.png","width":1530,"height":1080,"caption":"Br A\u00e7o"},"image":{"@id":"https:\/\/grupobraco.com.br\/conteudo\/#\/schema\/logo\/image\/"}}]}},"_links":{"self":[{"href":"https:\/\/grupobraco.com.br\/conteudo\/wp-json\/wp\/v2\/pages\/3314","targetHints":{"allow":["GET"]}}],"collection":[{"href":"https:\/\/grupobraco.com.br\/conteudo\/wp-json\/wp\/v2\/pages"}],"about":[{"href":"https:\/\/grupobraco.com.br\/conteudo\/wp-json\/wp\/v2\/types\/page"}],"author":[{"embeddable":true,"href":"https:\/\/grupobraco.com.br\/conteudo\/wp-json\/wp\/v2\/users\/3"}],"replies":[{"embeddable":true,"href":"https:\/\/grupobraco.com.br\/conteudo\/wp-json\/wp\/v2\/comments?post=3314"}],"version-history":[{"count":0,"href":"https:\/\/grupobraco.com.br\/conteudo\/wp-json\/wp\/v2\/pages\/3314\/revisions"}],"wp:attachment":[{"href":"https:\/\/grupobraco.com.br\/conteudo\/wp-json\/wp\/v2\/media?parent=3314"}],"curies":[{"name":"wp","href":"https:\/\/api.w.org\/{rel}","templated":true}]}}