{"id":2981,"date":"2025-04-06T21:00:51","date_gmt":"2025-04-06T21:00:51","guid":{"rendered":"https:\/\/grupobraco.com.br\/conteudo\/vergalhao-direto-da-fabrica-em-trindade-qualidade-e-agilidade-para-seus-projetos-2\/"},"modified":"2025-04-06T21:00:51","modified_gmt":"2025-04-06T21:00:51","slug":"vergalhao-direto-da-fabrica-em-trindade-qualidade-e-agilidade-para-seus-projetos-2","status":"publish","type":"page","link":"https:\/\/grupobraco.com.br\/conteudo\/vergalhao-direto-da-fabrica-em-trindade-qualidade-e-agilidade-para-seus-projetos-2\/","title":{"rendered":"Vergalh\u00e3o Direto da F\u00e1brica em Trindade: Qualidade e Agilidade para Seus Projetos"},"content":{"rendered":"<p>O mercado da constru\u00e7\u00e3o civil \u00e9 din\u00e2mico e exige n\u00e3o apenas qualidade, mas tamb\u00e9m agilidade na entrega de materiais. Quando se trata de vergalh\u00e3o direto da f\u00e1brica em Trindade, a BR A\u00e7o se destaca como a principal escolha dos construtores. Nossa linha de produtos oferece vergalh\u00f5es que v\u00e3o desde os tamanhos mais comuns at\u00e9 os mais espec\u00edficos para atender \u00e0s diversas demandas do setor. A escolha do vergalh\u00e3o certo \u00e9 fundamental para a durabilidade e resist\u00eancia das suas obras, e a BR A\u00e7o garante que voc\u00ea tenha acesso ao que h\u00e1 de melhor no mercado. Quando voc\u00ea opta por comprar vergalh\u00e3o direto da f\u00e1brica em Trindade, est\u00e1 garantindo n\u00e3o apenas um pre\u00e7o justo, mas tamb\u00e9m a qualidade superior que nossos clientes reconhecem. Nosso compromisso \u00e9 fornecer materiais que superem suas expectativas e ajudem a transformar seus projetos em realidade. Al\u00e9m disso, a nossa localiza\u00e7\u00e3o em Trindade facilita a log\u00edstica para entregas r\u00e1pidas, garantindo que voc\u00ea receba seus pedidos em tempo h\u00e1bil e com toda a seguran\u00e7a necess\u00e1ria para continuar sua obra sem interrup\u00e7\u00f5es. Com vergalh\u00e3o direto da f\u00e1brica em Trindade, voc\u00ea tem a certeza de que est\u00e1 investindo em qualidade e efici\u00eancia, elementos essenciais na constru\u00e7\u00e3o civil.<\/p>\n","protected":false},"excerpt":{"rendered":"<p>O mercado da constru\u00e7\u00e3o civil \u00e9 din\u00e2mico e exige n\u00e3o apenas qualidade, mas tamb\u00e9m agilidade na entrega de materiais. Quando se trata de vergalh\u00e3o direto da f\u00e1brica em Trindade, a BR A\u00e7o se destaca como a principal escolha dos construtores. Nossa linha de produtos oferece vergalh\u00f5es que v\u00e3o desde os tamanhos mais comuns at\u00e9 os&hellip;&nbsp;<a href=\"https:\/\/grupobraco.com.br\/conteudo\/vergalhao-direto-da-fabrica-em-trindade-qualidade-e-agilidade-para-seus-projetos-2\/\" class=\"\" rel=\"bookmark\">Continue a ler &raquo;<span class=\"screen-reader-text\">Vergalh\u00e3o Direto da F\u00e1brica em Trindade: Qualidade e Agilidade para Seus Projetos<\/span><\/a><\/p>\n","protected":false},"author":3,"featured_media":0,"parent":0,"menu_order":0,"comment_status":"closed","ping_status":"closed","template":"","meta":{"_acf_changed":false,"_yoast_wpseo_focuskw":"Vergalh\u00e3o direto da f\u00e1brica em Trindade","_yoast_wpseo_title":"Vergalh\u00e3o Direto da F\u00e1brica em Trindade - BR A\u00e7o","_yoast_wpseo_metadesc":"Descubra as vantagens de adquirir vergalh\u00e3o direto da f\u00e1brica em Trindade com a BR A\u00e7o, qualidade e entrega r\u00e1pidas para seus projetos.","neve_meta_sidebar":"","neve_meta_container":"","neve_meta_enable_content_width":"","neve_meta_content_width":0,"neve_meta_title_alignment":"","neve_meta_author_avatar":"","neve_post_elements_order":"","neve_meta_disable_header":"","neve_meta_disable_footer":"","neve_meta_disable_title":"","footnotes":""},"class_list":["post-2981","page","type-page","status-publish","hentry"],"acf":{"introducao":"","conceitos_fundamentais":"","como_funciona":"","como_aplicar_no_dia_a_dia":"","principais_utilizacoes_e_beneficios":"","tipos_e_classificacoes":"","tecnologias_e_ferramentas_relacionadas":"","exemplos_e_casos_de_sucesso":"","mitos_e_verdades":"","perguntas_frequentes_faq":"","erros_comuns_e_como_evita-los":"","futuro_e_tendencias":"","conclusao":"","bloco1title":"Qualidade Superior","bloco1text":"Nosso vergalh\u00e3o \u00e9 produzido com rigorosos padr\u00f5es de qualidade, garantindo resist\u00eancia e durabilidade.","bloco2title":"Entrega R\u00e1pida","bloco2text":"A localiza\u00e7\u00e3o da BR A\u00e7o permite entregas r\u00e1pidas, minimizando o tempo de espera para seus projetos.","bloco3title":"Compromisso com o Cliente","bloco3text":"Nosso foco \u00e9 entender suas necessidades e oferecer solu\u00e7\u00f5es que fa\u00e7am a diferen\u00e7a na sua obra.","insightwidtitle":"Curiosidades sobre Vergalh\u00f5es","insightwidcontent":"Voc\u00ea sabia que o vergalh\u00e3o \u00e9 um elemento crucial na constru\u00e7\u00e3o civil, proporcionando a resist\u00eancia necess\u00e1ria para estruturas de concreto? O uso correto do vergalh\u00e3o direto da f\u00e1brica em Trindade \u00e9 fundamental para a durabilidade das obras. A BR A\u00e7o est\u00e1 \u00e0 frente na produ\u00e7\u00e3o e entrega desse material vital."},"yoast_head":"<!-- This site is optimized with the Yoast SEO plugin v23.4 - https:\/\/yoast.com\/wordpress\/plugins\/seo\/ -->\n<title>Vergalh\u00e3o Direto da F\u00e1brica em Trindade - BR A\u00e7o<\/title>\n<meta name=\"description\" content=\"Descubra as vantagens de adquirir vergalh\u00e3o direto da f\u00e1brica em Trindade com a BR A\u00e7o, qualidade e entrega r\u00e1pidas para seus projetos.\" \/>\n<meta name=\"robots\" content=\"index, follow, max-snippet:-1, max-image-preview:large, max-video-preview:-1\" \/>\n<link rel=\"canonical\" href=\"https:\/\/grupobraco.com.br\/conteudo\/vergalhao-direto-da-fabrica-em-trindade-qualidade-e-agilidade-para-seus-projetos-2\/\" \/>\n<meta property=\"og:locale\" content=\"pt_BR\" \/>\n<meta property=\"og:type\" content=\"article\" \/>\n<meta property=\"og:title\" content=\"Vergalh\u00e3o Direto da F\u00e1brica em Trindade - BR A\u00e7o\" \/>\n<meta property=\"og:description\" content=\"Descubra as vantagens de adquirir vergalh\u00e3o direto da f\u00e1brica em Trindade com a BR A\u00e7o, qualidade e entrega r\u00e1pidas para seus projetos.\" \/>\n<meta property=\"og:url\" content=\"https:\/\/grupobraco.com.br\/conteudo\/vergalhao-direto-da-fabrica-em-trindade-qualidade-e-agilidade-para-seus-projetos-2\/\" \/>\n<meta property=\"og:site_name\" content=\"Br A\u00e7o\" \/>\n<meta name=\"twitter:card\" content=\"summary_large_image\" \/>\n<meta name=\"twitter:label1\" content=\"Est. tempo de leitura\" \/>\n\t<meta name=\"twitter:data1\" content=\"1 minuto\" \/>\n<script type=\"application\/ld+json\" class=\"yoast-schema-graph\">{\"@context\":\"https:\/\/schema.org\",\"@graph\":[{\"@type\":\"WebPage\",\"@id\":\"https:\/\/grupobraco.com.br\/conteudo\/vergalhao-direto-da-fabrica-em-trindade-qualidade-e-agilidade-para-seus-projetos-2\/\",\"url\":\"https:\/\/grupobraco.com.br\/conteudo\/vergalhao-direto-da-fabrica-em-trindade-qualidade-e-agilidade-para-seus-projetos-2\/\",\"name\":\"Vergalh\u00e3o Direto da F\u00e1brica em Trindade - BR A\u00e7o\",\"isPartOf\":{\"@id\":\"https:\/\/grupobraco.com.br\/conteudo\/#website\"},\"datePublished\":\"2025-04-06T21:00:51+00:00\",\"dateModified\":\"2025-04-06T21:00:51+00:00\",\"description\":\"Descubra as vantagens de adquirir vergalh\u00e3o direto da f\u00e1brica em Trindade com a BR A\u00e7o, qualidade e entrega r\u00e1pidas para seus projetos.\",\"breadcrumb\":{\"@id\":\"https:\/\/grupobraco.com.br\/conteudo\/vergalhao-direto-da-fabrica-em-trindade-qualidade-e-agilidade-para-seus-projetos-2\/#breadcrumb\"},\"inLanguage\":\"pt-BR\",\"potentialAction\":[{\"@type\":\"ReadAction\",\"target\":[\"https:\/\/grupobraco.com.br\/conteudo\/vergalhao-direto-da-fabrica-em-trindade-qualidade-e-agilidade-para-seus-projetos-2\/\"]}]},{\"@type\":\"BreadcrumbList\",\"@id\":\"https:\/\/grupobraco.com.br\/conteudo\/vergalhao-direto-da-fabrica-em-trindade-qualidade-e-agilidade-para-seus-projetos-2\/#breadcrumb\",\"itemListElement\":[{\"@type\":\"ListItem\",\"position\":1,\"name\":\"Home\",\"item\":\"https:\/\/grupobraco.com.br\/conteudo\/\"},{\"@type\":\"ListItem\",\"position\":2,\"name\":\"Vergalh\u00e3o Direto da F\u00e1brica em Trindade: Qualidade e Agilidade para Seus Projetos\"}]},{\"@type\":\"WebSite\",\"@id\":\"https:\/\/grupobraco.com.br\/conteudo\/#website\",\"url\":\"https:\/\/grupobraco.com.br\/conteudo\/\",\"name\":\"Br A\u00e7o\",\"description\":\"Seus projetos na velocidade m\u00e1xima\",\"publisher\":{\"@id\":\"https:\/\/grupobraco.com.br\/conteudo\/#organization\"},\"potentialAction\":[{\"@type\":\"SearchAction\",\"target\":{\"@type\":\"EntryPoint\",\"urlTemplate\":\"https:\/\/grupobraco.com.br\/conteudo\/?s={search_term_string}\"},\"query-input\":{\"@type\":\"PropertyValueSpecification\",\"valueRequired\":true,\"valueName\":\"search_term_string\"}}],\"inLanguage\":\"pt-BR\"},{\"@type\":\"Organization\",\"@id\":\"https:\/\/grupobraco.com.br\/conteudo\/#organization\",\"name\":\"Br A\u00e7o\",\"url\":\"https:\/\/grupobraco.com.br\/conteudo\/\",\"logo\":{\"@type\":\"ImageObject\",\"inLanguage\":\"pt-BR\",\"@id\":\"https:\/\/grupobraco.com.br\/conteudo\/#\/schema\/logo\/image\/\",\"url\":\"https:\/\/grupobraco.com.br\/conteudo\/wp-content\/uploads\/2025\/04\/Z340-Logotipia-Reestruturacao-do-Branding.png\",\"contentUrl\":\"https:\/\/grupobraco.com.br\/conteudo\/wp-content\/uploads\/2025\/04\/Z340-Logotipia-Reestruturacao-do-Branding.png\",\"width\":1530,\"height\":1080,\"caption\":\"Br A\u00e7o\"},\"image\":{\"@id\":\"https:\/\/grupobraco.com.br\/conteudo\/#\/schema\/logo\/image\/\"}}]}<\/script>\n<!-- \/ Yoast SEO plugin. -->","yoast_head_json":{"title":"Vergalh\u00e3o Direto da F\u00e1brica em Trindade - BR A\u00e7o","description":"Descubra as vantagens de adquirir vergalh\u00e3o direto da f\u00e1brica em Trindade com a BR A\u00e7o, qualidade e entrega r\u00e1pidas para seus projetos.","robots":{"index":"index","follow":"follow","max-snippet":"max-snippet:-1","max-image-preview":"max-image-preview:large","max-video-preview":"max-video-preview:-1"},"canonical":"https:\/\/grupobraco.com.br\/conteudo\/vergalhao-direto-da-fabrica-em-trindade-qualidade-e-agilidade-para-seus-projetos-2\/","og_locale":"pt_BR","og_type":"article","og_title":"Vergalh\u00e3o Direto da F\u00e1brica em Trindade - BR A\u00e7o","og_description":"Descubra as vantagens de adquirir vergalh\u00e3o direto da f\u00e1brica em Trindade com a BR A\u00e7o, qualidade e entrega r\u00e1pidas para seus projetos.","og_url":"https:\/\/grupobraco.com.br\/conteudo\/vergalhao-direto-da-fabrica-em-trindade-qualidade-e-agilidade-para-seus-projetos-2\/","og_site_name":"Br A\u00e7o","twitter_card":"summary_large_image","twitter_misc":{"Est. tempo de leitura":"1 minuto"},"schema":{"@context":"https:\/\/schema.org","@graph":[{"@type":"WebPage","@id":"https:\/\/grupobraco.com.br\/conteudo\/vergalhao-direto-da-fabrica-em-trindade-qualidade-e-agilidade-para-seus-projetos-2\/","url":"https:\/\/grupobraco.com.br\/conteudo\/vergalhao-direto-da-fabrica-em-trindade-qualidade-e-agilidade-para-seus-projetos-2\/","name":"Vergalh\u00e3o Direto da F\u00e1brica em Trindade - BR A\u00e7o","isPartOf":{"@id":"https:\/\/grupobraco.com.br\/conteudo\/#website"},"datePublished":"2025-04-06T21:00:51+00:00","dateModified":"2025-04-06T21:00:51+00:00","description":"Descubra as vantagens de adquirir vergalh\u00e3o direto da f\u00e1brica em Trindade com a BR A\u00e7o, qualidade e entrega r\u00e1pidas para seus projetos.","breadcrumb":{"@id":"https:\/\/grupobraco.com.br\/conteudo\/vergalhao-direto-da-fabrica-em-trindade-qualidade-e-agilidade-para-seus-projetos-2\/#breadcrumb"},"inLanguage":"pt-BR","potentialAction":[{"@type":"ReadAction","target":["https:\/\/grupobraco.com.br\/conteudo\/vergalhao-direto-da-fabrica-em-trindade-qualidade-e-agilidade-para-seus-projetos-2\/"]}]},{"@type":"BreadcrumbList","@id":"https:\/\/grupobraco.com.br\/conteudo\/vergalhao-direto-da-fabrica-em-trindade-qualidade-e-agilidade-para-seus-projetos-2\/#breadcrumb","itemListElement":[{"@type":"ListItem","position":1,"name":"Home","item":"https:\/\/grupobraco.com.br\/conteudo\/"},{"@type":"ListItem","position":2,"name":"Vergalh\u00e3o Direto da F\u00e1brica em Trindade: Qualidade e Agilidade para Seus Projetos"}]},{"@type":"WebSite","@id":"https:\/\/grupobraco.com.br\/conteudo\/#website","url":"https:\/\/grupobraco.com.br\/conteudo\/","name":"Br A\u00e7o","description":"Seus projetos na velocidade m\u00e1xima","publisher":{"@id":"https:\/\/grupobraco.com.br\/conteudo\/#organization"},"potentialAction":[{"@type":"SearchAction","target":{"@type":"EntryPoint","urlTemplate":"https:\/\/grupobraco.com.br\/conteudo\/?s={search_term_string}"},"query-input":{"@type":"PropertyValueSpecification","valueRequired":true,"valueName":"search_term_string"}}],"inLanguage":"pt-BR"},{"@type":"Organization","@id":"https:\/\/grupobraco.com.br\/conteudo\/#organization","name":"Br A\u00e7o","url":"https:\/\/grupobraco.com.br\/conteudo\/","logo":{"@type":"ImageObject","inLanguage":"pt-BR","@id":"https:\/\/grupobraco.com.br\/conteudo\/#\/schema\/logo\/image\/","url":"https:\/\/grupobraco.com.br\/conteudo\/wp-content\/uploads\/2025\/04\/Z340-Logotipia-Reestruturacao-do-Branding.png","contentUrl":"https:\/\/grupobraco.com.br\/conteudo\/wp-content\/uploads\/2025\/04\/Z340-Logotipia-Reestruturacao-do-Branding.png","width":1530,"height":1080,"caption":"Br A\u00e7o"},"image":{"@id":"https:\/\/grupobraco.com.br\/conteudo\/#\/schema\/logo\/image\/"}}]}},"_links":{"self":[{"href":"https:\/\/grupobraco.com.br\/conteudo\/wp-json\/wp\/v2\/pages\/2981","targetHints":{"allow":["GET"]}}],"collection":[{"href":"https:\/\/grupobraco.com.br\/conteudo\/wp-json\/wp\/v2\/pages"}],"about":[{"href":"https:\/\/grupobraco.com.br\/conteudo\/wp-json\/wp\/v2\/types\/page"}],"author":[{"embeddable":true,"href":"https:\/\/grupobraco.com.br\/conteudo\/wp-json\/wp\/v2\/users\/3"}],"replies":[{"embeddable":true,"href":"https:\/\/grupobraco.com.br\/conteudo\/wp-json\/wp\/v2\/comments?post=2981"}],"version-history":[{"count":0,"href":"https:\/\/grupobraco.com.br\/conteudo\/wp-json\/wp\/v2\/pages\/2981\/revisions"}],"wp:attachment":[{"href":"https:\/\/grupobraco.com.br\/conteudo\/wp-json\/wp\/v2\/media?parent=2981"}],"curies":[{"name":"wp","href":"https:\/\/api.w.org\/{rel}","templated":true}]}}