{"id":2965,"date":"2025-04-06T19:00:50","date_gmt":"2025-04-06T19:00:50","guid":{"rendered":"https:\/\/grupobraco.com.br\/conteudo\/vergalhao-direto-da-fabrica-em-itumbiara-a-solucao-ideal-para-sua-obra\/"},"modified":"2025-04-06T19:00:50","modified_gmt":"2025-04-06T19:00:50","slug":"vergalhao-direto-da-fabrica-em-itumbiara-a-solucao-ideal-para-sua-obra","status":"publish","type":"page","link":"https:\/\/grupobraco.com.br\/conteudo\/vergalhao-direto-da-fabrica-em-itumbiara-a-solucao-ideal-para-sua-obra\/","title":{"rendered":"Vergalh\u00e3o Direto da F\u00e1brica em Itumbiara: A Solu\u00e7\u00e3o Ideal para sua Obra"},"content":{"rendered":"<p>Se voc\u00ea est\u00e1 em busca de vergalh\u00e3o direto da f\u00e1brica em Itumbiara, a BR A\u00e7o \u00e9 a sua melhor escolha. Localizada em uma das regi\u00f5es mais estrat\u00e9gicas do Brasil, a BR A\u00e7o oferece produtos de alta qualidade, desenvolvidos com tecnologia avan\u00e7ada e um rigoroso controle de qualidade. O vergalh\u00e3o \u00e9 um elemento fundamental na constru\u00e7\u00e3o civil, e optar por adquirir vergalh\u00e3o direto da f\u00e1brica n\u00e3o s\u00f3 garante a autenticidade e a qualidade do material, mas tamb\u00e9m proporciona vantagens significativas em termos de custo e agilidade na entrega. Aqui na BR A\u00e7o, entendemos a import\u00e2ncia da pontualidade e da confiabilidade, especialmente em projetos que dependem de cronogramas r\u00edgidos. A nossa experi\u00eancia no mercado nos permite oferecer um produto que supera as expectativas dos nossos clientes, refor\u00e7ando nossa posi\u00e7\u00e3o como l\u00edderes no segmento. Seja na constru\u00e7\u00e3o de edifica\u00e7\u00f5es residenciais, comerciais ou em projetos de infraestrutura, o vergalh\u00e3o direto da f\u00e1brica em Itumbiara \u00e9 a op\u00e7\u00e3o mais vi\u00e1vel para quem busca seguran\u00e7a e durabilidade em suas obras. Neste conte\u00fado, voc\u00ea vai descobrir mais sobre as vantagens de escolher a BR A\u00e7o como fornecedora do seu vergalh\u00e3o e como podemos contribuir para o sucesso do seu projeto. Desde a escolha do tipo de vergalh\u00e3o at\u00e9 as op\u00e7\u00f5es de entrega e atendimento ao cliente, nossa equipe est\u00e1 preparada para te ajudar em cada etapa, garantindo que a qualidade e a efici\u00eancia estejam sempre em primeiro lugar. N\u00e3o perca tempo e fa\u00e7a a sua escolha pelo melhor em sua obra com a BR A\u00e7o!<\/p>\n","protected":false},"excerpt":{"rendered":"<p>Se voc\u00ea est\u00e1 em busca de vergalh\u00e3o direto da f\u00e1brica em Itumbiara, a BR A\u00e7o \u00e9 a sua melhor escolha. Localizada em uma das regi\u00f5es mais estrat\u00e9gicas do Brasil, a BR A\u00e7o oferece produtos de alta qualidade, desenvolvidos com tecnologia avan\u00e7ada e um rigoroso controle de qualidade. O vergalh\u00e3o \u00e9 um elemento fundamental na constru\u00e7\u00e3o&hellip;&nbsp;<a href=\"https:\/\/grupobraco.com.br\/conteudo\/vergalhao-direto-da-fabrica-em-itumbiara-a-solucao-ideal-para-sua-obra\/\" class=\"\" rel=\"bookmark\">Continue a ler &raquo;<span class=\"screen-reader-text\">Vergalh\u00e3o Direto da F\u00e1brica em Itumbiara: A Solu\u00e7\u00e3o Ideal para sua Obra<\/span><\/a><\/p>\n","protected":false},"author":3,"featured_media":0,"parent":0,"menu_order":0,"comment_status":"closed","ping_status":"closed","template":"","meta":{"_acf_changed":false,"_yoast_wpseo_focuskw":"Vergalh\u00e3o direto da f\u00e1brica em Itumbiara","_yoast_wpseo_title":"Vergalh\u00e3o Direto da F\u00e1brica em Itumbiara: Qualidade e Agilidade para sua Constru\u00e7\u00e3o","_yoast_wpseo_metadesc":"Descubra as vantagens de adquirir vergalh\u00e3o direto da f\u00e1brica em Itumbiara com a BR A\u00e7o. Garantia de qualidade e entrega r\u00e1pida.","neve_meta_sidebar":"","neve_meta_container":"","neve_meta_enable_content_width":"","neve_meta_content_width":0,"neve_meta_title_alignment":"","neve_meta_author_avatar":"","neve_post_elements_order":"","neve_meta_disable_header":"","neve_meta_disable_footer":"","neve_meta_disable_title":"","footnotes":""},"class_list":["post-2965","page","type-page","status-publish","hentry"],"acf":{"introducao":"","conceitos_fundamentais":"","como_funciona":"","como_aplicar_no_dia_a_dia":"","principais_utilizacoes_e_beneficios":"","tipos_e_classificacoes":"","tecnologias_e_ferramentas_relacionadas":"","exemplos_e_casos_de_sucesso":"","mitos_e_verdades":"","perguntas_frequentes_faq":"","erros_comuns_e_como_evita-los":"","futuro_e_tendencias":"","conclusao":"","bloco1title":"Qualidade Garantida","bloco1text":"Na BR A\u00e7o, o vergalh\u00e3o \u00e9 produzido com controle de qualidade rigoroso, garantindo resist\u00eancia e seguran\u00e7a.","bloco2title":"Entrega R\u00e1pida","bloco2text":"Oferecemos prazo de entrega super \u00e1gil, assistindo a sua obra na velocidade que voc\u00ea precisa.","bloco3title":"Atendimento Especializado","bloco3text":"Nossa equipe \u00e9 treinada e qualificada para oferecer um suporte completo, ajudando na escolha do melhor material.","insightwidtitle":"Curiosidades sobre Vergalh\u00e3o","insightwidcontent":"Voc\u00ea sabia que o vergalh\u00e3o \u00e9 essencial para garantir a estrutura de uma edifica\u00e7\u00e3o? Em constru\u00e7\u00f5es, ele absorve tens\u00f5es e distribui o peso de forma eficiente, aumentando a durabilidade e seguran\u00e7a do projeto. A escolha do tipo certo de vergalh\u00e3o pode ser a diferen\u00e7a entre uma obra segura e uma que enfrentar\u00e1 problemas estruturais no futuro."},"yoast_head":"<!-- This site is optimized with the Yoast SEO plugin v23.4 - https:\/\/yoast.com\/wordpress\/plugins\/seo\/ -->\n<title>Vergalh\u00e3o Direto da F\u00e1brica em Itumbiara: Qualidade e Agilidade para sua Constru\u00e7\u00e3o<\/title>\n<meta name=\"description\" content=\"Descubra as vantagens de adquirir vergalh\u00e3o direto da f\u00e1brica em Itumbiara com a BR A\u00e7o. Garantia de qualidade e entrega r\u00e1pida.\" \/>\n<meta name=\"robots\" content=\"index, follow, max-snippet:-1, max-image-preview:large, max-video-preview:-1\" \/>\n<link rel=\"canonical\" href=\"https:\/\/grupobraco.com.br\/conteudo\/vergalhao-direto-da-fabrica-em-itumbiara-a-solucao-ideal-para-sua-obra\/\" \/>\n<meta property=\"og:locale\" content=\"pt_BR\" \/>\n<meta property=\"og:type\" content=\"article\" \/>\n<meta property=\"og:title\" content=\"Vergalh\u00e3o Direto da F\u00e1brica em Itumbiara: Qualidade e Agilidade para sua Constru\u00e7\u00e3o\" \/>\n<meta property=\"og:description\" content=\"Descubra as vantagens de adquirir vergalh\u00e3o direto da f\u00e1brica em Itumbiara com a BR A\u00e7o. Garantia de qualidade e entrega r\u00e1pida.\" \/>\n<meta property=\"og:url\" content=\"https:\/\/grupobraco.com.br\/conteudo\/vergalhao-direto-da-fabrica-em-itumbiara-a-solucao-ideal-para-sua-obra\/\" \/>\n<meta property=\"og:site_name\" content=\"Br A\u00e7o\" \/>\n<meta name=\"twitter:card\" content=\"summary_large_image\" \/>\n<meta name=\"twitter:label1\" content=\"Est. tempo de leitura\" \/>\n\t<meta name=\"twitter:data1\" content=\"1 minuto\" \/>\n<script type=\"application\/ld+json\" class=\"yoast-schema-graph\">{\"@context\":\"https:\/\/schema.org\",\"@graph\":[{\"@type\":\"WebPage\",\"@id\":\"https:\/\/grupobraco.com.br\/conteudo\/vergalhao-direto-da-fabrica-em-itumbiara-a-solucao-ideal-para-sua-obra\/\",\"url\":\"https:\/\/grupobraco.com.br\/conteudo\/vergalhao-direto-da-fabrica-em-itumbiara-a-solucao-ideal-para-sua-obra\/\",\"name\":\"Vergalh\u00e3o Direto da F\u00e1brica em Itumbiara: Qualidade e Agilidade para sua Constru\u00e7\u00e3o\",\"isPartOf\":{\"@id\":\"https:\/\/grupobraco.com.br\/conteudo\/#website\"},\"datePublished\":\"2025-04-06T19:00:50+00:00\",\"dateModified\":\"2025-04-06T19:00:50+00:00\",\"description\":\"Descubra as vantagens de adquirir vergalh\u00e3o direto da f\u00e1brica em Itumbiara com a BR A\u00e7o. Garantia de qualidade e entrega r\u00e1pida.\",\"breadcrumb\":{\"@id\":\"https:\/\/grupobraco.com.br\/conteudo\/vergalhao-direto-da-fabrica-em-itumbiara-a-solucao-ideal-para-sua-obra\/#breadcrumb\"},\"inLanguage\":\"pt-BR\",\"potentialAction\":[{\"@type\":\"ReadAction\",\"target\":[\"https:\/\/grupobraco.com.br\/conteudo\/vergalhao-direto-da-fabrica-em-itumbiara-a-solucao-ideal-para-sua-obra\/\"]}]},{\"@type\":\"BreadcrumbList\",\"@id\":\"https:\/\/grupobraco.com.br\/conteudo\/vergalhao-direto-da-fabrica-em-itumbiara-a-solucao-ideal-para-sua-obra\/#breadcrumb\",\"itemListElement\":[{\"@type\":\"ListItem\",\"position\":1,\"name\":\"Home\",\"item\":\"https:\/\/grupobraco.com.br\/conteudo\/\"},{\"@type\":\"ListItem\",\"position\":2,\"name\":\"Vergalh\u00e3o Direto da F\u00e1brica em Itumbiara: A Solu\u00e7\u00e3o Ideal para sua Obra\"}]},{\"@type\":\"WebSite\",\"@id\":\"https:\/\/grupobraco.com.br\/conteudo\/#website\",\"url\":\"https:\/\/grupobraco.com.br\/conteudo\/\",\"name\":\"Br A\u00e7o\",\"description\":\"Seus projetos na velocidade m\u00e1xima\",\"publisher\":{\"@id\":\"https:\/\/grupobraco.com.br\/conteudo\/#organization\"},\"potentialAction\":[{\"@type\":\"SearchAction\",\"target\":{\"@type\":\"EntryPoint\",\"urlTemplate\":\"https:\/\/grupobraco.com.br\/conteudo\/?s={search_term_string}\"},\"query-input\":{\"@type\":\"PropertyValueSpecification\",\"valueRequired\":true,\"valueName\":\"search_term_string\"}}],\"inLanguage\":\"pt-BR\"},{\"@type\":\"Organization\",\"@id\":\"https:\/\/grupobraco.com.br\/conteudo\/#organization\",\"name\":\"Br A\u00e7o\",\"url\":\"https:\/\/grupobraco.com.br\/conteudo\/\",\"logo\":{\"@type\":\"ImageObject\",\"inLanguage\":\"pt-BR\",\"@id\":\"https:\/\/grupobraco.com.br\/conteudo\/#\/schema\/logo\/image\/\",\"url\":\"https:\/\/grupobraco.com.br\/conteudo\/wp-content\/uploads\/2025\/04\/Z340-Logotipia-Reestruturacao-do-Branding.png\",\"contentUrl\":\"https:\/\/grupobraco.com.br\/conteudo\/wp-content\/uploads\/2025\/04\/Z340-Logotipia-Reestruturacao-do-Branding.png\",\"width\":1530,\"height\":1080,\"caption\":\"Br A\u00e7o\"},\"image\":{\"@id\":\"https:\/\/grupobraco.com.br\/conteudo\/#\/schema\/logo\/image\/\"}}]}<\/script>\n<!-- \/ Yoast SEO plugin. -->","yoast_head_json":{"title":"Vergalh\u00e3o Direto da F\u00e1brica em Itumbiara: Qualidade e Agilidade para sua Constru\u00e7\u00e3o","description":"Descubra as vantagens de adquirir vergalh\u00e3o direto da f\u00e1brica em Itumbiara com a BR A\u00e7o. Garantia de qualidade e entrega r\u00e1pida.","robots":{"index":"index","follow":"follow","max-snippet":"max-snippet:-1","max-image-preview":"max-image-preview:large","max-video-preview":"max-video-preview:-1"},"canonical":"https:\/\/grupobraco.com.br\/conteudo\/vergalhao-direto-da-fabrica-em-itumbiara-a-solucao-ideal-para-sua-obra\/","og_locale":"pt_BR","og_type":"article","og_title":"Vergalh\u00e3o Direto da F\u00e1brica em Itumbiara: Qualidade e Agilidade para sua Constru\u00e7\u00e3o","og_description":"Descubra as vantagens de adquirir vergalh\u00e3o direto da f\u00e1brica em Itumbiara com a BR A\u00e7o. Garantia de qualidade e entrega r\u00e1pida.","og_url":"https:\/\/grupobraco.com.br\/conteudo\/vergalhao-direto-da-fabrica-em-itumbiara-a-solucao-ideal-para-sua-obra\/","og_site_name":"Br A\u00e7o","twitter_card":"summary_large_image","twitter_misc":{"Est. tempo de leitura":"1 minuto"},"schema":{"@context":"https:\/\/schema.org","@graph":[{"@type":"WebPage","@id":"https:\/\/grupobraco.com.br\/conteudo\/vergalhao-direto-da-fabrica-em-itumbiara-a-solucao-ideal-para-sua-obra\/","url":"https:\/\/grupobraco.com.br\/conteudo\/vergalhao-direto-da-fabrica-em-itumbiara-a-solucao-ideal-para-sua-obra\/","name":"Vergalh\u00e3o Direto da F\u00e1brica em Itumbiara: Qualidade e Agilidade para sua Constru\u00e7\u00e3o","isPartOf":{"@id":"https:\/\/grupobraco.com.br\/conteudo\/#website"},"datePublished":"2025-04-06T19:00:50+00:00","dateModified":"2025-04-06T19:00:50+00:00","description":"Descubra as vantagens de adquirir vergalh\u00e3o direto da f\u00e1brica em Itumbiara com a BR A\u00e7o. Garantia de qualidade e entrega r\u00e1pida.","breadcrumb":{"@id":"https:\/\/grupobraco.com.br\/conteudo\/vergalhao-direto-da-fabrica-em-itumbiara-a-solucao-ideal-para-sua-obra\/#breadcrumb"},"inLanguage":"pt-BR","potentialAction":[{"@type":"ReadAction","target":["https:\/\/grupobraco.com.br\/conteudo\/vergalhao-direto-da-fabrica-em-itumbiara-a-solucao-ideal-para-sua-obra\/"]}]},{"@type":"BreadcrumbList","@id":"https:\/\/grupobraco.com.br\/conteudo\/vergalhao-direto-da-fabrica-em-itumbiara-a-solucao-ideal-para-sua-obra\/#breadcrumb","itemListElement":[{"@type":"ListItem","position":1,"name":"Home","item":"https:\/\/grupobraco.com.br\/conteudo\/"},{"@type":"ListItem","position":2,"name":"Vergalh\u00e3o Direto da F\u00e1brica em Itumbiara: A Solu\u00e7\u00e3o Ideal para sua Obra"}]},{"@type":"WebSite","@id":"https:\/\/grupobraco.com.br\/conteudo\/#website","url":"https:\/\/grupobraco.com.br\/conteudo\/","name":"Br A\u00e7o","description":"Seus projetos na velocidade m\u00e1xima","publisher":{"@id":"https:\/\/grupobraco.com.br\/conteudo\/#organization"},"potentialAction":[{"@type":"SearchAction","target":{"@type":"EntryPoint","urlTemplate":"https:\/\/grupobraco.com.br\/conteudo\/?s={search_term_string}"},"query-input":{"@type":"PropertyValueSpecification","valueRequired":true,"valueName":"search_term_string"}}],"inLanguage":"pt-BR"},{"@type":"Organization","@id":"https:\/\/grupobraco.com.br\/conteudo\/#organization","name":"Br A\u00e7o","url":"https:\/\/grupobraco.com.br\/conteudo\/","logo":{"@type":"ImageObject","inLanguage":"pt-BR","@id":"https:\/\/grupobraco.com.br\/conteudo\/#\/schema\/logo\/image\/","url":"https:\/\/grupobraco.com.br\/conteudo\/wp-content\/uploads\/2025\/04\/Z340-Logotipia-Reestruturacao-do-Branding.png","contentUrl":"https:\/\/grupobraco.com.br\/conteudo\/wp-content\/uploads\/2025\/04\/Z340-Logotipia-Reestruturacao-do-Branding.png","width":1530,"height":1080,"caption":"Br A\u00e7o"},"image":{"@id":"https:\/\/grupobraco.com.br\/conteudo\/#\/schema\/logo\/image\/"}}]}},"_links":{"self":[{"href":"https:\/\/grupobraco.com.br\/conteudo\/wp-json\/wp\/v2\/pages\/2965","targetHints":{"allow":["GET"]}}],"collection":[{"href":"https:\/\/grupobraco.com.br\/conteudo\/wp-json\/wp\/v2\/pages"}],"about":[{"href":"https:\/\/grupobraco.com.br\/conteudo\/wp-json\/wp\/v2\/types\/page"}],"author":[{"embeddable":true,"href":"https:\/\/grupobraco.com.br\/conteudo\/wp-json\/wp\/v2\/users\/3"}],"replies":[{"embeddable":true,"href":"https:\/\/grupobraco.com.br\/conteudo\/wp-json\/wp\/v2\/comments?post=2965"}],"version-history":[{"count":0,"href":"https:\/\/grupobraco.com.br\/conteudo\/wp-json\/wp\/v2\/pages\/2965\/revisions"}],"wp:attachment":[{"href":"https:\/\/grupobraco.com.br\/conteudo\/wp-json\/wp\/v2\/media?parent=2965"}],"curies":[{"name":"wp","href":"https:\/\/api.w.org\/{rel}","templated":true}]}}