{"id":2859,"date":"2025-04-06T05:45:49","date_gmt":"2025-04-06T05:45:49","guid":{"rendered":"https:\/\/grupobraco.com.br\/conteudo\/vergalhao-direto-da-fabrica-em-luziania-a-solucao-ideal-para-sua-construcao\/"},"modified":"2025-04-06T05:45:49","modified_gmt":"2025-04-06T05:45:49","slug":"vergalhao-direto-da-fabrica-em-luziania-a-solucao-ideal-para-sua-construcao","status":"publish","type":"page","link":"https:\/\/grupobraco.com.br\/conteudo\/vergalhao-direto-da-fabrica-em-luziania-a-solucao-ideal-para-sua-construcao\/","title":{"rendered":"Vergalh\u00e3o Direto da F\u00e1brica em Luzi\u00e2nia: A Solu\u00e7\u00e3o Ideal para Sua Constru\u00e7\u00e3o"},"content":{"rendered":"<p>Se voc\u00ea est\u00e1 em busca de vergalh\u00e3o direto da f\u00e1brica em Luzi\u00e2nia, a BR A\u00e7o \u00e9 a sua melhor escolha. Com anos de experi\u00eancia no mercado, oferecemos produtos de alta qualidade, confiabilidade e agilidade na entrega. O vergalh\u00e3o direto da f\u00e1brica em Luzi\u00e2nia garante pre\u00e7os competitivos e a certeza de que voc\u00ea est\u00e1 adquirindo material que atende a todos os padr\u00f5es de seguran\u00e7a e resist\u00eancia. Nossos vergalh\u00f5es s\u00e3o produzidos com tecnologia de ponta, e nossa equipe especializada est\u00e1 sempre pronta para oferecer o melhor suporte ao cliente. A parceria com a BR A\u00e7o n\u00e3o \u00e9 apenas sobre a compra de vergalh\u00f5es; \u00e9 sobre investir em um projeto com credibilidade e know-how. Al\u00e9m disso, a localiza\u00e7\u00e3o estrat\u00e9gica da nossa f\u00e1brica em Luzi\u00e2nia nos permite atender demandas de forma r\u00e1pida, contribuindo para a agilidade necess\u00e1ria em obras e constru\u00e7\u00f5es, onde cada dia conta. Escolha o vergalh\u00e3o direto da f\u00e1brica em Luzi\u00e2nia para que seus projetos sejam entregues na velocidade m\u00e1xima com garantia de qualidade e seguran\u00e7a.<\/p>\n","protected":false},"excerpt":{"rendered":"<p>Se voc\u00ea est\u00e1 em busca de vergalh\u00e3o direto da f\u00e1brica em Luzi\u00e2nia, a BR A\u00e7o \u00e9 a sua melhor escolha. Com anos de experi\u00eancia no mercado, oferecemos produtos de alta qualidade, confiabilidade e agilidade na entrega. O vergalh\u00e3o direto da f\u00e1brica em Luzi\u00e2nia garante pre\u00e7os competitivos e a certeza de que voc\u00ea est\u00e1 adquirindo material&hellip;&nbsp;<a href=\"https:\/\/grupobraco.com.br\/conteudo\/vergalhao-direto-da-fabrica-em-luziania-a-solucao-ideal-para-sua-construcao\/\" class=\"\" rel=\"bookmark\">Continue a ler &raquo;<span class=\"screen-reader-text\">Vergalh\u00e3o Direto da F\u00e1brica em Luzi\u00e2nia: A Solu\u00e7\u00e3o Ideal para Sua Constru\u00e7\u00e3o<\/span><\/a><\/p>\n","protected":false},"author":3,"featured_media":0,"parent":0,"menu_order":0,"comment_status":"closed","ping_status":"closed","template":"","meta":{"_acf_changed":false,"_yoast_wpseo_focuskw":"vergalh\u00e3o direto da f\u00e1brica em Luzi\u00e2nia","_yoast_wpseo_title":"Vergalh\u00e3o Direto da F\u00e1brica: Alta Qualidade em Luzi\u00e2nia","_yoast_wpseo_metadesc":"Encontre vergalh\u00e3o direto da f\u00e1brica em Luzi\u00e2nia com a BR A\u00e7o. Alta qualidade e agilidade na entrega para suas obras.","neve_meta_sidebar":"","neve_meta_container":"","neve_meta_enable_content_width":"","neve_meta_content_width":0,"neve_meta_title_alignment":"","neve_meta_author_avatar":"","neve_post_elements_order":"","neve_meta_disable_header":"","neve_meta_disable_footer":"","neve_meta_disable_title":"","footnotes":""},"class_list":["post-2859","page","type-page","status-publish","hentry"],"acf":{"introducao":"","conceitos_fundamentais":"","como_funciona":"","como_aplicar_no_dia_a_dia":"","principais_utilizacoes_e_beneficios":"","tipos_e_classificacoes":"","tecnologias_e_ferramentas_relacionadas":"","exemplos_e_casos_de_sucesso":"","mitos_e_verdades":"","perguntas_frequentes_faq":"","erros_comuns_e_como_evita-los":"","futuro_e_tendencias":"","conclusao":"","bloco1title":"Qualidade Superior","bloco1text":"Nosso vergalh\u00e3o direto da f\u00e1brica em Luzi\u00e2nia \u00e9 produzido com rigorosos controles de qualidade, garantindo resist\u00eancia e durabilidade.","bloco2title":"Atendimento Personalizado","bloco2text":"Na BR A\u00e7o, voc\u00ea tem suporte completo durante todo o processo de compra e entrega do seu vergalh\u00e3o.","bloco3title":"Compromisso com a Agilidade","bloco3text":"Ao optar pelo vergalh\u00e3o direto da f\u00e1brica em Luzi\u00e2nia, voc\u00ea assegura uma entrega r\u00e1pida, essencial para o sucesso de sua obra.","insightwidtitle":"Curiosidades sobre Vergalh\u00f5es","insightwidcontent":"Voc\u00ea sabia que o uso do vergalh\u00e3o na constru\u00e7\u00e3o civil remonta a mais de um s\u00e9culo? Com o passar do tempo, a t\u00e9cnica de refor\u00e7o de concreto evoluiu, e hoje temos vergalh\u00f5es de alta resist\u00eancia que garantem maior seguran\u00e7a nas obras. O vergalh\u00e3o direto da f\u00e1brica em Luzi\u00e2nia possui um tratamento que aumenta ainda mais a sua durabilidade, essencial em constru\u00e7\u00f5es modernas."},"yoast_head":"<!-- This site is optimized with the Yoast SEO plugin v23.4 - https:\/\/yoast.com\/wordpress\/plugins\/seo\/ -->\n<title>Vergalh\u00e3o Direto da F\u00e1brica: Alta Qualidade em Luzi\u00e2nia<\/title>\n<meta name=\"description\" content=\"Encontre vergalh\u00e3o direto da f\u00e1brica em Luzi\u00e2nia com a BR A\u00e7o. Alta qualidade e agilidade na entrega para suas obras.\" \/>\n<meta name=\"robots\" content=\"index, follow, max-snippet:-1, max-image-preview:large, max-video-preview:-1\" \/>\n<link rel=\"canonical\" href=\"https:\/\/grupobraco.com.br\/conteudo\/vergalhao-direto-da-fabrica-em-luziania-a-solucao-ideal-para-sua-construcao\/\" \/>\n<meta property=\"og:locale\" content=\"pt_BR\" \/>\n<meta property=\"og:type\" content=\"article\" \/>\n<meta property=\"og:title\" content=\"Vergalh\u00e3o Direto da F\u00e1brica: Alta Qualidade em Luzi\u00e2nia\" \/>\n<meta property=\"og:description\" content=\"Encontre vergalh\u00e3o direto da f\u00e1brica em Luzi\u00e2nia com a BR A\u00e7o. Alta qualidade e agilidade na entrega para suas obras.\" \/>\n<meta property=\"og:url\" content=\"https:\/\/grupobraco.com.br\/conteudo\/vergalhao-direto-da-fabrica-em-luziania-a-solucao-ideal-para-sua-construcao\/\" \/>\n<meta property=\"og:site_name\" content=\"Br A\u00e7o\" \/>\n<meta name=\"twitter:card\" content=\"summary_large_image\" \/>\n<meta name=\"twitter:label1\" content=\"Est. tempo de leitura\" \/>\n\t<meta name=\"twitter:data1\" content=\"1 minuto\" \/>\n<script type=\"application\/ld+json\" class=\"yoast-schema-graph\">{\"@context\":\"https:\/\/schema.org\",\"@graph\":[{\"@type\":\"WebPage\",\"@id\":\"https:\/\/grupobraco.com.br\/conteudo\/vergalhao-direto-da-fabrica-em-luziania-a-solucao-ideal-para-sua-construcao\/\",\"url\":\"https:\/\/grupobraco.com.br\/conteudo\/vergalhao-direto-da-fabrica-em-luziania-a-solucao-ideal-para-sua-construcao\/\",\"name\":\"Vergalh\u00e3o Direto da F\u00e1brica: Alta Qualidade em Luzi\u00e2nia\",\"isPartOf\":{\"@id\":\"https:\/\/grupobraco.com.br\/conteudo\/#website\"},\"datePublished\":\"2025-04-06T05:45:49+00:00\",\"dateModified\":\"2025-04-06T05:45:49+00:00\",\"description\":\"Encontre vergalh\u00e3o direto da f\u00e1brica em Luzi\u00e2nia com a BR A\u00e7o. Alta qualidade e agilidade na entrega para suas obras.\",\"breadcrumb\":{\"@id\":\"https:\/\/grupobraco.com.br\/conteudo\/vergalhao-direto-da-fabrica-em-luziania-a-solucao-ideal-para-sua-construcao\/#breadcrumb\"},\"inLanguage\":\"pt-BR\",\"potentialAction\":[{\"@type\":\"ReadAction\",\"target\":[\"https:\/\/grupobraco.com.br\/conteudo\/vergalhao-direto-da-fabrica-em-luziania-a-solucao-ideal-para-sua-construcao\/\"]}]},{\"@type\":\"BreadcrumbList\",\"@id\":\"https:\/\/grupobraco.com.br\/conteudo\/vergalhao-direto-da-fabrica-em-luziania-a-solucao-ideal-para-sua-construcao\/#breadcrumb\",\"itemListElement\":[{\"@type\":\"ListItem\",\"position\":1,\"name\":\"Home\",\"item\":\"https:\/\/grupobraco.com.br\/conteudo\/\"},{\"@type\":\"ListItem\",\"position\":2,\"name\":\"Vergalh\u00e3o Direto da F\u00e1brica em Luzi\u00e2nia: A Solu\u00e7\u00e3o Ideal para Sua Constru\u00e7\u00e3o\"}]},{\"@type\":\"WebSite\",\"@id\":\"https:\/\/grupobraco.com.br\/conteudo\/#website\",\"url\":\"https:\/\/grupobraco.com.br\/conteudo\/\",\"name\":\"Br A\u00e7o\",\"description\":\"Seus projetos na velocidade m\u00e1xima\",\"publisher\":{\"@id\":\"https:\/\/grupobraco.com.br\/conteudo\/#organization\"},\"potentialAction\":[{\"@type\":\"SearchAction\",\"target\":{\"@type\":\"EntryPoint\",\"urlTemplate\":\"https:\/\/grupobraco.com.br\/conteudo\/?s={search_term_string}\"},\"query-input\":{\"@type\":\"PropertyValueSpecification\",\"valueRequired\":true,\"valueName\":\"search_term_string\"}}],\"inLanguage\":\"pt-BR\"},{\"@type\":\"Organization\",\"@id\":\"https:\/\/grupobraco.com.br\/conteudo\/#organization\",\"name\":\"Br A\u00e7o\",\"url\":\"https:\/\/grupobraco.com.br\/conteudo\/\",\"logo\":{\"@type\":\"ImageObject\",\"inLanguage\":\"pt-BR\",\"@id\":\"https:\/\/grupobraco.com.br\/conteudo\/#\/schema\/logo\/image\/\",\"url\":\"https:\/\/grupobraco.com.br\/conteudo\/wp-content\/uploads\/2025\/04\/Z340-Logotipia-Reestruturacao-do-Branding.png\",\"contentUrl\":\"https:\/\/grupobraco.com.br\/conteudo\/wp-content\/uploads\/2025\/04\/Z340-Logotipia-Reestruturacao-do-Branding.png\",\"width\":1530,\"height\":1080,\"caption\":\"Br A\u00e7o\"},\"image\":{\"@id\":\"https:\/\/grupobraco.com.br\/conteudo\/#\/schema\/logo\/image\/\"}}]}<\/script>\n<!-- \/ Yoast SEO plugin. -->","yoast_head_json":{"title":"Vergalh\u00e3o Direto da F\u00e1brica: Alta Qualidade em Luzi\u00e2nia","description":"Encontre vergalh\u00e3o direto da f\u00e1brica em Luzi\u00e2nia com a BR A\u00e7o. Alta qualidade e agilidade na entrega para suas obras.","robots":{"index":"index","follow":"follow","max-snippet":"max-snippet:-1","max-image-preview":"max-image-preview:large","max-video-preview":"max-video-preview:-1"},"canonical":"https:\/\/grupobraco.com.br\/conteudo\/vergalhao-direto-da-fabrica-em-luziania-a-solucao-ideal-para-sua-construcao\/","og_locale":"pt_BR","og_type":"article","og_title":"Vergalh\u00e3o Direto da F\u00e1brica: Alta Qualidade em Luzi\u00e2nia","og_description":"Encontre vergalh\u00e3o direto da f\u00e1brica em Luzi\u00e2nia com a BR A\u00e7o. Alta qualidade e agilidade na entrega para suas obras.","og_url":"https:\/\/grupobraco.com.br\/conteudo\/vergalhao-direto-da-fabrica-em-luziania-a-solucao-ideal-para-sua-construcao\/","og_site_name":"Br A\u00e7o","twitter_card":"summary_large_image","twitter_misc":{"Est. tempo de leitura":"1 minuto"},"schema":{"@context":"https:\/\/schema.org","@graph":[{"@type":"WebPage","@id":"https:\/\/grupobraco.com.br\/conteudo\/vergalhao-direto-da-fabrica-em-luziania-a-solucao-ideal-para-sua-construcao\/","url":"https:\/\/grupobraco.com.br\/conteudo\/vergalhao-direto-da-fabrica-em-luziania-a-solucao-ideal-para-sua-construcao\/","name":"Vergalh\u00e3o Direto da F\u00e1brica: Alta Qualidade em Luzi\u00e2nia","isPartOf":{"@id":"https:\/\/grupobraco.com.br\/conteudo\/#website"},"datePublished":"2025-04-06T05:45:49+00:00","dateModified":"2025-04-06T05:45:49+00:00","description":"Encontre vergalh\u00e3o direto da f\u00e1brica em Luzi\u00e2nia com a BR A\u00e7o. Alta qualidade e agilidade na entrega para suas obras.","breadcrumb":{"@id":"https:\/\/grupobraco.com.br\/conteudo\/vergalhao-direto-da-fabrica-em-luziania-a-solucao-ideal-para-sua-construcao\/#breadcrumb"},"inLanguage":"pt-BR","potentialAction":[{"@type":"ReadAction","target":["https:\/\/grupobraco.com.br\/conteudo\/vergalhao-direto-da-fabrica-em-luziania-a-solucao-ideal-para-sua-construcao\/"]}]},{"@type":"BreadcrumbList","@id":"https:\/\/grupobraco.com.br\/conteudo\/vergalhao-direto-da-fabrica-em-luziania-a-solucao-ideal-para-sua-construcao\/#breadcrumb","itemListElement":[{"@type":"ListItem","position":1,"name":"Home","item":"https:\/\/grupobraco.com.br\/conteudo\/"},{"@type":"ListItem","position":2,"name":"Vergalh\u00e3o Direto da F\u00e1brica em Luzi\u00e2nia: A Solu\u00e7\u00e3o Ideal para Sua Constru\u00e7\u00e3o"}]},{"@type":"WebSite","@id":"https:\/\/grupobraco.com.br\/conteudo\/#website","url":"https:\/\/grupobraco.com.br\/conteudo\/","name":"Br A\u00e7o","description":"Seus projetos na velocidade m\u00e1xima","publisher":{"@id":"https:\/\/grupobraco.com.br\/conteudo\/#organization"},"potentialAction":[{"@type":"SearchAction","target":{"@type":"EntryPoint","urlTemplate":"https:\/\/grupobraco.com.br\/conteudo\/?s={search_term_string}"},"query-input":{"@type":"PropertyValueSpecification","valueRequired":true,"valueName":"search_term_string"}}],"inLanguage":"pt-BR"},{"@type":"Organization","@id":"https:\/\/grupobraco.com.br\/conteudo\/#organization","name":"Br A\u00e7o","url":"https:\/\/grupobraco.com.br\/conteudo\/","logo":{"@type":"ImageObject","inLanguage":"pt-BR","@id":"https:\/\/grupobraco.com.br\/conteudo\/#\/schema\/logo\/image\/","url":"https:\/\/grupobraco.com.br\/conteudo\/wp-content\/uploads\/2025\/04\/Z340-Logotipia-Reestruturacao-do-Branding.png","contentUrl":"https:\/\/grupobraco.com.br\/conteudo\/wp-content\/uploads\/2025\/04\/Z340-Logotipia-Reestruturacao-do-Branding.png","width":1530,"height":1080,"caption":"Br A\u00e7o"},"image":{"@id":"https:\/\/grupobraco.com.br\/conteudo\/#\/schema\/logo\/image\/"}}]}},"_links":{"self":[{"href":"https:\/\/grupobraco.com.br\/conteudo\/wp-json\/wp\/v2\/pages\/2859","targetHints":{"allow":["GET"]}}],"collection":[{"href":"https:\/\/grupobraco.com.br\/conteudo\/wp-json\/wp\/v2\/pages"}],"about":[{"href":"https:\/\/grupobraco.com.br\/conteudo\/wp-json\/wp\/v2\/types\/page"}],"author":[{"embeddable":true,"href":"https:\/\/grupobraco.com.br\/conteudo\/wp-json\/wp\/v2\/users\/3"}],"replies":[{"embeddable":true,"href":"https:\/\/grupobraco.com.br\/conteudo\/wp-json\/wp\/v2\/comments?post=2859"}],"version-history":[{"count":0,"href":"https:\/\/grupobraco.com.br\/conteudo\/wp-json\/wp\/v2\/pages\/2859\/revisions"}],"wp:attachment":[{"href":"https:\/\/grupobraco.com.br\/conteudo\/wp-json\/wp\/v2\/media?parent=2859"}],"curies":[{"name":"wp","href":"https:\/\/api.w.org\/{rel}","templated":true}]}}