{"id":2747,"date":"2025-04-05T15:45:53","date_gmt":"2025-04-05T15:45:53","guid":{"rendered":"https:\/\/grupobraco.com.br\/conteudo\/descubra-onde-comprar-vergalhao-em-goiania-com-qualidade-e-agilidade-2\/"},"modified":"2025-04-05T15:45:53","modified_gmt":"2025-04-05T15:45:53","slug":"descubra-onde-comprar-vergalhao-em-goiania-com-qualidade-e-agilidade-2","status":"publish","type":"page","link":"https:\/\/grupobraco.com.br\/conteudo\/descubra-onde-comprar-vergalhao-em-goiania-com-qualidade-e-agilidade-2\/","title":{"rendered":"Descubra Onde Comprar Vergalh\u00e3o em Goi\u00e2nia com Qualidade e Agilidade"},"content":{"rendered":"<p>Se voc\u00ea est\u00e1 em busca de onde comprar vergalh\u00e3o em Goi\u00e2nia, precisa conhecer a BR A\u00e7o, a refer\u00eancia em materiais para constru\u00e7\u00e3o civil na regi\u00e3o. Nosso compromisso com qualidade e efici\u00eancia \u00e9 o que nos destaca no mercado, sendo reconhecidos pela excel\u00eancia dos produtos e por um servi\u00e7o de entrega r\u00e1pida e segura. Aqui, sua obra ganha a agilidade necess\u00e1ria, pois sabemos que atrasos podem custar tempo e dinheiro. Em nossa empresa, a prioridade \u00e9 fornecer aos clientes vergalh\u00f5es e outros materiais de alta qualidade, atendendo todos os padr\u00f5es exigidos pelo mercado. Al\u00e9m de oferecer vergalh\u00e3o de diversos tamanhos e especifica\u00e7\u00f5es, temos uma equipe t\u00e9cnica qualificada para ajud\u00e1-lo nas suas escolhas. O objetivo \u00e9 garantir que voc\u00ea encontre facilmente onde comprar vergalh\u00e3o em Goi\u00e2nia, com todas as informa\u00e7\u00f5es que precisa para realizar sua obra com sucesso. Na BR A\u00e7o, a experi\u00eancia de compra \u00e9 otimizada para que voc\u00ea possa voltar ao seu projeto rapidamente, sem complica\u00e7\u00f5es ou contratempos. Sempre que precisar de vergalh\u00e3o, lembre-se que somos a solu\u00e7\u00e3o ideal para suas necessidades, estando sempre prontos para auxiliar com um atendimento pr\u00f3ximo e atencioso. Aqui, cada cliente \u00e9 especial e suas demandas s\u00e3o tratadas com seriedade e respeito. Portanto, facilite sua busca por onde comprar vergalh\u00e3o em Goi\u00e2nia e venha conhecer todo o potencial que a BR A\u00e7o oferece para voc\u00ea e sua obra.<\/p>\n","protected":false},"excerpt":{"rendered":"<p>Se voc\u00ea est\u00e1 em busca de onde comprar vergalh\u00e3o em Goi\u00e2nia, precisa conhecer a BR A\u00e7o, a refer\u00eancia em materiais para constru\u00e7\u00e3o civil na regi\u00e3o. Nosso compromisso com qualidade e efici\u00eancia \u00e9 o que nos destaca no mercado, sendo reconhecidos pela excel\u00eancia dos produtos e por um servi\u00e7o de entrega r\u00e1pida e segura. Aqui, sua&hellip;&nbsp;<a href=\"https:\/\/grupobraco.com.br\/conteudo\/descubra-onde-comprar-vergalhao-em-goiania-com-qualidade-e-agilidade-2\/\" class=\"\" rel=\"bookmark\">Continue a ler &raquo;<span class=\"screen-reader-text\">Descubra Onde Comprar Vergalh\u00e3o em Goi\u00e2nia com Qualidade e Agilidade<\/span><\/a><\/p>\n","protected":false},"author":3,"featured_media":0,"parent":0,"menu_order":0,"comment_status":"closed","ping_status":"closed","template":"","meta":{"_acf_changed":false,"_yoast_wpseo_focuskw":"comprar vergalh\u00e3o em Goi\u00e2nia","_yoast_wpseo_title":"Onde Comprar Vergalh\u00e3o em Goi\u00e2nia: BR A\u00e7o Tem a Solu\u00e7\u00e3o","_yoast_wpseo_metadesc":"Saiba onde comprar vergalh\u00e3o em Goi\u00e2nia com qualidade e agilidade. Descubra a BR A\u00e7o, a maior fornecedora de a\u00e7o para constru\u00e7\u00e3o civil.","neve_meta_sidebar":"","neve_meta_container":"","neve_meta_enable_content_width":"","neve_meta_content_width":0,"neve_meta_title_alignment":"","neve_meta_author_avatar":"","neve_post_elements_order":"","neve_meta_disable_header":"","neve_meta_disable_footer":"","neve_meta_disable_title":"","footnotes":""},"class_list":["post-2747","page","type-page","status-publish","hentry"],"acf":{"introducao":"","conceitos_fundamentais":"","como_funciona":"","como_aplicar_no_dia_a_dia":"","principais_utilizacoes_e_beneficios":"","tipos_e_classificacoes":"","tecnologias_e_ferramentas_relacionadas":"","exemplos_e_casos_de_sucesso":"","mitos_e_verdades":"","perguntas_frequentes_faq":"","erros_comuns_e_como_evita-los":"","futuro_e_tendencias":"","conclusao":"","bloco1title":"Qualidade do Produto","bloco1text":"Na BR A\u00e7o, a qualidade dos vergalh\u00f5es \u00e9 prioridade, garantindo resist\u00eancia e seguran\u00e7a em suas constru\u00e7\u00f5es.","bloco2title":"Atendimento Personalizado","bloco2text":"Oferecemos um atendimento pr\u00f3ximo, sempre prontos a ajudar em suas escolhas de materiais.","bloco3title":"O que \u00e9 Vergalh\u00e3o?","bloco3text":"Vergalh\u00e3o \u00e9 uma barra de a\u00e7o utilizada em estruturas de concreto, essencial para garantir a resist\u00eancia de obras.","insightwidtitle":"Curiosidades sobre Vergalh\u00e3o","insightwidcontent":"Voc\u00ea sabia que o vergalh\u00e3o possui diferentes di\u00e2metros e classes? O uso correto desses materiais faz toda a diferen\u00e7a na estrutura de uma obra. Em Goi\u00e2nia, a demanda por vergalh\u00e3o de qualidade tem aumentado, refletindo o crescimento da constru\u00e7\u00e3o civil na regi\u00e3o. Ent\u00e3o, escolha sempre fornecedores confi\u00e1veis para garantir a seguran\u00e7a da sua obra."},"yoast_head":"<!-- This site is optimized with the Yoast SEO plugin v23.4 - https:\/\/yoast.com\/wordpress\/plugins\/seo\/ -->\n<title>Onde Comprar Vergalh\u00e3o em Goi\u00e2nia: BR A\u00e7o Tem a Solu\u00e7\u00e3o<\/title>\n<meta name=\"description\" content=\"Saiba onde comprar vergalh\u00e3o em Goi\u00e2nia com qualidade e agilidade. Descubra a BR A\u00e7o, a maior fornecedora de a\u00e7o para constru\u00e7\u00e3o civil.\" \/>\n<meta name=\"robots\" content=\"index, follow, max-snippet:-1, max-image-preview:large, max-video-preview:-1\" \/>\n<link rel=\"canonical\" href=\"https:\/\/grupobraco.com.br\/conteudo\/descubra-onde-comprar-vergalhao-em-goiania-com-qualidade-e-agilidade-2\/\" \/>\n<meta property=\"og:locale\" content=\"pt_BR\" \/>\n<meta property=\"og:type\" content=\"article\" \/>\n<meta property=\"og:title\" content=\"Onde Comprar Vergalh\u00e3o em Goi\u00e2nia: BR A\u00e7o Tem a Solu\u00e7\u00e3o\" \/>\n<meta property=\"og:description\" content=\"Saiba onde comprar vergalh\u00e3o em Goi\u00e2nia com qualidade e agilidade. Descubra a BR A\u00e7o, a maior fornecedora de a\u00e7o para constru\u00e7\u00e3o civil.\" \/>\n<meta property=\"og:url\" content=\"https:\/\/grupobraco.com.br\/conteudo\/descubra-onde-comprar-vergalhao-em-goiania-com-qualidade-e-agilidade-2\/\" \/>\n<meta property=\"og:site_name\" content=\"Br A\u00e7o\" \/>\n<meta name=\"twitter:card\" content=\"summary_large_image\" \/>\n<meta name=\"twitter:label1\" content=\"Est. tempo de leitura\" \/>\n\t<meta name=\"twitter:data1\" content=\"1 minuto\" \/>\n<script type=\"application\/ld+json\" class=\"yoast-schema-graph\">{\"@context\":\"https:\/\/schema.org\",\"@graph\":[{\"@type\":\"WebPage\",\"@id\":\"https:\/\/grupobraco.com.br\/conteudo\/descubra-onde-comprar-vergalhao-em-goiania-com-qualidade-e-agilidade-2\/\",\"url\":\"https:\/\/grupobraco.com.br\/conteudo\/descubra-onde-comprar-vergalhao-em-goiania-com-qualidade-e-agilidade-2\/\",\"name\":\"Onde Comprar Vergalh\u00e3o em Goi\u00e2nia: BR A\u00e7o Tem a Solu\u00e7\u00e3o\",\"isPartOf\":{\"@id\":\"https:\/\/grupobraco.com.br\/conteudo\/#website\"},\"datePublished\":\"2025-04-05T15:45:53+00:00\",\"dateModified\":\"2025-04-05T15:45:53+00:00\",\"description\":\"Saiba onde comprar vergalh\u00e3o em Goi\u00e2nia com qualidade e agilidade. Descubra a BR A\u00e7o, a maior fornecedora de a\u00e7o para constru\u00e7\u00e3o civil.\",\"breadcrumb\":{\"@id\":\"https:\/\/grupobraco.com.br\/conteudo\/descubra-onde-comprar-vergalhao-em-goiania-com-qualidade-e-agilidade-2\/#breadcrumb\"},\"inLanguage\":\"pt-BR\",\"potentialAction\":[{\"@type\":\"ReadAction\",\"target\":[\"https:\/\/grupobraco.com.br\/conteudo\/descubra-onde-comprar-vergalhao-em-goiania-com-qualidade-e-agilidade-2\/\"]}]},{\"@type\":\"BreadcrumbList\",\"@id\":\"https:\/\/grupobraco.com.br\/conteudo\/descubra-onde-comprar-vergalhao-em-goiania-com-qualidade-e-agilidade-2\/#breadcrumb\",\"itemListElement\":[{\"@type\":\"ListItem\",\"position\":1,\"name\":\"Home\",\"item\":\"https:\/\/grupobraco.com.br\/conteudo\/\"},{\"@type\":\"ListItem\",\"position\":2,\"name\":\"Descubra Onde Comprar Vergalh\u00e3o em Goi\u00e2nia com Qualidade e Agilidade\"}]},{\"@type\":\"WebSite\",\"@id\":\"https:\/\/grupobraco.com.br\/conteudo\/#website\",\"url\":\"https:\/\/grupobraco.com.br\/conteudo\/\",\"name\":\"Br A\u00e7o\",\"description\":\"Seus projetos na velocidade m\u00e1xima\",\"publisher\":{\"@id\":\"https:\/\/grupobraco.com.br\/conteudo\/#organization\"},\"potentialAction\":[{\"@type\":\"SearchAction\",\"target\":{\"@type\":\"EntryPoint\",\"urlTemplate\":\"https:\/\/grupobraco.com.br\/conteudo\/?s={search_term_string}\"},\"query-input\":{\"@type\":\"PropertyValueSpecification\",\"valueRequired\":true,\"valueName\":\"search_term_string\"}}],\"inLanguage\":\"pt-BR\"},{\"@type\":\"Organization\",\"@id\":\"https:\/\/grupobraco.com.br\/conteudo\/#organization\",\"name\":\"Br A\u00e7o\",\"url\":\"https:\/\/grupobraco.com.br\/conteudo\/\",\"logo\":{\"@type\":\"ImageObject\",\"inLanguage\":\"pt-BR\",\"@id\":\"https:\/\/grupobraco.com.br\/conteudo\/#\/schema\/logo\/image\/\",\"url\":\"https:\/\/grupobraco.com.br\/conteudo\/wp-content\/uploads\/2025\/04\/Z340-Logotipia-Reestruturacao-do-Branding.png\",\"contentUrl\":\"https:\/\/grupobraco.com.br\/conteudo\/wp-content\/uploads\/2025\/04\/Z340-Logotipia-Reestruturacao-do-Branding.png\",\"width\":1530,\"height\":1080,\"caption\":\"Br A\u00e7o\"},\"image\":{\"@id\":\"https:\/\/grupobraco.com.br\/conteudo\/#\/schema\/logo\/image\/\"}}]}<\/script>\n<!-- \/ Yoast SEO plugin. -->","yoast_head_json":{"title":"Onde Comprar Vergalh\u00e3o em Goi\u00e2nia: BR A\u00e7o Tem a Solu\u00e7\u00e3o","description":"Saiba onde comprar vergalh\u00e3o em Goi\u00e2nia com qualidade e agilidade. Descubra a BR A\u00e7o, a maior fornecedora de a\u00e7o para constru\u00e7\u00e3o civil.","robots":{"index":"index","follow":"follow","max-snippet":"max-snippet:-1","max-image-preview":"max-image-preview:large","max-video-preview":"max-video-preview:-1"},"canonical":"https:\/\/grupobraco.com.br\/conteudo\/descubra-onde-comprar-vergalhao-em-goiania-com-qualidade-e-agilidade-2\/","og_locale":"pt_BR","og_type":"article","og_title":"Onde Comprar Vergalh\u00e3o em Goi\u00e2nia: BR A\u00e7o Tem a Solu\u00e7\u00e3o","og_description":"Saiba onde comprar vergalh\u00e3o em Goi\u00e2nia com qualidade e agilidade. Descubra a BR A\u00e7o, a maior fornecedora de a\u00e7o para constru\u00e7\u00e3o civil.","og_url":"https:\/\/grupobraco.com.br\/conteudo\/descubra-onde-comprar-vergalhao-em-goiania-com-qualidade-e-agilidade-2\/","og_site_name":"Br A\u00e7o","twitter_card":"summary_large_image","twitter_misc":{"Est. tempo de leitura":"1 minuto"},"schema":{"@context":"https:\/\/schema.org","@graph":[{"@type":"WebPage","@id":"https:\/\/grupobraco.com.br\/conteudo\/descubra-onde-comprar-vergalhao-em-goiania-com-qualidade-e-agilidade-2\/","url":"https:\/\/grupobraco.com.br\/conteudo\/descubra-onde-comprar-vergalhao-em-goiania-com-qualidade-e-agilidade-2\/","name":"Onde Comprar Vergalh\u00e3o em Goi\u00e2nia: BR A\u00e7o Tem a Solu\u00e7\u00e3o","isPartOf":{"@id":"https:\/\/grupobraco.com.br\/conteudo\/#website"},"datePublished":"2025-04-05T15:45:53+00:00","dateModified":"2025-04-05T15:45:53+00:00","description":"Saiba onde comprar vergalh\u00e3o em Goi\u00e2nia com qualidade e agilidade. Descubra a BR A\u00e7o, a maior fornecedora de a\u00e7o para constru\u00e7\u00e3o civil.","breadcrumb":{"@id":"https:\/\/grupobraco.com.br\/conteudo\/descubra-onde-comprar-vergalhao-em-goiania-com-qualidade-e-agilidade-2\/#breadcrumb"},"inLanguage":"pt-BR","potentialAction":[{"@type":"ReadAction","target":["https:\/\/grupobraco.com.br\/conteudo\/descubra-onde-comprar-vergalhao-em-goiania-com-qualidade-e-agilidade-2\/"]}]},{"@type":"BreadcrumbList","@id":"https:\/\/grupobraco.com.br\/conteudo\/descubra-onde-comprar-vergalhao-em-goiania-com-qualidade-e-agilidade-2\/#breadcrumb","itemListElement":[{"@type":"ListItem","position":1,"name":"Home","item":"https:\/\/grupobraco.com.br\/conteudo\/"},{"@type":"ListItem","position":2,"name":"Descubra Onde Comprar Vergalh\u00e3o em Goi\u00e2nia com Qualidade e Agilidade"}]},{"@type":"WebSite","@id":"https:\/\/grupobraco.com.br\/conteudo\/#website","url":"https:\/\/grupobraco.com.br\/conteudo\/","name":"Br A\u00e7o","description":"Seus projetos na velocidade m\u00e1xima","publisher":{"@id":"https:\/\/grupobraco.com.br\/conteudo\/#organization"},"potentialAction":[{"@type":"SearchAction","target":{"@type":"EntryPoint","urlTemplate":"https:\/\/grupobraco.com.br\/conteudo\/?s={search_term_string}"},"query-input":{"@type":"PropertyValueSpecification","valueRequired":true,"valueName":"search_term_string"}}],"inLanguage":"pt-BR"},{"@type":"Organization","@id":"https:\/\/grupobraco.com.br\/conteudo\/#organization","name":"Br A\u00e7o","url":"https:\/\/grupobraco.com.br\/conteudo\/","logo":{"@type":"ImageObject","inLanguage":"pt-BR","@id":"https:\/\/grupobraco.com.br\/conteudo\/#\/schema\/logo\/image\/","url":"https:\/\/grupobraco.com.br\/conteudo\/wp-content\/uploads\/2025\/04\/Z340-Logotipia-Reestruturacao-do-Branding.png","contentUrl":"https:\/\/grupobraco.com.br\/conteudo\/wp-content\/uploads\/2025\/04\/Z340-Logotipia-Reestruturacao-do-Branding.png","width":1530,"height":1080,"caption":"Br A\u00e7o"},"image":{"@id":"https:\/\/grupobraco.com.br\/conteudo\/#\/schema\/logo\/image\/"}}]}},"_links":{"self":[{"href":"https:\/\/grupobraco.com.br\/conteudo\/wp-json\/wp\/v2\/pages\/2747","targetHints":{"allow":["GET"]}}],"collection":[{"href":"https:\/\/grupobraco.com.br\/conteudo\/wp-json\/wp\/v2\/pages"}],"about":[{"href":"https:\/\/grupobraco.com.br\/conteudo\/wp-json\/wp\/v2\/types\/page"}],"author":[{"embeddable":true,"href":"https:\/\/grupobraco.com.br\/conteudo\/wp-json\/wp\/v2\/users\/3"}],"replies":[{"embeddable":true,"href":"https:\/\/grupobraco.com.br\/conteudo\/wp-json\/wp\/v2\/comments?post=2747"}],"version-history":[{"count":0,"href":"https:\/\/grupobraco.com.br\/conteudo\/wp-json\/wp\/v2\/pages\/2747\/revisions"}],"wp:attachment":[{"href":"https:\/\/grupobraco.com.br\/conteudo\/wp-json\/wp\/v2\/media?parent=2747"}],"curies":[{"name":"wp","href":"https:\/\/api.w.org\/{rel}","templated":true}]}}