{"id":2739,"date":"2025-04-05T14:45:56","date_gmt":"2025-04-05T14:45:56","guid":{"rendered":"https:\/\/grupobraco.com.br\/conteudo\/vergalhao-direto-da-fabrica-em-formosa-qualidade-e-agilidade-com-a-br-aco\/"},"modified":"2025-04-05T14:45:56","modified_gmt":"2025-04-05T14:45:56","slug":"vergalhao-direto-da-fabrica-em-formosa-qualidade-e-agilidade-com-a-br-aco","status":"publish","type":"page","link":"https:\/\/grupobraco.com.br\/conteudo\/vergalhao-direto-da-fabrica-em-formosa-qualidade-e-agilidade-com-a-br-aco\/","title":{"rendered":"Vergalh\u00e3o Direto da F\u00e1brica em Formosa: Qualidade e Agilidade com a BR A\u00e7o"},"content":{"rendered":"<p>Se voc\u00ea est\u00e1 em busca de vergalh\u00e3o direto da f\u00e1brica em Formosa, a BR A\u00e7o \u00e9 a escolha certa. Nossa empresa, reconhecida por sua qualidade e efici\u00eancia, \u00e9 a maior ind\u00fastria de a\u00e7o para constru\u00e7\u00e3o civil de Goi\u00e1s. Com uma infraestrutura moderna e uma equipe experiente, garantimos que nossos vergalh\u00f5es sejam produzidos com os mais altos padr\u00f5es de qualidade. Ao optar pelo vergalh\u00e3o direto da f\u00e1brica em Formosa, voc\u00ea n\u00e3o s\u00f3 recebe um produto de excel\u00eancia, mas tamb\u00e9m garante uma entrega r\u00e1pida e pontual. A nossa miss\u00e3o \u00e9 fornecer aos nossos clientes o que h\u00e1 de melhor, disponibilizando vergalh\u00f5es em diversas espessuras e tamanhos, todos prontos para atender \u00e0s suas necessidades espec\u00edficas. Al\u00e9m disso, nossos pre\u00e7os s\u00e3o competitivos, oferecendo a melhor rela\u00e7\u00e3o custo-benef\u00edcio do mercado. Com a BR A\u00e7o, voc\u00ea tem a certeza de que seu projeto ser\u00e1 realizado sem contratempos, e isso \u00e9 um diferencial que faz toda a diferen\u00e7a na hora de construir. Escolher o vergalh\u00e3o direto da f\u00e1brica em Formosa \u00e9 uma decis\u00e3o inteligente que contribui para a qualidade e seguran\u00e7a das estruturas que voc\u00ea est\u00e1 construindo. Estamos comprometidos em superar as suas expectativas, unindo experi\u00eancia e inova\u00e7\u00e3o no processo de fabrica\u00e7\u00e3o de nossos produtos. Voc\u00ea pode contar com a nossa equipe especializada, pronta para oferecer consultoria e suporte em cada etapa da sua compra. N\u00e3o importa o tamanho do seu projeto, na BR A\u00e7o, estamos prontos para ajud\u00e1-lo a alcan\u00e7ar seus objetivos de maneira \u00e1gil e precisa. Venha nos visitar e descubra porque somos a refer\u00eancia em vergalh\u00f5es direto da f\u00e1brica em Formosa. Qualidade e agilidade s\u00e3o os nossos compromissos com voc\u00ea.<\/p>\n","protected":false},"excerpt":{"rendered":"<p>Se voc\u00ea est\u00e1 em busca de vergalh\u00e3o direto da f\u00e1brica em Formosa, a BR A\u00e7o \u00e9 a escolha certa. Nossa empresa, reconhecida por sua qualidade e efici\u00eancia, \u00e9 a maior ind\u00fastria de a\u00e7o para constru\u00e7\u00e3o civil de Goi\u00e1s. Com uma infraestrutura moderna e uma equipe experiente, garantimos que nossos vergalh\u00f5es sejam produzidos com os mais&hellip;&nbsp;<a href=\"https:\/\/grupobraco.com.br\/conteudo\/vergalhao-direto-da-fabrica-em-formosa-qualidade-e-agilidade-com-a-br-aco\/\" class=\"\" rel=\"bookmark\">Continue a ler &raquo;<span class=\"screen-reader-text\">Vergalh\u00e3o Direto da F\u00e1brica em Formosa: Qualidade e Agilidade com a BR A\u00e7o<\/span><\/a><\/p>\n","protected":false},"author":3,"featured_media":0,"parent":0,"menu_order":0,"comment_status":"closed","ping_status":"closed","template":"","meta":{"_acf_changed":false,"_yoast_wpseo_focuskw":"Vergalh\u00e3o direto da f\u00e1brica em Formosa","_yoast_wpseo_title":"Vergalh\u00e3o Direto da F\u00e1brica em Formosa - Qualidade e Agilidade com a BR A\u00e7o","_yoast_wpseo_metadesc":"Adquira vergalh\u00e3o direto da f\u00e1brica em Formosa com a BR A\u00e7o e descubra a qualidade e agilidade que seus projetos merecem.","neve_meta_sidebar":"","neve_meta_container":"","neve_meta_enable_content_width":"","neve_meta_content_width":0,"neve_meta_title_alignment":"","neve_meta_author_avatar":"","neve_post_elements_order":"","neve_meta_disable_header":"","neve_meta_disable_footer":"","neve_meta_disable_title":"","footnotes":""},"class_list":["post-2739","page","type-page","status-publish","hentry"],"acf":{"introducao":"","conceitos_fundamentais":"","como_funciona":"","como_aplicar_no_dia_a_dia":"","principais_utilizacoes_e_beneficios":"","tipos_e_classificacoes":"","tecnologias_e_ferramentas_relacionadas":"","exemplos_e_casos_de_sucesso":"","mitos_e_verdades":"","perguntas_frequentes_faq":"","erros_comuns_e_como_evita-los":"","futuro_e_tendencias":"","conclusao":"","bloco1title":"Qualidade Inigual\u00e1vel","bloco1text":"A BR A\u00e7o oferece vergalh\u00e3o direto da f\u00e1brica em Formosa, garantindo a qualidade dos materiais que chegam at\u00e9 voc\u00ea.","bloco2title":"Entregas R\u00e1pidas","bloco2text":"Ao escolher nossos produtos, voc\u00ea recebe um servi\u00e7o de entrega eficaz e pontual.","bloco3title":"Consultoria Especializada","bloco3text":"Nossa equipe est\u00e1 sempre \u00e0 disposi\u00e7\u00e3o para orientar e ajudar nos seus projetos, garantindo solu\u00e7\u00f5es adequadas e personalizadas.","insightwidtitle":"Curiosidades sobre o Vergalh\u00e3o","insightwidcontent":"Voc\u00ea sabia que o vergalh\u00e3o \u00e9 fundamental para aumentar a resist\u00eancia de estruturas de concreto? Ele ajuda a prevenir fissuras e melhora a durabilidade das constru\u00e7\u00f5es. Com a BR A\u00e7o, voc\u00ea tem acesso a vergalh\u00f5es de alta qualidade direto da f\u00e1brica em Formosa, garantindo um material que n\u00e3o decepciona mesmo nas obras mais exigentes."},"yoast_head":"<!-- This site is optimized with the Yoast SEO plugin v23.4 - https:\/\/yoast.com\/wordpress\/plugins\/seo\/ -->\n<title>Vergalh\u00e3o Direto da F\u00e1brica em Formosa - Qualidade e Agilidade com a BR A\u00e7o<\/title>\n<meta name=\"description\" content=\"Adquira vergalh\u00e3o direto da f\u00e1brica em Formosa com a BR A\u00e7o e descubra a qualidade e agilidade que seus projetos merecem.\" \/>\n<meta name=\"robots\" content=\"index, follow, max-snippet:-1, max-image-preview:large, max-video-preview:-1\" \/>\n<link rel=\"canonical\" href=\"https:\/\/grupobraco.com.br\/conteudo\/vergalhao-direto-da-fabrica-em-formosa-qualidade-e-agilidade-com-a-br-aco\/\" \/>\n<meta property=\"og:locale\" content=\"pt_BR\" \/>\n<meta property=\"og:type\" content=\"article\" \/>\n<meta property=\"og:title\" content=\"Vergalh\u00e3o Direto da F\u00e1brica em Formosa - Qualidade e Agilidade com a BR A\u00e7o\" \/>\n<meta property=\"og:description\" content=\"Adquira vergalh\u00e3o direto da f\u00e1brica em Formosa com a BR A\u00e7o e descubra a qualidade e agilidade que seus projetos merecem.\" \/>\n<meta property=\"og:url\" content=\"https:\/\/grupobraco.com.br\/conteudo\/vergalhao-direto-da-fabrica-em-formosa-qualidade-e-agilidade-com-a-br-aco\/\" \/>\n<meta property=\"og:site_name\" content=\"Br A\u00e7o\" \/>\n<meta name=\"twitter:card\" content=\"summary_large_image\" \/>\n<meta name=\"twitter:label1\" content=\"Est. tempo de leitura\" \/>\n\t<meta name=\"twitter:data1\" content=\"2 minutos\" \/>\n<script type=\"application\/ld+json\" class=\"yoast-schema-graph\">{\"@context\":\"https:\/\/schema.org\",\"@graph\":[{\"@type\":\"WebPage\",\"@id\":\"https:\/\/grupobraco.com.br\/conteudo\/vergalhao-direto-da-fabrica-em-formosa-qualidade-e-agilidade-com-a-br-aco\/\",\"url\":\"https:\/\/grupobraco.com.br\/conteudo\/vergalhao-direto-da-fabrica-em-formosa-qualidade-e-agilidade-com-a-br-aco\/\",\"name\":\"Vergalh\u00e3o Direto da F\u00e1brica em Formosa - Qualidade e Agilidade com a BR A\u00e7o\",\"isPartOf\":{\"@id\":\"https:\/\/grupobraco.com.br\/conteudo\/#website\"},\"datePublished\":\"2025-04-05T14:45:56+00:00\",\"dateModified\":\"2025-04-05T14:45:56+00:00\",\"description\":\"Adquira vergalh\u00e3o direto da f\u00e1brica em Formosa com a BR A\u00e7o e descubra a qualidade e agilidade que seus projetos merecem.\",\"breadcrumb\":{\"@id\":\"https:\/\/grupobraco.com.br\/conteudo\/vergalhao-direto-da-fabrica-em-formosa-qualidade-e-agilidade-com-a-br-aco\/#breadcrumb\"},\"inLanguage\":\"pt-BR\",\"potentialAction\":[{\"@type\":\"ReadAction\",\"target\":[\"https:\/\/grupobraco.com.br\/conteudo\/vergalhao-direto-da-fabrica-em-formosa-qualidade-e-agilidade-com-a-br-aco\/\"]}]},{\"@type\":\"BreadcrumbList\",\"@id\":\"https:\/\/grupobraco.com.br\/conteudo\/vergalhao-direto-da-fabrica-em-formosa-qualidade-e-agilidade-com-a-br-aco\/#breadcrumb\",\"itemListElement\":[{\"@type\":\"ListItem\",\"position\":1,\"name\":\"Home\",\"item\":\"https:\/\/grupobraco.com.br\/conteudo\/\"},{\"@type\":\"ListItem\",\"position\":2,\"name\":\"Vergalh\u00e3o Direto da F\u00e1brica em Formosa: Qualidade e Agilidade com a BR A\u00e7o\"}]},{\"@type\":\"WebSite\",\"@id\":\"https:\/\/grupobraco.com.br\/conteudo\/#website\",\"url\":\"https:\/\/grupobraco.com.br\/conteudo\/\",\"name\":\"Br A\u00e7o\",\"description\":\"Seus projetos na velocidade m\u00e1xima\",\"publisher\":{\"@id\":\"https:\/\/grupobraco.com.br\/conteudo\/#organization\"},\"potentialAction\":[{\"@type\":\"SearchAction\",\"target\":{\"@type\":\"EntryPoint\",\"urlTemplate\":\"https:\/\/grupobraco.com.br\/conteudo\/?s={search_term_string}\"},\"query-input\":{\"@type\":\"PropertyValueSpecification\",\"valueRequired\":true,\"valueName\":\"search_term_string\"}}],\"inLanguage\":\"pt-BR\"},{\"@type\":\"Organization\",\"@id\":\"https:\/\/grupobraco.com.br\/conteudo\/#organization\",\"name\":\"Br A\u00e7o\",\"url\":\"https:\/\/grupobraco.com.br\/conteudo\/\",\"logo\":{\"@type\":\"ImageObject\",\"inLanguage\":\"pt-BR\",\"@id\":\"https:\/\/grupobraco.com.br\/conteudo\/#\/schema\/logo\/image\/\",\"url\":\"https:\/\/grupobraco.com.br\/conteudo\/wp-content\/uploads\/2025\/04\/Z340-Logotipia-Reestruturacao-do-Branding.png\",\"contentUrl\":\"https:\/\/grupobraco.com.br\/conteudo\/wp-content\/uploads\/2025\/04\/Z340-Logotipia-Reestruturacao-do-Branding.png\",\"width\":1530,\"height\":1080,\"caption\":\"Br A\u00e7o\"},\"image\":{\"@id\":\"https:\/\/grupobraco.com.br\/conteudo\/#\/schema\/logo\/image\/\"}}]}<\/script>\n<!-- \/ Yoast SEO plugin. -->","yoast_head_json":{"title":"Vergalh\u00e3o Direto da F\u00e1brica em Formosa - Qualidade e Agilidade com a BR A\u00e7o","description":"Adquira vergalh\u00e3o direto da f\u00e1brica em Formosa com a BR A\u00e7o e descubra a qualidade e agilidade que seus projetos merecem.","robots":{"index":"index","follow":"follow","max-snippet":"max-snippet:-1","max-image-preview":"max-image-preview:large","max-video-preview":"max-video-preview:-1"},"canonical":"https:\/\/grupobraco.com.br\/conteudo\/vergalhao-direto-da-fabrica-em-formosa-qualidade-e-agilidade-com-a-br-aco\/","og_locale":"pt_BR","og_type":"article","og_title":"Vergalh\u00e3o Direto da F\u00e1brica em Formosa - Qualidade e Agilidade com a BR A\u00e7o","og_description":"Adquira vergalh\u00e3o direto da f\u00e1brica em Formosa com a BR A\u00e7o e descubra a qualidade e agilidade que seus projetos merecem.","og_url":"https:\/\/grupobraco.com.br\/conteudo\/vergalhao-direto-da-fabrica-em-formosa-qualidade-e-agilidade-com-a-br-aco\/","og_site_name":"Br A\u00e7o","twitter_card":"summary_large_image","twitter_misc":{"Est. tempo de leitura":"2 minutos"},"schema":{"@context":"https:\/\/schema.org","@graph":[{"@type":"WebPage","@id":"https:\/\/grupobraco.com.br\/conteudo\/vergalhao-direto-da-fabrica-em-formosa-qualidade-e-agilidade-com-a-br-aco\/","url":"https:\/\/grupobraco.com.br\/conteudo\/vergalhao-direto-da-fabrica-em-formosa-qualidade-e-agilidade-com-a-br-aco\/","name":"Vergalh\u00e3o Direto da F\u00e1brica em Formosa - Qualidade e Agilidade com a BR A\u00e7o","isPartOf":{"@id":"https:\/\/grupobraco.com.br\/conteudo\/#website"},"datePublished":"2025-04-05T14:45:56+00:00","dateModified":"2025-04-05T14:45:56+00:00","description":"Adquira vergalh\u00e3o direto da f\u00e1brica em Formosa com a BR A\u00e7o e descubra a qualidade e agilidade que seus projetos merecem.","breadcrumb":{"@id":"https:\/\/grupobraco.com.br\/conteudo\/vergalhao-direto-da-fabrica-em-formosa-qualidade-e-agilidade-com-a-br-aco\/#breadcrumb"},"inLanguage":"pt-BR","potentialAction":[{"@type":"ReadAction","target":["https:\/\/grupobraco.com.br\/conteudo\/vergalhao-direto-da-fabrica-em-formosa-qualidade-e-agilidade-com-a-br-aco\/"]}]},{"@type":"BreadcrumbList","@id":"https:\/\/grupobraco.com.br\/conteudo\/vergalhao-direto-da-fabrica-em-formosa-qualidade-e-agilidade-com-a-br-aco\/#breadcrumb","itemListElement":[{"@type":"ListItem","position":1,"name":"Home","item":"https:\/\/grupobraco.com.br\/conteudo\/"},{"@type":"ListItem","position":2,"name":"Vergalh\u00e3o Direto da F\u00e1brica em Formosa: Qualidade e Agilidade com a BR A\u00e7o"}]},{"@type":"WebSite","@id":"https:\/\/grupobraco.com.br\/conteudo\/#website","url":"https:\/\/grupobraco.com.br\/conteudo\/","name":"Br A\u00e7o","description":"Seus projetos na velocidade m\u00e1xima","publisher":{"@id":"https:\/\/grupobraco.com.br\/conteudo\/#organization"},"potentialAction":[{"@type":"SearchAction","target":{"@type":"EntryPoint","urlTemplate":"https:\/\/grupobraco.com.br\/conteudo\/?s={search_term_string}"},"query-input":{"@type":"PropertyValueSpecification","valueRequired":true,"valueName":"search_term_string"}}],"inLanguage":"pt-BR"},{"@type":"Organization","@id":"https:\/\/grupobraco.com.br\/conteudo\/#organization","name":"Br A\u00e7o","url":"https:\/\/grupobraco.com.br\/conteudo\/","logo":{"@type":"ImageObject","inLanguage":"pt-BR","@id":"https:\/\/grupobraco.com.br\/conteudo\/#\/schema\/logo\/image\/","url":"https:\/\/grupobraco.com.br\/conteudo\/wp-content\/uploads\/2025\/04\/Z340-Logotipia-Reestruturacao-do-Branding.png","contentUrl":"https:\/\/grupobraco.com.br\/conteudo\/wp-content\/uploads\/2025\/04\/Z340-Logotipia-Reestruturacao-do-Branding.png","width":1530,"height":1080,"caption":"Br A\u00e7o"},"image":{"@id":"https:\/\/grupobraco.com.br\/conteudo\/#\/schema\/logo\/image\/"}}]}},"_links":{"self":[{"href":"https:\/\/grupobraco.com.br\/conteudo\/wp-json\/wp\/v2\/pages\/2739","targetHints":{"allow":["GET"]}}],"collection":[{"href":"https:\/\/grupobraco.com.br\/conteudo\/wp-json\/wp\/v2\/pages"}],"about":[{"href":"https:\/\/grupobraco.com.br\/conteudo\/wp-json\/wp\/v2\/types\/page"}],"author":[{"embeddable":true,"href":"https:\/\/grupobraco.com.br\/conteudo\/wp-json\/wp\/v2\/users\/3"}],"replies":[{"embeddable":true,"href":"https:\/\/grupobraco.com.br\/conteudo\/wp-json\/wp\/v2\/comments?post=2739"}],"version-history":[{"count":0,"href":"https:\/\/grupobraco.com.br\/conteudo\/wp-json\/wp\/v2\/pages\/2739\/revisions"}],"wp:attachment":[{"href":"https:\/\/grupobraco.com.br\/conteudo\/wp-json\/wp\/v2\/media?parent=2739"}],"curies":[{"name":"wp","href":"https:\/\/api.w.org\/{rel}","templated":true}]}}